{"id":24006,"date":"2026-02-04T08:51:45","date_gmt":"2026-02-04T08:51:45","guid":{"rendered":"https:\/\/www.ghostysky.com\/?post_type=product&#038;p=24006"},"modified":"2026-02-04T09:12:48","modified_gmt":"2026-02-04T09:12:48","slug":"gdu-s200-rtk-module","status":"publish","type":"product","link":"https:\/\/www.ghostysky.com\/pt\/product\/gdu-s200-rtk-module\/","title":{"rendered":"M\u00f3dulo RTK GDU S200"},"content":{"rendered":"<h3 data-path-to-node=\"1\">Caracter\u00edsticas principais<\/h3>\n<ul data-path-to-node=\"2\">\n<li>\n<p data-path-to-node=\"2,0,0\"><b data-path-to-node=\"2,0,0\" data-index-in-node=\"0\"><span class=\"citation-135\">Precis\u00e3o em n\u00edvel de cent\u00edmetro:<\/span><\/b><span class=\"citation-135\"> Supera as limita\u00e7\u00f5es do GNSS padr\u00e3o (que pode apresentar deriva de metros) para fornecer precis\u00e3o horizontal de <\/span><b data-path-to-node=\"2,0,0\" data-index-in-node=\"133\"><span class=\"citation-135\">1 cm + 1 ppm<\/span><\/b><span class=\"citation-135\"> e precis\u00e3o vertical de <\/span><b data-path-to-node=\"2,0,0\" data-index-in-node=\"171\"><span class=\"citation-135\">1,5 cm + 1 ppm<\/span><\/b><span class=\"citation-135 citation-end-135\">.<\/span><\/p>\n<\/li>\n<li>\n<p data-path-to-node=\"2,1,0\"><b data-path-to-node=\"2,1,0\" data-index-in-node=\"0\"><span class=\"citation-134\">Integra\u00e7\u00e3o Plug-and-Play:<\/span><\/b><span class=\"citation-134 citation-end-134\"> Projetado para implanta\u00e7\u00e3o r\u00e1pida em campo, o m\u00f3dulo \u00e9 montado diretamente na porta de expans\u00e3o do drone (interface PSDK) sem a necessidade de fia\u00e7\u00e3o complexa.<\/span><\/p>\n<\/li>\n<li>\n<p data-path-to-node=\"2,2,0\"><b data-path-to-node=\"2,2,0\" data-index-in-node=\"0\">Estabilidade de voo aprimorada:<\/b> Melhora a estabilidade de voo estacion\u00e1rio e a confiabilidade da trajet\u00f3ria de voo do drone, tornando-o ideal para miss\u00f5es de alta precis\u00e3o em \u00e1reas com alta interfer\u00eancia eletromagn\u00e9tica.<\/p>\n<\/li>\n<li>\n<p data-path-to-node=\"2,3,0\"><b data-path-to-node=\"2,3,0\" data-index-in-node=\"0\">Suporte a m\u00faltiplos sistemas:<\/b> Suporta m\u00faltiplas constela\u00e7\u00f5es de sat\u00e9lites, incluindo <b data-path-to-node=\"2,3,0\" data-index-in-node=\"76\">GPS, GLONASS, BeiDou, Galileo e QZSS<\/b>, garantindo uma forte conex\u00e3o de sinal mesmo em ambientes desafiadores.<\/p>\n<\/li>\n<li>\n<p data-path-to-node=\"2,4,0\"><b data-path-to-node=\"2,4,0\" data-index-in-node=\"0\">Precis\u00e3o de miss\u00e3o repet\u00edvel:<\/b><span class=\"citation-133 citation-end-133\"> Permite que o drone voe exatamente a mesma trajet\u00f3ria semana ap\u00f3s semana, o que \u00e9 fundamental para a detec\u00e7\u00e3o de mudan\u00e7as em obras ou no monitoramento de servi\u00e7os p\u00fablicos.<\/span><\/p>\n<p>&nbsp;<\/li>\n<\/ul>\n<h3 data-path-to-node=\"4\">Especifica\u00e7\u00f5es t\u00e9cnicas<\/h3>\n<table data-path-to-node=\"5\">\n<thead>\n<tr>\n<td><strong>Recurso<\/strong><\/td>\n<td><strong>Especifica\u00e7\u00f5es<\/strong><\/td>\n<\/tr>\n<\/thead>\n<tbody>\n<tr>\n<td><span data-path-to-node=\"5,1,0,0\"><b data-path-to-node=\"5,1,0,0\" data-index-in-node=\"0\">Precis\u00e3o de posicionamento (corre\u00e7\u00e3o RTK)<\/b><\/span><\/td>\n<td><span data-path-to-node=\"5,1,1,0\">Horizontal: <span class=\"math-inline\" data-math=\"1\\text{ cm} + 1\\text{ ppm}\" data-index-in-node=\"12\">1 cm + 1 ppm<\/span>; Vertical: <span class=\"math-inline\" data-math=\"1.5\\text{ cm} + 1\\text{ ppm}\" data-index-in-node=\"50\">1,5 cm + 1 ppm<\/span><\/span><\/td>\n<\/tr>\n<tr>\n<td><span data-path-to-node=\"5,2,0,0\"><b data-path-to-node=\"5,2,0,0\" data-index-in-node=\"0\">Compatibilidade<\/b><\/span><\/td>\n<td><span data-path-to-node=\"5,2,1,0\">Drones das s\u00e9ries GDU S200 e S220<\/span><\/td>\n<\/tr>\n<tr>\n<td><span data-path-to-node=\"5,3,0,0\"><b data-path-to-node=\"5,3,0,0\" data-index-in-node=\"0\">Sistemas de sat\u00e9lite<\/b><\/span><\/td>\n<td><span data-path-to-node=\"5,3,1,0\">GPS (L1\/L2), BDS (B1I\/B2I), GLO (G1\/G2), GAL (E1\/E5b), QZSS (L1\/L2)<\/span><\/td>\n<\/tr>\n<tr>\n<td><span data-path-to-node=\"5,4,0,0\"><b data-path-to-node=\"5,4,0,0\" data-index-in-node=\"0\">M\u00e9todo de corre\u00e7\u00e3o<\/b><\/span><\/td>\n<td><span data-path-to-node=\"5,4,1,0\">Servi\u00e7os RTK de rede ou RTK personalizado<\/span><\/td>\n<\/tr>\n<tr>\n<td><span data-path-to-node=\"5,5,0,0\"><b data-path-to-node=\"5,5,0,0\" data-index-in-node=\"0\">Interface<\/b><\/span><\/td>\n<td><span data-path-to-node=\"5,5,1,0\">Conex\u00e3o modular PSDK \/ USB-C<\/span><\/td>\n<\/tr>\n<\/tbody>\n<\/table>\n<p>&nbsp;<\/p>\n<h3 data-path-to-node=\"7\">Casos de Uso<\/h3>\n<ul data-path-to-node=\"8\">\n<li>\n<p data-path-to-node=\"8,0,0\"><b data-path-to-node=\"8,0,0\" data-index-in-node=\"0\">Levantamento topogr\u00e1fico e cartografia:<\/b><span class=\"citation-132 citation-end-132\"> Cria\u00e7\u00e3o de mapas topogr\u00e1ficos ou modelos 3D de alta precis\u00e3o sem o uso extensivo de pontos de controle terrestre (GCPs).<\/span><\/p>\n<\/li>\n<li>\n<p data-path-to-node=\"8,1,0\"><b data-path-to-node=\"8,1,0\" data-index-in-node=\"0\"><span class=\"citation-131\">Inspe\u00e7\u00e3o de Infraestrutura:<\/span><\/b><span class=\"citation-131 citation-end-131\"> Inspe\u00e7\u00e3o de linhas de energia, pontes e turbinas e\u00f3licas, onde o posicionamento preciso \u00e9 essencial para navegar com seguran\u00e7a pr\u00f3ximo \u00e0s estruturas.<\/span><\/p>\n<\/li>\n<li>\n<p data-path-to-node=\"8,2,0\"><b data-path-to-node=\"8,2,0\" data-index-in-node=\"0\">Seguran\u00e7a P\u00fablica:<\/b> Georreferenciamento preciso para reconstru\u00e7\u00e3o de acidentes e opera\u00e7\u00f5es de busca e salvamento.<\/p>\n<\/li>\n<li>\n<p data-path-to-node=\"8,3,0\"><b data-path-to-node=\"8,3,0\" data-index-in-node=\"0\"><span class=\"citation-130\">Ambientes internos\/desafiadores:<\/span><\/b><span class=\"citation-130 citation-end-130\"> Auxiliar na estabilidade do voo pr\u00f3ximo a grandes estruturas met\u00e1licas ou em \u00e1reas onde os sinais de GPS padr\u00e3o s\u00e3o propensos a erros de &quot;multicaminho&quot;.<\/span><\/p>\n<\/li>\n<\/ul>","protected":false},"excerpt":{"rendered":"<p><span class=\"\">O <\/span><b class=\"\" data-path-to-node=\"0\" data-index-in-node=\"4\">M\u00f3dulo RTK GDU S200<\/b><span class=\"\"> \u00c9 um acess\u00f3rio de posicionamento de alta precis\u00e3o projetado para transformar os drones das s\u00e9ries GDU S200 e S220 em ferramentas industriais de n\u00edvel topogr\u00e1fico.<\/span><span class=\"\"> Ao utilizar a tecnologia RTK (Cinem\u00e1tica em Tempo Real),<\/span><span class=\"\"> Oferece precis\u00e3o em n\u00edvel de cent\u00edmetro,<\/span><span class=\"\"> o que \u00e9 essencial para o mapeamento profissional,<\/span><span class=\"\"> inspe\u00e7\u00e3o de infraestrutura,<\/span><span class=\"\"> e agricultura de precis\u00e3o.<\/span><\/p>","protected":false},"featured_media":24014,"comment_status":"open","ping_status":"closed","template":"","meta":[],"product_brand":[1369],"product_cat":[29,1360,1362,1359],"product_tag":[1370,1374,1371],"class_list":{"0":"post-24006","1":"product","2":"type-product","3":"status-publish","4":"has-post-thumbnail","6":"product_brand-gdu-tech","7":"product_cat-drones","8":"product_cat-gdu-s200-series","9":"product_cat-gdu-s200-series-accessories","10":"product_cat-gdu-tech","11":"product_tag-gdu-s200-series","12":"product_tag-gdu-s200-series-accessories","13":"product_tag-gdu-tech","15":"first","16":"outofstock","17":"taxable","18":"shipping-taxable","19":"purchasable","20":"product-type-simple"},"yoast_head":"<!-- This site is optimized with the Yoast SEO plugin v27.1.1 - https:\/\/yoast.com\/product\/yoast-seo-wordpress\/ -->\n<title>GDU S200 RTK Module - Ghostysky<\/title>\n<meta name=\"description\" content=\"The GDU S220 Triple Camera Standard Kit is a high-performance industrial imaging payload designed for precision aerial missions. Engineered for the S220 series drones, this gimbal system integrates three distinct sensors into a single, stabilized unit, making it a powerhouse for inspections, search and rescue, and public safety.\" \/>\n<meta name=\"robots\" content=\"index, follow, max-snippet:-1, max-image-preview:large, max-video-preview:-1\" \/>\n<link rel=\"canonical\" href=\"https:\/\/www.ghostysky.com\/pt\/?post_type=product&p=24006\" \/>\n<meta property=\"og:locale\" content=\"pt_PT\" \/>\n<meta property=\"og:type\" content=\"article\" \/>\n<meta property=\"og:title\" content=\"GDU S200 RTK Module - Ghostysky\" \/>\n<meta property=\"og:description\" content=\"The GDU S220 Triple Camera Standard Kit is a high-performance industrial imaging payload designed for precision aerial missions. Engineered for the S220 series drones, this gimbal system integrates three distinct sensors into a single, stabilized unit, making it a powerhouse for inspections, search and rescue, and public safety.\" \/>\n<meta property=\"og:url\" content=\"https:\/\/www.ghostysky.com\/pt\/?post_type=product&amp;p=24006\" \/>\n<meta property=\"og:site_name\" content=\"Ghostysky\" \/>\n<meta property=\"article:publisher\" content=\"https:\/\/www.facebook.com\/people\/Ghostysky\/100057676170234\/\" \/>\n<meta property=\"article:modified_time\" content=\"2026-02-04T09:12:48+00:00\" \/>\n<meta property=\"og:image\" content=\"https:\/\/www.ghostysky.com\/wp-content\/uploads\/2026\/02\/GH_GDU-S220-Triple-Camera-Standard-Kit_1.webp\" \/>\n\t<meta property=\"og:image:width\" content=\"1200\" \/>\n\t<meta property=\"og:image:height\" content=\"1200\" \/>\n\t<meta property=\"og:image:type\" content=\"image\/webp\" \/>\n<meta name=\"twitter:card\" content=\"summary_large_image\" \/>\n<meta name=\"twitter:site\" content=\"@Gh0stysky\" \/>\n<meta name=\"twitter:label1\" content=\"Tempo estimado de leitura\" \/>\n\t<meta name=\"twitter:data1\" content=\"2 minutos\" \/>\n<script type=\"application\/ld+json\" class=\"yoast-schema-graph\">{\"@context\":\"https:\/\/schema.org\",\"@graph\":[{\"@type\":\"WebPage\",\"@id\":\"https:\/\/www.ghostysky.com\/?post_type=product&p=24006\",\"url\":\"https:\/\/www.ghostysky.com\/?post_type=product&p=24006\",\"name\":\"GDU S200 RTK Module - Ghostysky\",\"isPartOf\":{\"@id\":\"https:\/\/www.ghostysky.com\/#website\"},\"primaryImageOfPage\":{\"@id\":\"https:\/\/www.ghostysky.com\/?post_type=product&p=24006#primaryimage\"},\"image\":{\"@id\":\"https:\/\/www.ghostysky.com\/?post_type=product&p=24006#primaryimage\"},\"thumbnailUrl\":\"https:\/\/www.ghostysky.com\/wp-content\/uploads\/2026\/02\/GD_S200_RTK_Module_1.webp\",\"datePublished\":\"2026-02-04T08:51:45+00:00\",\"dateModified\":\"2026-02-04T09:12:48+00:00\",\"description\":\"The GDU S220 Triple Camera Standard Kit is a high-performance industrial imaging payload designed for precision aerial missions. Engineered for the S220 series drones, this gimbal system integrates three distinct sensors into a single, stabilized unit, making it a powerhouse for inspections, search and rescue, and public safety.\",\"breadcrumb\":{\"@id\":\"https:\/\/www.ghostysky.com\/?post_type=product&p=24006#breadcrumb\"},\"inLanguage\":\"pt-PT\",\"potentialAction\":[{\"@type\":\"ReadAction\",\"target\":[\"https:\/\/www.ghostysky.com\/?post_type=product&p=24006\"]}]},{\"@type\":\"ImageObject\",\"inLanguage\":\"pt-PT\",\"@id\":\"https:\/\/www.ghostysky.com\/?post_type=product&p=24006#primaryimage\",\"url\":\"https:\/\/www.ghostysky.com\/wp-content\/uploads\/2026\/02\/GD_S200_RTK_Module_1.webp\",\"contentUrl\":\"https:\/\/www.ghostysky.com\/wp-content\/uploads\/2026\/02\/GD_S200_RTK_Module_1.webp\",\"width\":1200,\"height\":1200},{\"@type\":\"BreadcrumbList\",\"@id\":\"https:\/\/www.ghostysky.com\/?post_type=product&p=24006#breadcrumb\",\"itemListElement\":[{\"@type\":\"ListItem\",\"position\":1,\"name\":\"Home\",\"item\":\"https:\/\/www.ghostysky.com\/\"},{\"@type\":\"ListItem\",\"position\":2,\"name\":\"Shop\",\"item\":\"https:\/\/www.ghostysky.com\/shop\/\"},{\"@type\":\"ListItem\",\"position\":3,\"name\":\"GDU S220 Triple Camera + 3 Batteries + 1 Charger Kit + RTK (Copy) (Copy)\"}]},{\"@type\":\"WebSite\",\"@id\":\"https:\/\/www.ghostysky.com\/#website\",\"url\":\"https:\/\/www.ghostysky.com\/\",\"name\":\"Ghostysky\",\"description\":\"Delivering professional drones and services\",\"publisher\":{\"@id\":\"https:\/\/www.ghostysky.com\/#organization\"},\"potentialAction\":[{\"@type\":\"SearchAction\",\"target\":{\"@type\":\"EntryPoint\",\"urlTemplate\":\"https:\/\/www.ghostysky.com\/?s={search_term_string}\"},\"query-input\":{\"@type\":\"PropertyValueSpecification\",\"valueRequired\":true,\"valueName\":\"search_term_string\"}}],\"inLanguage\":\"pt-PT\"},{\"@type\":\"Organization\",\"@id\":\"https:\/\/www.ghostysky.com\/#organization\",\"name\":\"Ghostysky\",\"url\":\"https:\/\/www.ghostysky.com\/\",\"logo\":{\"@type\":\"ImageObject\",\"inLanguage\":\"pt-PT\",\"@id\":\"https:\/\/www.ghostysky.com\/#\/schema\/logo\/image\/\",\"url\":\"https:\/\/www.ghostysky.com\/wp-content\/uploads\/2020\/06\/cropped-ghostyskylogo_text_white2.png\",\"contentUrl\":\"https:\/\/www.ghostysky.com\/wp-content\/uploads\/2020\/06\/cropped-ghostyskylogo_text_white2.png\",\"width\":169,\"height\":56,\"caption\":\"Ghostysky\"},\"image\":{\"@id\":\"https:\/\/www.ghostysky.com\/#\/schema\/logo\/image\/\"},\"sameAs\":[\"https:\/\/www.facebook.com\/people\/Ghostysky\/100057676170234\/\",\"https:\/\/x.com\/Gh0stysky\",\"https:\/\/www.linkedin.com\/company\/34739653\",\"https:\/\/www.instagram.com\/gh0stysky\"]}]}<\/script>\n<!-- \/ Yoast SEO plugin. -->","yoast_head_json":{"title":"M\u00f3dulo GDU S200 RTK - Ghostysky","description":"O kit padr\u00e3o de c\u00e2mera tripla GDU S220 \u00e9 uma carga \u00fatil de imagem industrial de alto desempenho, projetada para miss\u00f5es a\u00e9reas de precis\u00e3o. Desenvolvido para os drones da s\u00e9rie S220, este sistema de gimbal integra tr\u00eas sensores distintos em uma \u00fanica unidade estabilizada, tornando-o uma solu\u00e7\u00e3o poderosa para inspe\u00e7\u00f5es, busca e salvamento e seguran\u00e7a p\u00fablica.","robots":{"index":"index","follow":"follow","max-snippet":"max-snippet:-1","max-image-preview":"max-image-preview:large","max-video-preview":"max-video-preview:-1"},"canonical":"https:\/\/www.ghostysky.com\/pt\/?post_type=product&p=24006","og_locale":"pt_PT","og_type":"article","og_title":"GDU S200 RTK Module - Ghostysky","og_description":"The GDU S220 Triple Camera Standard Kit is a high-performance industrial imaging payload designed for precision aerial missions. Engineered for the S220 series drones, this gimbal system integrates three distinct sensors into a single, stabilized unit, making it a powerhouse for inspections, search and rescue, and public safety.","og_url":"https:\/\/www.ghostysky.com\/pt\/?post_type=product&p=24006","og_site_name":"Ghostysky","article_publisher":"https:\/\/www.facebook.com\/people\/Ghostysky\/100057676170234\/","article_modified_time":"2026-02-04T09:12:48+00:00","og_image":[{"width":1200,"height":1200,"url":"https:\/\/www.ghostysky.com\/wp-content\/uploads\/2026\/02\/GH_GDU-S220-Triple-Camera-Standard-Kit_1.webp","type":"image\/webp"}],"twitter_card":"summary_large_image","twitter_site":"@Gh0stysky","twitter_misc":{"Tempo estimado de leitura":"2 minutos"},"schema":{"@context":"https:\/\/schema.org","@graph":[{"@type":"WebPage","@id":"https:\/\/www.ghostysky.com\/?post_type=product&p=24006","url":"https:\/\/www.ghostysky.com\/?post_type=product&p=24006","name":"M\u00f3dulo GDU S200 RTK - Ghostysky","isPartOf":{"@id":"https:\/\/www.ghostysky.com\/#website"},"primaryImageOfPage":{"@id":"https:\/\/www.ghostysky.com\/?post_type=product&p=24006#primaryimage"},"image":{"@id":"https:\/\/www.ghostysky.com\/?post_type=product&p=24006#primaryimage"},"thumbnailUrl":"https:\/\/www.ghostysky.com\/wp-content\/uploads\/2026\/02\/GD_S200_RTK_Module_1.webp","datePublished":"2026-02-04T08:51:45+00:00","dateModified":"2026-02-04T09:12:48+00:00","description":"O kit padr\u00e3o de c\u00e2mera tripla GDU S220 \u00e9 uma carga \u00fatil de imagem industrial de alto desempenho, projetada para miss\u00f5es a\u00e9reas de precis\u00e3o. Desenvolvido para os drones da s\u00e9rie S220, este sistema de gimbal integra tr\u00eas sensores distintos em uma \u00fanica unidade estabilizada, tornando-o uma solu\u00e7\u00e3o poderosa para inspe\u00e7\u00f5es, busca e salvamento e seguran\u00e7a p\u00fablica.","breadcrumb":{"@id":"https:\/\/www.ghostysky.com\/?post_type=product&p=24006#breadcrumb"},"inLanguage":"pt-PT","potentialAction":[{"@type":"ReadAction","target":["https:\/\/www.ghostysky.com\/?post_type=product&p=24006"]}]},{"@type":"ImageObject","inLanguage":"pt-PT","@id":"https:\/\/www.ghostysky.com\/?post_type=product&p=24006#primaryimage","url":"https:\/\/www.ghostysky.com\/wp-content\/uploads\/2026\/02\/GD_S200_RTK_Module_1.webp","contentUrl":"https:\/\/www.ghostysky.com\/wp-content\/uploads\/2026\/02\/GD_S200_RTK_Module_1.webp","width":1200,"height":1200},{"@type":"BreadcrumbList","@id":"https:\/\/www.ghostysky.com\/?post_type=product&p=24006#breadcrumb","itemListElement":[{"@type":"ListItem","position":1,"name":"Home","item":"https:\/\/www.ghostysky.com\/"},{"@type":"ListItem","position":2,"name":"Shop","item":"https:\/\/www.ghostysky.com\/shop\/"},{"@type":"ListItem","position":3,"name":"GDU S220 Triple Camera + 3 Batteries + 1 Charger Kit + RTK (Copy) (Copy)"}]},{"@type":"WebSite","@id":"https:\/\/www.ghostysky.com\/#website","url":"https:\/\/www.ghostysky.com\/","name":"Ghostysky","description":"Fornecendo drones e servi\u00e7os profissionais","publisher":{"@id":"https:\/\/www.ghostysky.com\/#organization"},"potentialAction":[{"@type":"SearchAction","target":{"@type":"EntryPoint","urlTemplate":"https:\/\/www.ghostysky.com\/?s={search_term_string}"},"query-input":{"@type":"PropertyValueSpecification","valueRequired":true,"valueName":"search_term_string"}}],"inLanguage":"pt-PT"},{"@type":"Organization","@id":"https:\/\/www.ghostysky.com\/#organization","name":"Ghostysky","url":"https:\/\/www.ghostysky.com\/","logo":{"@type":"ImageObject","inLanguage":"pt-PT","@id":"https:\/\/www.ghostysky.com\/#\/schema\/logo\/image\/","url":"https:\/\/www.ghostysky.com\/wp-content\/uploads\/2020\/06\/cropped-ghostyskylogo_text_white2.png","contentUrl":"https:\/\/www.ghostysky.com\/wp-content\/uploads\/2020\/06\/cropped-ghostyskylogo_text_white2.png","width":169,"height":56,"caption":"Ghostysky"},"image":{"@id":"https:\/\/www.ghostysky.com\/#\/schema\/logo\/image\/"},"sameAs":["https:\/\/www.facebook.com\/people\/Ghostysky\/100057676170234\/","https:\/\/x.com\/Gh0stysky","https:\/\/www.linkedin.com\/company\/34739653","https:\/\/www.instagram.com\/gh0stysky"]}]}},"_links":{"self":[{"href":"https:\/\/www.ghostysky.com\/pt\/wp-json\/wp\/v2\/product\/24006","targetHints":{"allow":["GET"]}}],"collection":[{"href":"https:\/\/www.ghostysky.com\/pt\/wp-json\/wp\/v2\/product"}],"about":[{"href":"https:\/\/www.ghostysky.com\/pt\/wp-json\/wp\/v2\/types\/product"}],"replies":[{"embeddable":true,"href":"https:\/\/www.ghostysky.com\/pt\/wp-json\/wp\/v2\/comments?post=24006"}],"wp:featuredmedia":[{"embeddable":true,"href":"https:\/\/www.ghostysky.com\/pt\/wp-json\/wp\/v2\/media\/24014"}],"wp:attachment":[{"href":"https:\/\/www.ghostysky.com\/pt\/wp-json\/wp\/v2\/media?parent=24006"}],"wp:term":[{"taxonomy":"product_brand","embeddable":true,"href":"https:\/\/www.ghostysky.com\/pt\/wp-json\/wp\/v2\/product_brand?post=24006"},{"taxonomy":"product_cat","embeddable":true,"href":"https:\/\/www.ghostysky.com\/pt\/wp-json\/wp\/v2\/product_cat?post=24006"},{"taxonomy":"product_tag","embeddable":true,"href":"https:\/\/www.ghostysky.com\/pt\/wp-json\/wp\/v2\/product_tag?post=24006"}],"curies":[{"name":"wp","href":"https:\/\/api.w.org\/{rel}","templated":true}]}}