{"id":24024,"date":"2026-02-06T13:57:56","date_gmt":"2026-02-06T13:57:56","guid":{"rendered":"https:\/\/www.ghostysky.com\/?post_type=product&#038;p=24024"},"modified":"2026-02-06T14:04:23","modified_gmt":"2026-02-06T14:04:23","slug":"unitree-go2-x","status":"publish","type":"product","link":"https:\/\/www.ghostysky.com\/pt\/product\/unitree-go2-x\/","title":{"rendered":"Unitree Go2 X"},"content":{"rendered":"<h3 data-path-to-node=\"3\"><b data-path-to-node=\"3\" data-index-in-node=\"4\">Tecnologia Essencial e IA<\/b><\/h3>\n<p data-path-to-node=\"4\"><span class=\"citation-20\">O Go2 X \u00e9 alimentado pela tecnologia desenvolvida pela pr\u00f3pria Unitree. <\/span><b data-path-to-node=\"4\" data-index-in-node=\"49\"><span class=\"citation-20\">4D LiDAR L1<\/span><\/b><span class=\"citation-20 citation-end-20\">, fornecendo um <\/span><span class=\"math-inline\" data-math=\"360^{\\circ} \\times 90^{\\circ}\" data-index-in-node=\"74\">360\u00ba x 90\u00ba<\/span><span class=\"citation-19 citation-end-19\"> Sistema de reconhecimento hemisf\u00e9rico ultra-amplo.<\/span><\/p>\n<ul data-path-to-node=\"5\">\n<li>\n<p data-path-to-node=\"5,0,0\"><b data-path-to-node=\"5,0,0\" data-index-in-node=\"0\"><span class=\"citation-18\">Intelig\u00eancia Artificial Incorporada:<\/span><\/b><span class=\"citation-18 citation-end-18\"> Integrado com modelos de linguagem complexos baseados em GPT, o Go2 X consegue entender comandos de voz complexos e interagir com o ambiente de forma mais natural.<\/span><\/p>\n<\/li>\n<li>\n<p data-path-to-node=\"5,1,0\"><b data-path-to-node=\"5,1,0\" data-index-in-node=\"0\"><span class=\"citation-17 citation-end-17\">ISS 2.0 (Sistema Inteligente de Acompanhamento Lateral):<\/span><\/b><span class=\"citation-16 citation-end-16\"> Apresenta uma melhoria de 50% na precis\u00e3o de posicionamento, permitindo que o rob\u00f4 siga seu dono de forma aut\u00f4noma enquanto navega de obst\u00e1culos de maneira inteligente.<\/span><\/p>\n<\/li>\n<li>\n<p data-path-to-node=\"5,2,0\"><b data-path-to-node=\"5,2,0\" data-index-in-node=\"0\">Capacidades de movimento:<\/b> Gra\u00e7as ao extenso treinamento de simula\u00e7\u00e3o de IA, ele pode realizar manobras avan\u00e7adas como paradas de m\u00e3o, mortais para tr\u00e1s, saltos e subir escadas com um \u00e2ngulo m\u00e1ximo de subida de <b data-path-to-node=\"5,2,0\" data-index-in-node=\"192\"><span class=\"math-inline\" data-math=\"40^{\\circ}\" data-index-in-node=\"192\">40\u00ba<\/span><\/b>.<\/p>\n<\/li>\n<\/ul>\n<h3 data-path-to-node=\"7\"><b data-path-to-node=\"7\" data-index-in-node=\"4\">Especifica\u00e7\u00f5es t\u00e9cnicas<\/b><\/h3>\n<table data-path-to-node=\"8\">\n<thead>\n<tr>\n<td><strong>Recurso<\/strong><\/td>\n<td><strong>Especifica\u00e7\u00f5es<\/strong><\/td>\n<\/tr>\n<\/thead>\n<tbody>\n<tr>\n<td><span data-path-to-node=\"8,1,0,0\"><b data-path-to-node=\"8,1,0,0\" data-index-in-node=\"0\">Velocidade m\u00e1xima<\/b><\/span><\/td>\n<td><span data-path-to-node=\"8,1,1,0\">0 ~ 3,7 m\/s (at\u00e9 5 m\/s em ambientes de laborat\u00f3rio)<\/span><\/td>\n<\/tr>\n<tr>\n<td><span data-path-to-node=\"8,2,0,0\"><b data-path-to-node=\"8,2,0,0\" data-index-in-node=\"0\">Carga \u00fatil<\/b><\/span><\/td>\n<td><span data-path-to-node=\"8,2,1,0\">~8 kg (Capacidade m\u00e1xima at\u00e9 12 kg)<\/span><\/td>\n<\/tr>\n<tr>\n<td><span data-path-to-node=\"8,3,0,0\"><b data-path-to-node=\"8,3,0,0\" data-index-in-node=\"0\">Peso<\/b><\/span><\/td>\n<td><span data-path-to-node=\"8,3,1,0\">Aproximadamente 15 kg (incluindo a bateria)<\/span><\/td>\n<\/tr>\n<tr>\n<td><span data-path-to-node=\"8,4,0,0\"><b data-path-to-node=\"8,4,0,0\" data-index-in-node=\"0\">Torque da junta<\/b><\/span><\/td>\n<td><span data-path-to-node=\"8,4,1,0\">Torque m\u00e1ximo da junta de <b data-path-to-node=\"8,4,1,0\" data-index-in-node=\"21\"><span class=\"math-inline\" data-math=\"45\\text{N}\\cdot\\text{m}\" data-index-in-node=\"21\">45 Nm<\/span><\/b><\/span><\/td>\n<\/tr>\n<tr>\n<td><span data-path-to-node=\"8,5,0,0\"><b data-path-to-node=\"8,5,0,0\" data-index-in-node=\"0\">Poder computacional<\/b><\/span><\/td>\n<td><span data-path-to-node=\"8,5,1,0\">CPU de alto desempenho com 8 n\u00facleos (suporta desenvolvimento secund\u00e1rio)<\/span><\/td>\n<\/tr>\n<tr>\n<td><span data-path-to-node=\"8,6,0,0\"><b data-path-to-node=\"8,6,0,0\" data-index-in-node=\"0\">Dura\u00e7\u00e3o da bateria<\/b><\/span><\/td>\n<td><span data-path-to-node=\"8,6,1,0\">1 a 2 horas (bateria padr\u00e3o de 8000 mAh) ou at\u00e9 4 horas (bateria opcional de 15000 mAh)<\/span><\/td>\n<\/tr>\n<tr>\n<td><span data-path-to-node=\"8,7,0,0\"><b data-path-to-node=\"8,7,0,0\" data-index-in-node=\"0\">Conectividade<\/b><\/span><\/td>\n<td><span data-path-to-node=\"8,7,1,0\">Wi-Fi 6, Bluetooth 5.2\/4.2, m\u00f3dulo 4G com eSIM<\/span><\/td>\n<\/tr>\n<\/tbody>\n<\/table>\n<p>&nbsp;<\/p>\n<h3 data-path-to-node=\"10\"><b data-path-to-node=\"10\" data-index-in-node=\"4\">Hardware e durabilidade<\/b><\/h3>\n<ul data-path-to-node=\"11\">\n<li>\n<p data-path-to-node=\"11,0,0\"><b data-path-to-node=\"11,0,0\" data-index-in-node=\"0\">Resfriamento avan\u00e7ado:<\/b><span class=\"citation-15 citation-end-15\"> Os resfriadores de tubo de calor integrados nas articula\u00e7\u00f5es do joelho permitem um desempenho sustentado de alta intensidade sem superaquecimento.<\/span><\/p>\n<\/li>\n<li>\n<p data-path-to-node=\"11,1,0\"><b data-path-to-node=\"11,1,0\" data-index-in-node=\"0\">Fia\u00e7\u00e3o interna:<\/b><span class=\"citation-14 citation-end-14\"> Todos os circuitos das juntas s\u00e3o roteados internamente, reduzindo o risco de emaranhamentos e melhorando a est\u00e9tica elegante do rob\u00f4.<\/span><\/p>\n<\/li>\n<li>\n<p data-path-to-node=\"11,2,0\"><b data-path-to-node=\"11,2,0\" data-index-in-node=\"0\">Elementos visuais e sonoros:<\/b><span class=\"citation-13 citation-end-13\"> Equipado com uma c\u00e2mera grande angular HD para transmiss\u00e3o em tempo real em 1080p, um sistema de ilumina\u00e7\u00e3o de 3W para opera\u00e7\u00e3o noturna e um alto-falante de alta fidelidade para intera\u00e7\u00e3o por voz ou m\u00fasica.<\/span><\/p>\n<p>&nbsp;<\/li>\n<\/ul>\n<h3 data-path-to-node=\"13\"><b data-path-to-node=\"13\" data-index-in-node=\"4\">para quem \u00e9 isso?<\/b><\/h3>\n<p data-path-to-node=\"14\">O Go2 X \u00e9 a op\u00e7\u00e3o ideal para:<\/p>\n<ol start=\"1\" data-path-to-node=\"15\">\n<li>\n<p data-path-to-node=\"15,0,0\"><b data-path-to-node=\"15,0,0\" data-index-in-node=\"0\"><span class=\"citation-12\">Pesquisadores de rob\u00f3tica:<\/span><\/b><span class=\"citation-12 citation-end-12\"> Para quem precisa de uma plataforma program\u00e1vel (com suporte a Python\/ROS), mas n\u00e3o necessita do conjunto completo de sensores especializados encontrados nos modelos EDU Flagship mais caros.<\/span><\/p>\n<\/li>\n<li>\n<p data-path-to-node=\"15,1,0\"><b data-path-to-node=\"15,1,0\" data-index-in-node=\"0\">Entusiastas de tecnologia:<\/b> Para quem deseja um companheiro mais potente e &quot;inteligente&quot; do que o modelo Air b\u00e1sico.<\/p>\n<\/li>\n<li>\n<p data-path-to-node=\"15,2,0\"><b data-path-to-node=\"15,2,0\" data-index-in-node=\"0\">Prototipagem industrial:<\/b><span class=\"citation-11 citation-end-11\"> Ideal para testar tarefas de navega\u00e7\u00e3o aut\u00f4noma ou inspe\u00e7\u00e3o de forma econ\u00f4mica.<\/span><\/p>\n<\/li>\n<\/ol>","protected":false},"excerpt":{"rendered":"<p><span class=\"citation-21\">O <\/span><b data-path-to-node=\"0\" data-index-in-node=\"4\"><span class=\"citation-21\">Unitree Go2 X<\/span><\/b><span class=\"citation-21 citation-end-21\"> \u00c9 um rob\u00f4 quadr\u00fapede bi\u00f4nico avan\u00e7ado e de alto desempenho, projetado para preencher a lacuna entre a tecnologia de consumo e a pesquisa industrial.<\/span> Como variante de &quot;desempenho estendido&quot; da linha Go2, ela combina a agilidade elegante do Go2 Pro com o poder de computa\u00e7\u00e3o aprimorado e os recursos de desenvolvimento secund\u00e1rios normalmente reservados para a s\u00e9rie EDU.<\/p>","protected":false},"featured_media":24027,"comment_status":"open","ping_status":"closed","template":"","meta":[],"product_brand":[1087],"product_cat":[1039,1037,1085],"product_tag":[1088,1091,1090],"class_list":{"0":"post-24024","1":"product","2":"type-product","3":"status-publish","4":"has-post-thumbnail","6":"product_brand-unitree","7":"product_cat-quadruped","8":"product_cat-robotics","9":"product_cat-unitree-quad-robots","10":"product_tag-unitree","11":"product_tag-unitree-quadru","12":"product_tag-unitree-quadruped-robots","14":"first","15":"onbackorder","16":"taxable","17":"shipping-taxable","18":"purchasable","19":"product-type-simple"},"yoast_head":"<!-- This site is optimized with the Yoast SEO plugin v27.1.1 - https:\/\/yoast.com\/product\/yoast-seo-wordpress\/ -->\n<title>Unitree Go2 X - Ghostysky<\/title>\n<meta name=\"description\" content=\"The Unitree Go2 X is an advanced, high-performance bionic quadruped robot designed to bridge the gap between consumer-grade tech and industrial research. As the &quot;extended performance&quot; variant of the Go2 lineup, it combines the sleek agility of the Go2 Pro with the enhanced computing power and secondary development capabilities typically reserved for the EDU series.\" \/>\n<meta name=\"robots\" content=\"index, follow, max-snippet:-1, max-image-preview:large, max-video-preview:-1\" \/>\n<link rel=\"canonical\" href=\"https:\/\/www.ghostysky.com\/pt\/produto-2\/unitree-go2-x\/\" \/>\n<meta property=\"og:locale\" content=\"pt_PT\" \/>\n<meta property=\"og:type\" content=\"article\" \/>\n<meta property=\"og:title\" content=\"Unitree Go2 X - Ghostysky\" \/>\n<meta property=\"og:description\" content=\"The Unitree Go2 X is an advanced, high-performance bionic quadruped robot designed to bridge the gap between consumer-grade tech and industrial research. As the &quot;extended performance&quot; variant of the Go2 lineup, it combines the sleek agility of the Go2 Pro with the enhanced computing power and secondary development capabilities typically reserved for the EDU series.\" \/>\n<meta property=\"og:url\" content=\"https:\/\/www.ghostysky.com\/pt\/produto-2\/unitree-go2-x\/\" \/>\n<meta property=\"og:site_name\" content=\"Ghostysky\" \/>\n<meta property=\"article:publisher\" content=\"https:\/\/www.facebook.com\/people\/Ghostysky\/100057676170234\/\" \/>\n<meta property=\"article:modified_time\" content=\"2026-02-06T14:04:23+00:00\" \/>\n<meta property=\"og:image\" content=\"https:\/\/www.ghostysky.com\/wp-content\/uploads\/2026\/02\/GH_Unitree_X_1.png\" \/>\n\t<meta property=\"og:image:width\" content=\"600\" \/>\n\t<meta property=\"og:image:height\" content=\"548\" \/>\n\t<meta property=\"og:image:type\" content=\"image\/png\" \/>\n<meta name=\"twitter:card\" content=\"summary_large_image\" \/>\n<meta name=\"twitter:site\" content=\"@Gh0stysky\" \/>\n<meta name=\"twitter:label1\" content=\"Tempo estimado de leitura\" \/>\n\t<meta name=\"twitter:data1\" content=\"2 minutos\" \/>\n<script type=\"application\/ld+json\" class=\"yoast-schema-graph\">{\"@context\":\"https:\/\/schema.org\",\"@graph\":[{\"@type\":\"WebPage\",\"@id\":\"https:\/\/www.ghostysky.com\/product\/unitree-go2-x\/\",\"url\":\"https:\/\/www.ghostysky.com\/product\/unitree-go2-x\/\",\"name\":\"Unitree Go2 X - Ghostysky\",\"isPartOf\":{\"@id\":\"https:\/\/www.ghostysky.com\/#website\"},\"primaryImageOfPage\":{\"@id\":\"https:\/\/www.ghostysky.com\/product\/unitree-go2-x\/#primaryimage\"},\"image\":{\"@id\":\"https:\/\/www.ghostysky.com\/product\/unitree-go2-x\/#primaryimage\"},\"thumbnailUrl\":\"https:\/\/www.ghostysky.com\/wp-content\/uploads\/2026\/02\/GH_Unitree_X_1.png\",\"datePublished\":\"2026-02-06T13:57:56+00:00\",\"dateModified\":\"2026-02-06T14:04:23+00:00\",\"description\":\"The Unitree Go2 X is an advanced, high-performance bionic quadruped robot designed to bridge the gap between consumer-grade tech and industrial research. As the \\\"extended performance\\\" variant of the Go2 lineup, it combines the sleek agility of the Go2 Pro with the enhanced computing power and secondary development capabilities typically reserved for the EDU series.\",\"breadcrumb\":{\"@id\":\"https:\/\/www.ghostysky.com\/product\/unitree-go2-x\/#breadcrumb\"},\"inLanguage\":\"pt-PT\",\"potentialAction\":[{\"@type\":\"ReadAction\",\"target\":[\"https:\/\/www.ghostysky.com\/product\/unitree-go2-x\/\"]}]},{\"@type\":\"ImageObject\",\"inLanguage\":\"pt-PT\",\"@id\":\"https:\/\/www.ghostysky.com\/product\/unitree-go2-x\/#primaryimage\",\"url\":\"https:\/\/www.ghostysky.com\/wp-content\/uploads\/2026\/02\/GH_Unitree_X_1.png\",\"contentUrl\":\"https:\/\/www.ghostysky.com\/wp-content\/uploads\/2026\/02\/GH_Unitree_X_1.png\",\"width\":600,\"height\":548},{\"@type\":\"BreadcrumbList\",\"@id\":\"https:\/\/www.ghostysky.com\/product\/unitree-go2-x\/#breadcrumb\",\"itemListElement\":[{\"@type\":\"ListItem\",\"position\":1,\"name\":\"Home\",\"item\":\"https:\/\/www.ghostysky.com\/\"},{\"@type\":\"ListItem\",\"position\":2,\"name\":\"Shop\",\"item\":\"https:\/\/www.ghostysky.com\/shop\/\"},{\"@type\":\"ListItem\",\"position\":3,\"name\":\"Unitree Go2 X\"}]},{\"@type\":\"WebSite\",\"@id\":\"https:\/\/www.ghostysky.com\/#website\",\"url\":\"https:\/\/www.ghostysky.com\/\",\"name\":\"Ghostysky\",\"description\":\"Delivering professional drones and services\",\"publisher\":{\"@id\":\"https:\/\/www.ghostysky.com\/#organization\"},\"potentialAction\":[{\"@type\":\"SearchAction\",\"target\":{\"@type\":\"EntryPoint\",\"urlTemplate\":\"https:\/\/www.ghostysky.com\/?s={search_term_string}\"},\"query-input\":{\"@type\":\"PropertyValueSpecification\",\"valueRequired\":true,\"valueName\":\"search_term_string\"}}],\"inLanguage\":\"pt-PT\"},{\"@type\":\"Organization\",\"@id\":\"https:\/\/www.ghostysky.com\/#organization\",\"name\":\"Ghostysky\",\"url\":\"https:\/\/www.ghostysky.com\/\",\"logo\":{\"@type\":\"ImageObject\",\"inLanguage\":\"pt-PT\",\"@id\":\"https:\/\/www.ghostysky.com\/#\/schema\/logo\/image\/\",\"url\":\"https:\/\/www.ghostysky.com\/wp-content\/uploads\/2020\/06\/cropped-ghostyskylogo_text_white2.png\",\"contentUrl\":\"https:\/\/www.ghostysky.com\/wp-content\/uploads\/2020\/06\/cropped-ghostyskylogo_text_white2.png\",\"width\":169,\"height\":56,\"caption\":\"Ghostysky\"},\"image\":{\"@id\":\"https:\/\/www.ghostysky.com\/#\/schema\/logo\/image\/\"},\"sameAs\":[\"https:\/\/www.facebook.com\/people\/Ghostysky\/100057676170234\/\",\"https:\/\/x.com\/Gh0stysky\",\"https:\/\/www.linkedin.com\/company\/34739653\",\"https:\/\/www.instagram.com\/gh0stysky\"]}]}<\/script>\n<!-- \/ Yoast SEO plugin. -->","yoast_head_json":{"title":"Unitree Go2 X - Ghostysky","description":"O Unitree Go2 X \u00e9 um rob\u00f4 quadr\u00fapede bi\u00f4nico avan\u00e7ado e de alto desempenho, projetado para preencher a lacuna entre a tecnologia de consumo e a pesquisa industrial. Como a variante de &quot;desempenho estendido&quot; da linha Go2, ele combina a agilidade elegante do Go2 Pro com o poder de computa\u00e7\u00e3o aprimorado e os recursos de desenvolvimento secund\u00e1rios normalmente reservados para a s\u00e9rie EDU.","robots":{"index":"index","follow":"follow","max-snippet":"max-snippet:-1","max-image-preview":"max-image-preview:large","max-video-preview":"max-video-preview:-1"},"canonical":"https:\/\/www.ghostysky.com\/pt\/produto-2\/unitree-go2-x\/","og_locale":"pt_PT","og_type":"article","og_title":"Unitree Go2 X - Ghostysky","og_description":"The Unitree Go2 X is an advanced, high-performance bionic quadruped robot designed to bridge the gap between consumer-grade tech and industrial research. As the \"extended performance\" variant of the Go2 lineup, it combines the sleek agility of the Go2 Pro with the enhanced computing power and secondary development capabilities typically reserved for the EDU series.","og_url":"https:\/\/www.ghostysky.com\/pt\/produto-2\/unitree-go2-x\/","og_site_name":"Ghostysky","article_publisher":"https:\/\/www.facebook.com\/people\/Ghostysky\/100057676170234\/","article_modified_time":"2026-02-06T14:04:23+00:00","og_image":[{"width":600,"height":548,"url":"https:\/\/www.ghostysky.com\/wp-content\/uploads\/2026\/02\/GH_Unitree_X_1.png","type":"image\/png"}],"twitter_card":"summary_large_image","twitter_site":"@Gh0stysky","twitter_misc":{"Tempo estimado de leitura":"2 minutos"},"schema":{"@context":"https:\/\/schema.org","@graph":[{"@type":"WebPage","@id":"https:\/\/www.ghostysky.com\/product\/unitree-go2-x\/","url":"https:\/\/www.ghostysky.com\/product\/unitree-go2-x\/","name":"Unitree Go2 X - Ghostysky","isPartOf":{"@id":"https:\/\/www.ghostysky.com\/#website"},"primaryImageOfPage":{"@id":"https:\/\/www.ghostysky.com\/product\/unitree-go2-x\/#primaryimage"},"image":{"@id":"https:\/\/www.ghostysky.com\/product\/unitree-go2-x\/#primaryimage"},"thumbnailUrl":"https:\/\/www.ghostysky.com\/wp-content\/uploads\/2026\/02\/GH_Unitree_X_1.png","datePublished":"2026-02-06T13:57:56+00:00","dateModified":"2026-02-06T14:04:23+00:00","description":"O Unitree Go2 X \u00e9 um rob\u00f4 quadr\u00fapede bi\u00f4nico avan\u00e7ado e de alto desempenho, projetado para preencher a lacuna entre a tecnologia de consumo e a pesquisa industrial. Como a variante de &quot;desempenho estendido&quot; da linha Go2, ele combina a agilidade elegante do Go2 Pro com o poder de computa\u00e7\u00e3o aprimorado e os recursos de desenvolvimento secund\u00e1rios normalmente reservados para a s\u00e9rie EDU.","breadcrumb":{"@id":"https:\/\/www.ghostysky.com\/product\/unitree-go2-x\/#breadcrumb"},"inLanguage":"pt-PT","potentialAction":[{"@type":"ReadAction","target":["https:\/\/www.ghostysky.com\/product\/unitree-go2-x\/"]}]},{"@type":"ImageObject","inLanguage":"pt-PT","@id":"https:\/\/www.ghostysky.com\/product\/unitree-go2-x\/#primaryimage","url":"https:\/\/www.ghostysky.com\/wp-content\/uploads\/2026\/02\/GH_Unitree_X_1.png","contentUrl":"https:\/\/www.ghostysky.com\/wp-content\/uploads\/2026\/02\/GH_Unitree_X_1.png","width":600,"height":548},{"@type":"BreadcrumbList","@id":"https:\/\/www.ghostysky.com\/product\/unitree-go2-x\/#breadcrumb","itemListElement":[{"@type":"ListItem","position":1,"name":"Home","item":"https:\/\/www.ghostysky.com\/"},{"@type":"ListItem","position":2,"name":"Shop","item":"https:\/\/www.ghostysky.com\/shop\/"},{"@type":"ListItem","position":3,"name":"Unitree Go2 X"}]},{"@type":"WebSite","@id":"https:\/\/www.ghostysky.com\/#website","url":"https:\/\/www.ghostysky.com\/","name":"Ghostysky","description":"Fornecendo drones e servi\u00e7os profissionais","publisher":{"@id":"https:\/\/www.ghostysky.com\/#organization"},"potentialAction":[{"@type":"SearchAction","target":{"@type":"EntryPoint","urlTemplate":"https:\/\/www.ghostysky.com\/?s={search_term_string}"},"query-input":{"@type":"PropertyValueSpecification","valueRequired":true,"valueName":"search_term_string"}}],"inLanguage":"pt-PT"},{"@type":"Organization","@id":"https:\/\/www.ghostysky.com\/#organization","name":"Ghostysky","url":"https:\/\/www.ghostysky.com\/","logo":{"@type":"ImageObject","inLanguage":"pt-PT","@id":"https:\/\/www.ghostysky.com\/#\/schema\/logo\/image\/","url":"https:\/\/www.ghostysky.com\/wp-content\/uploads\/2020\/06\/cropped-ghostyskylogo_text_white2.png","contentUrl":"https:\/\/www.ghostysky.com\/wp-content\/uploads\/2020\/06\/cropped-ghostyskylogo_text_white2.png","width":169,"height":56,"caption":"Ghostysky"},"image":{"@id":"https:\/\/www.ghostysky.com\/#\/schema\/logo\/image\/"},"sameAs":["https:\/\/www.facebook.com\/people\/Ghostysky\/100057676170234\/","https:\/\/x.com\/Gh0stysky","https:\/\/www.linkedin.com\/company\/34739653","https:\/\/www.instagram.com\/gh0stysky"]}]}},"_links":{"self":[{"href":"https:\/\/www.ghostysky.com\/pt\/wp-json\/wp\/v2\/product\/24024","targetHints":{"allow":["GET"]}}],"collection":[{"href":"https:\/\/www.ghostysky.com\/pt\/wp-json\/wp\/v2\/product"}],"about":[{"href":"https:\/\/www.ghostysky.com\/pt\/wp-json\/wp\/v2\/types\/product"}],"replies":[{"embeddable":true,"href":"https:\/\/www.ghostysky.com\/pt\/wp-json\/wp\/v2\/comments?post=24024"}],"wp:featuredmedia":[{"embeddable":true,"href":"https:\/\/www.ghostysky.com\/pt\/wp-json\/wp\/v2\/media\/24027"}],"wp:attachment":[{"href":"https:\/\/www.ghostysky.com\/pt\/wp-json\/wp\/v2\/media?parent=24024"}],"wp:term":[{"taxonomy":"product_brand","embeddable":true,"href":"https:\/\/www.ghostysky.com\/pt\/wp-json\/wp\/v2\/product_brand?post=24024"},{"taxonomy":"product_cat","embeddable":true,"href":"https:\/\/www.ghostysky.com\/pt\/wp-json\/wp\/v2\/product_cat?post=24024"},{"taxonomy":"product_tag","embeddable":true,"href":"https:\/\/www.ghostysky.com\/pt\/wp-json\/wp\/v2\/product_tag?post=24024"}],"curies":[{"name":"wp","href":"https:\/\/api.w.org\/{rel}","templated":true}]}}