{"id":24073,"date":"2026-02-06T16:57:32","date_gmt":"2026-02-06T16:57:32","guid":{"rendered":"https:\/\/www.ghostysky.com\/?post_type=product&#038;p=24073"},"modified":"2026-02-06T17:07:53","modified_gmt":"2026-02-06T17:07:53","slug":"gdu-s400-smart-remote-controller","status":"publish","type":"product","link":"https:\/\/www.ghostysky.com\/pt\/product\/gdu-s400-smart-remote-controller\/","title":{"rendered":"Controle remoto inteligente para GDU S400"},"content":{"rendered":"<h3 data-path-to-node=\"2\">Principais recursos e capacidades<\/h3>\n<ul data-path-to-node=\"3\">\n<li>\n<p data-path-to-node=\"3,0,0\"><b data-path-to-node=\"3,0,0\" data-index-in-node=\"0\"><span class=\"citation-42\">Tela integrada de alto brilho:<\/span><\/b><span class=\"citation-42 citation-end-42\"> Possui uma tela integrada ultrabrilhante (normalmente de 7 polegadas) projetada para visibilidade sob luz solar direta.<\/span> Chega de apertar os olhos ou usar \u00f3culos de sol volumosos em opera\u00e7\u00f5es de campo.<\/p>\n<\/li>\n<li>\n<p data-path-to-node=\"3,1,0\"><b data-path-to-node=\"3,1,0\" data-index-in-node=\"0\">Transmiss\u00e3o de banda dupla:<\/b> Utiliza tecnologia avan\u00e7ada de salto de frequ\u00eancia para manter uma transmiss\u00e3o de v\u00eddeo HD est\u00e1vel e de baixa lat\u00eancia, mesmo em ambientes com forte interfer\u00eancia eletromagn\u00e9tica.<\/p>\n<\/li>\n<li>\n<p data-path-to-node=\"3,2,0\"><b data-path-to-node=\"3,2,0\" data-index-in-node=\"0\">Design robusto:<\/b> Constru\u00eddo com um <b data-path-to-node=\"3,2,0\" data-index-in-node=\"33\">Classifica\u00e7\u00e3o IP45<\/b>Al\u00e9m disso, \u00e9 resistente \u00e0 poeira e \u00e0 chuva leve, garantindo que sua miss\u00e3o n\u00e3o seja interrompida s\u00f3 porque o tempo mudou.<\/p>\n<\/li>\n<li>\n<p data-path-to-node=\"3,3,0\"><b data-path-to-node=\"3,3,0\" data-index-in-node=\"0\"><span class=\"citation-41\">Vida \u00fatil prolongada da bateria:<\/span><\/b><span class=\"citation-41 citation-end-41\"> Equipado com baterias internas de alta capacidade e suporte para expans\u00e3o externa, permitindo opera\u00e7\u00e3o cont\u00ednua durante inspe\u00e7\u00f5es de longa dura\u00e7\u00e3o ou miss\u00f5es de busca e salvamento.<\/span><\/p>\n<\/li>\n<li>\n<p data-path-to-node=\"3,4,0\"><b data-path-to-node=\"3,4,0\" data-index-in-node=\"0\">Controles personaliz\u00e1veis:<\/b> Inclui joysticks de n\u00edvel profissional e v\u00e1rios bot\u00f5es program\u00e1veis, permitindo que os pilotos mapeiem movimentos espec\u00edficos do gimbal ou configura\u00e7\u00f5es da c\u00e2mera para um fluxo de trabalho personalizado.<\/p>\n<\/li>\n<\/ul>\n<h3 data-path-to-node=\"5\">Especifica\u00e7\u00f5es t\u00e9cnicas<\/h3>\n<table data-path-to-node=\"6\">\n<thead>\n<tr>\n<td><strong>Recurso<\/strong><\/td>\n<td><strong>Especifica\u00e7\u00f5es<\/strong><\/td>\n<\/tr>\n<\/thead>\n<tbody>\n<tr>\n<td><span data-path-to-node=\"6,1,0,0\"><b data-path-to-node=\"6,1,0,0\" data-index-in-node=\"0\">Frequ\u00eancia de opera\u00e7\u00e3o<\/b><\/span><\/td>\n<td><span data-path-to-node=\"6,1,1,0\">2,400 \u2013 2,4835 GHz \/ 5,725 \u2013 5,850 GHz<\/span><\/td>\n<\/tr>\n<tr>\n<td><span data-path-to-node=\"6,2,0,0\"><b data-path-to-node=\"6,2,0,0\" data-index-in-node=\"0\">Dist\u00e2ncia m\u00e1xima de transmiss\u00e3o<\/b><\/span><\/td>\n<td><span data-path-to-node=\"6,2,1,0\">At\u00e9 15 km (sem obstru\u00e7\u00f5es\/interfer\u00eancias)<\/span><\/td>\n<\/tr>\n<tr>\n<td><span data-path-to-node=\"6,3,0,0\"><b data-path-to-node=\"6,3,0,0\" data-index-in-node=\"0\">Resolu\u00e7\u00e3o da tela<\/b><\/span><\/td>\n<td><span data-path-to-node=\"6,3,1,0\">1920 x 1200<\/span><\/td>\n<\/tr>\n<tr>\n<td><span data-path-to-node=\"6,4,0,0\"><b data-path-to-node=\"6,4,0,0\" data-index-in-node=\"0\">Temperatura de opera\u00e7\u00e3o<\/b><\/span><\/td>\n<td><span data-path-to-node=\"6,4,1,0\">-20\u00b0C a 50\u00b0C<\/span><\/td>\n<\/tr>\n<tr>\n<td><span data-path-to-node=\"6,5,0,0\"><b data-path-to-node=\"6,5,0,0\" data-index-in-node=\"0\">Portas de sa\u00edda<\/b><\/span><\/td>\n<td><span data-path-to-node=\"6,5,1,0\">HDMI, USB-A, USB-C<\/span><\/td>\n<\/tr>\n<\/tbody>\n<\/table>\n<p>&nbsp;<\/p>\n<h3 data-path-to-node=\"8\">Por que se destaca<\/h3>\n<p data-path-to-node=\"9\">Ao contr\u00e1rio dos controles remotos comuns para o consumidor, o Controle Remoto Inteligente S400 \u00e9 um verdadeiro... <b data-path-to-node=\"9\" data-index-in-node=\"70\">ferramenta empresarial<\/b>Ele suporta colabora\u00e7\u00e3o multiusu\u00e1rio (Modo de Controle Duplo) e apresenta uma arquitetura aberta que se integra perfeitamente \u00e0 plataforma de voo da GDU. Seja para inspe\u00e7\u00f5es de linhas de energia ou vigil\u00e2ncia t\u00e1tica, ele fornece o feedback t\u00e1til e a clareza visual necess\u00e1rios para manobras de alto risco.<\/p>","protected":false},"excerpt":{"rendered":"<p>O <b data-path-to-node=\"0\" data-index-in-node=\"4\">Controle remoto inteligente para GDU S400<\/b> \u00c9 uma esta\u00e7\u00e3o terrestre de alto desempenho projetada para pilotos de drones profissionais que exigem precis\u00e3o, durabilidade e um alcance enorme. Constru\u00edda especificamente para complementar o drone empresarial GDU S400, esta controladora preenche a lacuna entre dados industriais complexos e controle de voo intuitivo.<\/p>","protected":false},"featured_media":24079,"comment_status":"open","ping_status":"closed","template":"","meta":[],"product_brand":[1369],"product_cat":[29,1363,1365,1359],"product_tag":[1375,1377,1371],"class_list":{"0":"post-24073","1":"product","2":"type-product","3":"status-publish","4":"has-post-thumbnail","6":"product_brand-gdu-tech","7":"product_cat-drones","8":"product_cat-gdu-s400-series","9":"product_cat-gdu-s400-series-accessories","10":"product_cat-gdu-tech","11":"product_tag-gdu-s400-series","12":"product_tag-gdu-s400-series-accessories","13":"product_tag-gdu-tech","15":"first","16":"outofstock","17":"taxable","18":"shipping-taxable","19":"purchasable","20":"product-type-simple"},"yoast_head":"<!-- This site is optimized with the Yoast SEO plugin v27.1.1 - https:\/\/yoast.com\/product\/yoast-seo-wordpress\/ -->\n<title>GDU S400 Smart Remote Controller - Ghostysky<\/title>\n<meta name=\"description\" content=\"The GDU S400 Smart Remote Controller is a high-performance ground station designed for professional drone pilots who require precision, durability, and a massive range. Built specifically to complement the GDU S400 enterprise drone, this controller bridges the gap between complex industrial data and intuitive flight control.\" \/>\n<meta name=\"robots\" content=\"index, follow, max-snippet:-1, max-image-preview:large, max-video-preview:-1\" \/>\n<link rel=\"canonical\" href=\"https:\/\/www.ghostysky.com\/pt\/produto-2\/gdu-s400-smart-remote-controller\/\" \/>\n<meta property=\"og:locale\" content=\"pt_PT\" \/>\n<meta property=\"og:type\" content=\"article\" \/>\n<meta property=\"og:title\" content=\"GDU S400 Smart Remote Controller - Ghostysky\" \/>\n<meta property=\"og:description\" content=\"The GDU S400 Smart Remote Controller is a high-performance ground station designed for professional drone pilots who require precision, durability, and a massive range. Built specifically to complement the GDU S400 enterprise drone, this controller bridges the gap between complex industrial data and intuitive flight control.\" \/>\n<meta property=\"og:url\" content=\"https:\/\/www.ghostysky.com\/pt\/produto-2\/gdu-s400-smart-remote-controller\/\" \/>\n<meta property=\"og:site_name\" content=\"Ghostysky\" \/>\n<meta property=\"article:publisher\" content=\"https:\/\/www.facebook.com\/people\/Ghostysky\/100057676170234\/\" \/>\n<meta property=\"article:modified_time\" content=\"2026-02-06T17:07:53+00:00\" \/>\n<meta property=\"og:image\" content=\"https:\/\/www.ghostysky.com\/wp-content\/uploads\/2026\/02\/GH_GDU-S400-Smart-Remote-Controller_1.webp\" \/>\n\t<meta property=\"og:image:width\" content=\"1200\" \/>\n\t<meta property=\"og:image:height\" content=\"1200\" \/>\n\t<meta property=\"og:image:type\" content=\"image\/webp\" \/>\n<meta name=\"twitter:card\" content=\"summary_large_image\" \/>\n<meta name=\"twitter:site\" content=\"@Gh0stysky\" \/>\n<meta name=\"twitter:label1\" content=\"Tempo estimado de leitura\" \/>\n\t<meta name=\"twitter:data1\" content=\"2 minutos\" \/>\n<script type=\"application\/ld+json\" class=\"yoast-schema-graph\">{\"@context\":\"https:\/\/schema.org\",\"@graph\":[{\"@type\":\"WebPage\",\"@id\":\"https:\/\/www.ghostysky.com\/product\/gdu-s400-smart-remote-controller\/\",\"url\":\"https:\/\/www.ghostysky.com\/product\/gdu-s400-smart-remote-controller\/\",\"name\":\"GDU S400 Smart Remote Controller - Ghostysky\",\"isPartOf\":{\"@id\":\"https:\/\/www.ghostysky.com\/#website\"},\"primaryImageOfPage\":{\"@id\":\"https:\/\/www.ghostysky.com\/product\/gdu-s400-smart-remote-controller\/#primaryimage\"},\"image\":{\"@id\":\"https:\/\/www.ghostysky.com\/product\/gdu-s400-smart-remote-controller\/#primaryimage\"},\"thumbnailUrl\":\"https:\/\/www.ghostysky.com\/wp-content\/uploads\/2026\/02\/GH_GDU-S400-Smart-Remote-Controller_1.webp\",\"datePublished\":\"2026-02-06T16:57:32+00:00\",\"dateModified\":\"2026-02-06T17:07:53+00:00\",\"description\":\"The GDU S400 Smart Remote Controller is a high-performance ground station designed for professional drone pilots who require precision, durability, and a massive range. Built specifically to complement the GDU S400 enterprise drone, this controller bridges the gap between complex industrial data and intuitive flight control.\",\"breadcrumb\":{\"@id\":\"https:\/\/www.ghostysky.com\/product\/gdu-s400-smart-remote-controller\/#breadcrumb\"},\"inLanguage\":\"pt-PT\",\"potentialAction\":[{\"@type\":\"ReadAction\",\"target\":[\"https:\/\/www.ghostysky.com\/product\/gdu-s400-smart-remote-controller\/\"]}]},{\"@type\":\"ImageObject\",\"inLanguage\":\"pt-PT\",\"@id\":\"https:\/\/www.ghostysky.com\/product\/gdu-s400-smart-remote-controller\/#primaryimage\",\"url\":\"https:\/\/www.ghostysky.com\/wp-content\/uploads\/2026\/02\/GH_GDU-S400-Smart-Remote-Controller_1.webp\",\"contentUrl\":\"https:\/\/www.ghostysky.com\/wp-content\/uploads\/2026\/02\/GH_GDU-S400-Smart-Remote-Controller_1.webp\",\"width\":1200,\"height\":1200},{\"@type\":\"BreadcrumbList\",\"@id\":\"https:\/\/www.ghostysky.com\/product\/gdu-s400-smart-remote-controller\/#breadcrumb\",\"itemListElement\":[{\"@type\":\"ListItem\",\"position\":1,\"name\":\"Home\",\"item\":\"https:\/\/www.ghostysky.com\/\"},{\"@type\":\"ListItem\",\"position\":2,\"name\":\"Shop\",\"item\":\"https:\/\/www.ghostysky.com\/shop\/\"},{\"@type\":\"ListItem\",\"position\":3,\"name\":\"GDU S400 Smart Remote Controller\"}]},{\"@type\":\"WebSite\",\"@id\":\"https:\/\/www.ghostysky.com\/#website\",\"url\":\"https:\/\/www.ghostysky.com\/\",\"name\":\"Ghostysky\",\"description\":\"Delivering professional drones and services\",\"publisher\":{\"@id\":\"https:\/\/www.ghostysky.com\/#organization\"},\"potentialAction\":[{\"@type\":\"SearchAction\",\"target\":{\"@type\":\"EntryPoint\",\"urlTemplate\":\"https:\/\/www.ghostysky.com\/?s={search_term_string}\"},\"query-input\":{\"@type\":\"PropertyValueSpecification\",\"valueRequired\":true,\"valueName\":\"search_term_string\"}}],\"inLanguage\":\"pt-PT\"},{\"@type\":\"Organization\",\"@id\":\"https:\/\/www.ghostysky.com\/#organization\",\"name\":\"Ghostysky\",\"url\":\"https:\/\/www.ghostysky.com\/\",\"logo\":{\"@type\":\"ImageObject\",\"inLanguage\":\"pt-PT\",\"@id\":\"https:\/\/www.ghostysky.com\/#\/schema\/logo\/image\/\",\"url\":\"https:\/\/www.ghostysky.com\/wp-content\/uploads\/2020\/06\/cropped-ghostyskylogo_text_white2.png\",\"contentUrl\":\"https:\/\/www.ghostysky.com\/wp-content\/uploads\/2020\/06\/cropped-ghostyskylogo_text_white2.png\",\"width\":169,\"height\":56,\"caption\":\"Ghostysky\"},\"image\":{\"@id\":\"https:\/\/www.ghostysky.com\/#\/schema\/logo\/image\/\"},\"sameAs\":[\"https:\/\/www.facebook.com\/people\/Ghostysky\/100057676170234\/\",\"https:\/\/x.com\/Gh0stysky\",\"https:\/\/www.linkedin.com\/company\/34739653\",\"https:\/\/www.instagram.com\/gh0stysky\"]}]}<\/script>\n<!-- \/ Yoast SEO plugin. -->","yoast_head_json":{"title":"Controle Remoto Inteligente GDU S400 - Ghostysky","description":"O controlador remoto inteligente GDU S400 \u00e9 uma esta\u00e7\u00e3o terrestre de alto desempenho projetada para pilotos de drones profissionais que exigem precis\u00e3o, durabilidade e um alcance enorme. Constru\u00eddo especificamente para complementar o drone empresarial GDU S400, este controlador preenche a lacuna entre dados industriais complexos e controle de voo intuitivo.","robots":{"index":"index","follow":"follow","max-snippet":"max-snippet:-1","max-image-preview":"max-image-preview:large","max-video-preview":"max-video-preview:-1"},"canonical":"https:\/\/www.ghostysky.com\/pt\/produto-2\/gdu-s400-smart-remote-controller\/","og_locale":"pt_PT","og_type":"article","og_title":"GDU S400 Smart Remote Controller - Ghostysky","og_description":"The GDU S400 Smart Remote Controller is a high-performance ground station designed for professional drone pilots who require precision, durability, and a massive range. Built specifically to complement the GDU S400 enterprise drone, this controller bridges the gap between complex industrial data and intuitive flight control.","og_url":"https:\/\/www.ghostysky.com\/pt\/produto-2\/gdu-s400-smart-remote-controller\/","og_site_name":"Ghostysky","article_publisher":"https:\/\/www.facebook.com\/people\/Ghostysky\/100057676170234\/","article_modified_time":"2026-02-06T17:07:53+00:00","og_image":[{"width":1200,"height":1200,"url":"https:\/\/www.ghostysky.com\/wp-content\/uploads\/2026\/02\/GH_GDU-S400-Smart-Remote-Controller_1.webp","type":"image\/webp"}],"twitter_card":"summary_large_image","twitter_site":"@Gh0stysky","twitter_misc":{"Tempo estimado de leitura":"2 minutos"},"schema":{"@context":"https:\/\/schema.org","@graph":[{"@type":"WebPage","@id":"https:\/\/www.ghostysky.com\/product\/gdu-s400-smart-remote-controller\/","url":"https:\/\/www.ghostysky.com\/product\/gdu-s400-smart-remote-controller\/","name":"Controle Remoto Inteligente GDU S400 - Ghostysky","isPartOf":{"@id":"https:\/\/www.ghostysky.com\/#website"},"primaryImageOfPage":{"@id":"https:\/\/www.ghostysky.com\/product\/gdu-s400-smart-remote-controller\/#primaryimage"},"image":{"@id":"https:\/\/www.ghostysky.com\/product\/gdu-s400-smart-remote-controller\/#primaryimage"},"thumbnailUrl":"https:\/\/www.ghostysky.com\/wp-content\/uploads\/2026\/02\/GH_GDU-S400-Smart-Remote-Controller_1.webp","datePublished":"2026-02-06T16:57:32+00:00","dateModified":"2026-02-06T17:07:53+00:00","description":"O controlador remoto inteligente GDU S400 \u00e9 uma esta\u00e7\u00e3o terrestre de alto desempenho projetada para pilotos de drones profissionais que exigem precis\u00e3o, durabilidade e um alcance enorme. Constru\u00eddo especificamente para complementar o drone empresarial GDU S400, este controlador preenche a lacuna entre dados industriais complexos e controle de voo intuitivo.","breadcrumb":{"@id":"https:\/\/www.ghostysky.com\/product\/gdu-s400-smart-remote-controller\/#breadcrumb"},"inLanguage":"pt-PT","potentialAction":[{"@type":"ReadAction","target":["https:\/\/www.ghostysky.com\/product\/gdu-s400-smart-remote-controller\/"]}]},{"@type":"ImageObject","inLanguage":"pt-PT","@id":"https:\/\/www.ghostysky.com\/product\/gdu-s400-smart-remote-controller\/#primaryimage","url":"https:\/\/www.ghostysky.com\/wp-content\/uploads\/2026\/02\/GH_GDU-S400-Smart-Remote-Controller_1.webp","contentUrl":"https:\/\/www.ghostysky.com\/wp-content\/uploads\/2026\/02\/GH_GDU-S400-Smart-Remote-Controller_1.webp","width":1200,"height":1200},{"@type":"BreadcrumbList","@id":"https:\/\/www.ghostysky.com\/product\/gdu-s400-smart-remote-controller\/#breadcrumb","itemListElement":[{"@type":"ListItem","position":1,"name":"Home","item":"https:\/\/www.ghostysky.com\/"},{"@type":"ListItem","position":2,"name":"Shop","item":"https:\/\/www.ghostysky.com\/shop\/"},{"@type":"ListItem","position":3,"name":"GDU S400 Smart Remote Controller"}]},{"@type":"WebSite","@id":"https:\/\/www.ghostysky.com\/#website","url":"https:\/\/www.ghostysky.com\/","name":"Ghostysky","description":"Fornecendo drones e servi\u00e7os profissionais","publisher":{"@id":"https:\/\/www.ghostysky.com\/#organization"},"potentialAction":[{"@type":"SearchAction","target":{"@type":"EntryPoint","urlTemplate":"https:\/\/www.ghostysky.com\/?s={search_term_string}"},"query-input":{"@type":"PropertyValueSpecification","valueRequired":true,"valueName":"search_term_string"}}],"inLanguage":"pt-PT"},{"@type":"Organization","@id":"https:\/\/www.ghostysky.com\/#organization","name":"Ghostysky","url":"https:\/\/www.ghostysky.com\/","logo":{"@type":"ImageObject","inLanguage":"pt-PT","@id":"https:\/\/www.ghostysky.com\/#\/schema\/logo\/image\/","url":"https:\/\/www.ghostysky.com\/wp-content\/uploads\/2020\/06\/cropped-ghostyskylogo_text_white2.png","contentUrl":"https:\/\/www.ghostysky.com\/wp-content\/uploads\/2020\/06\/cropped-ghostyskylogo_text_white2.png","width":169,"height":56,"caption":"Ghostysky"},"image":{"@id":"https:\/\/www.ghostysky.com\/#\/schema\/logo\/image\/"},"sameAs":["https:\/\/www.facebook.com\/people\/Ghostysky\/100057676170234\/","https:\/\/x.com\/Gh0stysky","https:\/\/www.linkedin.com\/company\/34739653","https:\/\/www.instagram.com\/gh0stysky"]}]}},"_links":{"self":[{"href":"https:\/\/www.ghostysky.com\/pt\/wp-json\/wp\/v2\/product\/24073","targetHints":{"allow":["GET"]}}],"collection":[{"href":"https:\/\/www.ghostysky.com\/pt\/wp-json\/wp\/v2\/product"}],"about":[{"href":"https:\/\/www.ghostysky.com\/pt\/wp-json\/wp\/v2\/types\/product"}],"replies":[{"embeddable":true,"href":"https:\/\/www.ghostysky.com\/pt\/wp-json\/wp\/v2\/comments?post=24073"}],"wp:featuredmedia":[{"embeddable":true,"href":"https:\/\/www.ghostysky.com\/pt\/wp-json\/wp\/v2\/media\/24079"}],"wp:attachment":[{"href":"https:\/\/www.ghostysky.com\/pt\/wp-json\/wp\/v2\/media?parent=24073"}],"wp:term":[{"taxonomy":"product_brand","embeddable":true,"href":"https:\/\/www.ghostysky.com\/pt\/wp-json\/wp\/v2\/product_brand?post=24073"},{"taxonomy":"product_cat","embeddable":true,"href":"https:\/\/www.ghostysky.com\/pt\/wp-json\/wp\/v2\/product_cat?post=24073"},{"taxonomy":"product_tag","embeddable":true,"href":"https:\/\/www.ghostysky.com\/pt\/wp-json\/wp\/v2\/product_tag?post=24073"}],"curies":[{"name":"wp","href":"https:\/\/api.w.org\/{rel}","templated":true}]}}