{"id":24109,"date":"2026-02-08T08:27:15","date_gmt":"2026-02-08T08:27:15","guid":{"rendered":"https:\/\/www.ghostysky.com\/?post_type=product&#038;p=24109"},"modified":"2026-02-08T08:33:05","modified_gmt":"2026-02-08T08:33:05","slug":"gdu-s200-intelligent-flight-battery","status":"publish","type":"product","link":"https:\/\/www.ghostysky.com\/pt\/product\/gdu-s200-intelligent-flight-battery\/","title":{"rendered":"Bateria de voo inteligente GDU S200"},"content":{"rendered":"<h3 data-path-to-node=\"1\"><b data-path-to-node=\"1\" data-index-in-node=\"0\">Principais especifica\u00e7\u00f5es de desempenho<\/b><\/h3>\n<ul data-path-to-node=\"2\">\n<li>\n<p data-path-to-node=\"2,0,0\"><b data-path-to-node=\"2,0,0\" data-index-in-node=\"0\"><span class=\"citation-88\">Capacidade:<\/span><\/b><span class=\"citation-88 citation-end-88\"> 8000 mAh<\/span><\/p>\n<\/li>\n<li>\n<p data-path-to-node=\"2,1,0\"><b data-path-to-node=\"2,1,0\" data-index-in-node=\"0\"><span class=\"citation-87\">Energia:<\/span><\/b><span class=\"citation-87 citation-end-87\"> 115 Wh<\/span><\/p>\n<\/li>\n<li>\n<p data-path-to-node=\"2,2,0\"><b data-path-to-node=\"2,2,0\" data-index-in-node=\"0\"><span class=\"citation-86\">Voltagem:<\/span><\/b><span class=\"citation-86 citation-end-86\"> 14,8 V (Nominal)<\/span><\/p>\n<\/li>\n<li>\n<p data-path-to-node=\"2,3,0\"><b data-path-to-node=\"2,3,0\" data-index-in-node=\"0\">Tipo de Bateria:<\/b><span class=\"citation-85 citation-end-85\"> LiPo 4S<\/span><\/p>\n<\/li>\n<li>\n<p data-path-to-node=\"2,4,0\"><b data-path-to-node=\"2,4,0\" data-index-in-node=\"0\">Tempo do voo:<\/b><span class=\"citation-84\"> At\u00e9 <\/span><b data-path-to-node=\"2,4,0\" data-index-in-node=\"19\"><span class=\"citation-84\">45 minutos<\/span><\/b><span class=\"citation-84 citation-end-84\"> (nas plataformas S200\/S220, dependendo da carga \u00fatil e das condi\u00e7\u00f5es)<\/span><\/p>\n<\/li>\n<li>\n<p data-path-to-node=\"2,5,0\"><b data-path-to-node=\"2,5,0\" data-index-in-node=\"0\">Peso:<\/b> Aproximadamente 800g<\/p>\n<\/li>\n<\/ul>\n<h3 data-path-to-node=\"4\"><b data-path-to-node=\"4\" data-index-in-node=\"0\">Principais caracter\u00edsticas<\/b><\/h3>\n<ul data-path-to-node=\"5\">\n<li>\n<p data-path-to-node=\"5,0,0\"><b data-path-to-node=\"5,0,0\" data-index-in-node=\"0\">Sistema Inteligente de Gerenciamento de Bateria (BMS):<\/b> O termo &quot;Inteligente&quot; em seu nome prov\u00e9m do BMS integrado, que monitora o estado das c\u00e9lulas em tempo real. <span class=\"citation-83\">Oferece prote\u00e7\u00e3o integrada contra <\/span><b data-path-to-node=\"5,0,0\" data-index-in-node=\"182\"><span class=\"citation-83\">sobrecarga, descarga excessiva, sobretens\u00e3o e superaquecimento.<\/span><\/b><span class=\"citation-83 citation-end-83\">, garantindo que a bateria permane\u00e7a saud\u00e1vel ao longo de centenas de ciclos.<\/span><\/p>\n<\/li>\n<li>\n<p data-path-to-node=\"5,1,0\"><b data-path-to-node=\"5,1,0\" data-index-in-node=\"0\">Autoaquecimento para climas frios:<\/b><span class=\"citation-82\"> Projetada para ambientes adversos, a bateria opera em temperaturas que variam de <\/span><b data-path-to-node=\"5,1,0\" data-index-in-node=\"117\"><span class=\"citation-82\">-20\u00b0C a 55\u00b0C<\/span><\/b><span class=\"citation-82 citation-end-82\">.<\/span> Em condi\u00e7\u00f5es de frio extremo, ele pode utilizar o aquecimento interno para manter o desempenho de descarga ideal, evitando quedas repentinas de tens\u00e3o.<\/p>\n<\/li>\n<li>\n<p data-path-to-node=\"5,2,0\"><b data-path-to-node=\"5,2,0\" data-index-in-node=\"0\"><span class=\"citation-81\">Carregamento r\u00e1pido:<\/span><\/b><span class=\"citation-81\"> Quando usado com o hub de carregamento oficial da GDU, ele suporta uma pot\u00eancia m\u00e1xima de carregamento de <\/span><b data-path-to-node=\"5,2,0\" data-index-in-node=\"102\"><span class=\"citation-81\">272W<\/span><\/b><span class=\"citation-81 citation-end-81\">.<\/span> <span class=\"citation-80\">Isso permite que a bateria atinja uma carga completa em aproximadamente <\/span><b data-path-to-node=\"5,2,0\" data-index-in-node=\"172\"><span class=\"citation-80\">50 a 60 minutos<\/span><\/b><span class=\"citation-80 citation-end-80\">, ou uma r\u00e1pida \u201ccarga de campo\u201d (20% para 90%) em apenas 25 minutos.<\/span><\/p>\n<\/li>\n<li>\n<p data-path-to-node=\"5,3,0\"><b data-path-to-node=\"5,3,0\" data-index-in-node=\"0\"><span class=\"citation-79\">Indicadores de status LED:<\/span><\/b><span class=\"citation-79 citation-end-79\"> As luzes LED integradas permitem que os pilotos verifiquem o n\u00edvel de carga atual e o estado da bateria com o simples toque de um bot\u00e3o, mesmo quando a bateria n\u00e3o est\u00e1 instalada na aeronave.<\/span><\/p>\n<\/li>\n<li>\n<p data-path-to-node=\"5,4,0\"><b data-path-to-node=\"5,4,0\" data-index-in-node=\"0\">Design de encaixe seguro:<\/b> Possui um mecanismo de travamento mec\u00e2nico robusto para garantir uma conex\u00e3o de energia est\u00e1vel durante manobras em alta velocidade (at\u00e9 21 m\/s) e em condi\u00e7\u00f5es de vento forte.<\/p>\n<\/li>\n<\/ul>\n<h3 data-path-to-node=\"7\"><b data-path-to-node=\"7\" data-index-in-node=\"0\">Compatibilidade<\/b><\/h3>\n<p data-path-to-node=\"8\">Esta bateria \u00e9 a unidade de alimenta\u00e7\u00e3o padr\u00e3o para os seguintes modelos de GDU:<\/p>\n<ul data-path-to-node=\"9\">\n<li>\n<p data-path-to-node=\"9,0,0\"><b data-path-to-node=\"9,0,0\" data-index-in-node=\"0\"><span class=\"citation-78\">S200<\/span><\/b><span class=\"citation-78 citation-end-78\"> (Padr\u00e3o \/ C\u00e2mera Dupla)<\/span><\/p>\n<\/li>\n<li>\n<p data-path-to-node=\"9,1,0\"><b data-path-to-node=\"9,1,0\" data-index-in-node=\"0\"><span class=\"citation-77\">S220 \/ S220 Pro<\/span><\/b><span class=\"citation-77 citation-end-77\"> (Modelos com tr\u00eas c\u00e2meras\/c\u00e2meras t\u00e9rmicas)<\/span><\/p>\n<\/li>\n<\/ul>\n<blockquote data-path-to-node=\"10\">\n<p data-path-to-node=\"10,0\"><b data-path-to-node=\"10,0\" data-index-in-node=\"0\">Dica profissional:<\/b> Para obter a melhor durabilidade, a GDU recomenda armazenar essas baterias com uma carga de aproximadamente 50% caso n\u00e3o sejam utilizadas por mais de 10 dias.<\/p>\n<\/blockquote>","protected":false},"excerpt":{"rendered":"<p><span class=\"citation-90\">O <\/span><b data-path-to-node=\"0\" data-index-in-node=\"4\"><span class=\"citation-90\">Bateria de voo inteligente GDU ADC-200A<\/span><\/b><span class=\"citation-90 citation-end-90\"> \u00c9 uma fonte de alimenta\u00e7\u00e3o de alta capacidade projetada especificamente para os drones industriais da s\u00e9rie GDU S200.<\/span> <span class=\"citation-89 citation-end-89\">Projetado para opera\u00e7\u00f5es de miss\u00e3o cr\u00edtica, como inspe\u00e7\u00e3o de infraestrutura, resposta a emerg\u00eancias e seguran\u00e7a p\u00fablica, ele equilibra a densidade de pot\u00eancia com gerenciamento de seguran\u00e7a avan\u00e7ado.<\/span><\/p>","protected":false},"featured_media":24111,"comment_status":"open","ping_status":"closed","template":"","meta":[],"product_brand":[1369],"product_cat":[29,1360,1362,1359],"product_tag":[1370,1374,1371],"class_list":{"0":"post-24109","1":"product","2":"type-product","3":"status-publish","4":"has-post-thumbnail","6":"product_brand-gdu-tech","7":"product_cat-drones","8":"product_cat-gdu-s200-series","9":"product_cat-gdu-s200-series-accessories","10":"product_cat-gdu-tech","11":"product_tag-gdu-s200-series","12":"product_tag-gdu-s200-series-accessories","13":"product_tag-gdu-tech","15":"first","16":"outofstock","17":"taxable","18":"shipping-taxable","19":"purchasable","20":"product-type-simple"},"yoast_head":"<!-- This site is optimized with the Yoast SEO plugin v27.1.1 - https:\/\/yoast.com\/product\/yoast-seo-wordpress\/ -->\n<title>GDU S200 intelligent flight battery - Ghostysky<\/title>\n<meta name=\"description\" content=\"The GDU ADC-200A Intelligent Flight Battery is a high-capacity power source engineered specifically for the GDU S200 Series industrial drones. Designed for mission-critical operations such as infrastructure inspection, emergency response, and public safety, it balances power density with advanced safety management.\" \/>\n<meta name=\"robots\" content=\"index, follow, max-snippet:-1, max-image-preview:large, max-video-preview:-1\" \/>\n<link rel=\"canonical\" href=\"https:\/\/www.ghostysky.com\/pt\/produto-2\/gdu-s200-intelligent-flight-battery\/\" \/>\n<meta property=\"og:locale\" content=\"pt_PT\" \/>\n<meta property=\"og:type\" content=\"article\" \/>\n<meta property=\"og:title\" content=\"GDU S200 intelligent flight battery - Ghostysky\" \/>\n<meta property=\"og:description\" content=\"The GDU ADC-200A Intelligent Flight Battery is a high-capacity power source engineered specifically for the GDU S200 Series industrial drones. Designed for mission-critical operations such as infrastructure inspection, emergency response, and public safety, it balances power density with advanced safety management.\" \/>\n<meta property=\"og:url\" content=\"https:\/\/www.ghostysky.com\/pt\/produto-2\/gdu-s200-intelligent-flight-battery\/\" \/>\n<meta property=\"og:site_name\" content=\"Ghostysky\" \/>\n<meta property=\"article:publisher\" content=\"https:\/\/www.facebook.com\/people\/Ghostysky\/100057676170234\/\" \/>\n<meta property=\"article:modified_time\" content=\"2026-02-08T08:33:05+00:00\" \/>\n<meta property=\"og:image\" content=\"https:\/\/www.ghostysky.com\/wp-content\/uploads\/2026\/02\/GH_S200-intelligent-flight-battery_1.webp\" \/>\n\t<meta property=\"og:image:width\" content=\"1200\" \/>\n\t<meta property=\"og:image:height\" content=\"1200\" \/>\n\t<meta property=\"og:image:type\" content=\"image\/webp\" \/>\n<meta name=\"twitter:card\" content=\"summary_large_image\" \/>\n<meta name=\"twitter:site\" content=\"@Gh0stysky\" \/>\n<meta name=\"twitter:label1\" content=\"Tempo estimado de leitura\" \/>\n\t<meta name=\"twitter:data1\" content=\"2 minutos\" \/>\n<script type=\"application\/ld+json\" class=\"yoast-schema-graph\">{\"@context\":\"https:\/\/schema.org\",\"@graph\":[{\"@type\":\"WebPage\",\"@id\":\"https:\/\/www.ghostysky.com\/product\/gdu-s200-intelligent-flight-battery\/\",\"url\":\"https:\/\/www.ghostysky.com\/product\/gdu-s200-intelligent-flight-battery\/\",\"name\":\"GDU S200 intelligent flight battery - Ghostysky\",\"isPartOf\":{\"@id\":\"https:\/\/www.ghostysky.com\/#website\"},\"primaryImageOfPage\":{\"@id\":\"https:\/\/www.ghostysky.com\/product\/gdu-s200-intelligent-flight-battery\/#primaryimage\"},\"image\":{\"@id\":\"https:\/\/www.ghostysky.com\/product\/gdu-s200-intelligent-flight-battery\/#primaryimage\"},\"thumbnailUrl\":\"https:\/\/www.ghostysky.com\/wp-content\/uploads\/2026\/02\/GH_S200-intelligent-flight-battery_1.webp\",\"datePublished\":\"2026-02-08T08:27:15+00:00\",\"dateModified\":\"2026-02-08T08:33:05+00:00\",\"description\":\"The GDU ADC-200A Intelligent Flight Battery is a high-capacity power source engineered specifically for the GDU S200 Series industrial drones. Designed for mission-critical operations such as infrastructure inspection, emergency response, and public safety, it balances power density with advanced safety management.\",\"breadcrumb\":{\"@id\":\"https:\/\/www.ghostysky.com\/product\/gdu-s200-intelligent-flight-battery\/#breadcrumb\"},\"inLanguage\":\"pt-PT\",\"potentialAction\":[{\"@type\":\"ReadAction\",\"target\":[\"https:\/\/www.ghostysky.com\/product\/gdu-s200-intelligent-flight-battery\/\"]}]},{\"@type\":\"ImageObject\",\"inLanguage\":\"pt-PT\",\"@id\":\"https:\/\/www.ghostysky.com\/product\/gdu-s200-intelligent-flight-battery\/#primaryimage\",\"url\":\"https:\/\/www.ghostysky.com\/wp-content\/uploads\/2026\/02\/GH_S200-intelligent-flight-battery_1.webp\",\"contentUrl\":\"https:\/\/www.ghostysky.com\/wp-content\/uploads\/2026\/02\/GH_S200-intelligent-flight-battery_1.webp\",\"width\":1200,\"height\":1200},{\"@type\":\"BreadcrumbList\",\"@id\":\"https:\/\/www.ghostysky.com\/product\/gdu-s200-intelligent-flight-battery\/#breadcrumb\",\"itemListElement\":[{\"@type\":\"ListItem\",\"position\":1,\"name\":\"Home\",\"item\":\"https:\/\/www.ghostysky.com\/\"},{\"@type\":\"ListItem\",\"position\":2,\"name\":\"Shop\",\"item\":\"https:\/\/www.ghostysky.com\/shop\/\"},{\"@type\":\"ListItem\",\"position\":3,\"name\":\"GDU S200 intelligent flight battery\"}]},{\"@type\":\"WebSite\",\"@id\":\"https:\/\/www.ghostysky.com\/#website\",\"url\":\"https:\/\/www.ghostysky.com\/\",\"name\":\"Ghostysky\",\"description\":\"Delivering professional drones and services\",\"publisher\":{\"@id\":\"https:\/\/www.ghostysky.com\/#organization\"},\"potentialAction\":[{\"@type\":\"SearchAction\",\"target\":{\"@type\":\"EntryPoint\",\"urlTemplate\":\"https:\/\/www.ghostysky.com\/?s={search_term_string}\"},\"query-input\":{\"@type\":\"PropertyValueSpecification\",\"valueRequired\":true,\"valueName\":\"search_term_string\"}}],\"inLanguage\":\"pt-PT\"},{\"@type\":\"Organization\",\"@id\":\"https:\/\/www.ghostysky.com\/#organization\",\"name\":\"Ghostysky\",\"url\":\"https:\/\/www.ghostysky.com\/\",\"logo\":{\"@type\":\"ImageObject\",\"inLanguage\":\"pt-PT\",\"@id\":\"https:\/\/www.ghostysky.com\/#\/schema\/logo\/image\/\",\"url\":\"https:\/\/www.ghostysky.com\/wp-content\/uploads\/2020\/06\/cropped-ghostyskylogo_text_white2.png\",\"contentUrl\":\"https:\/\/www.ghostysky.com\/wp-content\/uploads\/2020\/06\/cropped-ghostyskylogo_text_white2.png\",\"width\":169,\"height\":56,\"caption\":\"Ghostysky\"},\"image\":{\"@id\":\"https:\/\/www.ghostysky.com\/#\/schema\/logo\/image\/\"},\"sameAs\":[\"https:\/\/www.facebook.com\/people\/Ghostysky\/100057676170234\/\",\"https:\/\/x.com\/Gh0stysky\",\"https:\/\/www.linkedin.com\/company\/34739653\",\"https:\/\/www.instagram.com\/gh0stysky\"]}]}<\/script>\n<!-- \/ Yoast SEO plugin. -->","yoast_head_json":{"title":"Bateria de voo inteligente GDU S200 - Ghostysky","description":"A bateria de voo inteligente GDU ADC-200A \u00e9 uma fonte de energia de alta capacidade projetada especificamente para os drones industriais da s\u00e9rie GDU S200. Concebida para opera\u00e7\u00f5es de miss\u00e3o cr\u00edtica, como inspe\u00e7\u00e3o de infraestrutura, resposta a emerg\u00eancias e seguran\u00e7a p\u00fablica, ela equilibra a densidade de energia com gerenciamento de seguran\u00e7a avan\u00e7ado.","robots":{"index":"index","follow":"follow","max-snippet":"max-snippet:-1","max-image-preview":"max-image-preview:large","max-video-preview":"max-video-preview:-1"},"canonical":"https:\/\/www.ghostysky.com\/pt\/produto-2\/gdu-s200-intelligent-flight-battery\/","og_locale":"pt_PT","og_type":"article","og_title":"GDU S200 intelligent flight battery - Ghostysky","og_description":"The GDU ADC-200A Intelligent Flight Battery is a high-capacity power source engineered specifically for the GDU S200 Series industrial drones. Designed for mission-critical operations such as infrastructure inspection, emergency response, and public safety, it balances power density with advanced safety management.","og_url":"https:\/\/www.ghostysky.com\/pt\/produto-2\/gdu-s200-intelligent-flight-battery\/","og_site_name":"Ghostysky","article_publisher":"https:\/\/www.facebook.com\/people\/Ghostysky\/100057676170234\/","article_modified_time":"2026-02-08T08:33:05+00:00","og_image":[{"width":1200,"height":1200,"url":"https:\/\/www.ghostysky.com\/wp-content\/uploads\/2026\/02\/GH_S200-intelligent-flight-battery_1.webp","type":"image\/webp"}],"twitter_card":"summary_large_image","twitter_site":"@Gh0stysky","twitter_misc":{"Tempo estimado de leitura":"2 minutos"},"schema":{"@context":"https:\/\/schema.org","@graph":[{"@type":"WebPage","@id":"https:\/\/www.ghostysky.com\/product\/gdu-s200-intelligent-flight-battery\/","url":"https:\/\/www.ghostysky.com\/product\/gdu-s200-intelligent-flight-battery\/","name":"Bateria de voo inteligente GDU S200 - Ghostysky","isPartOf":{"@id":"https:\/\/www.ghostysky.com\/#website"},"primaryImageOfPage":{"@id":"https:\/\/www.ghostysky.com\/product\/gdu-s200-intelligent-flight-battery\/#primaryimage"},"image":{"@id":"https:\/\/www.ghostysky.com\/product\/gdu-s200-intelligent-flight-battery\/#primaryimage"},"thumbnailUrl":"https:\/\/www.ghostysky.com\/wp-content\/uploads\/2026\/02\/GH_S200-intelligent-flight-battery_1.webp","datePublished":"2026-02-08T08:27:15+00:00","dateModified":"2026-02-08T08:33:05+00:00","description":"A bateria de voo inteligente GDU ADC-200A \u00e9 uma fonte de energia de alta capacidade projetada especificamente para os drones industriais da s\u00e9rie GDU S200. Concebida para opera\u00e7\u00f5es de miss\u00e3o cr\u00edtica, como inspe\u00e7\u00e3o de infraestrutura, resposta a emerg\u00eancias e seguran\u00e7a p\u00fablica, ela equilibra a densidade de energia com gerenciamento de seguran\u00e7a avan\u00e7ado.","breadcrumb":{"@id":"https:\/\/www.ghostysky.com\/product\/gdu-s200-intelligent-flight-battery\/#breadcrumb"},"inLanguage":"pt-PT","potentialAction":[{"@type":"ReadAction","target":["https:\/\/www.ghostysky.com\/product\/gdu-s200-intelligent-flight-battery\/"]}]},{"@type":"ImageObject","inLanguage":"pt-PT","@id":"https:\/\/www.ghostysky.com\/product\/gdu-s200-intelligent-flight-battery\/#primaryimage","url":"https:\/\/www.ghostysky.com\/wp-content\/uploads\/2026\/02\/GH_S200-intelligent-flight-battery_1.webp","contentUrl":"https:\/\/www.ghostysky.com\/wp-content\/uploads\/2026\/02\/GH_S200-intelligent-flight-battery_1.webp","width":1200,"height":1200},{"@type":"BreadcrumbList","@id":"https:\/\/www.ghostysky.com\/product\/gdu-s200-intelligent-flight-battery\/#breadcrumb","itemListElement":[{"@type":"ListItem","position":1,"name":"Home","item":"https:\/\/www.ghostysky.com\/"},{"@type":"ListItem","position":2,"name":"Shop","item":"https:\/\/www.ghostysky.com\/shop\/"},{"@type":"ListItem","position":3,"name":"GDU S200 intelligent flight battery"}]},{"@type":"WebSite","@id":"https:\/\/www.ghostysky.com\/#website","url":"https:\/\/www.ghostysky.com\/","name":"Ghostysky","description":"Fornecendo drones e servi\u00e7os profissionais","publisher":{"@id":"https:\/\/www.ghostysky.com\/#organization"},"potentialAction":[{"@type":"SearchAction","target":{"@type":"EntryPoint","urlTemplate":"https:\/\/www.ghostysky.com\/?s={search_term_string}"},"query-input":{"@type":"PropertyValueSpecification","valueRequired":true,"valueName":"search_term_string"}}],"inLanguage":"pt-PT"},{"@type":"Organization","@id":"https:\/\/www.ghostysky.com\/#organization","name":"Ghostysky","url":"https:\/\/www.ghostysky.com\/","logo":{"@type":"ImageObject","inLanguage":"pt-PT","@id":"https:\/\/www.ghostysky.com\/#\/schema\/logo\/image\/","url":"https:\/\/www.ghostysky.com\/wp-content\/uploads\/2020\/06\/cropped-ghostyskylogo_text_white2.png","contentUrl":"https:\/\/www.ghostysky.com\/wp-content\/uploads\/2020\/06\/cropped-ghostyskylogo_text_white2.png","width":169,"height":56,"caption":"Ghostysky"},"image":{"@id":"https:\/\/www.ghostysky.com\/#\/schema\/logo\/image\/"},"sameAs":["https:\/\/www.facebook.com\/people\/Ghostysky\/100057676170234\/","https:\/\/x.com\/Gh0stysky","https:\/\/www.linkedin.com\/company\/34739653","https:\/\/www.instagram.com\/gh0stysky"]}]}},"_links":{"self":[{"href":"https:\/\/www.ghostysky.com\/pt\/wp-json\/wp\/v2\/product\/24109","targetHints":{"allow":["GET"]}}],"collection":[{"href":"https:\/\/www.ghostysky.com\/pt\/wp-json\/wp\/v2\/product"}],"about":[{"href":"https:\/\/www.ghostysky.com\/pt\/wp-json\/wp\/v2\/types\/product"}],"replies":[{"embeddable":true,"href":"https:\/\/www.ghostysky.com\/pt\/wp-json\/wp\/v2\/comments?post=24109"}],"wp:featuredmedia":[{"embeddable":true,"href":"https:\/\/www.ghostysky.com\/pt\/wp-json\/wp\/v2\/media\/24111"}],"wp:attachment":[{"href":"https:\/\/www.ghostysky.com\/pt\/wp-json\/wp\/v2\/media?parent=24109"}],"wp:term":[{"taxonomy":"product_brand","embeddable":true,"href":"https:\/\/www.ghostysky.com\/pt\/wp-json\/wp\/v2\/product_brand?post=24109"},{"taxonomy":"product_cat","embeddable":true,"href":"https:\/\/www.ghostysky.com\/pt\/wp-json\/wp\/v2\/product_cat?post=24109"},{"taxonomy":"product_tag","embeddable":true,"href":"https:\/\/www.ghostysky.com\/pt\/wp-json\/wp\/v2\/product_tag?post=24109"}],"curies":[{"name":"wp","href":"https:\/\/api.w.org\/{rel}","templated":true}]}}