{"id":24119,"date":"2026-02-08T08:52:55","date_gmt":"2026-02-08T08:52:55","guid":{"rendered":"https:\/\/www.ghostysky.com\/?post_type=product&#038;p=24119"},"modified":"2026-02-08T09:01:53","modified_gmt":"2026-02-08T09:01:53","slug":"gdu-s200-4g-expansion-module","status":"publish","type":"product","link":"https:\/\/www.ghostysky.com\/pt\/product\/gdu-s200-4g-expansion-module\/","title":{"rendered":"M\u00f3dulo de Expans\u00e3o 4G GDU S200"},"content":{"rendered":"<h3 data-path-to-node=\"1\">Caracter\u00edsticas principais<\/h3>\n<ul data-path-to-node=\"2\">\n<li>\n<p data-path-to-node=\"2,0,0\"><b data-path-to-node=\"2,0,0\" data-index-in-node=\"0\"><span class=\"citation-146\">Al\u00e9m da linha de vis\u00e3o visual (BVLOS):<\/span><\/b><span class=\"citation-146 citation-end-146\"> Ao utilizar redes 4G\/LTE, o m\u00f3dulo elimina as limita\u00e7\u00f5es de dist\u00e2ncia dos controles remotos padr\u00e3o, permitindo opera\u00e7\u00f5es de longo alcance onde houver cobertura celular dispon\u00edvel.<\/span><\/p>\n<\/li>\n<li>\n<p data-path-to-node=\"2,1,0\"><b data-path-to-node=\"2,1,0\" data-index-in-node=\"0\">Estabilidade de transmiss\u00e3o aprimorada:<\/b> Ele fornece um link de dados redundante. <span class=\"citation-145 citation-end-145\">Caso o sinal principal do OcuSync seja obstru\u00eddo por edif\u00edcios ou pelo terreno, o m\u00f3dulo 4G mant\u00e9m o fluxo de v\u00eddeo e a telemetria.<\/span><\/p>\n<\/li>\n<li>\n<p data-path-to-node=\"2,2,0\"><b data-path-to-node=\"2,2,0\" data-index-in-node=\"0\"><span class=\"citation-144\">Sincroniza\u00e7\u00e3o na nuvem:<\/span><\/b><span class=\"citation-144 citation-end-144\"> Permite o carregamento de dados em tempo real e o monitoramento remoto de miss\u00f5es por meio das plataformas em nuvem da GDU, o que \u00e9 essencial para a coordena\u00e7\u00e3o do centro de comando.<\/span><\/p>\n<\/li>\n<li>\n<p data-path-to-node=\"2,3,0\"><b data-path-to-node=\"2,3,0\" data-index-in-node=\"0\">Integra\u00e7\u00e3o Plug-and-Play:<\/b> Projetado para a porta de expans\u00e3o dedicada do S200, o m\u00f3dulo \u00e9 compacto e leve para garantir que n\u00e3o afete significativamente a autonomia de voo.<\/p>\n<\/li>\n<\/ul>\n<h3 data-path-to-node=\"4\">Especifica\u00e7\u00f5es t\u00e9cnicas<\/h3>\n<table data-path-to-node=\"5\">\n<thead>\n<tr>\n<td><strong>Recurso<\/strong><\/td>\n<td><strong>Detalhes<\/strong><\/td>\n<\/tr>\n<\/thead>\n<tbody>\n<tr>\n<td><span data-path-to-node=\"5,1,0,0\"><b data-path-to-node=\"5,1,0,0\" data-index-in-node=\"0\">Modelo<\/b><\/span><\/td>\n<td><span data-path-to-node=\"5,1,1,0\">A4G-200A<\/span><\/td>\n<\/tr>\n<tr>\n<td><span data-path-to-node=\"5,2,0,0\"><b data-path-to-node=\"5,2,0,0\" data-index-in-node=\"0\">Compatibilidade<\/b><\/span><\/td>\n<td><span data-path-to-node=\"5,2,1,0\">GDU S200, S220, S220 Pro<\/span><\/td>\n<\/tr>\n<tr>\n<td><span data-path-to-node=\"5,3,0,0\"><b data-path-to-node=\"5,3,0,0\" data-index-in-node=\"0\">Interface<\/b><\/span><\/td>\n<td><span data-path-to-node=\"5,3,1,0\">Porta dedicada Type-C \/ Porta de expans\u00e3o<\/span><\/td>\n<\/tr>\n<tr>\n<td><span data-path-to-node=\"5,4,0,0\"><b data-path-to-node=\"5,4,0,0\" data-index-in-node=\"0\">Suporte de rede<\/b><\/span><\/td>\n<td><span data-path-to-node=\"5,4,1,0\">4G LTE (requer um cart\u00e3o Nano-SIM)<\/span><\/td>\n<\/tr>\n<tr>\n<td><span data-path-to-node=\"5,5,0,0\"><b data-path-to-node=\"5,5,0,0\" data-index-in-node=\"0\">Fun\u00e7\u00f5es principais<\/b><\/span><\/td>\n<td><span data-path-to-node=\"5,5,1,0\">Transmiss\u00e3o em tempo real, controle remoto em rede, sincroniza\u00e7\u00e3o na nuvem<\/span><\/td>\n<\/tr>\n<tr>\n<td><span data-path-to-node=\"5,6,0,0\"><b data-path-to-node=\"5,6,0,0\" data-index-in-node=\"0\">Temperatura de opera\u00e7\u00e3o<\/b><\/span><\/td>\n<td><span data-path-to-node=\"5,6,1,0\">-20\u00b0C a 50\u00b0C (Grau Industrial)<\/span><\/td>\n<\/tr>\n<\/tbody>\n<\/table>\n<p>&nbsp;<\/p>\n<h3 data-path-to-node=\"7\">Por que us\u00e1-lo?<\/h3>\n<p data-path-to-node=\"8\">Em cen\u00e1rios industriais como <b data-path-to-node=\"8\" data-index-in-node=\"29\">inspe\u00e7\u00f5es de linhas de energia<\/b>, <b data-path-to-node=\"8\" data-index-in-node=\"53\">seguran\u00e7a urbana<\/b>, ou <b data-path-to-node=\"8\" data-index-in-node=\"72\">busca e salvamento<\/b>, Interfer\u00eancias de sinal ou obst\u00e1culos f\u00edsicos frequentemente interrompem a conex\u00e3o entre o piloto e o drone. O m\u00f3dulo S200 4G atua como uma &quot;rede de seguran\u00e7a&quot;, garantindo que o fluxo de v\u00eddeo 8K e os dados de reconhecimento de IA permane\u00e7am ativos mesmo em ambientes complexos e com obstru\u00e7\u00f5es.<\/p>","protected":false},"excerpt":{"rendered":"<p><span class=\"citation-147\">O <\/span><b data-path-to-node=\"0\" data-index-in-node=\"4\"><span class=\"citation-147\">M\u00f3dulo de Expans\u00e3o 4G GDU S200<\/span><\/b><span class=\"citation-147\"> (Modelo: <\/span><b data-path-to-node=\"0\" data-index-in-node=\"41\"><span class=\"citation-147\">A4G-200A<\/span><\/b><span class=\"citation-147 citation-end-147\">) \u00e9 um terminal a\u00e9reo especializado, projetado especificamente para os drones industriais da s\u00e9rie GDU S200.<\/span> Serve como uma ponte de comunica\u00e7\u00e3o de alta velocidade que faz a transi\u00e7\u00e3o da conectividade do drone de links de radiofrequ\u00eancia (RF) tradicionais para redes celulares.<\/p>","protected":false},"featured_media":24121,"comment_status":"open","ping_status":"closed","template":"","meta":[],"product_brand":[1369],"product_cat":[29,1360,1362,1359],"product_tag":[1370,1374,1371],"class_list":{"0":"post-24119","1":"product","2":"type-product","3":"status-publish","4":"has-post-thumbnail","6":"product_brand-gdu-tech","7":"product_cat-drones","8":"product_cat-gdu-s200-series","9":"product_cat-gdu-s200-series-accessories","10":"product_cat-gdu-tech","11":"product_tag-gdu-s200-series","12":"product_tag-gdu-s200-series-accessories","13":"product_tag-gdu-tech","15":"first","16":"outofstock","17":"taxable","18":"shipping-taxable","19":"product-type-simple"},"yoast_head":"<!-- This site is optimized with the Yoast SEO plugin v27.1.1 - https:\/\/yoast.com\/product\/yoast-seo-wordpress\/ -->\n<title>GDU S200 4G Expansion Module - Ghostysky<\/title>\n<meta name=\"description\" content=\"The GDU S200 4G Expansion Module (Model: A4G-200A) is a specialized airborne terminal designed specifically for the GDU S200 series industrial drones. It serves as a high-speed communication bridge that transitions the drone&#039;s connectivity from traditional radio frequency (RF) links to cellular networks.\" \/>\n<meta name=\"robots\" content=\"index, follow, max-snippet:-1, max-image-preview:large, max-video-preview:-1\" \/>\n<link rel=\"canonical\" href=\"https:\/\/www.ghostysky.com\/pt\/produto-2\/gdu-s200-4g-expansion-module\/\" \/>\n<meta property=\"og:locale\" content=\"pt_PT\" \/>\n<meta property=\"og:type\" content=\"article\" \/>\n<meta property=\"og:title\" content=\"GDU S200 4G Expansion Module - Ghostysky\" \/>\n<meta property=\"og:description\" content=\"The GDU S200 4G Expansion Module (Model: A4G-200A) is a specialized airborne terminal designed specifically for the GDU S200 series industrial drones. It serves as a high-speed communication bridge that transitions the drone&#039;s connectivity from traditional radio frequency (RF) links to cellular networks.\" \/>\n<meta property=\"og:url\" content=\"https:\/\/www.ghostysky.com\/pt\/produto-2\/gdu-s200-4g-expansion-module\/\" \/>\n<meta property=\"og:site_name\" content=\"Ghostysky\" \/>\n<meta property=\"article:publisher\" content=\"https:\/\/www.facebook.com\/people\/Ghostysky\/100057676170234\/\" \/>\n<meta property=\"article:modified_time\" content=\"2026-02-08T09:01:53+00:00\" \/>\n<meta property=\"og:image\" content=\"https:\/\/www.ghostysky.com\/wp-content\/uploads\/2026\/02\/GH_GDU-S200-4G-Expansion-Module_1.webp\" \/>\n\t<meta property=\"og:image:width\" content=\"1200\" \/>\n\t<meta property=\"og:image:height\" content=\"1200\" \/>\n\t<meta property=\"og:image:type\" content=\"image\/webp\" \/>\n<meta name=\"twitter:card\" content=\"summary_large_image\" \/>\n<meta name=\"twitter:site\" content=\"@Gh0stysky\" \/>\n<meta name=\"twitter:label1\" content=\"Tempo estimado de leitura\" \/>\n\t<meta name=\"twitter:data1\" content=\"2 minutos\" \/>\n<script type=\"application\/ld+json\" class=\"yoast-schema-graph\">{\"@context\":\"https:\/\/schema.org\",\"@graph\":[{\"@type\":\"WebPage\",\"@id\":\"https:\/\/www.ghostysky.com\/product\/gdu-s200-4g-expansion-module\/\",\"url\":\"https:\/\/www.ghostysky.com\/product\/gdu-s200-4g-expansion-module\/\",\"name\":\"GDU S200 4G Expansion Module - Ghostysky\",\"isPartOf\":{\"@id\":\"https:\/\/www.ghostysky.com\/#website\"},\"primaryImageOfPage\":{\"@id\":\"https:\/\/www.ghostysky.com\/product\/gdu-s200-4g-expansion-module\/#primaryimage\"},\"image\":{\"@id\":\"https:\/\/www.ghostysky.com\/product\/gdu-s200-4g-expansion-module\/#primaryimage\"},\"thumbnailUrl\":\"https:\/\/www.ghostysky.com\/wp-content\/uploads\/2026\/02\/GH_GDU-S200-4G-Expansion-Module_1.webp\",\"datePublished\":\"2026-02-08T08:52:55+00:00\",\"dateModified\":\"2026-02-08T09:01:53+00:00\",\"description\":\"The GDU S200 4G Expansion Module (Model: A4G-200A) is a specialized airborne terminal designed specifically for the GDU S200 series industrial drones. It serves as a high-speed communication bridge that transitions the drone's connectivity from traditional radio frequency (RF) links to cellular networks.\",\"breadcrumb\":{\"@id\":\"https:\/\/www.ghostysky.com\/product\/gdu-s200-4g-expansion-module\/#breadcrumb\"},\"inLanguage\":\"pt-PT\",\"potentialAction\":[{\"@type\":\"ReadAction\",\"target\":[\"https:\/\/www.ghostysky.com\/product\/gdu-s200-4g-expansion-module\/\"]}]},{\"@type\":\"ImageObject\",\"inLanguage\":\"pt-PT\",\"@id\":\"https:\/\/www.ghostysky.com\/product\/gdu-s200-4g-expansion-module\/#primaryimage\",\"url\":\"https:\/\/www.ghostysky.com\/wp-content\/uploads\/2026\/02\/GH_GDU-S200-4G-Expansion-Module_1.webp\",\"contentUrl\":\"https:\/\/www.ghostysky.com\/wp-content\/uploads\/2026\/02\/GH_GDU-S200-4G-Expansion-Module_1.webp\",\"width\":1200,\"height\":1200},{\"@type\":\"BreadcrumbList\",\"@id\":\"https:\/\/www.ghostysky.com\/product\/gdu-s200-4g-expansion-module\/#breadcrumb\",\"itemListElement\":[{\"@type\":\"ListItem\",\"position\":1,\"name\":\"Home\",\"item\":\"https:\/\/www.ghostysky.com\/\"},{\"@type\":\"ListItem\",\"position\":2,\"name\":\"Shop\",\"item\":\"https:\/\/www.ghostysky.com\/shop\/\"},{\"@type\":\"ListItem\",\"position\":3,\"name\":\"GDU S200 4G Expansion Module\"}]},{\"@type\":\"WebSite\",\"@id\":\"https:\/\/www.ghostysky.com\/#website\",\"url\":\"https:\/\/www.ghostysky.com\/\",\"name\":\"Ghostysky\",\"description\":\"Delivering professional drones and services\",\"publisher\":{\"@id\":\"https:\/\/www.ghostysky.com\/#organization\"},\"potentialAction\":[{\"@type\":\"SearchAction\",\"target\":{\"@type\":\"EntryPoint\",\"urlTemplate\":\"https:\/\/www.ghostysky.com\/?s={search_term_string}\"},\"query-input\":{\"@type\":\"PropertyValueSpecification\",\"valueRequired\":true,\"valueName\":\"search_term_string\"}}],\"inLanguage\":\"pt-PT\"},{\"@type\":\"Organization\",\"@id\":\"https:\/\/www.ghostysky.com\/#organization\",\"name\":\"Ghostysky\",\"url\":\"https:\/\/www.ghostysky.com\/\",\"logo\":{\"@type\":\"ImageObject\",\"inLanguage\":\"pt-PT\",\"@id\":\"https:\/\/www.ghostysky.com\/#\/schema\/logo\/image\/\",\"url\":\"https:\/\/www.ghostysky.com\/wp-content\/uploads\/2020\/06\/cropped-ghostyskylogo_text_white2.png\",\"contentUrl\":\"https:\/\/www.ghostysky.com\/wp-content\/uploads\/2020\/06\/cropped-ghostyskylogo_text_white2.png\",\"width\":169,\"height\":56,\"caption\":\"Ghostysky\"},\"image\":{\"@id\":\"https:\/\/www.ghostysky.com\/#\/schema\/logo\/image\/\"},\"sameAs\":[\"https:\/\/www.facebook.com\/people\/Ghostysky\/100057676170234\/\",\"https:\/\/x.com\/Gh0stysky\",\"https:\/\/www.linkedin.com\/company\/34739653\",\"https:\/\/www.instagram.com\/gh0stysky\"]}]}<\/script>\n<!-- \/ Yoast SEO plugin. -->","yoast_head_json":{"title":"M\u00f3dulo de expans\u00e3o GDU S200 4G - Ghostysky","description":"O M\u00f3dulo de Expans\u00e3o 4G GDU S200 (Modelo: A4G-200A) \u00e9 um terminal a\u00e9reo especializado, projetado especificamente para os drones industriais da s\u00e9rie GDU S200. Ele funciona como uma ponte de comunica\u00e7\u00e3o de alta velocidade, fazendo a transi\u00e7\u00e3o da conectividade do drone de links de radiofrequ\u00eancia (RF) tradicionais para redes celulares.","robots":{"index":"index","follow":"follow","max-snippet":"max-snippet:-1","max-image-preview":"max-image-preview:large","max-video-preview":"max-video-preview:-1"},"canonical":"https:\/\/www.ghostysky.com\/pt\/produto-2\/gdu-s200-4g-expansion-module\/","og_locale":"pt_PT","og_type":"article","og_title":"GDU S200 4G Expansion Module - Ghostysky","og_description":"The GDU S200 4G Expansion Module (Model: A4G-200A) is a specialized airborne terminal designed specifically for the GDU S200 series industrial drones. It serves as a high-speed communication bridge that transitions the drone's connectivity from traditional radio frequency (RF) links to cellular networks.","og_url":"https:\/\/www.ghostysky.com\/pt\/produto-2\/gdu-s200-4g-expansion-module\/","og_site_name":"Ghostysky","article_publisher":"https:\/\/www.facebook.com\/people\/Ghostysky\/100057676170234\/","article_modified_time":"2026-02-08T09:01:53+00:00","og_image":[{"width":1200,"height":1200,"url":"https:\/\/www.ghostysky.com\/wp-content\/uploads\/2026\/02\/GH_GDU-S200-4G-Expansion-Module_1.webp","type":"image\/webp"}],"twitter_card":"summary_large_image","twitter_site":"@Gh0stysky","twitter_misc":{"Tempo estimado de leitura":"2 minutos"},"schema":{"@context":"https:\/\/schema.org","@graph":[{"@type":"WebPage","@id":"https:\/\/www.ghostysky.com\/product\/gdu-s200-4g-expansion-module\/","url":"https:\/\/www.ghostysky.com\/product\/gdu-s200-4g-expansion-module\/","name":"M\u00f3dulo de expans\u00e3o GDU S200 4G - Ghostysky","isPartOf":{"@id":"https:\/\/www.ghostysky.com\/#website"},"primaryImageOfPage":{"@id":"https:\/\/www.ghostysky.com\/product\/gdu-s200-4g-expansion-module\/#primaryimage"},"image":{"@id":"https:\/\/www.ghostysky.com\/product\/gdu-s200-4g-expansion-module\/#primaryimage"},"thumbnailUrl":"https:\/\/www.ghostysky.com\/wp-content\/uploads\/2026\/02\/GH_GDU-S200-4G-Expansion-Module_1.webp","datePublished":"2026-02-08T08:52:55+00:00","dateModified":"2026-02-08T09:01:53+00:00","description":"O M\u00f3dulo de Expans\u00e3o 4G GDU S200 (Modelo: A4G-200A) \u00e9 um terminal a\u00e9reo especializado, projetado especificamente para os drones industriais da s\u00e9rie GDU S200. Ele funciona como uma ponte de comunica\u00e7\u00e3o de alta velocidade, fazendo a transi\u00e7\u00e3o da conectividade do drone de links de radiofrequ\u00eancia (RF) tradicionais para redes celulares.","breadcrumb":{"@id":"https:\/\/www.ghostysky.com\/product\/gdu-s200-4g-expansion-module\/#breadcrumb"},"inLanguage":"pt-PT","potentialAction":[{"@type":"ReadAction","target":["https:\/\/www.ghostysky.com\/product\/gdu-s200-4g-expansion-module\/"]}]},{"@type":"ImageObject","inLanguage":"pt-PT","@id":"https:\/\/www.ghostysky.com\/product\/gdu-s200-4g-expansion-module\/#primaryimage","url":"https:\/\/www.ghostysky.com\/wp-content\/uploads\/2026\/02\/GH_GDU-S200-4G-Expansion-Module_1.webp","contentUrl":"https:\/\/www.ghostysky.com\/wp-content\/uploads\/2026\/02\/GH_GDU-S200-4G-Expansion-Module_1.webp","width":1200,"height":1200},{"@type":"BreadcrumbList","@id":"https:\/\/www.ghostysky.com\/product\/gdu-s200-4g-expansion-module\/#breadcrumb","itemListElement":[{"@type":"ListItem","position":1,"name":"Home","item":"https:\/\/www.ghostysky.com\/"},{"@type":"ListItem","position":2,"name":"Shop","item":"https:\/\/www.ghostysky.com\/shop\/"},{"@type":"ListItem","position":3,"name":"GDU S200 4G Expansion Module"}]},{"@type":"WebSite","@id":"https:\/\/www.ghostysky.com\/#website","url":"https:\/\/www.ghostysky.com\/","name":"Ghostysky","description":"Fornecendo drones e servi\u00e7os profissionais","publisher":{"@id":"https:\/\/www.ghostysky.com\/#organization"},"potentialAction":[{"@type":"SearchAction","target":{"@type":"EntryPoint","urlTemplate":"https:\/\/www.ghostysky.com\/?s={search_term_string}"},"query-input":{"@type":"PropertyValueSpecification","valueRequired":true,"valueName":"search_term_string"}}],"inLanguage":"pt-PT"},{"@type":"Organization","@id":"https:\/\/www.ghostysky.com\/#organization","name":"Ghostysky","url":"https:\/\/www.ghostysky.com\/","logo":{"@type":"ImageObject","inLanguage":"pt-PT","@id":"https:\/\/www.ghostysky.com\/#\/schema\/logo\/image\/","url":"https:\/\/www.ghostysky.com\/wp-content\/uploads\/2020\/06\/cropped-ghostyskylogo_text_white2.png","contentUrl":"https:\/\/www.ghostysky.com\/wp-content\/uploads\/2020\/06\/cropped-ghostyskylogo_text_white2.png","width":169,"height":56,"caption":"Ghostysky"},"image":{"@id":"https:\/\/www.ghostysky.com\/#\/schema\/logo\/image\/"},"sameAs":["https:\/\/www.facebook.com\/people\/Ghostysky\/100057676170234\/","https:\/\/x.com\/Gh0stysky","https:\/\/www.linkedin.com\/company\/34739653","https:\/\/www.instagram.com\/gh0stysky"]}]}},"_links":{"self":[{"href":"https:\/\/www.ghostysky.com\/pt\/wp-json\/wp\/v2\/product\/24119","targetHints":{"allow":["GET"]}}],"collection":[{"href":"https:\/\/www.ghostysky.com\/pt\/wp-json\/wp\/v2\/product"}],"about":[{"href":"https:\/\/www.ghostysky.com\/pt\/wp-json\/wp\/v2\/types\/product"}],"replies":[{"embeddable":true,"href":"https:\/\/www.ghostysky.com\/pt\/wp-json\/wp\/v2\/comments?post=24119"}],"wp:featuredmedia":[{"embeddable":true,"href":"https:\/\/www.ghostysky.com\/pt\/wp-json\/wp\/v2\/media\/24121"}],"wp:attachment":[{"href":"https:\/\/www.ghostysky.com\/pt\/wp-json\/wp\/v2\/media?parent=24119"}],"wp:term":[{"taxonomy":"product_brand","embeddable":true,"href":"https:\/\/www.ghostysky.com\/pt\/wp-json\/wp\/v2\/product_brand?post=24119"},{"taxonomy":"product_cat","embeddable":true,"href":"https:\/\/www.ghostysky.com\/pt\/wp-json\/wp\/v2\/product_cat?post=24119"},{"taxonomy":"product_tag","embeddable":true,"href":"https:\/\/www.ghostysky.com\/pt\/wp-json\/wp\/v2\/product_tag?post=24119"}],"curies":[{"name":"wp","href":"https:\/\/api.w.org\/{rel}","templated":true}]}}