{"id":24125,"date":"2026-02-08T09:01:28","date_gmt":"2026-02-08T09:01:28","guid":{"rendered":"https:\/\/www.ghostysky.com\/?post_type=product&#038;p=24125"},"modified":"2026-02-08T09:48:48","modified_gmt":"2026-02-08T09:48:48","slug":"gdu-400-lidar-sensor","status":"publish","type":"product","link":"https:\/\/www.ghostysky.com\/pt\/product\/gdu-400-lidar-sensor\/","title":{"rendered":"Sensor Lidar GDU 400"},"content":{"rendered":"<h3 data-path-to-node=\"6\">Caracter\u00edsticas principais<\/h3>\n<ul data-path-to-node=\"7\">\n<li>\n<p data-path-to-node=\"7,0,0\"><b data-path-to-node=\"7,0,0\" data-index-in-node=\"0\"><span class=\"citation-245\">Tecnologia Triple Echo:<\/span><\/b><span class=\"citation-245\"> Capaz de capturar at\u00e9 <\/span><b data-path-to-node=\"7,0,0\" data-index-in-node=\"51\"><span class=\"citation-245\">720.000 pontos por segundo<\/span><\/b><span class=\"citation-245 citation-end-245\">.<\/span> A capacidade de triplo retorno permite que o laser penetre na vegeta\u00e7\u00e3o densa para mapear a verdadeira superf\u00edcie do solo (DEM) sob as copas das florestas.<\/p>\n<\/li>\n<li>\n<p data-path-to-node=\"7,1,0\"><b data-path-to-node=\"7,1,0\" data-index-in-node=\"0\">Alta precis\u00e3o:<\/b><span class=\"citation-244\"> Equipado com um GNSS de n\u00edvel profissional e uma IMU de alta precis\u00e3o, o sistema oferece <\/span><b data-path-to-node=\"7,1,0\" data-index-in-node=\"109\"><span class=\"citation-244\">n\u00edvel centim\u00e9trico<\/span><\/b><span class=\"citation-244 citation-end-244\"> Precis\u00e3o da nuvem de pontos.<\/span><\/p>\n<\/li>\n<li>\n<p data-path-to-node=\"7,2,0\"><b data-path-to-node=\"7,2,0\" data-index-in-node=\"0\">Efici\u00eancia operacional:<\/b><span class=\"citation-243\"> O sensor consegue detectar objetos de at\u00e9 <\/span><b data-path-to-node=\"7,2,0\" data-index-in-node=\"60\"><span class=\"citation-243\">450 metros<\/span><\/b><span class=\"citation-243\"> (com refletividade 80%) e \u00e9 capaz de cobrir at\u00e9 <\/span><b data-path-to-node=\"7,2,0\" data-index-in-node=\"126\"><span class=\"citation-243\">2 quil\u00f4metros quadrados<\/span><\/b><span class=\"citation-243 citation-end-243\"> em um \u00fanico voo.<\/span><\/p>\n<\/li>\n<li>\n<p data-path-to-node=\"7,3,0\"><b data-path-to-node=\"7,3,0\" data-index-in-node=\"0\">Imagens Integradas:<\/b><span class=\"citation-242 citation-end-242\"> Possui uma c\u00e2mera de mapeamento integrada que captura simultaneamente imagens RGB ricas em detalhes, permitindo a cria\u00e7\u00e3o de nuvens de pontos 3D em &quot;cores reais&quot;.<\/span><\/p>\n<\/li>\n<li>\n<p data-path-to-node=\"7,4,0\"><b data-path-to-node=\"7,4,0\" data-index-in-node=\"0\">Design leve:<\/b> Pesando apenas <b data-path-to-node=\"7,4,0\" data-index-in-node=\"34\">1,07 kg<\/b>, Isso maximiza o tempo de voo do drone S400 (at\u00e9 cerca de 50 minutos ou mais, dependendo das condi\u00e7\u00f5es).<\/p>\n<\/li>\n<\/ul>\n<h3 data-path-to-node=\"8\">Especifica\u00e7\u00f5es t\u00e9cnicas<\/h3>\n<table data-path-to-node=\"9\">\n<thead>\n<tr>\n<td><strong>Recurso<\/strong><\/td>\n<td><strong>Especifica\u00e7\u00f5es<\/strong><\/td>\n<\/tr>\n<\/thead>\n<tbody>\n<tr>\n<td><span data-path-to-node=\"9,1,0,0\"><b data-path-to-node=\"9,1,0,0\" data-index-in-node=\"0\">Comprimento de onda do laser<\/b><\/span><\/td>\n<td><span data-path-to-node=\"9,1,1,0\">905 nm<\/span><\/td>\n<\/tr>\n<tr>\n<td><span data-path-to-node=\"9,2,0,0\"><b data-path-to-node=\"9,2,0,0\" data-index-in-node=\"0\">Taxa de pontos<\/b><\/span><\/td>\n<td><span data-path-to-node=\"9,2,1,0\">720.000 pts\/s (Triple Echo)<\/span><\/td>\n<\/tr>\n<tr>\n<td><span data-path-to-node=\"9,3,0,0\"><b data-path-to-node=\"9,3,0,0\" data-index-in-node=\"0\">Faixa de detec\u00e7\u00e3o<\/b><\/span><\/td>\n<td><span data-path-to-node=\"9,3,1,0\">450 m<\/span><\/td>\n<\/tr>\n<tr>\n<td><span data-path-to-node=\"9,4,0,0\"><b data-path-to-node=\"9,4,0,0\" data-index-in-node=\"0\">Campo de vis\u00e3o (FOV)<\/b><\/span><\/td>\n<td><span data-path-to-node=\"9,4,1,0\">70,4\u00b0 x 4,5\u00b0 (Repeti\u00e7\u00e3o da Varredura)<\/span><\/td>\n<\/tr>\n<tr>\n<td><span data-path-to-node=\"9,5,0,0\"><b data-path-to-node=\"9,5,0,0\" data-index-in-node=\"0\">Prote\u00e7\u00e3o de entrada<\/b><\/span><\/td>\n<td><span data-path-to-node=\"9,5,1,0\">IP54 (Resistente \u00e0s intemp\u00e9ries)<\/span><\/td>\n<\/tr>\n<tr>\n<td><span data-path-to-node=\"9,6,0,0\"><b data-path-to-node=\"9,6,0,0\" data-index-in-node=\"0\">Armazenamento<\/b><\/span><\/td>\n<td><span data-path-to-node=\"9,6,1,0\">64 GB de armazenamento interno + suporte para cart\u00e3o SD de 128 GB<\/span><\/td>\n<\/tr>\n<\/tbody>\n<\/table>\n<p>&nbsp;<\/p>\n<h3 data-path-to-node=\"11\">Aplica\u00e7\u00f5es comuns<\/h3>\n<ul data-path-to-node=\"12\">\n<li>\n<p data-path-to-node=\"12,0,0\"><b data-path-to-node=\"12,0,0\" data-index-in-node=\"0\"><span class=\"citation-241\">Inspe\u00e7\u00e3o da linha de energia:<\/span><\/b><span class=\"citation-241 citation-end-241\"> Detec\u00e7\u00e3o de avan\u00e7o vegetal e afundamento estrutural com modelos 3D de alta resolu\u00e7\u00e3o.<\/span><\/p>\n<\/li>\n<li>\n<p data-path-to-node=\"12,1,0\"><b data-path-to-node=\"12,1,0\" data-index-in-node=\"0\">Levantamento Topogr\u00e1fico:<\/b><span class=\"citation-240 citation-end-240\"> Gera\u00e7\u00e3o de Modelos Digitais de Eleva\u00e7\u00e3o (MDE) em terrenos florestais ou acidentados.<\/span><\/p>\n<\/li>\n<li>\n<p data-path-to-node=\"12,2,0\"><b data-path-to-node=\"12,2,0\" data-index-in-node=\"0\">Gest\u00e3o Florestal:<\/b> Medi\u00e7\u00e3o da altura das \u00e1rvores, densidade da copa e biomassa.<\/p>\n<\/li>\n<li>\n<p data-path-to-node=\"12,3,0\"><b data-path-to-node=\"12,3,0\" data-index-in-node=\"0\"><span class=\"citation-239\">Ajuda humanit\u00e1ria em casos de desastre:<\/span><\/b><span class=\"citation-239 citation-end-239\"> Reconstru\u00e7\u00e3o 3D r\u00e1pida de \u00e1reas de deslizamento de terra ou zonas s\u00edsmicas.<\/span><\/p>\n<\/li>\n<\/ul>\n<p data-path-to-node=\"13\"><b data-path-to-node=\"13\" data-index-in-node=\"0\">Observa\u00e7\u00e3o:<\/b><span class=\"citation-238\"> Se voc\u00ea estivesse procurando especificamente por informa\u00e7\u00f5es sobre o <\/span><b data-path-to-node=\"13\" data-index-in-node=\"62\"><span class=\"citation-238\">DJI Matrice 400<\/span><\/b><span class=\"citation-238\"> LiDAR de detec\u00e7\u00e3o de obst\u00e1culos (o sensor interno usado para seguran\u00e7a de voo), que \u00e9 integrado. <\/span><b data-path-to-node=\"13\" data-index-in-node=\"168\"><span class=\"citation-238\">LiDAR com rota\u00e7\u00e3o de 360\u00b0<\/span><\/b><span class=\"citation-238 citation-end-238\"> Utilizado para evitar obst\u00e1culos em todas as dire\u00e7\u00f5es, em vez de para mapeamento.<\/span><\/p>","protected":false},"excerpt":{"rendered":"<p><span class=\"citation-247\">O <\/span><b data-path-to-node=\"5\" data-index-in-node=\"4\"><span class=\"citation-247\">GDU PLI01<\/span><\/b><span class=\"citation-247\"> \u00c9 um sistema LiDAR leve e de alta precis\u00e3o, projetado especificamente para... <\/span><b data-path-to-node=\"5\" data-index-in-node=\"92\"><span class=\"citation-247\">GDU S400E<\/span><\/b><span class=\"citation-247 citation-end-247\"> e drones industriais da s\u00e9rie S400.<\/span> <span class=\"citation-246 citation-end-246\">Ele integra um scanner a laser, um sistema de navega\u00e7\u00e3o inercial (IMU) e uma c\u00e2mera de mapeamento de alta resolu\u00e7\u00e3o em uma \u00fanica unidade de gimbal destac\u00e1vel.<\/span><\/p>","protected":false},"featured_media":24139,"comment_status":"open","ping_status":"closed","template":"","meta":[],"product_brand":[1369],"product_cat":[29,1378,1363,1359],"product_tag":[1380,1375,1371],"class_list":{"0":"post-24125","1":"product","2":"type-product","3":"status-publish","4":"has-post-thumbnail","6":"product_brand-gdu-tech","7":"product_cat-drones","8":"product_cat-gdu-s400-payloads","9":"product_cat-gdu-s400-series","10":"product_cat-gdu-tech","11":"product_tag-gdu-s400-payloads","12":"product_tag-gdu-s400-series","13":"product_tag-gdu-tech","15":"first","16":"outofstock","17":"taxable","18":"shipping-taxable","19":"purchasable","20":"product-type-simple"},"yoast_head":"<!-- This site is optimized with the Yoast SEO plugin v27.4 - https:\/\/yoast.com\/product\/yoast-seo-wordpress\/ -->\n<title>GDU 400 Lidar Sensor - Ghostysky<\/title>\n<meta name=\"description\" content=\"The GDU PLI01 is a high-precision, lightweight LiDAR system engineered specifically for the GDU S400E and S400 series industrial drones. It integrates a laser scanner, an inertial navigation system (IMU), and a high-resolution mapping camera into a single, detachable gimbal unit.\" \/>\n<meta name=\"robots\" content=\"index, follow, max-snippet:-1, max-image-preview:large, max-video-preview:-1\" \/>\n<link rel=\"canonical\" href=\"https:\/\/www.ghostysky.com\/pt\/produto-2\/gdu-400-lidar-sensor\/\" \/>\n<meta property=\"og:locale\" content=\"pt_PT\" \/>\n<meta property=\"og:type\" content=\"article\" \/>\n<meta property=\"og:title\" content=\"GDU 400 Lidar Sensor - Ghostysky\" \/>\n<meta property=\"og:description\" content=\"The GDU PLI01 is a high-precision, lightweight LiDAR system engineered specifically for the GDU S400E and S400 series industrial drones. It integrates a laser scanner, an inertial navigation system (IMU), and a high-resolution mapping camera into a single, detachable gimbal unit.\" \/>\n<meta property=\"og:url\" content=\"https:\/\/www.ghostysky.com\/pt\/produto-2\/gdu-400-lidar-sensor\/\" \/>\n<meta property=\"og:site_name\" content=\"Ghostysky\" \/>\n<meta property=\"article:publisher\" content=\"https:\/\/www.facebook.com\/people\/Ghostysky\/100057676170234\/\" \/>\n<meta property=\"article:modified_time\" content=\"2026-02-08T09:48:48+00:00\" \/>\n<meta property=\"og:image\" content=\"https:\/\/www.ghostysky.com\/wp-content\/uploads\/2026\/02\/GH_GDU-400-Lidar-Sensor_1.webp\" \/>\n\t<meta property=\"og:image:width\" content=\"1200\" \/>\n\t<meta property=\"og:image:height\" content=\"1200\" \/>\n\t<meta property=\"og:image:type\" content=\"image\/webp\" \/>\n<meta name=\"twitter:card\" content=\"summary_large_image\" \/>\n<meta name=\"twitter:site\" content=\"@Gh0stysky\" \/>\n<meta name=\"twitter:label1\" content=\"Tempo estimado de leitura\" \/>\n\t<meta name=\"twitter:data1\" content=\"2 minutos\" \/>\n<script type=\"application\/ld+json\" class=\"yoast-schema-graph\">{\"@context\":\"https:\\\/\\\/schema.org\",\"@graph\":[{\"@type\":\"WebPage\",\"@id\":\"https:\\\/\\\/www.ghostysky.com\\\/product\\\/gdu-400-lidar-sensor\\\/\",\"url\":\"https:\\\/\\\/www.ghostysky.com\\\/product\\\/gdu-400-lidar-sensor\\\/\",\"name\":\"GDU 400 Lidar Sensor - Ghostysky\",\"isPartOf\":{\"@id\":\"https:\\\/\\\/www.ghostysky.com\\\/#website\"},\"primaryImageOfPage\":{\"@id\":\"https:\\\/\\\/www.ghostysky.com\\\/product\\\/gdu-400-lidar-sensor\\\/#primaryimage\"},\"image\":{\"@id\":\"https:\\\/\\\/www.ghostysky.com\\\/product\\\/gdu-400-lidar-sensor\\\/#primaryimage\"},\"thumbnailUrl\":\"https:\\\/\\\/www.ghostysky.com\\\/wp-content\\\/uploads\\\/2026\\\/02\\\/GH_GDU-400-Lidar-Sensor_1.webp\",\"datePublished\":\"2026-02-08T09:01:28+00:00\",\"dateModified\":\"2026-02-08T09:48:48+00:00\",\"description\":\"The GDU PLI01 is a high-precision, lightweight LiDAR system engineered specifically for the GDU S400E and S400 series industrial drones. It integrates a laser scanner, an inertial navigation system (IMU), and a high-resolution mapping camera into a single, detachable gimbal unit.\",\"breadcrumb\":{\"@id\":\"https:\\\/\\\/www.ghostysky.com\\\/product\\\/gdu-400-lidar-sensor\\\/#breadcrumb\"},\"inLanguage\":\"pt-PT\",\"potentialAction\":[{\"@type\":\"ReadAction\",\"target\":[\"https:\\\/\\\/www.ghostysky.com\\\/product\\\/gdu-400-lidar-sensor\\\/\"]}]},{\"@type\":\"ImageObject\",\"inLanguage\":\"pt-PT\",\"@id\":\"https:\\\/\\\/www.ghostysky.com\\\/product\\\/gdu-400-lidar-sensor\\\/#primaryimage\",\"url\":\"https:\\\/\\\/www.ghostysky.com\\\/wp-content\\\/uploads\\\/2026\\\/02\\\/GH_GDU-400-Lidar-Sensor_1.webp\",\"contentUrl\":\"https:\\\/\\\/www.ghostysky.com\\\/wp-content\\\/uploads\\\/2026\\\/02\\\/GH_GDU-400-Lidar-Sensor_1.webp\",\"width\":1200,\"height\":1200},{\"@type\":\"BreadcrumbList\",\"@id\":\"https:\\\/\\\/www.ghostysky.com\\\/product\\\/gdu-400-lidar-sensor\\\/#breadcrumb\",\"itemListElement\":[{\"@type\":\"ListItem\",\"position\":1,\"name\":\"Home\",\"item\":\"https:\\\/\\\/www.ghostysky.com\\\/\"},{\"@type\":\"ListItem\",\"position\":2,\"name\":\"Shop\",\"item\":\"https:\\\/\\\/www.ghostysky.com\\\/shop\\\/\"},{\"@type\":\"ListItem\",\"position\":3,\"name\":\"GDU 400 Lidar Sensor\"}]},{\"@type\":\"WebSite\",\"@id\":\"https:\\\/\\\/www.ghostysky.com\\\/#website\",\"url\":\"https:\\\/\\\/www.ghostysky.com\\\/\",\"name\":\"Ghostysky\",\"description\":\"Delivering professional drones and robotics solutions\",\"publisher\":{\"@id\":\"https:\\\/\\\/www.ghostysky.com\\\/#organization\"},\"potentialAction\":[{\"@type\":\"SearchAction\",\"target\":{\"@type\":\"EntryPoint\",\"urlTemplate\":\"https:\\\/\\\/www.ghostysky.com\\\/?s={search_term_string}\"},\"query-input\":{\"@type\":\"PropertyValueSpecification\",\"valueRequired\":true,\"valueName\":\"search_term_string\"}}],\"inLanguage\":\"pt-PT\"},{\"@type\":\"Organization\",\"@id\":\"https:\\\/\\\/www.ghostysky.com\\\/#organization\",\"name\":\"Ghostysky\",\"url\":\"https:\\\/\\\/www.ghostysky.com\\\/\",\"logo\":{\"@type\":\"ImageObject\",\"inLanguage\":\"pt-PT\",\"@id\":\"https:\\\/\\\/www.ghostysky.com\\\/#\\\/schema\\\/logo\\\/image\\\/\",\"url\":\"https:\\\/\\\/www.ghostysky.com\\\/wp-content\\\/uploads\\\/2020\\\/06\\\/cropped-ghostyskylogo_text_white2.png\",\"contentUrl\":\"https:\\\/\\\/www.ghostysky.com\\\/wp-content\\\/uploads\\\/2020\\\/06\\\/cropped-ghostyskylogo_text_white2.png\",\"width\":169,\"height\":56,\"caption\":\"Ghostysky\"},\"image\":{\"@id\":\"https:\\\/\\\/www.ghostysky.com\\\/#\\\/schema\\\/logo\\\/image\\\/\"},\"sameAs\":[\"https:\\\/\\\/www.facebook.com\\\/people\\\/Ghostysky\\\/100057676170234\\\/\",\"https:\\\/\\\/x.com\\\/Gh0stysky\",\"https:\\\/\\\/www.linkedin.com\\\/company\\\/34739653\",\"https:\\\/\\\/www.instagram.com\\\/gh0stysky\"]}]}<\/script>\n<!-- \/ Yoast SEO plugin. -->","yoast_head_json":{"title":"Sensor Lidar GDU 400 - Ghostysky","description":"O GDU PLI01 \u00e9 um sistema LiDAR leve e de alta precis\u00e3o, projetado especificamente para os drones industriais das s\u00e9ries GDU S400E e S400. Ele integra um scanner a laser, um sistema de navega\u00e7\u00e3o inercial (IMU) e uma c\u00e2mera de mapeamento de alta resolu\u00e7\u00e3o em uma \u00fanica unidade de gimbal destac\u00e1vel.","robots":{"index":"index","follow":"follow","max-snippet":"max-snippet:-1","max-image-preview":"max-image-preview:large","max-video-preview":"max-video-preview:-1"},"canonical":"https:\/\/www.ghostysky.com\/pt\/produto-2\/gdu-400-lidar-sensor\/","og_locale":"pt_PT","og_type":"article","og_title":"GDU 400 Lidar Sensor - Ghostysky","og_description":"The GDU PLI01 is a high-precision, lightweight LiDAR system engineered specifically for the GDU S400E and S400 series industrial drones. It integrates a laser scanner, an inertial navigation system (IMU), and a high-resolution mapping camera into a single, detachable gimbal unit.","og_url":"https:\/\/www.ghostysky.com\/pt\/produto-2\/gdu-400-lidar-sensor\/","og_site_name":"Ghostysky","article_publisher":"https:\/\/www.facebook.com\/people\/Ghostysky\/100057676170234\/","article_modified_time":"2026-02-08T09:48:48+00:00","og_image":[{"width":1200,"height":1200,"url":"https:\/\/www.ghostysky.com\/wp-content\/uploads\/2026\/02\/GH_GDU-400-Lidar-Sensor_1.webp","type":"image\/webp"}],"twitter_card":"summary_large_image","twitter_site":"@Gh0stysky","twitter_misc":{"Tempo estimado de leitura":"2 minutos"},"schema":{"@context":"https:\/\/schema.org","@graph":[{"@type":"WebPage","@id":"https:\/\/www.ghostysky.com\/product\/gdu-400-lidar-sensor\/","url":"https:\/\/www.ghostysky.com\/product\/gdu-400-lidar-sensor\/","name":"Sensor Lidar GDU 400 - Ghostysky","isPartOf":{"@id":"https:\/\/www.ghostysky.com\/#website"},"primaryImageOfPage":{"@id":"https:\/\/www.ghostysky.com\/product\/gdu-400-lidar-sensor\/#primaryimage"},"image":{"@id":"https:\/\/www.ghostysky.com\/product\/gdu-400-lidar-sensor\/#primaryimage"},"thumbnailUrl":"https:\/\/www.ghostysky.com\/wp-content\/uploads\/2026\/02\/GH_GDU-400-Lidar-Sensor_1.webp","datePublished":"2026-02-08T09:01:28+00:00","dateModified":"2026-02-08T09:48:48+00:00","description":"O GDU PLI01 \u00e9 um sistema LiDAR leve e de alta precis\u00e3o, projetado especificamente para os drones industriais das s\u00e9ries GDU S400E e S400. Ele integra um scanner a laser, um sistema de navega\u00e7\u00e3o inercial (IMU) e uma c\u00e2mera de mapeamento de alta resolu\u00e7\u00e3o em uma \u00fanica unidade de gimbal destac\u00e1vel.","breadcrumb":{"@id":"https:\/\/www.ghostysky.com\/product\/gdu-400-lidar-sensor\/#breadcrumb"},"inLanguage":"pt-PT","potentialAction":[{"@type":"ReadAction","target":["https:\/\/www.ghostysky.com\/product\/gdu-400-lidar-sensor\/"]}]},{"@type":"ImageObject","inLanguage":"pt-PT","@id":"https:\/\/www.ghostysky.com\/product\/gdu-400-lidar-sensor\/#primaryimage","url":"https:\/\/www.ghostysky.com\/wp-content\/uploads\/2026\/02\/GH_GDU-400-Lidar-Sensor_1.webp","contentUrl":"https:\/\/www.ghostysky.com\/wp-content\/uploads\/2026\/02\/GH_GDU-400-Lidar-Sensor_1.webp","width":1200,"height":1200},{"@type":"BreadcrumbList","@id":"https:\/\/www.ghostysky.com\/product\/gdu-400-lidar-sensor\/#breadcrumb","itemListElement":[{"@type":"ListItem","position":1,"name":"Home","item":"https:\/\/www.ghostysky.com\/"},{"@type":"ListItem","position":2,"name":"Shop","item":"https:\/\/www.ghostysky.com\/shop\/"},{"@type":"ListItem","position":3,"name":"GDU 400 Lidar Sensor"}]},{"@type":"WebSite","@id":"https:\/\/www.ghostysky.com\/#website","url":"https:\/\/www.ghostysky.com\/","name":"Ghostysky","description":"Fornecendo solu\u00e7\u00f5es profissionais em drones e rob\u00f3tica.","publisher":{"@id":"https:\/\/www.ghostysky.com\/#organization"},"potentialAction":[{"@type":"SearchAction","target":{"@type":"EntryPoint","urlTemplate":"https:\/\/www.ghostysky.com\/?s={search_term_string}"},"query-input":{"@type":"PropertyValueSpecification","valueRequired":true,"valueName":"search_term_string"}}],"inLanguage":"pt-PT"},{"@type":"Organization","@id":"https:\/\/www.ghostysky.com\/#organization","name":"Ghostysky","url":"https:\/\/www.ghostysky.com\/","logo":{"@type":"ImageObject","inLanguage":"pt-PT","@id":"https:\/\/www.ghostysky.com\/#\/schema\/logo\/image\/","url":"https:\/\/www.ghostysky.com\/wp-content\/uploads\/2020\/06\/cropped-ghostyskylogo_text_white2.png","contentUrl":"https:\/\/www.ghostysky.com\/wp-content\/uploads\/2020\/06\/cropped-ghostyskylogo_text_white2.png","width":169,"height":56,"caption":"Ghostysky"},"image":{"@id":"https:\/\/www.ghostysky.com\/#\/schema\/logo\/image\/"},"sameAs":["https:\/\/www.facebook.com\/people\/Ghostysky\/100057676170234\/","https:\/\/x.com\/Gh0stysky","https:\/\/www.linkedin.com\/company\/34739653","https:\/\/www.instagram.com\/gh0stysky"]}]}},"_links":{"self":[{"href":"https:\/\/www.ghostysky.com\/pt\/wp-json\/wp\/v2\/product\/24125","targetHints":{"allow":["GET"]}}],"collection":[{"href":"https:\/\/www.ghostysky.com\/pt\/wp-json\/wp\/v2\/product"}],"about":[{"href":"https:\/\/www.ghostysky.com\/pt\/wp-json\/wp\/v2\/types\/product"}],"replies":[{"embeddable":true,"href":"https:\/\/www.ghostysky.com\/pt\/wp-json\/wp\/v2\/comments?post=24125"}],"version-history":[{"count":0,"href":"https:\/\/www.ghostysky.com\/pt\/wp-json\/wp\/v2\/product\/24125\/revisions"}],"wp:featuredmedia":[{"embeddable":true,"href":"https:\/\/www.ghostysky.com\/pt\/wp-json\/wp\/v2\/media\/24139"}],"wp:attachment":[{"href":"https:\/\/www.ghostysky.com\/pt\/wp-json\/wp\/v2\/media?parent=24125"}],"wp:term":[{"taxonomy":"product_brand","embeddable":true,"href":"https:\/\/www.ghostysky.com\/pt\/wp-json\/wp\/v2\/product_brand?post=24125"},{"taxonomy":"product_cat","embeddable":true,"href":"https:\/\/www.ghostysky.com\/pt\/wp-json\/wp\/v2\/product_cat?post=24125"},{"taxonomy":"product_tag","embeddable":true,"href":"https:\/\/www.ghostysky.com\/pt\/wp-json\/wp\/v2\/product_tag?post=24125"}],"curies":[{"name":"wp","href":"https:\/\/api.w.org\/{rel}","templated":true}]}}