{"id":24128,"date":"2026-02-08T09:11:29","date_gmt":"2026-02-08T09:11:29","guid":{"rendered":"https:\/\/www.ghostysky.com\/?post_type=product&#038;p=24128"},"modified":"2026-02-08T09:17:35","modified_gmt":"2026-02-08T09:17:35","slug":"gdu-propeller-set-for-s200-1a-1b","status":"publish","type":"product","link":"https:\/\/www.ghostysky.com\/pt\/product\/gdu-propeller-set-for-s200-1a-1b\/","title":{"rendered":"Conjunto de h\u00e9lices GDU para S200 (1A 1B)"},"content":{"rendered":"<h3 data-path-to-node=\"1\"><b data-path-to-node=\"1\" data-index-in-node=\"0\">Caracter\u00edsticas principais<\/b><\/h3>\n<ul data-path-to-node=\"2\">\n<li>\n<p data-path-to-node=\"2,0,0\"><b data-path-to-node=\"2,0,0\" data-index-in-node=\"0\">Balanceamento de precis\u00e3o:<\/b><span class=\"citation-192 citation-end-192\"> Cada l\u00e2mina \u00e9 balanceada na f\u00e1brica para minimizar a vibra\u00e7\u00e3o, garantindo um desempenho de voo mais suave e dados de imagem mais n\u00edtidos.<\/span><\/p>\n<\/li>\n<li>\n<p data-path-to-node=\"2,1,0\"><b data-path-to-node=\"2,1,0\" data-index-in-node=\"0\">Comp\u00f3sito de alta resist\u00eancia:<\/b><span class=\"citation-191 citation-end-191\"> Fabricado com materiais dur\u00e1veis e leves, projetados para suportar os rigores de ambientes industriais e condi\u00e7\u00f5es de vento vari\u00e1veis.<\/span><\/p>\n<\/li>\n<li>\n<p data-path-to-node=\"2,2,0\"><b data-path-to-node=\"2,2,0\" data-index-in-node=\"0\"><span class=\"citation-190\">Sistema de montagem r\u00e1pida:<\/span><\/b><span class=\"citation-190 citation-end-190\"> Projetado para substitui\u00e7\u00e3o r\u00e1pida ou sem ferramentas, permitindo que voc\u00ea troque as l\u00e2minas danificadas em campo e volte a voar em minutos.<\/span><\/p>\n<\/li>\n<li>\n<p data-path-to-node=\"2,3,0\"><b data-path-to-node=\"2,3,0\" data-index-in-node=\"0\">Precis\u00e3o direcional:<\/b><span class=\"citation-189\"> O conjunto inclui um <\/span><b data-path-to-node=\"2,3,0\" data-index-in-node=\"43\"><span class=\"citation-189\">1A (Sentido hor\u00e1rio)<\/span><\/b><span class=\"citation-189\"> e um <\/span><b data-path-to-node=\"2,3,0\" data-index-in-node=\"66\"><span class=\"citation-189\">1B (Sentido anti-hor\u00e1rio)<\/span><\/b><span class=\"citation-189 citation-end-189\"> H\u00e9lice com marca\u00e7\u00f5es claras para uma instala\u00e7\u00e3o sem erros.<\/span><\/p>\n<p>&nbsp;<\/li>\n<\/ul>\n<h3 data-path-to-node=\"4\"><b data-path-to-node=\"4\" data-index-in-node=\"0\">Especifica\u00e7\u00f5es do produto<\/b><\/h3>\n<table data-path-to-node=\"5\">\n<thead>\n<tr>\n<td><strong>Recurso<\/strong><\/td>\n<td><strong>Detalhes<\/strong><\/td>\n<\/tr>\n<\/thead>\n<tbody>\n<tr>\n<td><span data-path-to-node=\"5,1,0,0\"><b data-path-to-node=\"5,1,0,0\" data-index-in-node=\"0\">Compatibilidade<\/b><\/span><\/td>\n<td><span data-path-to-node=\"5,1,1,0\">S\u00e9ries GDU S200, S220 e S220 Pro<\/span><\/td>\n<\/tr>\n<tr>\n<td><span data-path-to-node=\"5,2,0,0\"><b data-path-to-node=\"5,2,0,0\" data-index-in-node=\"0\">Material<\/b><\/span><\/td>\n<td><span data-path-to-node=\"5,2,1,0\">Comp\u00f3sito refor\u00e7ado com fibra de carbono de alta resist\u00eancia<\/span><\/td>\n<\/tr>\n<tr>\n<td><span data-path-to-node=\"5,3,0,0\"><b data-path-to-node=\"5,3,0,0\" data-index-in-node=\"0\">Peso<\/b><\/span><\/td>\n<td><span data-path-to-node=\"5,3,1,0\">Aproximadamente 20g por l\u00e2mina<\/span><\/td>\n<\/tr>\n<tr>\n<td><span data-path-to-node=\"5,4,0,0\"><b data-path-to-node=\"5,4,0,0\" data-index-in-node=\"0\">Configura\u00e7\u00e3o<\/b><\/span><\/td>\n<td><span data-path-to-node=\"5,4,1,0\">1 x CW (A), 1 x CCW (B)<\/span><\/td>\n<\/tr>\n<tr>\n<td><span data-path-to-node=\"5,5,0,0\"><b data-path-to-node=\"5,5,0,0\" data-index-in-node=\"0\">Montagem<\/b><\/span><\/td>\n<td><span data-path-to-node=\"5,5,1,0\">Sistema de libera\u00e7\u00e3o r\u00e1pida \/ Trava por parafuso (dependendo do modelo)<\/span><\/td>\n<\/tr>\n<\/tbody>\n<\/table>\n<h3 data-path-to-node=\"6\"><b data-path-to-node=\"6\" data-index-in-node=\"0\">Na caixa<\/b><\/h3>\n<ul data-path-to-node=\"7\">\n<li>\n<p data-path-to-node=\"7,0,0\"><span class=\"citation-188 citation-end-188\">1 \u00d7 H\u00e9lice GDU S200 com rota\u00e7\u00e3o no sentido hor\u00e1rio (1A)<\/span><\/p>\n<\/li>\n<li>\n<p data-path-to-node=\"7,1,0\"><span class=\"citation-187 citation-end-187\">1 \u00d7 H\u00e9lice GDU S200 com rota\u00e7\u00e3o anti-hor\u00e1ria (1B)<\/span><\/p>\n<\/li>\n<\/ul>\n<blockquote data-path-to-node=\"8\">\n<p data-path-to-node=\"8,0\"><b data-path-to-node=\"8,0\" data-index-in-node=\"0\">Dica profissional:<\/b> Sempre inspecione suas h\u00e9lices em busca de microfissuras ou lascas antes da decolagem. Substituir at\u00e9 mesmo as p\u00e1s levemente danificadas \u00e9 o seguro mais barato para sua valiosa carga \u00fatil de quatro sensores.<\/p>\n<\/blockquote>","protected":false},"excerpt":{"rendered":"<p>Mantenha sua frota pronta para a miss\u00e3o com o <b data-path-to-node=\"0\" data-index-in-node=\"39\">Conjunto de h\u00e9lices GDU para S200 (1A 1B)<\/b>. <span class=\"citation-193 citation-end-193\">Projetadas especificamente para as s\u00e9ries industriais S200 e S220, estas duas h\u00e9lices de substitui\u00e7\u00e3o garantem que seu drone mantenha a estabilidade e a efici\u00eancia necess\u00e1rias para inspe\u00e7\u00f5es de alto risco e opera\u00e7\u00f5es t\u00e1ticas.<\/span><\/p>","protected":false},"featured_media":24130,"comment_status":"open","ping_status":"closed","template":"","meta":[],"product_brand":[1369],"product_cat":[29,1360,1362,1359],"product_tag":[1370,1374,1371],"class_list":{"0":"post-24128","1":"product","2":"type-product","3":"status-publish","4":"has-post-thumbnail","6":"product_brand-gdu-tech","7":"product_cat-drones","8":"product_cat-gdu-s200-series","9":"product_cat-gdu-s200-series-accessories","10":"product_cat-gdu-tech","11":"product_tag-gdu-s200-series","12":"product_tag-gdu-s200-series-accessories","13":"product_tag-gdu-tech","15":"first","16":"outofstock","17":"taxable","18":"shipping-taxable","19":"purchasable","20":"product-type-simple"},"yoast_head":"<!-- This site is optimized with the Yoast SEO plugin v27.1.1 - https:\/\/yoast.com\/product\/yoast-seo-wordpress\/ -->\n<title>GDU Propeller Set for S200 (1A 1B) - Ghostysky<\/title>\n<meta name=\"description\" content=\"Keep your fleet mission-ready with the GDU Propeller Set for S200 (1A 1B). Specifically engineered for the S200 and S220 industrial series, this pair of replacement blades ensures your drone maintains the stability and efficiency required for high-stakes inspections and tactical operations.\" \/>\n<meta name=\"robots\" content=\"index, follow, max-snippet:-1, max-image-preview:large, max-video-preview:-1\" \/>\n<link rel=\"canonical\" href=\"https:\/\/www.ghostysky.com\/pt\/produto-2\/gdu-propeller-set-for-s200-1a-1b\/\" \/>\n<meta property=\"og:locale\" content=\"pt_PT\" \/>\n<meta property=\"og:type\" content=\"article\" \/>\n<meta property=\"og:title\" content=\"GDU Propeller Set for S200 (1A 1B) - Ghostysky\" \/>\n<meta property=\"og:description\" content=\"Keep your fleet mission-ready with the GDU Propeller Set for S200 (1A 1B). Specifically engineered for the S200 and S220 industrial series, this pair of replacement blades ensures your drone maintains the stability and efficiency required for high-stakes inspections and tactical operations.\" \/>\n<meta property=\"og:url\" content=\"https:\/\/www.ghostysky.com\/pt\/produto-2\/gdu-propeller-set-for-s200-1a-1b\/\" \/>\n<meta property=\"og:site_name\" content=\"Ghostysky\" \/>\n<meta property=\"article:publisher\" content=\"https:\/\/www.facebook.com\/people\/Ghostysky\/100057676170234\/\" \/>\n<meta property=\"article:modified_time\" content=\"2026-02-08T09:17:35+00:00\" \/>\n<meta property=\"og:image\" content=\"https:\/\/www.ghostysky.com\/wp-content\/uploads\/2026\/02\/GH_GDU-Propeller-Set-for-S200-1A-1B_1.webp\" \/>\n\t<meta property=\"og:image:width\" content=\"1200\" \/>\n\t<meta property=\"og:image:height\" content=\"1200\" \/>\n\t<meta property=\"og:image:type\" content=\"image\/webp\" \/>\n<meta name=\"twitter:card\" content=\"summary_large_image\" \/>\n<meta name=\"twitter:site\" content=\"@Gh0stysky\" \/>\n<meta name=\"twitter:label1\" content=\"Tempo estimado de leitura\" \/>\n\t<meta name=\"twitter:data1\" content=\"1 minuto\" \/>\n<script type=\"application\/ld+json\" class=\"yoast-schema-graph\">{\"@context\":\"https:\/\/schema.org\",\"@graph\":[{\"@type\":\"WebPage\",\"@id\":\"https:\/\/www.ghostysky.com\/product\/gdu-propeller-set-for-s200-1a-1b\/\",\"url\":\"https:\/\/www.ghostysky.com\/product\/gdu-propeller-set-for-s200-1a-1b\/\",\"name\":\"GDU Propeller Set for S200 (1A 1B) - Ghostysky\",\"isPartOf\":{\"@id\":\"https:\/\/www.ghostysky.com\/#website\"},\"primaryImageOfPage\":{\"@id\":\"https:\/\/www.ghostysky.com\/product\/gdu-propeller-set-for-s200-1a-1b\/#primaryimage\"},\"image\":{\"@id\":\"https:\/\/www.ghostysky.com\/product\/gdu-propeller-set-for-s200-1a-1b\/#primaryimage\"},\"thumbnailUrl\":\"https:\/\/www.ghostysky.com\/wp-content\/uploads\/2026\/02\/GH_GDU-Propeller-Set-for-S200-1A-1B_1.webp\",\"datePublished\":\"2026-02-08T09:11:29+00:00\",\"dateModified\":\"2026-02-08T09:17:35+00:00\",\"description\":\"Keep your fleet mission-ready with the GDU Propeller Set for S200 (1A 1B). Specifically engineered for the S200 and S220 industrial series, this pair of replacement blades ensures your drone maintains the stability and efficiency required for high-stakes inspections and tactical operations.\",\"breadcrumb\":{\"@id\":\"https:\/\/www.ghostysky.com\/product\/gdu-propeller-set-for-s200-1a-1b\/#breadcrumb\"},\"inLanguage\":\"pt-PT\",\"potentialAction\":[{\"@type\":\"ReadAction\",\"target\":[\"https:\/\/www.ghostysky.com\/product\/gdu-propeller-set-for-s200-1a-1b\/\"]}]},{\"@type\":\"ImageObject\",\"inLanguage\":\"pt-PT\",\"@id\":\"https:\/\/www.ghostysky.com\/product\/gdu-propeller-set-for-s200-1a-1b\/#primaryimage\",\"url\":\"https:\/\/www.ghostysky.com\/wp-content\/uploads\/2026\/02\/GH_GDU-Propeller-Set-for-S200-1A-1B_1.webp\",\"contentUrl\":\"https:\/\/www.ghostysky.com\/wp-content\/uploads\/2026\/02\/GH_GDU-Propeller-Set-for-S200-1A-1B_1.webp\",\"width\":1200,\"height\":1200},{\"@type\":\"BreadcrumbList\",\"@id\":\"https:\/\/www.ghostysky.com\/product\/gdu-propeller-set-for-s200-1a-1b\/#breadcrumb\",\"itemListElement\":[{\"@type\":\"ListItem\",\"position\":1,\"name\":\"Home\",\"item\":\"https:\/\/www.ghostysky.com\/\"},{\"@type\":\"ListItem\",\"position\":2,\"name\":\"Shop\",\"item\":\"https:\/\/www.ghostysky.com\/shop\/\"},{\"@type\":\"ListItem\",\"position\":3,\"name\":\"GDU Propeller Set for S200 (1A 1B)\"}]},{\"@type\":\"WebSite\",\"@id\":\"https:\/\/www.ghostysky.com\/#website\",\"url\":\"https:\/\/www.ghostysky.com\/\",\"name\":\"Ghostysky\",\"description\":\"Delivering professional drones and services\",\"publisher\":{\"@id\":\"https:\/\/www.ghostysky.com\/#organization\"},\"potentialAction\":[{\"@type\":\"SearchAction\",\"target\":{\"@type\":\"EntryPoint\",\"urlTemplate\":\"https:\/\/www.ghostysky.com\/?s={search_term_string}\"},\"query-input\":{\"@type\":\"PropertyValueSpecification\",\"valueRequired\":true,\"valueName\":\"search_term_string\"}}],\"inLanguage\":\"pt-PT\"},{\"@type\":\"Organization\",\"@id\":\"https:\/\/www.ghostysky.com\/#organization\",\"name\":\"Ghostysky\",\"url\":\"https:\/\/www.ghostysky.com\/\",\"logo\":{\"@type\":\"ImageObject\",\"inLanguage\":\"pt-PT\",\"@id\":\"https:\/\/www.ghostysky.com\/#\/schema\/logo\/image\/\",\"url\":\"https:\/\/www.ghostysky.com\/wp-content\/uploads\/2020\/06\/cropped-ghostyskylogo_text_white2.png\",\"contentUrl\":\"https:\/\/www.ghostysky.com\/wp-content\/uploads\/2020\/06\/cropped-ghostyskylogo_text_white2.png\",\"width\":169,\"height\":56,\"caption\":\"Ghostysky\"},\"image\":{\"@id\":\"https:\/\/www.ghostysky.com\/#\/schema\/logo\/image\/\"},\"sameAs\":[\"https:\/\/www.facebook.com\/people\/Ghostysky\/100057676170234\/\",\"https:\/\/x.com\/Gh0stysky\",\"https:\/\/www.linkedin.com\/company\/34739653\",\"https:\/\/www.instagram.com\/gh0stysky\"]}]}<\/script>\n<!-- \/ Yoast SEO plugin. -->","yoast_head_json":{"title":"Conjunto de h\u00e9lices GDU para S200 (1A 1B) - Ghostysky","description":"Mantenha sua frota pronta para a miss\u00e3o com o Conjunto de H\u00e9lices GDU para S200 (1A 1B). Projetado especificamente para as s\u00e9ries industriais S200 e S220, este par de h\u00e9lices de reposi\u00e7\u00e3o garante que seu drone mantenha a estabilidade e a efici\u00eancia necess\u00e1rias para inspe\u00e7\u00f5es de alto risco e opera\u00e7\u00f5es t\u00e1ticas.","robots":{"index":"index","follow":"follow","max-snippet":"max-snippet:-1","max-image-preview":"max-image-preview:large","max-video-preview":"max-video-preview:-1"},"canonical":"https:\/\/www.ghostysky.com\/pt\/produto-2\/gdu-propeller-set-for-s200-1a-1b\/","og_locale":"pt_PT","og_type":"article","og_title":"GDU Propeller Set for S200 (1A 1B) - Ghostysky","og_description":"Keep your fleet mission-ready with the GDU Propeller Set for S200 (1A 1B). Specifically engineered for the S200 and S220 industrial series, this pair of replacement blades ensures your drone maintains the stability and efficiency required for high-stakes inspections and tactical operations.","og_url":"https:\/\/www.ghostysky.com\/pt\/produto-2\/gdu-propeller-set-for-s200-1a-1b\/","og_site_name":"Ghostysky","article_publisher":"https:\/\/www.facebook.com\/people\/Ghostysky\/100057676170234\/","article_modified_time":"2026-02-08T09:17:35+00:00","og_image":[{"width":1200,"height":1200,"url":"https:\/\/www.ghostysky.com\/wp-content\/uploads\/2026\/02\/GH_GDU-Propeller-Set-for-S200-1A-1B_1.webp","type":"image\/webp"}],"twitter_card":"summary_large_image","twitter_site":"@Gh0stysky","twitter_misc":{"Tempo estimado de leitura":"1 minuto"},"schema":{"@context":"https:\/\/schema.org","@graph":[{"@type":"WebPage","@id":"https:\/\/www.ghostysky.com\/product\/gdu-propeller-set-for-s200-1a-1b\/","url":"https:\/\/www.ghostysky.com\/product\/gdu-propeller-set-for-s200-1a-1b\/","name":"Conjunto de h\u00e9lices GDU para S200 (1A 1B) - Ghostysky","isPartOf":{"@id":"https:\/\/www.ghostysky.com\/#website"},"primaryImageOfPage":{"@id":"https:\/\/www.ghostysky.com\/product\/gdu-propeller-set-for-s200-1a-1b\/#primaryimage"},"image":{"@id":"https:\/\/www.ghostysky.com\/product\/gdu-propeller-set-for-s200-1a-1b\/#primaryimage"},"thumbnailUrl":"https:\/\/www.ghostysky.com\/wp-content\/uploads\/2026\/02\/GH_GDU-Propeller-Set-for-S200-1A-1B_1.webp","datePublished":"2026-02-08T09:11:29+00:00","dateModified":"2026-02-08T09:17:35+00:00","description":"Mantenha sua frota pronta para a miss\u00e3o com o Conjunto de H\u00e9lices GDU para S200 (1A 1B). Projetado especificamente para as s\u00e9ries industriais S200 e S220, este par de h\u00e9lices de reposi\u00e7\u00e3o garante que seu drone mantenha a estabilidade e a efici\u00eancia necess\u00e1rias para inspe\u00e7\u00f5es de alto risco e opera\u00e7\u00f5es t\u00e1ticas.","breadcrumb":{"@id":"https:\/\/www.ghostysky.com\/product\/gdu-propeller-set-for-s200-1a-1b\/#breadcrumb"},"inLanguage":"pt-PT","potentialAction":[{"@type":"ReadAction","target":["https:\/\/www.ghostysky.com\/product\/gdu-propeller-set-for-s200-1a-1b\/"]}]},{"@type":"ImageObject","inLanguage":"pt-PT","@id":"https:\/\/www.ghostysky.com\/product\/gdu-propeller-set-for-s200-1a-1b\/#primaryimage","url":"https:\/\/www.ghostysky.com\/wp-content\/uploads\/2026\/02\/GH_GDU-Propeller-Set-for-S200-1A-1B_1.webp","contentUrl":"https:\/\/www.ghostysky.com\/wp-content\/uploads\/2026\/02\/GH_GDU-Propeller-Set-for-S200-1A-1B_1.webp","width":1200,"height":1200},{"@type":"BreadcrumbList","@id":"https:\/\/www.ghostysky.com\/product\/gdu-propeller-set-for-s200-1a-1b\/#breadcrumb","itemListElement":[{"@type":"ListItem","position":1,"name":"Home","item":"https:\/\/www.ghostysky.com\/"},{"@type":"ListItem","position":2,"name":"Shop","item":"https:\/\/www.ghostysky.com\/shop\/"},{"@type":"ListItem","position":3,"name":"GDU Propeller Set for S200 (1A 1B)"}]},{"@type":"WebSite","@id":"https:\/\/www.ghostysky.com\/#website","url":"https:\/\/www.ghostysky.com\/","name":"Ghostysky","description":"Fornecendo drones e servi\u00e7os profissionais","publisher":{"@id":"https:\/\/www.ghostysky.com\/#organization"},"potentialAction":[{"@type":"SearchAction","target":{"@type":"EntryPoint","urlTemplate":"https:\/\/www.ghostysky.com\/?s={search_term_string}"},"query-input":{"@type":"PropertyValueSpecification","valueRequired":true,"valueName":"search_term_string"}}],"inLanguage":"pt-PT"},{"@type":"Organization","@id":"https:\/\/www.ghostysky.com\/#organization","name":"Ghostysky","url":"https:\/\/www.ghostysky.com\/","logo":{"@type":"ImageObject","inLanguage":"pt-PT","@id":"https:\/\/www.ghostysky.com\/#\/schema\/logo\/image\/","url":"https:\/\/www.ghostysky.com\/wp-content\/uploads\/2020\/06\/cropped-ghostyskylogo_text_white2.png","contentUrl":"https:\/\/www.ghostysky.com\/wp-content\/uploads\/2020\/06\/cropped-ghostyskylogo_text_white2.png","width":169,"height":56,"caption":"Ghostysky"},"image":{"@id":"https:\/\/www.ghostysky.com\/#\/schema\/logo\/image\/"},"sameAs":["https:\/\/www.facebook.com\/people\/Ghostysky\/100057676170234\/","https:\/\/x.com\/Gh0stysky","https:\/\/www.linkedin.com\/company\/34739653","https:\/\/www.instagram.com\/gh0stysky"]}]}},"_links":{"self":[{"href":"https:\/\/www.ghostysky.com\/pt\/wp-json\/wp\/v2\/product\/24128","targetHints":{"allow":["GET"]}}],"collection":[{"href":"https:\/\/www.ghostysky.com\/pt\/wp-json\/wp\/v2\/product"}],"about":[{"href":"https:\/\/www.ghostysky.com\/pt\/wp-json\/wp\/v2\/types\/product"}],"replies":[{"embeddable":true,"href":"https:\/\/www.ghostysky.com\/pt\/wp-json\/wp\/v2\/comments?post=24128"}],"wp:featuredmedia":[{"embeddable":true,"href":"https:\/\/www.ghostysky.com\/pt\/wp-json\/wp\/v2\/media\/24130"}],"wp:attachment":[{"href":"https:\/\/www.ghostysky.com\/pt\/wp-json\/wp\/v2\/media?parent=24128"}],"wp:term":[{"taxonomy":"product_brand","embeddable":true,"href":"https:\/\/www.ghostysky.com\/pt\/wp-json\/wp\/v2\/product_brand?post=24128"},{"taxonomy":"product_cat","embeddable":true,"href":"https:\/\/www.ghostysky.com\/pt\/wp-json\/wp\/v2\/product_cat?post=24128"},{"taxonomy":"product_tag","embeddable":true,"href":"https:\/\/www.ghostysky.com\/pt\/wp-json\/wp\/v2\/product_tag?post=24128"}],"curies":[{"name":"wp","href":"https:\/\/api.w.org\/{rel}","templated":true}]}}