{"id":24148,"date":"2026-02-08T10:22:06","date_gmt":"2026-02-08T10:22:06","guid":{"rendered":"https:\/\/www.ghostysky.com\/?post_type=product&#038;p=24148"},"modified":"2026-02-08T10:49:57","modified_gmt":"2026-02-08T10:49:57","slug":"gdu-pql01-quad-sensor-gimbal-camera","status":"publish","type":"product","link":"https:\/\/www.ghostysky.com\/pt\/product\/gdu-pql01-quad-sensor-gimbal-camera\/","title":{"rendered":"C\u00e2mera Gimbal com sensor qu\u00e1druplo GDU PQL01"},"content":{"rendered":"<h3 data-path-to-node=\"3\">M\u00f3dulos de sensores principais<\/h3>\n<p data-path-to-node=\"4\"><span class=\"citation-357 citation-end-357\">A designa\u00e7\u00e3o \u201cQuad-Sensor\u201d refere-se \u00e0s quatro ferramentas principais integradas no gimbal:<\/span><\/p>\n<ol start=\"1\" data-path-to-node=\"5\">\n<li>\n<p data-path-to-node=\"5,0,0\"><b data-path-to-node=\"5,0,0\" data-index-in-node=\"0\"><span class=\"citation-356\">Zoom de Camera:<\/span><\/b><span class=\"citation-356\"> Um sensor de luz vis\u00edvel de 48 MP com <\/span><b data-path-to-node=\"5,0,0\" data-index-in-node=\"46\"><span class=\"citation-356\">zoom \u00f3tico de 18x<\/span><\/b><span class=\"citation-356\"> e at\u00e9 <\/span><b data-path-to-node=\"5,0,0\" data-index-in-node=\"73\"><span class=\"citation-356\">zoom h\u00edbrido de 144x<\/span><\/b><span class=\"citation-356 citation-end-356\">.<\/span> \u00c9 ideal para inspe\u00e7\u00f5es detalhadas de linhas de energia ou infraestrutura a partir de uma dist\u00e2ncia segura.<\/p>\n<\/li>\n<li>\n<p data-path-to-node=\"5,1,0\"><b data-path-to-node=\"5,1,0\" data-index-in-node=\"0\"><span class=\"citation-355\">C\u00e2mera grande angular:<\/span><\/b><span class=\"citation-355 citation-end-355\"> Um sensor de alta resolu\u00e7\u00e3o de 48MP com amplo campo de vis\u00e3o, projetado para ampla percep\u00e7\u00e3o situacional e mapeamento de \u00e1reas.<\/span><\/p>\n<\/li>\n<li>\n<p data-path-to-node=\"5,2,0\"><b data-path-to-node=\"5,2,0\" data-index-in-node=\"0\"><span class=\"citation-354\">C\u00e2mera t\u00e9rmica infravermelha:<\/span><\/b><span class=\"citation-354 citation-end-354\"> Um sensor t\u00e9rmico de cer\u00e2mica desenvolvido internamente (resolu\u00e7\u00e3o de 640\u00d7512) que fornece medi\u00e7\u00f5es de temperatura precisas e detec\u00e7\u00e3o de assinatura t\u00e9rmica.<\/span><\/p>\n<\/li>\n<li>\n<p data-path-to-node=\"5,3,0\"><b data-path-to-node=\"5,3,0\" data-index-in-node=\"0\"><span class=\"citation-353\">Tel\u00e9metro laser:<\/span><\/b><span class=\"citation-353\"> Um m\u00f3dulo capaz de medir dist\u00e2ncias de at\u00e9 <\/span><b data-path-to-node=\"5,3,0\" data-index-in-node=\"65\"><span class=\"citation-353\">1500m<\/span><\/b><span class=\"citation-353 citation-end-353\"> Com alta precis\u00e3o, permite o posicionamento inteligente de alvos e a localiza\u00e7\u00e3o de coordenadas.<\/span><\/p>\n<p>&nbsp;<\/li>\n<\/ol>\n<h3 data-path-to-node=\"7\">Especifica\u00e7\u00f5es t\u00e9cnicas<\/h3>\n<table data-path-to-node=\"8\">\n<thead>\n<tr>\n<td><strong>Recurso<\/strong><\/td>\n<td><strong>Especifica\u00e7\u00f5es<\/strong><\/td>\n<\/tr>\n<\/thead>\n<tbody>\n<tr>\n<td><span data-path-to-node=\"8,1,0,0\"><b data-path-to-node=\"8,1,0,0\" data-index-in-node=\"0\">Tipo de gimbal<\/b><\/span><\/td>\n<td><span data-path-to-node=\"8,1,1,0\">Estabiliza\u00e7\u00e3o mec\u00e2nica de 3 eixos (Pan, Tilt, Roll)<\/span><\/td>\n<\/tr>\n<tr>\n<td><span data-path-to-node=\"8,2,0,0\"><b data-path-to-node=\"8,2,0,0\" data-index-in-node=\"0\">Precis\u00e3o de estabiliza\u00e7\u00e3o<\/b><\/span><\/td>\n<td><span data-path-to-node=\"8,2,1,0\"><span class=\"math-inline\" data-math=\"\\le 0.005^\\circ\" data-index-in-node=\"0\">&lt;= 0,005\u00ba<\/span><\/span><\/td>\n<\/tr>\n<tr>\n<td><span data-path-to-node=\"8,3,0,0\"><b data-path-to-node=\"8,3,0,0\" data-index-in-node=\"0\">Peso<\/b><\/span><\/td>\n<td><span data-path-to-node=\"8,3,1,0\"><span class=\"math-inline\" data-math=\"\\le 930\\text{g}\" data-index-in-node=\"0\">&lt;= 930g<\/span><\/span><\/td>\n<\/tr>\n<tr>\n<td><span data-path-to-node=\"8,4,0,0\"><b data-path-to-node=\"8,4,0,0\" data-index-in-node=\"0\">Temperatura de opera\u00e7\u00e3o<\/b><\/span><\/td>\n<td><span data-path-to-node=\"8,4,1,0\"><span class=\"math-inline\" data-math=\"-20^\\circ\\text{C}\" data-index-in-node=\"0\">-20\u00baC<\/span> para <span class=\"math-inline\" data-math=\"+55^\\circ\\text{C}\" data-index-in-node=\"21\">+55\u00baC<\/span><\/span><\/td>\n<\/tr>\n<tr>\n<td><span data-path-to-node=\"8,5,0,0\"><b data-path-to-node=\"8,5,0,0\" data-index-in-node=\"0\">Prote\u00e7\u00e3o de entrada<\/b><\/span><\/td>\n<td><span data-path-to-node=\"8,5,1,0\"><b data-path-to-node=\"8,5,1,0\" data-index-in-node=\"0\">IP44<\/b> (Resistente a poeira e respingos)<\/span><\/td>\n<\/tr>\n<tr>\n<td><span data-path-to-node=\"8,6,0,0\"><b data-path-to-node=\"8,6,0,0\" data-index-in-node=\"0\">Precis\u00e3o T\u00e9rmica<\/b><\/span><\/td>\n<td><span data-path-to-node=\"8,6,1,0\"><span class=\"math-inline\" data-math=\"\\pm 2^\\circ\\text{C}\" data-index-in-node=\"0\">+-2\u00baC<\/span>\u00a0ou <span class=\"math-inline\" data-math=\"\\pm 2\\%\" data-index-in-node=\"23\">+- 2%<\/span><\/span><\/td>\n<\/tr>\n<tr>\n<td><span data-path-to-node=\"8,7,0,0\"><b data-path-to-node=\"8,7,0,0\" data-index-in-node=\"0\">Poder computacional da IA<\/b><\/span><\/td>\n<td><span data-path-to-node=\"8,7,1,0\"><b data-path-to-node=\"8,7,1,0\" data-index-in-node=\"0\">21 TOPS<\/b> para reconhecimento de alvos em tempo real<\/span><\/td>\n<\/tr>\n<tr>\n<td><span data-path-to-node=\"8,8,0,0\"><b data-path-to-node=\"8,8,0,0\" data-index-in-node=\"0\">Alcance a laser<\/b><\/span><\/td>\n<td><span data-path-to-node=\"8,8,1,0\"><span class=\"math-inline\" data-math=\"5\\text{m}\" data-index-in-node=\"0\">5m<\/span> para <span class=\"math-inline\" data-math=\"1500\\text{m}\" data-index-in-node=\"13\">1500m<\/span><\/span><\/td>\n<\/tr>\n<\/tbody>\n<\/table>\n<p>&nbsp;<\/p>\n<h3 data-path-to-node=\"10\">Benef\u00edcios de desempenho essenciais<\/h3>\n<ul data-path-to-node=\"11\">\n<li>\n<p data-path-to-node=\"11,0,0\"><b data-path-to-node=\"11,0,0\" data-index-in-node=\"0\"><span class=\"citation-352\">Intelig\u00eancia impulsionada por IA:<\/span><\/b><span class=\"citation-352\"> Com 21 TOPS de poder de computa\u00e7\u00e3o de borda, o PQL01 suporta recursos avan\u00e7ados como <\/span><b data-path-to-node=\"11,0,0\" data-index-in-node=\"105\"><span class=\"citation-352\">reconhecimento inteligente de objetos por IA<\/span><\/b><span class=\"citation-352 citation-end-352\">, an\u00e1lise de movimento e rastreamento autom\u00e1tico, que s\u00e3o cruciais para miss\u00f5es de seguran\u00e7a e busca e salvamento (SAR).<\/span><\/p>\n<\/li>\n<li>\n<p data-path-to-node=\"11,1,0\"><b data-path-to-node=\"11,1,0\" data-index-in-node=\"0\"><span class=\"citation-351\">Fus\u00e3o multissensorial:<\/span><\/b><span class=\"citation-351 citation-end-351\"> O gimbal pode sobrepor dados t\u00e9rmicos em imagens de luz vis\u00edvel (modo de fus\u00e3o), permitindo que os pilotos vejam as assinaturas de calor, mantendo o contexto de alta defini\u00e7\u00e3o do espectro vis\u00edvel.<\/span><\/p>\n<\/li>\n<li>\n<p data-path-to-node=\"11,2,0\"><b data-path-to-node=\"11,2,0\" data-index-in-node=\"0\">Alvo de precis\u00e3o:<\/b><span class=\"citation-350 citation-end-350\"> Utilizando o tel\u00eametro a laser, o sistema pode calcular instantaneamente as coordenadas GPS (latitude\/longitude) e a dist\u00e2ncia de um objeto espec\u00edfico no centro do quadro.<\/span><\/p>\n<\/li>\n<li>\n<p data-path-to-node=\"11,3,0\"><b data-path-to-node=\"11,3,0\" data-index-in-node=\"0\"><span class=\"citation-349\">Constru\u00e7\u00e3o robusta:<\/span><\/b><span class=\"citation-349 citation-end-349\"> Projetado para ambientes industriais, ele apresenta um mecanismo cer\u00e2mico desenvolvido internamente para o sensor t\u00e9rmico, garantindo confiabilidade em diferentes temperaturas e condi\u00e7\u00f5es de voo.<\/span><\/p>\n<p>&nbsp;<\/li>\n<\/ul>\n<h3 data-path-to-node=\"13\">Aplica\u00e7\u00f5es comuns<\/h3>\n<ul data-path-to-node=\"14\">\n<li>\n<p data-path-to-node=\"14,0,0\"><b data-path-to-node=\"14,0,0\" data-index-in-node=\"0\"><span class=\"citation-348\">Inspe\u00e7\u00e3o da linha de energia:<\/span><\/b><span class=\"citation-348 citation-end-348\"> Identifica\u00e7\u00e3o de pontos quentes e desgaste estrutural usando zoom e sensores t\u00e9rmicos.<\/span><\/p>\n<\/li>\n<li>\n<p data-path-to-node=\"14,1,0\"><b data-path-to-node=\"14,1,0\" data-index-in-node=\"0\"><span class=\"citation-347\">Combate a inc\u00eandios e busca e salvamento:<\/span><\/b><span class=\"citation-347 citation-end-347\"> Localizar v\u00edtimas ou fontes de calor em meio \u00e0 fuma\u00e7a e \u00e0 escurid\u00e3o.<\/span><\/p>\n<\/li>\n<li>\n<p data-path-to-node=\"14,2,0\"><b data-path-to-node=\"14,2,0\" data-index-in-node=\"0\"><span class=\"citation-346\">Petr\u00f3leo e g\u00e1s:<\/span><\/b><span class=\"citation-346 citation-end-346\"> Monitoramento de dutos para detec\u00e7\u00e3o de vazamentos ou anomalias.<\/span><\/p>\n<\/li>\n<li>\n<p data-path-to-node=\"14,3,0\"><b data-path-to-node=\"14,3,0\" data-index-in-node=\"0\">Seguran\u00e7a e vigil\u00e2ncia:<\/b><span class=\"citation-345 citation-end-345\"> Rastreamento de objetos a longa dist\u00e2ncia com o zoom h\u00edbrido de 144x.<\/span><\/p>\n<\/li>\n<\/ul>","protected":false},"excerpt":{"rendered":"<p><span class=\"citation-359\">O <\/span><b data-path-to-node=\"0\" data-index-in-node=\"4\"><span class=\"citation-359\">C\u00e2mera Gimbal com sensor qu\u00e1druplo GDU PQL01<\/span><\/b><span class=\"citation-359\"> \u00e9 uma carga \u00fatil multifuncional de alto desempenho, projetada especificamente para o <\/span><b data-path-to-node=\"0\" data-index-in-node=\"115\"><span class=\"citation-359\">S\u00e9rie GDU S400<\/span><\/b><span class=\"citation-359 citation-end-359\"> drones industriais.<\/span> <span class=\"citation-358 citation-end-358\">Trata-se de uma solu\u00e7\u00e3o de imagem completa que integra quatro sensores distintos em uma \u00fanica unidade estabilizada, permitindo que os operadores alternem entre zoom de alta resolu\u00e7\u00e3o, visualiza\u00e7\u00f5es grande-angulares, imagens t\u00e9rmicas e telemetria a laser sem precisar trocar o hardware.<\/span><\/p>","protected":false},"featured_media":24152,"comment_status":"open","ping_status":"closed","template":"","meta":[],"product_brand":[1369],"product_cat":[29,1378,1363,1359],"product_tag":[1380,1375,1371],"class_list":{"0":"post-24148","1":"product","2":"type-product","3":"status-publish","4":"has-post-thumbnail","6":"product_brand-gdu-tech","7":"product_cat-drones","8":"product_cat-gdu-s400-payloads","9":"product_cat-gdu-s400-series","10":"product_cat-gdu-tech","11":"product_tag-gdu-s400-payloads","12":"product_tag-gdu-s400-series","13":"product_tag-gdu-tech","15":"first","16":"outofstock","17":"taxable","18":"shipping-taxable","19":"purchasable","20":"product-type-simple"},"yoast_head":"<!-- This site is optimized with the Yoast SEO plugin v27.4 - https:\/\/yoast.com\/product\/yoast-seo-wordpress\/ -->\n<title>GDU PQL01 Quad-Sensor Gimbal Camera - Ghostysky<\/title>\n<meta name=\"description\" content=\"The GDU PQL01 Quad-Sensor Gimbal Camera is a high-performance, multi-purpose payload specifically designed for the GDU S400 series industrial drones. It is an all-in-one imaging solution that integrates four distinct sensors into a single stabilized unit, allowing operators to switch between high-resolution zoom, wide-angle views, thermal imaging, and laser ranging without changing hardware.\" \/>\n<meta name=\"robots\" content=\"index, follow, max-snippet:-1, max-image-preview:large, max-video-preview:-1\" \/>\n<link rel=\"canonical\" href=\"https:\/\/www.ghostysky.com\/pt\/produto-2\/gdu-pql01-quad-sensor-gimbal-camera\/\" \/>\n<meta property=\"og:locale\" content=\"pt_PT\" \/>\n<meta property=\"og:type\" content=\"article\" \/>\n<meta property=\"og:title\" content=\"GDU PQL01 Quad-Sensor Gimbal Camera - Ghostysky\" \/>\n<meta property=\"og:description\" content=\"The GDU PQL01 Quad-Sensor Gimbal Camera is a high-performance, multi-purpose payload specifically designed for the GDU S400 series industrial drones. It is an all-in-one imaging solution that integrates four distinct sensors into a single stabilized unit, allowing operators to switch between high-resolution zoom, wide-angle views, thermal imaging, and laser ranging without changing hardware.\" \/>\n<meta property=\"og:url\" content=\"https:\/\/www.ghostysky.com\/pt\/produto-2\/gdu-pql01-quad-sensor-gimbal-camera\/\" \/>\n<meta property=\"og:site_name\" content=\"Ghostysky\" \/>\n<meta property=\"article:publisher\" content=\"https:\/\/www.facebook.com\/people\/Ghostysky\/100057676170234\/\" \/>\n<meta property=\"article:modified_time\" content=\"2026-02-08T10:49:57+00:00\" \/>\n<meta property=\"og:image\" content=\"https:\/\/www.ghostysky.com\/wp-content\/uploads\/2026\/02\/GH_GDU-Tech-PQL01_1.webp\" \/>\n\t<meta property=\"og:image:width\" content=\"1200\" \/>\n\t<meta property=\"og:image:height\" content=\"1200\" \/>\n\t<meta property=\"og:image:type\" content=\"image\/webp\" \/>\n<meta name=\"twitter:card\" content=\"summary_large_image\" \/>\n<meta name=\"twitter:site\" content=\"@Gh0stysky\" \/>\n<meta name=\"twitter:label1\" content=\"Tempo estimado de leitura\" \/>\n\t<meta name=\"twitter:data1\" content=\"2 minutos\" \/>\n<script type=\"application\/ld+json\" class=\"yoast-schema-graph\">{\"@context\":\"https:\\\/\\\/schema.org\",\"@graph\":[{\"@type\":\"WebPage\",\"@id\":\"https:\\\/\\\/www.ghostysky.com\\\/product\\\/gdu-pql01-quad-sensor-gimbal-camera\\\/\",\"url\":\"https:\\\/\\\/www.ghostysky.com\\\/product\\\/gdu-pql01-quad-sensor-gimbal-camera\\\/\",\"name\":\"GDU PQL01 Quad-Sensor Gimbal Camera - Ghostysky\",\"isPartOf\":{\"@id\":\"https:\\\/\\\/www.ghostysky.com\\\/#website\"},\"primaryImageOfPage\":{\"@id\":\"https:\\\/\\\/www.ghostysky.com\\\/product\\\/gdu-pql01-quad-sensor-gimbal-camera\\\/#primaryimage\"},\"image\":{\"@id\":\"https:\\\/\\\/www.ghostysky.com\\\/product\\\/gdu-pql01-quad-sensor-gimbal-camera\\\/#primaryimage\"},\"thumbnailUrl\":\"https:\\\/\\\/www.ghostysky.com\\\/wp-content\\\/uploads\\\/2026\\\/02\\\/GH_GDU-Tech-PQL01_1.webp\",\"datePublished\":\"2026-02-08T10:22:06+00:00\",\"dateModified\":\"2026-02-08T10:49:57+00:00\",\"description\":\"The GDU PQL01 Quad-Sensor Gimbal Camera is a high-performance, multi-purpose payload specifically designed for the GDU S400 series industrial drones. It is an all-in-one imaging solution that integrates four distinct sensors into a single stabilized unit, allowing operators to switch between high-resolution zoom, wide-angle views, thermal imaging, and laser ranging without changing hardware.\",\"breadcrumb\":{\"@id\":\"https:\\\/\\\/www.ghostysky.com\\\/product\\\/gdu-pql01-quad-sensor-gimbal-camera\\\/#breadcrumb\"},\"inLanguage\":\"pt-PT\",\"potentialAction\":[{\"@type\":\"ReadAction\",\"target\":[\"https:\\\/\\\/www.ghostysky.com\\\/product\\\/gdu-pql01-quad-sensor-gimbal-camera\\\/\"]}]},{\"@type\":\"ImageObject\",\"inLanguage\":\"pt-PT\",\"@id\":\"https:\\\/\\\/www.ghostysky.com\\\/product\\\/gdu-pql01-quad-sensor-gimbal-camera\\\/#primaryimage\",\"url\":\"https:\\\/\\\/www.ghostysky.com\\\/wp-content\\\/uploads\\\/2026\\\/02\\\/GH_GDU-Tech-PQL01_1.webp\",\"contentUrl\":\"https:\\\/\\\/www.ghostysky.com\\\/wp-content\\\/uploads\\\/2026\\\/02\\\/GH_GDU-Tech-PQL01_1.webp\",\"width\":1200,\"height\":1200},{\"@type\":\"BreadcrumbList\",\"@id\":\"https:\\\/\\\/www.ghostysky.com\\\/product\\\/gdu-pql01-quad-sensor-gimbal-camera\\\/#breadcrumb\",\"itemListElement\":[{\"@type\":\"ListItem\",\"position\":1,\"name\":\"Home\",\"item\":\"https:\\\/\\\/www.ghostysky.com\\\/\"},{\"@type\":\"ListItem\",\"position\":2,\"name\":\"Shop\",\"item\":\"https:\\\/\\\/www.ghostysky.com\\\/shop\\\/\"},{\"@type\":\"ListItem\",\"position\":3,\"name\":\"GDU PQL01 Quad-Sensor Gimbal Camera\"}]},{\"@type\":\"WebSite\",\"@id\":\"https:\\\/\\\/www.ghostysky.com\\\/#website\",\"url\":\"https:\\\/\\\/www.ghostysky.com\\\/\",\"name\":\"Ghostysky\",\"description\":\"Delivering professional drones and services\",\"publisher\":{\"@id\":\"https:\\\/\\\/www.ghostysky.com\\\/#organization\"},\"potentialAction\":[{\"@type\":\"SearchAction\",\"target\":{\"@type\":\"EntryPoint\",\"urlTemplate\":\"https:\\\/\\\/www.ghostysky.com\\\/?s={search_term_string}\"},\"query-input\":{\"@type\":\"PropertyValueSpecification\",\"valueRequired\":true,\"valueName\":\"search_term_string\"}}],\"inLanguage\":\"pt-PT\"},{\"@type\":\"Organization\",\"@id\":\"https:\\\/\\\/www.ghostysky.com\\\/#organization\",\"name\":\"Ghostysky\",\"url\":\"https:\\\/\\\/www.ghostysky.com\\\/\",\"logo\":{\"@type\":\"ImageObject\",\"inLanguage\":\"pt-PT\",\"@id\":\"https:\\\/\\\/www.ghostysky.com\\\/#\\\/schema\\\/logo\\\/image\\\/\",\"url\":\"https:\\\/\\\/www.ghostysky.com\\\/wp-content\\\/uploads\\\/2020\\\/06\\\/cropped-ghostyskylogo_text_white2.png\",\"contentUrl\":\"https:\\\/\\\/www.ghostysky.com\\\/wp-content\\\/uploads\\\/2020\\\/06\\\/cropped-ghostyskylogo_text_white2.png\",\"width\":169,\"height\":56,\"caption\":\"Ghostysky\"},\"image\":{\"@id\":\"https:\\\/\\\/www.ghostysky.com\\\/#\\\/schema\\\/logo\\\/image\\\/\"},\"sameAs\":[\"https:\\\/\\\/www.facebook.com\\\/people\\\/Ghostysky\\\/100057676170234\\\/\",\"https:\\\/\\\/x.com\\\/Gh0stysky\",\"https:\\\/\\\/www.linkedin.com\\\/company\\\/34739653\",\"https:\\\/\\\/www.instagram.com\\\/gh0stysky\"]}]}<\/script>\n<!-- \/ Yoast SEO plugin. -->","yoast_head_json":{"title":"C\u00e2mera Gimbal com sensor qu\u00e1druplo GDU PQL01 - Ghostysky","description":"A c\u00e2mera gimbal de quatro sensores GDU PQL01 \u00e9 uma carga \u00fatil multifuncional de alto desempenho, projetada especificamente para os drones industriais da s\u00e9rie GDU S400. Trata-se de uma solu\u00e7\u00e3o de imagem completa que integra quatro sensores distintos em uma \u00fanica unidade estabilizada, permitindo que os operadores alternem entre zoom de alta resolu\u00e7\u00e3o, vis\u00e3o grande angular, imagem t\u00e9rmica e telemetria a laser sem precisar trocar o hardware.","robots":{"index":"index","follow":"follow","max-snippet":"max-snippet:-1","max-image-preview":"max-image-preview:large","max-video-preview":"max-video-preview:-1"},"canonical":"https:\/\/www.ghostysky.com\/pt\/produto-2\/gdu-pql01-quad-sensor-gimbal-camera\/","og_locale":"pt_PT","og_type":"article","og_title":"GDU PQL01 Quad-Sensor Gimbal Camera - Ghostysky","og_description":"The GDU PQL01 Quad-Sensor Gimbal Camera is a high-performance, multi-purpose payload specifically designed for the GDU S400 series industrial drones. It is an all-in-one imaging solution that integrates four distinct sensors into a single stabilized unit, allowing operators to switch between high-resolution zoom, wide-angle views, thermal imaging, and laser ranging without changing hardware.","og_url":"https:\/\/www.ghostysky.com\/pt\/produto-2\/gdu-pql01-quad-sensor-gimbal-camera\/","og_site_name":"Ghostysky","article_publisher":"https:\/\/www.facebook.com\/people\/Ghostysky\/100057676170234\/","article_modified_time":"2026-02-08T10:49:57+00:00","og_image":[{"width":1200,"height":1200,"url":"https:\/\/www.ghostysky.com\/wp-content\/uploads\/2026\/02\/GH_GDU-Tech-PQL01_1.webp","type":"image\/webp"}],"twitter_card":"summary_large_image","twitter_site":"@Gh0stysky","twitter_misc":{"Tempo estimado de leitura":"2 minutos"},"schema":{"@context":"https:\/\/schema.org","@graph":[{"@type":"WebPage","@id":"https:\/\/www.ghostysky.com\/product\/gdu-pql01-quad-sensor-gimbal-camera\/","url":"https:\/\/www.ghostysky.com\/product\/gdu-pql01-quad-sensor-gimbal-camera\/","name":"C\u00e2mera Gimbal com sensor qu\u00e1druplo GDU PQL01 - Ghostysky","isPartOf":{"@id":"https:\/\/www.ghostysky.com\/#website"},"primaryImageOfPage":{"@id":"https:\/\/www.ghostysky.com\/product\/gdu-pql01-quad-sensor-gimbal-camera\/#primaryimage"},"image":{"@id":"https:\/\/www.ghostysky.com\/product\/gdu-pql01-quad-sensor-gimbal-camera\/#primaryimage"},"thumbnailUrl":"https:\/\/www.ghostysky.com\/wp-content\/uploads\/2026\/02\/GH_GDU-Tech-PQL01_1.webp","datePublished":"2026-02-08T10:22:06+00:00","dateModified":"2026-02-08T10:49:57+00:00","description":"A c\u00e2mera gimbal de quatro sensores GDU PQL01 \u00e9 uma carga \u00fatil multifuncional de alto desempenho, projetada especificamente para os drones industriais da s\u00e9rie GDU S400. Trata-se de uma solu\u00e7\u00e3o de imagem completa que integra quatro sensores distintos em uma \u00fanica unidade estabilizada, permitindo que os operadores alternem entre zoom de alta resolu\u00e7\u00e3o, vis\u00e3o grande angular, imagem t\u00e9rmica e telemetria a laser sem precisar trocar o hardware.","breadcrumb":{"@id":"https:\/\/www.ghostysky.com\/product\/gdu-pql01-quad-sensor-gimbal-camera\/#breadcrumb"},"inLanguage":"pt-PT","potentialAction":[{"@type":"ReadAction","target":["https:\/\/www.ghostysky.com\/product\/gdu-pql01-quad-sensor-gimbal-camera\/"]}]},{"@type":"ImageObject","inLanguage":"pt-PT","@id":"https:\/\/www.ghostysky.com\/product\/gdu-pql01-quad-sensor-gimbal-camera\/#primaryimage","url":"https:\/\/www.ghostysky.com\/wp-content\/uploads\/2026\/02\/GH_GDU-Tech-PQL01_1.webp","contentUrl":"https:\/\/www.ghostysky.com\/wp-content\/uploads\/2026\/02\/GH_GDU-Tech-PQL01_1.webp","width":1200,"height":1200},{"@type":"BreadcrumbList","@id":"https:\/\/www.ghostysky.com\/product\/gdu-pql01-quad-sensor-gimbal-camera\/#breadcrumb","itemListElement":[{"@type":"ListItem","position":1,"name":"Home","item":"https:\/\/www.ghostysky.com\/"},{"@type":"ListItem","position":2,"name":"Shop","item":"https:\/\/www.ghostysky.com\/shop\/"},{"@type":"ListItem","position":3,"name":"GDU PQL01 Quad-Sensor Gimbal Camera"}]},{"@type":"WebSite","@id":"https:\/\/www.ghostysky.com\/#website","url":"https:\/\/www.ghostysky.com\/","name":"Ghostysky","description":"Fornecendo drones e servi\u00e7os profissionais","publisher":{"@id":"https:\/\/www.ghostysky.com\/#organization"},"potentialAction":[{"@type":"SearchAction","target":{"@type":"EntryPoint","urlTemplate":"https:\/\/www.ghostysky.com\/?s={search_term_string}"},"query-input":{"@type":"PropertyValueSpecification","valueRequired":true,"valueName":"search_term_string"}}],"inLanguage":"pt-PT"},{"@type":"Organization","@id":"https:\/\/www.ghostysky.com\/#organization","name":"Ghostysky","url":"https:\/\/www.ghostysky.com\/","logo":{"@type":"ImageObject","inLanguage":"pt-PT","@id":"https:\/\/www.ghostysky.com\/#\/schema\/logo\/image\/","url":"https:\/\/www.ghostysky.com\/wp-content\/uploads\/2020\/06\/cropped-ghostyskylogo_text_white2.png","contentUrl":"https:\/\/www.ghostysky.com\/wp-content\/uploads\/2020\/06\/cropped-ghostyskylogo_text_white2.png","width":169,"height":56,"caption":"Ghostysky"},"image":{"@id":"https:\/\/www.ghostysky.com\/#\/schema\/logo\/image\/"},"sameAs":["https:\/\/www.facebook.com\/people\/Ghostysky\/100057676170234\/","https:\/\/x.com\/Gh0stysky","https:\/\/www.linkedin.com\/company\/34739653","https:\/\/www.instagram.com\/gh0stysky"]}]}},"_links":{"self":[{"href":"https:\/\/www.ghostysky.com\/pt\/wp-json\/wp\/v2\/product\/24148","targetHints":{"allow":["GET"]}}],"collection":[{"href":"https:\/\/www.ghostysky.com\/pt\/wp-json\/wp\/v2\/product"}],"about":[{"href":"https:\/\/www.ghostysky.com\/pt\/wp-json\/wp\/v2\/types\/product"}],"replies":[{"embeddable":true,"href":"https:\/\/www.ghostysky.com\/pt\/wp-json\/wp\/v2\/comments?post=24148"}],"version-history":[{"count":0,"href":"https:\/\/www.ghostysky.com\/pt\/wp-json\/wp\/v2\/product\/24148\/revisions"}],"wp:featuredmedia":[{"embeddable":true,"href":"https:\/\/www.ghostysky.com\/pt\/wp-json\/wp\/v2\/media\/24152"}],"wp:attachment":[{"href":"https:\/\/www.ghostysky.com\/pt\/wp-json\/wp\/v2\/media?parent=24148"}],"wp:term":[{"taxonomy":"product_brand","embeddable":true,"href":"https:\/\/www.ghostysky.com\/pt\/wp-json\/wp\/v2\/product_brand?post=24148"},{"taxonomy":"product_cat","embeddable":true,"href":"https:\/\/www.ghostysky.com\/pt\/wp-json\/wp\/v2\/product_cat?post=24148"},{"taxonomy":"product_tag","embeddable":true,"href":"https:\/\/www.ghostysky.com\/pt\/wp-json\/wp\/v2\/product_tag?post=24148"}],"curies":[{"name":"wp","href":"https:\/\/api.w.org\/{rel}","templated":true}]}}