{"id":24149,"date":"2026-02-08T10:22:06","date_gmt":"2026-02-08T10:22:06","guid":{"rendered":"https:\/\/www.ghostysky.com\/?post_type=product&#038;p=24149"},"modified":"2026-02-09T08:09:54","modified_gmt":"2026-02-09T08:09:54","slug":"gdu-pql02-compact-quad-sensor-gimbal","status":"publish","type":"product","link":"https:\/\/www.ghostysky.com\/pt\/product\/gdu-pql02-compact-quad-sensor-gimbal\/","title":{"rendered":"Gimbal compacto de quatro sensores GDU PQL02"},"content":{"rendered":"<h3 data-path-to-node=\"3\">Principais caracter\u00edsticas e sensores<\/h3>\n<p data-path-to-node=\"4\"><span class=\"citation-447 citation-end-447\">O PQL02 integra quatro sensores essenciais para fornecer uma vis\u00e3o t\u00e1tica abrangente:<\/span><\/p>\n<ul data-path-to-node=\"5\">\n<li>\n<p data-path-to-node=\"5,0,0\"><b data-path-to-node=\"5,0,0\" data-index-in-node=\"0\"><span class=\"citation-446\">C\u00e2mera grande angular:<\/span><\/b><span class=\"citation-446 citation-end-446\"> Possui um sensor CMOS de 1\/1,49\u2033 capaz de capturar fotos em 8K (8000 x 6000) e v\u00eddeos em alta resolu\u00e7\u00e3o, ideal para uma ampla percep\u00e7\u00e3o situacional.<\/span><\/p>\n<\/li>\n<li>\n<p data-path-to-node=\"5,1,0\"><b data-path-to-node=\"5,1,0\" data-index-in-node=\"0\"><span class=\"citation-445\">C\u00e2mera teleobjetiva (zoom):<\/span><\/b><span class=\"citation-445\"> Equipado com um sensor CMOS de 1\/2\u2033 e <\/span><b data-path-to-node=\"5,1,0\" data-index-in-node=\"62\"><span class=\"citation-445\">zoom \u00f3tico h\u00edbrido de 10x<\/span><\/b><span class=\"citation-445 citation-end-445\"> (zoom digital total de at\u00e9 160x).<\/span> Suporta v\u00eddeo em 8K\/15fps ou 4K\/60fps, permitindo inspe\u00e7\u00f5es detalhadas a uma dist\u00e2ncia segura.<\/p>\n<\/li>\n<li>\n<p data-path-to-node=\"5,2,0\"><b data-path-to-node=\"5,2,0\" data-index-in-node=\"0\"><span class=\"citation-444\">C\u00e2mera infravermelha (t\u00e9rmica):<\/span><\/b><span class=\"citation-444 citation-end-444\"> Um sensor com resolu\u00e7\u00e3o de 640 x 512 (dispon\u00edvel com dist\u00e2ncias focais de 13 mm ou 25 mm) para medi\u00e7\u00e3o precisa de temperatura e detec\u00e7\u00e3o de assinatura t\u00e9rmica em ambientes de baixa visibilidade.<\/span><\/p>\n<\/li>\n<li>\n<p data-path-to-node=\"5,3,0\"><b data-path-to-node=\"5,3,0\" data-index-in-node=\"0\"><span class=\"citation-443\">Tel\u00e9metro laser:<\/span><\/b><span class=\"citation-443\"> Fornece medi\u00e7\u00f5es de dist\u00e2ncia de alta precis\u00e3o a partir de <\/span><b data-path-to-node=\"5,3,0\" data-index-in-node=\"70\"><span class=\"citation-443\">10m a 1500m<\/span><\/b><span class=\"citation-443 citation-end-443\">, auxiliando na localiza\u00e7\u00e3o do alvo e no c\u00e1lculo das coordenadas.<\/span><\/p>\n<div class=\"source-inline-chip-container ng-star-inserted\"><\/div>\n<p>&nbsp;<\/li>\n<\/ul>\n<h3 data-path-to-node=\"7\">Especifica\u00e7\u00f5es t\u00e9cnicas<\/h3>\n<table data-path-to-node=\"8\">\n<thead>\n<tr>\n<td><strong>Recurso<\/strong><\/td>\n<td><strong>Especifica\u00e7\u00f5es<\/strong><\/td>\n<\/tr>\n<\/thead>\n<tbody>\n<tr>\n<td><span data-path-to-node=\"8,1,0,0\"><b data-path-to-node=\"8,1,0,0\" data-index-in-node=\"0\">Peso<\/b><\/span><\/td>\n<td><span data-path-to-node=\"8,1,1,0\">~380g (13,4 oz)<\/span><\/td>\n<\/tr>\n<tr>\n<td><span data-path-to-node=\"8,2,0,0\"><b data-path-to-node=\"8,2,0,0\" data-index-in-node=\"0\">Estabiliza\u00e7\u00e3o<\/b><\/span><\/td>\n<td><span data-path-to-node=\"8,2,1,0\">Gimbal mec\u00e2nico de 3 eixos (guinada, rota\u00e7\u00e3o, inclina\u00e7\u00e3o)<\/span><\/td>\n<\/tr>\n<tr>\n<td><span data-path-to-node=\"8,3,0,0\"><b data-path-to-node=\"8,3,0,0\" data-index-in-node=\"0\">Resolu\u00e7\u00e3o de v\u00eddeo<\/b><\/span><\/td>\n<td><span data-path-to-node=\"8,3,1,0\">8K a 15 fps<\/span><\/td>\n<\/tr>\n<tr>\n<td><span data-path-to-node=\"8,4,0,0\"><b data-path-to-node=\"8,4,0,0\" data-index-in-node=\"0\">Resolu\u00e7\u00e3o t\u00e9rmica<\/b><\/span><\/td>\n<td><span data-path-to-node=\"8,4,1,0\">640 x 512<\/span><\/td>\n<\/tr>\n<tr>\n<td><span data-path-to-node=\"8,5,0,0\"><b data-path-to-node=\"8,5,0,0\" data-index-in-node=\"0\">Poder computacional<\/b><\/span><\/td>\n<td><span data-path-to-node=\"8,5,1,0\">Chip de processamento de IA de 10,4T<\/span><\/td>\n<\/tr>\n<tr>\n<td><span data-path-to-node=\"8,6,0,0\"><b data-path-to-node=\"8,6,0,0\" data-index-in-node=\"0\">Classifica\u00e7\u00e3o de prote\u00e7\u00e3o<\/b><\/span><\/td>\n<td><span data-path-to-node=\"8,6,1,0\">IP44 (Resistente a poeira e respingos de \u00e1gua)<\/span><\/td>\n<\/tr>\n<tr>\n<td><span data-path-to-node=\"8,7,0,0\"><b data-path-to-node=\"8,7,0,0\" data-index-in-node=\"0\">Armazenamento<\/b><\/span><\/td>\n<td><span data-path-to-node=\"8,7,1,0\">microSD at\u00e9 512 GB (UHS-I U3 recomendado)<\/span><\/td>\n<\/tr>\n<\/tbody>\n<\/table>\n<p>&nbsp;<\/p>\n<h3 data-path-to-node=\"10\">Capacidades inteligentes<\/h3>\n<ul data-path-to-node=\"11\">\n<li>\n<p data-path-to-node=\"11,0,0\"><b data-path-to-node=\"11,0,0\" data-index-in-node=\"0\">Rastreamento de alvos por IA:<\/b><span class=\"citation-442 citation-end-442\"> A capacidade de processamento integrada de 10,4T permite a identifica\u00e7\u00e3o aut\u00f4noma e o rastreamento cont\u00ednuo de objetos em movimento.<\/span><\/p>\n<\/li>\n<li>\n<p data-path-to-node=\"11,1,0\"><b data-path-to-node=\"11,1,0\" data-index-in-node=\"0\"><span class=\"citation-441\">Fus\u00e3o multissensorial:<\/span><\/b><span class=\"citation-441 citation-end-441\"> Os pilotos podem visualizar diferentes imagens de sensores simultaneamente ou usar o &quot;Link Zooming&quot;, onde as c\u00e2meras t\u00e9rmicas e vis\u00edveis aplicam zoom em sincronia para manter o contexto.<\/span><\/p>\n<\/li>\n<li>\n<p data-path-to-node=\"11,2,0\"><b data-path-to-node=\"11,2,0\" data-index-in-node=\"0\"><span class=\"citation-440\">Design robusto:<\/span><\/b><span class=\"citation-440\"> Com um <\/span><b data-path-to-node=\"11,2,0\" data-index-in-node=\"23\"><span class=\"citation-440\">Classifica\u00e7\u00e3o IP44<\/span><\/b><span class=\"citation-440 citation-end-440\">, O PQL02 foi projetado para operar em condi\u00e7\u00f5es clim\u00e1ticas adversas, garantindo confiabilidade durante miss\u00f5es de resposta a emerg\u00eancias.<\/span><\/p>\n<\/li>\n<\/ul>","protected":false},"excerpt":{"rendered":"<p><span class=\"citation-450\">O <\/span><b data-path-to-node=\"0\" data-index-in-node=\"4\"><span class=\"citation-450\">Gimbal compacto de quatro sensores GDU PQL02<\/span><\/b><span class=\"citation-450 citation-end-450\"> \u00c9 uma carga \u00fatil a\u00e9rea de n\u00edvel profissional projetada para os drones da s\u00e9rie GDU S400.<\/span> <span class=\"citation-449 citation-end-449\">Ele foi projetado para aplica\u00e7\u00f5es industriais de alta precis\u00e3o, incluindo seguran\u00e7a p\u00fablica, inspe\u00e7\u00e3o de linhas de energia e busca e salvamento (SAR).<\/span><\/p>","protected":false},"featured_media":24178,"comment_status":"open","ping_status":"closed","template":"","meta":[],"product_brand":[1369],"product_cat":[29,1378,1363,1359],"product_tag":[1380,1375,1371],"class_list":{"0":"post-24149","1":"product","2":"type-product","3":"status-publish","4":"has-post-thumbnail","6":"product_brand-gdu-tech","7":"product_cat-drones","8":"product_cat-gdu-s400-payloads","9":"product_cat-gdu-s400-series","10":"product_cat-gdu-tech","11":"product_tag-gdu-s400-payloads","12":"product_tag-gdu-s400-series","13":"product_tag-gdu-tech","15":"first","16":"outofstock","17":"taxable","18":"shipping-taxable","19":"product-type-simple"},"yoast_head":"<!-- This site is optimized with the Yoast SEO plugin v27.4 - https:\/\/yoast.com\/product\/yoast-seo-wordpress\/ -->\n<title>GDU PQL02 Compact Quad-Sensor Gimbal - Ghostysky<\/title>\n<meta name=\"description\" content=\"The GDU PQL02 Compact Quad-Sensor Gimbal is a professional-grade aerial payload designed for the GDU S400 series drones. It is engineered for high-precision industrial applications, including public safety, power line inspection, and search and rescue (SAR).\" \/>\n<meta name=\"robots\" content=\"index, follow, max-snippet:-1, max-image-preview:large, max-video-preview:-1\" \/>\n<link rel=\"canonical\" href=\"https:\/\/www.ghostysky.com\/pt\/produto-2\/gdu-pql02-compact-quad-sensor-gimbal\/\" \/>\n<meta property=\"og:locale\" content=\"pt_PT\" \/>\n<meta property=\"og:type\" content=\"article\" \/>\n<meta property=\"og:title\" content=\"GDU PQL02 Compact Quad-Sensor Gimbal - Ghostysky\" \/>\n<meta property=\"og:description\" content=\"The GDU PQL02 Compact Quad-Sensor Gimbal is a professional-grade aerial payload designed for the GDU S400 series drones. It is engineered for high-precision industrial applications, including public safety, power line inspection, and search and rescue (SAR).\" \/>\n<meta property=\"og:url\" content=\"https:\/\/www.ghostysky.com\/pt\/produto-2\/gdu-pql02-compact-quad-sensor-gimbal\/\" \/>\n<meta property=\"og:site_name\" content=\"Ghostysky\" \/>\n<meta property=\"article:publisher\" content=\"https:\/\/www.facebook.com\/people\/Ghostysky\/100057676170234\/\" \/>\n<meta property=\"article:modified_time\" content=\"2026-02-09T08:09:54+00:00\" \/>\n<meta property=\"og:image\" content=\"https:\/\/www.ghostysky.com\/wp-content\/uploads\/2026\/02\/GH_GDU_PQL02_1.webp\" \/>\n\t<meta property=\"og:image:width\" content=\"1200\" \/>\n\t<meta property=\"og:image:height\" content=\"1200\" \/>\n\t<meta property=\"og:image:type\" content=\"image\/webp\" \/>\n<meta name=\"twitter:card\" content=\"summary_large_image\" \/>\n<meta name=\"twitter:site\" content=\"@Gh0stysky\" \/>\n<meta name=\"twitter:label1\" content=\"Tempo estimado de leitura\" \/>\n\t<meta name=\"twitter:data1\" content=\"2 minutos\" \/>\n<script type=\"application\/ld+json\" class=\"yoast-schema-graph\">{\"@context\":\"https:\\\/\\\/schema.org\",\"@graph\":[{\"@type\":\"WebPage\",\"@id\":\"https:\\\/\\\/www.ghostysky.com\\\/product\\\/gdu-pql02-compact-quad-sensor-gimbal\\\/\",\"url\":\"https:\\\/\\\/www.ghostysky.com\\\/product\\\/gdu-pql02-compact-quad-sensor-gimbal\\\/\",\"name\":\"GDU PQL02 Compact Quad-Sensor Gimbal - Ghostysky\",\"isPartOf\":{\"@id\":\"https:\\\/\\\/www.ghostysky.com\\\/#website\"},\"primaryImageOfPage\":{\"@id\":\"https:\\\/\\\/www.ghostysky.com\\\/product\\\/gdu-pql02-compact-quad-sensor-gimbal\\\/#primaryimage\"},\"image\":{\"@id\":\"https:\\\/\\\/www.ghostysky.com\\\/product\\\/gdu-pql02-compact-quad-sensor-gimbal\\\/#primaryimage\"},\"thumbnailUrl\":\"https:\\\/\\\/www.ghostysky.com\\\/wp-content\\\/uploads\\\/2026\\\/02\\\/GH_GDU_PQL02_1.webp\",\"datePublished\":\"2026-02-08T10:22:06+00:00\",\"dateModified\":\"2026-02-09T08:09:54+00:00\",\"description\":\"The GDU PQL02 Compact Quad-Sensor Gimbal is a professional-grade aerial payload designed for the GDU S400 series drones. It is engineered for high-precision industrial applications, including public safety, power line inspection, and search and rescue (SAR).\",\"breadcrumb\":{\"@id\":\"https:\\\/\\\/www.ghostysky.com\\\/product\\\/gdu-pql02-compact-quad-sensor-gimbal\\\/#breadcrumb\"},\"inLanguage\":\"pt-PT\",\"potentialAction\":[{\"@type\":\"ReadAction\",\"target\":[\"https:\\\/\\\/www.ghostysky.com\\\/product\\\/gdu-pql02-compact-quad-sensor-gimbal\\\/\"]}]},{\"@type\":\"ImageObject\",\"inLanguage\":\"pt-PT\",\"@id\":\"https:\\\/\\\/www.ghostysky.com\\\/product\\\/gdu-pql02-compact-quad-sensor-gimbal\\\/#primaryimage\",\"url\":\"https:\\\/\\\/www.ghostysky.com\\\/wp-content\\\/uploads\\\/2026\\\/02\\\/GH_GDU_PQL02_1.webp\",\"contentUrl\":\"https:\\\/\\\/www.ghostysky.com\\\/wp-content\\\/uploads\\\/2026\\\/02\\\/GH_GDU_PQL02_1.webp\",\"width\":1200,\"height\":1200},{\"@type\":\"BreadcrumbList\",\"@id\":\"https:\\\/\\\/www.ghostysky.com\\\/product\\\/gdu-pql02-compact-quad-sensor-gimbal\\\/#breadcrumb\",\"itemListElement\":[{\"@type\":\"ListItem\",\"position\":1,\"name\":\"Home\",\"item\":\"https:\\\/\\\/www.ghostysky.com\\\/\"},{\"@type\":\"ListItem\",\"position\":2,\"name\":\"Shop\",\"item\":\"https:\\\/\\\/www.ghostysky.com\\\/shop\\\/\"},{\"@type\":\"ListItem\",\"position\":3,\"name\":\"GDU PQL02 Compact Quad-Sensor Gimbal\"}]},{\"@type\":\"WebSite\",\"@id\":\"https:\\\/\\\/www.ghostysky.com\\\/#website\",\"url\":\"https:\\\/\\\/www.ghostysky.com\\\/\",\"name\":\"Ghostysky\",\"description\":\"Delivering professional drones and services\",\"publisher\":{\"@id\":\"https:\\\/\\\/www.ghostysky.com\\\/#organization\"},\"potentialAction\":[{\"@type\":\"SearchAction\",\"target\":{\"@type\":\"EntryPoint\",\"urlTemplate\":\"https:\\\/\\\/www.ghostysky.com\\\/?s={search_term_string}\"},\"query-input\":{\"@type\":\"PropertyValueSpecification\",\"valueRequired\":true,\"valueName\":\"search_term_string\"}}],\"inLanguage\":\"pt-PT\"},{\"@type\":\"Organization\",\"@id\":\"https:\\\/\\\/www.ghostysky.com\\\/#organization\",\"name\":\"Ghostysky\",\"url\":\"https:\\\/\\\/www.ghostysky.com\\\/\",\"logo\":{\"@type\":\"ImageObject\",\"inLanguage\":\"pt-PT\",\"@id\":\"https:\\\/\\\/www.ghostysky.com\\\/#\\\/schema\\\/logo\\\/image\\\/\",\"url\":\"https:\\\/\\\/www.ghostysky.com\\\/wp-content\\\/uploads\\\/2020\\\/06\\\/cropped-ghostyskylogo_text_white2.png\",\"contentUrl\":\"https:\\\/\\\/www.ghostysky.com\\\/wp-content\\\/uploads\\\/2020\\\/06\\\/cropped-ghostyskylogo_text_white2.png\",\"width\":169,\"height\":56,\"caption\":\"Ghostysky\"},\"image\":{\"@id\":\"https:\\\/\\\/www.ghostysky.com\\\/#\\\/schema\\\/logo\\\/image\\\/\"},\"sameAs\":[\"https:\\\/\\\/www.facebook.com\\\/people\\\/Ghostysky\\\/100057676170234\\\/\",\"https:\\\/\\\/x.com\\\/Gh0stysky\",\"https:\\\/\\\/www.linkedin.com\\\/company\\\/34739653\",\"https:\\\/\\\/www.instagram.com\\\/gh0stysky\"]}]}<\/script>\n<!-- \/ Yoast SEO plugin. -->","yoast_head_json":{"title":"Gimbal compacto com quatro sensores GDU PQL02 - Ghostysky","description":"O gimbal compacto de quatro sensores GDU PQL02 \u00e9 uma carga \u00fatil a\u00e9rea de n\u00edvel profissional projetada para os drones da s\u00e9rie GDU S400. Ele foi desenvolvido para aplica\u00e7\u00f5es industriais de alta precis\u00e3o, incluindo seguran\u00e7a p\u00fablica, inspe\u00e7\u00e3o de linhas de energia e busca e salvamento (SAR).","robots":{"index":"index","follow":"follow","max-snippet":"max-snippet:-1","max-image-preview":"max-image-preview:large","max-video-preview":"max-video-preview:-1"},"canonical":"https:\/\/www.ghostysky.com\/pt\/produto-2\/gdu-pql02-compact-quad-sensor-gimbal\/","og_locale":"pt_PT","og_type":"article","og_title":"GDU PQL02 Compact Quad-Sensor Gimbal - Ghostysky","og_description":"The GDU PQL02 Compact Quad-Sensor Gimbal is a professional-grade aerial payload designed for the GDU S400 series drones. It is engineered for high-precision industrial applications, including public safety, power line inspection, and search and rescue (SAR).","og_url":"https:\/\/www.ghostysky.com\/pt\/produto-2\/gdu-pql02-compact-quad-sensor-gimbal\/","og_site_name":"Ghostysky","article_publisher":"https:\/\/www.facebook.com\/people\/Ghostysky\/100057676170234\/","article_modified_time":"2026-02-09T08:09:54+00:00","og_image":[{"width":1200,"height":1200,"url":"https:\/\/www.ghostysky.com\/wp-content\/uploads\/2026\/02\/GH_GDU_PQL02_1.webp","type":"image\/webp"}],"twitter_card":"summary_large_image","twitter_site":"@Gh0stysky","twitter_misc":{"Tempo estimado de leitura":"2 minutos"},"schema":{"@context":"https:\/\/schema.org","@graph":[{"@type":"WebPage","@id":"https:\/\/www.ghostysky.com\/product\/gdu-pql02-compact-quad-sensor-gimbal\/","url":"https:\/\/www.ghostysky.com\/product\/gdu-pql02-compact-quad-sensor-gimbal\/","name":"Gimbal compacto com quatro sensores GDU PQL02 - Ghostysky","isPartOf":{"@id":"https:\/\/www.ghostysky.com\/#website"},"primaryImageOfPage":{"@id":"https:\/\/www.ghostysky.com\/product\/gdu-pql02-compact-quad-sensor-gimbal\/#primaryimage"},"image":{"@id":"https:\/\/www.ghostysky.com\/product\/gdu-pql02-compact-quad-sensor-gimbal\/#primaryimage"},"thumbnailUrl":"https:\/\/www.ghostysky.com\/wp-content\/uploads\/2026\/02\/GH_GDU_PQL02_1.webp","datePublished":"2026-02-08T10:22:06+00:00","dateModified":"2026-02-09T08:09:54+00:00","description":"O gimbal compacto de quatro sensores GDU PQL02 \u00e9 uma carga \u00fatil a\u00e9rea de n\u00edvel profissional projetada para os drones da s\u00e9rie GDU S400. Ele foi desenvolvido para aplica\u00e7\u00f5es industriais de alta precis\u00e3o, incluindo seguran\u00e7a p\u00fablica, inspe\u00e7\u00e3o de linhas de energia e busca e salvamento (SAR).","breadcrumb":{"@id":"https:\/\/www.ghostysky.com\/product\/gdu-pql02-compact-quad-sensor-gimbal\/#breadcrumb"},"inLanguage":"pt-PT","potentialAction":[{"@type":"ReadAction","target":["https:\/\/www.ghostysky.com\/product\/gdu-pql02-compact-quad-sensor-gimbal\/"]}]},{"@type":"ImageObject","inLanguage":"pt-PT","@id":"https:\/\/www.ghostysky.com\/product\/gdu-pql02-compact-quad-sensor-gimbal\/#primaryimage","url":"https:\/\/www.ghostysky.com\/wp-content\/uploads\/2026\/02\/GH_GDU_PQL02_1.webp","contentUrl":"https:\/\/www.ghostysky.com\/wp-content\/uploads\/2026\/02\/GH_GDU_PQL02_1.webp","width":1200,"height":1200},{"@type":"BreadcrumbList","@id":"https:\/\/www.ghostysky.com\/product\/gdu-pql02-compact-quad-sensor-gimbal\/#breadcrumb","itemListElement":[{"@type":"ListItem","position":1,"name":"Home","item":"https:\/\/www.ghostysky.com\/"},{"@type":"ListItem","position":2,"name":"Shop","item":"https:\/\/www.ghostysky.com\/shop\/"},{"@type":"ListItem","position":3,"name":"GDU PQL02 Compact Quad-Sensor Gimbal"}]},{"@type":"WebSite","@id":"https:\/\/www.ghostysky.com\/#website","url":"https:\/\/www.ghostysky.com\/","name":"Ghostysky","description":"Fornecendo drones e servi\u00e7os profissionais","publisher":{"@id":"https:\/\/www.ghostysky.com\/#organization"},"potentialAction":[{"@type":"SearchAction","target":{"@type":"EntryPoint","urlTemplate":"https:\/\/www.ghostysky.com\/?s={search_term_string}"},"query-input":{"@type":"PropertyValueSpecification","valueRequired":true,"valueName":"search_term_string"}}],"inLanguage":"pt-PT"},{"@type":"Organization","@id":"https:\/\/www.ghostysky.com\/#organization","name":"Ghostysky","url":"https:\/\/www.ghostysky.com\/","logo":{"@type":"ImageObject","inLanguage":"pt-PT","@id":"https:\/\/www.ghostysky.com\/#\/schema\/logo\/image\/","url":"https:\/\/www.ghostysky.com\/wp-content\/uploads\/2020\/06\/cropped-ghostyskylogo_text_white2.png","contentUrl":"https:\/\/www.ghostysky.com\/wp-content\/uploads\/2020\/06\/cropped-ghostyskylogo_text_white2.png","width":169,"height":56,"caption":"Ghostysky"},"image":{"@id":"https:\/\/www.ghostysky.com\/#\/schema\/logo\/image\/"},"sameAs":["https:\/\/www.facebook.com\/people\/Ghostysky\/100057676170234\/","https:\/\/x.com\/Gh0stysky","https:\/\/www.linkedin.com\/company\/34739653","https:\/\/www.instagram.com\/gh0stysky"]}]}},"_links":{"self":[{"href":"https:\/\/www.ghostysky.com\/pt\/wp-json\/wp\/v2\/product\/24149","targetHints":{"allow":["GET"]}}],"collection":[{"href":"https:\/\/www.ghostysky.com\/pt\/wp-json\/wp\/v2\/product"}],"about":[{"href":"https:\/\/www.ghostysky.com\/pt\/wp-json\/wp\/v2\/types\/product"}],"replies":[{"embeddable":true,"href":"https:\/\/www.ghostysky.com\/pt\/wp-json\/wp\/v2\/comments?post=24149"}],"wp:featuredmedia":[{"embeddable":true,"href":"https:\/\/www.ghostysky.com\/pt\/wp-json\/wp\/v2\/media\/24178"}],"wp:attachment":[{"href":"https:\/\/www.ghostysky.com\/pt\/wp-json\/wp\/v2\/media?parent=24149"}],"wp:term":[{"taxonomy":"product_brand","embeddable":true,"href":"https:\/\/www.ghostysky.com\/pt\/wp-json\/wp\/v2\/product_brand?post=24149"},{"taxonomy":"product_cat","embeddable":true,"href":"https:\/\/www.ghostysky.com\/pt\/wp-json\/wp\/v2\/product_cat?post=24149"},{"taxonomy":"product_tag","embeddable":true,"href":"https:\/\/www.ghostysky.com\/pt\/wp-json\/wp\/v2\/product_tag?post=24149"}],"curies":[{"name":"wp","href":"https:\/\/api.w.org\/{rel}","templated":true}]}}