{"id":24156,"date":"2026-02-08T10:48:02","date_gmt":"2026-02-08T10:48:02","guid":{"rendered":"https:\/\/www.ghostysky.com\/?post_type=product&#038;p=24156"},"modified":"2026-02-08T11:32:38","modified_gmt":"2026-02-08T11:32:38","slug":"gdu-amm01-multi-payload-mount","status":"publish","type":"product","link":"https:\/\/www.ghostysky.com\/pt\/product\/gdu-amm01-multi-payload-mount\/","title":{"rendered":"Suporte de carga m\u00faltipla GDU AMM01"},"content":{"rendered":"<h3 data-path-to-node=\"2\">Principais recursos e funcionalidades<\/h3>\n<h3 data-path-to-node=\"3\">1. Capacidade de carga dupla<\/h3>\n<p data-path-to-node=\"4\">O AMM01 atua como uma ponte que permite ao S400E transportar e controlar <b data-path-to-node=\"4\" data-index-in-node=\"71\">duas cargas \u00fateis independentes<\/b> Ao mesmo tempo. Isso elimina a necessidade de m\u00faltiplos voos para coletar diferentes tipos de dados (por exemplo, t\u00e9rmicos e LiDAR).<\/p>\n<h3 data-path-to-node=\"5\">2. Suporte para cargas \u00fateis elevadas<\/h3>\n<p data-path-to-node=\"6\">Projetado especificamente para suportar a robusta capacidade de eleva\u00e7\u00e3o do S400E, o suporte permite uma carga externa m\u00e1xima do drone de at\u00e9 <b data-path-to-node=\"6\" data-index-in-node=\"133\">3kg<\/b>. Isso o torna compat\u00edvel com sensores pesados, incluindo:<\/p>\n<ul data-path-to-node=\"7\">\n<li>\n<p data-path-to-node=\"7,0,0\"><b data-path-to-node=\"7,0,0\" data-index-in-node=\"0\">C\u00e2meras com quatro sensores PQL01\/PQL02<\/b> (Grande angular + Zoom + T\u00e9rmica + Tel\u00eametro a laser)<\/p>\n<\/li>\n<li>\n<p data-path-to-node=\"7,1,0\"><b data-path-to-node=\"7,1,0\" data-index-in-node=\"0\"><span class=\"citation-381 citation-end-381\">Scanners LiDAR PLI01<\/span><\/b><\/p>\n<\/li>\n<li>\n<p data-path-to-node=\"7,2,0\"><b data-path-to-node=\"7,2,0\" data-index-in-node=\"0\"><span class=\"citation-380 citation-end-380\">C\u00e2meras de sensor duplo PDL-1K\/300<\/span><\/b><\/p>\n<\/li>\n<li>\n<p data-path-to-node=\"7,3,0\"><b data-path-to-node=\"7,3,0\" data-index-in-node=\"0\">Ferramentas especializadas<\/b> como megafones ou holofotes.<\/p>\n<\/li>\n<\/ul>\n<h3 data-path-to-node=\"8\">3. Energia e dados integrados<\/h3>\n<p data-path-to-node=\"9\">O suporte n\u00e3o \u00e9 apenas um suporte f\u00edsico; ele apresenta um <b data-path-to-node=\"9\" data-index-in-node=\"57\">cabo de conex\u00e3o de energia integrado<\/b> que se conecta \u00e0 porta de alimenta\u00e7\u00e3o externa do S400E. Isso fornece:<\/p>\n<ul data-path-to-node=\"10\">\n<li>\n<p data-path-to-node=\"10,0,0\">Forne\u00e7a energia diretamente para ambas as cargas \u00fateis a partir da bateria principal do drone.<\/p>\n<\/li>\n<li>\n<p data-path-to-node=\"10,1,0\">Transmiss\u00e3o de dados cont\u00ednua de volta para o aplicativo GDU Flight II para monitoramento em tempo real de ambas as transmiss\u00f5es.<\/p>\n<\/li>\n<\/ul>\n<h3 data-path-to-node=\"11\">4. Constru\u00e7\u00e3o Industrial Robusta<\/h3>\n<p data-path-to-node=\"12\">Em conson\u00e2ncia com a classifica\u00e7\u00e3o IP45 do S400E, o AMM01 \u00e9 constru\u00eddo com materiais de n\u00edvel aeron\u00e1utico (provavelmente uma liga de magn\u00e9sio ou alum\u00ednio) para garantir estabilidade e durabilidade em condi\u00e7\u00f5es clim\u00e1ticas adversas.<\/p>\n<h3 data-path-to-node=\"14\">Especifica\u00e7\u00f5es t\u00e9cnicas (em resumo)<\/h3>\n<table data-path-to-node=\"15\">\n<thead>\n<tr>\n<td><strong>Recurso<\/strong><\/td>\n<td><strong>Detalhes<\/strong><\/td>\n<\/tr>\n<\/thead>\n<tbody>\n<tr>\n<td><span data-path-to-node=\"15,1,0,0\"><b data-path-to-node=\"15,1,0,0\" data-index-in-node=\"0\">Compatibilidade<\/b><\/span><\/td>\n<td><span data-path-to-node=\"15,1,1,0\">S\u00e9rie GDU S400E<\/span><\/td>\n<\/tr>\n<tr>\n<td><span data-path-to-node=\"15,2,0,0\"><b data-path-to-node=\"15,2,0,0\" data-index-in-node=\"0\">Tipo de montagem<\/b><\/span><\/td>\n<td><span data-path-to-node=\"15,2,1,0\">Interface de gimbal duplo descendente<\/span><\/td>\n<\/tr>\n<tr>\n<td><span data-path-to-node=\"15,3,0,0\"><b data-path-to-node=\"15,3,0,0\" data-index-in-node=\"0\">Carga Combinada M\u00e1xima<\/b><\/span><\/td>\n<td><span data-path-to-node=\"15,3,1,0\">3 kg (Limite para aeronaves)<\/span><\/td>\n<\/tr>\n<tr>\n<td><span data-path-to-node=\"15,4,0,0\"><b data-path-to-node=\"15,4,0,0\" data-index-in-node=\"0\">Conectividade<\/b><\/span><\/td>\n<td><span data-path-to-node=\"15,4,1,0\">Anel girat\u00f3rio de libera\u00e7\u00e3o r\u00e1pida com cabo de alimenta\u00e7\u00e3o externo<\/span><\/td>\n<\/tr>\n<tr>\n<td><span data-path-to-node=\"15,5,0,0\"><b data-path-to-node=\"15,5,0,0\" data-index-in-node=\"0\">Material<\/b><\/span><\/td>\n<td><span data-path-to-node=\"15,5,1,0\">Liga industrial leve e de alta resist\u00eancia<\/span><\/td>\n<\/tr>\n<\/tbody>\n<\/table>\n<p>&nbsp;<\/p>\n<h3 data-path-to-node=\"17\">Instala\u00e7\u00e3o e utiliza\u00e7\u00e3o<\/h3>\n<p data-path-to-node=\"18\">O suporte utiliza um <b data-path-to-node=\"18\" data-index-in-node=\"17\">mecanismo de libera\u00e7\u00e3o r\u00e1pida<\/b> Para maior efici\u00eancia em campo:<\/p>\n<ol start=\"1\" data-path-to-node=\"19\">\n<li>\n<p data-path-to-node=\"19,0,0\"><b data-path-to-node=\"19,0,0\" data-index-in-node=\"0\">Alinhamento:<\/b> Alinhe o ponto vermelho no AMM01 com a interface de carga \u00fatil do UAV.<\/p>\n<\/li>\n<li>\n<p data-path-to-node=\"19,1,0\"><b data-path-to-node=\"19,1,0\" data-index-in-node=\"0\">Trancando:<\/b> Pressione e gire o anel de travamento 90\u00b0 no sentido hor\u00e1rio at\u00e9 que ele se encaixe no lugar com um clique.<\/p>\n<\/li>\n<li>\n<p data-path-to-node=\"19,2,0\"><b data-path-to-node=\"19,2,0\" data-index-in-node=\"0\">Alimenta\u00e7\u00e3o:<\/b> Conecte o cabo integrado \u00e0 porta de alimenta\u00e7\u00e3o da aeronave para ativar os sensores de montagem dupla.<\/p>\n<\/li>\n<\/ol>\n<blockquote data-path-to-node=\"20\">\n<p data-path-to-node=\"20,0\"><b data-path-to-node=\"20,0\" data-index-in-node=\"0\"><span class=\"citation-379\">Observa\u00e7\u00e3o:<\/span><\/b><span class=\"citation-379\"> Ao voar com cargas \u00fateis m\u00e1ximas atrav\u00e9s do AMM01, recomenda-se manter as velocidades de voo abaixo de <\/span><b data-path-to-node=\"20,0\" data-index-in-node=\"101\"><span class=\"citation-379\">15 m\/s<\/span><\/b><span class=\"citation-379 citation-end-379\"> para garantir a estabilidade ideal do gimbal e a seguran\u00e7a da aeronave.<\/span><\/p>\n<\/blockquote>","protected":false},"excerpt":{"rendered":"<p><span class=\"citation-382\">O <\/span><b data-path-to-node=\"0\" data-index-in-node=\"4\"><span class=\"citation-382\">Suporte de carga m\u00faltipla GDU AMM01<\/span><\/b><span class=\"citation-382\"> \u00e9 um acess\u00f3rio de expans\u00e3o especializado projetado para o <\/span><b data-path-to-node=\"0\" data-index-in-node=\"88\"><span class=\"citation-382\">GDU S400E<\/span><\/b><span class=\"citation-382 citation-end-382\"> drone industrial.<\/span> Ele transforma a capacidade de gimbal \u00fanico do drone em um sistema de porta dupla, permitindo que os operadores implantem v\u00e1rios sensores simultaneamente para miss\u00f5es complexas, como busca e resgate, inspe\u00e7\u00e3o de linhas de energia e monitoramento ambiental.<\/p>","protected":false},"featured_media":24166,"comment_status":"open","ping_status":"closed","template":"","meta":[],"product_brand":[1369],"product_cat":[29,1363,1365,1359],"product_tag":[1375,1377,1371],"class_list":{"0":"post-24156","1":"product","2":"type-product","3":"status-publish","4":"has-post-thumbnail","6":"product_brand-gdu-tech","7":"product_cat-drones","8":"product_cat-gdu-s400-series","9":"product_cat-gdu-s400-series-accessories","10":"product_cat-gdu-tech","11":"product_tag-gdu-s400-series","12":"product_tag-gdu-s400-series-accessories","13":"product_tag-gdu-tech","15":"first","16":"outofstock","17":"taxable","18":"shipping-taxable","19":"purchasable","20":"product-type-simple"},"yoast_head":"<!-- This site is optimized with the Yoast SEO plugin v27.4 - https:\/\/yoast.com\/product\/yoast-seo-wordpress\/ -->\n<title>GDU AMM01 Multi-Payload Mount - Ghostysky<\/title>\n<meta name=\"description\" content=\"The GDU AMM01 Multi-Payload Mount is a specialized expansion accessory designed for the GDU S400E industrial drone. It transforms the drone\u2019s single gimbal capability into a dual-port system, allowing operators to deploy multiple sensors simultaneously for complex missions like search and rescue, power line inspection, and environmental monitoring.\" \/>\n<meta name=\"robots\" content=\"index, follow, max-snippet:-1, max-image-preview:large, max-video-preview:-1\" \/>\n<link rel=\"canonical\" href=\"https:\/\/www.ghostysky.com\/pt\/produto-2\/gdu-amm01-multi-payload-mount\/\" \/>\n<meta property=\"og:locale\" content=\"pt_PT\" \/>\n<meta property=\"og:type\" content=\"article\" \/>\n<meta property=\"og:title\" content=\"GDU AMM01 Multi-Payload Mount - Ghostysky\" \/>\n<meta property=\"og:description\" content=\"The GDU AMM01 Multi-Payload Mount is a specialized expansion accessory designed for the GDU S400E industrial drone. It transforms the drone\u2019s single gimbal capability into a dual-port system, allowing operators to deploy multiple sensors simultaneously for complex missions like search and rescue, power line inspection, and environmental monitoring.\" \/>\n<meta property=\"og:url\" content=\"https:\/\/www.ghostysky.com\/pt\/produto-2\/gdu-amm01-multi-payload-mount\/\" \/>\n<meta property=\"og:site_name\" content=\"Ghostysky\" \/>\n<meta property=\"article:publisher\" content=\"https:\/\/www.facebook.com\/people\/Ghostysky\/100057676170234\/\" \/>\n<meta property=\"article:modified_time\" content=\"2026-02-08T11:32:38+00:00\" \/>\n<meta property=\"og:image\" content=\"https:\/\/www.ghostysky.com\/wp-content\/uploads\/2026\/02\/GH_AMM01_1.webp\" \/>\n\t<meta property=\"og:image:width\" content=\"1200\" \/>\n\t<meta property=\"og:image:height\" content=\"1200\" \/>\n\t<meta property=\"og:image:type\" content=\"image\/webp\" \/>\n<meta name=\"twitter:card\" content=\"summary_large_image\" \/>\n<meta name=\"twitter:site\" content=\"@Gh0stysky\" \/>\n<meta name=\"twitter:label1\" content=\"Tempo estimado de leitura\" \/>\n\t<meta name=\"twitter:data1\" content=\"2 minutos\" \/>\n<script type=\"application\/ld+json\" class=\"yoast-schema-graph\">{\"@context\":\"https:\\\/\\\/schema.org\",\"@graph\":[{\"@type\":\"WebPage\",\"@id\":\"https:\\\/\\\/www.ghostysky.com\\\/product\\\/gdu-amm01-multi-payload-mount\\\/\",\"url\":\"https:\\\/\\\/www.ghostysky.com\\\/product\\\/gdu-amm01-multi-payload-mount\\\/\",\"name\":\"GDU AMM01 Multi-Payload Mount - Ghostysky\",\"isPartOf\":{\"@id\":\"https:\\\/\\\/www.ghostysky.com\\\/#website\"},\"primaryImageOfPage\":{\"@id\":\"https:\\\/\\\/www.ghostysky.com\\\/product\\\/gdu-amm01-multi-payload-mount\\\/#primaryimage\"},\"image\":{\"@id\":\"https:\\\/\\\/www.ghostysky.com\\\/product\\\/gdu-amm01-multi-payload-mount\\\/#primaryimage\"},\"thumbnailUrl\":\"https:\\\/\\\/www.ghostysky.com\\\/wp-content\\\/uploads\\\/2026\\\/02\\\/GH_AMM01_1.webp\",\"datePublished\":\"2026-02-08T10:48:02+00:00\",\"dateModified\":\"2026-02-08T11:32:38+00:00\",\"description\":\"The GDU AMM01 Multi-Payload Mount is a specialized expansion accessory designed for the GDU S400E industrial drone. It transforms the drone\u2019s single gimbal capability into a dual-port system, allowing operators to deploy multiple sensors simultaneously for complex missions like search and rescue, power line inspection, and environmental monitoring.\",\"breadcrumb\":{\"@id\":\"https:\\\/\\\/www.ghostysky.com\\\/product\\\/gdu-amm01-multi-payload-mount\\\/#breadcrumb\"},\"inLanguage\":\"pt-PT\",\"potentialAction\":[{\"@type\":\"ReadAction\",\"target\":[\"https:\\\/\\\/www.ghostysky.com\\\/product\\\/gdu-amm01-multi-payload-mount\\\/\"]}]},{\"@type\":\"ImageObject\",\"inLanguage\":\"pt-PT\",\"@id\":\"https:\\\/\\\/www.ghostysky.com\\\/product\\\/gdu-amm01-multi-payload-mount\\\/#primaryimage\",\"url\":\"https:\\\/\\\/www.ghostysky.com\\\/wp-content\\\/uploads\\\/2026\\\/02\\\/GH_AMM01_1.webp\",\"contentUrl\":\"https:\\\/\\\/www.ghostysky.com\\\/wp-content\\\/uploads\\\/2026\\\/02\\\/GH_AMM01_1.webp\",\"width\":1200,\"height\":1200},{\"@type\":\"BreadcrumbList\",\"@id\":\"https:\\\/\\\/www.ghostysky.com\\\/product\\\/gdu-amm01-multi-payload-mount\\\/#breadcrumb\",\"itemListElement\":[{\"@type\":\"ListItem\",\"position\":1,\"name\":\"Home\",\"item\":\"https:\\\/\\\/www.ghostysky.com\\\/\"},{\"@type\":\"ListItem\",\"position\":2,\"name\":\"Shop\",\"item\":\"https:\\\/\\\/www.ghostysky.com\\\/shop\\\/\"},{\"@type\":\"ListItem\",\"position\":3,\"name\":\"GDU AMM01 Multi-Payload Mount\"}]},{\"@type\":\"WebSite\",\"@id\":\"https:\\\/\\\/www.ghostysky.com\\\/#website\",\"url\":\"https:\\\/\\\/www.ghostysky.com\\\/\",\"name\":\"Ghostysky\",\"description\":\"Delivering professional drones and services\",\"publisher\":{\"@id\":\"https:\\\/\\\/www.ghostysky.com\\\/#organization\"},\"potentialAction\":[{\"@type\":\"SearchAction\",\"target\":{\"@type\":\"EntryPoint\",\"urlTemplate\":\"https:\\\/\\\/www.ghostysky.com\\\/?s={search_term_string}\"},\"query-input\":{\"@type\":\"PropertyValueSpecification\",\"valueRequired\":true,\"valueName\":\"search_term_string\"}}],\"inLanguage\":\"pt-PT\"},{\"@type\":\"Organization\",\"@id\":\"https:\\\/\\\/www.ghostysky.com\\\/#organization\",\"name\":\"Ghostysky\",\"url\":\"https:\\\/\\\/www.ghostysky.com\\\/\",\"logo\":{\"@type\":\"ImageObject\",\"inLanguage\":\"pt-PT\",\"@id\":\"https:\\\/\\\/www.ghostysky.com\\\/#\\\/schema\\\/logo\\\/image\\\/\",\"url\":\"https:\\\/\\\/www.ghostysky.com\\\/wp-content\\\/uploads\\\/2020\\\/06\\\/cropped-ghostyskylogo_text_white2.png\",\"contentUrl\":\"https:\\\/\\\/www.ghostysky.com\\\/wp-content\\\/uploads\\\/2020\\\/06\\\/cropped-ghostyskylogo_text_white2.png\",\"width\":169,\"height\":56,\"caption\":\"Ghostysky\"},\"image\":{\"@id\":\"https:\\\/\\\/www.ghostysky.com\\\/#\\\/schema\\\/logo\\\/image\\\/\"},\"sameAs\":[\"https:\\\/\\\/www.facebook.com\\\/people\\\/Ghostysky\\\/100057676170234\\\/\",\"https:\\\/\\\/x.com\\\/Gh0stysky\",\"https:\\\/\\\/www.linkedin.com\\\/company\\\/34739653\",\"https:\\\/\\\/www.instagram.com\\\/gh0stysky\"]}]}<\/script>\n<!-- \/ Yoast SEO plugin. -->","yoast_head_json":{"title":"Suporte para m\u00faltiplas cargas \u00fateis GDU AMM01 - Ghostysky","description":"O suporte de carga \u00fatil m\u00faltipla GDU AMM01 \u00e9 um acess\u00f3rio de expans\u00e3o especializado projetado para o drone industrial GDU S400E. Ele transforma a capacidade de gimbal \u00fanico do drone em um sistema de porta dupla, permitindo que os operadores implantem v\u00e1rios sensores simultaneamente para miss\u00f5es complexas, como busca e salvamento, inspe\u00e7\u00e3o de linhas de energia e monitoramento ambiental.","robots":{"index":"index","follow":"follow","max-snippet":"max-snippet:-1","max-image-preview":"max-image-preview:large","max-video-preview":"max-video-preview:-1"},"canonical":"https:\/\/www.ghostysky.com\/pt\/produto-2\/gdu-amm01-multi-payload-mount\/","og_locale":"pt_PT","og_type":"article","og_title":"GDU AMM01 Multi-Payload Mount - Ghostysky","og_description":"The GDU AMM01 Multi-Payload Mount is a specialized expansion accessory designed for the GDU S400E industrial drone. It transforms the drone\u2019s single gimbal capability into a dual-port system, allowing operators to deploy multiple sensors simultaneously for complex missions like search and rescue, power line inspection, and environmental monitoring.","og_url":"https:\/\/www.ghostysky.com\/pt\/produto-2\/gdu-amm01-multi-payload-mount\/","og_site_name":"Ghostysky","article_publisher":"https:\/\/www.facebook.com\/people\/Ghostysky\/100057676170234\/","article_modified_time":"2026-02-08T11:32:38+00:00","og_image":[{"width":1200,"height":1200,"url":"https:\/\/www.ghostysky.com\/wp-content\/uploads\/2026\/02\/GH_AMM01_1.webp","type":"image\/webp"}],"twitter_card":"summary_large_image","twitter_site":"@Gh0stysky","twitter_misc":{"Tempo estimado de leitura":"2 minutos"},"schema":{"@context":"https:\/\/schema.org","@graph":[{"@type":"WebPage","@id":"https:\/\/www.ghostysky.com\/product\/gdu-amm01-multi-payload-mount\/","url":"https:\/\/www.ghostysky.com\/product\/gdu-amm01-multi-payload-mount\/","name":"Suporte para m\u00faltiplas cargas \u00fateis GDU AMM01 - Ghostysky","isPartOf":{"@id":"https:\/\/www.ghostysky.com\/#website"},"primaryImageOfPage":{"@id":"https:\/\/www.ghostysky.com\/product\/gdu-amm01-multi-payload-mount\/#primaryimage"},"image":{"@id":"https:\/\/www.ghostysky.com\/product\/gdu-amm01-multi-payload-mount\/#primaryimage"},"thumbnailUrl":"https:\/\/www.ghostysky.com\/wp-content\/uploads\/2026\/02\/GH_AMM01_1.webp","datePublished":"2026-02-08T10:48:02+00:00","dateModified":"2026-02-08T11:32:38+00:00","description":"O suporte de carga \u00fatil m\u00faltipla GDU AMM01 \u00e9 um acess\u00f3rio de expans\u00e3o especializado projetado para o drone industrial GDU S400E. Ele transforma a capacidade de gimbal \u00fanico do drone em um sistema de porta dupla, permitindo que os operadores implantem v\u00e1rios sensores simultaneamente para miss\u00f5es complexas, como busca e salvamento, inspe\u00e7\u00e3o de linhas de energia e monitoramento ambiental.","breadcrumb":{"@id":"https:\/\/www.ghostysky.com\/product\/gdu-amm01-multi-payload-mount\/#breadcrumb"},"inLanguage":"pt-PT","potentialAction":[{"@type":"ReadAction","target":["https:\/\/www.ghostysky.com\/product\/gdu-amm01-multi-payload-mount\/"]}]},{"@type":"ImageObject","inLanguage":"pt-PT","@id":"https:\/\/www.ghostysky.com\/product\/gdu-amm01-multi-payload-mount\/#primaryimage","url":"https:\/\/www.ghostysky.com\/wp-content\/uploads\/2026\/02\/GH_AMM01_1.webp","contentUrl":"https:\/\/www.ghostysky.com\/wp-content\/uploads\/2026\/02\/GH_AMM01_1.webp","width":1200,"height":1200},{"@type":"BreadcrumbList","@id":"https:\/\/www.ghostysky.com\/product\/gdu-amm01-multi-payload-mount\/#breadcrumb","itemListElement":[{"@type":"ListItem","position":1,"name":"Home","item":"https:\/\/www.ghostysky.com\/"},{"@type":"ListItem","position":2,"name":"Shop","item":"https:\/\/www.ghostysky.com\/shop\/"},{"@type":"ListItem","position":3,"name":"GDU AMM01 Multi-Payload Mount"}]},{"@type":"WebSite","@id":"https:\/\/www.ghostysky.com\/#website","url":"https:\/\/www.ghostysky.com\/","name":"Ghostysky","description":"Fornecendo drones e servi\u00e7os profissionais","publisher":{"@id":"https:\/\/www.ghostysky.com\/#organization"},"potentialAction":[{"@type":"SearchAction","target":{"@type":"EntryPoint","urlTemplate":"https:\/\/www.ghostysky.com\/?s={search_term_string}"},"query-input":{"@type":"PropertyValueSpecification","valueRequired":true,"valueName":"search_term_string"}}],"inLanguage":"pt-PT"},{"@type":"Organization","@id":"https:\/\/www.ghostysky.com\/#organization","name":"Ghostysky","url":"https:\/\/www.ghostysky.com\/","logo":{"@type":"ImageObject","inLanguage":"pt-PT","@id":"https:\/\/www.ghostysky.com\/#\/schema\/logo\/image\/","url":"https:\/\/www.ghostysky.com\/wp-content\/uploads\/2020\/06\/cropped-ghostyskylogo_text_white2.png","contentUrl":"https:\/\/www.ghostysky.com\/wp-content\/uploads\/2020\/06\/cropped-ghostyskylogo_text_white2.png","width":169,"height":56,"caption":"Ghostysky"},"image":{"@id":"https:\/\/www.ghostysky.com\/#\/schema\/logo\/image\/"},"sameAs":["https:\/\/www.facebook.com\/people\/Ghostysky\/100057676170234\/","https:\/\/x.com\/Gh0stysky","https:\/\/www.linkedin.com\/company\/34739653","https:\/\/www.instagram.com\/gh0stysky"]}]}},"_links":{"self":[{"href":"https:\/\/www.ghostysky.com\/pt\/wp-json\/wp\/v2\/product\/24156","targetHints":{"allow":["GET"]}}],"collection":[{"href":"https:\/\/www.ghostysky.com\/pt\/wp-json\/wp\/v2\/product"}],"about":[{"href":"https:\/\/www.ghostysky.com\/pt\/wp-json\/wp\/v2\/types\/product"}],"replies":[{"embeddable":true,"href":"https:\/\/www.ghostysky.com\/pt\/wp-json\/wp\/v2\/comments?post=24156"}],"version-history":[{"count":0,"href":"https:\/\/www.ghostysky.com\/pt\/wp-json\/wp\/v2\/product\/24156\/revisions"}],"wp:featuredmedia":[{"embeddable":true,"href":"https:\/\/www.ghostysky.com\/pt\/wp-json\/wp\/v2\/media\/24166"}],"wp:attachment":[{"href":"https:\/\/www.ghostysky.com\/pt\/wp-json\/wp\/v2\/media?parent=24156"}],"wp:term":[{"taxonomy":"product_brand","embeddable":true,"href":"https:\/\/www.ghostysky.com\/pt\/wp-json\/wp\/v2\/product_brand?post=24156"},{"taxonomy":"product_cat","embeddable":true,"href":"https:\/\/www.ghostysky.com\/pt\/wp-json\/wp\/v2\/product_cat?post=24156"},{"taxonomy":"product_tag","embeddable":true,"href":"https:\/\/www.ghostysky.com\/pt\/wp-json\/wp\/v2\/product_tag?post=24156"}],"curies":[{"name":"wp","href":"https:\/\/api.w.org\/{rel}","templated":true}]}}