{"id":24157,"date":"2026-02-08T10:55:42","date_gmt":"2026-02-08T10:55:42","guid":{"rendered":"https:\/\/www.ghostysky.com\/?post_type=product&#038;p=24157"},"modified":"2026-02-09T07:56:36","modified_gmt":"2026-02-09T07:56:36","slug":"gdu-apa01-flyport-v1-ecosystem-adapter-ring","status":"publish","type":"product","link":"https:\/\/www.ghostysky.com\/pt\/product\/gdu-apa01-flyport-v1-ecosystem-adapter-ring\/","title":{"rendered":"Anel Adaptador de Ecossistema GDU APA01 FlyPort V1"},"content":{"rendered":"<h3 data-path-to-node=\"3\">Principais recursos e capacidades<\/h3>\n<ul data-path-to-node=\"4\">\n<li>\n<p data-path-to-node=\"4,0,0\"><b data-path-to-node=\"4,0,0\" data-index-in-node=\"0\"><span class=\"citation-412\">Conectividade de porta dupla:<\/span><\/b><span class=\"citation-412\"> Apresenta ambos <\/span><b data-path-to-node=\"4,0,0\" data-index-in-node=\"38\"><span class=\"citation-412\">Portas de 20 e 40 pinos<\/span><\/b><span class=\"citation-412 citation-end-412\">, proporcionando uma interface vers\u00e1til para diversas necessidades de hardware.<\/span><\/p>\n<\/li>\n<li>\n<p data-path-to-node=\"4,1,0\"><b data-path-to-node=\"4,1,0\" data-index-in-node=\"0\">Suporte abrangente de dados:<\/b> Suporta uma ampla gama de protocolos de comunica\u00e7\u00e3o, incluindo:<\/p>\n<ul data-path-to-node=\"4,1,1\">\n<li>\n<p data-path-to-node=\"4,1,1,0,0\"><b data-path-to-node=\"4,1,1,0,0\" data-index-in-node=\"0\"><span class=\"citation-411\">UART e barramento CAN<\/span><\/b><span class=\"citation-411 citation-end-411\"> para comunica\u00e7\u00e3o serial.<\/span><\/p>\n<\/li>\n<li>\n<p data-path-to-node=\"4,1,1,1,0\"><b data-path-to-node=\"4,1,1,1,0\" data-index-in-node=\"0\"><span class=\"citation-410\">Ethernet (10M\/100M)<\/span><\/b><span class=\"citation-410 citation-end-410\"> para transmiss\u00e3o de dados em alta velocidade<\/span><\/p>\n<\/li>\n<li>\n<p data-path-to-node=\"4,1,1,2,0\"><b data-path-to-node=\"4,1,1,2,0\" data-index-in-node=\"0\">Sincroniza\u00e7\u00e3o de tempo PPS<\/b> Para registro preciso de dados (essencial para LiDAR e mapeamento).<\/p>\n<\/li>\n<\/ul>\n<\/li>\n<li>\n<p data-path-to-node=\"4,2,0\"><b data-path-to-node=\"4,2,0\" data-index-in-node=\"0\">Gerenciamento avan\u00e7ado de energia:<\/b><span class=\"citation-409 citation-end-409\"> Inclui uma fun\u00e7\u00e3o de &quot;solicita\u00e7\u00e3o de alta pot\u00eancia&quot; para atender cargas \u00fateis com alto consumo de energia, mantendo a estabilidade do sistema.<\/span><\/p>\n<\/li>\n<li>\n<p data-path-to-node=\"4,3,0\"><b data-path-to-node=\"4,3,0\" data-index-in-node=\"0\"><span class=\"citation-408\">Medidas de seguran\u00e7a:<\/span><\/b><span class=\"citation-408\"> Prote\u00e7\u00e3o integrada contra <\/span><b data-path-to-node=\"4,3,0\" data-index-in-node=\"47\"><span class=\"citation-408\">prote\u00e7\u00e3o contra refluxo, sobretens\u00e3o, sobrecorrente e curto-circuito.<\/span><\/b><span class=\"citation-408 citation-end-408\">, garantindo que cargas \u00fateis experimentais ou de terceiros n\u00e3o danifiquem a avi\u00f4nica principal do drone.<\/span><\/p>\n<\/li>\n<li>\n<p data-path-to-node=\"4,4,0\"><b data-path-to-node=\"4,4,0\" data-index-in-node=\"0\"><span class=\"citation-407\">Compatibilidade com PSDK:<\/span><\/b><span class=\"citation-407 citation-end-407\"> Totalmente compat\u00edvel com o Kit de Desenvolvimento de Software de Carga \u00datil (PSDK) da GDU, permitindo integra\u00e7\u00e3o de software perfeita e sincroniza\u00e7\u00e3o de tempo RTK.<\/span><\/p>\n<p>&nbsp;<\/li>\n<\/ul>\n<h3 data-path-to-node=\"6\">Especifica\u00e7\u00f5es t\u00e9cnicas<\/h3>\n<table data-path-to-node=\"7\">\n<thead>\n<tr>\n<td><strong>Recurso<\/strong><\/td>\n<td><strong>Especifica\u00e7\u00f5es<\/strong><\/td>\n<\/tr>\n<\/thead>\n<tbody>\n<tr>\n<td><span data-path-to-node=\"7,1,0,0\"><b data-path-to-node=\"7,1,0,0\" data-index-in-node=\"0\">Modelo<\/b><\/span><\/td>\n<td><span data-path-to-node=\"7,1,1,0\">APA01 FlyPort V1<\/span><\/td>\n<\/tr>\n<tr>\n<td><span data-path-to-node=\"7,2,0,0\"><b data-path-to-node=\"7,2,0,0\" data-index-in-node=\"0\">Compatibilidade<\/b><\/span><\/td>\n<td><span data-path-to-node=\"7,2,1,0\">UAVs da s\u00e9rie GDU S (ex: S200, S220, S400E)<\/span><\/td>\n<\/tr>\n<tr>\n<td><span data-path-to-node=\"7,3,0,0\"><b data-path-to-node=\"7,3,0,0\" data-index-in-node=\"0\">Portas de interface<\/b><\/span><\/td>\n<td><span data-path-to-node=\"7,3,1,0\">20 pinos e 40 pinos<\/span><\/td>\n<\/tr>\n<tr>\n<td><span data-path-to-node=\"7,4,0,0\"><b data-path-to-node=\"7,4,0,0\" data-index-in-node=\"0\">Conectividade<\/b><\/span><\/td>\n<td><span data-path-to-node=\"7,4,1,0\">Ethernet, UART, CAN, PPS, Alimenta\u00e7\u00e3o<\/span><\/td>\n<\/tr>\n<tr>\n<td><span data-path-to-node=\"7,5,0,0\"><b data-path-to-node=\"7,5,0,0\" data-index-in-node=\"0\">Velocidade de dados<\/b><\/span><\/td>\n<td><span data-path-to-node=\"7,5,1,0\">Ethernet 10M\/100M<\/span><\/td>\n<\/tr>\n<tr>\n<td><span data-path-to-node=\"7,6,0,0\"><b data-path-to-node=\"7,6,0,0\" data-index-in-node=\"0\">Prote\u00e7\u00f5es<\/b><\/span><\/td>\n<td><span data-path-to-node=\"7,6,1,0\">Sobretens\u00e3o, sobrecorrente, prote\u00e7\u00e3o contra refluxo<\/span><\/td>\n<\/tr>\n<\/tbody>\n<\/table>\n<p>&nbsp;<\/p>\n<h3 data-path-to-node=\"9\">Por que usar o FlyPort V1?<\/h3>\n<p data-path-to-node=\"10\">O FlyPort V1 \u00e9 o &quot;canivete su\u00ed\u00e7o&quot; para desenvolvedores de drones. <span class=\"citation-406 citation-end-406\">Em vez de ficar restrito a cargas \u00fateis propriet\u00e1rias da GDU, este anel adaptador permite montar e alimentar:<\/span><\/p>\n<ul data-path-to-node=\"11\">\n<li>\n<p data-path-to-node=\"11,0,0\"><b data-path-to-node=\"11,0,0\" data-index-in-node=\"0\"><span class=\"citation-405\">Scanners LiDAR<\/span><\/b><span class=\"citation-405 citation-end-405\"> para modelagem 3D.<\/span><\/p>\n<\/li>\n<li>\n<p data-path-to-node=\"11,1,0\"><b data-path-to-node=\"11,1,0\" data-index-in-node=\"0\"><span class=\"citation-404\">Sensores multiespectrais<\/span><\/b><span class=\"citation-404 citation-end-404\"> para an\u00e1lise agr\u00edcola.<\/span><\/p>\n<\/li>\n<li>\n<p data-path-to-node=\"11,2,0\"><b data-path-to-node=\"11,2,0\" data-index-in-node=\"0\"><span class=\"citation-403\">C\u00e2meras Gimbal<\/span><\/b><span class=\"citation-403 citation-end-403\"> ou sistemas \u00f3pticos t\u00e9rmicos personalizados.<\/span><\/p>\n<\/li>\n<li>\n<p data-path-to-node=\"11,3,0\"><b data-path-to-node=\"11,3,0\" data-index-in-node=\"0\"><span class=\"citation-402\">Caixas de computa\u00e7\u00e3o de borda com IA<\/span><\/b><span class=\"citation-402 citation-end-402\"> para reconhecimento de objetos em tempo real.<\/span><\/p>\n<\/li>\n<\/ul>\n<blockquote data-path-to-node=\"12\">\n<p data-path-to-node=\"12,0\"><b data-path-to-node=\"12,0\" data-index-in-node=\"0\">Observa\u00e7\u00e3o:<\/b><span class=\"citation-401 citation-end-401 interactive-span-hovered\"> Este adaptador destina-se a desenvolvedores e integradores profissionais.<\/span> Certifique-se de que sua carga \u00fatil de terceiros esteja em conformidade com os limites m\u00e1ximos de peso e pot\u00eancia de decolagem do drone para manter a estabilidade de voo.<\/p>\n<\/blockquote>","protected":false},"excerpt":{"rendered":"<p><span class=\"citation-414\">O <\/span><b data-path-to-node=\"1\" data-index-in-node=\"4\"><span class=\"citation-414\">GDU-Tech APA01 FlyPort V1<\/span><\/b><span class=\"citation-414 citation-end-414\"> \u00c9 uma interface ecol\u00f3gica especializada, projetada para preencher a lacuna entre o hardware de terceiros e as plataformas industriais de UAV (Ve\u00edculo A\u00e9reo N\u00e3o Tripulado) da GDU-Tech.<\/span> <span class=\"citation-413 citation-end-413\">Ele funciona como um hub universal de montagem e comunica\u00e7\u00e3o, permitindo que desenvolvedores e usu\u00e1rios corporativos integrem sensores, c\u00e2meras e m\u00f3dulos de comunica\u00e7\u00e3o personalizados em drones GDU, como as s\u00e9ries S200 e S220.<\/span><\/p>","protected":false},"featured_media":24174,"comment_status":"open","ping_status":"closed","template":"","meta":[],"product_brand":[1369],"product_cat":[29,1363,1365,1359],"product_tag":[1375,1377,1371],"class_list":{"0":"post-24157","1":"product","2":"type-product","3":"status-publish","4":"has-post-thumbnail","6":"product_brand-gdu-tech","7":"product_cat-drones","8":"product_cat-gdu-s400-series","9":"product_cat-gdu-s400-series-accessories","10":"product_cat-gdu-tech","11":"product_tag-gdu-s400-series","12":"product_tag-gdu-s400-series-accessories","13":"product_tag-gdu-tech","15":"first","16":"outofstock","17":"taxable","18":"shipping-taxable","19":"purchasable","20":"product-type-simple"},"yoast_head":"<!-- This site is optimized with the Yoast SEO plugin v27.4 - https:\/\/yoast.com\/product\/yoast-seo-wordpress\/ -->\n<title>GDU APA01 FlyPort V1 Ecosystem Adapter Ring - Ghostysky<\/title>\n<meta name=\"description\" content=\"The GDU-Tech APA01 FlyPort V1 is a specialized ecological interface designed to bridge the gap between third-party hardware and GDU-Tech\u2019s industrial UAV (Unmanned Aerial Vehicle) platforms. It acts as a universal mounting and communication hub, allowing developers and enterprise users to integrate custom sensors, cameras, and communication modules onto GDU drones like the S200 and S220 series.\" \/>\n<meta name=\"robots\" content=\"index, follow, max-snippet:-1, max-image-preview:large, max-video-preview:-1\" \/>\n<link rel=\"canonical\" href=\"https:\/\/www.ghostysky.com\/pt\/produto-2\/gdu-apa01-flyport-v1-ecosystem-adapter-ring\/\" \/>\n<meta property=\"og:locale\" content=\"pt_PT\" \/>\n<meta property=\"og:type\" content=\"article\" \/>\n<meta property=\"og:title\" content=\"GDU APA01 FlyPort V1 Ecosystem Adapter Ring - Ghostysky\" \/>\n<meta property=\"og:description\" content=\"The GDU-Tech APA01 FlyPort V1 is a specialized ecological interface designed to bridge the gap between third-party hardware and GDU-Tech\u2019s industrial UAV (Unmanned Aerial Vehicle) platforms. It acts as a universal mounting and communication hub, allowing developers and enterprise users to integrate custom sensors, cameras, and communication modules onto GDU drones like the S200 and S220 series.\" \/>\n<meta property=\"og:url\" content=\"https:\/\/www.ghostysky.com\/pt\/produto-2\/gdu-apa01-flyport-v1-ecosystem-adapter-ring\/\" \/>\n<meta property=\"og:site_name\" content=\"Ghostysky\" \/>\n<meta property=\"article:publisher\" content=\"https:\/\/www.facebook.com\/people\/Ghostysky\/100057676170234\/\" \/>\n<meta property=\"article:modified_time\" content=\"2026-02-09T07:56:36+00:00\" \/>\n<meta property=\"og:image\" content=\"https:\/\/www.ghostysky.com\/wp-content\/uploads\/2026\/02\/GH_GDU-Tech-APA01-FlyPort-V1-Ecosystem-Adapter-Ring_1.webp\" \/>\n\t<meta property=\"og:image:width\" content=\"1200\" \/>\n\t<meta property=\"og:image:height\" content=\"1200\" \/>\n\t<meta property=\"og:image:type\" content=\"image\/webp\" \/>\n<meta name=\"twitter:card\" content=\"summary_large_image\" \/>\n<meta name=\"twitter:site\" content=\"@Gh0stysky\" \/>\n<meta name=\"twitter:label1\" content=\"Tempo estimado de leitura\" \/>\n\t<meta name=\"twitter:data1\" content=\"2 minutos\" \/>\n<script type=\"application\/ld+json\" class=\"yoast-schema-graph\">{\"@context\":\"https:\\\/\\\/schema.org\",\"@graph\":[{\"@type\":\"WebPage\",\"@id\":\"https:\\\/\\\/www.ghostysky.com\\\/product\\\/gdu-apa01-flyport-v1-ecosystem-adapter-ring\\\/\",\"url\":\"https:\\\/\\\/www.ghostysky.com\\\/product\\\/gdu-apa01-flyport-v1-ecosystem-adapter-ring\\\/\",\"name\":\"GDU APA01 FlyPort V1 Ecosystem Adapter Ring - Ghostysky\",\"isPartOf\":{\"@id\":\"https:\\\/\\\/www.ghostysky.com\\\/#website\"},\"primaryImageOfPage\":{\"@id\":\"https:\\\/\\\/www.ghostysky.com\\\/product\\\/gdu-apa01-flyport-v1-ecosystem-adapter-ring\\\/#primaryimage\"},\"image\":{\"@id\":\"https:\\\/\\\/www.ghostysky.com\\\/product\\\/gdu-apa01-flyport-v1-ecosystem-adapter-ring\\\/#primaryimage\"},\"thumbnailUrl\":\"https:\\\/\\\/www.ghostysky.com\\\/wp-content\\\/uploads\\\/2026\\\/02\\\/GH_GDU-Tech-APA01-FlyPort-V1-Ecosystem-Adapter-Ring_1.webp\",\"datePublished\":\"2026-02-08T10:55:42+00:00\",\"dateModified\":\"2026-02-09T07:56:36+00:00\",\"description\":\"The GDU-Tech APA01 FlyPort V1 is a specialized ecological interface designed to bridge the gap between third-party hardware and GDU-Tech\u2019s industrial UAV (Unmanned Aerial Vehicle) platforms. It acts as a universal mounting and communication hub, allowing developers and enterprise users to integrate custom sensors, cameras, and communication modules onto GDU drones like the S200 and S220 series.\",\"breadcrumb\":{\"@id\":\"https:\\\/\\\/www.ghostysky.com\\\/product\\\/gdu-apa01-flyport-v1-ecosystem-adapter-ring\\\/#breadcrumb\"},\"inLanguage\":\"pt-PT\",\"potentialAction\":[{\"@type\":\"ReadAction\",\"target\":[\"https:\\\/\\\/www.ghostysky.com\\\/product\\\/gdu-apa01-flyport-v1-ecosystem-adapter-ring\\\/\"]}]},{\"@type\":\"ImageObject\",\"inLanguage\":\"pt-PT\",\"@id\":\"https:\\\/\\\/www.ghostysky.com\\\/product\\\/gdu-apa01-flyport-v1-ecosystem-adapter-ring\\\/#primaryimage\",\"url\":\"https:\\\/\\\/www.ghostysky.com\\\/wp-content\\\/uploads\\\/2026\\\/02\\\/GH_GDU-Tech-APA01-FlyPort-V1-Ecosystem-Adapter-Ring_1.webp\",\"contentUrl\":\"https:\\\/\\\/www.ghostysky.com\\\/wp-content\\\/uploads\\\/2026\\\/02\\\/GH_GDU-Tech-APA01-FlyPort-V1-Ecosystem-Adapter-Ring_1.webp\",\"width\":1200,\"height\":1200},{\"@type\":\"BreadcrumbList\",\"@id\":\"https:\\\/\\\/www.ghostysky.com\\\/product\\\/gdu-apa01-flyport-v1-ecosystem-adapter-ring\\\/#breadcrumb\",\"itemListElement\":[{\"@type\":\"ListItem\",\"position\":1,\"name\":\"Home\",\"item\":\"https:\\\/\\\/www.ghostysky.com\\\/\"},{\"@type\":\"ListItem\",\"position\":2,\"name\":\"Shop\",\"item\":\"https:\\\/\\\/www.ghostysky.com\\\/shop\\\/\"},{\"@type\":\"ListItem\",\"position\":3,\"name\":\"GDU APA01 FlyPort V1 Ecosystem Adapter Ring\"}]},{\"@type\":\"WebSite\",\"@id\":\"https:\\\/\\\/www.ghostysky.com\\\/#website\",\"url\":\"https:\\\/\\\/www.ghostysky.com\\\/\",\"name\":\"Ghostysky\",\"description\":\"Delivering professional drones and services\",\"publisher\":{\"@id\":\"https:\\\/\\\/www.ghostysky.com\\\/#organization\"},\"potentialAction\":[{\"@type\":\"SearchAction\",\"target\":{\"@type\":\"EntryPoint\",\"urlTemplate\":\"https:\\\/\\\/www.ghostysky.com\\\/?s={search_term_string}\"},\"query-input\":{\"@type\":\"PropertyValueSpecification\",\"valueRequired\":true,\"valueName\":\"search_term_string\"}}],\"inLanguage\":\"pt-PT\"},{\"@type\":\"Organization\",\"@id\":\"https:\\\/\\\/www.ghostysky.com\\\/#organization\",\"name\":\"Ghostysky\",\"url\":\"https:\\\/\\\/www.ghostysky.com\\\/\",\"logo\":{\"@type\":\"ImageObject\",\"inLanguage\":\"pt-PT\",\"@id\":\"https:\\\/\\\/www.ghostysky.com\\\/#\\\/schema\\\/logo\\\/image\\\/\",\"url\":\"https:\\\/\\\/www.ghostysky.com\\\/wp-content\\\/uploads\\\/2020\\\/06\\\/cropped-ghostyskylogo_text_white2.png\",\"contentUrl\":\"https:\\\/\\\/www.ghostysky.com\\\/wp-content\\\/uploads\\\/2020\\\/06\\\/cropped-ghostyskylogo_text_white2.png\",\"width\":169,\"height\":56,\"caption\":\"Ghostysky\"},\"image\":{\"@id\":\"https:\\\/\\\/www.ghostysky.com\\\/#\\\/schema\\\/logo\\\/image\\\/\"},\"sameAs\":[\"https:\\\/\\\/www.facebook.com\\\/people\\\/Ghostysky\\\/100057676170234\\\/\",\"https:\\\/\\\/x.com\\\/Gh0stysky\",\"https:\\\/\\\/www.linkedin.com\\\/company\\\/34739653\",\"https:\\\/\\\/www.instagram.com\\\/gh0stysky\"]}]}<\/script>\n<!-- \/ Yoast SEO plugin. -->","yoast_head_json":{"title":"Anel Adaptador para Ecossistema FlyPort V1 GDU APA01 - Ghostysky","description":"O GDU-Tech APA01 FlyPort V1 \u00e9 uma interface ecol\u00f3gica especializada, projetada para preencher a lacuna entre hardware de terceiros e as plataformas de UAVs (Ve\u00edculos A\u00e9reos N\u00e3o Tripulados) industriais da GDU-Tech. Ele funciona como um hub universal de montagem e comunica\u00e7\u00e3o, permitindo que desenvolvedores e usu\u00e1rios corporativos integrem sensores, c\u00e2meras e m\u00f3dulos de comunica\u00e7\u00e3o personalizados em drones da GDU, como as s\u00e9ries S200 e S220.","robots":{"index":"index","follow":"follow","max-snippet":"max-snippet:-1","max-image-preview":"max-image-preview:large","max-video-preview":"max-video-preview:-1"},"canonical":"https:\/\/www.ghostysky.com\/pt\/produto-2\/gdu-apa01-flyport-v1-ecosystem-adapter-ring\/","og_locale":"pt_PT","og_type":"article","og_title":"GDU APA01 FlyPort V1 Ecosystem Adapter Ring - Ghostysky","og_description":"The GDU-Tech APA01 FlyPort V1 is a specialized ecological interface designed to bridge the gap between third-party hardware and GDU-Tech\u2019s industrial UAV (Unmanned Aerial Vehicle) platforms. It acts as a universal mounting and communication hub, allowing developers and enterprise users to integrate custom sensors, cameras, and communication modules onto GDU drones like the S200 and S220 series.","og_url":"https:\/\/www.ghostysky.com\/pt\/produto-2\/gdu-apa01-flyport-v1-ecosystem-adapter-ring\/","og_site_name":"Ghostysky","article_publisher":"https:\/\/www.facebook.com\/people\/Ghostysky\/100057676170234\/","article_modified_time":"2026-02-09T07:56:36+00:00","og_image":[{"width":1200,"height":1200,"url":"https:\/\/www.ghostysky.com\/wp-content\/uploads\/2026\/02\/GH_GDU-Tech-APA01-FlyPort-V1-Ecosystem-Adapter-Ring_1.webp","type":"image\/webp"}],"twitter_card":"summary_large_image","twitter_site":"@Gh0stysky","twitter_misc":{"Tempo estimado de leitura":"2 minutos"},"schema":{"@context":"https:\/\/schema.org","@graph":[{"@type":"WebPage","@id":"https:\/\/www.ghostysky.com\/product\/gdu-apa01-flyport-v1-ecosystem-adapter-ring\/","url":"https:\/\/www.ghostysky.com\/product\/gdu-apa01-flyport-v1-ecosystem-adapter-ring\/","name":"Anel Adaptador para Ecossistema FlyPort V1 GDU APA01 - Ghostysky","isPartOf":{"@id":"https:\/\/www.ghostysky.com\/#website"},"primaryImageOfPage":{"@id":"https:\/\/www.ghostysky.com\/product\/gdu-apa01-flyport-v1-ecosystem-adapter-ring\/#primaryimage"},"image":{"@id":"https:\/\/www.ghostysky.com\/product\/gdu-apa01-flyport-v1-ecosystem-adapter-ring\/#primaryimage"},"thumbnailUrl":"https:\/\/www.ghostysky.com\/wp-content\/uploads\/2026\/02\/GH_GDU-Tech-APA01-FlyPort-V1-Ecosystem-Adapter-Ring_1.webp","datePublished":"2026-02-08T10:55:42+00:00","dateModified":"2026-02-09T07:56:36+00:00","description":"O GDU-Tech APA01 FlyPort V1 \u00e9 uma interface ecol\u00f3gica especializada, projetada para preencher a lacuna entre hardware de terceiros e as plataformas de UAVs (Ve\u00edculos A\u00e9reos N\u00e3o Tripulados) industriais da GDU-Tech. Ele funciona como um hub universal de montagem e comunica\u00e7\u00e3o, permitindo que desenvolvedores e usu\u00e1rios corporativos integrem sensores, c\u00e2meras e m\u00f3dulos de comunica\u00e7\u00e3o personalizados em drones da GDU, como as s\u00e9ries S200 e S220.","breadcrumb":{"@id":"https:\/\/www.ghostysky.com\/product\/gdu-apa01-flyport-v1-ecosystem-adapter-ring\/#breadcrumb"},"inLanguage":"pt-PT","potentialAction":[{"@type":"ReadAction","target":["https:\/\/www.ghostysky.com\/product\/gdu-apa01-flyport-v1-ecosystem-adapter-ring\/"]}]},{"@type":"ImageObject","inLanguage":"pt-PT","@id":"https:\/\/www.ghostysky.com\/product\/gdu-apa01-flyport-v1-ecosystem-adapter-ring\/#primaryimage","url":"https:\/\/www.ghostysky.com\/wp-content\/uploads\/2026\/02\/GH_GDU-Tech-APA01-FlyPort-V1-Ecosystem-Adapter-Ring_1.webp","contentUrl":"https:\/\/www.ghostysky.com\/wp-content\/uploads\/2026\/02\/GH_GDU-Tech-APA01-FlyPort-V1-Ecosystem-Adapter-Ring_1.webp","width":1200,"height":1200},{"@type":"BreadcrumbList","@id":"https:\/\/www.ghostysky.com\/product\/gdu-apa01-flyport-v1-ecosystem-adapter-ring\/#breadcrumb","itemListElement":[{"@type":"ListItem","position":1,"name":"Home","item":"https:\/\/www.ghostysky.com\/"},{"@type":"ListItem","position":2,"name":"Shop","item":"https:\/\/www.ghostysky.com\/shop\/"},{"@type":"ListItem","position":3,"name":"GDU APA01 FlyPort V1 Ecosystem Adapter Ring"}]},{"@type":"WebSite","@id":"https:\/\/www.ghostysky.com\/#website","url":"https:\/\/www.ghostysky.com\/","name":"Ghostysky","description":"Fornecendo drones e servi\u00e7os profissionais","publisher":{"@id":"https:\/\/www.ghostysky.com\/#organization"},"potentialAction":[{"@type":"SearchAction","target":{"@type":"EntryPoint","urlTemplate":"https:\/\/www.ghostysky.com\/?s={search_term_string}"},"query-input":{"@type":"PropertyValueSpecification","valueRequired":true,"valueName":"search_term_string"}}],"inLanguage":"pt-PT"},{"@type":"Organization","@id":"https:\/\/www.ghostysky.com\/#organization","name":"Ghostysky","url":"https:\/\/www.ghostysky.com\/","logo":{"@type":"ImageObject","inLanguage":"pt-PT","@id":"https:\/\/www.ghostysky.com\/#\/schema\/logo\/image\/","url":"https:\/\/www.ghostysky.com\/wp-content\/uploads\/2020\/06\/cropped-ghostyskylogo_text_white2.png","contentUrl":"https:\/\/www.ghostysky.com\/wp-content\/uploads\/2020\/06\/cropped-ghostyskylogo_text_white2.png","width":169,"height":56,"caption":"Ghostysky"},"image":{"@id":"https:\/\/www.ghostysky.com\/#\/schema\/logo\/image\/"},"sameAs":["https:\/\/www.facebook.com\/people\/Ghostysky\/100057676170234\/","https:\/\/x.com\/Gh0stysky","https:\/\/www.linkedin.com\/company\/34739653","https:\/\/www.instagram.com\/gh0stysky"]}]}},"_links":{"self":[{"href":"https:\/\/www.ghostysky.com\/pt\/wp-json\/wp\/v2\/product\/24157","targetHints":{"allow":["GET"]}}],"collection":[{"href":"https:\/\/www.ghostysky.com\/pt\/wp-json\/wp\/v2\/product"}],"about":[{"href":"https:\/\/www.ghostysky.com\/pt\/wp-json\/wp\/v2\/types\/product"}],"replies":[{"embeddable":true,"href":"https:\/\/www.ghostysky.com\/pt\/wp-json\/wp\/v2\/comments?post=24157"}],"wp:featuredmedia":[{"embeddable":true,"href":"https:\/\/www.ghostysky.com\/pt\/wp-json\/wp\/v2\/media\/24174"}],"wp:attachment":[{"href":"https:\/\/www.ghostysky.com\/pt\/wp-json\/wp\/v2\/media?parent=24157"}],"wp:term":[{"taxonomy":"product_brand","embeddable":true,"href":"https:\/\/www.ghostysky.com\/pt\/wp-json\/wp\/v2\/product_brand?post=24157"},{"taxonomy":"product_cat","embeddable":true,"href":"https:\/\/www.ghostysky.com\/pt\/wp-json\/wp\/v2\/product_cat?post=24157"},{"taxonomy":"product_tag","embeddable":true,"href":"https:\/\/www.ghostysky.com\/pt\/wp-json\/wp\/v2\/product_tag?post=24157"}],"curies":[{"name":"wp","href":"https:\/\/api.w.org\/{rel}","templated":true}]}}