{"id":24179,"date":"2026-02-09T08:06:54","date_gmt":"2026-02-09T08:06:54","guid":{"rendered":"https:\/\/www.ghostysky.com\/?post_type=product&#038;p=24179"},"modified":"2026-02-09T08:13:27","modified_gmt":"2026-02-09T08:13:27","slug":"gdu-s400-li-ion-polymer-battery","status":"publish","type":"product","link":"https:\/\/www.ghostysky.com\/pt\/product\/gdu-s400-li-ion-polymer-battery\/","title":{"rendered":"Bateria de pol\u00edmero de \u00edon-l\u00edtio GDU S400"},"content":{"rendered":"<h3 data-path-to-node=\"1\">Principais recursos e desempenho<\/h3>\n<ul data-path-to-node=\"2\">\n<li>\n<p data-path-to-node=\"2,0,0\"><b data-path-to-node=\"2,0,0\" data-index-in-node=\"0\">Tempo de voo prolongado:<\/b><span class=\"citation-13\"> Capaz de alimentar o drone S400 por at\u00e9 <\/span><b data-path-to-node=\"2,0,0\" data-index-in-node=\"67\"><span class=\"citation-13\">63 minutos<\/span><\/b><span class=\"citation-13\"> (padr\u00e3o) ou aproximadamente <\/span><b data-path-to-node=\"2,0,0\" data-index-in-node=\"106\"><span class=\"citation-13\">58 minutos<\/span><\/b><span class=\"citation-13 citation-end-13\"> Para a variante S400E, isso reduz significativamente a necessidade de trocas frequentes de bateria durante opera\u00e7\u00f5es em larga escala.<\/span><\/p>\n<\/li>\n<li>\n<p data-path-to-node=\"2,1,0\"><b data-path-to-node=\"2,1,0\" data-index-in-node=\"0\">Sistema Inteligente de Gerenciamento de Bateria (BMS):<\/b> Possui um &quot;c\u00e9rebro&quot; integrado que monitora a sa\u00fade de cada c\u00e9lula em tempo real. Ele fornece feedback autom\u00e1tico de dados para o controle remoto, incluindo capacidade restante, temperatura e contagem de ciclos.<\/p>\n<\/li>\n<li>\n<p data-path-to-node=\"2,2,0\"><b data-path-to-node=\"2,2,0\" data-index-in-node=\"0\">Confiabilidade em todas as condi\u00e7\u00f5es clim\u00e1ticas:<\/b> Projetado para operar em ambientes hostis, com uma faixa de descarga de <b data-path-to-node=\"2,2,0\" data-index-in-node=\"93\">-20\u00b0C a 55\u00b0C<\/b>, tornando-o adequado para miss\u00f5es em grandes altitudes ou no inverno.<\/p>\n<\/li>\n<li>\n<p data-path-to-node=\"2,3,0\"><b data-path-to-node=\"2,3,0\" data-index-in-node=\"0\"><span class=\"citation-12\">Design intercambi\u00e1vel:<\/span><\/b><span class=\"citation-12 citation-end-12\"> Projetado para substitui\u00e7\u00e3o r\u00e1pida em campo, minimizando o tempo de inatividade entre os trechos de voo.<\/span><\/p>\n<p>&nbsp;<\/li>\n<\/ul>\n<h3 data-path-to-node=\"4\">Especifica\u00e7\u00f5es t\u00e9cnicas<\/h3>\n<table data-path-to-node=\"5\">\n<thead>\n<tr>\n<td><strong>Recurso<\/strong><\/td>\n<td><strong>Especifica\u00e7\u00f5es<\/strong><\/td>\n<\/tr>\n<\/thead>\n<tbody>\n<tr>\n<td><span data-path-to-node=\"5,1,0,0\"><b data-path-to-node=\"5,1,0,0\" data-index-in-node=\"0\">Capacidade<\/b><\/span><\/td>\n<td><span data-path-to-node=\"5,1,1,0\">16.400 mAh (algumas variantes com 14.000 mAh)<\/span><\/td>\n<\/tr>\n<tr>\n<td><span data-path-to-node=\"5,2,0,0\"><b data-path-to-node=\"5,2,0,0\" data-index-in-node=\"0\">Setor da Energia<\/b><\/span><\/td>\n<td><span data-path-to-node=\"5,2,1,0\">379 Wh<\/span><\/td>\n<\/tr>\n<tr>\n<td><span data-path-to-node=\"5,3,0,0\"><b data-path-to-node=\"5,3,0,0\" data-index-in-node=\"0\">Voltagem<\/b><\/span><\/td>\n<td><span data-path-to-node=\"5,3,1,0\">23,1V (Nominal)<\/span><\/td>\n<\/tr>\n<tr>\n<td><span data-path-to-node=\"5,4,0,0\"><b data-path-to-node=\"5,4,0,0\" data-index-in-node=\"0\">Tipo de Bateria<\/b><\/span><\/td>\n<td><span data-path-to-node=\"5,4,1,0\">LiPo 6S (Pol\u00edmero de L\u00edtio)<\/span><\/td>\n<\/tr>\n<tr>\n<td><span data-path-to-node=\"5,5,0,0\"><b data-path-to-node=\"5,5,0,0\" data-index-in-node=\"0\">Peso<\/b><\/span><\/td>\n<td><span data-path-to-node=\"5,5,1,0\">Aproximadamente 1,7 kg<\/span><\/td>\n<\/tr>\n<tr>\n<td><span data-path-to-node=\"5,6,0,0\"><b data-path-to-node=\"5,6,0,0\" data-index-in-node=\"0\">Tempo de carregamento<\/b><\/span><\/td>\n<td><span data-path-to-node=\"5,6,1,0\">~120 min (0-100%) \/ ~50 min (20-90%)<\/span><\/td>\n<\/tr>\n<tr>\n<td><span data-path-to-node=\"5,7,0,0\"><b data-path-to-node=\"5,7,0,0\" data-index-in-node=\"0\">Temperatura de carregamento<\/b><\/span><\/td>\n<td><span data-path-to-node=\"5,7,1,0\">5\u00b0C a 45\u00b0C<\/span><\/td>\n<\/tr>\n<\/tbody>\n<\/table>\n<p>&nbsp;<\/p>\n<h3 data-path-to-node=\"7\">Seguran\u00e7a e prote\u00e7\u00e3o<\/h3>\n<p data-path-to-node=\"8\"><span class=\"citation-11 citation-end-11\">O AFB16 est\u00e1 equipado com prote\u00e7\u00f5es de hardware e software em m\u00faltiplas camadas:<\/span><\/p>\n<ul data-path-to-node=\"9\">\n<li>\n<p data-path-to-node=\"9,0,0\"><b data-path-to-node=\"9,0,0\" data-index-in-node=\"0\"><span class=\"citation-10\">Prote\u00e7\u00e3o contra sobrecarga\/descarga excessiva:<\/span><\/b><span class=\"citation-10 citation-end-10\"> Impede que a bateria atinja n\u00edveis de voltagem perigosos.<\/span><\/p>\n<\/li>\n<li>\n<p data-path-to-node=\"9,1,0\"><b data-path-to-node=\"9,1,0\" data-index-in-node=\"0\"><span class=\"citation-9\">Prote\u00e7\u00e3o contra curto-circuito e sobrecorrente:<\/span><\/b><span class=\"citation-9 citation-end-9\"> Desliga automaticamente a energia em caso de falha el\u00e9trica.<\/span><\/p>\n<\/li>\n<li>\n<p data-path-to-node=\"9,2,0\"><b data-path-to-node=\"9,2,0\" data-index-in-node=\"0\"><span class=\"citation-8\">Monitoramento de temperatura:<\/span><\/b><span class=\"citation-8 citation-end-8\"> Impede o carregamento ou descarregamento caso a bateria esteja muito quente ou muito fria, garantindo assim a sua longevidade e seguran\u00e7a.<\/span><\/p>\n<\/li>\n<li>\n<p data-path-to-node=\"9,3,0\"><b data-path-to-node=\"9,3,0\" data-index-in-node=\"0\">Autodescarga:<\/b> Inclui uma fun\u00e7\u00e3o de autodescarga para um n\u00edvel de armazenamento (aproximadamente 60%) caso fique sem uso por v\u00e1rios dias, evitando o incha\u00e7o das c\u00e9lulas.<\/p>\n<\/li>\n<\/ul>\n<p data-path-to-node=\"10\"><b data-path-to-node=\"10\" data-index-in-node=\"0\">Dica profissional:<\/b> Para maximizar a vida \u00fatil dessas c\u00e9lulas de alta capacidade, evite armazen\u00e1-las totalmente carregadas por mais de 48 horas e sempre carregue-as em um ambiente entre 5\u00b0C e 40\u00b0C.<\/p>","protected":false},"excerpt":{"rendered":"<p><span class=\"citation-15\">O <\/span><b data-path-to-node=\"0\" data-index-in-node=\"4\"><span class=\"citation-15\">Bateria de pol\u00edmero de \u00edon-l\u00edtio GDU S400<\/span><\/b><span class=\"citation-15\"> (frequentemente referido pelo seu n\u00famero de modelo) <\/span><b data-path-to-node=\"0\" data-index-in-node=\"72\"><span class=\"citation-15\">AFB16<\/span><\/b><span class=\"citation-15 citation-end-15\">) \u00e9 uma bateria de voo inteligente de alto desempenho, projetada especificamente para os drones industriais da s\u00e9rie GDU S400.<\/span> <span class=\"citation-14 citation-end-14\">Ele foi projetado para fornecer a alta densidade de energia necess\u00e1ria para miss\u00f5es de longa dura\u00e7\u00e3o, como inspe\u00e7\u00f5es de linhas de energia, vigil\u00e2ncia e mapeamento.<\/span><\/p>","protected":false},"featured_media":24181,"comment_status":"open","ping_status":"closed","template":"","meta":[],"product_brand":[1369],"product_cat":[29,1363,1365,1359],"product_tag":[1375,1377,1371],"class_list":{"0":"post-24179","1":"product","2":"type-product","3":"status-publish","4":"has-post-thumbnail","6":"product_brand-gdu-tech","7":"product_cat-drones","8":"product_cat-gdu-s400-series","9":"product_cat-gdu-s400-series-accessories","10":"product_cat-gdu-tech","11":"product_tag-gdu-s400-series","12":"product_tag-gdu-s400-series-accessories","13":"product_tag-gdu-tech","15":"first","16":"outofstock","17":"taxable","18":"shipping-taxable","19":"purchasable","20":"product-type-simple"},"yoast_head":"<!-- This site is optimized with the Yoast SEO plugin v27.1.1 - https:\/\/yoast.com\/product\/yoast-seo-wordpress\/ -->\n<title>GDU S400 Li-ion Polymer Battery - Ghostysky<\/title>\n<meta name=\"description\" content=\"The GDU-Tech APA01 FlyPort V1 is a specialized ecological interface designed to bridge the gap between third-party hardware and GDU-Tech\u2019s industrial UAV (Unmanned Aerial Vehicle) platforms. It acts as a universal mounting and communication hub, allowing developers and enterprise users to integrate custom sensors, cameras, and communication modules onto GDU drones like the S200 and S220 series.\" \/>\n<meta name=\"robots\" content=\"index, follow, max-snippet:-1, max-image-preview:large, max-video-preview:-1\" \/>\n<link rel=\"canonical\" href=\"https:\/\/www.ghostysky.com\/pt\/produto-2\/gdu-s400-li-ion-polymer-battery\/\" \/>\n<meta property=\"og:locale\" content=\"pt_PT\" \/>\n<meta property=\"og:type\" content=\"article\" \/>\n<meta property=\"og:title\" content=\"GDU S400 Li-ion Polymer Battery - Ghostysky\" \/>\n<meta property=\"og:description\" content=\"The GDU-Tech APA01 FlyPort V1 is a specialized ecological interface designed to bridge the gap between third-party hardware and GDU-Tech\u2019s industrial UAV (Unmanned Aerial Vehicle) platforms. It acts as a universal mounting and communication hub, allowing developers and enterprise users to integrate custom sensors, cameras, and communication modules onto GDU drones like the S200 and S220 series.\" \/>\n<meta property=\"og:url\" content=\"https:\/\/www.ghostysky.com\/pt\/produto-2\/gdu-s400-li-ion-polymer-battery\/\" \/>\n<meta property=\"og:site_name\" content=\"Ghostysky\" \/>\n<meta property=\"article:publisher\" content=\"https:\/\/www.facebook.com\/people\/Ghostysky\/100057676170234\/\" \/>\n<meta property=\"article:modified_time\" content=\"2026-02-09T08:13:27+00:00\" \/>\n<meta property=\"og:image\" content=\"https:\/\/www.ghostysky.com\/wp-content\/uploads\/2026\/02\/GH_GDU-S400-Li-ion-Polymer-Battery_.webp\" \/>\n\t<meta property=\"og:image:width\" content=\"1200\" \/>\n\t<meta property=\"og:image:height\" content=\"1200\" \/>\n\t<meta property=\"og:image:type\" content=\"image\/webp\" \/>\n<meta name=\"twitter:card\" content=\"summary_large_image\" \/>\n<meta name=\"twitter:site\" content=\"@Gh0stysky\" \/>\n<meta name=\"twitter:label1\" content=\"Tempo estimado de leitura\" \/>\n\t<meta name=\"twitter:data1\" content=\"2 minutos\" \/>\n<script type=\"application\/ld+json\" class=\"yoast-schema-graph\">{\"@context\":\"https:\/\/schema.org\",\"@graph\":[{\"@type\":\"WebPage\",\"@id\":\"https:\/\/www.ghostysky.com\/product\/gdu-s400-li-ion-polymer-battery\/\",\"url\":\"https:\/\/www.ghostysky.com\/product\/gdu-s400-li-ion-polymer-battery\/\",\"name\":\"GDU S400 Li-ion Polymer Battery - Ghostysky\",\"isPartOf\":{\"@id\":\"https:\/\/www.ghostysky.com\/#website\"},\"primaryImageOfPage\":{\"@id\":\"https:\/\/www.ghostysky.com\/product\/gdu-s400-li-ion-polymer-battery\/#primaryimage\"},\"image\":{\"@id\":\"https:\/\/www.ghostysky.com\/product\/gdu-s400-li-ion-polymer-battery\/#primaryimage\"},\"thumbnailUrl\":\"https:\/\/www.ghostysky.com\/wp-content\/uploads\/2026\/02\/GH_GDU-S400-Li-ion-Polymer-Battery_.webp\",\"datePublished\":\"2026-02-09T08:06:54+00:00\",\"dateModified\":\"2026-02-09T08:13:27+00:00\",\"description\":\"The GDU-Tech APA01 FlyPort V1 is a specialized ecological interface designed to bridge the gap between third-party hardware and GDU-Tech\u2019s industrial UAV (Unmanned Aerial Vehicle) platforms. It acts as a universal mounting and communication hub, allowing developers and enterprise users to integrate custom sensors, cameras, and communication modules onto GDU drones like the S200 and S220 series.\",\"breadcrumb\":{\"@id\":\"https:\/\/www.ghostysky.com\/product\/gdu-s400-li-ion-polymer-battery\/#breadcrumb\"},\"inLanguage\":\"pt-PT\",\"potentialAction\":[{\"@type\":\"ReadAction\",\"target\":[\"https:\/\/www.ghostysky.com\/product\/gdu-s400-li-ion-polymer-battery\/\"]}]},{\"@type\":\"ImageObject\",\"inLanguage\":\"pt-PT\",\"@id\":\"https:\/\/www.ghostysky.com\/product\/gdu-s400-li-ion-polymer-battery\/#primaryimage\",\"url\":\"https:\/\/www.ghostysky.com\/wp-content\/uploads\/2026\/02\/GH_GDU-S400-Li-ion-Polymer-Battery_.webp\",\"contentUrl\":\"https:\/\/www.ghostysky.com\/wp-content\/uploads\/2026\/02\/GH_GDU-S400-Li-ion-Polymer-Battery_.webp\",\"width\":1200,\"height\":1200},{\"@type\":\"BreadcrumbList\",\"@id\":\"https:\/\/www.ghostysky.com\/product\/gdu-s400-li-ion-polymer-battery\/#breadcrumb\",\"itemListElement\":[{\"@type\":\"ListItem\",\"position\":1,\"name\":\"Home\",\"item\":\"https:\/\/www.ghostysky.com\/\"},{\"@type\":\"ListItem\",\"position\":2,\"name\":\"Shop\",\"item\":\"https:\/\/www.ghostysky.com\/shop\/\"},{\"@type\":\"ListItem\",\"position\":3,\"name\":\"GDU S400 Li-ion Polymer Battery\"}]},{\"@type\":\"WebSite\",\"@id\":\"https:\/\/www.ghostysky.com\/#website\",\"url\":\"https:\/\/www.ghostysky.com\/\",\"name\":\"Ghostysky\",\"description\":\"Delivering professional drones and services\",\"publisher\":{\"@id\":\"https:\/\/www.ghostysky.com\/#organization\"},\"potentialAction\":[{\"@type\":\"SearchAction\",\"target\":{\"@type\":\"EntryPoint\",\"urlTemplate\":\"https:\/\/www.ghostysky.com\/?s={search_term_string}\"},\"query-input\":{\"@type\":\"PropertyValueSpecification\",\"valueRequired\":true,\"valueName\":\"search_term_string\"}}],\"inLanguage\":\"pt-PT\"},{\"@type\":\"Organization\",\"@id\":\"https:\/\/www.ghostysky.com\/#organization\",\"name\":\"Ghostysky\",\"url\":\"https:\/\/www.ghostysky.com\/\",\"logo\":{\"@type\":\"ImageObject\",\"inLanguage\":\"pt-PT\",\"@id\":\"https:\/\/www.ghostysky.com\/#\/schema\/logo\/image\/\",\"url\":\"https:\/\/www.ghostysky.com\/wp-content\/uploads\/2020\/06\/cropped-ghostyskylogo_text_white2.png\",\"contentUrl\":\"https:\/\/www.ghostysky.com\/wp-content\/uploads\/2020\/06\/cropped-ghostyskylogo_text_white2.png\",\"width\":169,\"height\":56,\"caption\":\"Ghostysky\"},\"image\":{\"@id\":\"https:\/\/www.ghostysky.com\/#\/schema\/logo\/image\/\"},\"sameAs\":[\"https:\/\/www.facebook.com\/people\/Ghostysky\/100057676170234\/\",\"https:\/\/x.com\/Gh0stysky\",\"https:\/\/www.linkedin.com\/company\/34739653\",\"https:\/\/www.instagram.com\/gh0stysky\"]}]}<\/script>\n<!-- \/ Yoast SEO plugin. -->","yoast_head_json":{"title":"Bateria de pol\u00edmero de \u00edon-l\u00edtio GDU S400 - Ghostysky","description":"O GDU-Tech APA01 FlyPort V1 \u00e9 uma interface ecol\u00f3gica especializada, projetada para preencher a lacuna entre hardware de terceiros e as plataformas de UAVs (Ve\u00edculos A\u00e9reos N\u00e3o Tripulados) industriais da GDU-Tech. Ele funciona como um hub universal de montagem e comunica\u00e7\u00e3o, permitindo que desenvolvedores e usu\u00e1rios corporativos integrem sensores, c\u00e2meras e m\u00f3dulos de comunica\u00e7\u00e3o personalizados em drones da GDU, como as s\u00e9ries S200 e S220.","robots":{"index":"index","follow":"follow","max-snippet":"max-snippet:-1","max-image-preview":"max-image-preview:large","max-video-preview":"max-video-preview:-1"},"canonical":"https:\/\/www.ghostysky.com\/pt\/produto-2\/gdu-s400-li-ion-polymer-battery\/","og_locale":"pt_PT","og_type":"article","og_title":"GDU S400 Li-ion Polymer Battery - Ghostysky","og_description":"The GDU-Tech APA01 FlyPort V1 is a specialized ecological interface designed to bridge the gap between third-party hardware and GDU-Tech\u2019s industrial UAV (Unmanned Aerial Vehicle) platforms. It acts as a universal mounting and communication hub, allowing developers and enterprise users to integrate custom sensors, cameras, and communication modules onto GDU drones like the S200 and S220 series.","og_url":"https:\/\/www.ghostysky.com\/pt\/produto-2\/gdu-s400-li-ion-polymer-battery\/","og_site_name":"Ghostysky","article_publisher":"https:\/\/www.facebook.com\/people\/Ghostysky\/100057676170234\/","article_modified_time":"2026-02-09T08:13:27+00:00","og_image":[{"width":1200,"height":1200,"url":"https:\/\/www.ghostysky.com\/wp-content\/uploads\/2026\/02\/GH_GDU-S400-Li-ion-Polymer-Battery_.webp","type":"image\/webp"}],"twitter_card":"summary_large_image","twitter_site":"@Gh0stysky","twitter_misc":{"Tempo estimado de leitura":"2 minutos"},"schema":{"@context":"https:\/\/schema.org","@graph":[{"@type":"WebPage","@id":"https:\/\/www.ghostysky.com\/product\/gdu-s400-li-ion-polymer-battery\/","url":"https:\/\/www.ghostysky.com\/product\/gdu-s400-li-ion-polymer-battery\/","name":"Bateria de pol\u00edmero de \u00edon-l\u00edtio GDU S400 - Ghostysky","isPartOf":{"@id":"https:\/\/www.ghostysky.com\/#website"},"primaryImageOfPage":{"@id":"https:\/\/www.ghostysky.com\/product\/gdu-s400-li-ion-polymer-battery\/#primaryimage"},"image":{"@id":"https:\/\/www.ghostysky.com\/product\/gdu-s400-li-ion-polymer-battery\/#primaryimage"},"thumbnailUrl":"https:\/\/www.ghostysky.com\/wp-content\/uploads\/2026\/02\/GH_GDU-S400-Li-ion-Polymer-Battery_.webp","datePublished":"2026-02-09T08:06:54+00:00","dateModified":"2026-02-09T08:13:27+00:00","description":"O GDU-Tech APA01 FlyPort V1 \u00e9 uma interface ecol\u00f3gica especializada, projetada para preencher a lacuna entre hardware de terceiros e as plataformas de UAVs (Ve\u00edculos A\u00e9reos N\u00e3o Tripulados) industriais da GDU-Tech. Ele funciona como um hub universal de montagem e comunica\u00e7\u00e3o, permitindo que desenvolvedores e usu\u00e1rios corporativos integrem sensores, c\u00e2meras e m\u00f3dulos de comunica\u00e7\u00e3o personalizados em drones da GDU, como as s\u00e9ries S200 e S220.","breadcrumb":{"@id":"https:\/\/www.ghostysky.com\/product\/gdu-s400-li-ion-polymer-battery\/#breadcrumb"},"inLanguage":"pt-PT","potentialAction":[{"@type":"ReadAction","target":["https:\/\/www.ghostysky.com\/product\/gdu-s400-li-ion-polymer-battery\/"]}]},{"@type":"ImageObject","inLanguage":"pt-PT","@id":"https:\/\/www.ghostysky.com\/product\/gdu-s400-li-ion-polymer-battery\/#primaryimage","url":"https:\/\/www.ghostysky.com\/wp-content\/uploads\/2026\/02\/GH_GDU-S400-Li-ion-Polymer-Battery_.webp","contentUrl":"https:\/\/www.ghostysky.com\/wp-content\/uploads\/2026\/02\/GH_GDU-S400-Li-ion-Polymer-Battery_.webp","width":1200,"height":1200},{"@type":"BreadcrumbList","@id":"https:\/\/www.ghostysky.com\/product\/gdu-s400-li-ion-polymer-battery\/#breadcrumb","itemListElement":[{"@type":"ListItem","position":1,"name":"Home","item":"https:\/\/www.ghostysky.com\/"},{"@type":"ListItem","position":2,"name":"Shop","item":"https:\/\/www.ghostysky.com\/shop\/"},{"@type":"ListItem","position":3,"name":"GDU S400 Li-ion Polymer Battery"}]},{"@type":"WebSite","@id":"https:\/\/www.ghostysky.com\/#website","url":"https:\/\/www.ghostysky.com\/","name":"Ghostysky","description":"Fornecendo drones e servi\u00e7os profissionais","publisher":{"@id":"https:\/\/www.ghostysky.com\/#organization"},"potentialAction":[{"@type":"SearchAction","target":{"@type":"EntryPoint","urlTemplate":"https:\/\/www.ghostysky.com\/?s={search_term_string}"},"query-input":{"@type":"PropertyValueSpecification","valueRequired":true,"valueName":"search_term_string"}}],"inLanguage":"pt-PT"},{"@type":"Organization","@id":"https:\/\/www.ghostysky.com\/#organization","name":"Ghostysky","url":"https:\/\/www.ghostysky.com\/","logo":{"@type":"ImageObject","inLanguage":"pt-PT","@id":"https:\/\/www.ghostysky.com\/#\/schema\/logo\/image\/","url":"https:\/\/www.ghostysky.com\/wp-content\/uploads\/2020\/06\/cropped-ghostyskylogo_text_white2.png","contentUrl":"https:\/\/www.ghostysky.com\/wp-content\/uploads\/2020\/06\/cropped-ghostyskylogo_text_white2.png","width":169,"height":56,"caption":"Ghostysky"},"image":{"@id":"https:\/\/www.ghostysky.com\/#\/schema\/logo\/image\/"},"sameAs":["https:\/\/www.facebook.com\/people\/Ghostysky\/100057676170234\/","https:\/\/x.com\/Gh0stysky","https:\/\/www.linkedin.com\/company\/34739653","https:\/\/www.instagram.com\/gh0stysky"]}]}},"_links":{"self":[{"href":"https:\/\/www.ghostysky.com\/pt\/wp-json\/wp\/v2\/product\/24179","targetHints":{"allow":["GET"]}}],"collection":[{"href":"https:\/\/www.ghostysky.com\/pt\/wp-json\/wp\/v2\/product"}],"about":[{"href":"https:\/\/www.ghostysky.com\/pt\/wp-json\/wp\/v2\/types\/product"}],"replies":[{"embeddable":true,"href":"https:\/\/www.ghostysky.com\/pt\/wp-json\/wp\/v2\/comments?post=24179"}],"wp:featuredmedia":[{"embeddable":true,"href":"https:\/\/www.ghostysky.com\/pt\/wp-json\/wp\/v2\/media\/24181"}],"wp:attachment":[{"href":"https:\/\/www.ghostysky.com\/pt\/wp-json\/wp\/v2\/media?parent=24179"}],"wp:term":[{"taxonomy":"product_brand","embeddable":true,"href":"https:\/\/www.ghostysky.com\/pt\/wp-json\/wp\/v2\/product_brand?post=24179"},{"taxonomy":"product_cat","embeddable":true,"href":"https:\/\/www.ghostysky.com\/pt\/wp-json\/wp\/v2\/product_cat?post=24179"},{"taxonomy":"product_tag","embeddable":true,"href":"https:\/\/www.ghostysky.com\/pt\/wp-json\/wp\/v2\/product_tag?post=24179"}],"curies":[{"name":"wp","href":"https:\/\/api.w.org\/{rel}","templated":true}]}}