{"id":24217,"date":"2026-02-23T13:23:32","date_gmt":"2026-02-23T13:23:32","guid":{"rendered":"https:\/\/www.ghostysky.com\/?post_type=product&#038;p=24217"},"modified":"2026-02-23T13:30:48","modified_gmt":"2026-02-23T13:30:48","slug":"agilex-nero","status":"publish","type":"product","link":"https:\/\/www.ghostysky.com\/pt\/product\/agilex-nero\/","title":{"rendered":"Agilex Nero"},"content":{"rendered":"<h3 data-path-to-node=\"3\">Caracter\u00edsticas principais<\/h3>\n<ul data-path-to-node=\"4\">\n<li>\n<p id=\"p-rc_2cc2f623859cbf0e-20\" data-path-to-node=\"4,0,0\"><b data-path-to-node=\"4,0,0\" data-index-in-node=\"0\">Destreza semelhante \u00e0 humana:<\/b><span class=\"citation-19 citation-end-19\"> A configura\u00e7\u00e3o de 7 eixos permite o &quot;controle de espa\u00e7o nulo&quot;, possibilitando que o bra\u00e7o altere sua postura (posi\u00e7\u00e3o do cotovelo) sem mover o efetor final.<\/span> Isso \u00e9 fundamental para trabalhar em espa\u00e7os apertados ou ao redor de obst\u00e1culos.<\/p>\n<\/li>\n<li>\n<p id=\"p-rc_2cc2f623859cbf0e-21\" data-path-to-node=\"4,1,0\"><b data-path-to-node=\"4,1,0\" data-index-in-node=\"0\"><span class=\"citation-18\">Design ultraleve:<\/span><\/b><span class=\"citation-18\"> Pesando apenas <\/span><b data-path-to-node=\"4,1,0\" data-index-in-node=\"40\"><span class=\"citation-18\">4,8 kg<\/span><\/b><span class=\"citation-18 citation-end-18\">, O Nero \u00e9 altamente port\u00e1til e pode ser facilmente integrado em plataformas m\u00f3veis ou transportado entre esta\u00e7\u00f5es de laborat\u00f3rio.<\/span><\/p>\n<\/li>\n<li>\n<p id=\"p-rc_2cc2f623859cbf0e-22\" data-path-to-node=\"4,2,0\"><b data-path-to-node=\"4,2,0\" data-index-in-node=\"0\"><span class=\"citation-17\">Precis\u00e3o pronta para pesquisa:<\/span><\/b><span class=\"citation-17\"> Com <\/span><b data-path-to-node=\"4,2,0\" data-index-in-node=\"31\"><span class=\"citation-17\">Repetibilidade de \u00b10,1 mm<\/span><\/b><span class=\"citation-17 citation-end-17\">, \u00c9 preciso o suficiente para tarefas delicadas como montagem eletr\u00f4nica ou coleta consistente de dados para treinamento de IA.<\/span><\/p>\n<\/li>\n<li>\n<p id=\"p-rc_2cc2f623859cbf0e-23\" data-path-to-node=\"4,3,0\"><b data-path-to-node=\"4,3,0\" data-index-in-node=\"0\">Arquitetura Aberta:<\/b><span class=\"citation-16\"> Totalmente compat\u00edvel com <\/span><b data-path-to-node=\"4,3,0\" data-index-in-node=\"41\"><span class=\"citation-16\">ROS 1 \/ ROS 2<\/span><\/b><span class=\"citation-16\"> e <\/span><b data-path-to-node=\"4,3,0\" data-index-in-node=\"59\"><span class=\"citation-16\">SDK Python<\/span><\/b><span class=\"citation-16 citation-end-16\">, tornando-se uma solu\u00e7\u00e3o &quot;plug-and-play&quot; para desenvolvedores que utilizam frameworks modernos de IA.<\/span><\/p>\n<\/li>\n<li>\n<p id=\"p-rc_2cc2f623859cbf0e-24\" data-path-to-node=\"4,4,0\"><b data-path-to-node=\"4,4,0\" data-index-in-node=\"0\">Montagem vers\u00e1til:<\/b><span class=\"citation-15\"> Suporta m\u00faltiplas orienta\u00e7\u00f5es de instala\u00e7\u00e3o, incluindo <\/span><b data-path-to-node=\"4,4,0\" data-index-in-node=\"75\"><span class=\"citation-15\">mesa<\/span><\/b><span class=\"citation-15\">, <\/span><b data-path-to-node=\"4,4,0\" data-index-in-node=\"85\"><span class=\"citation-15\">montagem lateral<\/span><\/b><span class=\"citation-15\">, ou <\/span><b data-path-to-node=\"4,4,0\" data-index-in-node=\"100\"><span class=\"citation-15\">invertido<\/span><\/b><span class=\"citation-15 citation-end-15\"> configura\u00e7\u00f5es (de teto).<\/span><\/p>\n<div class=\"source-inline-chip-container ng-star-inserted\"><\/div>\n<\/li>\n<\/ul>\n<h3 data-path-to-node=\"6\">Especifica\u00e7\u00f5es t\u00e9cnicas<\/h3>\n<table data-path-to-node=\"7\">\n<thead>\n<tr>\n<td><strong>Recurso<\/strong><\/td>\n<td><strong>Especifica\u00e7\u00f5es<\/strong><\/td>\n<\/tr>\n<\/thead>\n<tbody>\n<tr>\n<td><span data-path-to-node=\"7,1,0,0\"><b data-path-to-node=\"7,1,0,0\" data-index-in-node=\"0\">Graus de Liberdade<\/b><\/span><\/td>\n<td><span data-path-to-node=\"7,1,1,0\">7 graus de liberdade (redundante)<\/span><\/td>\n<\/tr>\n<tr>\n<td><span data-path-to-node=\"7,2,0,0\"><b data-path-to-node=\"7,2,0,0\" data-index-in-node=\"0\">Carga \u00fatil<\/b><\/span><\/td>\n<td><span data-path-to-node=\"7,2,1,0\">3 kg (Nominal) \/ 5 kg (Din\u00e2mico de Pico)<\/span><\/td>\n<\/tr>\n<tr>\n<td><span data-path-to-node=\"7,3,0,0\"><b data-path-to-node=\"7,3,0,0\" data-index-in-node=\"0\">Raio de trabalho<\/b><\/span><\/td>\n<td><span data-path-to-node=\"7,3,1,0\">580 mm<\/span><\/td>\n<\/tr>\n<tr>\n<td><span data-path-to-node=\"7,4,0,0\"><b data-path-to-node=\"7,4,0,0\" data-index-in-node=\"0\">Repetibilidade<\/b><\/span><\/td>\n<td><span data-path-to-node=\"7,4,1,0\">\u00b10,1 mm<\/span><\/td>\n<\/tr>\n<tr>\n<td><span data-path-to-node=\"7,5,0,0\"><b data-path-to-node=\"7,5,0,0\" data-index-in-node=\"0\">Peso<\/b><\/span><\/td>\n<td><span data-path-to-node=\"7,5,1,0\">4,8 kg<\/span><\/td>\n<\/tr>\n<tr>\n<td><span data-path-to-node=\"7,6,0,0\"><b data-path-to-node=\"7,6,0,0\" data-index-in-node=\"0\">Comunica\u00e7\u00e3o<\/b><\/span><\/td>\n<td><span data-path-to-node=\"7,6,1,0\">CAN \/ HTTP \/ TCP<\/span><\/td>\n<\/tr>\n<tr>\n<td><span data-path-to-node=\"7,7,0,0\"><b data-path-to-node=\"7,7,0,0\" data-index-in-node=\"0\">Consumo de energia<\/b><\/span><\/td>\n<td><span data-path-to-node=\"7,7,1,0\">M\u00e1x. \u2264120W (M\u00e9dia ~40W)<\/span><\/td>\n<\/tr>\n<tr>\n<td><span data-path-to-node=\"7,8,0,0\"><b data-path-to-node=\"7,8,0,0\" data-index-in-node=\"0\">Velocidade conjunta<\/b><\/span><\/td>\n<td><span data-path-to-node=\"7,8,1,0\">J1-J3: 180\u00b0\/s | J4-J7: 225\u00b0\/s<\/span><\/td>\n<\/tr>\n<\/tbody>\n<\/table>\n<p>&nbsp;<\/p>\n<h3 data-path-to-node=\"9\">Aplica\u00e7\u00f5es<\/h3>\n<ul data-path-to-node=\"10\">\n<li>\n<p id=\"p-rc_2cc2f623859cbf0e-25\" data-path-to-node=\"10,0,0\"><b data-path-to-node=\"10,0,0\" data-index-in-node=\"0\"><span class=\"citation-14\">Intelig\u00eancia Artificial Incorporada:<\/span><\/b><span class=\"citation-14 citation-end-14\"> Ideal para treinar modelos em aprendizagem por imita\u00e7\u00e3o e aprendizagem por refor\u00e7o.<\/span><\/p>\n<\/li>\n<li>\n<p id=\"p-rc_2cc2f623859cbf0e-26\" data-path-to-node=\"10,1,0\"><b data-path-to-node=\"10,1,0\" data-index-in-node=\"0\"><span class=\"citation-13\">Manipula\u00e7\u00e3o M\u00f3vel:<\/span><\/b><span class=\"citation-13 citation-end-13\"> Pode ser montado em bases m\u00f3veis AgileX (como o Scout ou o Bunker) para criar manipuladores m\u00f3veis aut\u00f4nomos.<\/span><\/p>\n<\/li>\n<li>\n<p data-path-to-node=\"10,2,0\"><b data-path-to-node=\"10,2,0\" data-index-in-node=\"0\">Pesquisa e Desenvolvimento de Humanoides:<\/b> Serve como um membro modular para prototipagem de rob\u00f4s humanoides.<\/p>\n<\/li>\n<li>\n<p id=\"p-rc_2cc2f623859cbf0e-27\" data-path-to-node=\"10,3,0\"><b data-path-to-node=\"10,3,0\" data-index-in-node=\"0\"><span class=\"citation-12\">Automa\u00e7\u00e3o laboratorial:<\/span><\/b><span class=\"citation-12 citation-end-12\"> Manuseio de l\u00edquidos de alta precis\u00e3o, testes de materiais ou tarefas de pegar e colocar.<\/span><\/p>\n<\/li>\n<\/ul>\n<blockquote data-path-to-node=\"11\">\n<p id=\"p-rc_2cc2f623859cbf0e-28\" data-path-to-node=\"11,0\"><b data-path-to-node=\"11,0\" data-index-in-node=\"0\"><span class=\"citation-11\">Dica profissional:<\/span><\/b><span class=\"citation-11\"> O Nero apresenta um <\/span><b data-path-to-node=\"11,0\" data-index-in-node=\"29\"><span class=\"citation-11\">Arrastar e ensinar<\/span><\/b><span class=\"citation-11 citation-end-11\"> modo, permitindo que os pesquisadores guiem manualmente o bra\u00e7o ao longo de um percurso para registro r\u00e1pido da trajet\u00f3ria sem escrever c\u00f3digos complexos.<\/span><\/p>\n<\/blockquote>","protected":false},"excerpt":{"rendered":"<p><span class=\"\">O <\/span><b class=\"\" data-path-to-node=\"0\" data-index-in-node=\"4\">AgileX Nero<\/b><span class=\"\"> \u00e9 de alto desempenho,<\/span><span class=\"\"> Bra\u00e7o rob\u00f3tico de 7 eixos (7-DoF) projetado especificamente para pesquisa avan\u00e7ada em <\/span><b class=\"\" data-path-to-node=\"0\" data-index-in-node=\"115\">IA Incorporada<\/b><span class=\"\"> e <\/span><b class=\"\" data-path-to-node=\"0\" data-index-in-node=\"131\">Rob\u00f3tica Humanoide<\/b><span class=\"\">.<\/span><span class=\"\"> Ao contr\u00e1rio dos bra\u00e7os tradicionais de 6 eixos,<\/span><span class=\"\"> O s\u00e9timo eixo redundante do Nero imita a destreza humana.,<\/span><span class=\"\"> permitindo que ele navegue em ambientes complexos e evite obst\u00e1culos com fluidez,<\/span><span class=\"\"> movimento natural.<\/span><\/p>","protected":false},"featured_media":24220,"comment_status":"open","ping_status":"closed","template":"","meta":[],"product_brand":[1046],"product_cat":[1043,1045,1042,1037],"product_tag":[1047,1054,1053],"class_list":{"0":"post-24217","1":"product","2":"type-product","3":"status-publish","4":"has-post-thumbnail","6":"product_brand-agilex","7":"product_cat-agilex","8":"product_cat-agilex-accessories","9":"product_cat-chassis","10":"product_cat-robotics","11":"product_tag-agilex","12":"product_tag-agilex-accessories","13":"product_tag-agilex-piper","15":"first","16":"onbackorder","17":"taxable","18":"shipping-taxable","19":"purchasable","20":"product-type-simple"},"yoast_head":"<!-- This site is optimized with the Yoast SEO plugin v27.1.1 - https:\/\/yoast.com\/product\/yoast-seo-wordpress\/ -->\n<title>Agilex Nero - Ghostysky<\/title>\n<meta name=\"description\" content=\"The AgileX Nero is a high-performance, 7-axis (7-DoF) robotic arm specifically engineered for advanced research in Embodied AI and Humanoid Robotics. Unlike traditional 6-axis arms, the Nero\u2019s redundant 7th axis mimics human-like dexterity, allowing it to navigate complex environments and avoid obstacles with fluid, natural motion.\" \/>\n<meta name=\"robots\" content=\"index, follow, max-snippet:-1, max-image-preview:large, max-video-preview:-1\" \/>\n<link rel=\"canonical\" href=\"https:\/\/www.ghostysky.com\/pt\/produto-2\/agilex-nero\/\" \/>\n<meta property=\"og:locale\" content=\"pt_PT\" \/>\n<meta property=\"og:type\" content=\"article\" \/>\n<meta property=\"og:title\" content=\"Agilex Nero - Ghostysky\" \/>\n<meta property=\"og:description\" content=\"The AgileX Nero is a high-performance, 7-axis (7-DoF) robotic arm specifically engineered for advanced research in Embodied AI and Humanoid Robotics. Unlike traditional 6-axis arms, the Nero\u2019s redundant 7th axis mimics human-like dexterity, allowing it to navigate complex environments and avoid obstacles with fluid, natural motion.\" \/>\n<meta property=\"og:url\" content=\"https:\/\/www.ghostysky.com\/pt\/produto-2\/agilex-nero\/\" \/>\n<meta property=\"og:site_name\" content=\"Ghostysky\" \/>\n<meta property=\"article:publisher\" content=\"https:\/\/www.facebook.com\/people\/Ghostysky\/100057676170234\/\" \/>\n<meta property=\"article:modified_time\" content=\"2026-02-23T13:30:48+00:00\" \/>\n<meta property=\"og:image\" content=\"https:\/\/www.ghostysky.com\/wp-content\/uploads\/2026\/02\/GH_Agilex_Nero_1.webp\" \/>\n\t<meta property=\"og:image:width\" content=\"990\" \/>\n\t<meta property=\"og:image:height\" content=\"990\" \/>\n\t<meta property=\"og:image:type\" content=\"image\/webp\" \/>\n<meta name=\"twitter:card\" content=\"summary_large_image\" \/>\n<meta name=\"twitter:site\" content=\"@Gh0stysky\" \/>\n<meta name=\"twitter:label1\" content=\"Tempo estimado de leitura\" \/>\n\t<meta name=\"twitter:data1\" content=\"2 minutos\" \/>\n<script type=\"application\/ld+json\" class=\"yoast-schema-graph\">{\"@context\":\"https:\/\/schema.org\",\"@graph\":[{\"@type\":\"WebPage\",\"@id\":\"https:\/\/www.ghostysky.com\/product\/agilex-nero\/\",\"url\":\"https:\/\/www.ghostysky.com\/product\/agilex-nero\/\",\"name\":\"Agilex Nero - Ghostysky\",\"isPartOf\":{\"@id\":\"https:\/\/www.ghostysky.com\/#website\"},\"primaryImageOfPage\":{\"@id\":\"https:\/\/www.ghostysky.com\/product\/agilex-nero\/#primaryimage\"},\"image\":{\"@id\":\"https:\/\/www.ghostysky.com\/product\/agilex-nero\/#primaryimage\"},\"thumbnailUrl\":\"https:\/\/www.ghostysky.com\/wp-content\/uploads\/2026\/02\/GH_Agilex_Nero_1.webp\",\"datePublished\":\"2026-02-23T13:23:32+00:00\",\"dateModified\":\"2026-02-23T13:30:48+00:00\",\"description\":\"The AgileX Nero is a high-performance, 7-axis (7-DoF) robotic arm specifically engineered for advanced research in Embodied AI and Humanoid Robotics. Unlike traditional 6-axis arms, the Nero\u2019s redundant 7th axis mimics human-like dexterity, allowing it to navigate complex environments and avoid obstacles with fluid, natural motion.\",\"breadcrumb\":{\"@id\":\"https:\/\/www.ghostysky.com\/product\/agilex-nero\/#breadcrumb\"},\"inLanguage\":\"pt-PT\",\"potentialAction\":[{\"@type\":\"ReadAction\",\"target\":[\"https:\/\/www.ghostysky.com\/product\/agilex-nero\/\"]}]},{\"@type\":\"ImageObject\",\"inLanguage\":\"pt-PT\",\"@id\":\"https:\/\/www.ghostysky.com\/product\/agilex-nero\/#primaryimage\",\"url\":\"https:\/\/www.ghostysky.com\/wp-content\/uploads\/2026\/02\/GH_Agilex_Nero_1.webp\",\"contentUrl\":\"https:\/\/www.ghostysky.com\/wp-content\/uploads\/2026\/02\/GH_Agilex_Nero_1.webp\",\"width\":990,\"height\":990},{\"@type\":\"BreadcrumbList\",\"@id\":\"https:\/\/www.ghostysky.com\/product\/agilex-nero\/#breadcrumb\",\"itemListElement\":[{\"@type\":\"ListItem\",\"position\":1,\"name\":\"Home\",\"item\":\"https:\/\/www.ghostysky.com\/\"},{\"@type\":\"ListItem\",\"position\":2,\"name\":\"Shop\",\"item\":\"https:\/\/www.ghostysky.com\/shop\/\"},{\"@type\":\"ListItem\",\"position\":3,\"name\":\"Agilex Nero\"}]},{\"@type\":\"WebSite\",\"@id\":\"https:\/\/www.ghostysky.com\/#website\",\"url\":\"https:\/\/www.ghostysky.com\/\",\"name\":\"Ghostysky\",\"description\":\"Delivering professional drones and services\",\"publisher\":{\"@id\":\"https:\/\/www.ghostysky.com\/#organization\"},\"potentialAction\":[{\"@type\":\"SearchAction\",\"target\":{\"@type\":\"EntryPoint\",\"urlTemplate\":\"https:\/\/www.ghostysky.com\/?s={search_term_string}\"},\"query-input\":{\"@type\":\"PropertyValueSpecification\",\"valueRequired\":true,\"valueName\":\"search_term_string\"}}],\"inLanguage\":\"pt-PT\"},{\"@type\":\"Organization\",\"@id\":\"https:\/\/www.ghostysky.com\/#organization\",\"name\":\"Ghostysky\",\"url\":\"https:\/\/www.ghostysky.com\/\",\"logo\":{\"@type\":\"ImageObject\",\"inLanguage\":\"pt-PT\",\"@id\":\"https:\/\/www.ghostysky.com\/#\/schema\/logo\/image\/\",\"url\":\"https:\/\/www.ghostysky.com\/wp-content\/uploads\/2020\/06\/cropped-ghostyskylogo_text_white2.png\",\"contentUrl\":\"https:\/\/www.ghostysky.com\/wp-content\/uploads\/2020\/06\/cropped-ghostyskylogo_text_white2.png\",\"width\":169,\"height\":56,\"caption\":\"Ghostysky\"},\"image\":{\"@id\":\"https:\/\/www.ghostysky.com\/#\/schema\/logo\/image\/\"},\"sameAs\":[\"https:\/\/www.facebook.com\/people\/Ghostysky\/100057676170234\/\",\"https:\/\/x.com\/Gh0stysky\",\"https:\/\/www.linkedin.com\/company\/34739653\",\"https:\/\/www.instagram.com\/gh0stysky\"]}]}<\/script>\n<!-- \/ Yoast SEO plugin. -->","yoast_head_json":{"title":"Agilex Nero - Ghostysky","description":"O AgileX Nero \u00e9 um bra\u00e7o rob\u00f3tico de alto desempenho com 7 eixos (7-DoF), projetado especificamente para pesquisa avan\u00e7ada em Intelig\u00eancia Artificial Incorporada e Rob\u00f3tica Humanoide. Ao contr\u00e1rio dos bra\u00e7os tradicionais de 6 eixos, o 7\u00ba eixo redundante do Nero imita a destreza humana, permitindo que ele navegue em ambientes complexos e evite obst\u00e1culos com movimentos fluidos e naturais.","robots":{"index":"index","follow":"follow","max-snippet":"max-snippet:-1","max-image-preview":"max-image-preview:large","max-video-preview":"max-video-preview:-1"},"canonical":"https:\/\/www.ghostysky.com\/pt\/produto-2\/agilex-nero\/","og_locale":"pt_PT","og_type":"article","og_title":"Agilex Nero - Ghostysky","og_description":"The AgileX Nero is a high-performance, 7-axis (7-DoF) robotic arm specifically engineered for advanced research in Embodied AI and Humanoid Robotics. Unlike traditional 6-axis arms, the Nero\u2019s redundant 7th axis mimics human-like dexterity, allowing it to navigate complex environments and avoid obstacles with fluid, natural motion.","og_url":"https:\/\/www.ghostysky.com\/pt\/produto-2\/agilex-nero\/","og_site_name":"Ghostysky","article_publisher":"https:\/\/www.facebook.com\/people\/Ghostysky\/100057676170234\/","article_modified_time":"2026-02-23T13:30:48+00:00","og_image":[{"width":990,"height":990,"url":"https:\/\/www.ghostysky.com\/wp-content\/uploads\/2026\/02\/GH_Agilex_Nero_1.webp","type":"image\/webp"}],"twitter_card":"summary_large_image","twitter_site":"@Gh0stysky","twitter_misc":{"Tempo estimado de leitura":"2 minutos"},"schema":{"@context":"https:\/\/schema.org","@graph":[{"@type":"WebPage","@id":"https:\/\/www.ghostysky.com\/product\/agilex-nero\/","url":"https:\/\/www.ghostysky.com\/product\/agilex-nero\/","name":"Agilex Nero - Ghostysky","isPartOf":{"@id":"https:\/\/www.ghostysky.com\/#website"},"primaryImageOfPage":{"@id":"https:\/\/www.ghostysky.com\/product\/agilex-nero\/#primaryimage"},"image":{"@id":"https:\/\/www.ghostysky.com\/product\/agilex-nero\/#primaryimage"},"thumbnailUrl":"https:\/\/www.ghostysky.com\/wp-content\/uploads\/2026\/02\/GH_Agilex_Nero_1.webp","datePublished":"2026-02-23T13:23:32+00:00","dateModified":"2026-02-23T13:30:48+00:00","description":"O AgileX Nero \u00e9 um bra\u00e7o rob\u00f3tico de alto desempenho com 7 eixos (7-DoF), projetado especificamente para pesquisa avan\u00e7ada em Intelig\u00eancia Artificial Incorporada e Rob\u00f3tica Humanoide. Ao contr\u00e1rio dos bra\u00e7os tradicionais de 6 eixos, o 7\u00ba eixo redundante do Nero imita a destreza humana, permitindo que ele navegue em ambientes complexos e evite obst\u00e1culos com movimentos fluidos e naturais.","breadcrumb":{"@id":"https:\/\/www.ghostysky.com\/product\/agilex-nero\/#breadcrumb"},"inLanguage":"pt-PT","potentialAction":[{"@type":"ReadAction","target":["https:\/\/www.ghostysky.com\/product\/agilex-nero\/"]}]},{"@type":"ImageObject","inLanguage":"pt-PT","@id":"https:\/\/www.ghostysky.com\/product\/agilex-nero\/#primaryimage","url":"https:\/\/www.ghostysky.com\/wp-content\/uploads\/2026\/02\/GH_Agilex_Nero_1.webp","contentUrl":"https:\/\/www.ghostysky.com\/wp-content\/uploads\/2026\/02\/GH_Agilex_Nero_1.webp","width":990,"height":990},{"@type":"BreadcrumbList","@id":"https:\/\/www.ghostysky.com\/product\/agilex-nero\/#breadcrumb","itemListElement":[{"@type":"ListItem","position":1,"name":"Home","item":"https:\/\/www.ghostysky.com\/"},{"@type":"ListItem","position":2,"name":"Shop","item":"https:\/\/www.ghostysky.com\/shop\/"},{"@type":"ListItem","position":3,"name":"Agilex Nero"}]},{"@type":"WebSite","@id":"https:\/\/www.ghostysky.com\/#website","url":"https:\/\/www.ghostysky.com\/","name":"Ghostysky","description":"Fornecendo drones e servi\u00e7os profissionais","publisher":{"@id":"https:\/\/www.ghostysky.com\/#organization"},"potentialAction":[{"@type":"SearchAction","target":{"@type":"EntryPoint","urlTemplate":"https:\/\/www.ghostysky.com\/?s={search_term_string}"},"query-input":{"@type":"PropertyValueSpecification","valueRequired":true,"valueName":"search_term_string"}}],"inLanguage":"pt-PT"},{"@type":"Organization","@id":"https:\/\/www.ghostysky.com\/#organization","name":"Ghostysky","url":"https:\/\/www.ghostysky.com\/","logo":{"@type":"ImageObject","inLanguage":"pt-PT","@id":"https:\/\/www.ghostysky.com\/#\/schema\/logo\/image\/","url":"https:\/\/www.ghostysky.com\/wp-content\/uploads\/2020\/06\/cropped-ghostyskylogo_text_white2.png","contentUrl":"https:\/\/www.ghostysky.com\/wp-content\/uploads\/2020\/06\/cropped-ghostyskylogo_text_white2.png","width":169,"height":56,"caption":"Ghostysky"},"image":{"@id":"https:\/\/www.ghostysky.com\/#\/schema\/logo\/image\/"},"sameAs":["https:\/\/www.facebook.com\/people\/Ghostysky\/100057676170234\/","https:\/\/x.com\/Gh0stysky","https:\/\/www.linkedin.com\/company\/34739653","https:\/\/www.instagram.com\/gh0stysky"]}]}},"_links":{"self":[{"href":"https:\/\/www.ghostysky.com\/pt\/wp-json\/wp\/v2\/product\/24217","targetHints":{"allow":["GET"]}}],"collection":[{"href":"https:\/\/www.ghostysky.com\/pt\/wp-json\/wp\/v2\/product"}],"about":[{"href":"https:\/\/www.ghostysky.com\/pt\/wp-json\/wp\/v2\/types\/product"}],"replies":[{"embeddable":true,"href":"https:\/\/www.ghostysky.com\/pt\/wp-json\/wp\/v2\/comments?post=24217"}],"wp:featuredmedia":[{"embeddable":true,"href":"https:\/\/www.ghostysky.com\/pt\/wp-json\/wp\/v2\/media\/24220"}],"wp:attachment":[{"href":"https:\/\/www.ghostysky.com\/pt\/wp-json\/wp\/v2\/media?parent=24217"}],"wp:term":[{"taxonomy":"product_brand","embeddable":true,"href":"https:\/\/www.ghostysky.com\/pt\/wp-json\/wp\/v2\/product_brand?post=24217"},{"taxonomy":"product_cat","embeddable":true,"href":"https:\/\/www.ghostysky.com\/pt\/wp-json\/wp\/v2\/product_cat?post=24217"},{"taxonomy":"product_tag","embeddable":true,"href":"https:\/\/www.ghostysky.com\/pt\/wp-json\/wp\/v2\/product_tag?post=24217"}],"curies":[{"name":"wp","href":"https:\/\/api.w.org\/{rel}","templated":true}]}}