{"id":24259,"date":"2026-02-24T15:52:00","date_gmt":"2026-02-24T15:52:00","guid":{"rendered":"https:\/\/www.ghostysky.com\/?post_type=product&#038;p=24259"},"modified":"2026-02-24T15:52:42","modified_gmt":"2026-02-24T15:52:42","slug":"brainco-revo2-basic","status":"publish","type":"product","link":"https:\/\/www.ghostysky.com\/pt\/product\/brainco-revo2-basic\/","title":{"rendered":"BrainCo Revo2 B\u00e1sico"},"content":{"rendered":"<h2 data-path-to-node=\"3\">Principais recursos e especifica\u00e7\u00f5es<\/h2>\n<table data-path-to-node=\"4\">\n<thead>\n<tr>\n<td><strong>Recurso<\/strong><\/td>\n<td><strong>Especifica\u00e7\u00f5es<\/strong><\/td>\n<\/tr>\n<\/thead>\n<tbody>\n<tr>\n<td><span data-path-to-node=\"4,1,0,0\"><b data-path-to-node=\"4,1,0,0\" data-index-in-node=\"0\">Peso<\/b><\/span><\/td>\n<td><span data-path-to-node=\"4,1,1,0\">383g (Peso aproximado de 6 ovos)<\/span><\/td>\n<\/tr>\n<tr>\n<td><span data-path-to-node=\"4,2,0,0\"><b data-path-to-node=\"4,2,0,0\" data-index-in-node=\"0\">Dimens\u00f5es<\/b><\/span><\/td>\n<td><span data-path-to-node=\"4,2,1,0\">160 mm (Altura) x 76 mm (Largura)<\/span><\/td>\n<\/tr>\n<tr>\n<td><span data-path-to-node=\"4,3,0,0\"><b data-path-to-node=\"4,3,0,0\" data-index-in-node=\"0\">Graus de Liberdade (DoF)<\/b><\/span><\/td>\n<td><span data-path-to-node=\"4,3,1,0\">6 (Ativo)<\/span><\/td>\n<\/tr>\n<tr>\n<td><span data-path-to-node=\"4,4,0,0\"><b data-path-to-node=\"4,4,0,0\" data-index-in-node=\"0\">Articula\u00e7\u00f5es Totais<\/b><\/span><\/td>\n<td><span data-path-to-node=\"4,4,1,0\">11<\/span><\/td>\n<\/tr>\n<tr>\n<td><span data-path-to-node=\"4,5,0,0\"><b data-path-to-node=\"4,5,0,0\" data-index-in-node=\"0\">For\u00e7a de ader\u00eancia<\/b><\/span><\/td>\n<td><span data-path-to-node=\"4,5,1,0\"><span class=\"math-inline\" data-math=\"\\geq 50\\text{N}\" data-index-in-node=\"0\">&gt;= 50N<\/span>\u00a0(M\u00e3o inteira)<\/span><\/td>\n<\/tr>\n<tr>\n<td><span data-path-to-node=\"4,6,0,0\"><b data-path-to-node=\"4,6,0,0\" data-index-in-node=\"0\">For\u00e7a de pin\u00e7a<\/b><\/span><\/td>\n<td><span data-path-to-node=\"4,6,1,0\"><span class=\"math-inline\" data-math=\"\\geq 15\\text{N}\" data-index-in-node=\"0\">&gt;= 15N<\/span>\u00a0(Um dedo)<\/span><\/td>\n<\/tr>\n<tr>\n<td><span data-path-to-node=\"4,7,0,0\"><b data-path-to-node=\"4,7,0,0\" data-index-in-node=\"0\">Carga est\u00e1tica\/Carga \u00fatil<\/b><\/span><\/td>\n<td><span data-path-to-node=\"4,7,1,0\"><span class=\"math-inline\" data-math=\"\\geq 20\\text{kg}\" data-index-in-node=\"0\">&gt;= 20 kg<\/span><\/span><\/td>\n<\/tr>\n<tr>\n<td><span data-path-to-node=\"4,8,0,0\"><b data-path-to-node=\"4,8,0,0\" data-index-in-node=\"0\">Precis\u00e3o de Repeti\u00e7\u00e3o<\/b><\/span><\/td>\n<td><span data-path-to-node=\"4,8,1,0\"><span class=\"math-inline\" data-math=\"0.1^\\circ\" data-index-in-node=\"0\">0,1\u00ba<\/span><\/span><\/td>\n<\/tr>\n<tr>\n<td><span data-path-to-node=\"4,9,0,0\"><b data-path-to-node=\"4,9,0,0\" data-index-in-node=\"0\">N\u00edvel de ru\u00eddo<\/b><\/span><\/td>\n<td><span data-path-to-node=\"4,9,1,0\"><span class=\"math-inline\" data-math=\"\\leq 50\\text{dB}\" data-index-in-node=\"0\">&lt;= 50dB<\/span>\u00a0(Mais silencioso que um escrit\u00f3rio t\u00edpico)<\/span><\/td>\n<\/tr>\n<\/tbody>\n<\/table>\n<p>&nbsp;<\/p>\n<h2 data-path-to-node=\"6\">Por que o Revo2 Basic se destaca<\/h2>\n<ul data-path-to-node=\"7\">\n<li>\n<p id=\"p-rc_bfe0e0fd141a36db-40\" data-path-to-node=\"7,0,0\"><b data-path-to-node=\"7,0,0\" data-index-in-node=\"0\"><span class=\"citation-61\">Design em escala humana:<\/span><\/b><span class=\"citation-61 citation-end-61\"> Com 16 cm de comprimento, a m\u00e3o tem um tamanho compar\u00e1vel ao de uma m\u00e3o feminina adulta m\u00e9dia, tornando-a ideal para interagir com ferramentas e ambientes projetados para humanos.<\/span><\/p>\n<\/li>\n<li>\n<p id=\"p-rc_bfe0e0fd141a36db-41\" data-path-to-node=\"7,1,0\"><b data-path-to-node=\"7,1,0\" data-index-in-node=\"0\">Rela\u00e7\u00e3o peso-resist\u00eancia l\u00edder do setor:<\/b><span class=\"citation-60 citation-end-60\"> Apesar de pesar apenas 383g, ele consegue levantar uma carga \u00fatil de 20kg (como uma jarra de \u00e1gua cheia de escrit\u00f3rio).<\/span> <span class=\"citation-59 citation-end-59\">Essa alta efici\u00eancia \u00e9 alcan\u00e7ada por meio de alum\u00ednio de grau aeroespacial e pl\u00e1sticos de qualidade alimentar.<\/span><\/p>\n<\/li>\n<li>\n<p id=\"p-rc_bfe0e0fd141a36db-42\" data-path-to-node=\"7,2,0\"><b data-path-to-node=\"7,2,0\" data-index-in-node=\"0\"><span class=\"citation-58\">Controle de precis\u00e3o:<\/span><\/b><span class=\"citation-58\"> Possui uma precis\u00e3o submilim\u00e9trica de <\/span><b data-path-to-node=\"7,2,0\" data-index-in-node=\"61\"><span class=\"citation-58\">0,1 mm<\/span><\/b><span class=\"citation-58\"> e um tempo de resposta r\u00e1pido, abrindo ou fechando em menos de <\/span><b data-path-to-node=\"7,2,0\" data-index-in-node=\"126\"><span class=\"citation-58\">0,65 segundos<\/span><\/b><span class=\"citation-58 citation-end-58\">.<\/span><\/p>\n<\/li>\n<li>\n<p id=\"p-rc_bfe0e0fd141a36db-43\" data-path-to-node=\"7,3,0\"><b data-path-to-node=\"7,3,0\" data-index-in-node=\"0\">Ampla compatibilidade:<\/b><span class=\"citation-57\"> O Revo2 Basic \u00e9 frequentemente usado com plataformas humanoides avan\u00e7adas, como o <\/span><b data-path-to-node=\"7,3,0\" data-index-in-node=\"98\"><span class=\"citation-57\">Unitree G1<\/span><\/b><span class=\"citation-57\"> e <\/span><b data-path-to-node=\"7,3,0\" data-index-in-node=\"113\"><span class=\"citation-57\">H2<\/span><\/b><span class=\"citation-57 citation-end-57\">.<\/span> <span class=\"citation-56\">Ele suporta protocolos de comunica\u00e7\u00e3o padr\u00e3o como <\/span><b data-path-to-node=\"7,3,0\" data-index-in-node=\"167\"><span class=\"citation-56\">RS485<\/span><\/b><span class=\"citation-56\"> e <\/span><b data-path-to-node=\"7,3,0\" data-index-in-node=\"177\"><span class=\"citation-56\">CANfd<\/span><\/b><span class=\"citation-56 citation-end-56\">.<\/span><\/p>\n<\/li>\n<li>\n<p id=\"p-rc_bfe0e0fd141a36db-44\" data-path-to-node=\"7,4,0\"><b data-path-to-node=\"7,4,0\" data-index-in-node=\"0\">Amig\u00e1vel para desenvolvedores:<\/b><span class=\"citation-55 citation-end-55\"> A BrainCo oferece um SDK completo (com suporte para Python e C++) e \u00e9 compat\u00edvel com Linux, Windows e ROS (Robot Operating System).<\/span><\/p>\n<\/li>\n<\/ul>\n<h3 data-path-to-node=\"8\">Diferen\u00e7as em rela\u00e7\u00e3o aos modelos Pro\/Touch<\/h3>\n<p data-path-to-node=\"9\">O <b data-path-to-node=\"9\" data-index-in-node=\"4\">B\u00e1sico<\/b> Esta vers\u00e3o foca-se no movimento e na for\u00e7a. Ao contr\u00e1rio da <i data-path-to-node=\"9\" data-index-in-node=\"63\">Revo2 Touch<\/i>, sim, faz <b data-path-to-node=\"9\" data-index-in-node=\"84\">n\u00e3o<\/b> Inclui o sistema de sensoriamento t\u00e1til 3D multimodal (que permite que um rob\u00f4 &quot;sinta&quot; textura e press\u00e3o). \u00c9 destinado a usu\u00e1rios que precisam de destreza mec\u00e2nica sem o custo ou a complexidade adicionais do feedback t\u00e1til integrado.<\/p>","protected":false},"excerpt":{"rendered":"<p data-path-to-node=\"0\"><span class=\"citation-64\">O <\/span><b data-path-to-node=\"0\" data-index-in-node=\"4\"><span class=\"citation-64\">BrainCo Revo2 B\u00e1sico<\/span><\/b><span class=\"citation-64 citation-end-64\"> \u00c9 uma m\u00e3o bi\u00f4nica ultraleve e de alta precis\u00e3o, projetada para rob\u00f3tica humanoide, pesquisa e automa\u00e7\u00e3o avan\u00e7ada.<\/span> <span class=\"citation-63 citation-end-63\">Embora a BrainCo seja famosa por suas pr\u00f3teses m\u00e9dicas, a s\u00e9rie Revo2 representa sua expans\u00e3o estrat\u00e9gica para a &quot;intelig\u00eancia incorporada&quot;, fornecendo aos rob\u00f4s capacidades de manipula\u00e7\u00e3o semelhantes \u00e0s humanas.<\/span><\/p>\n<p id=\"p-rc_bfe0e0fd141a36db-39\" data-path-to-node=\"1\"><span class=\"citation-62\">O <\/span><b data-path-to-node=\"1\" data-index-in-node=\"4\"><span class=\"citation-62\">B\u00e1sico<\/span><\/b><span class=\"citation-62 citation-end-62\"> Esta vers\u00e3o serve como modelo fundamental na linha Revo2, priorizando a agilidade mec\u00e2nica e o desempenho leve.<\/span><\/p>","protected":false},"featured_media":24260,"comment_status":"open","ping_status":"closed","template":"","meta":[],"product_brand":[1383],"product_cat":[1041,1382,1381,1037],"product_tag":[],"class_list":{"0":"post-24259","1":"product","2":"type-product","3":"status-publish","4":"has-post-thumbnail","6":"product_brand-brainco","7":"product_cat-arms-grippers","8":"product_cat-bionic-dexterous-hands","9":"product_cat-brainco","10":"product_cat-robotics","12":"first","13":"onbackorder","14":"taxable","15":"shipping-taxable","16":"purchasable","17":"product-type-simple"},"yoast_head":"<!-- This site is optimized with the Yoast SEO plugin v27.1.1 - https:\/\/yoast.com\/product\/yoast-seo-wordpress\/ -->\n<title>BrainCo Revo2 Basic - Ghostysky<\/title>\n<meta name=\"description\" content=\"The BrainCo Revo2 Basic is an ultra-lightweight, high-precision bionic dexterous hand designed for humanoid robotics, research, and advanced automation. While BrainCo is famous for its medical prosthetics, the Revo2 series represents their strategic expansion into &quot;embodied intelligence,&quot; providing robots with human-like manipulation capabilities.The Basic version serves as the foundational model in the Revo2 lineup, prioritizing mechanical dexterity and lightweight performance.\" \/>\n<meta name=\"robots\" content=\"index, follow, max-snippet:-1, max-image-preview:large, max-video-preview:-1\" \/>\n<link rel=\"canonical\" href=\"https:\/\/www.ghostysky.com\/pt\/produto-2\/brainco-revo2-basic\/\" \/>\n<meta property=\"og:locale\" content=\"pt_PT\" \/>\n<meta property=\"og:type\" content=\"article\" \/>\n<meta property=\"og:title\" content=\"BrainCo Revo2 Basic - Ghostysky\" \/>\n<meta property=\"og:description\" content=\"The BrainCo Revo2 Basic is an ultra-lightweight, high-precision bionic dexterous hand designed for humanoid robotics, research, and advanced automation. While BrainCo is famous for its medical prosthetics, the Revo2 series represents their strategic expansion into &quot;embodied intelligence,&quot; providing robots with human-like manipulation capabilities.The Basic version serves as the foundational model in the Revo2 lineup, prioritizing mechanical dexterity and lightweight performance.\" \/>\n<meta property=\"og:url\" content=\"https:\/\/www.ghostysky.com\/pt\/produto-2\/brainco-revo2-basic\/\" \/>\n<meta property=\"og:site_name\" content=\"Ghostysky\" \/>\n<meta property=\"article:publisher\" content=\"https:\/\/www.facebook.com\/people\/Ghostysky\/100057676170234\/\" \/>\n<meta property=\"article:modified_time\" content=\"2026-02-24T15:52:42+00:00\" \/>\n<meta property=\"og:image\" content=\"https:\/\/www.ghostysky.com\/wp-content\/uploads\/2026\/02\/GH_Brainco_Revo2_Basic_1.jpg\" \/>\n\t<meta property=\"og:image:width\" content=\"700\" \/>\n\t<meta property=\"og:image:height\" content=\"700\" \/>\n\t<meta property=\"og:image:type\" content=\"image\/jpeg\" \/>\n<meta name=\"twitter:card\" content=\"summary_large_image\" \/>\n<meta name=\"twitter:site\" content=\"@Gh0stysky\" \/>\n<meta name=\"twitter:label1\" content=\"Tempo estimado de leitura\" \/>\n\t<meta name=\"twitter:data1\" content=\"2 minutos\" \/>\n<script type=\"application\/ld+json\" class=\"yoast-schema-graph\">{\"@context\":\"https:\/\/schema.org\",\"@graph\":[{\"@type\":\"WebPage\",\"@id\":\"https:\/\/www.ghostysky.com\/product\/brainco-revo2-basic\/\",\"url\":\"https:\/\/www.ghostysky.com\/product\/brainco-revo2-basic\/\",\"name\":\"BrainCo Revo2 Basic - Ghostysky\",\"isPartOf\":{\"@id\":\"https:\/\/www.ghostysky.com\/#website\"},\"primaryImageOfPage\":{\"@id\":\"https:\/\/www.ghostysky.com\/product\/brainco-revo2-basic\/#primaryimage\"},\"image\":{\"@id\":\"https:\/\/www.ghostysky.com\/product\/brainco-revo2-basic\/#primaryimage\"},\"thumbnailUrl\":\"https:\/\/www.ghostysky.com\/wp-content\/uploads\/2026\/02\/GH_Brainco_Revo2_Basic_1.jpg\",\"datePublished\":\"2026-02-24T15:52:00+00:00\",\"dateModified\":\"2026-02-24T15:52:42+00:00\",\"description\":\"The BrainCo Revo2 Basic is an ultra-lightweight, high-precision bionic dexterous hand designed for humanoid robotics, research, and advanced automation. While BrainCo is famous for its medical prosthetics, the Revo2 series represents their strategic expansion into \\\"embodied intelligence,\\\" providing robots with human-like manipulation capabilities.The Basic version serves as the foundational model in the Revo2 lineup, prioritizing mechanical dexterity and lightweight performance.\",\"breadcrumb\":{\"@id\":\"https:\/\/www.ghostysky.com\/product\/brainco-revo2-basic\/#breadcrumb\"},\"inLanguage\":\"pt-PT\",\"potentialAction\":[{\"@type\":\"ReadAction\",\"target\":[\"https:\/\/www.ghostysky.com\/product\/brainco-revo2-basic\/\"]}]},{\"@type\":\"ImageObject\",\"inLanguage\":\"pt-PT\",\"@id\":\"https:\/\/www.ghostysky.com\/product\/brainco-revo2-basic\/#primaryimage\",\"url\":\"https:\/\/www.ghostysky.com\/wp-content\/uploads\/2026\/02\/GH_Brainco_Revo2_Basic_1.jpg\",\"contentUrl\":\"https:\/\/www.ghostysky.com\/wp-content\/uploads\/2026\/02\/GH_Brainco_Revo2_Basic_1.jpg\",\"width\":700,\"height\":700},{\"@type\":\"BreadcrumbList\",\"@id\":\"https:\/\/www.ghostysky.com\/product\/brainco-revo2-basic\/#breadcrumb\",\"itemListElement\":[{\"@type\":\"ListItem\",\"position\":1,\"name\":\"Home\",\"item\":\"https:\/\/www.ghostysky.com\/\"},{\"@type\":\"ListItem\",\"position\":2,\"name\":\"Shop\",\"item\":\"https:\/\/www.ghostysky.com\/shop\/\"},{\"@type\":\"ListItem\",\"position\":3,\"name\":\"BrainCo Revo2 Basic\"}]},{\"@type\":\"WebSite\",\"@id\":\"https:\/\/www.ghostysky.com\/#website\",\"url\":\"https:\/\/www.ghostysky.com\/\",\"name\":\"Ghostysky\",\"description\":\"Delivering professional drones and services\",\"publisher\":{\"@id\":\"https:\/\/www.ghostysky.com\/#organization\"},\"potentialAction\":[{\"@type\":\"SearchAction\",\"target\":{\"@type\":\"EntryPoint\",\"urlTemplate\":\"https:\/\/www.ghostysky.com\/?s={search_term_string}\"},\"query-input\":{\"@type\":\"PropertyValueSpecification\",\"valueRequired\":true,\"valueName\":\"search_term_string\"}}],\"inLanguage\":\"pt-PT\"},{\"@type\":\"Organization\",\"@id\":\"https:\/\/www.ghostysky.com\/#organization\",\"name\":\"Ghostysky\",\"url\":\"https:\/\/www.ghostysky.com\/\",\"logo\":{\"@type\":\"ImageObject\",\"inLanguage\":\"pt-PT\",\"@id\":\"https:\/\/www.ghostysky.com\/#\/schema\/logo\/image\/\",\"url\":\"https:\/\/www.ghostysky.com\/wp-content\/uploads\/2020\/06\/cropped-ghostyskylogo_text_white2.png\",\"contentUrl\":\"https:\/\/www.ghostysky.com\/wp-content\/uploads\/2020\/06\/cropped-ghostyskylogo_text_white2.png\",\"width\":169,\"height\":56,\"caption\":\"Ghostysky\"},\"image\":{\"@id\":\"https:\/\/www.ghostysky.com\/#\/schema\/logo\/image\/\"},\"sameAs\":[\"https:\/\/www.facebook.com\/people\/Ghostysky\/100057676170234\/\",\"https:\/\/x.com\/Gh0stysky\",\"https:\/\/www.linkedin.com\/company\/34739653\",\"https:\/\/www.instagram.com\/gh0stysky\"]}]}<\/script>\n<!-- \/ Yoast SEO plugin. -->","yoast_head_json":{"title":"BrainCo Revo2 B\u00e1sico - Ghostysky","description":"A BrainCo Revo2 Basic \u00e9 uma m\u00e3o bi\u00f4nica ultraleve e de alta precis\u00e3o, projetada para rob\u00f3tica humanoide, pesquisa e automa\u00e7\u00e3o avan\u00e7ada. Embora a BrainCo seja famosa por suas pr\u00f3teses m\u00e9dicas, a s\u00e9rie Revo2 representa sua expans\u00e3o estrat\u00e9gica para a &quot;intelig\u00eancia incorporada&quot;, fornecendo aos rob\u00f4s capacidades de manipula\u00e7\u00e3o semelhantes \u00e0s humanas. A vers\u00e3o Basic serve como modelo fundamental na linha Revo2, priorizando a destreza mec\u00e2nica e o desempenho leve.","robots":{"index":"index","follow":"follow","max-snippet":"max-snippet:-1","max-image-preview":"max-image-preview:large","max-video-preview":"max-video-preview:-1"},"canonical":"https:\/\/www.ghostysky.com\/pt\/produto-2\/brainco-revo2-basic\/","og_locale":"pt_PT","og_type":"article","og_title":"BrainCo Revo2 Basic - Ghostysky","og_description":"The BrainCo Revo2 Basic is an ultra-lightweight, high-precision bionic dexterous hand designed for humanoid robotics, research, and advanced automation. While BrainCo is famous for its medical prosthetics, the Revo2 series represents their strategic expansion into \"embodied intelligence,\" providing robots with human-like manipulation capabilities.The Basic version serves as the foundational model in the Revo2 lineup, prioritizing mechanical dexterity and lightweight performance.","og_url":"https:\/\/www.ghostysky.com\/pt\/produto-2\/brainco-revo2-basic\/","og_site_name":"Ghostysky","article_publisher":"https:\/\/www.facebook.com\/people\/Ghostysky\/100057676170234\/","article_modified_time":"2026-02-24T15:52:42+00:00","og_image":[{"width":700,"height":700,"url":"https:\/\/www.ghostysky.com\/wp-content\/uploads\/2026\/02\/GH_Brainco_Revo2_Basic_1.jpg","type":"image\/jpeg"}],"twitter_card":"summary_large_image","twitter_site":"@Gh0stysky","twitter_misc":{"Tempo estimado de leitura":"2 minutos"},"schema":{"@context":"https:\/\/schema.org","@graph":[{"@type":"WebPage","@id":"https:\/\/www.ghostysky.com\/product\/brainco-revo2-basic\/","url":"https:\/\/www.ghostysky.com\/product\/brainco-revo2-basic\/","name":"BrainCo Revo2 B\u00e1sico - Ghostysky","isPartOf":{"@id":"https:\/\/www.ghostysky.com\/#website"},"primaryImageOfPage":{"@id":"https:\/\/www.ghostysky.com\/product\/brainco-revo2-basic\/#primaryimage"},"image":{"@id":"https:\/\/www.ghostysky.com\/product\/brainco-revo2-basic\/#primaryimage"},"thumbnailUrl":"https:\/\/www.ghostysky.com\/wp-content\/uploads\/2026\/02\/GH_Brainco_Revo2_Basic_1.jpg","datePublished":"2026-02-24T15:52:00+00:00","dateModified":"2026-02-24T15:52:42+00:00","description":"A BrainCo Revo2 Basic \u00e9 uma m\u00e3o bi\u00f4nica ultraleve e de alta precis\u00e3o, projetada para rob\u00f3tica humanoide, pesquisa e automa\u00e7\u00e3o avan\u00e7ada. Embora a BrainCo seja famosa por suas pr\u00f3teses m\u00e9dicas, a s\u00e9rie Revo2 representa sua expans\u00e3o estrat\u00e9gica para a &quot;intelig\u00eancia incorporada&quot;, fornecendo aos rob\u00f4s capacidades de manipula\u00e7\u00e3o semelhantes \u00e0s humanas. A vers\u00e3o Basic serve como modelo fundamental na linha Revo2, priorizando a destreza mec\u00e2nica e o desempenho leve.","breadcrumb":{"@id":"https:\/\/www.ghostysky.com\/product\/brainco-revo2-basic\/#breadcrumb"},"inLanguage":"pt-PT","potentialAction":[{"@type":"ReadAction","target":["https:\/\/www.ghostysky.com\/product\/brainco-revo2-basic\/"]}]},{"@type":"ImageObject","inLanguage":"pt-PT","@id":"https:\/\/www.ghostysky.com\/product\/brainco-revo2-basic\/#primaryimage","url":"https:\/\/www.ghostysky.com\/wp-content\/uploads\/2026\/02\/GH_Brainco_Revo2_Basic_1.jpg","contentUrl":"https:\/\/www.ghostysky.com\/wp-content\/uploads\/2026\/02\/GH_Brainco_Revo2_Basic_1.jpg","width":700,"height":700},{"@type":"BreadcrumbList","@id":"https:\/\/www.ghostysky.com\/product\/brainco-revo2-basic\/#breadcrumb","itemListElement":[{"@type":"ListItem","position":1,"name":"Home","item":"https:\/\/www.ghostysky.com\/"},{"@type":"ListItem","position":2,"name":"Shop","item":"https:\/\/www.ghostysky.com\/shop\/"},{"@type":"ListItem","position":3,"name":"BrainCo Revo2 Basic"}]},{"@type":"WebSite","@id":"https:\/\/www.ghostysky.com\/#website","url":"https:\/\/www.ghostysky.com\/","name":"Ghostysky","description":"Fornecendo drones e servi\u00e7os profissionais","publisher":{"@id":"https:\/\/www.ghostysky.com\/#organization"},"potentialAction":[{"@type":"SearchAction","target":{"@type":"EntryPoint","urlTemplate":"https:\/\/www.ghostysky.com\/?s={search_term_string}"},"query-input":{"@type":"PropertyValueSpecification","valueRequired":true,"valueName":"search_term_string"}}],"inLanguage":"pt-PT"},{"@type":"Organization","@id":"https:\/\/www.ghostysky.com\/#organization","name":"Ghostysky","url":"https:\/\/www.ghostysky.com\/","logo":{"@type":"ImageObject","inLanguage":"pt-PT","@id":"https:\/\/www.ghostysky.com\/#\/schema\/logo\/image\/","url":"https:\/\/www.ghostysky.com\/wp-content\/uploads\/2020\/06\/cropped-ghostyskylogo_text_white2.png","contentUrl":"https:\/\/www.ghostysky.com\/wp-content\/uploads\/2020\/06\/cropped-ghostyskylogo_text_white2.png","width":169,"height":56,"caption":"Ghostysky"},"image":{"@id":"https:\/\/www.ghostysky.com\/#\/schema\/logo\/image\/"},"sameAs":["https:\/\/www.facebook.com\/people\/Ghostysky\/100057676170234\/","https:\/\/x.com\/Gh0stysky","https:\/\/www.linkedin.com\/company\/34739653","https:\/\/www.instagram.com\/gh0stysky"]}]}},"_links":{"self":[{"href":"https:\/\/www.ghostysky.com\/pt\/wp-json\/wp\/v2\/product\/24259","targetHints":{"allow":["GET"]}}],"collection":[{"href":"https:\/\/www.ghostysky.com\/pt\/wp-json\/wp\/v2\/product"}],"about":[{"href":"https:\/\/www.ghostysky.com\/pt\/wp-json\/wp\/v2\/types\/product"}],"replies":[{"embeddable":true,"href":"https:\/\/www.ghostysky.com\/pt\/wp-json\/wp\/v2\/comments?post=24259"}],"wp:featuredmedia":[{"embeddable":true,"href":"https:\/\/www.ghostysky.com\/pt\/wp-json\/wp\/v2\/media\/24260"}],"wp:attachment":[{"href":"https:\/\/www.ghostysky.com\/pt\/wp-json\/wp\/v2\/media?parent=24259"}],"wp:term":[{"taxonomy":"product_brand","embeddable":true,"href":"https:\/\/www.ghostysky.com\/pt\/wp-json\/wp\/v2\/product_brand?post=24259"},{"taxonomy":"product_cat","embeddable":true,"href":"https:\/\/www.ghostysky.com\/pt\/wp-json\/wp\/v2\/product_cat?post=24259"},{"taxonomy":"product_tag","embeddable":true,"href":"https:\/\/www.ghostysky.com\/pt\/wp-json\/wp\/v2\/product_tag?post=24259"}],"curies":[{"name":"wp","href":"https:\/\/api.w.org\/{rel}","templated":true}]}}