{"id":24263,"date":"2026-02-24T16:00:17","date_gmt":"2026-02-24T16:00:17","guid":{"rendered":"https:\/\/www.ghostysky.com\/?post_type=product&#038;p=24263"},"modified":"2026-02-24T16:07:24","modified_gmt":"2026-02-24T16:07:24","slug":"brainco-revo2-pro","status":"publish","type":"product","link":"https:\/\/www.ghostysky.com\/pt\/product\/brainco-revo2-pro\/","title":{"rendered":"BrainCo Revo2 Pro"},"content":{"rendered":"<h3 data-path-to-node=\"3\">Principais especifica\u00e7\u00f5es e desempenho<\/h3>\n<p id=\"p-rc_740d76bce5fe805c-47\" data-path-to-node=\"4\"><span class=\"citation-88 citation-end-88\">O Revo2 Pro se destaca por sua excepcional rela\u00e7\u00e3o pot\u00eancia\/peso, capaz de lidar com cargas de n\u00edvel industrial pesando menos de meio quilo.<\/span><\/p>\n<table data-path-to-node=\"5\">\n<thead>\n<tr>\n<td><strong>Recurso<\/strong><\/td>\n<td><strong>Especifica\u00e7\u00f5es<\/strong><\/td>\n<\/tr>\n<\/thead>\n<tbody>\n<tr>\n<td><span data-path-to-node=\"5,1,0,0\"><b data-path-to-node=\"5,1,0,0\" data-index-in-node=\"0\">Peso<\/b><\/span><\/td>\n<td><span data-path-to-node=\"5,1,1,0\">383g (Peso aproximado de 6 ovos)<\/span><\/td>\n<\/tr>\n<tr>\n<td><span data-path-to-node=\"5,2,0,0\"><b data-path-to-node=\"5,2,0,0\" data-index-in-node=\"0\">For\u00e7a de ader\u00eancia<\/b><\/span><\/td>\n<td><span data-path-to-node=\"5,2,1,0\"><span class=\"math-inline\" data-math=\"\\geq 50\" data-index-in-node=\"0\">&lt;= 50<\/span>\u00a0N (Aperto de Poder)<\/span><\/td>\n<\/tr>\n<tr>\n<td><span data-path-to-node=\"5,3,0,0\"><b data-path-to-node=\"5,3,0,0\" data-index-in-node=\"0\">Capacidade de carga \u00fatil<\/b><\/span><\/td>\n<td><span data-path-to-node=\"5,3,1,0\">20 kg (Carga Est\u00e1tica)<\/span><\/td>\n<\/tr>\n<tr>\n<td><span data-path-to-node=\"5,4,0,0\"><b data-path-to-node=\"5,4,0,0\" data-index-in-node=\"0\">Precis\u00e3o<\/b><\/span><\/td>\n<td><span data-path-to-node=\"5,4,1,0\">0,1 mm (Repetibilidade submilim\u00e9trica)<\/span><\/td>\n<\/tr>\n<tr>\n<td><span data-path-to-node=\"5,5,0,0\"><b data-path-to-node=\"5,5,0,0\" data-index-in-node=\"0\">Graus de Liberdade<\/b><\/span><\/td>\n<td><span data-path-to-node=\"5,5,1,0\">11 articula\u00e7\u00f5es (6 ativas)<\/span><\/td>\n<\/tr>\n<tr>\n<td><span data-path-to-node=\"5,6,0,0\"><b data-path-to-node=\"5,6,0,0\" data-index-in-node=\"0\">Ru\u00eddo de funcionamento<\/b><\/span><\/td>\n<td><span data-path-to-node=\"5,6,1,0\"><span class=\"math-inline\" data-math=\"\\leq 50\" data-index-in-node=\"0\">&lt;= 50<\/span>\u00a0dB (Mais silencioso que um escrit\u00f3rio t\u00edpico)<\/span><\/td>\n<\/tr>\n<\/tbody>\n<\/table>\n<p>&nbsp;<\/p>\n<h3 data-path-to-node=\"7\">Caracter\u00edsticas de destaque<\/h3>\n<ul data-path-to-node=\"8\">\n<li>\n<p id=\"p-rc_740d76bce5fe805c-48\" data-path-to-node=\"8,0,0\"><b data-path-to-node=\"8,0,0\" data-index-in-node=\"0\"><span class=\"citation-87\">Ergonomia em escala humana:<\/span><\/b><span class=\"citation-87 citation-end-87\"> Com 16 cm de comprimento, a m\u00e3o foi modelada segundo as dimens\u00f5es de uma m\u00e3o feminina adulta m\u00e9dia, garantindo que possa utilizar ferramentas e luvas padr\u00e3o (incluindo luvas anti-perfura\u00e7\u00e3o e luvas industriais).<\/span><\/p>\n<\/li>\n<li>\n<p id=\"p-rc_740d76bce5fe805c-49\" data-path-to-node=\"8,1,0\"><b data-path-to-node=\"8,1,0\" data-index-in-node=\"0\"><span class=\"citation-86\">Algoritmos de controle avan\u00e7ados:<\/span><\/b><span class=\"citation-86\"> A vers\u00e3o \u201cPro\u201d oferece suporte a modos de controle sofisticados, incluindo <\/span><b data-path-to-node=\"8,1,0\" data-index-in-node=\"95\"><span class=\"citation-86\">Controle de posi\u00e7\u00e3o, velocidade e corrente<\/span><\/b><span class=\"citation-86\">, ao lado de <\/span><b data-path-to-node=\"8,1,0\" data-index-in-node=\"143\"><span class=\"citation-86\">Controle adaptativo de imped\u00e2ncia e conformidade<\/span><\/b><span class=\"citation-86 citation-end-86\">.<\/span> Isso permite que a m\u00e3o interaja &quot;suavemente&quot; com objetos fr\u00e1geis ou ambientes r\u00edgidos.<\/p>\n<\/li>\n<li>\n<p id=\"p-rc_740d76bce5fe805c-50\" data-path-to-node=\"8,2,0\"><b data-path-to-node=\"8,2,0\" data-index-in-node=\"0\"><span class=\"citation-85\">Conectividade robusta:<\/span><\/b><span class=\"citation-85\"> Projetado para integra\u00e7\u00e3o perfeita em plataformas de pesquisa (como o Unitree G1), ele oferece suporte a <\/span><b data-path-to-node=\"8,2,0\" data-index-in-node=\"114\"><span class=\"citation-85\">EtherCAT<\/span><\/b><span class=\"citation-85 citation-end-85\">, Protocolos de comunica\u00e7\u00e3o CANfd e RS485 com uma ampla faixa de tens\u00e3o (9-64V).<\/span><\/p>\n<\/li>\n<li>\n<p id=\"p-rc_740d76bce5fe805c-51\" data-path-to-node=\"8,3,0\"><b data-path-to-node=\"8,3,0\" data-index-in-node=\"0\">Durabilidade extrema:<\/b> A s\u00e9rie Revo2 foi projetada para resistir a condi\u00e7\u00f5es extremas. <span class=\"citation-84 citation-end-84\">Em testes de resist\u00eancia, a m\u00e3o permaneceu funcional ap\u00f3s ser derrubada de uma altura de 5 metros e at\u00e9 mesmo atropelada por um SUV de 2 toneladas.<\/span><\/p>\n<\/li>\n<\/ul>\n<h3 data-path-to-node=\"9\">\u201cPro\u201d vs. \u201cB\u00e1sico\u201d vs. \u201cTouch\u201d<\/h3>\n<p id=\"p-rc_740d76bce5fe805c-52\" data-path-to-node=\"10\"><span class=\"citation-83\">Enquanto o <\/span><b data-path-to-node=\"10\" data-index-in-node=\"10\"><span class=\"citation-83\">B\u00e1sico<\/span><\/b><span class=\"citation-83\"> O modelo proporciona a destreza mec\u00e2nica essencial, o <\/span><b data-path-to-node=\"10\" data-index-in-node=\"71\"><span class=\"citation-83\">Pr\u00f3<\/span><\/b><span class=\"citation-83\"> Adiciona compatibilidade com tens\u00f5es mais altas (at\u00e9 64V) e <\/span><b data-path-to-node=\"10\" data-index-in-node=\"125\"><span class=\"citation-83\">EtherCAT<\/span><\/b><span class=\"citation-83 citation-end-83\"> Suporte para integra\u00e7\u00e3o rob\u00f3tica de alta velocidade.<\/span> Observe que o <b data-path-to-node=\"10\" data-index-in-node=\"192\">Tocar<\/b> Este modelo \u00e9 a vers\u00e3o especializada que inclui sensores t\u00e1teis multimodais 3D para percep\u00e7\u00e3o de textura e press\u00e3o.<\/p>","protected":false},"excerpt":{"rendered":"<p data-path-to-node=\"0\"><span class=\"citation-90\">O <\/span><b data-path-to-node=\"0\" data-index-in-node=\"4\"><span class=\"citation-90\">BrainCo Revo2 Pro<\/span><\/b><span class=\"citation-90 citation-end-90\"> \u00c9 uma m\u00e3o bi\u00f4nica de \u00faltima gera\u00e7\u00e3o, projetada para preencher a lacuna entre a rob\u00f3tica de alto desempenho e a intui\u00e7\u00e3o humana.<\/span> Baseado na s\u00f3lida experi\u00eancia da BrainCo em tecnologia de interface c\u00e9rebro-computador (BCI), o Revo2 Pro foi projetado tanto para rob\u00f3tica humanoide avan\u00e7ada quanto para pesquisa sofisticada em pr\u00f3teses.<\/p>\n<p id=\"p-rc_740d76bce5fe805c-46\" data-path-to-node=\"1\"><span class=\"citation-89 citation-end-89\">Caracteriza-se pela sua filosofia de design de &quot;subtra\u00e7\u00e3o ao n\u00edvel do mil\u00edmetro&quot;, alcan\u00e7ando uma leveza l\u00edder na ind\u00fastria sem sacrificar a pot\u00eancia necess\u00e1ria para tarefas do mundo real.<\/span><\/p>","protected":false},"featured_media":24260,"comment_status":"open","ping_status":"closed","template":"","meta":[],"product_brand":[1383],"product_cat":[1041,1382,1381,1037],"product_tag":[],"class_list":{"0":"post-24263","1":"product","2":"type-product","3":"status-publish","4":"has-post-thumbnail","6":"product_brand-brainco","7":"product_cat-arms-grippers","8":"product_cat-bionic-dexterous-hands","9":"product_cat-brainco","10":"product_cat-robotics","12":"first","13":"onbackorder","14":"taxable","15":"shipping-taxable","16":"purchasable","17":"product-type-simple"},"yoast_head":"<!-- This site is optimized with the Yoast SEO plugin v27.1.1 - https:\/\/yoast.com\/product\/yoast-seo-wordpress\/ -->\n<title>BrainCo Revo2 Pro - Ghostysky<\/title>\n<meta name=\"description\" content=\"The BrainCo Revo2 Pro is a next-generation bionic dexterous hand designed to bridge the gap between high-performance robotics and human-like intuition. Building on BrainCo\u2019s foundation in brain-computer interface (BCI) technology, the Revo2 Pro is engineered for both advanced humanoid robotics and sophisticated prosthetic research.It is characterized by its &quot;millimeter-level subtraction&quot; design philosophy\u2014achieving industry-leading lightness without sacrificing the power needed for real-world tasks.\" \/>\n<meta name=\"robots\" content=\"index, follow, max-snippet:-1, max-image-preview:large, max-video-preview:-1\" \/>\n<link rel=\"canonical\" href=\"https:\/\/www.ghostysky.com\/pt\/produto-2\/brainco-revo2-pro\/\" \/>\n<meta property=\"og:locale\" content=\"pt_PT\" \/>\n<meta property=\"og:type\" content=\"article\" \/>\n<meta property=\"og:title\" content=\"BrainCo Revo2 Pro - Ghostysky\" \/>\n<meta property=\"og:description\" content=\"The BrainCo Revo2 Pro is a next-generation bionic dexterous hand designed to bridge the gap between high-performance robotics and human-like intuition. Building on BrainCo\u2019s foundation in brain-computer interface (BCI) technology, the Revo2 Pro is engineered for both advanced humanoid robotics and sophisticated prosthetic research.It is characterized by its &quot;millimeter-level subtraction&quot; design philosophy\u2014achieving industry-leading lightness without sacrificing the power needed for real-world tasks.\" \/>\n<meta property=\"og:url\" content=\"https:\/\/www.ghostysky.com\/pt\/produto-2\/brainco-revo2-pro\/\" \/>\n<meta property=\"og:site_name\" content=\"Ghostysky\" \/>\n<meta property=\"article:publisher\" content=\"https:\/\/www.facebook.com\/people\/Ghostysky\/100057676170234\/\" \/>\n<meta property=\"article:modified_time\" content=\"2026-02-24T16:07:24+00:00\" \/>\n<meta property=\"og:image\" content=\"https:\/\/www.ghostysky.com\/wp-content\/uploads\/2026\/02\/GH_Brainco_Revo2_Basic_1.jpg\" \/>\n\t<meta property=\"og:image:width\" content=\"700\" \/>\n\t<meta property=\"og:image:height\" content=\"700\" \/>\n\t<meta property=\"og:image:type\" content=\"image\/jpeg\" \/>\n<meta name=\"twitter:card\" content=\"summary_large_image\" \/>\n<meta name=\"twitter:site\" content=\"@Gh0stysky\" \/>\n<meta name=\"twitter:label1\" content=\"Tempo estimado de leitura\" \/>\n\t<meta name=\"twitter:data1\" content=\"2 minutos\" \/>\n<script type=\"application\/ld+json\" class=\"yoast-schema-graph\">{\"@context\":\"https:\/\/schema.org\",\"@graph\":[{\"@type\":\"WebPage\",\"@id\":\"https:\/\/www.ghostysky.com\/product\/brainco-revo2-pro\/\",\"url\":\"https:\/\/www.ghostysky.com\/product\/brainco-revo2-pro\/\",\"name\":\"BrainCo Revo2 Pro - Ghostysky\",\"isPartOf\":{\"@id\":\"https:\/\/www.ghostysky.com\/#website\"},\"primaryImageOfPage\":{\"@id\":\"https:\/\/www.ghostysky.com\/product\/brainco-revo2-pro\/#primaryimage\"},\"image\":{\"@id\":\"https:\/\/www.ghostysky.com\/product\/brainco-revo2-pro\/#primaryimage\"},\"thumbnailUrl\":\"https:\/\/www.ghostysky.com\/wp-content\/uploads\/2026\/02\/GH_Brainco_Revo2_Basic_1.jpg\",\"datePublished\":\"2026-02-24T16:00:17+00:00\",\"dateModified\":\"2026-02-24T16:07:24+00:00\",\"description\":\"The BrainCo Revo2 Pro is a next-generation bionic dexterous hand designed to bridge the gap between high-performance robotics and human-like intuition. Building on BrainCo\u2019s foundation in brain-computer interface (BCI) technology, the Revo2 Pro is engineered for both advanced humanoid robotics and sophisticated prosthetic research.It is characterized by its \\\"millimeter-level subtraction\\\" design philosophy\u2014achieving industry-leading lightness without sacrificing the power needed for real-world tasks.\",\"breadcrumb\":{\"@id\":\"https:\/\/www.ghostysky.com\/product\/brainco-revo2-pro\/#breadcrumb\"},\"inLanguage\":\"pt-PT\",\"potentialAction\":[{\"@type\":\"ReadAction\",\"target\":[\"https:\/\/www.ghostysky.com\/product\/brainco-revo2-pro\/\"]}]},{\"@type\":\"ImageObject\",\"inLanguage\":\"pt-PT\",\"@id\":\"https:\/\/www.ghostysky.com\/product\/brainco-revo2-pro\/#primaryimage\",\"url\":\"https:\/\/www.ghostysky.com\/wp-content\/uploads\/2026\/02\/GH_Brainco_Revo2_Basic_1.jpg\",\"contentUrl\":\"https:\/\/www.ghostysky.com\/wp-content\/uploads\/2026\/02\/GH_Brainco_Revo2_Basic_1.jpg\",\"width\":700,\"height\":700},{\"@type\":\"BreadcrumbList\",\"@id\":\"https:\/\/www.ghostysky.com\/product\/brainco-revo2-pro\/#breadcrumb\",\"itemListElement\":[{\"@type\":\"ListItem\",\"position\":1,\"name\":\"Home\",\"item\":\"https:\/\/www.ghostysky.com\/\"},{\"@type\":\"ListItem\",\"position\":2,\"name\":\"Shop\",\"item\":\"https:\/\/www.ghostysky.com\/shop\/\"},{\"@type\":\"ListItem\",\"position\":3,\"name\":\"BrainCo Revo2 Pro\"}]},{\"@type\":\"WebSite\",\"@id\":\"https:\/\/www.ghostysky.com\/#website\",\"url\":\"https:\/\/www.ghostysky.com\/\",\"name\":\"Ghostysky\",\"description\":\"Delivering professional drones and services\",\"publisher\":{\"@id\":\"https:\/\/www.ghostysky.com\/#organization\"},\"potentialAction\":[{\"@type\":\"SearchAction\",\"target\":{\"@type\":\"EntryPoint\",\"urlTemplate\":\"https:\/\/www.ghostysky.com\/?s={search_term_string}\"},\"query-input\":{\"@type\":\"PropertyValueSpecification\",\"valueRequired\":true,\"valueName\":\"search_term_string\"}}],\"inLanguage\":\"pt-PT\"},{\"@type\":\"Organization\",\"@id\":\"https:\/\/www.ghostysky.com\/#organization\",\"name\":\"Ghostysky\",\"url\":\"https:\/\/www.ghostysky.com\/\",\"logo\":{\"@type\":\"ImageObject\",\"inLanguage\":\"pt-PT\",\"@id\":\"https:\/\/www.ghostysky.com\/#\/schema\/logo\/image\/\",\"url\":\"https:\/\/www.ghostysky.com\/wp-content\/uploads\/2020\/06\/cropped-ghostyskylogo_text_white2.png\",\"contentUrl\":\"https:\/\/www.ghostysky.com\/wp-content\/uploads\/2020\/06\/cropped-ghostyskylogo_text_white2.png\",\"width\":169,\"height\":56,\"caption\":\"Ghostysky\"},\"image\":{\"@id\":\"https:\/\/www.ghostysky.com\/#\/schema\/logo\/image\/\"},\"sameAs\":[\"https:\/\/www.facebook.com\/people\/Ghostysky\/100057676170234\/\",\"https:\/\/x.com\/Gh0stysky\",\"https:\/\/www.linkedin.com\/company\/34739653\",\"https:\/\/www.instagram.com\/gh0stysky\"]}]}<\/script>\n<!-- \/ Yoast SEO plugin. -->","yoast_head_json":{"title":"BrainCo Revo2 Pro - Ghostysky","description":"A BrainCo Revo2 Pro \u00e9 uma m\u00e3o bi\u00f4nica de \u00faltima gera\u00e7\u00e3o, projetada para unir a rob\u00f3tica de alto desempenho \u00e0 intui\u00e7\u00e3o humana. Baseada na s\u00f3lida experi\u00eancia da BrainCo em tecnologia de interface c\u00e9rebro-computador (BCI), a Revo2 Pro foi desenvolvida tanto para rob\u00f3tica humanoide avan\u00e7ada quanto para pesquisas sofisticadas em pr\u00f3teses. Ela se caracteriza por sua filosofia de design de &quot;subtra\u00e7\u00e3o em n\u00edvel milim\u00e9trico&quot;, alcan\u00e7ando leveza incompar\u00e1vel sem sacrificar a pot\u00eancia necess\u00e1ria para tarefas do mundo real.","robots":{"index":"index","follow":"follow","max-snippet":"max-snippet:-1","max-image-preview":"max-image-preview:large","max-video-preview":"max-video-preview:-1"},"canonical":"https:\/\/www.ghostysky.com\/pt\/produto-2\/brainco-revo2-pro\/","og_locale":"pt_PT","og_type":"article","og_title":"BrainCo Revo2 Pro - Ghostysky","og_description":"The BrainCo Revo2 Pro is a next-generation bionic dexterous hand designed to bridge the gap between high-performance robotics and human-like intuition. Building on BrainCo\u2019s foundation in brain-computer interface (BCI) technology, the Revo2 Pro is engineered for both advanced humanoid robotics and sophisticated prosthetic research.It is characterized by its \"millimeter-level subtraction\" design philosophy\u2014achieving industry-leading lightness without sacrificing the power needed for real-world tasks.","og_url":"https:\/\/www.ghostysky.com\/pt\/produto-2\/brainco-revo2-pro\/","og_site_name":"Ghostysky","article_publisher":"https:\/\/www.facebook.com\/people\/Ghostysky\/100057676170234\/","article_modified_time":"2026-02-24T16:07:24+00:00","og_image":[{"width":700,"height":700,"url":"https:\/\/www.ghostysky.com\/wp-content\/uploads\/2026\/02\/GH_Brainco_Revo2_Basic_1.jpg","type":"image\/jpeg"}],"twitter_card":"summary_large_image","twitter_site":"@Gh0stysky","twitter_misc":{"Tempo estimado de leitura":"2 minutos"},"schema":{"@context":"https:\/\/schema.org","@graph":[{"@type":"WebPage","@id":"https:\/\/www.ghostysky.com\/product\/brainco-revo2-pro\/","url":"https:\/\/www.ghostysky.com\/product\/brainco-revo2-pro\/","name":"BrainCo Revo2 Pro - Ghostysky","isPartOf":{"@id":"https:\/\/www.ghostysky.com\/#website"},"primaryImageOfPage":{"@id":"https:\/\/www.ghostysky.com\/product\/brainco-revo2-pro\/#primaryimage"},"image":{"@id":"https:\/\/www.ghostysky.com\/product\/brainco-revo2-pro\/#primaryimage"},"thumbnailUrl":"https:\/\/www.ghostysky.com\/wp-content\/uploads\/2026\/02\/GH_Brainco_Revo2_Basic_1.jpg","datePublished":"2026-02-24T16:00:17+00:00","dateModified":"2026-02-24T16:07:24+00:00","description":"A BrainCo Revo2 Pro \u00e9 uma m\u00e3o bi\u00f4nica de \u00faltima gera\u00e7\u00e3o, projetada para unir a rob\u00f3tica de alto desempenho \u00e0 intui\u00e7\u00e3o humana. Baseada na s\u00f3lida experi\u00eancia da BrainCo em tecnologia de interface c\u00e9rebro-computador (BCI), a Revo2 Pro foi desenvolvida tanto para rob\u00f3tica humanoide avan\u00e7ada quanto para pesquisas sofisticadas em pr\u00f3teses. Ela se caracteriza por sua filosofia de design de &quot;subtra\u00e7\u00e3o em n\u00edvel milim\u00e9trico&quot;, alcan\u00e7ando leveza incompar\u00e1vel sem sacrificar a pot\u00eancia necess\u00e1ria para tarefas do mundo real.","breadcrumb":{"@id":"https:\/\/www.ghostysky.com\/product\/brainco-revo2-pro\/#breadcrumb"},"inLanguage":"pt-PT","potentialAction":[{"@type":"ReadAction","target":["https:\/\/www.ghostysky.com\/product\/brainco-revo2-pro\/"]}]},{"@type":"ImageObject","inLanguage":"pt-PT","@id":"https:\/\/www.ghostysky.com\/product\/brainco-revo2-pro\/#primaryimage","url":"https:\/\/www.ghostysky.com\/wp-content\/uploads\/2026\/02\/GH_Brainco_Revo2_Basic_1.jpg","contentUrl":"https:\/\/www.ghostysky.com\/wp-content\/uploads\/2026\/02\/GH_Brainco_Revo2_Basic_1.jpg","width":700,"height":700},{"@type":"BreadcrumbList","@id":"https:\/\/www.ghostysky.com\/product\/brainco-revo2-pro\/#breadcrumb","itemListElement":[{"@type":"ListItem","position":1,"name":"Home","item":"https:\/\/www.ghostysky.com\/"},{"@type":"ListItem","position":2,"name":"Shop","item":"https:\/\/www.ghostysky.com\/shop\/"},{"@type":"ListItem","position":3,"name":"BrainCo Revo2 Pro"}]},{"@type":"WebSite","@id":"https:\/\/www.ghostysky.com\/#website","url":"https:\/\/www.ghostysky.com\/","name":"Ghostysky","description":"Fornecendo drones e servi\u00e7os profissionais","publisher":{"@id":"https:\/\/www.ghostysky.com\/#organization"},"potentialAction":[{"@type":"SearchAction","target":{"@type":"EntryPoint","urlTemplate":"https:\/\/www.ghostysky.com\/?s={search_term_string}"},"query-input":{"@type":"PropertyValueSpecification","valueRequired":true,"valueName":"search_term_string"}}],"inLanguage":"pt-PT"},{"@type":"Organization","@id":"https:\/\/www.ghostysky.com\/#organization","name":"Ghostysky","url":"https:\/\/www.ghostysky.com\/","logo":{"@type":"ImageObject","inLanguage":"pt-PT","@id":"https:\/\/www.ghostysky.com\/#\/schema\/logo\/image\/","url":"https:\/\/www.ghostysky.com\/wp-content\/uploads\/2020\/06\/cropped-ghostyskylogo_text_white2.png","contentUrl":"https:\/\/www.ghostysky.com\/wp-content\/uploads\/2020\/06\/cropped-ghostyskylogo_text_white2.png","width":169,"height":56,"caption":"Ghostysky"},"image":{"@id":"https:\/\/www.ghostysky.com\/#\/schema\/logo\/image\/"},"sameAs":["https:\/\/www.facebook.com\/people\/Ghostysky\/100057676170234\/","https:\/\/x.com\/Gh0stysky","https:\/\/www.linkedin.com\/company\/34739653","https:\/\/www.instagram.com\/gh0stysky"]}]}},"_links":{"self":[{"href":"https:\/\/www.ghostysky.com\/pt\/wp-json\/wp\/v2\/product\/24263","targetHints":{"allow":["GET"]}}],"collection":[{"href":"https:\/\/www.ghostysky.com\/pt\/wp-json\/wp\/v2\/product"}],"about":[{"href":"https:\/\/www.ghostysky.com\/pt\/wp-json\/wp\/v2\/types\/product"}],"replies":[{"embeddable":true,"href":"https:\/\/www.ghostysky.com\/pt\/wp-json\/wp\/v2\/comments?post=24263"}],"wp:featuredmedia":[{"embeddable":true,"href":"https:\/\/www.ghostysky.com\/pt\/wp-json\/wp\/v2\/media\/24260"}],"wp:attachment":[{"href":"https:\/\/www.ghostysky.com\/pt\/wp-json\/wp\/v2\/media?parent=24263"}],"wp:term":[{"taxonomy":"product_brand","embeddable":true,"href":"https:\/\/www.ghostysky.com\/pt\/wp-json\/wp\/v2\/product_brand?post=24263"},{"taxonomy":"product_cat","embeddable":true,"href":"https:\/\/www.ghostysky.com\/pt\/wp-json\/wp\/v2\/product_cat?post=24263"},{"taxonomy":"product_tag","embeddable":true,"href":"https:\/\/www.ghostysky.com\/pt\/wp-json\/wp\/v2\/product_tag?post=24263"}],"curies":[{"name":"wp","href":"https:\/\/api.w.org\/{rel}","templated":true}]}}