{"id":24265,"date":"2026-02-24T16:11:52","date_gmt":"2026-02-24T16:11:52","guid":{"rendered":"https:\/\/www.ghostysky.com\/?post_type=product&#038;p=24265"},"modified":"2026-02-24T16:41:24","modified_gmt":"2026-02-24T16:41:24","slug":"brainco-revo2-touch","status":"publish","type":"product","link":"https:\/\/www.ghostysky.com\/pt\/product\/brainco-revo2-touch\/","title":{"rendered":"BrainCo Revo2 Touch"},"content":{"rendered":"<h3 data-path-to-node=\"3\">Principais caracter\u00edsticas e tecnologia<\/h3>\n<ul data-path-to-node=\"4\">\n<li>\n<p id=\"p-rc_a932606601c3ac8d-66\" data-path-to-node=\"4,0,0\"><b data-path-to-node=\"4,0,0\" data-index-in-node=\"0\">Sensoriamento t\u00e1til multimodal:<\/b><span class=\"citation-124\"> Ao contr\u00e1rio das garras padr\u00e3o, a Revo2 Touch possui sensores 3D integrados que detectam <\/span><b data-path-to-node=\"4,0,0\" data-index-in-node=\"113\"><span class=\"citation-124\">press\u00e3o, atrito, dire\u00e7\u00e3o da for\u00e7a e proximidade<\/span><\/b><span class=\"citation-124 citation-end-124\">.<\/span> <span class=\"citation-123 citation-end-123\">Ele consegue distinguir entre texturas e dureza de objetos, permitindo que execute tarefas delicadas como acender um f\u00f3sforo ou manusear objetos de vidro fr\u00e1geis.<\/span><\/p>\n<\/li>\n<li>\n<p id=\"p-rc_a932606601c3ac8d-67\" data-path-to-node=\"4,1,0\"><b data-path-to-node=\"4,1,0\" data-index-in-node=\"0\"><span class=\"citation-122\">Design ultraleve:<\/span><\/b><span class=\"citation-122\"> Pesando apenas <\/span><b data-path-to-node=\"4,1,0\" data-index-in-node=\"40\"><span class=\"citation-122\">383g<\/span><\/b><span class=\"citation-122 citation-end-122\"> (equivalente a seis ovos), mant\u00e9m um comprimento compacto de 16 cm (o tamanho da m\u00e3o m\u00e9dia de uma mulher).<\/span> Isso a torna uma das m\u00e3os mais eficientes do setor em termos de rela\u00e7\u00e3o entre for\u00e7a de preens\u00e3o e peso.<\/p>\n<\/li>\n<li>\n<p id=\"p-rc_a932606601c3ac8d-68\" data-path-to-node=\"4,2,0\"><b data-path-to-node=\"4,2,0\" data-index-in-node=\"0\"><span class=\"citation-121\">Resist\u00eancia de n\u00edvel industrial:<\/span><\/b><span class=\"citation-121\"> Apesar de ser leve, proporciona uma for\u00e7a de preens\u00e3o de toda a m\u00e3o de <\/span><b data-path-to-node=\"4,2,0\" data-index-in-node=\"92\"><span class=\"citation-121\">\u2265 50N<\/span><\/b><span class=\"citation-121\"> e uma for\u00e7a de pin\u00e7a de um \u00fanico dedo de <\/span><b data-path-to-node=\"4,2,0\" data-index-in-node=\"133\"><span class=\"citation-121\">\u2265 15N<\/span><\/b><span class=\"citation-121 citation-end-121\">.<\/span> <span class=\"citation-120\">\u00c9 capaz de suportar uma carga est\u00e1tica de at\u00e9 <\/span><b data-path-to-node=\"4,2,0\" data-index-in-node=\"191\"><span class=\"citation-120\">20 kg<\/span><\/b><span class=\"citation-120 citation-end-120\">.<\/span><\/p>\n<\/li>\n<li>\n<p id=\"p-rc_a932606601c3ac8d-69\" data-path-to-node=\"4,3,0\"><b data-path-to-node=\"4,3,0\" data-index-in-node=\"0\">Alta precis\u00e3o e velocidade:<\/b><span class=\"citation-119\"> Possui 11 juntas e 6 graus de liberdade (DoF) com uma precis\u00e3o de repeti\u00e7\u00e3o de <\/span><b data-path-to-node=\"4,3,0\" data-index-in-node=\"100\"><span class=\"citation-119\">0,1\u00b0<\/span><\/b><span class=\"citation-119 citation-end-119\">.<\/span> <span class=\"citation-118\">Pode abrir ou fechar completamente em menos de <\/span><b data-path-to-node=\"4,3,0\" data-index-in-node=\"146\"><span class=\"citation-118\">0,65 segundos<\/span><\/b><span class=\"citation-118 citation-end-118\">, permitindo tempos de resposta r\u00e1pidos e fluidos.<\/span><\/p>\n<\/li>\n<li>\n<p id=\"p-rc_a932606601c3ac8d-70\" data-path-to-node=\"4,4,0\"><b data-path-to-node=\"4,4,0\" data-index-in-node=\"0\"><span class=\"citation-117\">Algoritmos de controle avan\u00e7ados:<\/span><\/b><span class=\"citation-117\"> O modelo \u201cTouch\u201d inclui controle padr\u00e3o de posi\u00e7\u00e3o e velocidade, mas adiciona <\/span><b data-path-to-node=\"4,4,0\" data-index-in-node=\"102\"><span class=\"citation-117\">Controle t\u00e1til adaptativo<\/span><\/b><span class=\"citation-117\"> e <\/span><b data-path-to-node=\"4,4,0\" data-index-in-node=\"131\"><span class=\"citation-117\">Controle adaptativo de imped\u00e2ncia\/compli\u00e2ncia<\/span><\/b><span class=\"citation-117 citation-end-117\">, permitindo que a m\u00e3o &quot;ceda&quot; ligeiramente ao atingir um objeto, tal como acontece com a m\u00e3o humana.<\/span><\/p>\n<p>&nbsp;<\/li>\n<\/ul>\n<h3 data-path-to-node=\"6\">Especifica\u00e7\u00f5es t\u00e9cnicas<\/h3>\n<table data-path-to-node=\"7\">\n<thead>\n<tr>\n<td><strong>Par\u00e2metro<\/strong><\/td>\n<td><strong>Especifica\u00e7\u00f5es<\/strong><\/td>\n<\/tr>\n<\/thead>\n<tbody>\n<tr>\n<td><span data-path-to-node=\"7,1,0,0\"><b data-path-to-node=\"7,1,0,0\" data-index-in-node=\"0\">Peso<\/b><\/span><\/td>\n<td><span data-path-to-node=\"7,1,1,0\">383 g (sem o pulso)<\/span><\/td>\n<\/tr>\n<tr>\n<td><span data-path-to-node=\"7,2,0,0\"><b data-path-to-node=\"7,2,0,0\" data-index-in-node=\"0\">Dimens\u00f5es<\/b><\/span><\/td>\n<td><span data-path-to-node=\"7,2,1,0\">160 mm (A) x 76 mm (L)<\/span><\/td>\n<\/tr>\n<tr>\n<td><span data-path-to-node=\"7,3,0,0\"><b data-path-to-node=\"7,3,0,0\" data-index-in-node=\"0\">For\u00e7a de ader\u00eancia<\/b><\/span><\/td>\n<td><span data-path-to-node=\"7,3,1,0\">\u2265 50 N (For\u00e7a) \/ \u2265 15 N (Aperto)<\/span><\/td>\n<\/tr>\n<tr>\n<td><span data-path-to-node=\"7,4,0,0\"><b data-path-to-node=\"7,4,0,0\" data-index-in-node=\"0\">Carga \u00fatil<\/b><\/span><\/td>\n<td><span data-path-to-node=\"7,4,1,0\">20 kg (Carga Est\u00e1tica)<\/span><\/td>\n<\/tr>\n<tr>\n<td><span data-path-to-node=\"7,5,0,0\"><b data-path-to-node=\"7,5,0,0\" data-index-in-node=\"0\">Graus de Liberdade<\/b><\/span><\/td>\n<td><span data-path-to-node=\"7,5,1,0\">6 graus de liberdade (11 juntas)<\/span><\/td>\n<\/tr>\n<tr>\n<td><span data-path-to-node=\"7,6,0,0\"><b data-path-to-node=\"7,6,0,0\" data-index-in-node=\"0\">Tempo de resposta<\/b><\/span><\/td>\n<td><span data-path-to-node=\"7,6,1,0\">\u2264 0,65 s (Abertura\/Fechamento)<\/span><\/td>\n<\/tr>\n<tr>\n<td><span data-path-to-node=\"7,7,0,0\"><b data-path-to-node=\"7,7,0,0\" data-index-in-node=\"0\">Comunica\u00e7\u00e3o<\/b><\/span><\/td>\n<td><span data-path-to-node=\"7,7,1,0\">EtherCAT, CANfd, RS485<\/span><\/td>\n<\/tr>\n<tr>\n<td><span data-path-to-node=\"7,8,0,0\"><b data-path-to-node=\"7,8,0,0\" data-index-in-node=\"0\">Alcance de voltagem<\/b><\/span><\/td>\n<td><span data-path-to-node=\"7,8,1,0\">Ampla faixa de tens\u00e3o (9\u201364V)<\/span><\/td>\n<\/tr>\n<tr>\n<td><span data-path-to-node=\"7,9,0,0\"><b data-path-to-node=\"7,9,0,0\" data-index-in-node=\"0\">Ru\u00eddo de funcionamento<\/b><\/span><\/td>\n<td><span data-path-to-node=\"7,9,1,0\">\u2264 50 dB (Mais silencioso que um escrit\u00f3rio)<\/span><\/td>\n<\/tr>\n<\/tbody>\n<\/table>\n<p>&nbsp;<\/p>\n<h3 data-path-to-node=\"9\">Por que a vers\u00e3o &quot;Touch&quot;?<\/h3>\n<p id=\"p-rc_a932606601c3ac8d-71\" data-path-to-node=\"10\"><span class=\"citation-116\">O Revo2 Touch foi projetado para <\/span><b data-path-to-node=\"10\" data-index-in-node=\"32\"><span class=\"citation-116\">IA Incorporada<\/span><\/b><span class=\"citation-116 citation-end-116\"> desenvolvimento.<\/span> Embora a vers\u00e3o Basic seja \u00f3tima para tarefas simples de preens\u00e3o, a vers\u00e3o Touch fornece os fluxos de dados necess\u00e1rios para que os modelos de aprendizado de m\u00e1quina aprendam a manipula\u00e7\u00e3o em &quot;circuito fechado&quot; \u2014 onde o rob\u00f4 ajusta sua preens\u00e3o com base na sensa\u00e7\u00e3o em tempo real de um objeto escorregando ou sendo esmagado.<\/p>\n<h3 data-path-to-node=\"11\">Materiais de constru\u00e7\u00e3o<\/h3>\n<ul data-path-to-node=\"12\">\n<li>\n<p id=\"p-rc_a932606601c3ac8d-72\" data-path-to-node=\"12,0,0\"><b data-path-to-node=\"12,0,0\" data-index-in-node=\"0\"><span class=\"citation-115\">Quadro:<\/span><\/b><span class=\"citation-115 citation-end-115\"> Liga de alum\u00ednio de grau aeroespacial.<\/span><\/p>\n<\/li>\n<li>\n<p id=\"p-rc_a932606601c3ac8d-73\" data-path-to-node=\"12,1,0\"><b data-path-to-node=\"12,1,0\" data-index-in-node=\"0\">Concha:<\/b><span class=\"citation-114 citation-end-114\"> Pl\u00e1stico de qualidade alimentar (seguro para diversos ambientes).<\/span><\/p>\n<\/li>\n<li>\n<p id=\"p-rc_a932606601c3ac8d-74\" data-path-to-node=\"12,2,0\"><b data-path-to-node=\"12,2,0\" data-index-in-node=\"0\"><span class=\"citation-113\">Prote\u00e7\u00e3o:<\/span><\/b><span class=\"citation-113 citation-end-113\"> Possui prote\u00e7\u00e3o integrada contra sobrecorrente, sobretens\u00e3o, alta temperatura e impacto.<\/span><\/p>\n<\/li>\n<\/ul>","protected":false},"excerpt":{"rendered":"<p data-path-to-node=\"0\">O <b data-path-to-node=\"0\" data-index-in-node=\"4\">BrainCo Revo2 Touch<\/b> (tamb\u00e9m conhecido como o <i data-path-to-node=\"0\" data-index-in-node=\"49\">H\u00e1ptico<\/i> ou <i data-path-to-node=\"0\" data-index-in-node=\"59\">T\u00e1til<\/i> A vers\u00e3o (vers\u00e3o) \u00e9 o modelo principal da s\u00e9rie Revo2. <span class=\"citation-126 citation-end-126\">Trata-se de uma m\u00e3o bi\u00f4nica de alta performance e grande destreza, projetada especificamente para rob\u00f3tica humanoide e pesquisa avan\u00e7ada.<\/span><\/p>\n<p id=\"p-rc_a932606601c3ac8d-65\" data-path-to-node=\"1\"><span class=\"citation-125\">Enquanto os modelos \u201cB\u00e1sico\u201d e \u201cPro\u201d focam no movimento, o <\/span><b data-path-to-node=\"1\" data-index-in-node=\"58\"><span class=\"citation-125\">Tocar<\/span><\/b><span class=\"citation-125 citation-end-125\"> Essa vers\u00e3o \u00e9 definida por sua capacidade de &quot;sentir&quot; \u2014 integrando um complexo sistema de sensoriamento t\u00e1til 3D que permite aos rob\u00f4s perceber o mundo f\u00edsico com sensibilidade semelhante \u00e0 humana.<\/span><\/p>","protected":false},"featured_media":24260,"comment_status":"open","ping_status":"closed","template":"","meta":[],"product_brand":[1383],"product_cat":[1041,1382,1381,1037],"product_tag":[],"class_list":{"0":"post-24265","1":"product","2":"type-product","3":"status-publish","4":"has-post-thumbnail","6":"product_brand-brainco","7":"product_cat-arms-grippers","8":"product_cat-bionic-dexterous-hands","9":"product_cat-brainco","10":"product_cat-robotics","12":"first","13":"onbackorder","14":"taxable","15":"shipping-taxable","16":"purchasable","17":"product-type-simple"},"yoast_head":"<!-- This site is optimized with the Yoast SEO plugin v27.1.1 - https:\/\/yoast.com\/product\/yoast-seo-wordpress\/ -->\n<title>BrainCo Revo2 Touch - Ghostysky<\/title>\n<meta name=\"description\" content=\"The BrainCo Revo2 Touch (also referred to as the Haptic or Tactile version) is the flagship model of the Revo2 series. It is a high-performance, bionic dexterous hand specifically engineered for humanoid robotics and advanced research.While the &quot;Basic&quot; and &quot;Pro&quot; models focus on movement, the Touch version is defined by its ability to &quot;feel&quot;\u2014integrating a complex 3D tactile sensing system that allows robots to perceive the physical world with human-like sensitivity.\" \/>\n<meta name=\"robots\" content=\"index, follow, max-snippet:-1, max-image-preview:large, max-video-preview:-1\" \/>\n<link rel=\"canonical\" href=\"https:\/\/www.ghostysky.com\/pt\/produto-2\/brainco-revo2-touch\/\" \/>\n<meta property=\"og:locale\" content=\"pt_PT\" \/>\n<meta property=\"og:type\" content=\"article\" \/>\n<meta property=\"og:title\" content=\"BrainCo Revo2 Touch - Ghostysky\" \/>\n<meta property=\"og:description\" content=\"The BrainCo Revo2 Touch (also referred to as the Haptic or Tactile version) is the flagship model of the Revo2 series. It is a high-performance, bionic dexterous hand specifically engineered for humanoid robotics and advanced research.While the &quot;Basic&quot; and &quot;Pro&quot; models focus on movement, the Touch version is defined by its ability to &quot;feel&quot;\u2014integrating a complex 3D tactile sensing system that allows robots to perceive the physical world with human-like sensitivity.\" \/>\n<meta property=\"og:url\" content=\"https:\/\/www.ghostysky.com\/pt\/produto-2\/brainco-revo2-touch\/\" \/>\n<meta property=\"og:site_name\" content=\"Ghostysky\" \/>\n<meta property=\"article:publisher\" content=\"https:\/\/www.facebook.com\/people\/Ghostysky\/100057676170234\/\" \/>\n<meta property=\"article:modified_time\" content=\"2026-02-24T16:41:24+00:00\" \/>\n<meta property=\"og:image\" content=\"https:\/\/www.ghostysky.com\/wp-content\/uploads\/2026\/02\/GH_Brainco_Revo2_Basic_1.jpg\" \/>\n\t<meta property=\"og:image:width\" content=\"700\" \/>\n\t<meta property=\"og:image:height\" content=\"700\" \/>\n\t<meta property=\"og:image:type\" content=\"image\/jpeg\" \/>\n<meta name=\"twitter:card\" content=\"summary_large_image\" \/>\n<meta name=\"twitter:site\" content=\"@Gh0stysky\" \/>\n<meta name=\"twitter:label1\" content=\"Tempo estimado de leitura\" \/>\n\t<meta name=\"twitter:data1\" content=\"2 minutos\" \/>\n<script type=\"application\/ld+json\" class=\"yoast-schema-graph\">{\"@context\":\"https:\/\/schema.org\",\"@graph\":[{\"@type\":\"WebPage\",\"@id\":\"https:\/\/www.ghostysky.com\/product\/brainco-revo2-touch\/\",\"url\":\"https:\/\/www.ghostysky.com\/product\/brainco-revo2-touch\/\",\"name\":\"BrainCo Revo2 Touch - Ghostysky\",\"isPartOf\":{\"@id\":\"https:\/\/www.ghostysky.com\/#website\"},\"primaryImageOfPage\":{\"@id\":\"https:\/\/www.ghostysky.com\/product\/brainco-revo2-touch\/#primaryimage\"},\"image\":{\"@id\":\"https:\/\/www.ghostysky.com\/product\/brainco-revo2-touch\/#primaryimage\"},\"thumbnailUrl\":\"https:\/\/www.ghostysky.com\/wp-content\/uploads\/2026\/02\/GH_Brainco_Revo2_Basic_1.jpg\",\"datePublished\":\"2026-02-24T16:11:52+00:00\",\"dateModified\":\"2026-02-24T16:41:24+00:00\",\"description\":\"The BrainCo Revo2 Touch (also referred to as the Haptic or Tactile version) is the flagship model of the Revo2 series. It is a high-performance, bionic dexterous hand specifically engineered for humanoid robotics and advanced research.While the \\\"Basic\\\" and \\\"Pro\\\" models focus on movement, the Touch version is defined by its ability to \\\"feel\\\"\u2014integrating a complex 3D tactile sensing system that allows robots to perceive the physical world with human-like sensitivity.\",\"breadcrumb\":{\"@id\":\"https:\/\/www.ghostysky.com\/product\/brainco-revo2-touch\/#breadcrumb\"},\"inLanguage\":\"pt-PT\",\"potentialAction\":[{\"@type\":\"ReadAction\",\"target\":[\"https:\/\/www.ghostysky.com\/product\/brainco-revo2-touch\/\"]}]},{\"@type\":\"ImageObject\",\"inLanguage\":\"pt-PT\",\"@id\":\"https:\/\/www.ghostysky.com\/product\/brainco-revo2-touch\/#primaryimage\",\"url\":\"https:\/\/www.ghostysky.com\/wp-content\/uploads\/2026\/02\/GH_Brainco_Revo2_Basic_1.jpg\",\"contentUrl\":\"https:\/\/www.ghostysky.com\/wp-content\/uploads\/2026\/02\/GH_Brainco_Revo2_Basic_1.jpg\",\"width\":700,\"height\":700},{\"@type\":\"BreadcrumbList\",\"@id\":\"https:\/\/www.ghostysky.com\/product\/brainco-revo2-touch\/#breadcrumb\",\"itemListElement\":[{\"@type\":\"ListItem\",\"position\":1,\"name\":\"Home\",\"item\":\"https:\/\/www.ghostysky.com\/\"},{\"@type\":\"ListItem\",\"position\":2,\"name\":\"Shop\",\"item\":\"https:\/\/www.ghostysky.com\/shop\/\"},{\"@type\":\"ListItem\",\"position\":3,\"name\":\"BrainCo Revo2 Touch\"}]},{\"@type\":\"WebSite\",\"@id\":\"https:\/\/www.ghostysky.com\/#website\",\"url\":\"https:\/\/www.ghostysky.com\/\",\"name\":\"Ghostysky\",\"description\":\"Delivering professional drones and services\",\"publisher\":{\"@id\":\"https:\/\/www.ghostysky.com\/#organization\"},\"potentialAction\":[{\"@type\":\"SearchAction\",\"target\":{\"@type\":\"EntryPoint\",\"urlTemplate\":\"https:\/\/www.ghostysky.com\/?s={search_term_string}\"},\"query-input\":{\"@type\":\"PropertyValueSpecification\",\"valueRequired\":true,\"valueName\":\"search_term_string\"}}],\"inLanguage\":\"pt-PT\"},{\"@type\":\"Organization\",\"@id\":\"https:\/\/www.ghostysky.com\/#organization\",\"name\":\"Ghostysky\",\"url\":\"https:\/\/www.ghostysky.com\/\",\"logo\":{\"@type\":\"ImageObject\",\"inLanguage\":\"pt-PT\",\"@id\":\"https:\/\/www.ghostysky.com\/#\/schema\/logo\/image\/\",\"url\":\"https:\/\/www.ghostysky.com\/wp-content\/uploads\/2020\/06\/cropped-ghostyskylogo_text_white2.png\",\"contentUrl\":\"https:\/\/www.ghostysky.com\/wp-content\/uploads\/2020\/06\/cropped-ghostyskylogo_text_white2.png\",\"width\":169,\"height\":56,\"caption\":\"Ghostysky\"},\"image\":{\"@id\":\"https:\/\/www.ghostysky.com\/#\/schema\/logo\/image\/\"},\"sameAs\":[\"https:\/\/www.facebook.com\/people\/Ghostysky\/100057676170234\/\",\"https:\/\/x.com\/Gh0stysky\",\"https:\/\/www.linkedin.com\/company\/34739653\",\"https:\/\/www.instagram.com\/gh0stysky\"]}]}<\/script>\n<!-- \/ Yoast SEO plugin. -->","yoast_head_json":{"title":"BrainCo Revo2 Touch - Ghostysky","description":"O BrainCo Revo2 Touch (tamb\u00e9m conhecido como vers\u00e3o H\u00e1ptica ou T\u00e1til) \u00e9 o modelo principal da s\u00e9rie Revo2. Trata-se de uma m\u00e3o bi\u00f4nica de alta performance e destreza, projetada especificamente para rob\u00f3tica humanoide e pesquisa avan\u00e7ada. Enquanto os modelos &quot;B\u00e1sico&quot; e &quot;Pro&quot; focam no movimento, a vers\u00e3o Touch se destaca por sua capacidade de &quot;sentir&quot; \u2014 integrando um complexo sistema de sensoriamento t\u00e1til 3D que permite aos rob\u00f4s perceber o mundo f\u00edsico com sensibilidade semelhante \u00e0 humana.","robots":{"index":"index","follow":"follow","max-snippet":"max-snippet:-1","max-image-preview":"max-image-preview:large","max-video-preview":"max-video-preview:-1"},"canonical":"https:\/\/www.ghostysky.com\/pt\/produto-2\/brainco-revo2-touch\/","og_locale":"pt_PT","og_type":"article","og_title":"BrainCo Revo2 Touch - Ghostysky","og_description":"The BrainCo Revo2 Touch (also referred to as the Haptic or Tactile version) is the flagship model of the Revo2 series. It is a high-performance, bionic dexterous hand specifically engineered for humanoid robotics and advanced research.While the \"Basic\" and \"Pro\" models focus on movement, the Touch version is defined by its ability to \"feel\"\u2014integrating a complex 3D tactile sensing system that allows robots to perceive the physical world with human-like sensitivity.","og_url":"https:\/\/www.ghostysky.com\/pt\/produto-2\/brainco-revo2-touch\/","og_site_name":"Ghostysky","article_publisher":"https:\/\/www.facebook.com\/people\/Ghostysky\/100057676170234\/","article_modified_time":"2026-02-24T16:41:24+00:00","og_image":[{"width":700,"height":700,"url":"https:\/\/www.ghostysky.com\/wp-content\/uploads\/2026\/02\/GH_Brainco_Revo2_Basic_1.jpg","type":"image\/jpeg"}],"twitter_card":"summary_large_image","twitter_site":"@Gh0stysky","twitter_misc":{"Tempo estimado de leitura":"2 minutos"},"schema":{"@context":"https:\/\/schema.org","@graph":[{"@type":"WebPage","@id":"https:\/\/www.ghostysky.com\/product\/brainco-revo2-touch\/","url":"https:\/\/www.ghostysky.com\/product\/brainco-revo2-touch\/","name":"BrainCo Revo2 Touch - Ghostysky","isPartOf":{"@id":"https:\/\/www.ghostysky.com\/#website"},"primaryImageOfPage":{"@id":"https:\/\/www.ghostysky.com\/product\/brainco-revo2-touch\/#primaryimage"},"image":{"@id":"https:\/\/www.ghostysky.com\/product\/brainco-revo2-touch\/#primaryimage"},"thumbnailUrl":"https:\/\/www.ghostysky.com\/wp-content\/uploads\/2026\/02\/GH_Brainco_Revo2_Basic_1.jpg","datePublished":"2026-02-24T16:11:52+00:00","dateModified":"2026-02-24T16:41:24+00:00","description":"O BrainCo Revo2 Touch (tamb\u00e9m conhecido como vers\u00e3o H\u00e1ptica ou T\u00e1til) \u00e9 o modelo principal da s\u00e9rie Revo2. Trata-se de uma m\u00e3o bi\u00f4nica de alta performance e destreza, projetada especificamente para rob\u00f3tica humanoide e pesquisa avan\u00e7ada. Enquanto os modelos &quot;B\u00e1sico&quot; e &quot;Pro&quot; focam no movimento, a vers\u00e3o Touch se destaca por sua capacidade de &quot;sentir&quot; \u2014 integrando um complexo sistema de sensoriamento t\u00e1til 3D que permite aos rob\u00f4s perceber o mundo f\u00edsico com sensibilidade semelhante \u00e0 humana.","breadcrumb":{"@id":"https:\/\/www.ghostysky.com\/product\/brainco-revo2-touch\/#breadcrumb"},"inLanguage":"pt-PT","potentialAction":[{"@type":"ReadAction","target":["https:\/\/www.ghostysky.com\/product\/brainco-revo2-touch\/"]}]},{"@type":"ImageObject","inLanguage":"pt-PT","@id":"https:\/\/www.ghostysky.com\/product\/brainco-revo2-touch\/#primaryimage","url":"https:\/\/www.ghostysky.com\/wp-content\/uploads\/2026\/02\/GH_Brainco_Revo2_Basic_1.jpg","contentUrl":"https:\/\/www.ghostysky.com\/wp-content\/uploads\/2026\/02\/GH_Brainco_Revo2_Basic_1.jpg","width":700,"height":700},{"@type":"BreadcrumbList","@id":"https:\/\/www.ghostysky.com\/product\/brainco-revo2-touch\/#breadcrumb","itemListElement":[{"@type":"ListItem","position":1,"name":"Home","item":"https:\/\/www.ghostysky.com\/"},{"@type":"ListItem","position":2,"name":"Shop","item":"https:\/\/www.ghostysky.com\/shop\/"},{"@type":"ListItem","position":3,"name":"BrainCo Revo2 Touch"}]},{"@type":"WebSite","@id":"https:\/\/www.ghostysky.com\/#website","url":"https:\/\/www.ghostysky.com\/","name":"Ghostysky","description":"Fornecendo drones e servi\u00e7os profissionais","publisher":{"@id":"https:\/\/www.ghostysky.com\/#organization"},"potentialAction":[{"@type":"SearchAction","target":{"@type":"EntryPoint","urlTemplate":"https:\/\/www.ghostysky.com\/?s={search_term_string}"},"query-input":{"@type":"PropertyValueSpecification","valueRequired":true,"valueName":"search_term_string"}}],"inLanguage":"pt-PT"},{"@type":"Organization","@id":"https:\/\/www.ghostysky.com\/#organization","name":"Ghostysky","url":"https:\/\/www.ghostysky.com\/","logo":{"@type":"ImageObject","inLanguage":"pt-PT","@id":"https:\/\/www.ghostysky.com\/#\/schema\/logo\/image\/","url":"https:\/\/www.ghostysky.com\/wp-content\/uploads\/2020\/06\/cropped-ghostyskylogo_text_white2.png","contentUrl":"https:\/\/www.ghostysky.com\/wp-content\/uploads\/2020\/06\/cropped-ghostyskylogo_text_white2.png","width":169,"height":56,"caption":"Ghostysky"},"image":{"@id":"https:\/\/www.ghostysky.com\/#\/schema\/logo\/image\/"},"sameAs":["https:\/\/www.facebook.com\/people\/Ghostysky\/100057676170234\/","https:\/\/x.com\/Gh0stysky","https:\/\/www.linkedin.com\/company\/34739653","https:\/\/www.instagram.com\/gh0stysky"]}]}},"_links":{"self":[{"href":"https:\/\/www.ghostysky.com\/pt\/wp-json\/wp\/v2\/product\/24265","targetHints":{"allow":["GET"]}}],"collection":[{"href":"https:\/\/www.ghostysky.com\/pt\/wp-json\/wp\/v2\/product"}],"about":[{"href":"https:\/\/www.ghostysky.com\/pt\/wp-json\/wp\/v2\/types\/product"}],"replies":[{"embeddable":true,"href":"https:\/\/www.ghostysky.com\/pt\/wp-json\/wp\/v2\/comments?post=24265"}],"wp:featuredmedia":[{"embeddable":true,"href":"https:\/\/www.ghostysky.com\/pt\/wp-json\/wp\/v2\/media\/24260"}],"wp:attachment":[{"href":"https:\/\/www.ghostysky.com\/pt\/wp-json\/wp\/v2\/media?parent=24265"}],"wp:term":[{"taxonomy":"product_brand","embeddable":true,"href":"https:\/\/www.ghostysky.com\/pt\/wp-json\/wp\/v2\/product_brand?post=24265"},{"taxonomy":"product_cat","embeddable":true,"href":"https:\/\/www.ghostysky.com\/pt\/wp-json\/wp\/v2\/product_cat?post=24265"},{"taxonomy":"product_tag","embeddable":true,"href":"https:\/\/www.ghostysky.com\/pt\/wp-json\/wp\/v2\/product_tag?post=24265"}],"curies":[{"name":"wp","href":"https:\/\/api.w.org\/{rel}","templated":true}]}}