{"id":24431,"date":"2026-03-16T09:50:50","date_gmt":"2026-03-16T09:50:50","guid":{"rendered":"https:\/\/www.ghostysky.com\/?post_type=product&#038;p=24431"},"modified":"2026-03-16T09:57:58","modified_gmt":"2026-03-16T09:57:58","slug":"unitree-g1-edu-ultimate-f-u8","status":"publish","type":"product","link":"https:\/\/www.ghostysky.com\/pt\/product\/unitree-g1-edu-ultimate-f-u8\/","title":{"rendered":"Unitree G1 EDU Ultimate F (U8)"},"content":{"rendered":"<div id=\"model-response-message-contentr_c0565deda99f03ad\" class=\"markdown markdown-main-panel stronger enable-updated-hr-color\" dir=\"ltr\">\n<div id=\"model-response-message-contentr_0f28adeca7555db0\" class=\"markdown markdown-main-panel stronger enable-updated-hr-color\" dir=\"ltr\">\n<div id=\"model-response-message-contentr_2df5e3d7da0ab85d\" class=\"markdown markdown-main-panel stronger enable-updated-hr-color\" dir=\"ltr\">\n<h3 data-path-to-node=\"1\">Vis\u00e3o geral do produto<\/h3>\n<p id=\"p-rc_9560c1fbc6142904-74\" data-path-to-node=\"2\"><span class=\"citation-233 citation-end-233\">A vers\u00e3o Ultimate F distingue-se pela sua articula\u00e7\u00e3o m\u00e1xima e pela inclus\u00e3o de m\u00e3os h\u00e1beis de alta fidelidade.<\/span> <span class=\"citation-232\">\u00c9 constru\u00eddo sobre uma estrutura de c\u00f3digo aberto, tornando-se a escolha preferida para universidades de elite e laborat\u00f3rios de P&amp;D focados em <\/span><b data-path-to-node=\"2\" data-index-in-node=\"240\"><span class=\"citation-232\">intera\u00e7\u00e3o humano-rob\u00f4 (HRI)<\/span><\/b><span class=\"citation-232\"> e <\/span><b data-path-to-node=\"2\" data-index-in-node=\"274\"><span class=\"citation-232\">desenvolvimento da motricidade fina<\/span><\/b><span class=\"citation-232 citation-end-232\">.<\/span><\/p>\n<div class=\"source-inline-chip-container ng-star-inserted\"><\/div>\n<p>&nbsp;<\/p>\n<h3 data-path-to-node=\"4\">Principais especifica\u00e7\u00f5es e desempenho<\/h3>\n<table data-path-to-node=\"5\">\n<thead>\n<tr>\n<td><strong>Recurso<\/strong><\/td>\n<td><strong>Especifica\u00e7\u00f5es<\/strong><\/td>\n<\/tr>\n<\/thead>\n<tbody>\n<tr>\n<td><span data-path-to-node=\"5,1,0,0\"><b data-path-to-node=\"5,1,0,0\" data-index-in-node=\"0\">Total de graus de liberdade (DOF)<\/b><\/span><\/td>\n<td><span data-path-to-node=\"5,1,1,0\"><b data-path-to-node=\"5,1,1,0\" data-index-in-node=\"0\">41 graus de liberdade<\/b> (tronco e membros altamente articulados)<\/span><\/td>\n<\/tr>\n<tr>\n<td><span data-path-to-node=\"5,2,0,0\"><b data-path-to-node=\"5,2,0,0\" data-index-in-node=\"0\">M\u00e3os h\u00e1beis<\/b><\/span><\/td>\n<td><span data-path-to-node=\"5,2,1,0\"><b data-path-to-node=\"5,2,1,0\" data-index-in-node=\"0\">2x M\u00e3os de Cinco Dedos BrainCo<\/b> (Vers\u00e3o Revo 2 Touch)<\/span><\/td>\n<\/tr>\n<tr>\n<td><span data-path-to-node=\"5,3,0,0\"><b data-path-to-node=\"5,3,0,0\" data-index-in-node=\"0\">Percep\u00e7\u00e3o t\u00e1til<\/b><\/span><\/td>\n<td><span data-path-to-node=\"5,3,1,0\">Sensores integrados para press\u00e3o, fric\u00e7\u00e3o e dire\u00e7\u00e3o.<\/span><\/td>\n<\/tr>\n<tr>\n<td><span data-path-to-node=\"5,4,0,0\"><b data-path-to-node=\"5,4,0,0\" data-index-in-node=\"0\">Poder computacional<\/b><\/span><\/td>\n<td><span data-path-to-node=\"5,4,1,0\"><b data-path-to-node=\"5,4,1,0\" data-index-in-node=\"0\">NVIDIA Jetson Orin<\/b> (100 TOPS) + CPU de 8 n\u00facleos<\/span><\/td>\n<\/tr>\n<tr>\n<td><span data-path-to-node=\"5,5,0,0\"><b data-path-to-node=\"5,5,0,0\" data-index-in-node=\"0\">Torque do joelho<\/b><\/span><\/td>\n<td><span data-path-to-node=\"5,5,1,0\"><b data-path-to-node=\"5,5,1,0\" data-index-in-node=\"0\">120 N\u00b7m<\/b> (Pico)<\/span><\/td>\n<\/tr>\n<tr>\n<td><span data-path-to-node=\"5,6,0,0\"><b data-path-to-node=\"5,6,0,0\" data-index-in-node=\"0\">Carga \u00fatil do bra\u00e7o<\/b><\/span><\/td>\n<td><span data-path-to-node=\"5,6,1,0\"><b data-path-to-node=\"5,6,1,0\" data-index-in-node=\"0\">~3 kg<\/b> por bra\u00e7o<\/span><\/td>\n<\/tr>\n<tr>\n<td><span data-path-to-node=\"5,7,0,0\"><b data-path-to-node=\"5,7,0,0\" data-index-in-node=\"0\">Velocidade de caminhada<\/b><\/span><\/td>\n<td><span data-path-to-node=\"5,7,1,0\">At\u00e9 <b data-path-to-node=\"5,7,1,0\" data-index-in-node=\"6\">2,0 m\/s<\/b><\/span><\/td>\n<\/tr>\n<tr>\n<td><span data-path-to-node=\"5,8,0,0\"><b data-path-to-node=\"5,8,0,0\" data-index-in-node=\"0\">Resist\u00eancia<\/b><\/span><\/td>\n<td><span data-path-to-node=\"5,8,1,0\">Aproximadamente 2 horas (bateria de 9000mAh com libera\u00e7\u00e3o r\u00e1pida)<\/span><\/td>\n<\/tr>\n<\/tbody>\n<\/table>\n<p>&nbsp;<\/p>\n<p>&nbsp;<\/p>\n<h3 data-path-to-node=\"7\">Principais destaques<\/h3>\n<ul data-path-to-node=\"8\">\n<li>\n<p id=\"p-rc_9560c1fbc6142904-75\" data-path-to-node=\"8,0,0\"><b data-path-to-node=\"8,0,0\" data-index-in-node=\"0\"><span class=\"citation-231\">Manipula\u00e7\u00e3o t\u00e1til com cinco dedos:<\/span><\/b><span class=\"citation-231\"> Ao contr\u00e1rio dos modelos b\u00e1sicos (que usam garras artificiais) ou dos modelos intermedi\u00e1rios (que usam m\u00e3os de 3 dedos), o <\/span><b data-path-to-node=\"8,0,0\" data-index-in-node=\"132\"><span class=\"citation-231\">U8<\/span><\/b><span class=\"citation-231 citation-end-231\"> Apresenta m\u00e3os de cinco dedos da BrainCo com feedback t\u00e1til.<\/span> <span class=\"citation-230 citation-end-230\">Isso permite que o rob\u00f4 execute tarefas delicadas, como soldagem, uso de ferramentas manuais ou manuseio de objetos fr\u00e1geis, com sensibilidade semelhante \u00e0 humana.<\/span><\/p>\n<\/li>\n<li>\n<p id=\"p-rc_9560c1fbc6142904-76\" data-path-to-node=\"8,1,0\"><b data-path-to-node=\"8,1,0\" data-index-in-node=\"0\"><span class=\"citation-229\">Plataforma de IA de Alto Racioc\u00ednio:<\/span><\/b><span class=\"citation-229 citation-end-229\"> Equipado com o NVIDIA Jetson Orin, o U8 suporta Vis\u00e3o Computacional e Aprendizado Profundo em tempo real.<\/span> <span class=\"citation-228\">Ele \u00e9 otimizado para o Unitree. <\/span><b data-path-to-node=\"8,1,0\" data-index-in-node=\"154\"><span class=\"citation-228\">Uniforme<\/span><\/b><span class=\"citation-228 citation-end-228\"> (Modelo Unificado de Grande Porte), permitindo que ele aprenda tarefas por meio da imita\u00e7\u00e3o \u2014 observando um humano executar uma a\u00e7\u00e3o e replicando-a.<\/span><\/p>\n<\/li>\n<li>\n<p id=\"p-rc_9560c1fbc6142904-77\" data-path-to-node=\"8,2,0\"><b data-path-to-node=\"8,2,0\" data-index-in-node=\"0\"><span class=\"citation-227\">Acesso completo ao SDK:<\/span><\/b><span class=\"citation-227\"> A designa\u00e7\u00e3o EDU garante acesso total aos SDKs de Python e C++, e \u00e9 totalmente compat\u00edvel com <\/span><b data-path-to-node=\"8,2,0\" data-index-in-node=\"116\"><span class=\"citation-227\">ROS 2<\/span><\/b><span class=\"citation-227 citation-end-227\">.<\/span> Isso permite que os pesquisadores contornem as limita\u00e7\u00f5es de f\u00e1brica e programem algoritmos personalizados de locomo\u00e7\u00e3o ou manipula\u00e7\u00e3o.<\/p>\n<\/li>\n<li>\n<p id=\"p-rc_9560c1fbc6142904-78\" data-path-to-node=\"8,3,0\"><b data-path-to-node=\"8,3,0\" data-index-in-node=\"0\">Design robusto e \u00e1gil:<\/b> Apesar do seu interior de alta tecnologia, o U8 \u00e9 fisicamente robusto. <span class=\"citation-226 citation-end-226\">Ele pode se recuperar de empurr\u00f5es significativos, subir escadas e se dobrar em um formato compacto (<\/span><span class=\"math-inline\" data-math=\"690 \\times 450 \\times 300\" data-index-in-node=\"168\">$690 \u00d7 450 \u00d7 300$<\/span><span class=\"citation-225 citation-end-225\"> mm) para facilitar o transporte.<\/span><\/p>\n<p>&nbsp;<\/li>\n<\/ul>\n<h3 data-path-to-node=\"9\">Su\u00edte de Percep\u00e7\u00e3o<\/h3>\n<ul data-path-to-node=\"10\">\n<li>\n<p id=\"p-rc_9560c1fbc6142904-79\" data-path-to-node=\"10,0,0\"><b data-path-to-node=\"10,0,0\" data-index-in-node=\"0\"><span class=\"citation-224\">Intel RealSense D435<\/span><\/b><span class=\"citation-224 citation-end-224\"> C\u00e2mera de profundidade para percep\u00e7\u00e3o espacial.<\/span><\/p>\n<\/li>\n<li>\n<p id=\"p-rc_9560c1fbc6142904-80\" data-path-to-node=\"10,1,0\"><b data-path-to-node=\"10,1,0\" data-index-in-node=\"0\"><span class=\"citation-223\">LiDAR 3D LIVOX<\/span><\/b><span class=\"citation-223 citation-end-223\"> Para mapeamento de precis\u00e3o e desvio de obst\u00e1culos.<\/span><\/p>\n<\/li>\n<li>\n<p id=\"p-rc_9560c1fbc6142904-81\" data-path-to-node=\"10,2,0\"><b data-path-to-node=\"10,2,0\" data-index-in-node=\"0\"><span class=\"citation-222\">Conjunto de 4 microfones<\/span><\/b><span class=\"citation-222 citation-end-222\"> para processamento de comandos de voz e localiza\u00e7\u00e3o de som.<\/span><\/p>\n<div class=\"source-inline-chip-container ng-star-inserted\"><\/div>\n<p>&nbsp;<\/li>\n<\/ul>\n<h3 data-path-to-node=\"12\">Nota comparativa: Por que \u201cU8\u201d?<\/h3>\n<p id=\"p-rc_9560c1fbc6142904-82\" data-path-to-node=\"13\"><span class=\"citation-221\">Enquanto o <\/span><b data-path-to-node=\"13\" data-index-in-node=\"10\"><span class=\"citation-221\">Ultimate B<\/span><\/b><span class=\"citation-221\"> usa as pr\u00f3prias m\u00e3os Dex3-1 (de 3 dedos) da Unitree, as <\/span><b data-path-to-node=\"13\" data-index-in-node=\"69\"><span class=\"citation-221\">Ultimate F (Sub-8)<\/span><\/b><span class=\"citation-221\"> fornece o <\/span><b data-path-to-node=\"13\" data-index-in-node=\"98\"><span class=\"citation-221\">Sistema BrainCo de 5 dedos<\/span><\/b><span class=\"citation-221 citation-end-221\">.<\/span> <span class=\"citation-220 citation-end-220\">Esta \u00e9 uma melhoria significativa para pesquisadores que precisam simular a preens\u00e3o equivalente \u00e0 humana e a manipula\u00e7\u00e3o complexa de ferramentas que requerem cinco pontos de contato.<\/span><\/p>\n<\/div>\n<\/div>\n<\/div>","protected":false},"excerpt":{"rendered":"<p><span class=\"citation-235\">O <\/span><b data-path-to-node=\"0\" data-index-in-node=\"4\"><span class=\"citation-235\">Unitree G1 EDU Ultimate F (U8)<\/span><\/b><span class=\"citation-235 citation-end-235\"> \u00c9 a configura\u00e7\u00e3o mais avan\u00e7ada e de n\u00edvel superior da s\u00e9rie humanoide G1.<\/span> <span class=\"citation-234\">Embora o G1 \u201cB\u00e1sico\u201d seja uma plataforma de n\u00edvel b\u00e1sico, o <\/span><b data-path-to-node=\"0\" data-index-in-node=\"159\"><span class=\"citation-234\">Ultimate F (Sub-8)<\/span><\/b><span class=\"citation-234 citation-end-234\"> \u00c9 um centro de pesquisa de alto desempenho, projetado especificamente para manipula\u00e7\u00e3o complexa, pesquisa t\u00e1til e IA incorporada.<\/span><\/p>","protected":false},"featured_media":21524,"comment_status":"open","ping_status":"closed","template":"","meta":[],"product_brand":[1087],"product_cat":[1038,1037,1103],"product_tag":[1088,1110,1109,1105],"class_list":{"0":"post-24431","1":"product","2":"type-product","3":"status-publish","4":"has-post-thumbnail","6":"product_brand-unitree","7":"product_cat-humanoid","8":"product_cat-robotics","9":"product_cat-unitree-hum-robots","10":"product_tag-unitree","11":"product_tag-unitree-g1-robot","12":"product_tag-unitree-g1-series","13":"product_tag-unitree-humanoid","15":"first","16":"onbackorder","17":"taxable","18":"shipping-taxable","19":"purchasable","20":"product-type-simple"},"yoast_head":"<!-- This site is optimized with the Yoast SEO plugin v27.1.1 - https:\/\/yoast.com\/product\/yoast-seo-wordpress\/ -->\n<title>Unitree G1 EDU Ultimate F (U8) - Ghostysky<\/title>\n<meta name=\"description\" content=\"The Unitree G1 EDU Ultimate F (U8) is the top-tier, most advanced configuration of the G1 humanoid series. While the &quot;Basic&quot; G1 is a entry-level platform, the Ultimate F (U8) is a high-performance research powerhouse specifically designed for complex manipulation, tactile research, and embodied AI.\" \/>\n<meta name=\"robots\" content=\"index, follow, max-snippet:-1, max-image-preview:large, max-video-preview:-1\" \/>\n<link rel=\"canonical\" href=\"https:\/\/www.ghostysky.com\/pt\/produto-2\/unitree-g1-edu-ultimate-f-u8\/\" \/>\n<meta property=\"og:locale\" content=\"pt_PT\" \/>\n<meta property=\"og:type\" content=\"article\" \/>\n<meta property=\"og:title\" content=\"Unitree G1 EDU Ultimate F (U8) - Ghostysky\" \/>\n<meta property=\"og:description\" content=\"The Unitree G1 EDU Ultimate F (U8) is the top-tier, most advanced configuration of the G1 humanoid series. While the &quot;Basic&quot; G1 is a entry-level platform, the Ultimate F (U8) is a high-performance research powerhouse specifically designed for complex manipulation, tactile research, and embodied AI.\" \/>\n<meta property=\"og:url\" content=\"https:\/\/www.ghostysky.com\/pt\/produto-2\/unitree-g1-edu-ultimate-f-u8\/\" \/>\n<meta property=\"og:site_name\" content=\"Ghostysky\" \/>\n<meta property=\"article:publisher\" content=\"https:\/\/www.facebook.com\/people\/Ghostysky\/100057676170234\/\" \/>\n<meta property=\"article:modified_time\" content=\"2026-03-16T09:57:58+00:00\" \/>\n<meta property=\"og:image\" content=\"https:\/\/www.ghostysky.com\/wp-content\/uploads\/2025\/10\/GH_G1-Humanoid_1.png\" \/>\n\t<meta property=\"og:image:width\" content=\"650\" \/>\n\t<meta property=\"og:image:height\" content=\"650\" \/>\n\t<meta property=\"og:image:type\" content=\"image\/png\" \/>\n<meta name=\"twitter:card\" content=\"summary_large_image\" \/>\n<meta name=\"twitter:site\" content=\"@Gh0stysky\" \/>\n<meta name=\"twitter:label1\" content=\"Tempo estimado de leitura\" \/>\n\t<meta name=\"twitter:data1\" content=\"2 minutos\" \/>\n<script type=\"application\/ld+json\" class=\"yoast-schema-graph\">{\"@context\":\"https:\/\/schema.org\",\"@graph\":[{\"@type\":\"WebPage\",\"@id\":\"https:\/\/www.ghostysky.com\/product\/unitree-g1-edu-ultimate-f-u8\/\",\"url\":\"https:\/\/www.ghostysky.com\/product\/unitree-g1-edu-ultimate-f-u8\/\",\"name\":\"Unitree G1 EDU Ultimate F (U8) - Ghostysky\",\"isPartOf\":{\"@id\":\"https:\/\/www.ghostysky.com\/#website\"},\"primaryImageOfPage\":{\"@id\":\"https:\/\/www.ghostysky.com\/product\/unitree-g1-edu-ultimate-f-u8\/#primaryimage\"},\"image\":{\"@id\":\"https:\/\/www.ghostysky.com\/product\/unitree-g1-edu-ultimate-f-u8\/#primaryimage\"},\"thumbnailUrl\":\"https:\/\/www.ghostysky.com\/wp-content\/uploads\/2025\/10\/GH_G1-Humanoid_1.png\",\"datePublished\":\"2026-03-16T09:50:50+00:00\",\"dateModified\":\"2026-03-16T09:57:58+00:00\",\"description\":\"The Unitree G1 EDU Ultimate F (U8) is the top-tier, most advanced configuration of the G1 humanoid series. While the \\\"Basic\\\" G1 is a entry-level platform, the Ultimate F (U8) is a high-performance research powerhouse specifically designed for complex manipulation, tactile research, and embodied AI.\",\"breadcrumb\":{\"@id\":\"https:\/\/www.ghostysky.com\/product\/unitree-g1-edu-ultimate-f-u8\/#breadcrumb\"},\"inLanguage\":\"pt-PT\",\"potentialAction\":[{\"@type\":\"ReadAction\",\"target\":[\"https:\/\/www.ghostysky.com\/product\/unitree-g1-edu-ultimate-f-u8\/\"]}]},{\"@type\":\"ImageObject\",\"inLanguage\":\"pt-PT\",\"@id\":\"https:\/\/www.ghostysky.com\/product\/unitree-g1-edu-ultimate-f-u8\/#primaryimage\",\"url\":\"https:\/\/www.ghostysky.com\/wp-content\/uploads\/2025\/10\/GH_G1-Humanoid_1.png\",\"contentUrl\":\"https:\/\/www.ghostysky.com\/wp-content\/uploads\/2025\/10\/GH_G1-Humanoid_1.png\",\"width\":650,\"height\":650},{\"@type\":\"BreadcrumbList\",\"@id\":\"https:\/\/www.ghostysky.com\/product\/unitree-g1-edu-ultimate-f-u8\/#breadcrumb\",\"itemListElement\":[{\"@type\":\"ListItem\",\"position\":1,\"name\":\"Home\",\"item\":\"https:\/\/www.ghostysky.com\/\"},{\"@type\":\"ListItem\",\"position\":2,\"name\":\"Shop\",\"item\":\"https:\/\/www.ghostysky.com\/shop\/\"},{\"@type\":\"ListItem\",\"position\":3,\"name\":\"Unitree G1 EDU Ultimate F (U8)\"}]},{\"@type\":\"WebSite\",\"@id\":\"https:\/\/www.ghostysky.com\/#website\",\"url\":\"https:\/\/www.ghostysky.com\/\",\"name\":\"Ghostysky\",\"description\":\"Delivering professional drones and services\",\"publisher\":{\"@id\":\"https:\/\/www.ghostysky.com\/#organization\"},\"potentialAction\":[{\"@type\":\"SearchAction\",\"target\":{\"@type\":\"EntryPoint\",\"urlTemplate\":\"https:\/\/www.ghostysky.com\/?s={search_term_string}\"},\"query-input\":{\"@type\":\"PropertyValueSpecification\",\"valueRequired\":true,\"valueName\":\"search_term_string\"}}],\"inLanguage\":\"pt-PT\"},{\"@type\":\"Organization\",\"@id\":\"https:\/\/www.ghostysky.com\/#organization\",\"name\":\"Ghostysky\",\"url\":\"https:\/\/www.ghostysky.com\/\",\"logo\":{\"@type\":\"ImageObject\",\"inLanguage\":\"pt-PT\",\"@id\":\"https:\/\/www.ghostysky.com\/#\/schema\/logo\/image\/\",\"url\":\"https:\/\/www.ghostysky.com\/wp-content\/uploads\/2020\/06\/cropped-ghostyskylogo_text_white2.png\",\"contentUrl\":\"https:\/\/www.ghostysky.com\/wp-content\/uploads\/2020\/06\/cropped-ghostyskylogo_text_white2.png\",\"width\":169,\"height\":56,\"caption\":\"Ghostysky\"},\"image\":{\"@id\":\"https:\/\/www.ghostysky.com\/#\/schema\/logo\/image\/\"},\"sameAs\":[\"https:\/\/www.facebook.com\/people\/Ghostysky\/100057676170234\/\",\"https:\/\/x.com\/Gh0stysky\",\"https:\/\/www.linkedin.com\/company\/34739653\",\"https:\/\/www.instagram.com\/gh0stysky\"]}]}<\/script>\n<!-- \/ Yoast SEO plugin. -->","yoast_head_json":{"title":"Unitree G1 EDU Ultimate F (U8) - Ghostysky","description":"O Unitree G1 EDU Ultimate F (U8) \u00e9 a configura\u00e7\u00e3o mais avan\u00e7ada e de ponta da s\u00e9rie de humanoides G1. Enquanto o G1 &quot;B\u00e1sico&quot; \u00e9 uma plataforma de n\u00edvel b\u00e1sico, o Ultimate F (U8) \u00e9 uma m\u00e1quina de pesquisa de alto desempenho, projetada especificamente para manipula\u00e7\u00e3o complexa, pesquisa t\u00e1til e IA incorporada.","robots":{"index":"index","follow":"follow","max-snippet":"max-snippet:-1","max-image-preview":"max-image-preview:large","max-video-preview":"max-video-preview:-1"},"canonical":"https:\/\/www.ghostysky.com\/pt\/produto-2\/unitree-g1-edu-ultimate-f-u8\/","og_locale":"pt_PT","og_type":"article","og_title":"Unitree G1 EDU Ultimate F (U8) - Ghostysky","og_description":"The Unitree G1 EDU Ultimate F (U8) is the top-tier, most advanced configuration of the G1 humanoid series. While the \"Basic\" G1 is a entry-level platform, the Ultimate F (U8) is a high-performance research powerhouse specifically designed for complex manipulation, tactile research, and embodied AI.","og_url":"https:\/\/www.ghostysky.com\/pt\/produto-2\/unitree-g1-edu-ultimate-f-u8\/","og_site_name":"Ghostysky","article_publisher":"https:\/\/www.facebook.com\/people\/Ghostysky\/100057676170234\/","article_modified_time":"2026-03-16T09:57:58+00:00","og_image":[{"width":650,"height":650,"url":"https:\/\/www.ghostysky.com\/wp-content\/uploads\/2025\/10\/GH_G1-Humanoid_1.png","type":"image\/png"}],"twitter_card":"summary_large_image","twitter_site":"@Gh0stysky","twitter_misc":{"Tempo estimado de leitura":"2 minutos"},"schema":{"@context":"https:\/\/schema.org","@graph":[{"@type":"WebPage","@id":"https:\/\/www.ghostysky.com\/product\/unitree-g1-edu-ultimate-f-u8\/","url":"https:\/\/www.ghostysky.com\/product\/unitree-g1-edu-ultimate-f-u8\/","name":"Unitree G1 EDU Ultimate F (U8) - Ghostysky","isPartOf":{"@id":"https:\/\/www.ghostysky.com\/#website"},"primaryImageOfPage":{"@id":"https:\/\/www.ghostysky.com\/product\/unitree-g1-edu-ultimate-f-u8\/#primaryimage"},"image":{"@id":"https:\/\/www.ghostysky.com\/product\/unitree-g1-edu-ultimate-f-u8\/#primaryimage"},"thumbnailUrl":"https:\/\/www.ghostysky.com\/wp-content\/uploads\/2025\/10\/GH_G1-Humanoid_1.png","datePublished":"2026-03-16T09:50:50+00:00","dateModified":"2026-03-16T09:57:58+00:00","description":"O Unitree G1 EDU Ultimate F (U8) \u00e9 a configura\u00e7\u00e3o mais avan\u00e7ada e de ponta da s\u00e9rie de humanoides G1. Enquanto o G1 &quot;B\u00e1sico&quot; \u00e9 uma plataforma de n\u00edvel b\u00e1sico, o Ultimate F (U8) \u00e9 uma m\u00e1quina de pesquisa de alto desempenho, projetada especificamente para manipula\u00e7\u00e3o complexa, pesquisa t\u00e1til e IA incorporada.","breadcrumb":{"@id":"https:\/\/www.ghostysky.com\/product\/unitree-g1-edu-ultimate-f-u8\/#breadcrumb"},"inLanguage":"pt-PT","potentialAction":[{"@type":"ReadAction","target":["https:\/\/www.ghostysky.com\/product\/unitree-g1-edu-ultimate-f-u8\/"]}]},{"@type":"ImageObject","inLanguage":"pt-PT","@id":"https:\/\/www.ghostysky.com\/product\/unitree-g1-edu-ultimate-f-u8\/#primaryimage","url":"https:\/\/www.ghostysky.com\/wp-content\/uploads\/2025\/10\/GH_G1-Humanoid_1.png","contentUrl":"https:\/\/www.ghostysky.com\/wp-content\/uploads\/2025\/10\/GH_G1-Humanoid_1.png","width":650,"height":650},{"@type":"BreadcrumbList","@id":"https:\/\/www.ghostysky.com\/product\/unitree-g1-edu-ultimate-f-u8\/#breadcrumb","itemListElement":[{"@type":"ListItem","position":1,"name":"Home","item":"https:\/\/www.ghostysky.com\/"},{"@type":"ListItem","position":2,"name":"Shop","item":"https:\/\/www.ghostysky.com\/shop\/"},{"@type":"ListItem","position":3,"name":"Unitree G1 EDU Ultimate F (U8)"}]},{"@type":"WebSite","@id":"https:\/\/www.ghostysky.com\/#website","url":"https:\/\/www.ghostysky.com\/","name":"Ghostysky","description":"Fornecendo drones e servi\u00e7os profissionais","publisher":{"@id":"https:\/\/www.ghostysky.com\/#organization"},"potentialAction":[{"@type":"SearchAction","target":{"@type":"EntryPoint","urlTemplate":"https:\/\/www.ghostysky.com\/?s={search_term_string}"},"query-input":{"@type":"PropertyValueSpecification","valueRequired":true,"valueName":"search_term_string"}}],"inLanguage":"pt-PT"},{"@type":"Organization","@id":"https:\/\/www.ghostysky.com\/#organization","name":"Ghostysky","url":"https:\/\/www.ghostysky.com\/","logo":{"@type":"ImageObject","inLanguage":"pt-PT","@id":"https:\/\/www.ghostysky.com\/#\/schema\/logo\/image\/","url":"https:\/\/www.ghostysky.com\/wp-content\/uploads\/2020\/06\/cropped-ghostyskylogo_text_white2.png","contentUrl":"https:\/\/www.ghostysky.com\/wp-content\/uploads\/2020\/06\/cropped-ghostyskylogo_text_white2.png","width":169,"height":56,"caption":"Ghostysky"},"image":{"@id":"https:\/\/www.ghostysky.com\/#\/schema\/logo\/image\/"},"sameAs":["https:\/\/www.facebook.com\/people\/Ghostysky\/100057676170234\/","https:\/\/x.com\/Gh0stysky","https:\/\/www.linkedin.com\/company\/34739653","https:\/\/www.instagram.com\/gh0stysky"]}]}},"_links":{"self":[{"href":"https:\/\/www.ghostysky.com\/pt\/wp-json\/wp\/v2\/product\/24431","targetHints":{"allow":["GET"]}}],"collection":[{"href":"https:\/\/www.ghostysky.com\/pt\/wp-json\/wp\/v2\/product"}],"about":[{"href":"https:\/\/www.ghostysky.com\/pt\/wp-json\/wp\/v2\/types\/product"}],"replies":[{"embeddable":true,"href":"https:\/\/www.ghostysky.com\/pt\/wp-json\/wp\/v2\/comments?post=24431"}],"wp:featuredmedia":[{"embeddable":true,"href":"https:\/\/www.ghostysky.com\/pt\/wp-json\/wp\/v2\/media\/21524"}],"wp:attachment":[{"href":"https:\/\/www.ghostysky.com\/pt\/wp-json\/wp\/v2\/media?parent=24431"}],"wp:term":[{"taxonomy":"product_brand","embeddable":true,"href":"https:\/\/www.ghostysky.com\/pt\/wp-json\/wp\/v2\/product_brand?post=24431"},{"taxonomy":"product_cat","embeddable":true,"href":"https:\/\/www.ghostysky.com\/pt\/wp-json\/wp\/v2\/product_cat?post=24431"},{"taxonomy":"product_tag","embeddable":true,"href":"https:\/\/www.ghostysky.com\/pt\/wp-json\/wp\/v2\/product_tag?post=24431"}],"curies":[{"name":"wp","href":"https:\/\/api.w.org\/{rel}","templated":true}]}}