{"id":24432,"date":"2026-03-16T10:01:56","date_gmt":"2026-03-16T10:01:56","guid":{"rendered":"https:\/\/www.ghostysky.com\/?post_type=product&#038;p=24432"},"modified":"2026-03-16T10:37:57","modified_gmt":"2026-03-16T10:37:57","slug":"unitre-g1-edu-professional-b-u10","status":"publish","type":"product","link":"https:\/\/www.ghostysky.com\/pt\/product\/unitre-g1-edu-professional-b-u10\/","title":{"rendered":"Unitre G1 EDU Professional B (U10)"},"content":{"rendered":"<div id=\"model-response-message-contentr_c0565deda99f03ad\" class=\"markdown markdown-main-panel stronger enable-updated-hr-color\" dir=\"ltr\">\n<div id=\"model-response-message-contentr_0f28adeca7555db0\" class=\"markdown markdown-main-panel stronger enable-updated-hr-color\" dir=\"ltr\">\n<h3 data-path-to-node=\"2\">Especifica\u00e7\u00f5es principais e desempenho<\/h3>\n<p id=\"p-rc_b9e67be1ec2dad1c-95\" data-path-to-node=\"3\"><span class=\"citation-321 citation-end-321\">O U10 destaca-se pelo seu equil\u00edbrio de pot\u00eancia e articula\u00e7\u00e3o com alto grau de liberdade (DoF), permitindo-lhe executar movimentos que imitam ou mesmo excedem as capacidades humanas.<\/span><\/p>\n<table data-path-to-node=\"4\">\n<thead>\n<tr>\n<td><strong>Recurso<\/strong><\/td>\n<td><strong>Especifica\u00e7\u00f5es<\/strong><\/td>\n<\/tr>\n<\/thead>\n<tbody>\n<tr>\n<td><span data-path-to-node=\"4,1,0,0\"><b data-path-to-node=\"4,1,0,0\" data-index-in-node=\"0\">Graus de liberdade totais<\/b><\/span><\/td>\n<td><span data-path-to-node=\"4,1,1,0\"><b data-path-to-node=\"4,1,1,0\" data-index-in-node=\"0\">35 a 37 graus de liberdade<\/b> (dependendo da configura\u00e7\u00e3o espec\u00edfica)<\/span><\/td>\n<\/tr>\n<tr>\n<td><span data-path-to-node=\"4,2,0,0\"><b data-path-to-node=\"4,2,0,0\" data-index-in-node=\"0\">Altura (em p\u00e9)<\/b><\/span><\/td>\n<td><span data-path-to-node=\"4,2,1,0\">1320 mm (aproximadamente 4&#039;4\u2033)<\/span><\/td>\n<\/tr>\n<tr>\n<td><span data-path-to-node=\"4,3,0,0\"><b data-path-to-node=\"4,3,0,0\" data-index-in-node=\"0\">Peso<\/b><\/span><\/td>\n<td><span data-path-to-node=\"4,3,1,0\">Aproximadamente 35 kg (incluindo a bateria)<\/span><\/td>\n<\/tr>\n<tr>\n<td><span data-path-to-node=\"4,4,0,0\"><b data-path-to-node=\"4,4,0,0\" data-index-in-node=\"0\">Torque da articula\u00e7\u00e3o do joelho<\/b><\/span><\/td>\n<td><span data-path-to-node=\"4,4,1,0\">120 N\u00b7m (M\u00e1x.)<\/span><\/td>\n<\/tr>\n<tr>\n<td><span data-path-to-node=\"4,5,0,0\"><b data-path-to-node=\"4,5,0,0\" data-index-in-node=\"0\">Carga \u00fatil do bra\u00e7o<\/b><\/span><\/td>\n<td><span data-path-to-node=\"4,5,1,0\">~3 kg<\/span><\/td>\n<\/tr>\n<tr>\n<td><span data-path-to-node=\"4,6,0,0\"><b data-path-to-node=\"4,6,0,0\" data-index-in-node=\"0\">Dura\u00e7\u00e3o da bateria<\/b><\/span><\/td>\n<td><span data-path-to-node=\"4,6,1,0\">Aproximadamente 2 horas (bateria de 9000 mAh com sistema de libera\u00e7\u00e3o r\u00e1pida)<\/span><\/td>\n<\/tr>\n<tr>\n<td><span data-path-to-node=\"4,7,0,0\"><b data-path-to-node=\"4,7,0,0\" data-index-in-node=\"0\">Velocidade m\u00e1xima<\/b><\/span><\/td>\n<td><span data-path-to-node=\"4,7,1,0\">2 m\/s<\/span><\/td>\n<\/tr>\n<\/tbody>\n<\/table>\n<p>&nbsp;<\/p>\n<p>&nbsp;<\/p>\n<h3 data-path-to-node=\"6\">Principais destaques t\u00e9cnicos<\/h3>\n<ul data-path-to-node=\"7\">\n<li>\n<p id=\"p-rc_b9e67be1ec2dad1c-96\" data-path-to-node=\"7,0,0\"><b data-path-to-node=\"7,0,0\" data-index-in-node=\"0\"><span class=\"citation-320\">Manipula\u00e7\u00e3o Destra:<\/span><\/b><span class=\"citation-320\"> O U10 geralmente vem equipado com <\/span><b data-path-to-node=\"7,0,0\" data-index-in-node=\"59\"><span class=\"citation-320\">duas m\u00e3os BrainCo de cinco dedos<\/span><\/b><span class=\"citation-320\"> (Revo 2 B\u00e1sico) ou <\/span><b data-path-to-node=\"7,0,0\" data-index-in-node=\"107\"><span class=\"citation-320\">M\u00e3os de tr\u00eas dedos Dex3-1 com controle de for\u00e7a<\/span><\/b><span class=\"citation-320 citation-end-320\">.<\/span> <span class=\"citation-319 citation-end-319\">Isso inclui sensores t\u00e1teis que permitem ao rob\u00f4 manusear objetos delicados \u2014 como um ovo \u2014 ou executar tarefas precisas que exigem o uso de ferramentas.<\/span><\/p>\n<\/li>\n<li>\n<p id=\"p-rc_b9e67be1ec2dad1c-97\" data-path-to-node=\"7,1,0\"><b data-path-to-node=\"7,1,0\" data-index-in-node=\"0\">Intelig\u00eancia a bordo:<\/b><span class=\"citation-318\"> Apresenta uma enorme melhoria na capacidade de processamento atrav\u00e9s do <\/span><b data-path-to-node=\"7,1,0\" data-index-in-node=\"79\"><span class=\"citation-318\">NVIDIA Jetson Orin<\/span><\/b><span class=\"citation-318\"> m\u00f3dulo, fornecendo at\u00e9 <\/span><b data-path-to-node=\"7,1,0\" data-index-in-node=\"122\"><span class=\"citation-318\">100 TOPS<\/span><\/b><span class=\"citation-318 citation-end-318\"> do desempenho da IA.<\/span> Isso permite o aprendizado por refor\u00e7o em tempo real e o processamento de redes neurais complexas diretamente na unidade.<\/p>\n<\/li>\n<li>\n<p id=\"p-rc_b9e67be1ec2dad1c-98\" data-path-to-node=\"7,2,0\"><b data-path-to-node=\"7,2,0\" data-index-in-node=\"0\"><span class=\"citation-317\">Percep\u00e7\u00e3o de Espectro Total:<\/span><\/b><span class=\"citation-317\"> A \u201ccabe\u00e7a\u201d funciona como um centro de sensores, integrando um <\/span><b data-path-to-node=\"7,2,0\" data-index-in-node=\"75\"><span class=\"citation-317\">Livox MID-360 3D LiDAR<\/span><\/b><span class=\"citation-317\"> para mapeamento ambiental de 360\u00b0 e um <\/span><b data-path-to-node=\"7,2,0\" data-index-in-node=\"136\"><span class=\"citation-317\">C\u00e2mera de profundidade Intel RealSense<\/span><\/b><span class=\"citation-317 citation-end-317\"> para evitar obst\u00e1culos e reconhecer objetos.<\/span><\/p>\n<\/li>\n<li>\n<p id=\"p-rc_b9e67be1ec2dad1c-99\" data-path-to-node=\"7,3,0\"><b data-path-to-node=\"7,3,0\" data-index-in-node=\"0\">Mobilidade Avan\u00e7ada:<\/b><span class=\"citation-316 citation-end-316\"> Al\u00e9m de auxiliar na caminhada, a s\u00e9rie G1 EDU \u00e9 conhecida por seu espa\u00e7o de movimento articular &quot;extragrande&quot;, permitindo que ela execute agachamentos, rolamentos e se recupere de quedas com grande agilidade.<\/span><\/p>\n<p>&nbsp;<\/li>\n<\/ul>\n<h3 data-path-to-node=\"8\">Foco em desenvolvimento e educa\u00e7\u00e3o<\/h3>\n<p id=\"p-rc_b9e67be1ec2dad1c-100\" data-path-to-node=\"9\"><span class=\"citation-315 citation-end-315\">O U10 \u00e9 uma plataforma aberta, o que o torna uma das favoritas para pesquisas em &quot;IA Incorporada&quot;:<\/span><\/p>\n<ul data-path-to-node=\"10\">\n<li>\n<p id=\"p-rc_b9e67be1ec2dad1c-101\" data-path-to-node=\"10,0,0\"><b data-path-to-node=\"10,0,0\" data-index-in-node=\"0\">Desenvolvimento Secund\u00e1rio:<\/b><span class=\"citation-314 citation-end-314\"> Acesso completo aos SDKs de alto e baixo n\u00edvel.<\/span><\/p>\n<\/li>\n<li>\n<p id=\"p-rc_b9e67be1ec2dad1c-102\" data-path-to-node=\"10,1,0\"><b data-path-to-node=\"10,1,0\" data-index-in-node=\"0\">Suporte de software:<\/b><span class=\"citation-313\"> Integra\u00e7\u00e3o nativa com <\/span><b data-path-to-node=\"10,1,0\" data-index-in-node=\"42\"><span class=\"citation-313\">ROS \/ ROS 2<\/span><\/b><span class=\"citation-313 citation-end-313\"> e Python, permitindo que os pesquisadores programem algoritmos personalizados de marcha, equil\u00edbrio e manipula\u00e7\u00e3o.<\/span><\/p>\n<\/li>\n<li>\n<p id=\"p-rc_b9e67be1ec2dad1c-103\" data-path-to-node=\"10,2,0\"><b data-path-to-node=\"10,2,0\" data-index-in-node=\"0\"><span class=\"citation-312\">Projeto:<\/span><\/b><span class=\"citation-312 citation-end-312\"> Apresenta &quot;roteamento el\u00e9trico oco com juntas completas&quot;, o que significa que todos os cabos s\u00e3o internos, protegendo a fia\u00e7\u00e3o durante manobras complexas e proporcionando uma est\u00e9tica limpa e profissional.<\/span><\/p>\n<div class=\"source-inline-chip-container ng-star-inserted\"><\/div>\n<\/li>\n<\/ul>\n<h3 data-path-to-node=\"11\">Melhores casos de uso<\/h3>\n<ul data-path-to-node=\"12\">\n<li>\n<p id=\"p-rc_b9e67be1ec2dad1c-104\" data-path-to-node=\"12,0,0\"><b data-path-to-node=\"12,0,0\" data-index-in-node=\"0\">Laborat\u00f3rios universit\u00e1rios:<\/b><span class=\"citation-311 citation-end-311 interactive-span-hovered\"> Estudo da intera\u00e7\u00e3o humano-rob\u00f4 (IHR) e da biomec\u00e2nica b\u00edpede.<\/span><\/p>\n<\/li>\n<li>\n<p id=\"p-rc_b9e67be1ec2dad1c-105\" data-path-to-node=\"12,1,0\"><b data-path-to-node=\"12,1,0\" data-index-in-node=\"0\"><span class=\"citation-310 interactive-span-hovered\">Automa\u00e7\u00e3o Industrial:<\/span><\/b><span class=\"citation-310 citation-end-310 interactive-span-hovered\"> Prototipagem de tarefas de &quot;pegar e colocar&quot; em ambientes projetados para humanos.<\/span><\/p>\n<\/li>\n<li>\n<p id=\"p-rc_b9e67be1ec2dad1c-106\" data-path-to-node=\"12,2,0\"><b data-path-to-node=\"12,2,0\" data-index-in-node=\"0\">Apresenta\u00e7\u00f5es de Tecnologia:<\/b><span class=\"citation-309 citation-end-309 interactive-span-hovered\"> Demonstrar o estado atual da IA humanoide em exposi\u00e7\u00f5es ou ambientes de varejo.<\/span><\/p>\n<\/li>\n<\/ul>\n<\/div>\n<\/div>","protected":false},"excerpt":{"rendered":"<p><span class=\"citation-323\">O <\/span><b data-path-to-node=\"0\" data-index-in-node=\"4\"><span class=\"citation-323\">Unitree G1 EDU Profissional B (U10)<\/span><\/b><span class=\"citation-323 citation-end-323\"> \u00c9 um rob\u00f4 humanoide de alto desempenho projetado especificamente para pesquisa avan\u00e7ada, laborat\u00f3rios universit\u00e1rios e P&amp;D industrial.<\/span> <span class=\"citation-322 citation-end-322\">Posicionado como uma itera\u00e7\u00e3o de &quot;n\u00edvel superior&quot; da s\u00e9rie G1, o modelo U10 preenche a lacuna entre a locomo\u00e7\u00e3o b\u00edpede b\u00e1sica e a manipula\u00e7\u00e3o complexa, semelhante \u00e0 humana, atrav\u00e9s da integra\u00e7\u00e3o de m\u00e3os h\u00e1beis e sens\u00edveis ao tato.<\/span><\/p>","protected":false},"featured_media":21524,"comment_status":"open","ping_status":"closed","template":"","meta":[],"product_brand":[1087],"product_cat":[1038,1037,1103],"product_tag":[1088,1110,1109,1105],"class_list":{"0":"post-24432","1":"product","2":"type-product","3":"status-publish","4":"has-post-thumbnail","6":"product_brand-unitree","7":"product_cat-humanoid","8":"product_cat-robotics","9":"product_cat-unitree-hum-robots","10":"product_tag-unitree","11":"product_tag-unitree-g1-robot","12":"product_tag-unitree-g1-series","13":"product_tag-unitree-humanoid","15":"first","16":"onbackorder","17":"taxable","18":"shipping-taxable","19":"purchasable","20":"product-type-simple"},"yoast_head":"<!-- This site is optimized with the Yoast SEO plugin v27.1.1 - https:\/\/yoast.com\/product\/yoast-seo-wordpress\/ -->\n<title>Unitre G1 EDU Professional B (U10) - Ghostysky<\/title>\n<meta name=\"description\" content=\"The Unitree G1 EDU Professional B (U10) is a high-performance humanoid robot designed specifically for advanced research, university labs, and industrial R&amp;D. Positioned as a &quot;next-level&quot; iteration of the G1 series, the U10 model bridges the gap between basic bipedal locomotion and complex, human-like manipulation through the integration of tactile-sensitive dexterous hands.\" \/>\n<meta name=\"robots\" content=\"index, follow, max-snippet:-1, max-image-preview:large, max-video-preview:-1\" \/>\n<link rel=\"canonical\" href=\"https:\/\/www.ghostysky.com\/pt\/produto-2\/unitre-g1-edu-professional-b-u10\/\" \/>\n<meta property=\"og:locale\" content=\"pt_PT\" \/>\n<meta property=\"og:type\" content=\"article\" \/>\n<meta property=\"og:title\" content=\"Unitre G1 EDU Professional B (U10) - Ghostysky\" \/>\n<meta property=\"og:description\" content=\"The Unitree G1 EDU Professional B (U10) is a high-performance humanoid robot designed specifically for advanced research, university labs, and industrial R&amp;D. Positioned as a &quot;next-level&quot; iteration of the G1 series, the U10 model bridges the gap between basic bipedal locomotion and complex, human-like manipulation through the integration of tactile-sensitive dexterous hands.\" \/>\n<meta property=\"og:url\" content=\"https:\/\/www.ghostysky.com\/pt\/produto-2\/unitre-g1-edu-professional-b-u10\/\" \/>\n<meta property=\"og:site_name\" content=\"Ghostysky\" \/>\n<meta property=\"article:publisher\" content=\"https:\/\/www.facebook.com\/people\/Ghostysky\/100057676170234\/\" \/>\n<meta property=\"article:modified_time\" content=\"2026-03-16T10:37:57+00:00\" \/>\n<meta property=\"og:image\" content=\"https:\/\/www.ghostysky.com\/wp-content\/uploads\/2025\/10\/GH_G1-Humanoid_1.png\" \/>\n\t<meta property=\"og:image:width\" content=\"650\" \/>\n\t<meta property=\"og:image:height\" content=\"650\" \/>\n\t<meta property=\"og:image:type\" content=\"image\/png\" \/>\n<meta name=\"twitter:card\" content=\"summary_large_image\" \/>\n<meta name=\"twitter:site\" content=\"@Gh0stysky\" \/>\n<meta name=\"twitter:label1\" content=\"Tempo estimado de leitura\" \/>\n\t<meta name=\"twitter:data1\" content=\"2 minutos\" \/>\n<script type=\"application\/ld+json\" class=\"yoast-schema-graph\">{\"@context\":\"https:\/\/schema.org\",\"@graph\":[{\"@type\":\"WebPage\",\"@id\":\"https:\/\/www.ghostysky.com\/product\/unitre-g1-edu-professional-b-u10\/\",\"url\":\"https:\/\/www.ghostysky.com\/product\/unitre-g1-edu-professional-b-u10\/\",\"name\":\"Unitre G1 EDU Professional B (U10) - Ghostysky\",\"isPartOf\":{\"@id\":\"https:\/\/www.ghostysky.com\/#website\"},\"primaryImageOfPage\":{\"@id\":\"https:\/\/www.ghostysky.com\/product\/unitre-g1-edu-professional-b-u10\/#primaryimage\"},\"image\":{\"@id\":\"https:\/\/www.ghostysky.com\/product\/unitre-g1-edu-professional-b-u10\/#primaryimage\"},\"thumbnailUrl\":\"https:\/\/www.ghostysky.com\/wp-content\/uploads\/2025\/10\/GH_G1-Humanoid_1.png\",\"datePublished\":\"2026-03-16T10:01:56+00:00\",\"dateModified\":\"2026-03-16T10:37:57+00:00\",\"description\":\"The Unitree G1 EDU Professional B (U10) is a high-performance humanoid robot designed specifically for advanced research, university labs, and industrial R&D. Positioned as a \\\"next-level\\\" iteration of the G1 series, the U10 model bridges the gap between basic bipedal locomotion and complex, human-like manipulation through the integration of tactile-sensitive dexterous hands.\",\"breadcrumb\":{\"@id\":\"https:\/\/www.ghostysky.com\/product\/unitre-g1-edu-professional-b-u10\/#breadcrumb\"},\"inLanguage\":\"pt-PT\",\"potentialAction\":[{\"@type\":\"ReadAction\",\"target\":[\"https:\/\/www.ghostysky.com\/product\/unitre-g1-edu-professional-b-u10\/\"]}]},{\"@type\":\"ImageObject\",\"inLanguage\":\"pt-PT\",\"@id\":\"https:\/\/www.ghostysky.com\/product\/unitre-g1-edu-professional-b-u10\/#primaryimage\",\"url\":\"https:\/\/www.ghostysky.com\/wp-content\/uploads\/2025\/10\/GH_G1-Humanoid_1.png\",\"contentUrl\":\"https:\/\/www.ghostysky.com\/wp-content\/uploads\/2025\/10\/GH_G1-Humanoid_1.png\",\"width\":650,\"height\":650},{\"@type\":\"BreadcrumbList\",\"@id\":\"https:\/\/www.ghostysky.com\/product\/unitre-g1-edu-professional-b-u10\/#breadcrumb\",\"itemListElement\":[{\"@type\":\"ListItem\",\"position\":1,\"name\":\"Home\",\"item\":\"https:\/\/www.ghostysky.com\/\"},{\"@type\":\"ListItem\",\"position\":2,\"name\":\"Shop\",\"item\":\"https:\/\/www.ghostysky.com\/shop\/\"},{\"@type\":\"ListItem\",\"position\":3,\"name\":\"Unitre G1 EDU Professional B (U10)\"}]},{\"@type\":\"WebSite\",\"@id\":\"https:\/\/www.ghostysky.com\/#website\",\"url\":\"https:\/\/www.ghostysky.com\/\",\"name\":\"Ghostysky\",\"description\":\"Delivering professional drones and services\",\"publisher\":{\"@id\":\"https:\/\/www.ghostysky.com\/#organization\"},\"potentialAction\":[{\"@type\":\"SearchAction\",\"target\":{\"@type\":\"EntryPoint\",\"urlTemplate\":\"https:\/\/www.ghostysky.com\/?s={search_term_string}\"},\"query-input\":{\"@type\":\"PropertyValueSpecification\",\"valueRequired\":true,\"valueName\":\"search_term_string\"}}],\"inLanguage\":\"pt-PT\"},{\"@type\":\"Organization\",\"@id\":\"https:\/\/www.ghostysky.com\/#organization\",\"name\":\"Ghostysky\",\"url\":\"https:\/\/www.ghostysky.com\/\",\"logo\":{\"@type\":\"ImageObject\",\"inLanguage\":\"pt-PT\",\"@id\":\"https:\/\/www.ghostysky.com\/#\/schema\/logo\/image\/\",\"url\":\"https:\/\/www.ghostysky.com\/wp-content\/uploads\/2020\/06\/cropped-ghostyskylogo_text_white2.png\",\"contentUrl\":\"https:\/\/www.ghostysky.com\/wp-content\/uploads\/2020\/06\/cropped-ghostyskylogo_text_white2.png\",\"width\":169,\"height\":56,\"caption\":\"Ghostysky\"},\"image\":{\"@id\":\"https:\/\/www.ghostysky.com\/#\/schema\/logo\/image\/\"},\"sameAs\":[\"https:\/\/www.facebook.com\/people\/Ghostysky\/100057676170234\/\",\"https:\/\/x.com\/Gh0stysky\",\"https:\/\/www.linkedin.com\/company\/34739653\",\"https:\/\/www.instagram.com\/gh0stysky\"]}]}<\/script>\n<!-- \/ Yoast SEO plugin. -->","yoast_head_json":{"title":"Unitre G1 EDU Professional B (U10) - Ghostysky","description":"O Unitree G1 EDU Professional B (U10) \u00e9 um rob\u00f4 humanoide de alto desempenho projetado especificamente para pesquisa avan\u00e7ada, laborat\u00f3rios universit\u00e1rios e P&amp;D industrial. Posicionado como uma itera\u00e7\u00e3o de &quot;n\u00edvel superior&quot; da s\u00e9rie G1, o modelo U10 preenche a lacuna entre a locomo\u00e7\u00e3o b\u00edpede b\u00e1sica e a manipula\u00e7\u00e3o complexa, semelhante \u00e0 humana, por meio da integra\u00e7\u00e3o de m\u00e3os h\u00e1beis e sens\u00edveis ao tato.","robots":{"index":"index","follow":"follow","max-snippet":"max-snippet:-1","max-image-preview":"max-image-preview:large","max-video-preview":"max-video-preview:-1"},"canonical":"https:\/\/www.ghostysky.com\/pt\/produto-2\/unitre-g1-edu-professional-b-u10\/","og_locale":"pt_PT","og_type":"article","og_title":"Unitre G1 EDU Professional B (U10) - Ghostysky","og_description":"The Unitree G1 EDU Professional B (U10) is a high-performance humanoid robot designed specifically for advanced research, university labs, and industrial R&D. Positioned as a \"next-level\" iteration of the G1 series, the U10 model bridges the gap between basic bipedal locomotion and complex, human-like manipulation through the integration of tactile-sensitive dexterous hands.","og_url":"https:\/\/www.ghostysky.com\/pt\/produto-2\/unitre-g1-edu-professional-b-u10\/","og_site_name":"Ghostysky","article_publisher":"https:\/\/www.facebook.com\/people\/Ghostysky\/100057676170234\/","article_modified_time":"2026-03-16T10:37:57+00:00","og_image":[{"width":650,"height":650,"url":"https:\/\/www.ghostysky.com\/wp-content\/uploads\/2025\/10\/GH_G1-Humanoid_1.png","type":"image\/png"}],"twitter_card":"summary_large_image","twitter_site":"@Gh0stysky","twitter_misc":{"Tempo estimado de leitura":"2 minutos"},"schema":{"@context":"https:\/\/schema.org","@graph":[{"@type":"WebPage","@id":"https:\/\/www.ghostysky.com\/product\/unitre-g1-edu-professional-b-u10\/","url":"https:\/\/www.ghostysky.com\/product\/unitre-g1-edu-professional-b-u10\/","name":"Unitre G1 EDU Professional B (U10) - Ghostysky","isPartOf":{"@id":"https:\/\/www.ghostysky.com\/#website"},"primaryImageOfPage":{"@id":"https:\/\/www.ghostysky.com\/product\/unitre-g1-edu-professional-b-u10\/#primaryimage"},"image":{"@id":"https:\/\/www.ghostysky.com\/product\/unitre-g1-edu-professional-b-u10\/#primaryimage"},"thumbnailUrl":"https:\/\/www.ghostysky.com\/wp-content\/uploads\/2025\/10\/GH_G1-Humanoid_1.png","datePublished":"2026-03-16T10:01:56+00:00","dateModified":"2026-03-16T10:37:57+00:00","description":"O Unitree G1 EDU Professional B (U10) \u00e9 um rob\u00f4 humanoide de alto desempenho projetado especificamente para pesquisa avan\u00e7ada, laborat\u00f3rios universit\u00e1rios e P&amp;D industrial. Posicionado como uma itera\u00e7\u00e3o de &quot;n\u00edvel superior&quot; da s\u00e9rie G1, o modelo U10 preenche a lacuna entre a locomo\u00e7\u00e3o b\u00edpede b\u00e1sica e a manipula\u00e7\u00e3o complexa, semelhante \u00e0 humana, por meio da integra\u00e7\u00e3o de m\u00e3os h\u00e1beis e sens\u00edveis ao tato.","breadcrumb":{"@id":"https:\/\/www.ghostysky.com\/product\/unitre-g1-edu-professional-b-u10\/#breadcrumb"},"inLanguage":"pt-PT","potentialAction":[{"@type":"ReadAction","target":["https:\/\/www.ghostysky.com\/product\/unitre-g1-edu-professional-b-u10\/"]}]},{"@type":"ImageObject","inLanguage":"pt-PT","@id":"https:\/\/www.ghostysky.com\/product\/unitre-g1-edu-professional-b-u10\/#primaryimage","url":"https:\/\/www.ghostysky.com\/wp-content\/uploads\/2025\/10\/GH_G1-Humanoid_1.png","contentUrl":"https:\/\/www.ghostysky.com\/wp-content\/uploads\/2025\/10\/GH_G1-Humanoid_1.png","width":650,"height":650},{"@type":"BreadcrumbList","@id":"https:\/\/www.ghostysky.com\/product\/unitre-g1-edu-professional-b-u10\/#breadcrumb","itemListElement":[{"@type":"ListItem","position":1,"name":"Home","item":"https:\/\/www.ghostysky.com\/"},{"@type":"ListItem","position":2,"name":"Shop","item":"https:\/\/www.ghostysky.com\/shop\/"},{"@type":"ListItem","position":3,"name":"Unitre G1 EDU Professional B (U10)"}]},{"@type":"WebSite","@id":"https:\/\/www.ghostysky.com\/#website","url":"https:\/\/www.ghostysky.com\/","name":"Ghostysky","description":"Fornecendo drones e servi\u00e7os profissionais","publisher":{"@id":"https:\/\/www.ghostysky.com\/#organization"},"potentialAction":[{"@type":"SearchAction","target":{"@type":"EntryPoint","urlTemplate":"https:\/\/www.ghostysky.com\/?s={search_term_string}"},"query-input":{"@type":"PropertyValueSpecification","valueRequired":true,"valueName":"search_term_string"}}],"inLanguage":"pt-PT"},{"@type":"Organization","@id":"https:\/\/www.ghostysky.com\/#organization","name":"Ghostysky","url":"https:\/\/www.ghostysky.com\/","logo":{"@type":"ImageObject","inLanguage":"pt-PT","@id":"https:\/\/www.ghostysky.com\/#\/schema\/logo\/image\/","url":"https:\/\/www.ghostysky.com\/wp-content\/uploads\/2020\/06\/cropped-ghostyskylogo_text_white2.png","contentUrl":"https:\/\/www.ghostysky.com\/wp-content\/uploads\/2020\/06\/cropped-ghostyskylogo_text_white2.png","width":169,"height":56,"caption":"Ghostysky"},"image":{"@id":"https:\/\/www.ghostysky.com\/#\/schema\/logo\/image\/"},"sameAs":["https:\/\/www.facebook.com\/people\/Ghostysky\/100057676170234\/","https:\/\/x.com\/Gh0stysky","https:\/\/www.linkedin.com\/company\/34739653","https:\/\/www.instagram.com\/gh0stysky"]}]}},"_links":{"self":[{"href":"https:\/\/www.ghostysky.com\/pt\/wp-json\/wp\/v2\/product\/24432","targetHints":{"allow":["GET"]}}],"collection":[{"href":"https:\/\/www.ghostysky.com\/pt\/wp-json\/wp\/v2\/product"}],"about":[{"href":"https:\/\/www.ghostysky.com\/pt\/wp-json\/wp\/v2\/types\/product"}],"replies":[{"embeddable":true,"href":"https:\/\/www.ghostysky.com\/pt\/wp-json\/wp\/v2\/comments?post=24432"}],"wp:featuredmedia":[{"embeddable":true,"href":"https:\/\/www.ghostysky.com\/pt\/wp-json\/wp\/v2\/media\/21524"}],"wp:attachment":[{"href":"https:\/\/www.ghostysky.com\/pt\/wp-json\/wp\/v2\/media?parent=24432"}],"wp:term":[{"taxonomy":"product_brand","embeddable":true,"href":"https:\/\/www.ghostysky.com\/pt\/wp-json\/wp\/v2\/product_brand?post=24432"},{"taxonomy":"product_cat","embeddable":true,"href":"https:\/\/www.ghostysky.com\/pt\/wp-json\/wp\/v2\/product_cat?post=24432"},{"taxonomy":"product_tag","embeddable":true,"href":"https:\/\/www.ghostysky.com\/pt\/wp-json\/wp\/v2\/product_tag?post=24432"}],"curies":[{"name":"wp","href":"https:\/\/api.w.org\/{rel}","templated":true}]}}