{"id":24434,"date":"2026-03-16T10:04:02","date_gmt":"2026-03-16T10:04:02","guid":{"rendered":"https:\/\/www.ghostysky.com\/?post_type=product&#038;p=24434"},"modified":"2026-03-16T10:10:54","modified_gmt":"2026-03-16T10:10:54","slug":"unitree-g1-edu-professional-a-u9","status":"publish","type":"product","link":"https:\/\/www.ghostysky.com\/pt\/product\/unitree-g1-edu-professional-a-u9\/","title":{"rendered":"Unitree G1 EDU Profissional A (U9)"},"content":{"rendered":"<div id=\"model-response-message-contentr_c0565deda99f03ad\" class=\"markdown markdown-main-panel stronger enable-updated-hr-color\" dir=\"ltr\">\n<div id=\"model-response-message-contentr_0f28adeca7555db0\" class=\"markdown markdown-main-panel stronger enable-updated-hr-color\" dir=\"ltr\">\n<div id=\"model-response-message-contentr_2df5e3d7da0ab85d\" class=\"markdown markdown-main-panel stronger enable-updated-hr-color\" dir=\"ltr\">\n<h3 data-path-to-node=\"2\">Vis\u00e3o geral do produto<\/h3>\n<p id=\"p-rc_84cdbf720b773afb-84\" data-path-to-node=\"3\"><span class=\"citation-277\">O Unitree G1 EDU U9 \u00e9 um humanoide compacto e dobr\u00e1vel com aproximadamente [altura em cent\u00edmetros] de altura. <\/span><b data-path-to-node=\"3\" data-index-in-node=\"80\"><span class=\"citation-277\">1,32 m de altura<\/span><\/b><span class=\"citation-277 citation-end-277\">.<\/span> <span class=\"citation-276 citation-end-276\">\u00c9 constru\u00eddo com materiais de alta resist\u00eancia e juntas de n\u00edvel industrial, tornando-se uma plataforma robusta para testar aprendizado por refor\u00e7o, vis\u00e3o computacional e intera\u00e7\u00e3o humano-rob\u00f4.<\/span><\/p>\n<h3 data-path-to-node=\"4\"><\/h3>\n<h3 data-path-to-node=\"4\">Especifica\u00e7\u00f5es principais: U9 Professional A<\/h3>\n<table data-path-to-node=\"5\">\n<thead>\n<tr>\n<td><strong>Recurso<\/strong><\/td>\n<td><strong>Especifica\u00e7\u00f5es<\/strong><\/td>\n<\/tr>\n<\/thead>\n<tbody>\n<tr>\n<td><span data-path-to-node=\"5,1,0,0\"><b data-path-to-node=\"5,1,0,0\" data-index-in-node=\"0\">Graus de liberdade totais<\/b><\/span><\/td>\n<td><span data-path-to-node=\"5,1,1,0\"><b data-path-to-node=\"5,1,1,0\" data-index-in-node=\"0\">37 graus de liberdade<\/b> (Aumentou em rela\u00e7\u00e3o \u00e0 base 23)<\/span><\/td>\n<\/tr>\n<tr>\n<td><span data-path-to-node=\"5,2,0,0\"><b data-path-to-node=\"5,2,0,0\" data-index-in-node=\"0\">M\u00e3os<\/b><\/span><\/td>\n<td><span data-path-to-node=\"5,2,1,0\">2x <b data-path-to-node=\"5,2,1,0\" data-index-in-node=\"3\">Dex3-1 T\u00e1til<\/b> (M\u00e3os com destreza de 3 dedos)<\/span><\/td>\n<\/tr>\n<tr>\n<td><span data-path-to-node=\"5,3,0,0\"><b data-path-to-node=\"5,3,0,0\" data-index-in-node=\"0\">Sensores t\u00e1teis<\/b><\/span><\/td>\n<td><span data-path-to-node=\"5,3,1,0\">Matrizes integradas (<b data-path-to-node=\"5,3,1,0\" data-index-in-node=\"19\">33 sensores por m\u00e3o<\/b>)<\/span><\/td>\n<\/tr>\n<tr>\n<td><span data-path-to-node=\"5,4,0,0\"><b data-path-to-node=\"5,4,0,0\" data-index-in-node=\"0\">Computa\u00e7\u00e3o de IA integrada<\/b><\/span><\/td>\n<td><span data-path-to-node=\"5,4,1,0\"><b data-path-to-node=\"5,4,1,0\" data-index-in-node=\"0\">NVIDIA Jetson Orin NX (16GB)<\/b> \u2013 100 TOPS<\/span><\/td>\n<\/tr>\n<tr>\n<td><span data-path-to-node=\"5,5,0,0\"><b data-path-to-node=\"5,5,0,0\" data-index-in-node=\"0\">Torque do joelho<\/b><\/span><\/td>\n<td><span data-path-to-node=\"5,5,1,0\"><b data-path-to-node=\"5,5,1,0\" data-index-in-node=\"0\">120 N\u00b7m<\/b> (Vers\u00e3o EDU de alto torque)<\/span><\/td>\n<\/tr>\n<tr>\n<td><span data-path-to-node=\"5,6,0,0\"><b data-path-to-node=\"5,6,0,0\" data-index-in-node=\"0\">Carga \u00fatil m\u00e1xima<\/b><\/span><\/td>\n<td><span data-path-to-node=\"5,6,1,0\">~3 kg (Bra\u00e7o)<\/span><\/td>\n<\/tr>\n<tr>\n<td><span data-path-to-node=\"5,7,0,0\"><b data-path-to-node=\"5,7,0,0\" data-index-in-node=\"0\">Tempo de execu\u00e7\u00e3o<\/b><\/span><\/td>\n<td><span data-path-to-node=\"5,7,1,0\">Aproximadamente 2 horas (bateria de 9000 mAh com libera\u00e7\u00e3o r\u00e1pida)<\/span><\/td>\n<\/tr>\n<\/tbody>\n<\/table>\n<p>&nbsp;<\/p>\n<p>&nbsp;<\/p>\n<h3 data-path-to-node=\"7\">Principais caracter\u00edsticas<\/h3>\n<ul data-path-to-node=\"8\">\n<li>\n<p id=\"p-rc_84cdbf720b773afb-85\" data-path-to-node=\"8,0,0\"><b data-path-to-node=\"8,0,0\" data-index-in-node=\"0\"><span class=\"citation-275\">Manipula\u00e7\u00e3o t\u00e1til:<\/span><\/b><span class=\"citation-275 citation-end-275\"> Diferentemente dos modelos EDU b\u00e1sicos, o U9 est\u00e1 equipado com conjuntos de sensores t\u00e1teis nos dedos.<\/span> Isso permite que o rob\u00f4 &quot;sinta&quot; os objetos, possibilitando uma preens\u00e3o delicada e uma manipula\u00e7\u00e3o avan\u00e7ada com controle de for\u00e7a que imita o toque humano.<\/p>\n<\/li>\n<li>\n<p id=\"p-rc_84cdbf720b773afb-86\" data-path-to-node=\"8,1,0\"><b data-path-to-node=\"8,1,0\" data-index-in-node=\"0\"><span class=\"citation-274\">Integra\u00e7\u00e3o avan\u00e7ada de IA:<\/span><\/b><span class=\"citation-274 citation-end-274\"> O m\u00f3dulo Jetson Orin integrado fornece os 100 TOPS de poder computacional necess\u00e1rios para executar racioc\u00ednio &quot;Sistema 2&quot; em tempo real, grandes modelos de linguagem (LLMs) e algoritmos complexos de vis\u00e3o computacional localmente no rob\u00f4.<\/span><\/p>\n<\/li>\n<li>\n<p id=\"p-rc_84cdbf720b773afb-87\" data-path-to-node=\"8,2,0\"><b data-path-to-node=\"8,2,0\" data-index-in-node=\"0\"><span class=\"citation-273\">Agilidade cinem\u00e1tica:<\/span><\/b><span class=\"citation-273 citation-end-273\"> Com 37 articula\u00e7\u00f5es ativas (incluindo uma cintura com m\u00faltiplos graus de liberdade e pulsos especializados), o U9 consegue realizar movimentos extremamente fluidos e semelhantes aos humanos.<\/span> <span class=\"citation-272 citation-end-272\">Possui um design dobr\u00e1vel exclusivo, podendo ser compactado at\u00e9 apenas 69 cm para facilitar o transporte.<\/span><\/p>\n<\/li>\n<li>\n<p id=\"p-rc_84cdbf720b773afb-88\" data-path-to-node=\"8,3,0\"><b data-path-to-node=\"8,3,0\" data-index-in-node=\"0\">Conjunto de sensores abrangente:<\/b><span class=\"citation-271\"> Ele percebe o mundo atrav\u00e9s de um <\/span><b data-path-to-node=\"8,3,0\" data-index-in-node=\"57\"><span class=\"citation-271\">LiDAR 3D (Livox Mid-360)<\/span><\/b><span class=\"citation-271\"> para mapeamento de 360\u00b0 e um <\/span><b data-path-to-node=\"8,3,0\" data-index-in-node=\"106\"><span class=\"citation-271\">C\u00e2mera de profundidade Intel RealSense D435i<\/span><\/b><span class=\"citation-271 citation-end-271\"> para percep\u00e7\u00e3o visual frontal.<\/span><\/p>\n<p>&nbsp;<\/li>\n<\/ul>\n<h3 data-path-to-node=\"9\">Foco em Desenvolvimento e Pesquisa<\/h3>\n<p id=\"p-rc_84cdbf720b773afb-89\" data-path-to-node=\"10\"><span class=\"citation-270 citation-end-270\">A s\u00e9rie G1 EDU \u00e9 uma plataforma &quot;aberta&quot;.<\/span> Suporta:<\/p>\n<ul data-path-to-node=\"11\">\n<li>\n<p id=\"p-rc_84cdbf720b773afb-90\" data-path-to-node=\"11,0,0\"><b data-path-to-node=\"11,0,0\" data-index-in-node=\"0\">Desenvolvimento Secund\u00e1rio:<\/b><span class=\"citation-269 citation-end-269\"> Acesso completo aos SDKs de alto e baixo n\u00edvel (C++\/Python).<\/span><\/p>\n<\/li>\n<li>\n<p id=\"p-rc_84cdbf720b773afb-91\" data-path-to-node=\"11,1,0\"><b data-path-to-node=\"11,1,0\" data-index-in-node=\"0\">Treinamento de IA:<\/b><span class=\"citation-268\"> Apoio ao <\/span><b data-path-to-node=\"11,1,0\" data-index-in-node=\"29\"><span class=\"citation-268\">Uniforme<\/span><\/b><span class=\"citation-268 citation-end-268\"> (Unitree Robot Unified Large Model) e estruturas para aprendizagem por imita\u00e7\u00e3o e refor\u00e7o.<\/span><\/p>\n<\/li>\n<li>\n<p id=\"p-rc_84cdbf720b773afb-92\" data-path-to-node=\"11,2,0\"><b data-path-to-node=\"11,2,0\" data-index-in-node=\"0\"><span class=\"citation-267\">Comunica\u00e7\u00e3o:<\/span><\/b><span class=\"citation-267 citation-end-267\"> Sistemas de codifica\u00e7\u00e3o dupla em todas as juntas, Wi-Fi 6 e Bluetooth 5.2 garantem controle de baixa lat\u00eancia e feedback de dados.<\/span><\/p>\n<div class=\"source-inline-chip-container ng-star-inserted\"><\/div>\n<\/li>\n<\/ul>\n<h3 data-path-to-node=\"12\">Casos de Uso<\/h3>\n<ul data-path-to-node=\"13\">\n<li>\n<p data-path-to-node=\"13,0,0\"><b data-path-to-node=\"13,0,0\" data-index-in-node=\"0\">Pesquisa em IA Incorporada:<\/b> Treinar rob\u00f4s para interagir com ambientes f\u00edsicos usando vis\u00e3o e tato.<\/p>\n<\/li>\n<li>\n<p data-path-to-node=\"13,1,0\"><b data-path-to-node=\"13,1,0\" data-index-in-node=\"0\">Laborat\u00f3rios de Manipula\u00e7\u00e3o Destra:<\/b> Desenvolvimento de algoritmos para uso de ferramentas, montagem e habilidades motoras finas.<\/p>\n<\/li>\n<li>\n<p id=\"p-rc_84cdbf720b773afb-93\" data-path-to-node=\"13,2,0\"><b data-path-to-node=\"13,2,0\" data-index-in-node=\"0\"><span class=\"citation-266 interactive-span-hovered\">STEM e Ensino Superior:<\/span><\/b><span class=\"citation-266 citation-end-266 interactive-span-hovered\"> Uma plataforma padronizada para universidades ensinarem rob\u00f3tica humanoide em escala profissional.<\/span><\/p>\n<\/li>\n<\/ul>\n<\/div>\n<\/div>\n<\/div>","protected":false},"excerpt":{"rendered":"<p><span class=\"citation-279\">O <\/span><b data-path-to-node=\"0\" data-index-in-node=\"4\"><span class=\"citation-279\">Unitree G1 EDU Profissional A (U9)<\/span><\/b><span class=\"citation-279 citation-end-279\"> \u00c9 um rob\u00f4 humanoide de alto desempenho projetado especificamente para pesquisa avan\u00e7ada, desenvolvimento de IA e prototipagem industrial.<\/span> <span class=\"citation-278\">Embora o G1 padr\u00e3o seja um humanoide b\u00e1sico competente, <\/span><b data-path-to-node=\"0\" data-index-in-node=\"226\"><span class=\"citation-278\">Vers\u00e3o U9<\/span><\/b><span class=\"citation-278 citation-end-278\"> \u00c9 uma configura\u00e7\u00e3o &quot;profissional&quot; que adiciona feedback t\u00e1til e maiores graus de liberdade (DoF) para tarefas de manipula\u00e7\u00e3o complexas.<\/span><\/p>","protected":false},"featured_media":21524,"comment_status":"open","ping_status":"closed","template":"","meta":[],"product_brand":[1087],"product_cat":[1038,1037,1103],"product_tag":[1088,1110,1109,1105],"class_list":{"0":"post-24434","1":"product","2":"type-product","3":"status-publish","4":"has-post-thumbnail","6":"product_brand-unitree","7":"product_cat-humanoid","8":"product_cat-robotics","9":"product_cat-unitree-hum-robots","10":"product_tag-unitree","11":"product_tag-unitree-g1-robot","12":"product_tag-unitree-g1-series","13":"product_tag-unitree-humanoid","15":"first","16":"onbackorder","17":"taxable","18":"shipping-taxable","19":"purchasable","20":"product-type-simple"},"yoast_head":"<!-- This site is optimized with the Yoast SEO plugin v27.4 - https:\/\/yoast.com\/product\/yoast-seo-wordpress\/ -->\n<title>Unitree G1 EDU Professional A (U9) - Ghostysky<\/title>\n<meta name=\"description\" content=\"The Unitree G1 EDU Professional A (U9) is a high-performance humanoid robot designed specifically for advanced research, AI development, and industrial prototyping. While the standard G1 is a capable entry-level humanoid, the U9 version is a &quot;pro-tier&quot; configuration that adds tactile feedback and higher degrees of freedom (DoF) for complex manipulation tasks.\" \/>\n<meta name=\"robots\" content=\"index, follow, max-snippet:-1, max-image-preview:large, max-video-preview:-1\" \/>\n<link rel=\"canonical\" href=\"https:\/\/www.ghostysky.com\/pt\/produto-2\/unitree-g1-edu-professional-a-u9\/\" \/>\n<meta property=\"og:locale\" content=\"pt_PT\" \/>\n<meta property=\"og:type\" content=\"article\" \/>\n<meta property=\"og:title\" content=\"Unitree G1 EDU Professional A (U9) - Ghostysky\" \/>\n<meta property=\"og:description\" content=\"The Unitree G1 EDU Professional A (U9) is a high-performance humanoid robot designed specifically for advanced research, AI development, and industrial prototyping. While the standard G1 is a capable entry-level humanoid, the U9 version is a &quot;pro-tier&quot; configuration that adds tactile feedback and higher degrees of freedom (DoF) for complex manipulation tasks.\" \/>\n<meta property=\"og:url\" content=\"https:\/\/www.ghostysky.com\/pt\/produto-2\/unitree-g1-edu-professional-a-u9\/\" \/>\n<meta property=\"og:site_name\" content=\"Ghostysky\" \/>\n<meta property=\"article:publisher\" content=\"https:\/\/www.facebook.com\/people\/Ghostysky\/100057676170234\/\" \/>\n<meta property=\"article:modified_time\" content=\"2026-03-16T10:10:54+00:00\" \/>\n<meta property=\"og:image\" content=\"https:\/\/www.ghostysky.com\/wp-content\/uploads\/2025\/10\/GH_G1-Humanoid_1.png\" \/>\n\t<meta property=\"og:image:width\" content=\"650\" \/>\n\t<meta property=\"og:image:height\" content=\"650\" \/>\n\t<meta property=\"og:image:type\" content=\"image\/png\" \/>\n<meta name=\"twitter:card\" content=\"summary_large_image\" \/>\n<meta name=\"twitter:site\" content=\"@Gh0stysky\" \/>\n<meta name=\"twitter:label1\" content=\"Tempo estimado de leitura\" \/>\n\t<meta name=\"twitter:data1\" content=\"2 minutos\" \/>\n<script type=\"application\/ld+json\" class=\"yoast-schema-graph\">{\"@context\":\"https:\\\/\\\/schema.org\",\"@graph\":[{\"@type\":\"WebPage\",\"@id\":\"https:\\\/\\\/www.ghostysky.com\\\/product\\\/unitree-g1-edu-professional-a-u9\\\/\",\"url\":\"https:\\\/\\\/www.ghostysky.com\\\/product\\\/unitree-g1-edu-professional-a-u9\\\/\",\"name\":\"Unitree G1 EDU Professional A (U9) - Ghostysky\",\"isPartOf\":{\"@id\":\"https:\\\/\\\/www.ghostysky.com\\\/#website\"},\"primaryImageOfPage\":{\"@id\":\"https:\\\/\\\/www.ghostysky.com\\\/product\\\/unitree-g1-edu-professional-a-u9\\\/#primaryimage\"},\"image\":{\"@id\":\"https:\\\/\\\/www.ghostysky.com\\\/product\\\/unitree-g1-edu-professional-a-u9\\\/#primaryimage\"},\"thumbnailUrl\":\"https:\\\/\\\/www.ghostysky.com\\\/wp-content\\\/uploads\\\/2025\\\/10\\\/GH_G1-Humanoid_1.png\",\"datePublished\":\"2026-03-16T10:04:02+00:00\",\"dateModified\":\"2026-03-16T10:10:54+00:00\",\"description\":\"The Unitree G1 EDU Professional A (U9) is a high-performance humanoid robot designed specifically for advanced research, AI development, and industrial prototyping. While the standard G1 is a capable entry-level humanoid, the U9 version is a \\\"pro-tier\\\" configuration that adds tactile feedback and higher degrees of freedom (DoF) for complex manipulation tasks.\",\"breadcrumb\":{\"@id\":\"https:\\\/\\\/www.ghostysky.com\\\/product\\\/unitree-g1-edu-professional-a-u9\\\/#breadcrumb\"},\"inLanguage\":\"pt-PT\",\"potentialAction\":[{\"@type\":\"ReadAction\",\"target\":[\"https:\\\/\\\/www.ghostysky.com\\\/product\\\/unitree-g1-edu-professional-a-u9\\\/\"]}]},{\"@type\":\"ImageObject\",\"inLanguage\":\"pt-PT\",\"@id\":\"https:\\\/\\\/www.ghostysky.com\\\/product\\\/unitree-g1-edu-professional-a-u9\\\/#primaryimage\",\"url\":\"https:\\\/\\\/www.ghostysky.com\\\/wp-content\\\/uploads\\\/2025\\\/10\\\/GH_G1-Humanoid_1.png\",\"contentUrl\":\"https:\\\/\\\/www.ghostysky.com\\\/wp-content\\\/uploads\\\/2025\\\/10\\\/GH_G1-Humanoid_1.png\",\"width\":650,\"height\":650},{\"@type\":\"BreadcrumbList\",\"@id\":\"https:\\\/\\\/www.ghostysky.com\\\/product\\\/unitree-g1-edu-professional-a-u9\\\/#breadcrumb\",\"itemListElement\":[{\"@type\":\"ListItem\",\"position\":1,\"name\":\"Home\",\"item\":\"https:\\\/\\\/www.ghostysky.com\\\/\"},{\"@type\":\"ListItem\",\"position\":2,\"name\":\"Shop\",\"item\":\"https:\\\/\\\/www.ghostysky.com\\\/shop\\\/\"},{\"@type\":\"ListItem\",\"position\":3,\"name\":\"Unitree G1 EDU Professional A (U9)\"}]},{\"@type\":\"WebSite\",\"@id\":\"https:\\\/\\\/www.ghostysky.com\\\/#website\",\"url\":\"https:\\\/\\\/www.ghostysky.com\\\/\",\"name\":\"Ghostysky\",\"description\":\"Delivering professional drones and robotics solutions\",\"publisher\":{\"@id\":\"https:\\\/\\\/www.ghostysky.com\\\/#organization\"},\"potentialAction\":[{\"@type\":\"SearchAction\",\"target\":{\"@type\":\"EntryPoint\",\"urlTemplate\":\"https:\\\/\\\/www.ghostysky.com\\\/?s={search_term_string}\"},\"query-input\":{\"@type\":\"PropertyValueSpecification\",\"valueRequired\":true,\"valueName\":\"search_term_string\"}}],\"inLanguage\":\"pt-PT\"},{\"@type\":\"Organization\",\"@id\":\"https:\\\/\\\/www.ghostysky.com\\\/#organization\",\"name\":\"Ghostysky\",\"url\":\"https:\\\/\\\/www.ghostysky.com\\\/\",\"logo\":{\"@type\":\"ImageObject\",\"inLanguage\":\"pt-PT\",\"@id\":\"https:\\\/\\\/www.ghostysky.com\\\/#\\\/schema\\\/logo\\\/image\\\/\",\"url\":\"https:\\\/\\\/www.ghostysky.com\\\/wp-content\\\/uploads\\\/2020\\\/06\\\/cropped-ghostyskylogo_text_white2.png\",\"contentUrl\":\"https:\\\/\\\/www.ghostysky.com\\\/wp-content\\\/uploads\\\/2020\\\/06\\\/cropped-ghostyskylogo_text_white2.png\",\"width\":169,\"height\":56,\"caption\":\"Ghostysky\"},\"image\":{\"@id\":\"https:\\\/\\\/www.ghostysky.com\\\/#\\\/schema\\\/logo\\\/image\\\/\"},\"sameAs\":[\"https:\\\/\\\/www.facebook.com\\\/people\\\/Ghostysky\\\/100057676170234\\\/\",\"https:\\\/\\\/x.com\\\/Gh0stysky\",\"https:\\\/\\\/www.linkedin.com\\\/company\\\/34739653\",\"https:\\\/\\\/www.instagram.com\\\/gh0stysky\"]}]}<\/script>\n<!-- \/ Yoast SEO plugin. -->","yoast_head_json":{"title":"Unitree G1 EDU Profissional A (U9) - Ghostysky","description":"O Unitree G1 EDU Professional A (U9) \u00e9 um rob\u00f4 humanoide de alto desempenho projetado especificamente para pesquisa avan\u00e7ada, desenvolvimento de IA e prototipagem industrial. Enquanto o G1 padr\u00e3o \u00e9 um humanoide b\u00e1sico competente, a vers\u00e3o U9 \u00e9 uma configura\u00e7\u00e3o &quot;profissional&quot; que adiciona feedback t\u00e1til e maior grau de liberdade (DoF) para tarefas de manipula\u00e7\u00e3o complexas.","robots":{"index":"index","follow":"follow","max-snippet":"max-snippet:-1","max-image-preview":"max-image-preview:large","max-video-preview":"max-video-preview:-1"},"canonical":"https:\/\/www.ghostysky.com\/pt\/produto-2\/unitree-g1-edu-professional-a-u9\/","og_locale":"pt_PT","og_type":"article","og_title":"Unitree G1 EDU Professional A (U9) - Ghostysky","og_description":"The Unitree G1 EDU Professional A (U9) is a high-performance humanoid robot designed specifically for advanced research, AI development, and industrial prototyping. While the standard G1 is a capable entry-level humanoid, the U9 version is a \"pro-tier\" configuration that adds tactile feedback and higher degrees of freedom (DoF) for complex manipulation tasks.","og_url":"https:\/\/www.ghostysky.com\/pt\/produto-2\/unitree-g1-edu-professional-a-u9\/","og_site_name":"Ghostysky","article_publisher":"https:\/\/www.facebook.com\/people\/Ghostysky\/100057676170234\/","article_modified_time":"2026-03-16T10:10:54+00:00","og_image":[{"width":650,"height":650,"url":"https:\/\/www.ghostysky.com\/wp-content\/uploads\/2025\/10\/GH_G1-Humanoid_1.png","type":"image\/png"}],"twitter_card":"summary_large_image","twitter_site":"@Gh0stysky","twitter_misc":{"Tempo estimado de leitura":"2 minutos"},"schema":{"@context":"https:\/\/schema.org","@graph":[{"@type":"WebPage","@id":"https:\/\/www.ghostysky.com\/product\/unitree-g1-edu-professional-a-u9\/","url":"https:\/\/www.ghostysky.com\/product\/unitree-g1-edu-professional-a-u9\/","name":"Unitree G1 EDU Profissional A (U9) - Ghostysky","isPartOf":{"@id":"https:\/\/www.ghostysky.com\/#website"},"primaryImageOfPage":{"@id":"https:\/\/www.ghostysky.com\/product\/unitree-g1-edu-professional-a-u9\/#primaryimage"},"image":{"@id":"https:\/\/www.ghostysky.com\/product\/unitree-g1-edu-professional-a-u9\/#primaryimage"},"thumbnailUrl":"https:\/\/www.ghostysky.com\/wp-content\/uploads\/2025\/10\/GH_G1-Humanoid_1.png","datePublished":"2026-03-16T10:04:02+00:00","dateModified":"2026-03-16T10:10:54+00:00","description":"O Unitree G1 EDU Professional A (U9) \u00e9 um rob\u00f4 humanoide de alto desempenho projetado especificamente para pesquisa avan\u00e7ada, desenvolvimento de IA e prototipagem industrial. Enquanto o G1 padr\u00e3o \u00e9 um humanoide b\u00e1sico competente, a vers\u00e3o U9 \u00e9 uma configura\u00e7\u00e3o &quot;profissional&quot; que adiciona feedback t\u00e1til e maior grau de liberdade (DoF) para tarefas de manipula\u00e7\u00e3o complexas.","breadcrumb":{"@id":"https:\/\/www.ghostysky.com\/product\/unitree-g1-edu-professional-a-u9\/#breadcrumb"},"inLanguage":"pt-PT","potentialAction":[{"@type":"ReadAction","target":["https:\/\/www.ghostysky.com\/product\/unitree-g1-edu-professional-a-u9\/"]}]},{"@type":"ImageObject","inLanguage":"pt-PT","@id":"https:\/\/www.ghostysky.com\/product\/unitree-g1-edu-professional-a-u9\/#primaryimage","url":"https:\/\/www.ghostysky.com\/wp-content\/uploads\/2025\/10\/GH_G1-Humanoid_1.png","contentUrl":"https:\/\/www.ghostysky.com\/wp-content\/uploads\/2025\/10\/GH_G1-Humanoid_1.png","width":650,"height":650},{"@type":"BreadcrumbList","@id":"https:\/\/www.ghostysky.com\/product\/unitree-g1-edu-professional-a-u9\/#breadcrumb","itemListElement":[{"@type":"ListItem","position":1,"name":"Home","item":"https:\/\/www.ghostysky.com\/"},{"@type":"ListItem","position":2,"name":"Shop","item":"https:\/\/www.ghostysky.com\/shop\/"},{"@type":"ListItem","position":3,"name":"Unitree G1 EDU Professional A (U9)"}]},{"@type":"WebSite","@id":"https:\/\/www.ghostysky.com\/#website","url":"https:\/\/www.ghostysky.com\/","name":"Ghostysky","description":"Fornecendo solu\u00e7\u00f5es profissionais em drones e rob\u00f3tica.","publisher":{"@id":"https:\/\/www.ghostysky.com\/#organization"},"potentialAction":[{"@type":"SearchAction","target":{"@type":"EntryPoint","urlTemplate":"https:\/\/www.ghostysky.com\/?s={search_term_string}"},"query-input":{"@type":"PropertyValueSpecification","valueRequired":true,"valueName":"search_term_string"}}],"inLanguage":"pt-PT"},{"@type":"Organization","@id":"https:\/\/www.ghostysky.com\/#organization","name":"Ghostysky","url":"https:\/\/www.ghostysky.com\/","logo":{"@type":"ImageObject","inLanguage":"pt-PT","@id":"https:\/\/www.ghostysky.com\/#\/schema\/logo\/image\/","url":"https:\/\/www.ghostysky.com\/wp-content\/uploads\/2020\/06\/cropped-ghostyskylogo_text_white2.png","contentUrl":"https:\/\/www.ghostysky.com\/wp-content\/uploads\/2020\/06\/cropped-ghostyskylogo_text_white2.png","width":169,"height":56,"caption":"Ghostysky"},"image":{"@id":"https:\/\/www.ghostysky.com\/#\/schema\/logo\/image\/"},"sameAs":["https:\/\/www.facebook.com\/people\/Ghostysky\/100057676170234\/","https:\/\/x.com\/Gh0stysky","https:\/\/www.linkedin.com\/company\/34739653","https:\/\/www.instagram.com\/gh0stysky"]}]}},"_links":{"self":[{"href":"https:\/\/www.ghostysky.com\/pt\/wp-json\/wp\/v2\/product\/24434","targetHints":{"allow":["GET"]}}],"collection":[{"href":"https:\/\/www.ghostysky.com\/pt\/wp-json\/wp\/v2\/product"}],"about":[{"href":"https:\/\/www.ghostysky.com\/pt\/wp-json\/wp\/v2\/types\/product"}],"replies":[{"embeddable":true,"href":"https:\/\/www.ghostysky.com\/pt\/wp-json\/wp\/v2\/comments?post=24434"}],"version-history":[{"count":1,"href":"https:\/\/www.ghostysky.com\/pt\/wp-json\/wp\/v2\/product\/24434\/revisions"}],"predecessor-version":[{"id":24436,"href":"https:\/\/www.ghostysky.com\/pt\/wp-json\/wp\/v2\/product\/24434\/revisions\/24436"}],"wp:featuredmedia":[{"embeddable":true,"href":"https:\/\/www.ghostysky.com\/pt\/wp-json\/wp\/v2\/media\/21524"}],"wp:attachment":[{"href":"https:\/\/www.ghostysky.com\/pt\/wp-json\/wp\/v2\/media?parent=24434"}],"wp:term":[{"taxonomy":"product_brand","embeddable":true,"href":"https:\/\/www.ghostysky.com\/pt\/wp-json\/wp\/v2\/product_brand?post=24434"},{"taxonomy":"product_cat","embeddable":true,"href":"https:\/\/www.ghostysky.com\/pt\/wp-json\/wp\/v2\/product_cat?post=24434"},{"taxonomy":"product_tag","embeddable":true,"href":"https:\/\/www.ghostysky.com\/pt\/wp-json\/wp\/v2\/product_tag?post=24434"}],"curies":[{"name":"wp","href":"https:\/\/api.w.org\/{rel}","templated":true}]}}