{"id":24435,"date":"2026-03-16T10:35:23","date_gmt":"2026-03-16T10:35:23","guid":{"rendered":"https:\/\/www.ghostysky.com\/?post_type=product&#038;p=24435"},"modified":"2026-03-16T10:51:08","modified_gmt":"2026-03-16T10:51:08","slug":"unitre-g1-edu-professional-e-u13","status":"publish","type":"product","link":"https:\/\/www.ghostysky.com\/pt\/product\/unitre-g1-edu-professional-e-u13\/","title":{"rendered":"Unitre G1 EDU Professional E (U13)"},"content":{"rendered":"<div id=\"model-response-message-contentr_c0565deda99f03ad\" class=\"markdown markdown-main-panel stronger enable-updated-hr-color\" dir=\"ltr\">\n<div id=\"model-response-message-contentr_0f28adeca7555db0\" class=\"markdown markdown-main-panel stronger enable-updated-hr-color\" dir=\"ltr\">\n<div id=\"model-response-message-contentr_2df5e3d7da0ab85d\" class=\"markdown markdown-main-panel stronger enable-updated-hr-color\" dir=\"ltr\">\n<h3 data-path-to-node=\"3\">Principais recursos e capacidades<\/h3>\n<ul data-path-to-node=\"4\">\n<li>\n<p id=\"p-rc_1c0db823354e3a8a-107\" data-path-to-node=\"4,0,0\"><b data-path-to-node=\"4,0,0\" data-index-in-node=\"0\">Destreza semelhante \u00e0 humana:<\/b><span class=\"citation-350\"> Equipado com dois <\/span><b data-path-to-node=\"4,0,0\" data-index-in-node=\"40\"><span class=\"citation-350\">BrainCo Revo 2 (5 dedos)<\/span><\/b><span class=\"citation-350 citation-end-350\"> m\u00e3os h\u00e1beis.<\/span> Essas pr\u00f3teses permitem tarefas de motricidade fina, percep\u00e7\u00e3o t\u00e1til e manipula\u00e7\u00e3o sofisticada de objetos, algo que as m\u00e3os artificiais padr\u00e3o n\u00e3o conseguem fazer.<\/p>\n<\/li>\n<li>\n<p id=\"p-rc_1c0db823354e3a8a-108\" data-path-to-node=\"4,1,0\"><b data-path-to-node=\"4,1,0\" data-index-in-node=\"0\"><span class=\"citation-349\">Computa\u00e7\u00e3o avan\u00e7ada de IA:<\/span><\/b><span class=\"citation-349\"> Desenvolvido por <\/span><b data-path-to-node=\"4,1,0\" data-index-in-node=\"36\"><span class=\"citation-349\">NVIDIA Jetson Orin (100 TOPS)<\/span><\/b><span class=\"citation-349 citation-end-349\"> M\u00f3dulo que permite computa\u00e7\u00e3o de borda em tempo real para aprendizado por refor\u00e7o, vis\u00e3o computacional e navega\u00e7\u00e3o aut\u00f4noma.<\/span><\/p>\n<\/li>\n<li>\n<p id=\"p-rc_1c0db823354e3a8a-109\" data-path-to-node=\"4,2,0\"><b data-path-to-node=\"4,2,0\" data-index-in-node=\"0\">Desenvolvimento Secund\u00e1rio:<\/b><span class=\"citation-348\"> Ao contr\u00e1rio da vers\u00e3o para o consumidor, a s\u00e9rie EDU oferece acesso completo a <\/span><b data-path-to-node=\"4,2,0\" data-index-in-node=\"89\"><span class=\"citation-348\">SDKs e APIs<\/span><\/b><span class=\"citation-348 citation-end-348\"> (com suporte para ROS, Python e C++), permitindo que pesquisadores programem padr\u00f5es de marcha e comportamentos personalizados.<\/span><\/p>\n<\/li>\n<li>\n<p id=\"p-rc_1c0db823354e3a8a-110\" data-path-to-node=\"4,3,0\"><b data-path-to-node=\"4,3,0\" data-index-in-node=\"0\">Torque e pot\u00eancia aprimorados:<\/b><span class=\"citation-347\"> Apresenta motores de joelho aprimorados com <\/span><b data-path-to-node=\"4,3,0\" data-index-in-node=\"60\"><span class=\"citation-347\">120 N\u00b7m<\/span><\/b><span class=\"citation-347 citation-end-347\"> de torque m\u00e1ximo (contra 90 N\u00b7m no modelo b\u00e1sico) e capacidade de carga \u00fatil de 3 kg no bra\u00e7o.<\/span><\/p>\n<div class=\"source-inline-chip-container ng-star-inserted\"><\/div>\n<p>&nbsp;<\/li>\n<\/ul>\n<h3 data-path-to-node=\"6\">Especifica\u00e7\u00f5es t\u00e9cnicas<\/h3>\n<table data-path-to-node=\"7\">\n<thead>\n<tr>\n<td><strong>Categoria<\/strong><\/td>\n<td><strong>Especifica\u00e7\u00f5es<\/strong><\/td>\n<\/tr>\n<\/thead>\n<tbody>\n<tr>\n<td><span data-path-to-node=\"7,1,0,0\"><b data-path-to-node=\"7,1,0,0\" data-index-in-node=\"0\">Altura \/ Peso<\/b><\/span><\/td>\n<td><span data-path-to-node=\"7,1,1,0\">1320 mm (em p\u00e9) \/ ~35 kg<\/span><\/td>\n<\/tr>\n<tr>\n<td><span data-path-to-node=\"7,2,0,0\"><b data-path-to-node=\"7,2,0,0\" data-index-in-node=\"0\">Graus de Liberdade<\/b><\/span><\/td>\n<td><span data-path-to-node=\"7,2,1,0\">35 graus de liberdade (incluindo 1 grau de liberdade na cintura e 5 graus de liberdade nos bra\u00e7os)<\/span><\/td>\n<\/tr>\n<tr>\n<td><span data-path-to-node=\"7,3,0,0\"><b data-path-to-node=\"7,3,0,0\" data-index-in-node=\"0\">Capacidade de processamento<\/b><\/span><\/td>\n<td><span data-path-to-node=\"7,3,1,0\">CPU de 8 n\u00facleos + NVIDIA Jetson Orin (100 TOPS)<\/span><\/td>\n<\/tr>\n<tr>\n<td><span data-path-to-node=\"7,4,0,0\"><b data-path-to-node=\"7,4,0,0\" data-index-in-node=\"0\">Matriz de sensores<\/b><\/span><\/td>\n<td><span data-path-to-node=\"7,4,1,0\">Livox Mid-360 3D LiDAR + C\u00e2mera de Profundidade Intel RealSense D435i<\/span><\/td>\n<\/tr>\n<tr>\n<td><span data-path-to-node=\"7,5,0,0\"><b data-path-to-node=\"7,5,0,0\" data-index-in-node=\"0\">Motores Conjuntos<\/b><\/span><\/td>\n<td><span data-path-to-node=\"7,5,1,0\">Motores PMSM de rotor interno de baixa in\u00e9rcia<\/span><\/td>\n<\/tr>\n<tr>\n<td><span data-path-to-node=\"7,6,0,0\"><b data-path-to-node=\"7,6,0,0\" data-index-in-node=\"0\">Velocidade m\u00e1xima<\/b><\/span><\/td>\n<td><span data-path-to-node=\"7,6,1,0\">2,0 m\/s<\/span><\/td>\n<\/tr>\n<tr>\n<td><span data-path-to-node=\"7,7,0,0\"><b data-path-to-node=\"7,7,0,0\" data-index-in-node=\"0\">Dura\u00e7\u00e3o da bateria<\/b><\/span><\/td>\n<td><span data-path-to-node=\"7,7,1,0\">~120 minutos (bateria de l\u00edtio 13S de 9000 mAh)<\/span><\/td>\n<\/tr>\n<tr>\n<td><span data-path-to-node=\"7,8,0,0\"><b data-path-to-node=\"7,8,0,0\" data-index-in-node=\"0\">Conectividade<\/b><\/span><\/td>\n<td><span data-path-to-node=\"7,8,1,0\">Wi-Fi 6, Bluetooth 5.2, conjunto de 4 microfones, alto-falante de 5 W<\/span><\/td>\n<\/tr>\n<\/tbody>\n<\/table>\n<p>&nbsp;<\/p>\n<p>&nbsp;<\/p>\n<h3 data-path-to-node=\"9\">Por que o modelo \u201cProfissional E\u201d?<\/h3>\n<p data-path-to-node=\"10\">A variante \u201cE\u201d \u00e9 feita sob medida para <b data-path-to-node=\"10\" data-index-in-node=\"32\">Servi\u00e7o e Pesquisa<\/b>. Enquanto os modelos EDU de n\u00edvel inferior (como o U1) focam na mobilidade, o U13 Professional E inclui a integra\u00e7\u00e3o <b data-path-to-node=\"10\" data-index-in-node=\"157\">m\u00e3os de 5 dedos<\/b> Pronto para usar. Isso o torna ideal para:<\/p>\n<ul data-path-to-node=\"11\">\n<li>\n<p data-path-to-node=\"11,0,0\"><b data-path-to-node=\"11,0,0\" data-index-in-node=\"0\">Pesquisa universit\u00e1ria:<\/b> Estudo do equil\u00edbrio e da manipula\u00e7\u00e3o humanoides.<\/p>\n<\/li>\n<li>\n<p id=\"p-rc_1c0db823354e3a8a-111\" data-path-to-node=\"11,1,0\"><b data-path-to-node=\"11,1,0\" data-index-in-node=\"0\"><span class=\"citation-346\">Visitas guiadas e com\u00e9rcio:<\/span><\/b><span class=\"citation-346 citation-end-346\"> Sua apar\u00eancia semelhante \u00e0 humana e suas capacidades de gesticular s\u00e3o adequadas para intera\u00e7\u00e3o p\u00fablica.<\/span><\/p>\n<\/li>\n<li>\n<p id=\"p-rc_1c0db823354e3a8a-112\" data-path-to-node=\"11,2,0\"><b data-path-to-node=\"11,2,0\" data-index-in-node=\"0\">Treinamento de IA:<\/b><span class=\"citation-345 citation-end-345\"> Utilizando aprendizagem por imita\u00e7\u00e3o para ensinar o rob\u00f4 a manusear ferramentas humanas.<\/span><\/p>\n<\/li>\n<\/ul>\n<blockquote data-path-to-node=\"12\">\n<p data-path-to-node=\"12,0\"><b data-path-to-node=\"12,0\" data-index-in-node=\"0\">Observa\u00e7\u00e3o:<\/b> Devido ao seu elevado torque e movimentos articulares complexos, recomenda-se a utiliza\u00e7\u00e3o do acess\u00f3rio inclu\u00eddo. <b data-path-to-node=\"12,0\" data-index-in-node=\"100\">Estrutura de prote\u00e7\u00e3o e treinamento<\/b> durante o desenvolvimento inicial da marcha para prevenir danos causados por quedas.<\/p>\n<\/blockquote>\n<\/div>\n<\/div>\n<\/div>","protected":false},"excerpt":{"rendered":"<p data-path-to-node=\"0\">O <b data-path-to-node=\"0\" data-index-in-node=\"4\">Unitree G1 EDU Profissional E (Modelo U13)<\/b> \u00e9 uma vers\u00e3o de alto n\u00edvel, voltada para pesquisa, da plataforma humanoide G1. Enquanto o G1 &quot;B\u00e1sico&quot; \u00e9 projetado para demonstra\u00e7\u00f5es b\u00e1sicas, o <b data-path-to-node=\"0\" data-index-in-node=\"183\">EDU Profissional E<\/b> \u00c9 uma m\u00e1quina de desenvolvimento de alto torque e totalmente de c\u00f3digo aberto, destinada a laborat\u00f3rios universit\u00e1rios, pesquisa em IA e intera\u00e7\u00e3o rob\u00f3tica complexa.<\/p>\n<p data-path-to-node=\"1\">A designa\u00e7\u00e3o \u201cU13\u201d destaca especificamente a sua configura\u00e7\u00e3o com <b data-path-to-node=\"1\" data-index-in-node=\"69\">m\u00e3os h\u00e1beis com 5 dedos<\/b> e a carga \u00fatil computacional m\u00e1xima dispon\u00edvel na s\u00e9rie.<\/p>","protected":false},"featured_media":21524,"comment_status":"open","ping_status":"closed","template":"","meta":[],"product_brand":[1087],"product_cat":[1038,1037,1103],"product_tag":[1088,1110,1109,1105],"class_list":{"0":"post-24435","1":"product","2":"type-product","3":"status-publish","4":"has-post-thumbnail","6":"product_brand-unitree","7":"product_cat-humanoid","8":"product_cat-robotics","9":"product_cat-unitree-hum-robots","10":"product_tag-unitree","11":"product_tag-unitree-g1-robot","12":"product_tag-unitree-g1-series","13":"product_tag-unitree-humanoid","15":"first","16":"onbackorder","17":"taxable","18":"shipping-taxable","19":"purchasable","20":"product-type-simple"},"yoast_head":"<!-- This site is optimized with the Yoast SEO plugin v27.1.1 - https:\/\/yoast.com\/product\/yoast-seo-wordpress\/ -->\n<title>Unitre G1 EDU Professional E (U13) - Ghostysky<\/title>\n<meta name=\"description\" content=\"The Unitree G1 EDU Professional E (Model U13) is a high-tier, research-grade version of the G1 humanoid platform. While the &quot;Basic&quot; G1 is designed for entry-level demonstrations, the EDU Professional E is a fully open-source, high-torque development machine intended for university labs, AI research, and complex robotic interaction.The &quot;U13&quot; designation specifically highlights its configuration with 5-fingered dexterous hands and the maximum computational payload available in the series.\" \/>\n<meta name=\"robots\" content=\"index, follow, max-snippet:-1, max-image-preview:large, max-video-preview:-1\" \/>\n<link rel=\"canonical\" href=\"https:\/\/www.ghostysky.com\/pt\/produto-2\/unitre-g1-edu-professional-e-u13\/\" \/>\n<meta property=\"og:locale\" content=\"pt_PT\" \/>\n<meta property=\"og:type\" content=\"article\" \/>\n<meta property=\"og:title\" content=\"Unitre G1 EDU Professional E (U13) - Ghostysky\" \/>\n<meta property=\"og:description\" content=\"The Unitree G1 EDU Professional E (Model U13) is a high-tier, research-grade version of the G1 humanoid platform. While the &quot;Basic&quot; G1 is designed for entry-level demonstrations, the EDU Professional E is a fully open-source, high-torque development machine intended for university labs, AI research, and complex robotic interaction.The &quot;U13&quot; designation specifically highlights its configuration with 5-fingered dexterous hands and the maximum computational payload available in the series.\" \/>\n<meta property=\"og:url\" content=\"https:\/\/www.ghostysky.com\/pt\/produto-2\/unitre-g1-edu-professional-e-u13\/\" \/>\n<meta property=\"og:site_name\" content=\"Ghostysky\" \/>\n<meta property=\"article:publisher\" content=\"https:\/\/www.facebook.com\/people\/Ghostysky\/100057676170234\/\" \/>\n<meta property=\"article:modified_time\" content=\"2026-03-16T10:51:08+00:00\" \/>\n<meta property=\"og:image\" content=\"https:\/\/www.ghostysky.com\/wp-content\/uploads\/2025\/10\/GH_G1-Humanoid_1.png\" \/>\n\t<meta property=\"og:image:width\" content=\"650\" \/>\n\t<meta property=\"og:image:height\" content=\"650\" \/>\n\t<meta property=\"og:image:type\" content=\"image\/png\" \/>\n<meta name=\"twitter:card\" content=\"summary_large_image\" \/>\n<meta name=\"twitter:site\" content=\"@Gh0stysky\" \/>\n<meta name=\"twitter:label1\" content=\"Tempo estimado de leitura\" \/>\n\t<meta name=\"twitter:data1\" content=\"2 minutos\" \/>\n<script type=\"application\/ld+json\" class=\"yoast-schema-graph\">{\"@context\":\"https:\/\/schema.org\",\"@graph\":[{\"@type\":\"WebPage\",\"@id\":\"https:\/\/www.ghostysky.com\/product\/unitre-g1-edu-professional-e-u13\/\",\"url\":\"https:\/\/www.ghostysky.com\/product\/unitre-g1-edu-professional-e-u13\/\",\"name\":\"Unitre G1 EDU Professional E (U13) - Ghostysky\",\"isPartOf\":{\"@id\":\"https:\/\/www.ghostysky.com\/#website\"},\"primaryImageOfPage\":{\"@id\":\"https:\/\/www.ghostysky.com\/product\/unitre-g1-edu-professional-e-u13\/#primaryimage\"},\"image\":{\"@id\":\"https:\/\/www.ghostysky.com\/product\/unitre-g1-edu-professional-e-u13\/#primaryimage\"},\"thumbnailUrl\":\"https:\/\/www.ghostysky.com\/wp-content\/uploads\/2025\/10\/GH_G1-Humanoid_1.png\",\"datePublished\":\"2026-03-16T10:35:23+00:00\",\"dateModified\":\"2026-03-16T10:51:08+00:00\",\"description\":\"The Unitree G1 EDU Professional E (Model U13) is a high-tier, research-grade version of the G1 humanoid platform. While the \\\"Basic\\\" G1 is designed for entry-level demonstrations, the EDU Professional E is a fully open-source, high-torque development machine intended for university labs, AI research, and complex robotic interaction.The \\\"U13\\\" designation specifically highlights its configuration with 5-fingered dexterous hands and the maximum computational payload available in the series.\",\"breadcrumb\":{\"@id\":\"https:\/\/www.ghostysky.com\/product\/unitre-g1-edu-professional-e-u13\/#breadcrumb\"},\"inLanguage\":\"pt-PT\",\"potentialAction\":[{\"@type\":\"ReadAction\",\"target\":[\"https:\/\/www.ghostysky.com\/product\/unitre-g1-edu-professional-e-u13\/\"]}]},{\"@type\":\"ImageObject\",\"inLanguage\":\"pt-PT\",\"@id\":\"https:\/\/www.ghostysky.com\/product\/unitre-g1-edu-professional-e-u13\/#primaryimage\",\"url\":\"https:\/\/www.ghostysky.com\/wp-content\/uploads\/2025\/10\/GH_G1-Humanoid_1.png\",\"contentUrl\":\"https:\/\/www.ghostysky.com\/wp-content\/uploads\/2025\/10\/GH_G1-Humanoid_1.png\",\"width\":650,\"height\":650},{\"@type\":\"BreadcrumbList\",\"@id\":\"https:\/\/www.ghostysky.com\/product\/unitre-g1-edu-professional-e-u13\/#breadcrumb\",\"itemListElement\":[{\"@type\":\"ListItem\",\"position\":1,\"name\":\"Home\",\"item\":\"https:\/\/www.ghostysky.com\/\"},{\"@type\":\"ListItem\",\"position\":2,\"name\":\"Shop\",\"item\":\"https:\/\/www.ghostysky.com\/shop\/\"},{\"@type\":\"ListItem\",\"position\":3,\"name\":\"Unitre G1 EDU Professional E (U13)\"}]},{\"@type\":\"WebSite\",\"@id\":\"https:\/\/www.ghostysky.com\/#website\",\"url\":\"https:\/\/www.ghostysky.com\/\",\"name\":\"Ghostysky\",\"description\":\"Delivering professional drones and services\",\"publisher\":{\"@id\":\"https:\/\/www.ghostysky.com\/#organization\"},\"potentialAction\":[{\"@type\":\"SearchAction\",\"target\":{\"@type\":\"EntryPoint\",\"urlTemplate\":\"https:\/\/www.ghostysky.com\/?s={search_term_string}\"},\"query-input\":{\"@type\":\"PropertyValueSpecification\",\"valueRequired\":true,\"valueName\":\"search_term_string\"}}],\"inLanguage\":\"pt-PT\"},{\"@type\":\"Organization\",\"@id\":\"https:\/\/www.ghostysky.com\/#organization\",\"name\":\"Ghostysky\",\"url\":\"https:\/\/www.ghostysky.com\/\",\"logo\":{\"@type\":\"ImageObject\",\"inLanguage\":\"pt-PT\",\"@id\":\"https:\/\/www.ghostysky.com\/#\/schema\/logo\/image\/\",\"url\":\"https:\/\/www.ghostysky.com\/wp-content\/uploads\/2020\/06\/cropped-ghostyskylogo_text_white2.png\",\"contentUrl\":\"https:\/\/www.ghostysky.com\/wp-content\/uploads\/2020\/06\/cropped-ghostyskylogo_text_white2.png\",\"width\":169,\"height\":56,\"caption\":\"Ghostysky\"},\"image\":{\"@id\":\"https:\/\/www.ghostysky.com\/#\/schema\/logo\/image\/\"},\"sameAs\":[\"https:\/\/www.facebook.com\/people\/Ghostysky\/100057676170234\/\",\"https:\/\/x.com\/Gh0stysky\",\"https:\/\/www.linkedin.com\/company\/34739653\",\"https:\/\/www.instagram.com\/gh0stysky\"]}]}<\/script>\n<!-- \/ Yoast SEO plugin. -->","yoast_head_json":{"title":"Unitre G1 EDU Professional E (U13) - Ghostysky","description":"O Unitree G1 EDU Professional E (Modelo U13) \u00e9 uma vers\u00e3o de alto n\u00edvel, voltada para pesquisa, da plataforma humanoide G1. Enquanto o G1 &quot;B\u00e1sico&quot; \u00e9 projetado para demonstra\u00e7\u00f5es b\u00e1sicas, o EDU Professional E \u00e9 uma m\u00e1quina de desenvolvimento totalmente de c\u00f3digo aberto e com alto torque, destinada a laborat\u00f3rios universit\u00e1rios, pesquisa em IA e intera\u00e7\u00e3o rob\u00f3tica complexa. A designa\u00e7\u00e3o &quot;U13&quot; destaca especificamente sua configura\u00e7\u00e3o com m\u00e3os h\u00e1beis de 5 dedos e a capacidade computacional m\u00e1xima dispon\u00edvel na s\u00e9rie.","robots":{"index":"index","follow":"follow","max-snippet":"max-snippet:-1","max-image-preview":"max-image-preview:large","max-video-preview":"max-video-preview:-1"},"canonical":"https:\/\/www.ghostysky.com\/pt\/produto-2\/unitre-g1-edu-professional-e-u13\/","og_locale":"pt_PT","og_type":"article","og_title":"Unitre G1 EDU Professional E (U13) - Ghostysky","og_description":"The Unitree G1 EDU Professional E (Model U13) is a high-tier, research-grade version of the G1 humanoid platform. While the \"Basic\" G1 is designed for entry-level demonstrations, the EDU Professional E is a fully open-source, high-torque development machine intended for university labs, AI research, and complex robotic interaction.The \"U13\" designation specifically highlights its configuration with 5-fingered dexterous hands and the maximum computational payload available in the series.","og_url":"https:\/\/www.ghostysky.com\/pt\/produto-2\/unitre-g1-edu-professional-e-u13\/","og_site_name":"Ghostysky","article_publisher":"https:\/\/www.facebook.com\/people\/Ghostysky\/100057676170234\/","article_modified_time":"2026-03-16T10:51:08+00:00","og_image":[{"width":650,"height":650,"url":"https:\/\/www.ghostysky.com\/wp-content\/uploads\/2025\/10\/GH_G1-Humanoid_1.png","type":"image\/png"}],"twitter_card":"summary_large_image","twitter_site":"@Gh0stysky","twitter_misc":{"Tempo estimado de leitura":"2 minutos"},"schema":{"@context":"https:\/\/schema.org","@graph":[{"@type":"WebPage","@id":"https:\/\/www.ghostysky.com\/product\/unitre-g1-edu-professional-e-u13\/","url":"https:\/\/www.ghostysky.com\/product\/unitre-g1-edu-professional-e-u13\/","name":"Unitre G1 EDU Professional E (U13) - Ghostysky","isPartOf":{"@id":"https:\/\/www.ghostysky.com\/#website"},"primaryImageOfPage":{"@id":"https:\/\/www.ghostysky.com\/product\/unitre-g1-edu-professional-e-u13\/#primaryimage"},"image":{"@id":"https:\/\/www.ghostysky.com\/product\/unitre-g1-edu-professional-e-u13\/#primaryimage"},"thumbnailUrl":"https:\/\/www.ghostysky.com\/wp-content\/uploads\/2025\/10\/GH_G1-Humanoid_1.png","datePublished":"2026-03-16T10:35:23+00:00","dateModified":"2026-03-16T10:51:08+00:00","description":"O Unitree G1 EDU Professional E (Modelo U13) \u00e9 uma vers\u00e3o de alto n\u00edvel, voltada para pesquisa, da plataforma humanoide G1. Enquanto o G1 &quot;B\u00e1sico&quot; \u00e9 projetado para demonstra\u00e7\u00f5es b\u00e1sicas, o EDU Professional E \u00e9 uma m\u00e1quina de desenvolvimento totalmente de c\u00f3digo aberto e com alto torque, destinada a laborat\u00f3rios universit\u00e1rios, pesquisa em IA e intera\u00e7\u00e3o rob\u00f3tica complexa. A designa\u00e7\u00e3o &quot;U13&quot; destaca especificamente sua configura\u00e7\u00e3o com m\u00e3os h\u00e1beis de 5 dedos e a capacidade computacional m\u00e1xima dispon\u00edvel na s\u00e9rie.","breadcrumb":{"@id":"https:\/\/www.ghostysky.com\/product\/unitre-g1-edu-professional-e-u13\/#breadcrumb"},"inLanguage":"pt-PT","potentialAction":[{"@type":"ReadAction","target":["https:\/\/www.ghostysky.com\/product\/unitre-g1-edu-professional-e-u13\/"]}]},{"@type":"ImageObject","inLanguage":"pt-PT","@id":"https:\/\/www.ghostysky.com\/product\/unitre-g1-edu-professional-e-u13\/#primaryimage","url":"https:\/\/www.ghostysky.com\/wp-content\/uploads\/2025\/10\/GH_G1-Humanoid_1.png","contentUrl":"https:\/\/www.ghostysky.com\/wp-content\/uploads\/2025\/10\/GH_G1-Humanoid_1.png","width":650,"height":650},{"@type":"BreadcrumbList","@id":"https:\/\/www.ghostysky.com\/product\/unitre-g1-edu-professional-e-u13\/#breadcrumb","itemListElement":[{"@type":"ListItem","position":1,"name":"Home","item":"https:\/\/www.ghostysky.com\/"},{"@type":"ListItem","position":2,"name":"Shop","item":"https:\/\/www.ghostysky.com\/shop\/"},{"@type":"ListItem","position":3,"name":"Unitre G1 EDU Professional E (U13)"}]},{"@type":"WebSite","@id":"https:\/\/www.ghostysky.com\/#website","url":"https:\/\/www.ghostysky.com\/","name":"Ghostysky","description":"Fornecendo drones e servi\u00e7os profissionais","publisher":{"@id":"https:\/\/www.ghostysky.com\/#organization"},"potentialAction":[{"@type":"SearchAction","target":{"@type":"EntryPoint","urlTemplate":"https:\/\/www.ghostysky.com\/?s={search_term_string}"},"query-input":{"@type":"PropertyValueSpecification","valueRequired":true,"valueName":"search_term_string"}}],"inLanguage":"pt-PT"},{"@type":"Organization","@id":"https:\/\/www.ghostysky.com\/#organization","name":"Ghostysky","url":"https:\/\/www.ghostysky.com\/","logo":{"@type":"ImageObject","inLanguage":"pt-PT","@id":"https:\/\/www.ghostysky.com\/#\/schema\/logo\/image\/","url":"https:\/\/www.ghostysky.com\/wp-content\/uploads\/2020\/06\/cropped-ghostyskylogo_text_white2.png","contentUrl":"https:\/\/www.ghostysky.com\/wp-content\/uploads\/2020\/06\/cropped-ghostyskylogo_text_white2.png","width":169,"height":56,"caption":"Ghostysky"},"image":{"@id":"https:\/\/www.ghostysky.com\/#\/schema\/logo\/image\/"},"sameAs":["https:\/\/www.facebook.com\/people\/Ghostysky\/100057676170234\/","https:\/\/x.com\/Gh0stysky","https:\/\/www.linkedin.com\/company\/34739653","https:\/\/www.instagram.com\/gh0stysky"]}]}},"_links":{"self":[{"href":"https:\/\/www.ghostysky.com\/pt\/wp-json\/wp\/v2\/product\/24435","targetHints":{"allow":["GET"]}}],"collection":[{"href":"https:\/\/www.ghostysky.com\/pt\/wp-json\/wp\/v2\/product"}],"about":[{"href":"https:\/\/www.ghostysky.com\/pt\/wp-json\/wp\/v2\/types\/product"}],"replies":[{"embeddable":true,"href":"https:\/\/www.ghostysky.com\/pt\/wp-json\/wp\/v2\/comments?post=24435"}],"wp:featuredmedia":[{"embeddable":true,"href":"https:\/\/www.ghostysky.com\/pt\/wp-json\/wp\/v2\/media\/21524"}],"wp:attachment":[{"href":"https:\/\/www.ghostysky.com\/pt\/wp-json\/wp\/v2\/media?parent=24435"}],"wp:term":[{"taxonomy":"product_brand","embeddable":true,"href":"https:\/\/www.ghostysky.com\/pt\/wp-json\/wp\/v2\/product_brand?post=24435"},{"taxonomy":"product_cat","embeddable":true,"href":"https:\/\/www.ghostysky.com\/pt\/wp-json\/wp\/v2\/product_cat?post=24435"},{"taxonomy":"product_tag","embeddable":true,"href":"https:\/\/www.ghostysky.com\/pt\/wp-json\/wp\/v2\/product_tag?post=24435"}],"curies":[{"name":"wp","href":"https:\/\/api.w.org\/{rel}","templated":true}]}}