{"id":24445,"date":"2026-03-19T10:52:55","date_gmt":"2026-03-19T10:52:55","guid":{"rendered":"https:\/\/www.ghostysky.com\/?post_type=product&#038;p=24445"},"modified":"2026-03-19T11:05:08","modified_gmt":"2026-03-19T11:05:08","slug":"emlid-smartphone-mount","status":"publish","type":"product","link":"https:\/\/www.ghostysky.com\/pt\/product\/emlid-smartphone-mount\/","title":{"rendered":"Suporte para smartphone Emlid"},"content":{"rendered":"<h3 data-path-to-node=\"3\">Caracter\u00edsticas principais<\/h3>\n<ul data-path-to-node=\"4\">\n<li>\n<p id=\"p-rc_b05e9ea53d1c0b6a-21\" data-path-to-node=\"4,0,0\"><b data-path-to-node=\"4,0,0\" data-index-in-node=\"0\">Suporte universal para dispositivos:<\/b><span class=\"citation-18 citation-end-18\"> A presilha ajust\u00e1vel segura com seguran\u00e7a a maioria dos smartphones modernos e dispositivos de controle dedicados.<\/span><\/p>\n<\/li>\n<li>\n<p id=\"p-rc_b05e9ea53d1c0b6a-22\" data-path-to-node=\"4,1,0\"><b data-path-to-node=\"4,1,0\" data-index-in-node=\"0\">N\u00edvel de bolha integrado:<\/b><span class=\"citation-17 citation-end-17\"> Possui um n\u00edvel circular integrado para ajudar a manter a verticalidade e obter medi\u00e7\u00f5es mais precisas.<\/span><\/p>\n<\/li>\n<li>\n<p id=\"p-rc_b05e9ea53d1c0b6a-23\" data-path-to-node=\"4,2,0\"><b data-path-to-node=\"4,2,0\" data-index-in-node=\"0\">Constru\u00e7\u00e3o robusta:<\/b><span class=\"citation-16\"> Constru\u00eddo a partir de <\/span><b data-path-to-node=\"4,2,0\" data-index-in-node=\"31\"><span class=\"citation-16\">alum\u00ednio anodizado<\/span><\/b><span class=\"citation-16 citation-end-16\"> Para um equil\u00edbrio entre extrema durabilidade e desempenho leve.<\/span><\/p>\n<\/li>\n<li>\n<p id=\"p-rc_b05e9ea53d1c0b6a-24\" data-path-to-node=\"4,3,0\"><b data-path-to-node=\"4,3,0\" data-index-in-node=\"0\"><span class=\"citation-15\">Prote\u00e7\u00e3o do dispositivo:<\/span><\/b><span class=\"citation-15 citation-end-15\"> Inclui adesivos de espuma substitu\u00edveis para proporcionar um encaixe perfeito e evitar arranh\u00f5es na estrutura do seu telefone.<\/span><\/p>\n<\/li>\n<li>\n<p id=\"p-rc_b05e9ea53d1c0b6a-25\" data-path-to-node=\"4,4,0\"><b data-path-to-node=\"4,4,0\" data-index-in-node=\"0\"><span class=\"citation-14\">Estabilidade inabal\u00e1vel:<\/span><\/b><span class=\"citation-14 citation-end-14\"> Projetado com um di\u00e2metro de 34,5 mm para encaixar perfeitamente na vara de topografia Emlid, evitando deslizamentos ou rota\u00e7\u00f5es durante o uso.<\/span><\/p>\n<div class=\"source-inline-chip-container ng-star-inserted\"><\/div>\n<p>&nbsp;<\/li>\n<\/ul>\n<h3 data-path-to-node=\"6\">Especifica\u00e7\u00f5es t\u00e9cnicas<\/h3>\n<table data-path-to-node=\"7\">\n<thead>\n<tr>\n<td><strong>Recurso<\/strong><\/td>\n<td><strong>Detalhes<\/strong><\/td>\n<\/tr>\n<\/thead>\n<tbody>\n<tr>\n<td><span data-path-to-node=\"7,1,0,0\"><b data-path-to-node=\"7,1,0,0\" data-index-in-node=\"0\">Material<\/b><\/span><\/td>\n<td><span data-path-to-node=\"7,1,1,0\">Alum\u00ednio anodizado<\/span><\/td>\n<\/tr>\n<tr>\n<td><span data-path-to-node=\"7,2,0,0\"><b data-path-to-node=\"7,2,0,0\" data-index-in-node=\"0\">Peso<\/b><\/span><\/td>\n<td><span data-path-to-node=\"7,2,1,0\">187g (0,41 lb)<\/span><\/td>\n<\/tr>\n<tr>\n<td><span data-path-to-node=\"7,3,0,0\"><b data-path-to-node=\"7,3,0,0\" data-index-in-node=\"0\">Largura do dispositivo suportada<\/b><\/span><\/td>\n<td><span data-path-to-node=\"7,3,1,0\">63 mm a 93 mm<\/span><\/td>\n<\/tr>\n<tr>\n<td><span data-path-to-node=\"7,4,0,0\"><b data-path-to-node=\"7,4,0,0\" data-index-in-node=\"0\">Espessura do dispositivo suportada<\/b><\/span><\/td>\n<td><span data-path-to-node=\"7,4,1,0\">8 mm a 15 mm<\/span><\/td>\n<\/tr>\n<tr>\n<td><span data-path-to-node=\"7,5,0,0\"><b data-path-to-node=\"7,5,0,0\" data-index-in-node=\"0\">Di\u00e2metro de montagem<\/b><\/span><\/td>\n<td><span data-path-to-node=\"7,5,1,0\">34,5 mm (Otimizado para varas de topografia Emlid)<\/span><\/td>\n<\/tr>\n<tr>\n<td><span data-path-to-node=\"7,6,0,0\"><b data-path-to-node=\"7,6,0,0\" data-index-in-node=\"0\">Temperatura de opera\u00e7\u00e3o<\/b><\/span><\/td>\n<td><span data-path-to-node=\"7,6,1,0\">-20\u00b0C a +70\u00b0C<\/span><\/td>\n<\/tr>\n<\/tbody>\n<\/table>\n<p>&nbsp;<\/p>\n<p>&nbsp;<\/p>\n<h3 data-path-to-node=\"9\">O que tem na caixa?<\/h3>\n<ul data-path-to-node=\"10\">\n<li>\n<p id=\"p-rc_b05e9ea53d1c0b6a-26\" data-path-to-node=\"10,0,0\"><span class=\"citation-13 citation-end-13\">1 suporte para smartphone Emlid (com n\u00edvel de bolha integrado)<\/span><\/p>\n<\/li>\n<\/ul>","protected":false},"excerpt":{"rendered":"<p id=\"p-rc_b05e9ea53d1c0b6a-19\" data-path-to-node=\"0\"><span class=\"citation-21\">O <\/span><b data-path-to-node=\"0\" data-index-in-node=\"4\"><span class=\"citation-21\">Suporte para smartphone Emlid<\/span><\/b><span class=\"citation-21 citation-end-21\"> \u00c9 um acess\u00f3rio robusto de n\u00edvel profissional, projetado para integrar seu dispositivo m\u00f3vel diretamente ao seu fluxo de trabalho de levantamento topogr\u00e1fico.<\/span> <span class=\"citation-20\">Projetado especificamente para o <\/span><b data-path-to-node=\"0\" data-index-in-node=\"181\"><span class=\"citation-20\">Poste de levantamento topogr\u00e1fico Emlid<\/span><\/b><span class=\"citation-20 citation-end-20\">, Este suporte oferece uma plataforma est\u00e1vel e que permite o uso das m\u00e3os livres para monitorar dados GNSS por meio do aplicativo ReachView ou de outros softwares de levantamento topogr\u00e1fico.<\/span><\/p>\n<p id=\"p-rc_b05e9ea53d1c0b6a-20\" data-path-to-node=\"1\"><span class=\"citation-19 citation-end-19\">Fabricado com materiais de alta qualidade, garante que seu &quot;controlador&quot; (seu telefone) permane\u00e7a seguro mesmo em condi\u00e7\u00f5es de campo exigentes, permitindo que voc\u00ea se concentre na precis\u00e3o e na efici\u00eancia.<\/span><\/p>","protected":false},"featured_media":24451,"comment_status":"open","ping_status":"closed","template":"","meta":[],"product_brand":[1025],"product_cat":[367,89,30],"product_tag":[58,1398],"class_list":{"0":"post-24445","1":"product","2":"type-product","3":"status-publish","4":"has-post-thumbnail","6":"product_brand-emlid","7":"product_cat-accessories-emlid","8":"product_cat-emlid","9":"product_cat-mobile-station","10":"product_tag-emlid","11":"product_tag-smartphone-mount","13":"first","14":"instock","15":"taxable","16":"shipping-taxable","17":"purchasable","18":"product-type-simple"},"yoast_head":"<!-- This site is optimized with the Yoast SEO plugin v27.1.1 - https:\/\/yoast.com\/product\/yoast-seo-wordpress\/ -->\n<title>Emlid Smartphone Mount - Ghostysky<\/title>\n<meta name=\"description\" content=\"The Emlid Smartphone Mount is a rugged, professional-grade accessory designed to integrate your mobile device directly into your surveying workflow. Engineered specifically for the Emlid Survey Pole, this mount provides a stable, hands-free platform for monitoring GNSS data via the ReachView app or other survey software.Crafted from high-quality materials, it ensures your &quot;controller&quot; (your phone) stays secure even in demanding field conditions, allowing you to focus on precision and efficiency.\" \/>\n<meta name=\"robots\" content=\"index, follow, max-snippet:-1, max-image-preview:large, max-video-preview:-1\" \/>\n<link rel=\"canonical\" href=\"https:\/\/www.ghostysky.com\/pt\/produto-2\/emlid-smartphone-mount\/\" \/>\n<meta property=\"og:locale\" content=\"pt_PT\" \/>\n<meta property=\"og:type\" content=\"article\" \/>\n<meta property=\"og:title\" content=\"Emlid Smartphone Mount - Ghostysky\" \/>\n<meta property=\"og:description\" content=\"The Emlid Smartphone Mount is a rugged, professional-grade accessory designed to integrate your mobile device directly into your surveying workflow. Engineered specifically for the Emlid Survey Pole, this mount provides a stable, hands-free platform for monitoring GNSS data via the ReachView app or other survey software.Crafted from high-quality materials, it ensures your &quot;controller&quot; (your phone) stays secure even in demanding field conditions, allowing you to focus on precision and efficiency.\" \/>\n<meta property=\"og:url\" content=\"https:\/\/www.ghostysky.com\/pt\/produto-2\/emlid-smartphone-mount\/\" \/>\n<meta property=\"og:site_name\" content=\"Ghostysky\" \/>\n<meta property=\"article:publisher\" content=\"https:\/\/www.facebook.com\/people\/Ghostysky\/100057676170234\/\" \/>\n<meta property=\"article:modified_time\" content=\"2026-03-19T11:05:08+00:00\" \/>\n<meta property=\"og:image\" content=\"https:\/\/www.ghostysky.com\/wp-content\/uploads\/2026\/03\/GH_Emlid-Smartphone-Mount_1.webp\" \/>\n\t<meta property=\"og:image:width\" content=\"1000\" \/>\n\t<meta property=\"og:image:height\" content=\"1000\" \/>\n\t<meta property=\"og:image:type\" content=\"image\/webp\" \/>\n<meta name=\"twitter:card\" content=\"summary_large_image\" \/>\n<meta name=\"twitter:site\" content=\"@Gh0stysky\" \/>\n<meta name=\"twitter:label1\" content=\"Tempo estimado de leitura\" \/>\n\t<meta name=\"twitter:data1\" content=\"1 minuto\" \/>\n<script type=\"application\/ld+json\" class=\"yoast-schema-graph\">{\"@context\":\"https:\/\/schema.org\",\"@graph\":[{\"@type\":\"WebPage\",\"@id\":\"https:\/\/www.ghostysky.com\/product\/emlid-smartphone-mount\/\",\"url\":\"https:\/\/www.ghostysky.com\/product\/emlid-smartphone-mount\/\",\"name\":\"Emlid Smartphone Mount - Ghostysky\",\"isPartOf\":{\"@id\":\"https:\/\/www.ghostysky.com\/#website\"},\"primaryImageOfPage\":{\"@id\":\"https:\/\/www.ghostysky.com\/product\/emlid-smartphone-mount\/#primaryimage\"},\"image\":{\"@id\":\"https:\/\/www.ghostysky.com\/product\/emlid-smartphone-mount\/#primaryimage\"},\"thumbnailUrl\":\"https:\/\/www.ghostysky.com\/wp-content\/uploads\/2026\/03\/GH_Emlid-Smartphone-Mount_1.webp\",\"datePublished\":\"2026-03-19T10:52:55+00:00\",\"dateModified\":\"2026-03-19T11:05:08+00:00\",\"description\":\"The Emlid Smartphone Mount is a rugged, professional-grade accessory designed to integrate your mobile device directly into your surveying workflow. Engineered specifically for the Emlid Survey Pole, this mount provides a stable, hands-free platform for monitoring GNSS data via the ReachView app or other survey software.Crafted from high-quality materials, it ensures your \\\"controller\\\" (your phone) stays secure even in demanding field conditions, allowing you to focus on precision and efficiency.\",\"breadcrumb\":{\"@id\":\"https:\/\/www.ghostysky.com\/product\/emlid-smartphone-mount\/#breadcrumb\"},\"inLanguage\":\"pt-PT\",\"potentialAction\":[{\"@type\":\"ReadAction\",\"target\":[\"https:\/\/www.ghostysky.com\/product\/emlid-smartphone-mount\/\"]}]},{\"@type\":\"ImageObject\",\"inLanguage\":\"pt-PT\",\"@id\":\"https:\/\/www.ghostysky.com\/product\/emlid-smartphone-mount\/#primaryimage\",\"url\":\"https:\/\/www.ghostysky.com\/wp-content\/uploads\/2026\/03\/GH_Emlid-Smartphone-Mount_1.webp\",\"contentUrl\":\"https:\/\/www.ghostysky.com\/wp-content\/uploads\/2026\/03\/GH_Emlid-Smartphone-Mount_1.webp\",\"width\":1000,\"height\":1000},{\"@type\":\"BreadcrumbList\",\"@id\":\"https:\/\/www.ghostysky.com\/product\/emlid-smartphone-mount\/#breadcrumb\",\"itemListElement\":[{\"@type\":\"ListItem\",\"position\":1,\"name\":\"Home\",\"item\":\"https:\/\/www.ghostysky.com\/\"},{\"@type\":\"ListItem\",\"position\":2,\"name\":\"Shop\",\"item\":\"https:\/\/www.ghostysky.com\/shop\/\"},{\"@type\":\"ListItem\",\"position\":3,\"name\":\"Emlid Smartphone Mount\"}]},{\"@type\":\"WebSite\",\"@id\":\"https:\/\/www.ghostysky.com\/#website\",\"url\":\"https:\/\/www.ghostysky.com\/\",\"name\":\"Ghostysky\",\"description\":\"Delivering professional drones and services\",\"publisher\":{\"@id\":\"https:\/\/www.ghostysky.com\/#organization\"},\"potentialAction\":[{\"@type\":\"SearchAction\",\"target\":{\"@type\":\"EntryPoint\",\"urlTemplate\":\"https:\/\/www.ghostysky.com\/?s={search_term_string}\"},\"query-input\":{\"@type\":\"PropertyValueSpecification\",\"valueRequired\":true,\"valueName\":\"search_term_string\"}}],\"inLanguage\":\"pt-PT\"},{\"@type\":\"Organization\",\"@id\":\"https:\/\/www.ghostysky.com\/#organization\",\"name\":\"Ghostysky\",\"url\":\"https:\/\/www.ghostysky.com\/\",\"logo\":{\"@type\":\"ImageObject\",\"inLanguage\":\"pt-PT\",\"@id\":\"https:\/\/www.ghostysky.com\/#\/schema\/logo\/image\/\",\"url\":\"https:\/\/www.ghostysky.com\/wp-content\/uploads\/2020\/06\/cropped-ghostyskylogo_text_white2.png\",\"contentUrl\":\"https:\/\/www.ghostysky.com\/wp-content\/uploads\/2020\/06\/cropped-ghostyskylogo_text_white2.png\",\"width\":169,\"height\":56,\"caption\":\"Ghostysky\"},\"image\":{\"@id\":\"https:\/\/www.ghostysky.com\/#\/schema\/logo\/image\/\"},\"sameAs\":[\"https:\/\/www.facebook.com\/people\/Ghostysky\/100057676170234\/\",\"https:\/\/x.com\/Gh0stysky\",\"https:\/\/www.linkedin.com\/company\/34739653\",\"https:\/\/www.instagram.com\/gh0stysky\"]}]}<\/script>\n<!-- \/ Yoast SEO plugin. -->","yoast_head_json":{"title":"Suporte para smartphone Emlid - Ghostysky","description":"O suporte para smartphone Emlid \u00e9 um acess\u00f3rio robusto de n\u00edvel profissional, projetado para integrar seu dispositivo m\u00f3vel diretamente ao seu fluxo de trabalho de topografia. Desenvolvido especificamente para a vara de topografia Emlid, este suporte oferece uma plataforma est\u00e1vel e m\u00e3os-livres para monitorar dados GNSS por meio do aplicativo ReachView ou outros softwares de topografia. Fabricado com materiais de alta qualidade, garante que seu &quot;controlador&quot; (seu telefone) permane\u00e7a seguro mesmo em condi\u00e7\u00f5es de campo exigentes, permitindo que voc\u00ea se concentre na precis\u00e3o e na efici\u00eancia.","robots":{"index":"index","follow":"follow","max-snippet":"max-snippet:-1","max-image-preview":"max-image-preview:large","max-video-preview":"max-video-preview:-1"},"canonical":"https:\/\/www.ghostysky.com\/pt\/produto-2\/emlid-smartphone-mount\/","og_locale":"pt_PT","og_type":"article","og_title":"Emlid Smartphone Mount - Ghostysky","og_description":"The Emlid Smartphone Mount is a rugged, professional-grade accessory designed to integrate your mobile device directly into your surveying workflow. Engineered specifically for the Emlid Survey Pole, this mount provides a stable, hands-free platform for monitoring GNSS data via the ReachView app or other survey software.Crafted from high-quality materials, it ensures your \"controller\" (your phone) stays secure even in demanding field conditions, allowing you to focus on precision and efficiency.","og_url":"https:\/\/www.ghostysky.com\/pt\/produto-2\/emlid-smartphone-mount\/","og_site_name":"Ghostysky","article_publisher":"https:\/\/www.facebook.com\/people\/Ghostysky\/100057676170234\/","article_modified_time":"2026-03-19T11:05:08+00:00","og_image":[{"width":1000,"height":1000,"url":"https:\/\/www.ghostysky.com\/wp-content\/uploads\/2026\/03\/GH_Emlid-Smartphone-Mount_1.webp","type":"image\/webp"}],"twitter_card":"summary_large_image","twitter_site":"@Gh0stysky","twitter_misc":{"Tempo estimado de leitura":"1 minuto"},"schema":{"@context":"https:\/\/schema.org","@graph":[{"@type":"WebPage","@id":"https:\/\/www.ghostysky.com\/product\/emlid-smartphone-mount\/","url":"https:\/\/www.ghostysky.com\/product\/emlid-smartphone-mount\/","name":"Suporte para smartphone Emlid - Ghostysky","isPartOf":{"@id":"https:\/\/www.ghostysky.com\/#website"},"primaryImageOfPage":{"@id":"https:\/\/www.ghostysky.com\/product\/emlid-smartphone-mount\/#primaryimage"},"image":{"@id":"https:\/\/www.ghostysky.com\/product\/emlid-smartphone-mount\/#primaryimage"},"thumbnailUrl":"https:\/\/www.ghostysky.com\/wp-content\/uploads\/2026\/03\/GH_Emlid-Smartphone-Mount_1.webp","datePublished":"2026-03-19T10:52:55+00:00","dateModified":"2026-03-19T11:05:08+00:00","description":"O suporte para smartphone Emlid \u00e9 um acess\u00f3rio robusto de n\u00edvel profissional, projetado para integrar seu dispositivo m\u00f3vel diretamente ao seu fluxo de trabalho de topografia. Desenvolvido especificamente para a vara de topografia Emlid, este suporte oferece uma plataforma est\u00e1vel e m\u00e3os-livres para monitorar dados GNSS por meio do aplicativo ReachView ou outros softwares de topografia. Fabricado com materiais de alta qualidade, garante que seu &quot;controlador&quot; (seu telefone) permane\u00e7a seguro mesmo em condi\u00e7\u00f5es de campo exigentes, permitindo que voc\u00ea se concentre na precis\u00e3o e na efici\u00eancia.","breadcrumb":{"@id":"https:\/\/www.ghostysky.com\/product\/emlid-smartphone-mount\/#breadcrumb"},"inLanguage":"pt-PT","potentialAction":[{"@type":"ReadAction","target":["https:\/\/www.ghostysky.com\/product\/emlid-smartphone-mount\/"]}]},{"@type":"ImageObject","inLanguage":"pt-PT","@id":"https:\/\/www.ghostysky.com\/product\/emlid-smartphone-mount\/#primaryimage","url":"https:\/\/www.ghostysky.com\/wp-content\/uploads\/2026\/03\/GH_Emlid-Smartphone-Mount_1.webp","contentUrl":"https:\/\/www.ghostysky.com\/wp-content\/uploads\/2026\/03\/GH_Emlid-Smartphone-Mount_1.webp","width":1000,"height":1000},{"@type":"BreadcrumbList","@id":"https:\/\/www.ghostysky.com\/product\/emlid-smartphone-mount\/#breadcrumb","itemListElement":[{"@type":"ListItem","position":1,"name":"Home","item":"https:\/\/www.ghostysky.com\/"},{"@type":"ListItem","position":2,"name":"Shop","item":"https:\/\/www.ghostysky.com\/shop\/"},{"@type":"ListItem","position":3,"name":"Emlid Smartphone Mount"}]},{"@type":"WebSite","@id":"https:\/\/www.ghostysky.com\/#website","url":"https:\/\/www.ghostysky.com\/","name":"Ghostysky","description":"Fornecendo drones e servi\u00e7os profissionais","publisher":{"@id":"https:\/\/www.ghostysky.com\/#organization"},"potentialAction":[{"@type":"SearchAction","target":{"@type":"EntryPoint","urlTemplate":"https:\/\/www.ghostysky.com\/?s={search_term_string}"},"query-input":{"@type":"PropertyValueSpecification","valueRequired":true,"valueName":"search_term_string"}}],"inLanguage":"pt-PT"},{"@type":"Organization","@id":"https:\/\/www.ghostysky.com\/#organization","name":"Ghostysky","url":"https:\/\/www.ghostysky.com\/","logo":{"@type":"ImageObject","inLanguage":"pt-PT","@id":"https:\/\/www.ghostysky.com\/#\/schema\/logo\/image\/","url":"https:\/\/www.ghostysky.com\/wp-content\/uploads\/2020\/06\/cropped-ghostyskylogo_text_white2.png","contentUrl":"https:\/\/www.ghostysky.com\/wp-content\/uploads\/2020\/06\/cropped-ghostyskylogo_text_white2.png","width":169,"height":56,"caption":"Ghostysky"},"image":{"@id":"https:\/\/www.ghostysky.com\/#\/schema\/logo\/image\/"},"sameAs":["https:\/\/www.facebook.com\/people\/Ghostysky\/100057676170234\/","https:\/\/x.com\/Gh0stysky","https:\/\/www.linkedin.com\/company\/34739653","https:\/\/www.instagram.com\/gh0stysky"]}]}},"_links":{"self":[{"href":"https:\/\/www.ghostysky.com\/pt\/wp-json\/wp\/v2\/product\/24445","targetHints":{"allow":["GET"]}}],"collection":[{"href":"https:\/\/www.ghostysky.com\/pt\/wp-json\/wp\/v2\/product"}],"about":[{"href":"https:\/\/www.ghostysky.com\/pt\/wp-json\/wp\/v2\/types\/product"}],"replies":[{"embeddable":true,"href":"https:\/\/www.ghostysky.com\/pt\/wp-json\/wp\/v2\/comments?post=24445"}],"wp:featuredmedia":[{"embeddable":true,"href":"https:\/\/www.ghostysky.com\/pt\/wp-json\/wp\/v2\/media\/24451"}],"wp:attachment":[{"href":"https:\/\/www.ghostysky.com\/pt\/wp-json\/wp\/v2\/media?parent=24445"}],"wp:term":[{"taxonomy":"product_brand","embeddable":true,"href":"https:\/\/www.ghostysky.com\/pt\/wp-json\/wp\/v2\/product_brand?post=24445"},{"taxonomy":"product_cat","embeddable":true,"href":"https:\/\/www.ghostysky.com\/pt\/wp-json\/wp\/v2\/product_cat?post=24445"},{"taxonomy":"product_tag","embeddable":true,"href":"https:\/\/www.ghostysky.com\/pt\/wp-json\/wp\/v2\/product_tag?post=24445"}],"curies":[{"name":"wp","href":"https:\/\/api.w.org\/{rel}","templated":true}]}}