{"id":2464,"date":"2021-11-24T11:22:40","date_gmt":"2021-11-24T11:22:40","guid":{"rendered":"https:\/\/www.ghostysky.com\/?post_type=product&#038;p=2464"},"modified":"2024-10-14T08:04:47","modified_gmt":"2024-10-14T08:04:47","slug":"agisoft-metashape-professional-perpetual-educational-license","status":"publish","type":"product","link":"https:\/\/www.ghostysky.com\/pt\/product\/agisoft-metashape-professional-perpetual-educational-license\/","title":{"rendered":"Agisoft Metashape Professional, licen\u00e7a educacional Node-Locked, \u00fanica"},"content":{"rendered":"<p>DESTAQUES DO PRODUTO<\/p>\n<div>- Triangula\u00e7\u00e3o fotogram\u00e9trica<\/div>\n<div>- Gera\u00e7\u00e3o de nuvem de ponto densa<\/div>\n<div>- Gera\u00e7\u00e3o e texturiza\u00e7\u00e3o de modelo 3D<\/div>\n<div>- Combina\u00e7\u00e3o de imagens em panorama<\/div>\n<div>- Modelagem 4D para ambientes din\u00e2micos<\/div>","protected":false},"excerpt":{"rendered":"<p>Licen\u00e7a Educacional Perp\u00e9tua, dispon\u00edvel exclusivamente para institui\u00e7\u00f5es de ensino oficialmente credenciadas, para os respectivos funcion\u00e1rios e alunos. Aplica\u00e7\u00e3o de desktop com licen\u00e7a node locked license(1 dispositivo)<\/p>","protected":false},"featured_media":2455,"comment_status":"open","ping_status":"closed","template":"","meta":[],"product_brand":[],"product_cat":[172,31],"product_tag":[173,177,175,524,174,176,71],"class_list":{"0":"post-2464","1":"product","2":"type-product","3":"status-publish","4":"has-post-thumbnail","6":"product_cat-agisoft","7":"product_cat-software","8":"product_tag-agisoft","9":"product_tag-educational","10":"product_tag-metashape","11":"product_tag-node-locked-educational-license","12":"product_tag-photogrammetry","13":"product_tag-professional","14":"product_tag-software","16":"first","17":"instock","18":"taxable","19":"shipping-taxable","20":"purchasable","21":"product-type-simple"},"yoast_head":"<!-- This site is optimized with the Yoast SEO plugin v27.1.1 - https:\/\/yoast.com\/product\/yoast-seo-wordpress\/ -->\n<title>Agisoft Metashape Professional, Node-Locked Educational license, Single<\/title>\n<meta name=\"description\" content=\"Perpetual Educational license, available exclusively to officially accredited educational institutions, their employees and students of such institutions. Agisoft Metashape Professional,Node-Locked Educational license, Single\" \/>\n<meta name=\"robots\" content=\"index, follow, max-snippet:-1, max-image-preview:large, max-video-preview:-1\" \/>\n<link rel=\"canonical\" href=\"https:\/\/www.ghostysky.com\/pt\/produto-2\/agisoft-metashape-professional-perpetual-educational-license\/\" \/>\n<meta property=\"og:locale\" content=\"pt_PT\" \/>\n<meta property=\"og:type\" content=\"article\" \/>\n<meta property=\"og:title\" content=\"Agisoft Metashape Professional, Node-Locked Educational license, Single\" \/>\n<meta property=\"og:description\" content=\"Perpetual Educational license, available exclusively to officially accredited educational institutions, their employees and students of such institutions. Agisoft Metashape Professional,Node-Locked Educational license, Single\" \/>\n<meta property=\"og:url\" content=\"https:\/\/www.ghostysky.com\/pt\/produto-2\/agisoft-metashape-professional-perpetual-educational-license\/\" \/>\n<meta property=\"og:site_name\" content=\"Ghostysky\" \/>\n<meta property=\"article:publisher\" content=\"https:\/\/www.facebook.com\/people\/Ghostysky\/100057676170234\/\" \/>\n<meta property=\"article:modified_time\" content=\"2024-10-14T08:04:47+00:00\" \/>\n<meta property=\"og:image\" content=\"https:\/\/www.ghostysky.com\/wp-content\/uploads\/2021\/11\/main-pic.jpg\" \/>\n\t<meta property=\"og:image:width\" content=\"510\" \/>\n\t<meta property=\"og:image:height\" content=\"510\" \/>\n\t<meta property=\"og:image:type\" content=\"image\/jpeg\" \/>\n<meta name=\"twitter:card\" content=\"summary_large_image\" \/>\n<meta name=\"twitter:site\" content=\"@Gh0stysky\" \/>\n<meta name=\"twitter:label1\" content=\"Tempo estimado de leitura\" \/>\n\t<meta name=\"twitter:data1\" content=\"1 minuto\" \/>\n<script type=\"application\/ld+json\" class=\"yoast-schema-graph\">{\"@context\":\"https:\/\/schema.org\",\"@graph\":[{\"@type\":\"WebPage\",\"@id\":\"https:\/\/www.ghostysky.com\/product\/agisoft-metashape-professional-perpetual-educational-license\/\",\"url\":\"https:\/\/www.ghostysky.com\/product\/agisoft-metashape-professional-perpetual-educational-license\/\",\"name\":\"Agisoft Metashape Professional, Node-Locked Educational license, Single\",\"isPartOf\":{\"@id\":\"https:\/\/www.ghostysky.com\/#website\"},\"primaryImageOfPage\":{\"@id\":\"https:\/\/www.ghostysky.com\/product\/agisoft-metashape-professional-perpetual-educational-license\/#primaryimage\"},\"image\":{\"@id\":\"https:\/\/www.ghostysky.com\/product\/agisoft-metashape-professional-perpetual-educational-license\/#primaryimage\"},\"thumbnailUrl\":\"https:\/\/www.ghostysky.com\/wp-content\/uploads\/2021\/11\/main-pic.jpg\",\"datePublished\":\"2021-11-24T11:22:40+00:00\",\"dateModified\":\"2024-10-14T08:04:47+00:00\",\"description\":\"Perpetual Educational license, available exclusively to officially accredited educational institutions, their employees and students of such institutions. Agisoft Metashape Professional,Node-Locked Educational license, Single\",\"breadcrumb\":{\"@id\":\"https:\/\/www.ghostysky.com\/product\/agisoft-metashape-professional-perpetual-educational-license\/#breadcrumb\"},\"inLanguage\":\"pt-PT\",\"potentialAction\":[{\"@type\":\"ReadAction\",\"target\":[\"https:\/\/www.ghostysky.com\/product\/agisoft-metashape-professional-perpetual-educational-license\/\"]}]},{\"@type\":\"ImageObject\",\"inLanguage\":\"pt-PT\",\"@id\":\"https:\/\/www.ghostysky.com\/product\/agisoft-metashape-professional-perpetual-educational-license\/#primaryimage\",\"url\":\"https:\/\/www.ghostysky.com\/wp-content\/uploads\/2021\/11\/main-pic.jpg\",\"contentUrl\":\"https:\/\/www.ghostysky.com\/wp-content\/uploads\/2021\/11\/main-pic.jpg\",\"width\":510,\"height\":510},{\"@type\":\"BreadcrumbList\",\"@id\":\"https:\/\/www.ghostysky.com\/product\/agisoft-metashape-professional-perpetual-educational-license\/#breadcrumb\",\"itemListElement\":[{\"@type\":\"ListItem\",\"position\":1,\"name\":\"Home\",\"item\":\"https:\/\/www.ghostysky.com\/\"},{\"@type\":\"ListItem\",\"position\":2,\"name\":\"Shop\",\"item\":\"https:\/\/www.ghostysky.com\/shop\/\"},{\"@type\":\"ListItem\",\"position\":3,\"name\":\"Agisoft Metashape Professional, Node-Locked Educational license, Single\"}]},{\"@type\":\"WebSite\",\"@id\":\"https:\/\/www.ghostysky.com\/#website\",\"url\":\"https:\/\/www.ghostysky.com\/\",\"name\":\"Ghostysky\",\"description\":\"Delivering professional drones and services\",\"publisher\":{\"@id\":\"https:\/\/www.ghostysky.com\/#organization\"},\"potentialAction\":[{\"@type\":\"SearchAction\",\"target\":{\"@type\":\"EntryPoint\",\"urlTemplate\":\"https:\/\/www.ghostysky.com\/?s={search_term_string}\"},\"query-input\":{\"@type\":\"PropertyValueSpecification\",\"valueRequired\":true,\"valueName\":\"search_term_string\"}}],\"inLanguage\":\"pt-PT\"},{\"@type\":\"Organization\",\"@id\":\"https:\/\/www.ghostysky.com\/#organization\",\"name\":\"Ghostysky\",\"url\":\"https:\/\/www.ghostysky.com\/\",\"logo\":{\"@type\":\"ImageObject\",\"inLanguage\":\"pt-PT\",\"@id\":\"https:\/\/www.ghostysky.com\/#\/schema\/logo\/image\/\",\"url\":\"https:\/\/www.ghostysky.com\/wp-content\/uploads\/2020\/06\/cropped-ghostyskylogo_text_white2.png\",\"contentUrl\":\"https:\/\/www.ghostysky.com\/wp-content\/uploads\/2020\/06\/cropped-ghostyskylogo_text_white2.png\",\"width\":169,\"height\":56,\"caption\":\"Ghostysky\"},\"image\":{\"@id\":\"https:\/\/www.ghostysky.com\/#\/schema\/logo\/image\/\"},\"sameAs\":[\"https:\/\/www.facebook.com\/people\/Ghostysky\/100057676170234\/\",\"https:\/\/x.com\/Gh0stysky\",\"https:\/\/www.linkedin.com\/company\/34739653\",\"https:\/\/www.instagram.com\/gh0stysky\"]}]}<\/script>\n<!-- \/ Yoast SEO plugin. -->","yoast_head_json":{"title":"Agisoft Metashape Professional, licen\u00e7a educacional Node-Locked, \u00fanica","description":"Licen\u00e7a Educacional Perp\u00e9tua, dispon\u00edvel exclusivamente para institui\u00e7\u00f5es de ensino oficialmente credenciadas, seus funcion\u00e1rios e alunos dessas institui\u00e7\u00f5es. Agisoft Metashape Professional, licen\u00e7a educacional Node-Locked, \u00fanica","robots":{"index":"index","follow":"follow","max-snippet":"max-snippet:-1","max-image-preview":"max-image-preview:large","max-video-preview":"max-video-preview:-1"},"canonical":"https:\/\/www.ghostysky.com\/pt\/produto-2\/agisoft-metashape-professional-perpetual-educational-license\/","og_locale":"pt_PT","og_type":"article","og_title":"Agisoft Metashape Professional, Node-Locked Educational license, Single","og_description":"Perpetual Educational license, available exclusively to officially accredited educational institutions, their employees and students of such institutions. Agisoft Metashape Professional,Node-Locked Educational license, Single","og_url":"https:\/\/www.ghostysky.com\/pt\/produto-2\/agisoft-metashape-professional-perpetual-educational-license\/","og_site_name":"Ghostysky","article_publisher":"https:\/\/www.facebook.com\/people\/Ghostysky\/100057676170234\/","article_modified_time":"2024-10-14T08:04:47+00:00","og_image":[{"width":510,"height":510,"url":"https:\/\/www.ghostysky.com\/wp-content\/uploads\/2021\/11\/main-pic.jpg","type":"image\/jpeg"}],"twitter_card":"summary_large_image","twitter_site":"@Gh0stysky","twitter_misc":{"Tempo estimado de leitura":"1 minuto"},"schema":{"@context":"https:\/\/schema.org","@graph":[{"@type":"WebPage","@id":"https:\/\/www.ghostysky.com\/product\/agisoft-metashape-professional-perpetual-educational-license\/","url":"https:\/\/www.ghostysky.com\/product\/agisoft-metashape-professional-perpetual-educational-license\/","name":"Agisoft Metashape Professional, licen\u00e7a educacional Node-Locked, \u00fanica","isPartOf":{"@id":"https:\/\/www.ghostysky.com\/#website"},"primaryImageOfPage":{"@id":"https:\/\/www.ghostysky.com\/product\/agisoft-metashape-professional-perpetual-educational-license\/#primaryimage"},"image":{"@id":"https:\/\/www.ghostysky.com\/product\/agisoft-metashape-professional-perpetual-educational-license\/#primaryimage"},"thumbnailUrl":"https:\/\/www.ghostysky.com\/wp-content\/uploads\/2021\/11\/main-pic.jpg","datePublished":"2021-11-24T11:22:40+00:00","dateModified":"2024-10-14T08:04:47+00:00","description":"Licen\u00e7a Educacional Perp\u00e9tua, dispon\u00edvel exclusivamente para institui\u00e7\u00f5es de ensino oficialmente credenciadas, seus funcion\u00e1rios e alunos dessas institui\u00e7\u00f5es. Agisoft Metashape Professional, licen\u00e7a educacional Node-Locked, \u00fanica","breadcrumb":{"@id":"https:\/\/www.ghostysky.com\/product\/agisoft-metashape-professional-perpetual-educational-license\/#breadcrumb"},"inLanguage":"pt-PT","potentialAction":[{"@type":"ReadAction","target":["https:\/\/www.ghostysky.com\/product\/agisoft-metashape-professional-perpetual-educational-license\/"]}]},{"@type":"ImageObject","inLanguage":"pt-PT","@id":"https:\/\/www.ghostysky.com\/product\/agisoft-metashape-professional-perpetual-educational-license\/#primaryimage","url":"https:\/\/www.ghostysky.com\/wp-content\/uploads\/2021\/11\/main-pic.jpg","contentUrl":"https:\/\/www.ghostysky.com\/wp-content\/uploads\/2021\/11\/main-pic.jpg","width":510,"height":510},{"@type":"BreadcrumbList","@id":"https:\/\/www.ghostysky.com\/product\/agisoft-metashape-professional-perpetual-educational-license\/#breadcrumb","itemListElement":[{"@type":"ListItem","position":1,"name":"Home","item":"https:\/\/www.ghostysky.com\/"},{"@type":"ListItem","position":2,"name":"Shop","item":"https:\/\/www.ghostysky.com\/shop\/"},{"@type":"ListItem","position":3,"name":"Agisoft Metashape Professional, Node-Locked Educational license, Single"}]},{"@type":"WebSite","@id":"https:\/\/www.ghostysky.com\/#website","url":"https:\/\/www.ghostysky.com\/","name":"Ghostysky","description":"Fornecendo drones e servi\u00e7os profissionais","publisher":{"@id":"https:\/\/www.ghostysky.com\/#organization"},"potentialAction":[{"@type":"SearchAction","target":{"@type":"EntryPoint","urlTemplate":"https:\/\/www.ghostysky.com\/?s={search_term_string}"},"query-input":{"@type":"PropertyValueSpecification","valueRequired":true,"valueName":"search_term_string"}}],"inLanguage":"pt-PT"},{"@type":"Organization","@id":"https:\/\/www.ghostysky.com\/#organization","name":"Ghostysky","url":"https:\/\/www.ghostysky.com\/","logo":{"@type":"ImageObject","inLanguage":"pt-PT","@id":"https:\/\/www.ghostysky.com\/#\/schema\/logo\/image\/","url":"https:\/\/www.ghostysky.com\/wp-content\/uploads\/2020\/06\/cropped-ghostyskylogo_text_white2.png","contentUrl":"https:\/\/www.ghostysky.com\/wp-content\/uploads\/2020\/06\/cropped-ghostyskylogo_text_white2.png","width":169,"height":56,"caption":"Ghostysky"},"image":{"@id":"https:\/\/www.ghostysky.com\/#\/schema\/logo\/image\/"},"sameAs":["https:\/\/www.facebook.com\/people\/Ghostysky\/100057676170234\/","https:\/\/x.com\/Gh0stysky","https:\/\/www.linkedin.com\/company\/34739653","https:\/\/www.instagram.com\/gh0stysky"]}]}},"_links":{"self":[{"href":"https:\/\/www.ghostysky.com\/pt\/wp-json\/wp\/v2\/product\/2464","targetHints":{"allow":["GET"]}}],"collection":[{"href":"https:\/\/www.ghostysky.com\/pt\/wp-json\/wp\/v2\/product"}],"about":[{"href":"https:\/\/www.ghostysky.com\/pt\/wp-json\/wp\/v2\/types\/product"}],"replies":[{"embeddable":true,"href":"https:\/\/www.ghostysky.com\/pt\/wp-json\/wp\/v2\/comments?post=2464"}],"wp:featuredmedia":[{"embeddable":true,"href":"https:\/\/www.ghostysky.com\/pt\/wp-json\/wp\/v2\/media\/2455"}],"wp:attachment":[{"href":"https:\/\/www.ghostysky.com\/pt\/wp-json\/wp\/v2\/media?parent=2464"}],"wp:term":[{"taxonomy":"product_brand","embeddable":true,"href":"https:\/\/www.ghostysky.com\/pt\/wp-json\/wp\/v2\/product_brand?post=2464"},{"taxonomy":"product_cat","embeddable":true,"href":"https:\/\/www.ghostysky.com\/pt\/wp-json\/wp\/v2\/product_cat?post=2464"},{"taxonomy":"product_tag","embeddable":true,"href":"https:\/\/www.ghostysky.com\/pt\/wp-json\/wp\/v2\/product_tag?post=2464"}],"curies":[{"name":"wp","href":"https:\/\/api.w.org\/{rel}","templated":true}]}}