{"id":24694,"date":"2026-03-26T14:58:22","date_gmt":"2026-03-26T14:58:22","guid":{"rendered":"https:\/\/www.ghostysky.com\/?post_type=product&#038;p=24694"},"modified":"2026-03-26T14:59:22","modified_gmt":"2026-03-26T14:59:22","slug":"dji-avata-360-motion-fly-more-combo-dji-goggles-n3","status":"publish","type":"product","link":"https:\/\/www.ghostysky.com\/pt\/product\/dji-avata-360-motion-fly-more-combo-dji-goggles-n3\/","title":{"rendered":"DJI Avata 360 Motion Fly More Combo (DJI Goggles N3)"},"content":{"rendered":"<h3 data-path-to-node=\"2\"><b data-path-to-node=\"2\" data-index-in-node=\"4\">Vis\u00e3o geral: O Diretor Criativo Definitivo nas Alturas<\/b><\/h3>\n<p id=\"p-rc_85d7e33ca568346c-20\" data-path-to-node=\"3\"><span class=\"citation-24 citation-end-24\">O Avata 360 \u00e9 o primeiro drone de 360 graus da DJI, projetado para &quot;ver tudo&quot; em uma \u00fanica tomada.<\/span> <span class=\"citation-23 citation-end-23\">Diferentemente dos drones tradicionais que exigem enquadramento preciso durante o voo, o Avata 360 grava tudo ao seu redor.<\/span> <span class=\"citation-22 citation-end-22\">Isso permite reenquadrar suas tomadas na p\u00f3s-produ\u00e7\u00e3o, transformando um voo em uma infinidade de sequ\u00eancias cinematogr\u00e1ficas, desde tomadas frontais tradicionais at\u00e9 efeitos de &quot;Pequeno Planeta&quot;.<\/span><\/p>\n<h3 data-path-to-node=\"4\"><b data-path-to-node=\"4\" data-index-in-node=\"0\">Principais recursos e capacidades<\/b><\/h3>\n<ul data-path-to-node=\"5\">\n<li>\n<p id=\"p-rc_85d7e33ca568346c-21\" data-path-to-node=\"5,0,0\"><b data-path-to-node=\"5,0,0\" data-index-in-node=\"0\">Imagens HDR 360\u00b0 em 8K\/60fps:<\/b><span class=\"citation-21\"> Equipado com dois <\/span><b data-path-to-node=\"5,0,0\" data-index-in-node=\"46\"><span class=\"citation-21\">sensores equivalentes a 1 polegada<\/span><\/b><span class=\"citation-21 citation-end-21\"> (<\/span><span class=\"math-inline\" data-math=\"2.4\\text{ }\\mu m\" data-index-in-node=\"73\">$2.4\\text{ }\\mu m$<\/span><span class=\"citation-20 citation-end-20\"> pixels), o drone captura detalhes requintados mesmo em ambientes de alto contraste ou com pouca luz.<\/span><\/p>\n<\/li>\n<li>\n<p id=\"p-rc_85d7e33ca568346c-22\" data-path-to-node=\"5,1,0\"><b data-path-to-node=\"5,1,0\" data-index-in-node=\"0\">Modos de disparo duplo:<\/b><span class=\"citation-19\"> Alterne facilmente entre <\/span><b data-path-to-node=\"5,1,0\" data-index-in-node=\"47\"><span class=\"citation-19\">Modo 360\u00b0<\/span><\/b><span class=\"citation-19\"> para uma captura totalmente imersiva e <\/span><b data-path-to-node=\"5,1,0\" data-index-in-node=\"89\"><span class=\"citation-19\">Modo de lente \u00fanica<\/span><\/b><span class=\"citation-19 citation-end-19\"> (4K\/60fps) para filmagens cl\u00e1ssicas no estilo FPV.<\/span><\/p>\n<\/li>\n<li>\n<p id=\"p-rc_85d7e33ca568346c-23\" data-path-to-node=\"5,2,0\"><b data-path-to-node=\"5,2,0\" data-index-in-node=\"0\"><span class=\"citation-18\">Detec\u00e7\u00e3o de obst\u00e1culos omnidirecional Nightscape:<\/span><\/b><span class=\"citation-18\"> Alimentado por tecnologia voltada para a frente <\/span><b data-path-to-node=\"5,2,0\" data-index-in-node=\"71\"><span class=\"citation-18\">LiDAR<\/span><\/b><span class=\"citation-18 citation-end-18\"> Com um sistema de vis\u00e3o integrado, o drone consegue detectar e evitar obst\u00e1culos em 360 graus, mesmo em condi\u00e7\u00f5es de quase total escurid\u00e3o.<\/span><\/p>\n<\/li>\n<li>\n<p id=\"p-rc_85d7e33ca568346c-24\" data-path-to-node=\"5,3,0\"><b data-path-to-node=\"5,3,0\" data-index-in-node=\"0\"><span class=\"citation-17\">Transmiss\u00e3o de v\u00eddeo O4+:<\/span><\/b><span class=\"citation-17\"> Experimente algo s\u00f3lido como uma rocha. <\/span><b data-path-to-node=\"5,3,0\" data-index-in-node=\"48\"><span class=\"citation-17\">1080p\/60fps<\/span><\/b><span class=\"citation-17\"> transmiss\u00e3o ao vivo com alcance de at\u00e9 <\/span><b data-path-to-node=\"5,3,0\" data-index-in-node=\"92\"><span class=\"citation-17\">20 km<\/span><\/b><span class=\"citation-17 citation-end-17\"> (FCC), garantindo que voc\u00ea permane\u00e7a conectado mesmo em ambientes complexos.<\/span><\/p>\n<\/li>\n<li>\n<p data-path-to-node=\"5,4,0\"><b data-path-to-node=\"5,4,0\" data-index-in-node=\"0\">ActiveTrack 360\u00b0:<\/b> Algoritmos inteligentes que seguem automaticamente os objetos enquanto desviam de obst\u00e1culos, permitindo que voc\u00ea se concentre na experi\u00eancia enquanto o drone cuida da cinematografia.<\/p>\n<\/li>\n<\/ul>\n<h3 data-path-to-node=\"7\"><b data-path-to-node=\"7\" data-index-in-node=\"4\">A combina\u00e7\u00e3o: Precis\u00e3o Imersiva<\/b><\/h3>\n<p data-path-to-node=\"8\">Este pacote espec\u00edfico \u201cMotion Fly More\u201d foi desenvolvido para pilotos que desejam a experi\u00eancia mais intuitiva de \u201capontar e voar\u201d.<\/p>\n<table data-path-to-node=\"9\">\n<thead>\n<tr>\n<td><strong>Componente<\/strong><\/td>\n<td><strong>Destaque principal<\/strong><\/td>\n<\/tr>\n<\/thead>\n<tbody>\n<tr>\n<td><span data-path-to-node=\"9,1,0,0\"><b data-path-to-node=\"9,1,0,0\" data-index-in-node=\"0\">DJI Avata 360<\/b><\/span><\/td>\n<td><span data-path-to-node=\"9,1,1,0\">O drone topo de linha com resolu\u00e7\u00e3o 8K e c\u00e2mera 360\u00b0, com protetores de h\u00e9lice integrados.<\/span><\/td>\n<\/tr>\n<tr>\n<td><span data-path-to-node=\"9,2,0,0\"><b data-path-to-node=\"9,2,0,0\" data-index-in-node=\"0\">\u00d3culos DJI N3<\/b><\/span><\/td>\n<td><span data-path-to-node=\"9,2,1,0\">Alta defini\u00e7\u00e3o <b data-path-to-node=\"9,2,1,0\" data-index-in-node=\"16\">Tela ultra-wide de 1080p<\/b> Com um campo de vis\u00e3o de 54\u00b0. Projetado para ser <b data-path-to-node=\"9,2,1,0\" data-index-in-node=\"71\">compat\u00edvel com \u00f3culos<\/b> Para quem usa \u00f3culos.<\/span><\/td>\n<\/tr>\n<tr>\n<td><span data-path-to-node=\"9,3,0,0\"><b data-path-to-node=\"9,3,0,0\" data-index-in-node=\"0\">DJI RC Motion 3<\/b><\/span><\/td>\n<td><span data-path-to-node=\"9,3,1,0\">Controlador port\u00e1til em forma de varinha que permite voar usando movimentos naturais das m\u00e3os e realizar diversas tarefas. <b data-path-to-node=\"9,3,1,0\" data-index-in-node=\"91\">Acrobacia f\u00e1cil<\/b> (vira\/derrapa) com um clique.<\/span><\/td>\n<\/tr>\n<tr>\n<td><span data-path-to-node=\"9,4,0,0\"><b data-path-to-node=\"9,4,0,0\" data-index-in-node=\"0\">Kit Voe Mais<\/b><\/span><\/td>\n<td><span data-path-to-node=\"9,4,1,0\">Inclui <b data-path-to-node=\"9,4,1,0\" data-index-in-node=\"9\">3 baterias de voo inteligentes<\/b>, um hub de carregamento bidirecional e uma elegante bolsa de transporte para sess\u00f5es prolongadas.<\/span><\/td>\n<\/tr>\n<\/tbody>\n<\/table>\n<p>&nbsp;<\/p>\n<h3 data-path-to-node=\"11\"><b data-path-to-node=\"11\" data-index-in-node=\"4\">Por que os \u00f3culos N3?<\/b><\/h3>\n<p id=\"p-rc_85d7e33ca568346c-25\" data-path-to-node=\"12\"><span class=\"citation-16\">Embora os Goggles 3 sejam a op\u00e7\u00e3o premium, os <\/span><b data-path-to-node=\"12\" data-index-in-node=\"48\"><span class=\"citation-16\">\u00d3culos N3<\/span><\/b><span class=\"citation-16 citation-end-16\"> Este pacote oferece um design mais espa\u00e7oso e &quot;pronto para usar&quot;.<\/span> <span class=\"citation-15\">Possuem uma \u00fanica tela ultra-ampla que reduz a tontura para iniciantes e inclui um recurso integrado. <\/span><b data-path-to-node=\"12\" data-index-in-node=\"229\"><span class=\"citation-15\">Cursor AR<\/span><\/b><span class=\"citation-15 citation-end-15\"> Para ajustar as configura\u00e7\u00f5es durante o voo estacion\u00e1rio sem precisar remover o headset.<\/span><\/p>\n<blockquote data-path-to-node=\"13\">\n<p id=\"p-rc_85d7e33ca568346c-26\" data-path-to-node=\"13,0\"><b data-path-to-node=\"13,0\" data-index-in-node=\"0\">Nota t\u00e9cnica:<\/b><span class=\"citation-14\"> O Avata 360 apresenta um design exclusivo. <\/span><b data-path-to-node=\"13,0\" data-index-in-node=\"48\"><span class=\"citation-14\">bloco de c\u00e2mera girat\u00f3rio<\/span><\/b><span class=\"citation-14 citation-end-14\">.<\/span> <span class=\"citation-13 citation-end-13\">Em terra, parece uma c\u00e2mera frontal padr\u00e3o, mas, uma vez no ar, todo o m\u00f3dulo gira 90 graus para posicionar as lentes verticalmente, permitindo uma jun\u00e7\u00e3o perfeita de 360 graus.<\/span><\/p>\n<\/blockquote>","protected":false},"excerpt":{"rendered":"<p>O <b data-path-to-node=\"0\" data-index-in-node=\"4\">DJI Avata 360 Motion Fly More Combo (DJI Goggles N3)<\/b> representa o auge da cria\u00e7\u00e3o de conte\u00fado a\u00e9reo imersivo no in\u00edcio de 2026. <span class=\"citation-25 citation-end-25\">Essa configura\u00e7\u00e3o combina as perspectivas alucinantes de uma c\u00e2mera 8K de 360 graus com a emo\u00e7\u00e3o visceral e de alta velocidade do voo FPV (Vis\u00e3o em Primeira Pessoa).<\/span><\/p>","protected":false},"featured_media":24697,"comment_status":"open","ping_status":"closed","template":"","meta":[],"product_brand":[1031],"product_cat":[752,1403,1404,37],"product_tag":[1408,1406,1407],"class_list":{"0":"post-24694","1":"product","2":"type-product","3":"status-publish","4":"has-post-thumbnail","6":"product_brand-dji","7":"product_cat-aerial-photography","8":"product_cat-avata-360","9":"product_cat-avata-360-drones","10":"product_cat-dji","11":"product_tag-avata-360-drones","12":"product_tag-dji-avata-360","13":"product_tag-fvp","15":"first","16":"onbackorder","17":"taxable","18":"shipping-taxable","19":"purchasable","20":"product-type-simple"},"yoast_head":"<!-- This site is optimized with the Yoast SEO plugin v27.1.1 - https:\/\/yoast.com\/product\/yoast-seo-wordpress\/ -->\n<title>DJI Avata 360 Motion Fly More Combo (DJI Goggles N3) - Ghostysky<\/title>\n<meta name=\"description\" content=\"The DJI Avata 360 Motion Fly More Combo (DJI Goggles N3) represents the pinnacle of immersive aerial content creation as of early 2026. This setup merges the mind-bending perspectives of an 8K 360-degree camera with the visceral, high-speed thrill of FPV (First-Person View) flight.\" \/>\n<meta name=\"robots\" content=\"index, follow, max-snippet:-1, max-image-preview:large, max-video-preview:-1\" \/>\n<link rel=\"canonical\" href=\"https:\/\/www.ghostysky.com\/pt\/produto-2\/dji-avata-360-motion-fly-more-combo-dji-goggles-n3\/\" \/>\n<meta property=\"og:locale\" content=\"pt_PT\" \/>\n<meta property=\"og:type\" content=\"article\" \/>\n<meta property=\"og:title\" content=\"DJI Avata 360 Motion Fly More Combo (DJI Goggles N3) - Ghostysky\" \/>\n<meta property=\"og:description\" content=\"The DJI Avata 360 Motion Fly More Combo (DJI Goggles N3) represents the pinnacle of immersive aerial content creation as of early 2026. This setup merges the mind-bending perspectives of an 8K 360-degree camera with the visceral, high-speed thrill of FPV (First-Person View) flight.\" \/>\n<meta property=\"og:url\" content=\"https:\/\/www.ghostysky.com\/pt\/produto-2\/dji-avata-360-motion-fly-more-combo-dji-goggles-n3\/\" \/>\n<meta property=\"og:site_name\" content=\"Ghostysky\" \/>\n<meta property=\"article:publisher\" content=\"https:\/\/www.facebook.com\/people\/Ghostysky\/100057676170234\/\" \/>\n<meta property=\"article:modified_time\" content=\"2026-03-26T14:59:22+00:00\" \/>\n<meta property=\"og:image\" content=\"https:\/\/www.ghostysky.com\/wp-content\/uploads\/2026\/03\/GH_DJI-Avata-360-Motion-Fly-More-Combo-DJI-Goggles-N3_1.jpg\" \/>\n\t<meta property=\"og:image:width\" content=\"1920\" \/>\n\t<meta property=\"og:image:height\" content=\"772\" \/>\n\t<meta property=\"og:image:type\" content=\"image\/jpeg\" \/>\n<meta name=\"twitter:card\" content=\"summary_large_image\" \/>\n<meta name=\"twitter:site\" content=\"@Gh0stysky\" \/>\n<meta name=\"twitter:label1\" content=\"Tempo estimado de leitura\" \/>\n\t<meta name=\"twitter:data1\" content=\"2 minutos\" \/>\n<script type=\"application\/ld+json\" class=\"yoast-schema-graph\">{\"@context\":\"https:\/\/schema.org\",\"@graph\":[{\"@type\":\"WebPage\",\"@id\":\"https:\/\/www.ghostysky.com\/product\/dji-avata-360-motion-fly-more-combo-dji-goggles-n3\/\",\"url\":\"https:\/\/www.ghostysky.com\/product\/dji-avata-360-motion-fly-more-combo-dji-goggles-n3\/\",\"name\":\"DJI Avata 360 Motion Fly More Combo (DJI Goggles N3) - Ghostysky\",\"isPartOf\":{\"@id\":\"https:\/\/www.ghostysky.com\/#website\"},\"primaryImageOfPage\":{\"@id\":\"https:\/\/www.ghostysky.com\/product\/dji-avata-360-motion-fly-more-combo-dji-goggles-n3\/#primaryimage\"},\"image\":{\"@id\":\"https:\/\/www.ghostysky.com\/product\/dji-avata-360-motion-fly-more-combo-dji-goggles-n3\/#primaryimage\"},\"thumbnailUrl\":\"https:\/\/www.ghostysky.com\/wp-content\/uploads\/2026\/03\/GH_DJI-Avata-360-Motion-Fly-More-Combo-DJI-Goggles-N3_1.jpg\",\"datePublished\":\"2026-03-26T14:58:22+00:00\",\"dateModified\":\"2026-03-26T14:59:22+00:00\",\"description\":\"The DJI Avata 360 Motion Fly More Combo (DJI Goggles N3) represents the pinnacle of immersive aerial content creation as of early 2026. This setup merges the mind-bending perspectives of an 8K 360-degree camera with the visceral, high-speed thrill of FPV (First-Person View) flight.\",\"breadcrumb\":{\"@id\":\"https:\/\/www.ghostysky.com\/product\/dji-avata-360-motion-fly-more-combo-dji-goggles-n3\/#breadcrumb\"},\"inLanguage\":\"pt-PT\",\"potentialAction\":[{\"@type\":\"ReadAction\",\"target\":[\"https:\/\/www.ghostysky.com\/product\/dji-avata-360-motion-fly-more-combo-dji-goggles-n3\/\"]}]},{\"@type\":\"ImageObject\",\"inLanguage\":\"pt-PT\",\"@id\":\"https:\/\/www.ghostysky.com\/product\/dji-avata-360-motion-fly-more-combo-dji-goggles-n3\/#primaryimage\",\"url\":\"https:\/\/www.ghostysky.com\/wp-content\/uploads\/2026\/03\/GH_DJI-Avata-360-Motion-Fly-More-Combo-DJI-Goggles-N3_1.jpg\",\"contentUrl\":\"https:\/\/www.ghostysky.com\/wp-content\/uploads\/2026\/03\/GH_DJI-Avata-360-Motion-Fly-More-Combo-DJI-Goggles-N3_1.jpg\",\"width\":1920,\"height\":772},{\"@type\":\"BreadcrumbList\",\"@id\":\"https:\/\/www.ghostysky.com\/product\/dji-avata-360-motion-fly-more-combo-dji-goggles-n3\/#breadcrumb\",\"itemListElement\":[{\"@type\":\"ListItem\",\"position\":1,\"name\":\"Home\",\"item\":\"https:\/\/www.ghostysky.com\/\"},{\"@type\":\"ListItem\",\"position\":2,\"name\":\"Shop\",\"item\":\"https:\/\/www.ghostysky.com\/shop\/\"},{\"@type\":\"ListItem\",\"position\":3,\"name\":\"DJI Avata 360 Motion Fly More Combo (DJI Goggles N3)\"}]},{\"@type\":\"WebSite\",\"@id\":\"https:\/\/www.ghostysky.com\/#website\",\"url\":\"https:\/\/www.ghostysky.com\/\",\"name\":\"Ghostysky\",\"description\":\"Delivering professional drones and services\",\"publisher\":{\"@id\":\"https:\/\/www.ghostysky.com\/#organization\"},\"potentialAction\":[{\"@type\":\"SearchAction\",\"target\":{\"@type\":\"EntryPoint\",\"urlTemplate\":\"https:\/\/www.ghostysky.com\/?s={search_term_string}\"},\"query-input\":{\"@type\":\"PropertyValueSpecification\",\"valueRequired\":true,\"valueName\":\"search_term_string\"}}],\"inLanguage\":\"pt-PT\"},{\"@type\":\"Organization\",\"@id\":\"https:\/\/www.ghostysky.com\/#organization\",\"name\":\"Ghostysky\",\"url\":\"https:\/\/www.ghostysky.com\/\",\"logo\":{\"@type\":\"ImageObject\",\"inLanguage\":\"pt-PT\",\"@id\":\"https:\/\/www.ghostysky.com\/#\/schema\/logo\/image\/\",\"url\":\"https:\/\/www.ghostysky.com\/wp-content\/uploads\/2020\/06\/cropped-ghostyskylogo_text_white2.png\",\"contentUrl\":\"https:\/\/www.ghostysky.com\/wp-content\/uploads\/2020\/06\/cropped-ghostyskylogo_text_white2.png\",\"width\":169,\"height\":56,\"caption\":\"Ghostysky\"},\"image\":{\"@id\":\"https:\/\/www.ghostysky.com\/#\/schema\/logo\/image\/\"},\"sameAs\":[\"https:\/\/www.facebook.com\/people\/Ghostysky\/100057676170234\/\",\"https:\/\/x.com\/Gh0stysky\",\"https:\/\/www.linkedin.com\/company\/34739653\",\"https:\/\/www.instagram.com\/gh0stysky\"]}]}<\/script>\n<!-- \/ Yoast SEO plugin. -->","yoast_head_json":{"title":"DJI Avata 360 Motion Fly More Combo (DJI Goggles N3) - Ghostysky","description":"O DJI Avata 360 Motion Fly More Combo (DJI Goggles N3) representa o auge da cria\u00e7\u00e3o de conte\u00fado a\u00e9reo imersivo no in\u00edcio de 2026. Essa configura\u00e7\u00e3o combina as perspectivas alucinantes de uma c\u00e2mera 8K de 360 graus com a emo\u00e7\u00e3o visceral e de alta velocidade do voo FPV (Vis\u00e3o em Primeira Pessoa).","robots":{"index":"index","follow":"follow","max-snippet":"max-snippet:-1","max-image-preview":"max-image-preview:large","max-video-preview":"max-video-preview:-1"},"canonical":"https:\/\/www.ghostysky.com\/pt\/produto-2\/dji-avata-360-motion-fly-more-combo-dji-goggles-n3\/","og_locale":"pt_PT","og_type":"article","og_title":"DJI Avata 360 Motion Fly More Combo (DJI Goggles N3) - Ghostysky","og_description":"The DJI Avata 360 Motion Fly More Combo (DJI Goggles N3) represents the pinnacle of immersive aerial content creation as of early 2026. This setup merges the mind-bending perspectives of an 8K 360-degree camera with the visceral, high-speed thrill of FPV (First-Person View) flight.","og_url":"https:\/\/www.ghostysky.com\/pt\/produto-2\/dji-avata-360-motion-fly-more-combo-dji-goggles-n3\/","og_site_name":"Ghostysky","article_publisher":"https:\/\/www.facebook.com\/people\/Ghostysky\/100057676170234\/","article_modified_time":"2026-03-26T14:59:22+00:00","og_image":[{"width":1920,"height":772,"url":"https:\/\/www.ghostysky.com\/wp-content\/uploads\/2026\/03\/GH_DJI-Avata-360-Motion-Fly-More-Combo-DJI-Goggles-N3_1.jpg","type":"image\/jpeg"}],"twitter_card":"summary_large_image","twitter_site":"@Gh0stysky","twitter_misc":{"Tempo estimado de leitura":"2 minutos"},"schema":{"@context":"https:\/\/schema.org","@graph":[{"@type":"WebPage","@id":"https:\/\/www.ghostysky.com\/product\/dji-avata-360-motion-fly-more-combo-dji-goggles-n3\/","url":"https:\/\/www.ghostysky.com\/product\/dji-avata-360-motion-fly-more-combo-dji-goggles-n3\/","name":"DJI Avata 360 Motion Fly More Combo (DJI Goggles N3) - Ghostysky","isPartOf":{"@id":"https:\/\/www.ghostysky.com\/#website"},"primaryImageOfPage":{"@id":"https:\/\/www.ghostysky.com\/product\/dji-avata-360-motion-fly-more-combo-dji-goggles-n3\/#primaryimage"},"image":{"@id":"https:\/\/www.ghostysky.com\/product\/dji-avata-360-motion-fly-more-combo-dji-goggles-n3\/#primaryimage"},"thumbnailUrl":"https:\/\/www.ghostysky.com\/wp-content\/uploads\/2026\/03\/GH_DJI-Avata-360-Motion-Fly-More-Combo-DJI-Goggles-N3_1.jpg","datePublished":"2026-03-26T14:58:22+00:00","dateModified":"2026-03-26T14:59:22+00:00","description":"O DJI Avata 360 Motion Fly More Combo (DJI Goggles N3) representa o auge da cria\u00e7\u00e3o de conte\u00fado a\u00e9reo imersivo no in\u00edcio de 2026. Essa configura\u00e7\u00e3o combina as perspectivas alucinantes de uma c\u00e2mera 8K de 360 graus com a emo\u00e7\u00e3o visceral e de alta velocidade do voo FPV (Vis\u00e3o em Primeira Pessoa).","breadcrumb":{"@id":"https:\/\/www.ghostysky.com\/product\/dji-avata-360-motion-fly-more-combo-dji-goggles-n3\/#breadcrumb"},"inLanguage":"pt-PT","potentialAction":[{"@type":"ReadAction","target":["https:\/\/www.ghostysky.com\/product\/dji-avata-360-motion-fly-more-combo-dji-goggles-n3\/"]}]},{"@type":"ImageObject","inLanguage":"pt-PT","@id":"https:\/\/www.ghostysky.com\/product\/dji-avata-360-motion-fly-more-combo-dji-goggles-n3\/#primaryimage","url":"https:\/\/www.ghostysky.com\/wp-content\/uploads\/2026\/03\/GH_DJI-Avata-360-Motion-Fly-More-Combo-DJI-Goggles-N3_1.jpg","contentUrl":"https:\/\/www.ghostysky.com\/wp-content\/uploads\/2026\/03\/GH_DJI-Avata-360-Motion-Fly-More-Combo-DJI-Goggles-N3_1.jpg","width":1920,"height":772},{"@type":"BreadcrumbList","@id":"https:\/\/www.ghostysky.com\/product\/dji-avata-360-motion-fly-more-combo-dji-goggles-n3\/#breadcrumb","itemListElement":[{"@type":"ListItem","position":1,"name":"Home","item":"https:\/\/www.ghostysky.com\/"},{"@type":"ListItem","position":2,"name":"Shop","item":"https:\/\/www.ghostysky.com\/shop\/"},{"@type":"ListItem","position":3,"name":"DJI Avata 360 Motion Fly More Combo (DJI Goggles N3)"}]},{"@type":"WebSite","@id":"https:\/\/www.ghostysky.com\/#website","url":"https:\/\/www.ghostysky.com\/","name":"Ghostysky","description":"Fornecendo drones e servi\u00e7os profissionais","publisher":{"@id":"https:\/\/www.ghostysky.com\/#organization"},"potentialAction":[{"@type":"SearchAction","target":{"@type":"EntryPoint","urlTemplate":"https:\/\/www.ghostysky.com\/?s={search_term_string}"},"query-input":{"@type":"PropertyValueSpecification","valueRequired":true,"valueName":"search_term_string"}}],"inLanguage":"pt-PT"},{"@type":"Organization","@id":"https:\/\/www.ghostysky.com\/#organization","name":"Ghostysky","url":"https:\/\/www.ghostysky.com\/","logo":{"@type":"ImageObject","inLanguage":"pt-PT","@id":"https:\/\/www.ghostysky.com\/#\/schema\/logo\/image\/","url":"https:\/\/www.ghostysky.com\/wp-content\/uploads\/2020\/06\/cropped-ghostyskylogo_text_white2.png","contentUrl":"https:\/\/www.ghostysky.com\/wp-content\/uploads\/2020\/06\/cropped-ghostyskylogo_text_white2.png","width":169,"height":56,"caption":"Ghostysky"},"image":{"@id":"https:\/\/www.ghostysky.com\/#\/schema\/logo\/image\/"},"sameAs":["https:\/\/www.facebook.com\/people\/Ghostysky\/100057676170234\/","https:\/\/x.com\/Gh0stysky","https:\/\/www.linkedin.com\/company\/34739653","https:\/\/www.instagram.com\/gh0stysky"]}]}},"_links":{"self":[{"href":"https:\/\/www.ghostysky.com\/pt\/wp-json\/wp\/v2\/product\/24694","targetHints":{"allow":["GET"]}}],"collection":[{"href":"https:\/\/www.ghostysky.com\/pt\/wp-json\/wp\/v2\/product"}],"about":[{"href":"https:\/\/www.ghostysky.com\/pt\/wp-json\/wp\/v2\/types\/product"}],"replies":[{"embeddable":true,"href":"https:\/\/www.ghostysky.com\/pt\/wp-json\/wp\/v2\/comments?post=24694"}],"wp:featuredmedia":[{"embeddable":true,"href":"https:\/\/www.ghostysky.com\/pt\/wp-json\/wp\/v2\/media\/24697"}],"wp:attachment":[{"href":"https:\/\/www.ghostysky.com\/pt\/wp-json\/wp\/v2\/media?parent=24694"}],"wp:term":[{"taxonomy":"product_brand","embeddable":true,"href":"https:\/\/www.ghostysky.com\/pt\/wp-json\/wp\/v2\/product_brand?post=24694"},{"taxonomy":"product_cat","embeddable":true,"href":"https:\/\/www.ghostysky.com\/pt\/wp-json\/wp\/v2\/product_cat?post=24694"},{"taxonomy":"product_tag","embeddable":true,"href":"https:\/\/www.ghostysky.com\/pt\/wp-json\/wp\/v2\/product_tag?post=24694"}],"curies":[{"name":"wp","href":"https:\/\/api.w.org\/{rel}","templated":true}]}}