{"id":24698,"date":"2026-03-26T15:00:16","date_gmt":"2026-03-26T15:00:16","guid":{"rendered":"https:\/\/www.ghostysky.com\/?post_type=product&#038;p=24698"},"modified":"2026-04-06T07:37:39","modified_gmt":"2026-04-06T07:37:39","slug":"dji-avata-360-dji-rc-2","status":"publish","type":"product","link":"https:\/\/www.ghostysky.com\/pt\/product\/dji-avata-360-dji-rc-2\/","title":{"rendered":"DJI Avata 360 (DJI RC 2)"},"content":{"rendered":"<h3 data-path-to-node=\"2\"><b data-path-to-node=\"2\" data-index-in-node=\"0\">Capture tudo, decida depois.<\/b><\/h3>\n<p data-path-to-node=\"3\"><span class=\"\">O n\u00facleo do Avata 360 \u00e9 seu sistema dual. <\/span><b class=\"\" data-path-to-node=\"3\" data-index-in-node=\"38\">Sensores CMOS quadrados equivalentes a 1 polegada<\/b><span class=\"\">.<\/span><span class=\"\"> Ao contr\u00e1rio dos modelos anteriores, em que era necess\u00e1rio apontar o drone para a a\u00e7\u00e3o,<\/span><span class=\"\"> A Avata 360 grava toda a esfera ao seu redor.<\/span><\/p>\n<ul data-path-to-node=\"4\">\n<li>\n<p data-path-to-node=\"4,0,0\"><b class=\"\" data-path-to-node=\"4,0,0\" data-index-in-node=\"0\">V\u00eddeo HDR em 8K\/60fps:<\/b><span class=\"\"> Grave em alt\u00edssima resolu\u00e7\u00e3o, o que permite &quot;reenquadrar&quot; suas cenas na p\u00f3s-produ\u00e7\u00e3o sem perder detalhes importantes.<\/span><\/p>\n<\/li>\n<li>\n<p data-path-to-node=\"4,1,0\"><b class=\"\" data-path-to-node=\"4,1,0\" data-index-in-node=\"0\">Fotos de 120MP:<\/b><span class=\"\"> Capture fotos em 360\u00b0 com um \u00fanico toque.,<\/span><span class=\"\"> Preservar todos os \u00e2ngulos de uma paisagem.<\/span><\/p>\n<\/li>\n<li>\n<p data-path-to-node=\"4,2,0\"><b class=\"\" data-path-to-node=\"4,2,0\" data-index-in-node=\"0\">Flexibilidade de modo duplo:<\/b><span class=\"\"> Usar <\/span><b class=\"\" data-path-to-node=\"4,2,0\" data-index-in-node=\"27\">Modo 360\u00b0<\/b><span class=\"\"> para cobertura total ou mude para <\/span><b class=\"\" data-path-to-node=\"4,2,0\" data-index-in-node=\"69\">Modo de lente \u00fanica<\/b><span class=\"\"> para filmagens FPV tradicionais em 4K\/60fps &quot;voltadas para a frente&quot;.<\/span><\/p>\n<\/li>\n<\/ul>\n<h3 data-path-to-node=\"5\"><b data-path-to-node=\"5\" data-index-in-node=\"0\">Desempenho e seguran\u00e7a de voo<\/b><\/h3>\n<p data-path-to-node=\"6\"><span class=\"\">A DJI equipou este &quot;cinewhoop&quot; com a sua tecnologia de seguran\u00e7a mais avan\u00e7ada at\u00e9 \u00e0 data.,<\/span><span class=\"\"> tornando-o acess\u00edvel para iniciantes e indispens\u00e1vel para profissionais.<\/span><\/p>\n<ul data-path-to-node=\"7\">\n<li>\n<p data-path-to-node=\"7,0,0\"><b class=\"\" data-path-to-node=\"7,0,0\" data-index-in-node=\"0\">Detec\u00e7\u00e3o de obst\u00e1culos omnidirecional:<\/b><span class=\"\"> Alimentado por LiDAR frontal,<\/span><span class=\"\"> O drone consegue detectar obst\u00e1culos em todas as dire\u00e7\u00f5es, mesmo \u00e0 noite.<\/span><\/p>\n<\/li>\n<li>\n<p data-path-to-node=\"7,1,0\"><b class=\"\" data-path-to-node=\"7,1,0\" data-index-in-node=\"0\">Protetores de h\u00e9lice integrados:<\/b><span class=\"\"> O design cl\u00e1ssico do &quot;whoop&quot; foi aprimorado aqui.,<\/span><span class=\"\"> Permite voos em espa\u00e7os confinados e ricocheteia em paredes sem colidir.<\/span><\/p>\n<\/li>\n<li>\n<p data-path-to-node=\"7,2,0\"><b class=\"\" data-path-to-node=\"7,2,0\" data-index-in-node=\"0\">Tempo de voo: 23 minutos<\/b><span class=\"\"> A efici\u00eancia otimizada da bateria proporciona mais tempo de voo em compara\u00e7\u00e3o com os modelos FPV anteriores.<\/span><\/p>\n<\/li>\n<li>\n<p data-path-to-node=\"7,3,0\"><b class=\"\" data-path-to-node=\"7,3,0\" data-index-in-node=\"0\">Transmiss\u00e3o O4+:<\/b><span class=\"\"> Transmite uma imagem n\u00edtida em 1080p\/60fps ao vivo para o seu RC 2 ou \u00f3culos de realidade virtual, com um alcance de at\u00e9 20 km.<\/span><\/p>\n<\/li>\n<\/ul>\n<h3 data-path-to-node=\"8\"><b data-path-to-node=\"8\" data-index-in-node=\"0\">A vantagem do DJI RC 2<\/b><\/h3>\n<p data-path-to-node=\"9\"><span class=\"\">Embora muitos pilotos de Avata utilizem um controlador de movimento,<\/span><span class=\"\"> a <\/span><b class=\"\" data-path-to-node=\"9\" data-index-in-node=\"51\">DJI RC 2<\/b><span class=\"\"> Este pacote foi desenvolvido para o &quot;Cinegrafista A\u00e9reo&quot;.<\/span><span class=\"\">\u201c<\/span><\/p>\n<ul data-path-to-node=\"10\">\n<li>\n<p data-path-to-node=\"10,0,0\"><b class=\"\" data-path-to-node=\"10,0,0\" data-index-in-node=\"0\">Visor integrado:<\/b><span class=\"\"> N\u00e3o \u00e9 necess\u00e1rio conectar um smartphone; a tela de alto brilho de 700 nits permanece n\u00edtida mesmo sob luz solar direta.<\/span><\/p>\n<\/li>\n<li>\n<p data-path-to-node=\"10,1,0\"><b class=\"\" data-path-to-node=\"10,1,0\" data-index-in-node=\"0\">Controle de precis\u00e3o:<\/b><span class=\"\"> Os joysticks duplos tradicionais permitem o uso do recurso &quot;Gimbal Virtual&quot;.,<\/span><span class=\"\"> onde voc\u00ea pode girar a vis\u00e3o da c\u00e2mera infinitamente enquanto o drone voa em linha reta.<\/span><\/p>\n<\/li>\n<li>\n<p data-path-to-node=\"10,2,0\"><b class=\"\" data-path-to-node=\"10,2,0\" data-index-in-node=\"0\">Processador de \u00faltima gera\u00e7\u00e3o:<\/b><span class=\"\"> Garante que o aplicativo DJI Fly funcione sem problemas para reprodu\u00e7\u00e3o instant\u00e2nea e reenquadramento em 360\u00b0 em qualquer lugar.<\/span><\/p>\n<\/li>\n<\/ul>\n<h3 class=\"\" data-path-to-node=\"12\"><b data-path-to-node=\"12\" data-index-in-node=\"0\">Principais especifica\u00e7\u00f5es em resumo<\/b><\/h3>\n<table data-path-to-node=\"13\">\n<thead>\n<tr>\n<td><strong>Recurso<\/strong><\/td>\n<td><strong>Especifica\u00e7\u00f5es<\/strong><\/td>\n<\/tr>\n<\/thead>\n<tbody>\n<tr>\n<td><span data-path-to-node=\"13,1,0,0\"><b data-path-to-node=\"13,1,0,0\" data-index-in-node=\"0\">Resolu\u00e7\u00e3o m\u00e1xima<\/b><\/span><\/td>\n<td><span data-path-to-node=\"13,1,1,0\">8K\/60fps (360\u00b0) \/ 4K\/60fps (\u00fanico)<\/span><\/td>\n<\/tr>\n<tr>\n<td><span data-path-to-node=\"13,2,0,0\"><b data-path-to-node=\"13,2,0,0\" data-index-in-node=\"0\">Resolu\u00e7\u00e3o da foto<\/b><\/span><\/td>\n<td><span data-path-to-node=\"13,2,1,0\">120 megapixels<\/span><\/td>\n<\/tr>\n<tr>\n<td><span data-path-to-node=\"13,3,0,0\"><b data-path-to-node=\"13,3,0,0\" data-index-in-node=\"0\">Sensores<\/b><\/span><\/td>\n<td><span data-path-to-node=\"13,3,1,0\">CMOS quadrado duplo de 1\/1,1 polegadas<\/span><\/td>\n<\/tr>\n<tr>\n<td><span data-path-to-node=\"13,4,0,0\"><b data-path-to-node=\"13,4,0,0\" data-index-in-node=\"0\">Armazenamento interno<\/b><\/span><\/td>\n<td><span data-path-to-node=\"13,4,1,0\">42 GB (aproximadamente 30 minutos de v\u00eddeo em 8K)<\/span><\/td>\n<\/tr>\n<tr>\n<td><span data-path-to-node=\"13,5,0,0\"><b data-path-to-node=\"13,5,0,0\" data-index-in-node=\"0\">Peso<\/b><\/span><\/td>\n<td><span data-path-to-node=\"13,5,1,0\">Aproximadamente 455g<\/span><\/td>\n<\/tr>\n<tr>\n<td><span data-path-to-node=\"13,6,0,0\"><b data-path-to-node=\"13,6,0,0\" data-index-in-node=\"0\">Detec\u00e7\u00e3o de obst\u00e1culos<\/b><\/span><\/td>\n<td><span data-path-to-node=\"13,6,1,0\">Paisagem noturna omnidirecional (aprimorada por LiDAR)<\/span><\/td>\n<\/tr>\n<\/tbody>\n<\/table>\n<blockquote class=\"\" data-path-to-node=\"14\">\n<p data-path-to-node=\"14,0\"><b data-path-to-node=\"14,0\" data-index-in-node=\"0\">Dica profissional:<\/b> O Avata 360 apresenta um <b data-path-to-node=\"14,0\" data-index-in-node=\"34\">Elemento da lente frontal substitu\u00edvel<\/b>. Se voc\u00ea cometer um pequeno &quot;descuido&quot; e arranhar o vidro, poder\u00e1 troc\u00e1-lo voc\u00ea mesmo sem precisar enviar toda a unidade de volta para a DJI para reparo.<\/p>\n<\/blockquote>","protected":false},"excerpt":{"rendered":"<p><span class=\"\">O <\/span><b class=\"\" data-path-to-node=\"0\" data-index-in-node=\"4\">DJI Avata 360<\/b><span class=\"\"> (Lan\u00e7ado em mar\u00e7o de 2026) marca uma grande evolu\u00e7\u00e3o na s\u00e9rie Avata,<\/span><span class=\"\"> transi\u00e7\u00e3o de um drone FPV tradicional para um h\u00edbrido <\/span><b class=\"\" data-path-to-node=\"0\" data-index-in-node=\"137\">Pot\u00eancia 8K de 360 graus<\/b><span class=\"\">.<\/span><span class=\"\"> Ao combin\u00e1-lo com o <\/span><b class=\"\" data-path-to-node=\"0\" data-index-in-node=\"186\">DJI RC 2<\/b><span class=\"\">,<\/span><span class=\"\"> Voc\u00ea obt\u00e9m uma experi\u00eancia de controle port\u00e1til de n\u00edvel profissional com um visor integrado de 5.<\/span><span class=\"\">Tela FHD de 5 polegadas,<\/span><span class=\"\"> Ideal para quem busca enquadramento preciso aliado \u00e0 divers\u00e3o ca\u00f3tica do FPV.<\/span><\/p>","protected":false},"featured_media":24964,"comment_status":"open","ping_status":"closed","template":"","meta":[],"product_brand":[1031],"product_cat":[752,1403,1404,37],"product_tag":[1408,1406,1407],"class_list":{"0":"post-24698","1":"product","2":"type-product","3":"status-publish","4":"has-post-thumbnail","6":"product_brand-dji","7":"product_cat-aerial-photography","8":"product_cat-avata-360","9":"product_cat-avata-360-drones","10":"product_cat-dji","11":"product_tag-avata-360-drones","12":"product_tag-dji-avata-360","13":"product_tag-fvp","15":"first","16":"onbackorder","17":"taxable","18":"shipping-taxable","19":"purchasable","20":"product-type-simple"},"yoast_head":"<!-- This site is optimized with the Yoast SEO plugin v27.1.1 - https:\/\/yoast.com\/product\/yoast-seo-wordpress\/ -->\n<title>DJI Avata 360 (DJI RC 2) - Ghostysky<\/title>\n<meta name=\"description\" content=\"The DJI Avata 360 (launched March 2026) marks a massive evolution in the Avata series, shifting from a traditional FPV drone to a hybrid 8K 360-degree powerhouse. By pairing it with the DJI RC 2, you gain a professional-grade handheld control experience with an integrated 5.5-inch FHD screen, perfect for those who want precision framing alongside the chaotic fun of FPV.\" \/>\n<meta name=\"robots\" content=\"index, follow, max-snippet:-1, max-image-preview:large, max-video-preview:-1\" \/>\n<link rel=\"canonical\" href=\"https:\/\/www.ghostysky.com\/pt\/produto-2\/dji-avata-360-dji-rc-2\/\" \/>\n<meta property=\"og:locale\" content=\"pt_PT\" \/>\n<meta property=\"og:type\" content=\"article\" \/>\n<meta property=\"og:title\" content=\"DJI Avata 360 (DJI RC 2) - Ghostysky\" \/>\n<meta property=\"og:description\" content=\"The DJI Avata 360 (launched March 2026) marks a massive evolution in the Avata series, shifting from a traditional FPV drone to a hybrid 8K 360-degree powerhouse. By pairing it with the DJI RC 2, you gain a professional-grade handheld control experience with an integrated 5.5-inch FHD screen, perfect for those who want precision framing alongside the chaotic fun of FPV.\" \/>\n<meta property=\"og:url\" content=\"https:\/\/www.ghostysky.com\/pt\/produto-2\/dji-avata-360-dji-rc-2\/\" \/>\n<meta property=\"og:site_name\" content=\"Ghostysky\" \/>\n<meta property=\"article:publisher\" content=\"https:\/\/www.facebook.com\/people\/Ghostysky\/100057676170234\/\" \/>\n<meta property=\"article:modified_time\" content=\"2026-04-06T07:37:39+00:00\" \/>\n<meta property=\"og:image\" content=\"https:\/\/www.ghostysky.com\/wp-content\/uploads\/2026\/03\/GH_DJIAvata360_1.jpeg\" \/>\n\t<meta property=\"og:image:width\" content=\"1308\" \/>\n\t<meta property=\"og:image:height\" content=\"1308\" \/>\n\t<meta property=\"og:image:type\" content=\"image\/jpeg\" \/>\n<meta name=\"twitter:card\" content=\"summary_large_image\" \/>\n<meta name=\"twitter:site\" content=\"@Gh0stysky\" \/>\n<meta name=\"twitter:label1\" content=\"Tempo estimado de leitura\" \/>\n\t<meta name=\"twitter:data1\" content=\"2 minutos\" \/>\n<script type=\"application\/ld+json\" class=\"yoast-schema-graph\">{\"@context\":\"https:\/\/schema.org\",\"@graph\":[{\"@type\":\"WebPage\",\"@id\":\"https:\/\/www.ghostysky.com\/product\/dji-avata-360-dji-rc-2\/\",\"url\":\"https:\/\/www.ghostysky.com\/product\/dji-avata-360-dji-rc-2\/\",\"name\":\"DJI Avata 360 (DJI RC 2) - Ghostysky\",\"isPartOf\":{\"@id\":\"https:\/\/www.ghostysky.com\/#website\"},\"primaryImageOfPage\":{\"@id\":\"https:\/\/www.ghostysky.com\/product\/dji-avata-360-dji-rc-2\/#primaryimage\"},\"image\":{\"@id\":\"https:\/\/www.ghostysky.com\/product\/dji-avata-360-dji-rc-2\/#primaryimage\"},\"thumbnailUrl\":\"https:\/\/www.ghostysky.com\/wp-content\/uploads\/2026\/03\/GH_DJIAvata360_1.jpeg\",\"datePublished\":\"2026-03-26T15:00:16+00:00\",\"dateModified\":\"2026-04-06T07:37:39+00:00\",\"description\":\"The DJI Avata 360 (launched March 2026) marks a massive evolution in the Avata series, shifting from a traditional FPV drone to a hybrid 8K 360-degree powerhouse. By pairing it with the DJI RC 2, you gain a professional-grade handheld control experience with an integrated 5.5-inch FHD screen, perfect for those who want precision framing alongside the chaotic fun of FPV.\",\"breadcrumb\":{\"@id\":\"https:\/\/www.ghostysky.com\/product\/dji-avata-360-dji-rc-2\/#breadcrumb\"},\"inLanguage\":\"pt-PT\",\"potentialAction\":[{\"@type\":\"ReadAction\",\"target\":[\"https:\/\/www.ghostysky.com\/product\/dji-avata-360-dji-rc-2\/\"]}]},{\"@type\":\"ImageObject\",\"inLanguage\":\"pt-PT\",\"@id\":\"https:\/\/www.ghostysky.com\/product\/dji-avata-360-dji-rc-2\/#primaryimage\",\"url\":\"https:\/\/www.ghostysky.com\/wp-content\/uploads\/2026\/03\/GH_DJIAvata360_1.jpeg\",\"contentUrl\":\"https:\/\/www.ghostysky.com\/wp-content\/uploads\/2026\/03\/GH_DJIAvata360_1.jpeg\",\"width\":1308,\"height\":1308},{\"@type\":\"BreadcrumbList\",\"@id\":\"https:\/\/www.ghostysky.com\/product\/dji-avata-360-dji-rc-2\/#breadcrumb\",\"itemListElement\":[{\"@type\":\"ListItem\",\"position\":1,\"name\":\"Home\",\"item\":\"https:\/\/www.ghostysky.com\/\"},{\"@type\":\"ListItem\",\"position\":2,\"name\":\"Shop\",\"item\":\"https:\/\/www.ghostysky.com\/shop\/\"},{\"@type\":\"ListItem\",\"position\":3,\"name\":\"DJI Avata 360 (DJI RC 2)\"}]},{\"@type\":\"WebSite\",\"@id\":\"https:\/\/www.ghostysky.com\/#website\",\"url\":\"https:\/\/www.ghostysky.com\/\",\"name\":\"Ghostysky\",\"description\":\"Delivering professional drones and services\",\"publisher\":{\"@id\":\"https:\/\/www.ghostysky.com\/#organization\"},\"potentialAction\":[{\"@type\":\"SearchAction\",\"target\":{\"@type\":\"EntryPoint\",\"urlTemplate\":\"https:\/\/www.ghostysky.com\/?s={search_term_string}\"},\"query-input\":{\"@type\":\"PropertyValueSpecification\",\"valueRequired\":true,\"valueName\":\"search_term_string\"}}],\"inLanguage\":\"pt-PT\"},{\"@type\":\"Organization\",\"@id\":\"https:\/\/www.ghostysky.com\/#organization\",\"name\":\"Ghostysky\",\"url\":\"https:\/\/www.ghostysky.com\/\",\"logo\":{\"@type\":\"ImageObject\",\"inLanguage\":\"pt-PT\",\"@id\":\"https:\/\/www.ghostysky.com\/#\/schema\/logo\/image\/\",\"url\":\"https:\/\/www.ghostysky.com\/wp-content\/uploads\/2020\/06\/cropped-ghostyskylogo_text_white2.png\",\"contentUrl\":\"https:\/\/www.ghostysky.com\/wp-content\/uploads\/2020\/06\/cropped-ghostyskylogo_text_white2.png\",\"width\":169,\"height\":56,\"caption\":\"Ghostysky\"},\"image\":{\"@id\":\"https:\/\/www.ghostysky.com\/#\/schema\/logo\/image\/\"},\"sameAs\":[\"https:\/\/www.facebook.com\/people\/Ghostysky\/100057676170234\/\",\"https:\/\/x.com\/Gh0stysky\",\"https:\/\/www.linkedin.com\/company\/34739653\",\"https:\/\/www.instagram.com\/gh0stysky\"]}]}<\/script>\n<!-- \/ Yoast SEO plugin. -->","yoast_head_json":{"title":"DJI Avata 360 (DJI RC 2) - Ghostysky","description":"O DJI Avata 360 (lan\u00e7ado em mar\u00e7o de 2026) representa uma grande evolu\u00e7\u00e3o na s\u00e9rie Avata, passando de um drone FPV tradicional para uma pot\u00eancia h\u00edbrida de 360 graus em 8K. Ao combin\u00e1-lo com o DJI RC 2, voc\u00ea obt\u00e9m uma experi\u00eancia de controle port\u00e1til de n\u00edvel profissional com uma tela FHD integrada de 5,5 polegadas, perfeita para quem deseja enquadramento preciso sem abrir m\u00e3o da divers\u00e3o ca\u00f3tica do FPV.","robots":{"index":"index","follow":"follow","max-snippet":"max-snippet:-1","max-image-preview":"max-image-preview:large","max-video-preview":"max-video-preview:-1"},"canonical":"https:\/\/www.ghostysky.com\/pt\/produto-2\/dji-avata-360-dji-rc-2\/","og_locale":"pt_PT","og_type":"article","og_title":"DJI Avata 360 (DJI RC 2) - Ghostysky","og_description":"The DJI Avata 360 (launched March 2026) marks a massive evolution in the Avata series, shifting from a traditional FPV drone to a hybrid 8K 360-degree powerhouse. By pairing it with the DJI RC 2, you gain a professional-grade handheld control experience with an integrated 5.5-inch FHD screen, perfect for those who want precision framing alongside the chaotic fun of FPV.","og_url":"https:\/\/www.ghostysky.com\/pt\/produto-2\/dji-avata-360-dji-rc-2\/","og_site_name":"Ghostysky","article_publisher":"https:\/\/www.facebook.com\/people\/Ghostysky\/100057676170234\/","article_modified_time":"2026-04-06T07:37:39+00:00","og_image":[{"width":1308,"height":1308,"url":"https:\/\/www.ghostysky.com\/wp-content\/uploads\/2026\/03\/GH_DJIAvata360_1.jpeg","type":"image\/jpeg"}],"twitter_card":"summary_large_image","twitter_site":"@Gh0stysky","twitter_misc":{"Tempo estimado de leitura":"2 minutos"},"schema":{"@context":"https:\/\/schema.org","@graph":[{"@type":"WebPage","@id":"https:\/\/www.ghostysky.com\/product\/dji-avata-360-dji-rc-2\/","url":"https:\/\/www.ghostysky.com\/product\/dji-avata-360-dji-rc-2\/","name":"DJI Avata 360 (DJI RC 2) - Ghostysky","isPartOf":{"@id":"https:\/\/www.ghostysky.com\/#website"},"primaryImageOfPage":{"@id":"https:\/\/www.ghostysky.com\/product\/dji-avata-360-dji-rc-2\/#primaryimage"},"image":{"@id":"https:\/\/www.ghostysky.com\/product\/dji-avata-360-dji-rc-2\/#primaryimage"},"thumbnailUrl":"https:\/\/www.ghostysky.com\/wp-content\/uploads\/2026\/03\/GH_DJIAvata360_1.jpeg","datePublished":"2026-03-26T15:00:16+00:00","dateModified":"2026-04-06T07:37:39+00:00","description":"O DJI Avata 360 (lan\u00e7ado em mar\u00e7o de 2026) representa uma grande evolu\u00e7\u00e3o na s\u00e9rie Avata, passando de um drone FPV tradicional para uma pot\u00eancia h\u00edbrida de 360 graus em 8K. Ao combin\u00e1-lo com o DJI RC 2, voc\u00ea obt\u00e9m uma experi\u00eancia de controle port\u00e1til de n\u00edvel profissional com uma tela FHD integrada de 5,5 polegadas, perfeita para quem deseja enquadramento preciso sem abrir m\u00e3o da divers\u00e3o ca\u00f3tica do FPV.","breadcrumb":{"@id":"https:\/\/www.ghostysky.com\/product\/dji-avata-360-dji-rc-2\/#breadcrumb"},"inLanguage":"pt-PT","potentialAction":[{"@type":"ReadAction","target":["https:\/\/www.ghostysky.com\/product\/dji-avata-360-dji-rc-2\/"]}]},{"@type":"ImageObject","inLanguage":"pt-PT","@id":"https:\/\/www.ghostysky.com\/product\/dji-avata-360-dji-rc-2\/#primaryimage","url":"https:\/\/www.ghostysky.com\/wp-content\/uploads\/2026\/03\/GH_DJIAvata360_1.jpeg","contentUrl":"https:\/\/www.ghostysky.com\/wp-content\/uploads\/2026\/03\/GH_DJIAvata360_1.jpeg","width":1308,"height":1308},{"@type":"BreadcrumbList","@id":"https:\/\/www.ghostysky.com\/product\/dji-avata-360-dji-rc-2\/#breadcrumb","itemListElement":[{"@type":"ListItem","position":1,"name":"Home","item":"https:\/\/www.ghostysky.com\/"},{"@type":"ListItem","position":2,"name":"Shop","item":"https:\/\/www.ghostysky.com\/shop\/"},{"@type":"ListItem","position":3,"name":"DJI Avata 360 (DJI RC 2)"}]},{"@type":"WebSite","@id":"https:\/\/www.ghostysky.com\/#website","url":"https:\/\/www.ghostysky.com\/","name":"Ghostysky","description":"Fornecendo drones e servi\u00e7os profissionais","publisher":{"@id":"https:\/\/www.ghostysky.com\/#organization"},"potentialAction":[{"@type":"SearchAction","target":{"@type":"EntryPoint","urlTemplate":"https:\/\/www.ghostysky.com\/?s={search_term_string}"},"query-input":{"@type":"PropertyValueSpecification","valueRequired":true,"valueName":"search_term_string"}}],"inLanguage":"pt-PT"},{"@type":"Organization","@id":"https:\/\/www.ghostysky.com\/#organization","name":"Ghostysky","url":"https:\/\/www.ghostysky.com\/","logo":{"@type":"ImageObject","inLanguage":"pt-PT","@id":"https:\/\/www.ghostysky.com\/#\/schema\/logo\/image\/","url":"https:\/\/www.ghostysky.com\/wp-content\/uploads\/2020\/06\/cropped-ghostyskylogo_text_white2.png","contentUrl":"https:\/\/www.ghostysky.com\/wp-content\/uploads\/2020\/06\/cropped-ghostyskylogo_text_white2.png","width":169,"height":56,"caption":"Ghostysky"},"image":{"@id":"https:\/\/www.ghostysky.com\/#\/schema\/logo\/image\/"},"sameAs":["https:\/\/www.facebook.com\/people\/Ghostysky\/100057676170234\/","https:\/\/x.com\/Gh0stysky","https:\/\/www.linkedin.com\/company\/34739653","https:\/\/www.instagram.com\/gh0stysky"]}]}},"_links":{"self":[{"href":"https:\/\/www.ghostysky.com\/pt\/wp-json\/wp\/v2\/product\/24698","targetHints":{"allow":["GET"]}}],"collection":[{"href":"https:\/\/www.ghostysky.com\/pt\/wp-json\/wp\/v2\/product"}],"about":[{"href":"https:\/\/www.ghostysky.com\/pt\/wp-json\/wp\/v2\/types\/product"}],"replies":[{"embeddable":true,"href":"https:\/\/www.ghostysky.com\/pt\/wp-json\/wp\/v2\/comments?post=24698"}],"wp:featuredmedia":[{"embeddable":true,"href":"https:\/\/www.ghostysky.com\/pt\/wp-json\/wp\/v2\/media\/24964"}],"wp:attachment":[{"href":"https:\/\/www.ghostysky.com\/pt\/wp-json\/wp\/v2\/media?parent=24698"}],"wp:term":[{"taxonomy":"product_brand","embeddable":true,"href":"https:\/\/www.ghostysky.com\/pt\/wp-json\/wp\/v2\/product_brand?post=24698"},{"taxonomy":"product_cat","embeddable":true,"href":"https:\/\/www.ghostysky.com\/pt\/wp-json\/wp\/v2\/product_cat?post=24698"},{"taxonomy":"product_tag","embeddable":true,"href":"https:\/\/www.ghostysky.com\/pt\/wp-json\/wp\/v2\/product_tag?post=24698"}],"curies":[{"name":"wp","href":"https:\/\/api.w.org\/{rel}","templated":true}]}}