{"id":24716,"date":"2026-03-26T15:39:49","date_gmt":"2026-03-26T15:39:49","guid":{"rendered":"https:\/\/www.ghostysky.com\/?post_type=product&#038;p=24716"},"modified":"2026-03-26T15:50:15","modified_gmt":"2026-03-26T15:50:15","slug":"dji-rc-motion-3","status":"publish","type":"product","link":"https:\/\/www.ghostysky.com\/pt\/product\/dji-rc-motion-3\/","title":{"rendered":"DJI RC Motion 3"},"content":{"rendered":"<h3 data-path-to-node=\"2\">Caracter\u00edsticas principais<\/h3>\n<ul data-path-to-node=\"3\">\n<li>\n<p id=\"p-rc_2ee7a0b22a592031-34\" data-path-to-node=\"3,0,0\"><b data-path-to-node=\"3,0,0\" data-index-in-node=\"0\"><span class=\"citation-77\">Controle de movimento imersivo:<\/span><\/b><span class=\"citation-77 citation-end-77\"> Quando emparelhado com os DJI Goggles 3, o drone imita os movimentos da sua m\u00e3o e do seu pulso.<\/span> <span class=\"citation-76 citation-end-76\">Inclinar e girar o controle resulta em um voo fluido e intuitivo.<\/span><\/p>\n<\/li>\n<li>\n<p id=\"p-rc_2ee7a0b22a592031-35\" data-path-to-node=\"3,1,0\"><b data-path-to-node=\"3,1,0\" data-index-in-node=\"0\">ACRO F\u00e1cil:<\/b><span class=\"citation-75\"> Essa funcionalidade permite at\u00e9 mesmo que iniciantes realizem manobras profissionais \u2014 como <\/span><b data-path-to-node=\"3,1,0\" data-index-in-node=\"85\"><span class=\"citation-75\">cambalhotas, giros e derrapagens de 180\u00b0<\/span><\/b><span class=\"citation-75 citation-end-75\">\u2014com um simples toque de bot\u00e3o ou movimento do joystick.<\/span><\/p>\n<\/li>\n<li>\n<p id=\"p-rc_2ee7a0b22a592031-36\" data-path-to-node=\"3,2,0\"><b data-path-to-node=\"3,2,0\" data-index-in-node=\"0\"><span class=\"citation-74\">Cursor AR:<\/span><\/b><span class=\"citation-74 citation-end-74\"> Ao usar os \u00f3culos, voc\u00ea pode usar o RC Motion 3 para controlar um cursor de realidade aumentada na tela.<\/span> <span class=\"citation-73 citation-end-73\">Isso torna a navega\u00e7\u00e3o pelos menus e o ajuste das configura\u00e7\u00f5es da c\u00e2mera muito mais r\u00e1pidos do que usar os bot\u00f5es f\u00edsicos dos \u00f3culos.<\/span><\/p>\n<\/li>\n<li>\n<p id=\"p-rc_2ee7a0b22a592031-37\" data-path-to-node=\"3,3,0\"><b data-path-to-node=\"3,3,0\" data-index-in-node=\"0\"><span class=\"citation-72\">Acelerador de dois pontos:<\/span><\/b><span class=\"citation-72 citation-end-72\"> Um novo design de gatilho onde um meio-pressionamento trava a atitude do drone (voo est\u00e1vel) e um pressionamento completo acelera a aeronave para a frente.<\/span> <span class=\"citation-71 citation-end-71\">Tamb\u00e9m oferece uma fun\u00e7\u00e3o reversa para voar para tr\u00e1s enquanto paira no ar.<\/span><\/p>\n<\/li>\n<li>\n<p id=\"p-rc_2ee7a0b22a592031-38\" data-path-to-node=\"3,4,0\"><b data-path-to-node=\"3,4,0\" data-index-in-node=\"0\">Seguran\u00e7a em primeiro lugar:<\/b><span class=\"citation-70\"> Inclui um dedicado <\/span><b data-path-to-node=\"3,4,0\" data-index-in-node=\"35\"><span class=\"citation-70\">Freio de emerg\u00eancia e pairar<\/span><\/b><span class=\"citation-70 citation-end-70\"> Bot\u00e3o que para o drone instantaneamente, proporcionando tranquilidade durante manobras complexas.<\/span><\/p>\n<div class=\"source-inline-chip-container ng-star-inserted\"><\/div>\n<\/li>\n<\/ul>\n<h3 data-path-to-node=\"4\">Especifica\u00e7\u00f5es t\u00e9cnicas<\/h3>\n<table data-path-to-node=\"5\">\n<thead>\n<tr>\n<td><strong>Recurso<\/strong><\/td>\n<td><strong>Especifica\u00e7\u00f5es<\/strong><\/td>\n<\/tr>\n<\/thead>\n<tbody>\n<tr>\n<td><span data-path-to-node=\"5,1,0,0\"><b data-path-to-node=\"5,1,0,0\" data-index-in-node=\"0\">Peso<\/b><\/span><\/td>\n<td><span data-path-to-node=\"5,1,1,0\">Aproximadamente 118 g<\/span><\/td>\n<\/tr>\n<tr>\n<td><span data-path-to-node=\"5,2,0,0\"><b data-path-to-node=\"5,2,0,0\" data-index-in-node=\"0\">Dura\u00e7\u00e3o da bateria<\/b><\/span><\/td>\n<td><span data-path-to-node=\"5,2,1,0\">Aproximadamente 10 horas<\/span><\/td>\n<\/tr>\n<tr>\n<td><span data-path-to-node=\"5,3,0,0\"><b data-path-to-node=\"5,3,0,0\" data-index-in-node=\"0\">Tempo de carregamento<\/b><\/span><\/td>\n<td><span data-path-to-node=\"5,3,1,0\">Aproximadamente 2 horas (5V, 2A)<\/span><\/td>\n<\/tr>\n<tr>\n<td><span data-path-to-node=\"5,4,0,0\"><b data-path-to-node=\"5,4,0,0\" data-index-in-node=\"0\">Transmiss\u00e3o m\u00e1xima<\/b><\/span><\/td>\n<td><span data-path-to-node=\"5,4,1,0\">13 km (FCC); 10 km (CE\/SRRC\/MIC)<\/span><\/td>\n<\/tr>\n<tr>\n<td><span data-path-to-node=\"5,5,0,0\"><b data-path-to-node=\"5,5,0,0\" data-index-in-node=\"0\">Conectividade<\/b><\/span><\/td>\n<td><span data-path-to-node=\"5,5,1,0\">2,4000-2,4835 GHz<\/span><\/td>\n<\/tr>\n<\/tbody>\n<\/table>\n<h2 data-path-to-node=\"6\"><\/h2>\n<h3 data-path-to-node=\"6\">Compatibilidade<\/h3>\n<p id=\"p-rc_2ee7a0b22a592031-39\" data-path-to-node=\"7\"><span class=\"citation-69\">O RC Motion 3 foi projetado para funcionar em sinergia com <\/span><b data-path-to-node=\"7\" data-index-in-node=\"52\"><span class=\"citation-69\">DJI Goggles 3<\/span><\/b><span class=\"citation-69\"> ou <\/span><b data-path-to-node=\"7\" data-index-in-node=\"69\"><span class=\"citation-69\">\u00d3culos DJI N3<\/span><\/b><span class=\"citation-69 citation-end-69\">.<\/span> \u00c9 compat\u00edvel com os seguintes drones:<\/p>\n<ul data-path-to-node=\"8\">\n<li><b data-path-to-node=\"8,0,0\" data-index-in-node=\"0\"><span class=\"citation-68\">DJI Avata 360<\/span><\/b><\/li>\n<li><b data-path-to-node=\"8,0,0\" data-index-in-node=\"0\"><span class=\"citation-68\">DJI Avata 2<\/span><\/b><span class=\"citation-68 citation-end-68\"> (O companheiro principal para voos FPV)<\/span><\/li>\n<li><b data-path-to-node=\"8,1,0\" data-index-in-node=\"0\"><span class=\"citation-67 citation-end-67\">DJI Neo<\/span><\/b><\/li>\n<li><b data-path-to-node=\"8,2,0\" data-index-in-node=\"0\"><span class=\"citation-66 citation-end-66\">DJI Air 3 \/ Air 3S<\/span><\/b><\/li>\n<li><b data-path-to-node=\"8,3,0\" data-index-in-node=\"0\"><span class=\"citation-65 citation-end-65\">DJI Mini 4 Pro<\/span><\/b><\/li>\n<\/ul>\n<blockquote data-path-to-node=\"9\">\n<p id=\"p-rc_2ee7a0b22a592031-44\" data-path-to-node=\"9,0\"><b data-path-to-node=\"9,0\" data-index-in-node=\"0\">Observa\u00e7\u00e3o:<\/b><span class=\"citation-64\"> O RC Motion 3 n\u00e3o consegue controlar um drone de forma independente; ele <\/span><b data-path-to-node=\"9,0\" data-index-in-node=\"63\"><span class=\"citation-64\">deve<\/span><\/b><span class=\"citation-64 citation-end-64\"> Para funcionar, deve ser emparelhado com um headset DJI Goggles compat\u00edvel.<\/span><\/p>\n<\/blockquote>","protected":false},"excerpt":{"rendered":"<p><span class=\"citation-79\">O <\/span><b data-path-to-node=\"0\" data-index-in-node=\"4\"><span class=\"citation-79\">DJI RC Motion 3<\/span><\/b><span class=\"citation-79 citation-end-79\"> \u00c9 um controlador de movimento para uso com uma s\u00f3 m\u00e3o, projetado para proporcionar uma experi\u00eancia imersiva do tipo &quot;apontar e voar&quot;.<\/span> <span class=\"citation-78 citation-end-78\">Diferentemente dos controles tradicionais de dois joysticks, ele traduz os movimentos naturais do seu pulso em manobras de voo, dando a sensa\u00e7\u00e3o de que voc\u00ea est\u00e1 &quot;pilotando&quot; o drone no ar.<\/span><\/p>","protected":false},"featured_media":24718,"comment_status":"open","ping_status":"closed","template":"","meta":[],"product_brand":[1031],"product_cat":[752,1403,1405,37],"product_tag":[1412,1409,1411,1410],"class_list":{"0":"post-24716","1":"product","2":"type-product","3":"status-publish","4":"has-post-thumbnail","6":"product_brand-dji","7":"product_cat-aerial-photography","8":"product_cat-avata-360","9":"product_cat-avata-360-accessories","10":"product_cat-dji","11":"product_tag-avata-360-accessories","12":"product_tag-dji-goggles-n3","13":"product_tag-fpv","14":"product_tag-goggles","16":"first","17":"onbackorder","18":"taxable","19":"shipping-taxable","20":"purchasable","21":"product-type-simple"},"yoast_head":"<!-- This site is optimized with the Yoast SEO plugin v27.1.1 - https:\/\/yoast.com\/product\/yoast-seo-wordpress\/ -->\n<title>DJI RC Motion 3 - Ghostysky<\/title>\n<meta name=\"description\" content=\"The DJI RC Motion 3 is a single-handed motion controller designed to provide an immersive, &quot;point-to-fly&quot; experience. Unlike traditional two-stick controllers, it translates your natural wrist movements into flight maneuvers, making it feel more like you&#039;re &quot;driving&quot; the drone through the air.\" \/>\n<meta name=\"robots\" content=\"index, follow, max-snippet:-1, max-image-preview:large, max-video-preview:-1\" \/>\n<link rel=\"canonical\" href=\"https:\/\/www.ghostysky.com\/pt\/produto-2\/dji-rc-motion-3\/\" \/>\n<meta property=\"og:locale\" content=\"pt_PT\" \/>\n<meta property=\"og:type\" content=\"article\" \/>\n<meta property=\"og:title\" content=\"DJI RC Motion 3 - Ghostysky\" \/>\n<meta property=\"og:description\" content=\"The DJI RC Motion 3 is a single-handed motion controller designed to provide an immersive, &quot;point-to-fly&quot; experience. Unlike traditional two-stick controllers, it translates your natural wrist movements into flight maneuvers, making it feel more like you&#039;re &quot;driving&quot; the drone through the air.\" \/>\n<meta property=\"og:url\" content=\"https:\/\/www.ghostysky.com\/pt\/produto-2\/dji-rc-motion-3\/\" \/>\n<meta property=\"og:site_name\" content=\"Ghostysky\" \/>\n<meta property=\"article:publisher\" content=\"https:\/\/www.facebook.com\/people\/Ghostysky\/100057676170234\/\" \/>\n<meta property=\"article:modified_time\" content=\"2026-03-26T15:50:15+00:00\" \/>\n<meta property=\"og:image\" content=\"https:\/\/www.ghostysky.com\/wp-content\/uploads\/2026\/03\/GH_DJI-RC-Motion-3_1.jpg\" \/>\n\t<meta property=\"og:image:width\" content=\"1100\" \/>\n\t<meta property=\"og:image:height\" content=\"1422\" \/>\n\t<meta property=\"og:image:type\" content=\"image\/jpeg\" \/>\n<meta name=\"twitter:card\" content=\"summary_large_image\" \/>\n<meta name=\"twitter:site\" content=\"@Gh0stysky\" \/>\n<meta name=\"twitter:label1\" content=\"Tempo estimado de leitura\" \/>\n\t<meta name=\"twitter:data1\" content=\"2 minutos\" \/>\n<script type=\"application\/ld+json\" class=\"yoast-schema-graph\">{\"@context\":\"https:\/\/schema.org\",\"@graph\":[{\"@type\":\"WebPage\",\"@id\":\"https:\/\/www.ghostysky.com\/product\/dji-rc-motion-3\/\",\"url\":\"https:\/\/www.ghostysky.com\/product\/dji-rc-motion-3\/\",\"name\":\"DJI RC Motion 3 - Ghostysky\",\"isPartOf\":{\"@id\":\"https:\/\/www.ghostysky.com\/#website\"},\"primaryImageOfPage\":{\"@id\":\"https:\/\/www.ghostysky.com\/product\/dji-rc-motion-3\/#primaryimage\"},\"image\":{\"@id\":\"https:\/\/www.ghostysky.com\/product\/dji-rc-motion-3\/#primaryimage\"},\"thumbnailUrl\":\"https:\/\/www.ghostysky.com\/wp-content\/uploads\/2026\/03\/GH_DJI-RC-Motion-3_1.jpg\",\"datePublished\":\"2026-03-26T15:39:49+00:00\",\"dateModified\":\"2026-03-26T15:50:15+00:00\",\"description\":\"The DJI RC Motion 3 is a single-handed motion controller designed to provide an immersive, \\\"point-to-fly\\\" experience. Unlike traditional two-stick controllers, it translates your natural wrist movements into flight maneuvers, making it feel more like you're \\\"driving\\\" the drone through the air.\",\"breadcrumb\":{\"@id\":\"https:\/\/www.ghostysky.com\/product\/dji-rc-motion-3\/#breadcrumb\"},\"inLanguage\":\"pt-PT\",\"potentialAction\":[{\"@type\":\"ReadAction\",\"target\":[\"https:\/\/www.ghostysky.com\/product\/dji-rc-motion-3\/\"]}]},{\"@type\":\"ImageObject\",\"inLanguage\":\"pt-PT\",\"@id\":\"https:\/\/www.ghostysky.com\/product\/dji-rc-motion-3\/#primaryimage\",\"url\":\"https:\/\/www.ghostysky.com\/wp-content\/uploads\/2026\/03\/GH_DJI-RC-Motion-3_1.jpg\",\"contentUrl\":\"https:\/\/www.ghostysky.com\/wp-content\/uploads\/2026\/03\/GH_DJI-RC-Motion-3_1.jpg\",\"width\":1100,\"height\":1422},{\"@type\":\"BreadcrumbList\",\"@id\":\"https:\/\/www.ghostysky.com\/product\/dji-rc-motion-3\/#breadcrumb\",\"itemListElement\":[{\"@type\":\"ListItem\",\"position\":1,\"name\":\"Home\",\"item\":\"https:\/\/www.ghostysky.com\/\"},{\"@type\":\"ListItem\",\"position\":2,\"name\":\"Shop\",\"item\":\"https:\/\/www.ghostysky.com\/shop\/\"},{\"@type\":\"ListItem\",\"position\":3,\"name\":\"DJI RC Motion 3\"}]},{\"@type\":\"WebSite\",\"@id\":\"https:\/\/www.ghostysky.com\/#website\",\"url\":\"https:\/\/www.ghostysky.com\/\",\"name\":\"Ghostysky\",\"description\":\"Delivering professional drones and services\",\"publisher\":{\"@id\":\"https:\/\/www.ghostysky.com\/#organization\"},\"potentialAction\":[{\"@type\":\"SearchAction\",\"target\":{\"@type\":\"EntryPoint\",\"urlTemplate\":\"https:\/\/www.ghostysky.com\/?s={search_term_string}\"},\"query-input\":{\"@type\":\"PropertyValueSpecification\",\"valueRequired\":true,\"valueName\":\"search_term_string\"}}],\"inLanguage\":\"pt-PT\"},{\"@type\":\"Organization\",\"@id\":\"https:\/\/www.ghostysky.com\/#organization\",\"name\":\"Ghostysky\",\"url\":\"https:\/\/www.ghostysky.com\/\",\"logo\":{\"@type\":\"ImageObject\",\"inLanguage\":\"pt-PT\",\"@id\":\"https:\/\/www.ghostysky.com\/#\/schema\/logo\/image\/\",\"url\":\"https:\/\/www.ghostysky.com\/wp-content\/uploads\/2020\/06\/cropped-ghostyskylogo_text_white2.png\",\"contentUrl\":\"https:\/\/www.ghostysky.com\/wp-content\/uploads\/2020\/06\/cropped-ghostyskylogo_text_white2.png\",\"width\":169,\"height\":56,\"caption\":\"Ghostysky\"},\"image\":{\"@id\":\"https:\/\/www.ghostysky.com\/#\/schema\/logo\/image\/\"},\"sameAs\":[\"https:\/\/www.facebook.com\/people\/Ghostysky\/100057676170234\/\",\"https:\/\/x.com\/Gh0stysky\",\"https:\/\/www.linkedin.com\/company\/34739653\",\"https:\/\/www.instagram.com\/gh0stysky\"]}]}<\/script>\n<!-- \/ Yoast SEO plugin. -->","yoast_head_json":{"title":"DJI RC Motion 3 - Ghostysky","description":"O DJI RC Motion 3 \u00e9 um controle remoto de movimento para uso com uma s\u00f3 m\u00e3o, projetado para proporcionar uma experi\u00eancia imersiva de &quot;apontar e voar&quot;. Ao contr\u00e1rio dos controles tradicionais de dois joysticks, ele traduz os movimentos naturais do seu pulso em manobras de voo, dando a sensa\u00e7\u00e3o de que voc\u00ea est\u00e1 realmente &quot;pilotando&quot; o drone no ar.","robots":{"index":"index","follow":"follow","max-snippet":"max-snippet:-1","max-image-preview":"max-image-preview:large","max-video-preview":"max-video-preview:-1"},"canonical":"https:\/\/www.ghostysky.com\/pt\/produto-2\/dji-rc-motion-3\/","og_locale":"pt_PT","og_type":"article","og_title":"DJI RC Motion 3 - Ghostysky","og_description":"The DJI RC Motion 3 is a single-handed motion controller designed to provide an immersive, \"point-to-fly\" experience. Unlike traditional two-stick controllers, it translates your natural wrist movements into flight maneuvers, making it feel more like you're \"driving\" the drone through the air.","og_url":"https:\/\/www.ghostysky.com\/pt\/produto-2\/dji-rc-motion-3\/","og_site_name":"Ghostysky","article_publisher":"https:\/\/www.facebook.com\/people\/Ghostysky\/100057676170234\/","article_modified_time":"2026-03-26T15:50:15+00:00","og_image":[{"width":1100,"height":1422,"url":"https:\/\/www.ghostysky.com\/wp-content\/uploads\/2026\/03\/GH_DJI-RC-Motion-3_1.jpg","type":"image\/jpeg"}],"twitter_card":"summary_large_image","twitter_site":"@Gh0stysky","twitter_misc":{"Tempo estimado de leitura":"2 minutos"},"schema":{"@context":"https:\/\/schema.org","@graph":[{"@type":"WebPage","@id":"https:\/\/www.ghostysky.com\/product\/dji-rc-motion-3\/","url":"https:\/\/www.ghostysky.com\/product\/dji-rc-motion-3\/","name":"DJI RC Motion 3 - Ghostysky","isPartOf":{"@id":"https:\/\/www.ghostysky.com\/#website"},"primaryImageOfPage":{"@id":"https:\/\/www.ghostysky.com\/product\/dji-rc-motion-3\/#primaryimage"},"image":{"@id":"https:\/\/www.ghostysky.com\/product\/dji-rc-motion-3\/#primaryimage"},"thumbnailUrl":"https:\/\/www.ghostysky.com\/wp-content\/uploads\/2026\/03\/GH_DJI-RC-Motion-3_1.jpg","datePublished":"2026-03-26T15:39:49+00:00","dateModified":"2026-03-26T15:50:15+00:00","description":"O DJI RC Motion 3 \u00e9 um controle remoto de movimento para uso com uma s\u00f3 m\u00e3o, projetado para proporcionar uma experi\u00eancia imersiva de &quot;apontar e voar&quot;. Ao contr\u00e1rio dos controles tradicionais de dois joysticks, ele traduz os movimentos naturais do seu pulso em manobras de voo, dando a sensa\u00e7\u00e3o de que voc\u00ea est\u00e1 realmente &quot;pilotando&quot; o drone no ar.","breadcrumb":{"@id":"https:\/\/www.ghostysky.com\/product\/dji-rc-motion-3\/#breadcrumb"},"inLanguage":"pt-PT","potentialAction":[{"@type":"ReadAction","target":["https:\/\/www.ghostysky.com\/product\/dji-rc-motion-3\/"]}]},{"@type":"ImageObject","inLanguage":"pt-PT","@id":"https:\/\/www.ghostysky.com\/product\/dji-rc-motion-3\/#primaryimage","url":"https:\/\/www.ghostysky.com\/wp-content\/uploads\/2026\/03\/GH_DJI-RC-Motion-3_1.jpg","contentUrl":"https:\/\/www.ghostysky.com\/wp-content\/uploads\/2026\/03\/GH_DJI-RC-Motion-3_1.jpg","width":1100,"height":1422},{"@type":"BreadcrumbList","@id":"https:\/\/www.ghostysky.com\/product\/dji-rc-motion-3\/#breadcrumb","itemListElement":[{"@type":"ListItem","position":1,"name":"Home","item":"https:\/\/www.ghostysky.com\/"},{"@type":"ListItem","position":2,"name":"Shop","item":"https:\/\/www.ghostysky.com\/shop\/"},{"@type":"ListItem","position":3,"name":"DJI RC Motion 3"}]},{"@type":"WebSite","@id":"https:\/\/www.ghostysky.com\/#website","url":"https:\/\/www.ghostysky.com\/","name":"Ghostysky","description":"Fornecendo drones e servi\u00e7os profissionais","publisher":{"@id":"https:\/\/www.ghostysky.com\/#organization"},"potentialAction":[{"@type":"SearchAction","target":{"@type":"EntryPoint","urlTemplate":"https:\/\/www.ghostysky.com\/?s={search_term_string}"},"query-input":{"@type":"PropertyValueSpecification","valueRequired":true,"valueName":"search_term_string"}}],"inLanguage":"pt-PT"},{"@type":"Organization","@id":"https:\/\/www.ghostysky.com\/#organization","name":"Ghostysky","url":"https:\/\/www.ghostysky.com\/","logo":{"@type":"ImageObject","inLanguage":"pt-PT","@id":"https:\/\/www.ghostysky.com\/#\/schema\/logo\/image\/","url":"https:\/\/www.ghostysky.com\/wp-content\/uploads\/2020\/06\/cropped-ghostyskylogo_text_white2.png","contentUrl":"https:\/\/www.ghostysky.com\/wp-content\/uploads\/2020\/06\/cropped-ghostyskylogo_text_white2.png","width":169,"height":56,"caption":"Ghostysky"},"image":{"@id":"https:\/\/www.ghostysky.com\/#\/schema\/logo\/image\/"},"sameAs":["https:\/\/www.facebook.com\/people\/Ghostysky\/100057676170234\/","https:\/\/x.com\/Gh0stysky","https:\/\/www.linkedin.com\/company\/34739653","https:\/\/www.instagram.com\/gh0stysky"]}]}},"_links":{"self":[{"href":"https:\/\/www.ghostysky.com\/pt\/wp-json\/wp\/v2\/product\/24716","targetHints":{"allow":["GET"]}}],"collection":[{"href":"https:\/\/www.ghostysky.com\/pt\/wp-json\/wp\/v2\/product"}],"about":[{"href":"https:\/\/www.ghostysky.com\/pt\/wp-json\/wp\/v2\/types\/product"}],"replies":[{"embeddable":true,"href":"https:\/\/www.ghostysky.com\/pt\/wp-json\/wp\/v2\/comments?post=24716"}],"wp:featuredmedia":[{"embeddable":true,"href":"https:\/\/www.ghostysky.com\/pt\/wp-json\/wp\/v2\/media\/24718"}],"wp:attachment":[{"href":"https:\/\/www.ghostysky.com\/pt\/wp-json\/wp\/v2\/media?parent=24716"}],"wp:term":[{"taxonomy":"product_brand","embeddable":true,"href":"https:\/\/www.ghostysky.com\/pt\/wp-json\/wp\/v2\/product_brand?post=24716"},{"taxonomy":"product_cat","embeddable":true,"href":"https:\/\/www.ghostysky.com\/pt\/wp-json\/wp\/v2\/product_cat?post=24716"},{"taxonomy":"product_tag","embeddable":true,"href":"https:\/\/www.ghostysky.com\/pt\/wp-json\/wp\/v2\/product_tag?post=24716"}],"curies":[{"name":"wp","href":"https:\/\/api.w.org\/{rel}","templated":true}]}}