{"id":24719,"date":"2026-03-26T15:44:48","date_gmt":"2026-03-26T15:44:48","guid":{"rendered":"https:\/\/www.ghostysky.com\/?post_type=product&#038;p=24719"},"modified":"2026-03-26T15:49:26","modified_gmt":"2026-03-26T15:49:26","slug":"dji-avata-360-intelligent-flight-battery","status":"publish","type":"product","link":"https:\/\/www.ghostysky.com\/pt\/product\/dji-avata-360-intelligent-flight-battery\/","title":{"rendered":"Bateria de voo inteligente DJI Avata 360"},"content":{"rendered":"<h3 data-path-to-node=\"1\"><b data-path-to-node=\"1\" data-index-in-node=\"0\">Principais destaques do produto<\/b><\/h3>\n<ul data-path-to-node=\"2\">\n<li>\n<p id=\"p-rc_064cb0e138443fb3-58\" data-path-to-node=\"2,0,0\"><b data-path-to-node=\"2,0,0\" data-index-in-node=\"0\"><span class=\"citation-140\">Tempo de voo prolongado:<\/span><\/b><span class=\"citation-140\"> Fornece at\u00e9 <\/span><b data-path-to-node=\"2,0,0\" data-index-in-node=\"37\"><span class=\"citation-140\">23 minutos<\/span><\/b><span class=\"citation-140 citation-end-140\"> de tempo de voo por carga, permitindo capturas imersivas de 360\u00b0 mais longas e manobras a\u00e9reas complexas.<\/span><\/p>\n<\/li>\n<li>\n<p id=\"p-rc_064cb0e138443fb3-59\" data-path-to-node=\"2,1,0\"><b data-path-to-node=\"2,1,0\" data-index-in-node=\"0\"><span class=\"citation-139\">Sistema de Gest\u00e3o Inteligente:<\/span><\/b><span class=\"citation-139\"> Possui o recurso integrado <\/span><b data-path-to-node=\"2,1,0\" data-index-in-node=\"53\"><span class=\"citation-139\">Sistema de gerenciamento de bateria inteligente (BMS) da DJI<\/span><\/b><span class=\"citation-139 citation-end-139\">, que monitora e reporta o status da bateria em tempo real.<\/span> <span class=\"citation-138 citation-end-138\">Isso garante um voo mais seguro, permitindo que voc\u00ea se concentre na pilotagem em vez dos n\u00edveis de pot\u00eancia.<\/span><\/p>\n<\/li>\n<li>\n<p data-path-to-node=\"2,2,0\"><b data-path-to-node=\"2,2,0\" data-index-in-node=\"0\">Desempenho de alta descarga:<\/b> Otimizado para os motores potentes do Avata 360, mantendo a voltagem est\u00e1vel mesmo durante rajadas de FPV em alta velocidade ou em condi\u00e7\u00f5es de resist\u00eancia ao vento de n\u00edvel 5.<\/p>\n<\/li>\n<li>\n<p id=\"p-rc_064cb0e138443fb3-60\" data-path-to-node=\"2,3,0\"><b data-path-to-node=\"2,3,0\" data-index-in-node=\"0\">Suporte para carregamento r\u00e1pido:<\/b><span class=\"citation-137\"> Totalmente compat\u00edvel com o <\/span><b data-path-to-node=\"2,3,0\" data-index-in-node=\"50\"><span class=\"citation-137\">Adaptador de energia USB-C de 100 W da DJI<\/span><\/b><span class=\"citation-137\">, permitindo uma carga de 0% a 100% em aproximadamente <\/span><b data-path-to-node=\"2,3,0\" data-index-in-node=\"126\"><span class=\"citation-137\">47 minutos<\/span><\/b><span class=\"citation-137 citation-end-137\"> quando usado com o Hub de Carregamento dedicado.<\/span><\/p>\n<\/li>\n<\/ul>\n<p>&nbsp;<\/p>\n<p>&nbsp;<\/p>\n<h3 data-path-to-node=\"4\"><b data-path-to-node=\"4\" data-index-in-node=\"0\">Especifica\u00e7\u00f5es t\u00e9cnicas<\/b><\/h3>\n<table data-path-to-node=\"5\">\n<thead>\n<tr>\n<td><strong>Recurso<\/strong><\/td>\n<td><strong>Especifica\u00e7\u00f5es<\/strong><\/td>\n<\/tr>\n<\/thead>\n<tbody>\n<tr>\n<td><span data-path-to-node=\"5,1,0,0\"><b data-path-to-node=\"5,1,0,0\" data-index-in-node=\"0\">Capacidade<\/b><\/span><\/td>\n<td><span data-path-to-node=\"5,1,1,0\">2700 mAh<\/span><\/td>\n<\/tr>\n<tr>\n<td><span data-path-to-node=\"5,2,0,0\"><b data-path-to-node=\"5,2,0,0\" data-index-in-node=\"0\">Setor da Energia<\/b><\/span><\/td>\n<td><span data-path-to-node=\"5,2,1,0\">38,67 Wh<\/span><\/td>\n<\/tr>\n<tr>\n<td><span data-path-to-node=\"5,3,0,0\"><b data-path-to-node=\"5,3,0,0\" data-index-in-node=\"0\">Voltagem<\/b><\/span><\/td>\n<td><span data-path-to-node=\"5,3,1,0\">14,32 V<\/span><\/td>\n<\/tr>\n<tr>\n<td><span data-path-to-node=\"5,4,0,0\"><b data-path-to-node=\"5,4,0,0\" data-index-in-node=\"0\">Tens\u00e3o m\u00e1xima de carregamento<\/b><\/span><\/td>\n<td><span data-path-to-node=\"5,4,1,0\">17,2 V<\/span><\/td>\n<\/tr>\n<tr>\n<td><span data-path-to-node=\"5,5,0,0\"><b data-path-to-node=\"5,5,0,0\" data-index-in-node=\"0\">Tipo de Bateria<\/b><\/span><\/td>\n<td><span data-path-to-node=\"5,5,1,0\">Li-\u00edon<\/span><\/td>\n<\/tr>\n<tr>\n<td><span data-path-to-node=\"5,6,0,0\"><b data-path-to-node=\"5,6,0,0\" data-index-in-node=\"0\">Peso<\/b><\/span><\/td>\n<td><span data-path-to-node=\"5,6,1,0\">Aproximadamente 149 g<\/span><\/td>\n<\/tr>\n<tr>\n<td><span data-path-to-node=\"5,7,0,0\"><b data-path-to-node=\"5,7,0,0\" data-index-in-node=\"0\">Temperatura de carregamento<\/b><\/span><\/td>\n<td><span data-path-to-node=\"5,7,1,0\">5\u00b0 a 40\u00b0 C (41\u00b0 a 104\u00b0 F)<\/span><\/td>\n<\/tr>\n<\/tbody>\n<\/table>\n<p>&nbsp;<\/p>\n<p>&nbsp;<\/p>\n<h3 data-path-to-node=\"7\"><b data-path-to-node=\"7\" data-index-in-node=\"0\">Principais caracter\u00edsticas para pilotos<\/b><\/h3>\n<ul data-path-to-node=\"8\">\n<li>\n<p data-path-to-node=\"8,0,0\"><b data-path-to-node=\"8,0,0\" data-index-in-node=\"0\">Acumula\u00e7\u00e3o de energia:<\/b> Quando usado com o Hub de Carregamento Avata 360, o sistema pode transferir a energia restante de v\u00e1rias baterias para aquela com a carga mais alta, fornecendo efetivamente uma bateria &quot;totalmente carregada&quot; para um voo extra.<\/p>\n<\/li>\n<li>\n<p data-path-to-node=\"8,1,0\"><b data-path-to-node=\"8,1,0\" data-index-in-node=\"0\">Medidas de seguran\u00e7a:<\/b> Inclui prote\u00e7\u00e3o contra sobrecarga\/descarga excessiva, prote\u00e7\u00e3o contra baixas temperaturas e funcionalidade de autodescarga para armazenamento a longo prazo.<\/p>\n<\/li>\n<li>\n<p id=\"p-rc_064cb0e138443fb3-61\" data-path-to-node=\"8,2,0\"><b data-path-to-node=\"8,2,0\" data-index-in-node=\"0\"><span class=\"citation-136\">Instala\u00e7\u00e3o f\u00e1cil:<\/span><\/b><span class=\"citation-136 citation-end-136\"> Apresenta um design robusto de &quot;deslizar e clicar&quot; que garante uma conex\u00e3o segura mesmo durante manobras de alta acelera\u00e7\u00e3o ou impactos leves.<\/span><\/p>\n<\/li>\n<\/ul>\n<blockquote data-path-to-node=\"9\">\n<p id=\"p-rc_064cb0e138443fb3-62\" data-path-to-node=\"9,0\"><b data-path-to-node=\"9,0\" data-index-in-node=\"0\">Observa\u00e7\u00e3o:<\/b><span class=\"citation-135\"> Para uma melhor experi\u00eancia, recomenda-se o uso do <\/span><b data-path-to-node=\"9,0\" data-index-in-node=\"60\"><span class=\"citation-135\">Adaptador de energia USB-C de 100 W da DJI<\/span><\/b><span class=\"citation-135 citation-end-135\"> Para aproveitar o carregamento paralelo, que pode carregar at\u00e9 tr\u00eas baterias simultaneamente em cerca de 100 minutos.<\/span><\/p>\n<\/blockquote>","protected":false},"excerpt":{"rendered":"<p><span class=\"citation-141\">O <\/span><b data-path-to-node=\"0\" data-index-in-node=\"4\"><span class=\"citation-141\">Bateria de voo inteligente DJI Avata 360<\/span><\/b><span class=\"citation-141\"> \u00e9 a fonte de alimenta\u00e7\u00e3o de alto desempenho projetada especificamente para o <\/span><b data-path-to-node=\"0\" data-index-in-node=\"112\"><span class=\"citation-141\">DJI Avata 360<\/span><\/b><span class=\"citation-141 citation-end-141\"> (Lan\u00e7amento previsto para mar\u00e7o de 2026).<\/span> Projetada para atender aos requisitos de processamento 8K de sensor duplo do primeiro drone FPV de 360\u00b0 da DJI, esta bateria oferece um aumento significativo em capacidade e efici\u00eancia em compara\u00e7\u00e3o com seus antecessores.<\/p>","protected":false},"featured_media":24721,"comment_status":"open","ping_status":"closed","template":"","meta":[],"product_brand":[1031],"product_cat":[752,1403,1405,37],"product_tag":[1412,1409,1411,1410],"class_list":{"0":"post-24719","1":"product","2":"type-product","3":"status-publish","4":"has-post-thumbnail","6":"product_brand-dji","7":"product_cat-aerial-photography","8":"product_cat-avata-360","9":"product_cat-avata-360-accessories","10":"product_cat-dji","11":"product_tag-avata-360-accessories","12":"product_tag-dji-goggles-n3","13":"product_tag-fpv","14":"product_tag-goggles","16":"first","17":"onbackorder","18":"taxable","19":"shipping-taxable","20":"purchasable","21":"product-type-simple"},"yoast_head":"<!-- This site is optimized with the Yoast SEO plugin v27.4 - https:\/\/yoast.com\/product\/yoast-seo-wordpress\/ -->\n<title>DJI Avata 360 Intelligent Flight Battery - Ghostysky<\/title>\n<meta name=\"description\" content=\"The DJI Avata 360 Intelligent Flight Battery is the high-performance power source specifically designed for the DJI Avata 360 (launched March 2026). Engineered to handle the dual-sensor 8K processing requirements of DJI\u2019s first 360\u00b0 FPV drone, this battery provides a significant boost in capacity and efficiency compared to its predecessors.\" \/>\n<meta name=\"robots\" content=\"index, follow, max-snippet:-1, max-image-preview:large, max-video-preview:-1\" \/>\n<link rel=\"canonical\" href=\"https:\/\/www.ghostysky.com\/pt\/produto-2\/dji-avata-360-intelligent-flight-battery\/\" \/>\n<meta property=\"og:locale\" content=\"pt_PT\" \/>\n<meta property=\"og:type\" content=\"article\" \/>\n<meta property=\"og:title\" content=\"DJI Avata 360 Intelligent Flight Battery - Ghostysky\" \/>\n<meta property=\"og:description\" content=\"The DJI Avata 360 Intelligent Flight Battery is the high-performance power source specifically designed for the DJI Avata 360 (launched March 2026). Engineered to handle the dual-sensor 8K processing requirements of DJI\u2019s first 360\u00b0 FPV drone, this battery provides a significant boost in capacity and efficiency compared to its predecessors.\" \/>\n<meta property=\"og:url\" content=\"https:\/\/www.ghostysky.com\/pt\/produto-2\/dji-avata-360-intelligent-flight-battery\/\" \/>\n<meta property=\"og:site_name\" content=\"Ghostysky\" \/>\n<meta property=\"article:publisher\" content=\"https:\/\/www.facebook.com\/people\/Ghostysky\/100057676170234\/\" \/>\n<meta property=\"article:modified_time\" content=\"2026-03-26T15:49:26+00:00\" \/>\n<meta property=\"og:image\" content=\"https:\/\/www.ghostysky.com\/wp-content\/uploads\/2026\/03\/GH_DJI-Avata-360-Intelligent-Flight-Battery_1.jpg\" \/>\n\t<meta property=\"og:image:width\" content=\"1100\" \/>\n\t<meta property=\"og:image:height\" content=\"1422\" \/>\n\t<meta property=\"og:image:type\" content=\"image\/jpeg\" \/>\n<meta name=\"twitter:card\" content=\"summary_large_image\" \/>\n<meta name=\"twitter:site\" content=\"@Gh0stysky\" \/>\n<meta name=\"twitter:label1\" content=\"Tempo estimado de leitura\" \/>\n\t<meta name=\"twitter:data1\" content=\"2 minutos\" \/>\n<script type=\"application\/ld+json\" class=\"yoast-schema-graph\">{\"@context\":\"https:\\\/\\\/schema.org\",\"@graph\":[{\"@type\":\"WebPage\",\"@id\":\"https:\\\/\\\/www.ghostysky.com\\\/product\\\/dji-avata-360-intelligent-flight-battery\\\/\",\"url\":\"https:\\\/\\\/www.ghostysky.com\\\/product\\\/dji-avata-360-intelligent-flight-battery\\\/\",\"name\":\"DJI Avata 360 Intelligent Flight Battery - Ghostysky\",\"isPartOf\":{\"@id\":\"https:\\\/\\\/www.ghostysky.com\\\/#website\"},\"primaryImageOfPage\":{\"@id\":\"https:\\\/\\\/www.ghostysky.com\\\/product\\\/dji-avata-360-intelligent-flight-battery\\\/#primaryimage\"},\"image\":{\"@id\":\"https:\\\/\\\/www.ghostysky.com\\\/product\\\/dji-avata-360-intelligent-flight-battery\\\/#primaryimage\"},\"thumbnailUrl\":\"https:\\\/\\\/www.ghostysky.com\\\/wp-content\\\/uploads\\\/2026\\\/03\\\/GH_DJI-Avata-360-Intelligent-Flight-Battery_1.jpg\",\"datePublished\":\"2026-03-26T15:44:48+00:00\",\"dateModified\":\"2026-03-26T15:49:26+00:00\",\"description\":\"The DJI Avata 360 Intelligent Flight Battery is the high-performance power source specifically designed for the DJI Avata 360 (launched March 2026). Engineered to handle the dual-sensor 8K processing requirements of DJI\u2019s first 360\u00b0 FPV drone, this battery provides a significant boost in capacity and efficiency compared to its predecessors.\",\"breadcrumb\":{\"@id\":\"https:\\\/\\\/www.ghostysky.com\\\/product\\\/dji-avata-360-intelligent-flight-battery\\\/#breadcrumb\"},\"inLanguage\":\"pt-PT\",\"potentialAction\":[{\"@type\":\"ReadAction\",\"target\":[\"https:\\\/\\\/www.ghostysky.com\\\/product\\\/dji-avata-360-intelligent-flight-battery\\\/\"]}]},{\"@type\":\"ImageObject\",\"inLanguage\":\"pt-PT\",\"@id\":\"https:\\\/\\\/www.ghostysky.com\\\/product\\\/dji-avata-360-intelligent-flight-battery\\\/#primaryimage\",\"url\":\"https:\\\/\\\/www.ghostysky.com\\\/wp-content\\\/uploads\\\/2026\\\/03\\\/GH_DJI-Avata-360-Intelligent-Flight-Battery_1.jpg\",\"contentUrl\":\"https:\\\/\\\/www.ghostysky.com\\\/wp-content\\\/uploads\\\/2026\\\/03\\\/GH_DJI-Avata-360-Intelligent-Flight-Battery_1.jpg\",\"width\":1100,\"height\":1422},{\"@type\":\"BreadcrumbList\",\"@id\":\"https:\\\/\\\/www.ghostysky.com\\\/product\\\/dji-avata-360-intelligent-flight-battery\\\/#breadcrumb\",\"itemListElement\":[{\"@type\":\"ListItem\",\"position\":1,\"name\":\"Home\",\"item\":\"https:\\\/\\\/www.ghostysky.com\\\/\"},{\"@type\":\"ListItem\",\"position\":2,\"name\":\"Shop\",\"item\":\"https:\\\/\\\/www.ghostysky.com\\\/shop\\\/\"},{\"@type\":\"ListItem\",\"position\":3,\"name\":\"DJI Avata 360 Intelligent Flight Battery\"}]},{\"@type\":\"WebSite\",\"@id\":\"https:\\\/\\\/www.ghostysky.com\\\/#website\",\"url\":\"https:\\\/\\\/www.ghostysky.com\\\/\",\"name\":\"Ghostysky\",\"description\":\"Delivering professional drones and robotics solutions\",\"publisher\":{\"@id\":\"https:\\\/\\\/www.ghostysky.com\\\/#organization\"},\"potentialAction\":[{\"@type\":\"SearchAction\",\"target\":{\"@type\":\"EntryPoint\",\"urlTemplate\":\"https:\\\/\\\/www.ghostysky.com\\\/?s={search_term_string}\"},\"query-input\":{\"@type\":\"PropertyValueSpecification\",\"valueRequired\":true,\"valueName\":\"search_term_string\"}}],\"inLanguage\":\"pt-PT\"},{\"@type\":\"Organization\",\"@id\":\"https:\\\/\\\/www.ghostysky.com\\\/#organization\",\"name\":\"Ghostysky\",\"url\":\"https:\\\/\\\/www.ghostysky.com\\\/\",\"logo\":{\"@type\":\"ImageObject\",\"inLanguage\":\"pt-PT\",\"@id\":\"https:\\\/\\\/www.ghostysky.com\\\/#\\\/schema\\\/logo\\\/image\\\/\",\"url\":\"https:\\\/\\\/www.ghostysky.com\\\/wp-content\\\/uploads\\\/2020\\\/06\\\/cropped-ghostyskylogo_text_white2.png\",\"contentUrl\":\"https:\\\/\\\/www.ghostysky.com\\\/wp-content\\\/uploads\\\/2020\\\/06\\\/cropped-ghostyskylogo_text_white2.png\",\"width\":169,\"height\":56,\"caption\":\"Ghostysky\"},\"image\":{\"@id\":\"https:\\\/\\\/www.ghostysky.com\\\/#\\\/schema\\\/logo\\\/image\\\/\"},\"sameAs\":[\"https:\\\/\\\/www.facebook.com\\\/people\\\/Ghostysky\\\/100057676170234\\\/\",\"https:\\\/\\\/x.com\\\/Gh0stysky\",\"https:\\\/\\\/www.linkedin.com\\\/company\\\/34739653\",\"https:\\\/\\\/www.instagram.com\\\/gh0stysky\"]}]}<\/script>\n<!-- \/ Yoast SEO plugin. -->","yoast_head_json":{"title":"Bateria de v\u00f4o inteligente DJI Avata 360 - Ghostysky","description":"A bateria de voo inteligente DJI Avata 360 \u00e9 a fonte de alimenta\u00e7\u00e3o de alto desempenho projetada especificamente para o DJI Avata 360 (lan\u00e7ado em mar\u00e7o de 2026). Desenvolvida para atender aos requisitos de processamento 8K de sensor duplo do primeiro drone FPV de 360\u00b0 da DJI, esta bateria oferece um aumento significativo em capacidade e efici\u00eancia em compara\u00e7\u00e3o com seus antecessores.","robots":{"index":"index","follow":"follow","max-snippet":"max-snippet:-1","max-image-preview":"max-image-preview:large","max-video-preview":"max-video-preview:-1"},"canonical":"https:\/\/www.ghostysky.com\/pt\/produto-2\/dji-avata-360-intelligent-flight-battery\/","og_locale":"pt_PT","og_type":"article","og_title":"DJI Avata 360 Intelligent Flight Battery - Ghostysky","og_description":"The DJI Avata 360 Intelligent Flight Battery is the high-performance power source specifically designed for the DJI Avata 360 (launched March 2026). Engineered to handle the dual-sensor 8K processing requirements of DJI\u2019s first 360\u00b0 FPV drone, this battery provides a significant boost in capacity and efficiency compared to its predecessors.","og_url":"https:\/\/www.ghostysky.com\/pt\/produto-2\/dji-avata-360-intelligent-flight-battery\/","og_site_name":"Ghostysky","article_publisher":"https:\/\/www.facebook.com\/people\/Ghostysky\/100057676170234\/","article_modified_time":"2026-03-26T15:49:26+00:00","og_image":[{"width":1100,"height":1422,"url":"https:\/\/www.ghostysky.com\/wp-content\/uploads\/2026\/03\/GH_DJI-Avata-360-Intelligent-Flight-Battery_1.jpg","type":"image\/jpeg"}],"twitter_card":"summary_large_image","twitter_site":"@Gh0stysky","twitter_misc":{"Tempo estimado de leitura":"2 minutos"},"schema":{"@context":"https:\/\/schema.org","@graph":[{"@type":"WebPage","@id":"https:\/\/www.ghostysky.com\/product\/dji-avata-360-intelligent-flight-battery\/","url":"https:\/\/www.ghostysky.com\/product\/dji-avata-360-intelligent-flight-battery\/","name":"Bateria de v\u00f4o inteligente DJI Avata 360 - Ghostysky","isPartOf":{"@id":"https:\/\/www.ghostysky.com\/#website"},"primaryImageOfPage":{"@id":"https:\/\/www.ghostysky.com\/product\/dji-avata-360-intelligent-flight-battery\/#primaryimage"},"image":{"@id":"https:\/\/www.ghostysky.com\/product\/dji-avata-360-intelligent-flight-battery\/#primaryimage"},"thumbnailUrl":"https:\/\/www.ghostysky.com\/wp-content\/uploads\/2026\/03\/GH_DJI-Avata-360-Intelligent-Flight-Battery_1.jpg","datePublished":"2026-03-26T15:44:48+00:00","dateModified":"2026-03-26T15:49:26+00:00","description":"A bateria de voo inteligente DJI Avata 360 \u00e9 a fonte de alimenta\u00e7\u00e3o de alto desempenho projetada especificamente para o DJI Avata 360 (lan\u00e7ado em mar\u00e7o de 2026). Desenvolvida para atender aos requisitos de processamento 8K de sensor duplo do primeiro drone FPV de 360\u00b0 da DJI, esta bateria oferece um aumento significativo em capacidade e efici\u00eancia em compara\u00e7\u00e3o com seus antecessores.","breadcrumb":{"@id":"https:\/\/www.ghostysky.com\/product\/dji-avata-360-intelligent-flight-battery\/#breadcrumb"},"inLanguage":"pt-PT","potentialAction":[{"@type":"ReadAction","target":["https:\/\/www.ghostysky.com\/product\/dji-avata-360-intelligent-flight-battery\/"]}]},{"@type":"ImageObject","inLanguage":"pt-PT","@id":"https:\/\/www.ghostysky.com\/product\/dji-avata-360-intelligent-flight-battery\/#primaryimage","url":"https:\/\/www.ghostysky.com\/wp-content\/uploads\/2026\/03\/GH_DJI-Avata-360-Intelligent-Flight-Battery_1.jpg","contentUrl":"https:\/\/www.ghostysky.com\/wp-content\/uploads\/2026\/03\/GH_DJI-Avata-360-Intelligent-Flight-Battery_1.jpg","width":1100,"height":1422},{"@type":"BreadcrumbList","@id":"https:\/\/www.ghostysky.com\/product\/dji-avata-360-intelligent-flight-battery\/#breadcrumb","itemListElement":[{"@type":"ListItem","position":1,"name":"Home","item":"https:\/\/www.ghostysky.com\/"},{"@type":"ListItem","position":2,"name":"Shop","item":"https:\/\/www.ghostysky.com\/shop\/"},{"@type":"ListItem","position":3,"name":"DJI Avata 360 Intelligent Flight Battery"}]},{"@type":"WebSite","@id":"https:\/\/www.ghostysky.com\/#website","url":"https:\/\/www.ghostysky.com\/","name":"Ghostysky","description":"Fornecendo solu\u00e7\u00f5es profissionais em drones e rob\u00f3tica.","publisher":{"@id":"https:\/\/www.ghostysky.com\/#organization"},"potentialAction":[{"@type":"SearchAction","target":{"@type":"EntryPoint","urlTemplate":"https:\/\/www.ghostysky.com\/?s={search_term_string}"},"query-input":{"@type":"PropertyValueSpecification","valueRequired":true,"valueName":"search_term_string"}}],"inLanguage":"pt-PT"},{"@type":"Organization","@id":"https:\/\/www.ghostysky.com\/#organization","name":"Ghostysky","url":"https:\/\/www.ghostysky.com\/","logo":{"@type":"ImageObject","inLanguage":"pt-PT","@id":"https:\/\/www.ghostysky.com\/#\/schema\/logo\/image\/","url":"https:\/\/www.ghostysky.com\/wp-content\/uploads\/2020\/06\/cropped-ghostyskylogo_text_white2.png","contentUrl":"https:\/\/www.ghostysky.com\/wp-content\/uploads\/2020\/06\/cropped-ghostyskylogo_text_white2.png","width":169,"height":56,"caption":"Ghostysky"},"image":{"@id":"https:\/\/www.ghostysky.com\/#\/schema\/logo\/image\/"},"sameAs":["https:\/\/www.facebook.com\/people\/Ghostysky\/100057676170234\/","https:\/\/x.com\/Gh0stysky","https:\/\/www.linkedin.com\/company\/34739653","https:\/\/www.instagram.com\/gh0stysky"]}]}},"_links":{"self":[{"href":"https:\/\/www.ghostysky.com\/pt\/wp-json\/wp\/v2\/product\/24719","targetHints":{"allow":["GET"]}}],"collection":[{"href":"https:\/\/www.ghostysky.com\/pt\/wp-json\/wp\/v2\/product"}],"about":[{"href":"https:\/\/www.ghostysky.com\/pt\/wp-json\/wp\/v2\/types\/product"}],"replies":[{"embeddable":true,"href":"https:\/\/www.ghostysky.com\/pt\/wp-json\/wp\/v2\/comments?post=24719"}],"version-history":[{"count":0,"href":"https:\/\/www.ghostysky.com\/pt\/wp-json\/wp\/v2\/product\/24719\/revisions"}],"wp:featuredmedia":[{"embeddable":true,"href":"https:\/\/www.ghostysky.com\/pt\/wp-json\/wp\/v2\/media\/24721"}],"wp:attachment":[{"href":"https:\/\/www.ghostysky.com\/pt\/wp-json\/wp\/v2\/media?parent=24719"}],"wp:term":[{"taxonomy":"product_brand","embeddable":true,"href":"https:\/\/www.ghostysky.com\/pt\/wp-json\/wp\/v2\/product_brand?post=24719"},{"taxonomy":"product_cat","embeddable":true,"href":"https:\/\/www.ghostysky.com\/pt\/wp-json\/wp\/v2\/product_cat?post=24719"},{"taxonomy":"product_tag","embeddable":true,"href":"https:\/\/www.ghostysky.com\/pt\/wp-json\/wp\/v2\/product_tag?post=24719"}],"curies":[{"name":"wp","href":"https:\/\/api.w.org\/{rel}","templated":true}]}}