{"id":24903,"date":"2026-04-04T09:22:54","date_gmt":"2026-04-04T09:22:54","guid":{"rendered":"https:\/\/www.ghostysky.com\/?post_type=product&#038;p=24903"},"modified":"2026-04-11T07:29:03","modified_gmt":"2026-04-11T07:29:03","slug":"rayneo-air-4-pro-ar-smart-glasses","status":"publish","type":"product","link":"https:\/\/www.ghostysky.com\/pt\/product\/rayneo-air-4-pro-ar-smart-glasses\/","title":{"rendered":"\u00d3culos inteligentes de realidade aumentada RayNeo Air 4 Pro"},"content":{"rendered":"<h3 data-path-to-node=\"2\">Imagem: \u201cUma TV OLED para o seu rosto\u201d<\/h3>\n<p id=\"p-rc_364e4b416da447cf-20\" data-path-to-node=\"3\"><span class=\"citation-27\">O Air 4 Pro utiliza dois <\/span><b data-path-to-node=\"3\" data-index-in-node=\"28\"><span class=\"citation-27\">Tela Micro-OLED SeeYa de 0,6 polegadas<\/span><\/b><span class=\"citation-27\"> displays para projetar uma tela virtual enorme que d\u00e1 a sensa\u00e7\u00e3o de um <\/span><b data-path-to-node=\"3\" data-index-in-node=\"117\"><span class=\"citation-27\">Tela de 201 polegadas<\/span><\/b><span class=\"citation-27 citation-end-27\"> a 6 metros de dist\u00e2ncia.<\/span><\/p>\n<ul data-path-to-node=\"4\">\n<li>\n<p id=\"p-rc_364e4b416da447cf-21\" data-path-to-node=\"4,0,0\"><b data-path-to-node=\"4,0,0\" data-index-in-node=\"0\"><span class=\"citation-26\">Suporte a HDR10:<\/span><\/b><span class=\"citation-26 citation-end-26\"> Uma inova\u00e7\u00e3o na categoria, oferecendo profundidade de cor de 10 bits e uma taxa de contraste de 200.000:1 para pretos profundos e realces vibrantes.<\/span><\/p>\n<\/li>\n<li>\n<p id=\"p-rc_364e4b416da447cf-22\" data-path-to-node=\"4,1,0\"><b data-path-to-node=\"4,1,0\" data-index-in-node=\"0\">Ultrabrilhante:<\/b><span class=\"citation-25\"> Atinge o pico de <\/span><b data-path-to-node=\"4,1,0\" data-index-in-node=\"29\"><span class=\"citation-25\">1.200 nits<\/span><\/b><span class=\"citation-25 citation-end-25\">, tornando-o utiliz\u00e1vel mesmo em ambientes bem iluminados, onde outros \u00f3culos de RA costumam apresentar imagens apagadas.<\/span><\/p>\n<\/li>\n<li>\n<p id=\"p-rc_364e4b416da447cf-23\" data-path-to-node=\"4,2,0\"><b data-path-to-node=\"4,2,0\" data-index-in-node=\"0\">Pronto para jogos:<\/b><span class=\"citation-24\"> Suporta um <\/span><b data-path-to-node=\"4,2,0\" data-index-in-node=\"25\"><span class=\"citation-24\">Taxa de atualiza\u00e7\u00e3o de 120Hz<\/span><\/b><span class=\"citation-24 citation-end-24\"> Para movimentos extremamente suaves em jogos de ritmo acelerado.<\/span><\/p>\n<\/li>\n<li>\n<p id=\"p-rc_364e4b416da447cf-24\" data-path-to-node=\"4,3,0\"><b data-path-to-node=\"4,3,0\" data-index-in-node=\"0\"><span class=\"citation-23\">Chip Vision4000:<\/span><\/b><span class=\"citation-23\"> Um chip dedicado ao processamento de imagens que lida com <\/span><b data-path-to-node=\"4,3,0\" data-index-in-node=\"64\"><span class=\"citation-23\">Convers\u00e3o de 2D para 3D<\/span><\/b><span class=\"citation-23 citation-end-23\"> e convers\u00e3o de SDR para HDR com intelig\u00eancia artificial.<\/span><\/p>\n<div class=\"source-inline-chip-container ng-star-inserted\"><\/div>\n<\/li>\n<\/ul>\n<h3 data-path-to-node=\"5\">\u00c1udio: Ajustado em conjunto com a Bang &amp; Olufsen<\/h3>\n<p id=\"p-rc_364e4b416da447cf-25\" data-path-to-node=\"6\"><span class=\"citation-22\">Ao contr\u00e1rio de muitos \u00f3culos de realidade aumentada com alto-falantes de som &quot;met\u00e1lico&quot;, o Air 4 Pro apresenta uma colabora\u00e7\u00e3o com <\/span><b data-path-to-node=\"6\" data-index-in-node=\"90\"><span class=\"citation-22\">B&amp;O<\/span><\/b><span class=\"citation-22 citation-end-22\">.<\/span><\/p>\n<ul data-path-to-node=\"7\">\n<li>\n<p id=\"p-rc_364e4b416da447cf-26\" data-path-to-node=\"7,0,0\"><b data-path-to-node=\"7,0,0\" data-index-in-node=\"0\"><span class=\"citation-21\">Sistema de quatro alto-falantes:<\/span><\/b><span class=\"citation-21 citation-end-21\"> Quatro alto-falantes proporcionam uma experi\u00eancia de som surround de 360\u00b0.<\/span><\/p>\n<\/li>\n<li>\n<p id=\"p-rc_364e4b416da447cf-27\" data-path-to-node=\"7,1,0\"><b data-path-to-node=\"7,1,0\" data-index-in-node=\"0\"><span class=\"citation-20\">Modo Sussurro:<\/span><\/b><span class=\"citation-20 citation-end-20\"> A tecnologia de cancelamento de fase reduz a fuga de som, garantindo que as pessoas sentadas ao seu lado n\u00e3o consigam ouvir seu filme ou reuni\u00e3o.<\/span><\/p>\n<p>&nbsp;<\/li>\n<\/ul>\n<h3 data-path-to-node=\"8\">Design e conforto<\/h3>\n<ul data-path-to-node=\"9\">\n<li>\n<p id=\"p-rc_364e4b416da447cf-28\" data-path-to-node=\"9,0,0\"><b data-path-to-node=\"9,0,0\" data-index-in-node=\"0\">Peso:<\/b><span class=\"citation-19\"> Extremamente port\u00e1til, com apenas <\/span><b data-path-to-node=\"9,0,0\" data-index-in-node=\"35\"><span class=\"citation-19\">76g<\/span><\/b><span class=\"citation-19 citation-end-19\"> (aproximadamente o peso de duas barras de chocolate padr\u00e3o).<\/span><\/p>\n<\/li>\n<li>\n<p id=\"p-rc_364e4b416da447cf-29\" data-path-to-node=\"9,1,0\"><b data-path-to-node=\"9,1,0\" data-index-in-node=\"0\"><span class=\"citation-18\">Prote\u00e7\u00e3o para os olhos:<\/span><\/b><span class=\"citation-18\"> Recursos <\/span><b data-path-to-node=\"9,1,0\" data-index-in-node=\"25\"><span class=\"citation-18\">Escurecimento PWM de 3840Hz<\/span><\/b><span class=\"citation-18 citation-end-18\">, o que reduz significativamente o cansa\u00e7o visual e a cintila\u00e7\u00e3o em compara\u00e7\u00e3o com os monitores padr\u00e3o.<\/span> <span class=\"citation-17 citation-end-17\">Possui certifica\u00e7\u00f5es T\u00dcV Rheinland para baixa emiss\u00e3o de luz azul e visualiza\u00e7\u00e3o sem cintila\u00e7\u00e3o.<\/span><\/p>\n<\/li>\n<li>\n<p id=\"p-rc_364e4b416da447cf-30\" data-path-to-node=\"9,2,0\"><b data-path-to-node=\"9,2,0\" data-index-in-node=\"0\"><span class=\"citation-16\">Bloqueadores de luz:<\/span><\/b><span class=\"citation-16 citation-end-16\"> Inclui protetores de luz magn\u00e9ticos na caixa para criar um ambiente de &quot;escurid\u00e3o total&quot; para imers\u00e3o completa.<\/span><\/p>\n<div class=\"source-inline-chip-container ng-star-inserted\"><\/div>\n<p>&nbsp;<\/li>\n<\/ul>\n<h3 data-path-to-node=\"11\">Especifica\u00e7\u00f5es t\u00e9cnicas<\/h3>\n<table data-path-to-node=\"12\">\n<thead>\n<tr>\n<td><strong>Recurso<\/strong><\/td>\n<td><strong>Especifica\u00e7\u00f5es<\/strong><\/td>\n<\/tr>\n<\/thead>\n<tbody>\n<tr>\n<td><span data-path-to-node=\"12,1,0,0\"><b data-path-to-node=\"12,1,0,0\" data-index-in-node=\"0\">Tipo de exibi\u00e7\u00e3o<\/b><\/span><\/td>\n<td><span data-path-to-node=\"12,1,1,0\">Micro-OLED duplo (SeeYa)<\/span><\/td>\n<\/tr>\n<tr>\n<td><span data-path-to-node=\"12,2,0,0\"><b data-path-to-node=\"12,2,0,0\" data-index-in-node=\"0\">Resolu\u00e7\u00e3o<\/b><\/span><\/td>\n<td><span data-path-to-node=\"12,2,1,0\">1920 x 1080 por olho (2D) \/ 3840 x 1080 (3D)<\/span><\/td>\n<\/tr>\n<tr>\n<td><span data-path-to-node=\"12,3,0,0\"><b data-path-to-node=\"12,3,0,0\" data-index-in-node=\"0\">Campo de vis\u00e3o (FoV)<\/b><\/span><\/td>\n<td><span data-path-to-node=\"12,3,1,0\">47\u00b0<\/span><\/td>\n<\/tr>\n<tr>\n<td><span data-path-to-node=\"12,4,0,0\"><b data-path-to-node=\"12,4,0,0\" data-index-in-node=\"0\">Brilho<\/b><\/span><\/td>\n<td><span data-path-to-node=\"12,4,1,0\">1.200 nits<\/span><\/td>\n<\/tr>\n<tr>\n<td><span data-path-to-node=\"12,5,0,0\"><b data-path-to-node=\"12,5,0,0\" data-index-in-node=\"0\">Taxa de atualiza\u00e7\u00e3o<\/b><\/span><\/td>\n<td><span data-path-to-node=\"12,5,1,0\">60Hz \/ 120Hz<\/span><\/td>\n<\/tr>\n<tr>\n<td><span data-path-to-node=\"12,6,0,0\"><b data-path-to-node=\"12,6,0,0\" data-index-in-node=\"0\">Conectividade<\/b><\/span><\/td>\n<td><span data-path-to-node=\"12,6,1,0\">USB-C (Modo Alternativo DisplayPort)<\/span><\/td>\n<\/tr>\n<tr>\n<td><span data-path-to-node=\"12,7,0,0\"><b data-path-to-node=\"12,7,0,0\" data-index-in-node=\"0\">Compatibilidade<\/b><\/span><\/td>\n<td><span data-path-to-node=\"12,7,1,0\">iPhone 15\/16\/17, Android, Steam Deck, Switch, PS5, Laptops<\/span><\/td>\n<\/tr>\n<\/tbody>\n<\/table>","protected":false},"excerpt":{"rendered":"<p><span class=\"citation-29\">O <\/span><b class=\"\" data-path-to-node=\"0\" data-index-in-node=\"4\"><span class=\"citation-29\">RayNeo Air 4 Pro<\/span><\/b><span class=\"citation-29 citation-end-29\"> (com lan\u00e7amento previsto para o in\u00edcio de 2026) \u00e9 um dispositivo vest\u00edvel de realidade aumentada premium, projetado para funcionar como um monitor port\u00e1til de alta fidelidade para cinema e jogos.<\/span> <span class=\"citation-28\">Posicionados como os primeiros \u00f3culos de RA do mundo a oferecer suporte <\/span><b class=\"\" data-path-to-node=\"0\" data-index-in-node=\"199\"><span class=\"citation-28\">HDR10<\/span><\/b><span class=\"citation-28 citation-end-28\">, Eles se concentram bastante no visual pop e em \u00e1udio de n\u00edvel profissional.<\/span><\/p>","protected":false},"featured_media":24910,"comment_status":"open","ping_status":"closed","template":"","meta":[],"product_brand":[1414],"product_cat":[1341,1413],"product_tag":[1415,1416],"class_list":{"0":"post-24903","1":"product","2":"type-product","3":"status-publish","4":"has-post-thumbnail","6":"product_brand-rayneo","7":"product_cat-ar-vr","8":"product_cat-rayneo","9":"product_tag-ar-glasses","10":"product_tag-rayneo","12":"first","13":"onbackorder","14":"taxable","15":"shipping-taxable","16":"purchasable","17":"product-type-simple"},"yoast_head":"<!-- This site is optimized with the Yoast SEO plugin v27.1.1 - https:\/\/yoast.com\/product\/yoast-seo-wordpress\/ -->\n<title>RayNeo Air 4 Pro AR Smart Glasses - Ghostysky<\/title>\n<meta name=\"description\" content=\"The RayNeo Air 4 Pro (released early 2026) is a premium AR wearable designed to function as a portable, high-fidelity cinema and gaming monitor. Positioned as the world\u2019s first AR glasses to support HDR10, they focus heavily on visual pop and professional-grade audio.\" \/>\n<meta name=\"robots\" content=\"index, follow, max-snippet:-1, max-image-preview:large, max-video-preview:-1\" \/>\n<link rel=\"canonical\" href=\"https:\/\/www.ghostysky.com\/pt\/produto-2\/rayneo-air-4-pro-ar-smart-glasses\/\" \/>\n<meta property=\"og:locale\" content=\"pt_PT\" \/>\n<meta property=\"og:type\" content=\"article\" \/>\n<meta property=\"og:title\" content=\"RayNeo Air 4 Pro AR Smart Glasses - Ghostysky\" \/>\n<meta property=\"og:description\" content=\"The RayNeo Air 4 Pro (released early 2026) is a premium AR wearable designed to function as a portable, high-fidelity cinema and gaming monitor. Positioned as the world\u2019s first AR glasses to support HDR10, they focus heavily on visual pop and professional-grade audio.\" \/>\n<meta property=\"og:url\" content=\"https:\/\/www.ghostysky.com\/pt\/produto-2\/rayneo-air-4-pro-ar-smart-glasses\/\" \/>\n<meta property=\"og:site_name\" content=\"Ghostysky\" \/>\n<meta property=\"article:publisher\" content=\"https:\/\/www.facebook.com\/people\/Ghostysky\/100057676170234\/\" \/>\n<meta property=\"article:modified_time\" content=\"2026-04-11T07:29:03+00:00\" \/>\n<meta property=\"og:image\" content=\"https:\/\/www.ghostysky.com\/wp-content\/uploads\/2026\/04\/GH_RayNeo-Air-4-Pro-AR-Smart-Glasses_1.webp\" \/>\n\t<meta property=\"og:image:width\" content=\"2000\" \/>\n\t<meta property=\"og:image:height\" content=\"2000\" \/>\n\t<meta property=\"og:image:type\" content=\"image\/webp\" \/>\n<meta name=\"twitter:card\" content=\"summary_large_image\" \/>\n<meta name=\"twitter:site\" content=\"@Gh0stysky\" \/>\n<meta name=\"twitter:label1\" content=\"Tempo estimado de leitura\" \/>\n\t<meta name=\"twitter:data1\" content=\"2 minutos\" \/>\n<script type=\"application\/ld+json\" class=\"yoast-schema-graph\">{\"@context\":\"https:\/\/schema.org\",\"@graph\":[{\"@type\":\"WebPage\",\"@id\":\"https:\/\/www.ghostysky.com\/product\/rayneo-air-4-pro-ar-smart-glasses\/\",\"url\":\"https:\/\/www.ghostysky.com\/product\/rayneo-air-4-pro-ar-smart-glasses\/\",\"name\":\"RayNeo Air 4 Pro AR Smart Glasses - Ghostysky\",\"isPartOf\":{\"@id\":\"https:\/\/www.ghostysky.com\/#website\"},\"primaryImageOfPage\":{\"@id\":\"https:\/\/www.ghostysky.com\/product\/rayneo-air-4-pro-ar-smart-glasses\/#primaryimage\"},\"image\":{\"@id\":\"https:\/\/www.ghostysky.com\/product\/rayneo-air-4-pro-ar-smart-glasses\/#primaryimage\"},\"thumbnailUrl\":\"https:\/\/www.ghostysky.com\/wp-content\/uploads\/2026\/04\/GH_RayNeo-Air-4-Pro-AR-Smart-Glasses_1.webp\",\"datePublished\":\"2026-04-04T09:22:54+00:00\",\"dateModified\":\"2026-04-11T07:29:03+00:00\",\"description\":\"The RayNeo Air 4 Pro (released early 2026) is a premium AR wearable designed to function as a portable, high-fidelity cinema and gaming monitor. Positioned as the world\u2019s first AR glasses to support HDR10, they focus heavily on visual pop and professional-grade audio.\",\"breadcrumb\":{\"@id\":\"https:\/\/www.ghostysky.com\/product\/rayneo-air-4-pro-ar-smart-glasses\/#breadcrumb\"},\"inLanguage\":\"pt-PT\",\"potentialAction\":[{\"@type\":\"ReadAction\",\"target\":[\"https:\/\/www.ghostysky.com\/product\/rayneo-air-4-pro-ar-smart-glasses\/\"]}]},{\"@type\":\"ImageObject\",\"inLanguage\":\"pt-PT\",\"@id\":\"https:\/\/www.ghostysky.com\/product\/rayneo-air-4-pro-ar-smart-glasses\/#primaryimage\",\"url\":\"https:\/\/www.ghostysky.com\/wp-content\/uploads\/2026\/04\/GH_RayNeo-Air-4-Pro-AR-Smart-Glasses_1.webp\",\"contentUrl\":\"https:\/\/www.ghostysky.com\/wp-content\/uploads\/2026\/04\/GH_RayNeo-Air-4-Pro-AR-Smart-Glasses_1.webp\",\"width\":2000,\"height\":2000},{\"@type\":\"BreadcrumbList\",\"@id\":\"https:\/\/www.ghostysky.com\/product\/rayneo-air-4-pro-ar-smart-glasses\/#breadcrumb\",\"itemListElement\":[{\"@type\":\"ListItem\",\"position\":1,\"name\":\"Home\",\"item\":\"https:\/\/www.ghostysky.com\/\"},{\"@type\":\"ListItem\",\"position\":2,\"name\":\"Shop\",\"item\":\"https:\/\/www.ghostysky.com\/shop\/\"},{\"@type\":\"ListItem\",\"position\":3,\"name\":\"RayNeo Air 4 Pro AR Smart Glasses\"}]},{\"@type\":\"WebSite\",\"@id\":\"https:\/\/www.ghostysky.com\/#website\",\"url\":\"https:\/\/www.ghostysky.com\/\",\"name\":\"Ghostysky\",\"description\":\"Delivering professional drones and services\",\"publisher\":{\"@id\":\"https:\/\/www.ghostysky.com\/#organization\"},\"potentialAction\":[{\"@type\":\"SearchAction\",\"target\":{\"@type\":\"EntryPoint\",\"urlTemplate\":\"https:\/\/www.ghostysky.com\/?s={search_term_string}\"},\"query-input\":{\"@type\":\"PropertyValueSpecification\",\"valueRequired\":true,\"valueName\":\"search_term_string\"}}],\"inLanguage\":\"pt-PT\"},{\"@type\":\"Organization\",\"@id\":\"https:\/\/www.ghostysky.com\/#organization\",\"name\":\"Ghostysky\",\"url\":\"https:\/\/www.ghostysky.com\/\",\"logo\":{\"@type\":\"ImageObject\",\"inLanguage\":\"pt-PT\",\"@id\":\"https:\/\/www.ghostysky.com\/#\/schema\/logo\/image\/\",\"url\":\"https:\/\/www.ghostysky.com\/wp-content\/uploads\/2020\/06\/cropped-ghostyskylogo_text_white2.png\",\"contentUrl\":\"https:\/\/www.ghostysky.com\/wp-content\/uploads\/2020\/06\/cropped-ghostyskylogo_text_white2.png\",\"width\":169,\"height\":56,\"caption\":\"Ghostysky\"},\"image\":{\"@id\":\"https:\/\/www.ghostysky.com\/#\/schema\/logo\/image\/\"},\"sameAs\":[\"https:\/\/www.facebook.com\/people\/Ghostysky\/100057676170234\/\",\"https:\/\/x.com\/Gh0stysky\",\"https:\/\/www.linkedin.com\/company\/34739653\",\"https:\/\/www.instagram.com\/gh0stysky\"]}]}<\/script>\n<!-- \/ Yoast SEO plugin. -->","yoast_head_json":{"title":"\u00d3culos inteligentes de realidade aumentada RayNeo Air 4 Pro - Ghostysky","description":"O RayNeo Air 4 Pro (com lan\u00e7amento previsto para o in\u00edcio de 2026) \u00e9 um dispositivo vest\u00edvel de realidade aumentada premium, projetado para funcionar como um monitor port\u00e1til de alta fidelidade para cinema e jogos. Posicionado como o primeiro \u00f3culos de realidade aumentada do mundo com suporte a HDR10, ele prioriza o impacto visual e o \u00e1udio de n\u00edvel profissional.","robots":{"index":"index","follow":"follow","max-snippet":"max-snippet:-1","max-image-preview":"max-image-preview:large","max-video-preview":"max-video-preview:-1"},"canonical":"https:\/\/www.ghostysky.com\/pt\/produto-2\/rayneo-air-4-pro-ar-smart-glasses\/","og_locale":"pt_PT","og_type":"article","og_title":"RayNeo Air 4 Pro AR Smart Glasses - Ghostysky","og_description":"The RayNeo Air 4 Pro (released early 2026) is a premium AR wearable designed to function as a portable, high-fidelity cinema and gaming monitor. Positioned as the world\u2019s first AR glasses to support HDR10, they focus heavily on visual pop and professional-grade audio.","og_url":"https:\/\/www.ghostysky.com\/pt\/produto-2\/rayneo-air-4-pro-ar-smart-glasses\/","og_site_name":"Ghostysky","article_publisher":"https:\/\/www.facebook.com\/people\/Ghostysky\/100057676170234\/","article_modified_time":"2026-04-11T07:29:03+00:00","og_image":[{"width":2000,"height":2000,"url":"https:\/\/www.ghostysky.com\/wp-content\/uploads\/2026\/04\/GH_RayNeo-Air-4-Pro-AR-Smart-Glasses_1.webp","type":"image\/webp"}],"twitter_card":"summary_large_image","twitter_site":"@Gh0stysky","twitter_misc":{"Tempo estimado de leitura":"2 minutos"},"schema":{"@context":"https:\/\/schema.org","@graph":[{"@type":"WebPage","@id":"https:\/\/www.ghostysky.com\/product\/rayneo-air-4-pro-ar-smart-glasses\/","url":"https:\/\/www.ghostysky.com\/product\/rayneo-air-4-pro-ar-smart-glasses\/","name":"\u00d3culos inteligentes de realidade aumentada RayNeo Air 4 Pro - Ghostysky","isPartOf":{"@id":"https:\/\/www.ghostysky.com\/#website"},"primaryImageOfPage":{"@id":"https:\/\/www.ghostysky.com\/product\/rayneo-air-4-pro-ar-smart-glasses\/#primaryimage"},"image":{"@id":"https:\/\/www.ghostysky.com\/product\/rayneo-air-4-pro-ar-smart-glasses\/#primaryimage"},"thumbnailUrl":"https:\/\/www.ghostysky.com\/wp-content\/uploads\/2026\/04\/GH_RayNeo-Air-4-Pro-AR-Smart-Glasses_1.webp","datePublished":"2026-04-04T09:22:54+00:00","dateModified":"2026-04-11T07:29:03+00:00","description":"O RayNeo Air 4 Pro (com lan\u00e7amento previsto para o in\u00edcio de 2026) \u00e9 um dispositivo vest\u00edvel de realidade aumentada premium, projetado para funcionar como um monitor port\u00e1til de alta fidelidade para cinema e jogos. Posicionado como o primeiro \u00f3culos de realidade aumentada do mundo com suporte a HDR10, ele prioriza o impacto visual e o \u00e1udio de n\u00edvel profissional.","breadcrumb":{"@id":"https:\/\/www.ghostysky.com\/product\/rayneo-air-4-pro-ar-smart-glasses\/#breadcrumb"},"inLanguage":"pt-PT","potentialAction":[{"@type":"ReadAction","target":["https:\/\/www.ghostysky.com\/product\/rayneo-air-4-pro-ar-smart-glasses\/"]}]},{"@type":"ImageObject","inLanguage":"pt-PT","@id":"https:\/\/www.ghostysky.com\/product\/rayneo-air-4-pro-ar-smart-glasses\/#primaryimage","url":"https:\/\/www.ghostysky.com\/wp-content\/uploads\/2026\/04\/GH_RayNeo-Air-4-Pro-AR-Smart-Glasses_1.webp","contentUrl":"https:\/\/www.ghostysky.com\/wp-content\/uploads\/2026\/04\/GH_RayNeo-Air-4-Pro-AR-Smart-Glasses_1.webp","width":2000,"height":2000},{"@type":"BreadcrumbList","@id":"https:\/\/www.ghostysky.com\/product\/rayneo-air-4-pro-ar-smart-glasses\/#breadcrumb","itemListElement":[{"@type":"ListItem","position":1,"name":"Home","item":"https:\/\/www.ghostysky.com\/"},{"@type":"ListItem","position":2,"name":"Shop","item":"https:\/\/www.ghostysky.com\/shop\/"},{"@type":"ListItem","position":3,"name":"RayNeo Air 4 Pro AR Smart Glasses"}]},{"@type":"WebSite","@id":"https:\/\/www.ghostysky.com\/#website","url":"https:\/\/www.ghostysky.com\/","name":"Ghostysky","description":"Fornecendo drones e servi\u00e7os profissionais","publisher":{"@id":"https:\/\/www.ghostysky.com\/#organization"},"potentialAction":[{"@type":"SearchAction","target":{"@type":"EntryPoint","urlTemplate":"https:\/\/www.ghostysky.com\/?s={search_term_string}"},"query-input":{"@type":"PropertyValueSpecification","valueRequired":true,"valueName":"search_term_string"}}],"inLanguage":"pt-PT"},{"@type":"Organization","@id":"https:\/\/www.ghostysky.com\/#organization","name":"Ghostysky","url":"https:\/\/www.ghostysky.com\/","logo":{"@type":"ImageObject","inLanguage":"pt-PT","@id":"https:\/\/www.ghostysky.com\/#\/schema\/logo\/image\/","url":"https:\/\/www.ghostysky.com\/wp-content\/uploads\/2020\/06\/cropped-ghostyskylogo_text_white2.png","contentUrl":"https:\/\/www.ghostysky.com\/wp-content\/uploads\/2020\/06\/cropped-ghostyskylogo_text_white2.png","width":169,"height":56,"caption":"Ghostysky"},"image":{"@id":"https:\/\/www.ghostysky.com\/#\/schema\/logo\/image\/"},"sameAs":["https:\/\/www.facebook.com\/people\/Ghostysky\/100057676170234\/","https:\/\/x.com\/Gh0stysky","https:\/\/www.linkedin.com\/company\/34739653","https:\/\/www.instagram.com\/gh0stysky"]}]}},"_links":{"self":[{"href":"https:\/\/www.ghostysky.com\/pt\/wp-json\/wp\/v2\/product\/24903","targetHints":{"allow":["GET"]}}],"collection":[{"href":"https:\/\/www.ghostysky.com\/pt\/wp-json\/wp\/v2\/product"}],"about":[{"href":"https:\/\/www.ghostysky.com\/pt\/wp-json\/wp\/v2\/types\/product"}],"replies":[{"embeddable":true,"href":"https:\/\/www.ghostysky.com\/pt\/wp-json\/wp\/v2\/comments?post=24903"}],"wp:featuredmedia":[{"embeddable":true,"href":"https:\/\/www.ghostysky.com\/pt\/wp-json\/wp\/v2\/media\/24910"}],"wp:attachment":[{"href":"https:\/\/www.ghostysky.com\/pt\/wp-json\/wp\/v2\/media?parent=24903"}],"wp:term":[{"taxonomy":"product_brand","embeddable":true,"href":"https:\/\/www.ghostysky.com\/pt\/wp-json\/wp\/v2\/product_brand?post=24903"},{"taxonomy":"product_cat","embeddable":true,"href":"https:\/\/www.ghostysky.com\/pt\/wp-json\/wp\/v2\/product_cat?post=24903"},{"taxonomy":"product_tag","embeddable":true,"href":"https:\/\/www.ghostysky.com\/pt\/wp-json\/wp\/v2\/product_tag?post=24903"}],"curies":[{"name":"wp","href":"https:\/\/api.w.org\/{rel}","templated":true}]}}