{"id":24917,"date":"2026-04-05T08:08:15","date_gmt":"2026-04-05T08:08:15","guid":{"rendered":"https:\/\/www.ghostysky.com\/?post_type=product&#038;p=24917"},"modified":"2026-04-11T07:32:30","modified_gmt":"2026-04-11T07:32:30","slug":"rayneo-usb-c-to-glasses-charging-adapter","status":"publish","type":"product","link":"https:\/\/www.ghostysky.com\/pt\/product\/rayneo-usb-c-to-glasses-charging-adapter\/","title":{"rendered":"Adaptador de carregamento USB-C para \u00f3culos RayNeo"},"content":{"rendered":"<div class=\"container\">\n<div id=\"model-response-message-contentr_a505a04463029fbe\" class=\"markdown markdown-main-panel stronger enable-updated-hr-color\" dir=\"ltr\" aria-live=\"polite\" aria-busy=\"false\">\n<h3 data-path-to-node=\"1\">Caracter\u00edsticas principais<\/h3>\n<ul data-path-to-node=\"2\">\n<li>\n<p data-path-to-node=\"2,0,0\"><b data-path-to-node=\"2,0,0\" data-index-in-node=\"0\"><span class=\"citation-72 citation-end-72\">Carregamento pass-through PD de 100 W:<\/span><\/b> Suporta entrada Power Delivery (PD) de at\u00e9 100 W, permitindo que voc\u00ea carregue rapidamente seu smartphone, tablet ou console port\u00e1til de jogos enquanto usa seus \u00f3culos simultaneamente.<\/p>\n<\/li>\n<li>\n<p data-path-to-node=\"2,1,0\"><b data-path-to-node=\"2,1,0\" data-index-in-node=\"0\">V\u00eddeo em alta defini\u00e7\u00e3o:<\/b><span class=\"citation-71\"> Capaz de transmitir <\/span><b data-path-to-node=\"2,1,0\" data-index-in-node=\"47\"><span class=\"citation-71\">Resolu\u00e7\u00e3o 4K a 60Hz<\/span><\/b><span class=\"citation-71 citation-end-71\">, garantindo que sua experi\u00eancia visual permane\u00e7a n\u00edtida e sem atrasos.<\/span><\/p>\n<\/li>\n<li>\n<p data-path-to-node=\"2,2,0\"><b data-path-to-node=\"2,2,0\" data-index-in-node=\"0\"><span class=\"citation-70\">Suporte para telas imersivas:<\/span><\/b><span class=\"citation-70 citation-end-70\"> Otimizado para desbloquear a experi\u00eancia &quot;Mega Screen&quot; (at\u00e9 201 polegadas) presente nos \u00f3culos topo de linha da RayNeo.<\/span><\/p>\n<\/li>\n<li>\n<p data-path-to-node=\"2,3,0\"><b data-path-to-node=\"2,3,0\" data-index-in-node=\"0\">Plug-and-Play:<\/b><span class=\"citation-69 citation-end-69\"> N\u00e3o s\u00e3o necess\u00e1rios drivers nem configura\u00e7\u00f5es complexas.<\/span> <span class=\"citation-68 citation-end-68\">Basta conectar o cabo de alimenta\u00e7\u00e3o e os \u00f3culos ao adaptador e, em seguida, conectar o adaptador ao seu dispositivo.<\/span><\/p>\n<\/li>\n<li>\n<p data-path-to-node=\"2,4,0\"><b data-path-to-node=\"2,4,0\" data-index-in-node=\"0\">Vers\u00e3o Premium:<\/b><span class=\"citation-67 citation-end-67\"> Apresenta um corpo resistente com revestimento met\u00e1lico e um cabo USB-C tran\u00e7ado refor\u00e7ado para maior confiabilidade e resist\u00eancia ao desgaste a longo prazo.<\/span><\/p>\n<div class=\"source-inline-chip-container ng-star-inserted\"><\/div>\n<\/li>\n<\/ul>\n<h3 data-path-to-node=\"4\">Especifica\u00e7\u00f5es t\u00e9cnicas<\/h3>\n<div class=\"horizontal-scroll-wrapper\">\n<div class=\"table-block-component\">\n<div class=\"table-block has-export-button new-table-style is-at-scroll-start is-at-scroll-end\">\n<div class=\"table-content not-end-of-paragraph\" data-hveid=\"0\" data-ved=\"0CAAQ3ecQahcKEwirworLoNaTAxUAAAAAHQAAAAAQVA\">\n<table data-path-to-node=\"5\">\n<thead>\n<tr>\n<th><span data-path-to-node=\"5,0,0,0\">Recurso<\/span><\/th>\n<th><span data-path-to-node=\"5,0,1,0\">Especifica\u00e7\u00f5es<\/span><\/th>\n<\/tr>\n<\/thead>\n<tbody>\n<tr>\n<td><span data-path-to-node=\"5,1,0,0\"><b data-path-to-node=\"5,1,0,0\" data-index-in-node=\"0\">Modelo<\/b><\/span><\/td>\n<td><span data-path-to-node=\"5,1,1,0\">XRAC-CHA01OS<\/span><\/td>\n<\/tr>\n<tr>\n<td><span data-path-to-node=\"5,2,0,0\"><b data-path-to-node=\"5,2,0,0\" data-index-in-node=\"0\">Porta de entrada<\/b><\/span><\/td>\n<td><span data-path-to-node=\"5,2,1,0\">USB-C (PD) suporta at\u00e9 20V \/ 5A (100W)<\/span><\/td>\n<\/tr>\n<tr>\n<td><span data-path-to-node=\"5,3,0,0\"><b data-path-to-node=\"5,3,0,0\" data-index-in-node=\"0\">Porta de sa\u00edda (\u00f3culos)<\/b><\/span><\/td>\n<td><span data-path-to-node=\"5,3,1,0\">USB-C (V\u00eddeo + Alimenta\u00e7\u00e3o)<\/span><\/td>\n<\/tr>\n<tr>\n<td><span data-path-to-node=\"5,4,0,0\"><b data-path-to-node=\"5,4,0,0\" data-index-in-node=\"0\">Suporte em v\u00eddeo<\/b><\/span><\/td>\n<td><span data-path-to-node=\"5,4,1,0\">4K a 60Hz<\/span><\/td>\n<\/tr>\n<tr>\n<td><span data-path-to-node=\"5,5,0,0\"><b data-path-to-node=\"5,5,0,0\" data-index-in-node=\"0\">Peso<\/b><\/span><\/td>\n<td><span data-path-to-node=\"5,5,1,0\">~32g (1,13 oz)<\/span><\/td>\n<\/tr>\n<tr>\n<td><span data-path-to-node=\"5,6,0,0\"><b data-path-to-node=\"5,6,0,0\" data-index-in-node=\"0\">Comprimento do cabo<\/b><\/span><\/td>\n<td><span data-path-to-node=\"5,6,1,0\">~12,5 cm (4,92 polegadas)<\/span><\/td>\n<\/tr>\n<tr>\n<td><span data-path-to-node=\"5,7,0,0\"><b data-path-to-node=\"5,7,0,0\" data-index-in-node=\"0\">Constru\u00e7\u00e3o<\/b><\/span><\/td>\n<td><span data-path-to-node=\"5,7,1,0\">Carca\u00e7a met\u00e1lica com cabo tran\u00e7ado preto<\/span><\/td>\n<\/tr>\n<\/tbody>\n<\/table>\n<p>&nbsp;<\/p>\n<\/div>\n<\/div>\n<\/div>\n<\/div>\n<h3 data-path-to-node=\"7\">\u00a0Compatibilidade<\/h3>\n<p data-path-to-node=\"8\"><span class=\"citation-66\">O adaptador foi projetado especificamente para <\/span><b data-path-to-node=\"8\" data-index-in-node=\"43\"><span class=\"citation-66\">RayNeo Air 3s, Air 2s e Air 2<\/span><\/b><span class=\"citation-66 citation-end-66\"> \u00f3culos inteligentes.<\/span> \u00c9 compat\u00edvel com uma ampla gama de dispositivos host que suportam o Modo Alternativo DisplayPort sobre USB-C, incluindo:<\/p>\n<ul data-path-to-node=\"9\">\n<li>\n<p data-path-to-node=\"9,0,0\"><b data-path-to-node=\"9,0,0\" data-index-in-node=\"0\">Jogos:<\/b><span class=\"citation-65 citation-end-65\"> Steam Deck, ROG Ally, Nintendo Switch (2\u00aa gera\u00e7\u00e3o).<\/span><\/p>\n<\/li>\n<li>\n<p data-path-to-node=\"9,1,0\"><b data-path-to-node=\"9,1,0\" data-index-in-node=\"0\"><span class=\"citation-64\">M\u00f3vel:<\/span><\/b><span class=\"citation-64 citation-end-64\"> S\u00e9rie iPhone 15\/16, s\u00e9rie Samsung S (S20 e posteriores), s\u00e9rie Z Fold.<\/span><\/p>\n<\/li>\n<li>\n<p data-path-to-node=\"9,2,0\"><b data-path-to-node=\"9,2,0\" data-index-in-node=\"0\">Computa\u00e7\u00e3o:<\/b> iPad Pro\/Air (modelos USB-C), MacBook e diversos laptops com USB-C.<\/p>\n<\/li>\n<\/ul>\n<blockquote data-path-to-node=\"10\">\n<p data-path-to-node=\"10,0\"><b data-path-to-node=\"10,0\" data-index-in-node=\"0\">Observa\u00e7\u00e3o:<\/b> Este adaptador foi projetado principalmente para dispositivos host USB-C. Se voc\u00ea estiver tentando conectar um dispositivo somente com HDMI (como um PS5 ou um PC mais antigo), normalmente precisar\u00e1 de um adaptador HDMI. <i data-path-to-node=\"10,0\" data-index-in-node=\"172\">Adaptador RayNeo HDMI para USB-C<\/i> em vez de.<\/p>\n<\/blockquote>\n<\/div>\n<\/div>","protected":false},"excerpt":{"rendered":"<p><span class=\"citation-73\">O <\/span><b data-path-to-node=\"0\" data-index-in-node=\"4\"><span class=\"citation-73\">Adaptador de carregamento USB-C para \u00f3culos RayNeo<\/span><\/b><span class=\"citation-73 citation-end-73\"> \u00c9 um acess\u00f3rio essencial para &quot;jogar enquanto carrega&quot;, projetado especificamente para entusiastas do XR.<\/span> Isso resolve a principal limita\u00e7\u00e3o dos \u00f3culos de realidade aumentada: a impossibilidade de carregar o dispositivo principal (como um telefone ou Steam Deck) enquanto os \u00f3culos est\u00e3o conectados \u00e0 \u00fanica porta USB-C dispon\u00edvel.<\/p>","protected":false},"featured_media":24929,"comment_status":"open","ping_status":"closed","template":"","meta":[],"product_brand":[1414],"product_cat":[1341,1413],"product_tag":[1416,1417],"class_list":{"0":"post-24917","1":"product","2":"type-product","3":"status-publish","4":"has-post-thumbnail","6":"product_brand-rayneo","7":"product_cat-ar-vr","8":"product_cat-rayneo","9":"product_tag-rayneo","10":"product_tag-rayneo-glasses-accessories","12":"first","13":"onbackorder","14":"taxable","15":"shipping-taxable","16":"purchasable","17":"product-type-simple"},"yoast_head":"<!-- This site is optimized with the Yoast SEO plugin v27.4 - https:\/\/yoast.com\/product\/yoast-seo-wordpress\/ -->\n<title>RayNeo USB-C to Glasses Charging Adapter - Ghostysky<\/title>\n<meta name=\"description\" content=\"The RayNeo USB-C to Glasses Charging Adapter is an essential &quot;play-while-charge&quot; accessory designed specifically for XR enthusiasts. It solves the primary limitation of augmented reality glasses: the inability to charge your host device (like a phone or Steam Deck) while the glasses are plugged into the only available USB-C port.\" \/>\n<meta name=\"robots\" content=\"index, follow, max-snippet:-1, max-image-preview:large, max-video-preview:-1\" \/>\n<link rel=\"canonical\" href=\"https:\/\/www.ghostysky.com\/pt\/produto-2\/rayneo-usb-c-to-glasses-charging-adapter\/\" \/>\n<meta property=\"og:locale\" content=\"pt_PT\" \/>\n<meta property=\"og:type\" content=\"article\" \/>\n<meta property=\"og:title\" content=\"RayNeo USB-C to Glasses Charging Adapter - Ghostysky\" \/>\n<meta property=\"og:description\" content=\"The RayNeo USB-C to Glasses Charging Adapter is an essential &quot;play-while-charge&quot; accessory designed specifically for XR enthusiasts. It solves the primary limitation of augmented reality glasses: the inability to charge your host device (like a phone or Steam Deck) while the glasses are plugged into the only available USB-C port.\" \/>\n<meta property=\"og:url\" content=\"https:\/\/www.ghostysky.com\/pt\/produto-2\/rayneo-usb-c-to-glasses-charging-adapter\/\" \/>\n<meta property=\"og:site_name\" content=\"Ghostysky\" \/>\n<meta property=\"article:publisher\" content=\"https:\/\/www.facebook.com\/people\/Ghostysky\/100057676170234\/\" \/>\n<meta property=\"article:modified_time\" content=\"2026-04-11T07:32:30+00:00\" \/>\n<meta property=\"og:image\" content=\"https:\/\/www.ghostysky.com\/wp-content\/uploads\/2026\/04\/GH_-RayNeo_USB_c_Glasses_Charging.webp\" \/>\n\t<meta property=\"og:image:width\" content=\"600\" \/>\n\t<meta property=\"og:image:height\" content=\"600\" \/>\n\t<meta property=\"og:image:type\" content=\"image\/webp\" \/>\n<meta name=\"twitter:card\" content=\"summary_large_image\" \/>\n<meta name=\"twitter:site\" content=\"@Gh0stysky\" \/>\n<meta name=\"twitter:label1\" content=\"Tempo estimado de leitura\" \/>\n\t<meta name=\"twitter:data1\" content=\"2 minutos\" \/>\n<script type=\"application\/ld+json\" class=\"yoast-schema-graph\">{\"@context\":\"https:\\\/\\\/schema.org\",\"@graph\":[{\"@type\":\"WebPage\",\"@id\":\"https:\\\/\\\/www.ghostysky.com\\\/product\\\/rayneo-usb-c-to-glasses-charging-adapter\\\/\",\"url\":\"https:\\\/\\\/www.ghostysky.com\\\/product\\\/rayneo-usb-c-to-glasses-charging-adapter\\\/\",\"name\":\"RayNeo USB-C to Glasses Charging Adapter - Ghostysky\",\"isPartOf\":{\"@id\":\"https:\\\/\\\/www.ghostysky.com\\\/#website\"},\"primaryImageOfPage\":{\"@id\":\"https:\\\/\\\/www.ghostysky.com\\\/product\\\/rayneo-usb-c-to-glasses-charging-adapter\\\/#primaryimage\"},\"image\":{\"@id\":\"https:\\\/\\\/www.ghostysky.com\\\/product\\\/rayneo-usb-c-to-glasses-charging-adapter\\\/#primaryimage\"},\"thumbnailUrl\":\"https:\\\/\\\/www.ghostysky.com\\\/wp-content\\\/uploads\\\/2026\\\/04\\\/GH_-RayNeo_USB_c_Glasses_Charging.webp\",\"datePublished\":\"2026-04-05T08:08:15+00:00\",\"dateModified\":\"2026-04-11T07:32:30+00:00\",\"description\":\"The RayNeo USB-C to Glasses Charging Adapter is an essential \\\"play-while-charge\\\" accessory designed specifically for XR enthusiasts. It solves the primary limitation of augmented reality glasses: the inability to charge your host device (like a phone or Steam Deck) while the glasses are plugged into the only available USB-C port.\",\"breadcrumb\":{\"@id\":\"https:\\\/\\\/www.ghostysky.com\\\/product\\\/rayneo-usb-c-to-glasses-charging-adapter\\\/#breadcrumb\"},\"inLanguage\":\"pt-PT\",\"potentialAction\":[{\"@type\":\"ReadAction\",\"target\":[\"https:\\\/\\\/www.ghostysky.com\\\/product\\\/rayneo-usb-c-to-glasses-charging-adapter\\\/\"]}]},{\"@type\":\"ImageObject\",\"inLanguage\":\"pt-PT\",\"@id\":\"https:\\\/\\\/www.ghostysky.com\\\/product\\\/rayneo-usb-c-to-glasses-charging-adapter\\\/#primaryimage\",\"url\":\"https:\\\/\\\/www.ghostysky.com\\\/wp-content\\\/uploads\\\/2026\\\/04\\\/GH_-RayNeo_USB_c_Glasses_Charging.webp\",\"contentUrl\":\"https:\\\/\\\/www.ghostysky.com\\\/wp-content\\\/uploads\\\/2026\\\/04\\\/GH_-RayNeo_USB_c_Glasses_Charging.webp\",\"width\":600,\"height\":600},{\"@type\":\"BreadcrumbList\",\"@id\":\"https:\\\/\\\/www.ghostysky.com\\\/product\\\/rayneo-usb-c-to-glasses-charging-adapter\\\/#breadcrumb\",\"itemListElement\":[{\"@type\":\"ListItem\",\"position\":1,\"name\":\"Home\",\"item\":\"https:\\\/\\\/www.ghostysky.com\\\/\"},{\"@type\":\"ListItem\",\"position\":2,\"name\":\"Shop\",\"item\":\"https:\\\/\\\/www.ghostysky.com\\\/shop\\\/\"},{\"@type\":\"ListItem\",\"position\":3,\"name\":\"RayNeo USB-C to Glasses Charging Adapter\"}]},{\"@type\":\"WebSite\",\"@id\":\"https:\\\/\\\/www.ghostysky.com\\\/#website\",\"url\":\"https:\\\/\\\/www.ghostysky.com\\\/\",\"name\":\"Ghostysky\",\"description\":\"Delivering professional drones and services\",\"publisher\":{\"@id\":\"https:\\\/\\\/www.ghostysky.com\\\/#organization\"},\"potentialAction\":[{\"@type\":\"SearchAction\",\"target\":{\"@type\":\"EntryPoint\",\"urlTemplate\":\"https:\\\/\\\/www.ghostysky.com\\\/?s={search_term_string}\"},\"query-input\":{\"@type\":\"PropertyValueSpecification\",\"valueRequired\":true,\"valueName\":\"search_term_string\"}}],\"inLanguage\":\"pt-PT\"},{\"@type\":\"Organization\",\"@id\":\"https:\\\/\\\/www.ghostysky.com\\\/#organization\",\"name\":\"Ghostysky\",\"url\":\"https:\\\/\\\/www.ghostysky.com\\\/\",\"logo\":{\"@type\":\"ImageObject\",\"inLanguage\":\"pt-PT\",\"@id\":\"https:\\\/\\\/www.ghostysky.com\\\/#\\\/schema\\\/logo\\\/image\\\/\",\"url\":\"https:\\\/\\\/www.ghostysky.com\\\/wp-content\\\/uploads\\\/2020\\\/06\\\/cropped-ghostyskylogo_text_white2.png\",\"contentUrl\":\"https:\\\/\\\/www.ghostysky.com\\\/wp-content\\\/uploads\\\/2020\\\/06\\\/cropped-ghostyskylogo_text_white2.png\",\"width\":169,\"height\":56,\"caption\":\"Ghostysky\"},\"image\":{\"@id\":\"https:\\\/\\\/www.ghostysky.com\\\/#\\\/schema\\\/logo\\\/image\\\/\"},\"sameAs\":[\"https:\\\/\\\/www.facebook.com\\\/people\\\/Ghostysky\\\/100057676170234\\\/\",\"https:\\\/\\\/x.com\\\/Gh0stysky\",\"https:\\\/\\\/www.linkedin.com\\\/company\\\/34739653\",\"https:\\\/\\\/www.instagram.com\\\/gh0stysky\"]}]}<\/script>\n<!-- \/ Yoast SEO plugin. -->","yoast_head_json":{"title":"Adaptador de carregamento USB-C para \u00f3culos RayNeo - Ghostysky","description":"O adaptador de carregamento USB-C para \u00f3culos RayNeo \u00e9 um acess\u00f3rio essencial para &quot;jogar enquanto carrega&quot;, projetado especificamente para entusiastas de XR. Ele resolve a principal limita\u00e7\u00e3o dos \u00f3culos de realidade aumentada: a impossibilidade de carregar o dispositivo principal (como um celular ou Steam Deck) enquanto os \u00f3culos est\u00e3o conectados \u00e0 \u00fanica porta USB-C dispon\u00edvel.","robots":{"index":"index","follow":"follow","max-snippet":"max-snippet:-1","max-image-preview":"max-image-preview:large","max-video-preview":"max-video-preview:-1"},"canonical":"https:\/\/www.ghostysky.com\/pt\/produto-2\/rayneo-usb-c-to-glasses-charging-adapter\/","og_locale":"pt_PT","og_type":"article","og_title":"RayNeo USB-C to Glasses Charging Adapter - Ghostysky","og_description":"The RayNeo USB-C to Glasses Charging Adapter is an essential \"play-while-charge\" accessory designed specifically for XR enthusiasts. It solves the primary limitation of augmented reality glasses: the inability to charge your host device (like a phone or Steam Deck) while the glasses are plugged into the only available USB-C port.","og_url":"https:\/\/www.ghostysky.com\/pt\/produto-2\/rayneo-usb-c-to-glasses-charging-adapter\/","og_site_name":"Ghostysky","article_publisher":"https:\/\/www.facebook.com\/people\/Ghostysky\/100057676170234\/","article_modified_time":"2026-04-11T07:32:30+00:00","og_image":[{"width":600,"height":600,"url":"https:\/\/www.ghostysky.com\/wp-content\/uploads\/2026\/04\/GH_-RayNeo_USB_c_Glasses_Charging.webp","type":"image\/webp"}],"twitter_card":"summary_large_image","twitter_site":"@Gh0stysky","twitter_misc":{"Tempo estimado de leitura":"2 minutos"},"schema":{"@context":"https:\/\/schema.org","@graph":[{"@type":"WebPage","@id":"https:\/\/www.ghostysky.com\/product\/rayneo-usb-c-to-glasses-charging-adapter\/","url":"https:\/\/www.ghostysky.com\/product\/rayneo-usb-c-to-glasses-charging-adapter\/","name":"Adaptador de carregamento USB-C para \u00f3culos RayNeo - Ghostysky","isPartOf":{"@id":"https:\/\/www.ghostysky.com\/#website"},"primaryImageOfPage":{"@id":"https:\/\/www.ghostysky.com\/product\/rayneo-usb-c-to-glasses-charging-adapter\/#primaryimage"},"image":{"@id":"https:\/\/www.ghostysky.com\/product\/rayneo-usb-c-to-glasses-charging-adapter\/#primaryimage"},"thumbnailUrl":"https:\/\/www.ghostysky.com\/wp-content\/uploads\/2026\/04\/GH_-RayNeo_USB_c_Glasses_Charging.webp","datePublished":"2026-04-05T08:08:15+00:00","dateModified":"2026-04-11T07:32:30+00:00","description":"O adaptador de carregamento USB-C para \u00f3culos RayNeo \u00e9 um acess\u00f3rio essencial para &quot;jogar enquanto carrega&quot;, projetado especificamente para entusiastas de XR. Ele resolve a principal limita\u00e7\u00e3o dos \u00f3culos de realidade aumentada: a impossibilidade de carregar o dispositivo principal (como um celular ou Steam Deck) enquanto os \u00f3culos est\u00e3o conectados \u00e0 \u00fanica porta USB-C dispon\u00edvel.","breadcrumb":{"@id":"https:\/\/www.ghostysky.com\/product\/rayneo-usb-c-to-glasses-charging-adapter\/#breadcrumb"},"inLanguage":"pt-PT","potentialAction":[{"@type":"ReadAction","target":["https:\/\/www.ghostysky.com\/product\/rayneo-usb-c-to-glasses-charging-adapter\/"]}]},{"@type":"ImageObject","inLanguage":"pt-PT","@id":"https:\/\/www.ghostysky.com\/product\/rayneo-usb-c-to-glasses-charging-adapter\/#primaryimage","url":"https:\/\/www.ghostysky.com\/wp-content\/uploads\/2026\/04\/GH_-RayNeo_USB_c_Glasses_Charging.webp","contentUrl":"https:\/\/www.ghostysky.com\/wp-content\/uploads\/2026\/04\/GH_-RayNeo_USB_c_Glasses_Charging.webp","width":600,"height":600},{"@type":"BreadcrumbList","@id":"https:\/\/www.ghostysky.com\/product\/rayneo-usb-c-to-glasses-charging-adapter\/#breadcrumb","itemListElement":[{"@type":"ListItem","position":1,"name":"Home","item":"https:\/\/www.ghostysky.com\/"},{"@type":"ListItem","position":2,"name":"Shop","item":"https:\/\/www.ghostysky.com\/shop\/"},{"@type":"ListItem","position":3,"name":"RayNeo USB-C to Glasses Charging Adapter"}]},{"@type":"WebSite","@id":"https:\/\/www.ghostysky.com\/#website","url":"https:\/\/www.ghostysky.com\/","name":"Ghostysky","description":"Fornecendo drones e servi\u00e7os profissionais","publisher":{"@id":"https:\/\/www.ghostysky.com\/#organization"},"potentialAction":[{"@type":"SearchAction","target":{"@type":"EntryPoint","urlTemplate":"https:\/\/www.ghostysky.com\/?s={search_term_string}"},"query-input":{"@type":"PropertyValueSpecification","valueRequired":true,"valueName":"search_term_string"}}],"inLanguage":"pt-PT"},{"@type":"Organization","@id":"https:\/\/www.ghostysky.com\/#organization","name":"Ghostysky","url":"https:\/\/www.ghostysky.com\/","logo":{"@type":"ImageObject","inLanguage":"pt-PT","@id":"https:\/\/www.ghostysky.com\/#\/schema\/logo\/image\/","url":"https:\/\/www.ghostysky.com\/wp-content\/uploads\/2020\/06\/cropped-ghostyskylogo_text_white2.png","contentUrl":"https:\/\/www.ghostysky.com\/wp-content\/uploads\/2020\/06\/cropped-ghostyskylogo_text_white2.png","width":169,"height":56,"caption":"Ghostysky"},"image":{"@id":"https:\/\/www.ghostysky.com\/#\/schema\/logo\/image\/"},"sameAs":["https:\/\/www.facebook.com\/people\/Ghostysky\/100057676170234\/","https:\/\/x.com\/Gh0stysky","https:\/\/www.linkedin.com\/company\/34739653","https:\/\/www.instagram.com\/gh0stysky"]}]}},"_links":{"self":[{"href":"https:\/\/www.ghostysky.com\/pt\/wp-json\/wp\/v2\/product\/24917","targetHints":{"allow":["GET"]}}],"collection":[{"href":"https:\/\/www.ghostysky.com\/pt\/wp-json\/wp\/v2\/product"}],"about":[{"href":"https:\/\/www.ghostysky.com\/pt\/wp-json\/wp\/v2\/types\/product"}],"replies":[{"embeddable":true,"href":"https:\/\/www.ghostysky.com\/pt\/wp-json\/wp\/v2\/comments?post=24917"}],"version-history":[{"count":1,"href":"https:\/\/www.ghostysky.com\/pt\/wp-json\/wp\/v2\/product\/24917\/revisions"}],"predecessor-version":[{"id":24934,"href":"https:\/\/www.ghostysky.com\/pt\/wp-json\/wp\/v2\/product\/24917\/revisions\/24934"}],"wp:featuredmedia":[{"embeddable":true,"href":"https:\/\/www.ghostysky.com\/pt\/wp-json\/wp\/v2\/media\/24929"}],"wp:attachment":[{"href":"https:\/\/www.ghostysky.com\/pt\/wp-json\/wp\/v2\/media?parent=24917"}],"wp:term":[{"taxonomy":"product_brand","embeddable":true,"href":"https:\/\/www.ghostysky.com\/pt\/wp-json\/wp\/v2\/product_brand?post=24917"},{"taxonomy":"product_cat","embeddable":true,"href":"https:\/\/www.ghostysky.com\/pt\/wp-json\/wp\/v2\/product_cat?post=24917"},{"taxonomy":"product_tag","embeddable":true,"href":"https:\/\/www.ghostysky.com\/pt\/wp-json\/wp\/v2\/product_tag?post=24917"}],"curies":[{"name":"wp","href":"https:\/\/api.w.org\/{rel}","templated":true}]}}