{"id":2493,"date":"2022-07-10T11:36:49","date_gmt":"2022-07-10T11:36:49","guid":{"rendered":"https:\/\/www.ghostysky.com\/?post_type=product&#038;p=2493"},"modified":"2024-11-16T02:59:18","modified_gmt":"2024-11-16T02:59:18","slug":"shostysky-e1-drone-light-show-drone","status":"publish","type":"product","link":"https:\/\/www.ghostysky.com\/pt\/product\/shostysky-e1-drone-light-show-drone\/","title":{"rendered":"Sidus E1 \u2013 Drone de espect\u00e1culos"},"content":{"rendered":"<h2>Sidus E1<\/h2>\n<p><img decoding=\"async\" src=\"data:image\/gif;base64,R0lGODlhAQABAAAAACH5BAEKAAEALAAAAAABAAEAAAICTAEAOw==\" alt=\"\" class=\"lazyload\" data-src=\"https:\/\/www.ghostysky.com\/wp-content\/uploads\/2021\/11\/GH_P1_Drone.png\"><img decoding=\"async\" src=\"data:image\/gif;base64,R0lGODlhAQABAAAAACH5BAEKAAEALAAAAAABAAEAAAICTAEAOw==\" alt=\"\" class=\"lazyload\" data-src=\"https:\/\/www.ghostysky.com\/wp-content\/uploads\/2021\/11\/GH_P1_Drone_MainFeatures.png\"><br \/>\n<img decoding=\"async\" src=\"data:image\/gif;base64,R0lGODlhAQABAAAAACH5BAEKAAEALAAAAAABAAEAAAICTAEAOw==\" alt=\"\" class=\"lazyload\" data-src=\"https:\/\/www.ghostysky.com\/wp-content\/uploads\/2022\/07\/GH_P1_Drone_SPECS2.png\"><\/p>","protected":false},"excerpt":{"rendered":"<p><strong>Sidus E1<\/strong> \u00e9 um drone de fuselagem compacto, dur\u00e1vel, leve e \u00e0 prova de chuva (IP53). Com um belo design, Ghostysky E1 \u00e9 um drone de c\u00f3digo aberto (Pixhawk V5) compat\u00edvel com quase todos os softwares Drone Light Show, como o software Drone Light Show.<\/p>\n<p>Algumas especifica\u00e7\u00f5es t\u00e9cnicas sobre o drone:<\/p>\n<ul>\n<li><strong>\u00c0 prova de chuva (IP53)<\/strong>, Fuselagem altamente eficiente ao vento<\/li>\n<li class=\"translation-block\"><strong>Pixhawk V5<\/strong> (V3 opcional) piloto autom\u00e1tico avan\u00e7ado<\/li>\n<li><strong>ZED-F9P<\/strong> (NEO-M8P opcional) GPS RTK multibanda<\/li>\n<li class=\"translation-block\">Bateria Inteligente, <strong>at\u00e9 32 minutos<\/strong> de autonomia<\/li>\n<li><strong>L\u00e2mpada LED RGB de alto brilho de 20 W<\/strong><\/li>\n<li><strong>Telemetria redundante<\/strong>, 5G Wi-Fi e R\u00e1dio Sik 433M\/915M<\/li>\n<\/ul>","protected":false},"featured_media":8756,"comment_status":"open","ping_status":"closed","template":"","meta":[],"product_brand":[],"product_cat":[181,29],"product_tag":[38,383,384,382,428],"class_list":{"0":"post-2493","1":"product","2":"type-product","3":"status-publish","4":"has-post-thumbnail","6":"product_cat-dls-drones","7":"product_cat-drones","8":"product_tag-drone","9":"product_tag-drone-light-show","10":"product_tag-drone-show-software","11":"product_tag-ghostysky-e1","12":"product_tag-other-applications","14":"first","15":"instock","16":"taxable","17":"shipping-taxable","18":"product-type-simple"},"yoast_head":"<!-- This site is optimized with the Yoast SEO plugin v27.1.1 - https:\/\/yoast.com\/product\/yoast-seo-wordpress\/ -->\n<title>Sidus E1 - Drone Light Show drone -<\/title>\n<meta name=\"description\" content=\"GhostySky E1 is a Compact, durable, light-weight and rainproof (IP53) airframe drone. With a beautiful design, Ghsotysky E1 is an open source drone (Pixhawk V5) compatible with allmost all Drone Light Show softwares like Drone Light Show software.\" \/>\n<meta name=\"robots\" content=\"index, follow, max-snippet:-1, max-image-preview:large, max-video-preview:-1\" \/>\n<link rel=\"canonical\" href=\"https:\/\/www.ghostysky.com\/pt\/produto-2\/shostysky-e1-drone-light-show-drone\/\" \/>\n<meta property=\"og:locale\" content=\"pt_PT\" \/>\n<meta property=\"og:type\" content=\"article\" \/>\n<meta property=\"og:title\" content=\"Sidus E1 - Drone Light Show drone -\" \/>\n<meta property=\"og:description\" content=\"GhostySky E1 is a Compact, durable, light-weight and rainproof (IP53) airframe drone. With a beautiful design, Ghsotysky E1 is an open source drone (Pixhawk V5) compatible with allmost all Drone Light Show softwares like Drone Light Show software.\" \/>\n<meta property=\"og:url\" content=\"https:\/\/www.ghostysky.com\/pt\/produto-2\/shostysky-e1-drone-light-show-drone\/\" \/>\n<meta property=\"og:site_name\" content=\"Ghostysky\" \/>\n<meta property=\"article:publisher\" content=\"https:\/\/www.facebook.com\/people\/Ghostysky\/100057676170234\/\" \/>\n<meta property=\"article:modified_time\" content=\"2024-11-16T02:59:18+00:00\" \/>\n<meta property=\"og:image\" content=\"https:\/\/www.ghostysky.com\/wp-content\/uploads\/2022\/07\/Sidus-E1-DLS-Im3.jpg\" \/>\n\t<meta property=\"og:image:width\" content=\"1080\" \/>\n\t<meta property=\"og:image:height\" content=\"798\" \/>\n\t<meta property=\"og:image:type\" content=\"image\/jpeg\" \/>\n<meta name=\"twitter:card\" content=\"summary_large_image\" \/>\n<meta name=\"twitter:site\" content=\"@Gh0stysky\" \/>\n<meta name=\"twitter:label1\" content=\"Tempo estimado de leitura\" \/>\n\t<meta name=\"twitter:data1\" content=\"1 minuto\" \/>\n<script type=\"application\/ld+json\" class=\"yoast-schema-graph\">{\"@context\":\"https:\/\/schema.org\",\"@graph\":[{\"@type\":\"WebPage\",\"@id\":\"https:\/\/www.ghostysky.com\/product\/shostysky-e1-drone-light-show-drone\/\",\"url\":\"https:\/\/www.ghostysky.com\/product\/shostysky-e1-drone-light-show-drone\/\",\"name\":\"Sidus E1 - Drone Light Show drone -\",\"isPartOf\":{\"@id\":\"https:\/\/www.ghostysky.com\/#website\"},\"primaryImageOfPage\":{\"@id\":\"https:\/\/www.ghostysky.com\/product\/shostysky-e1-drone-light-show-drone\/#primaryimage\"},\"image\":{\"@id\":\"https:\/\/www.ghostysky.com\/product\/shostysky-e1-drone-light-show-drone\/#primaryimage\"},\"thumbnailUrl\":\"https:\/\/www.ghostysky.com\/wp-content\/uploads\/2022\/07\/Sidus-E1-DLS-Im3.jpg\",\"datePublished\":\"2022-07-10T11:36:49+00:00\",\"dateModified\":\"2024-11-16T02:59:18+00:00\",\"description\":\"GhostySky E1 is a Compact, durable, light-weight and rainproof (IP53) airframe drone. With a beautiful design, Ghsotysky E1 is an open source drone (Pixhawk V5) compatible with allmost all Drone Light Show softwares like Drone Light Show software.\",\"breadcrumb\":{\"@id\":\"https:\/\/www.ghostysky.com\/product\/shostysky-e1-drone-light-show-drone\/#breadcrumb\"},\"inLanguage\":\"pt-PT\",\"potentialAction\":[{\"@type\":\"ReadAction\",\"target\":[\"https:\/\/www.ghostysky.com\/product\/shostysky-e1-drone-light-show-drone\/\"]}]},{\"@type\":\"ImageObject\",\"inLanguage\":\"pt-PT\",\"@id\":\"https:\/\/www.ghostysky.com\/product\/shostysky-e1-drone-light-show-drone\/#primaryimage\",\"url\":\"https:\/\/www.ghostysky.com\/wp-content\/uploads\/2022\/07\/Sidus-E1-DLS-Im3.jpg\",\"contentUrl\":\"https:\/\/www.ghostysky.com\/wp-content\/uploads\/2022\/07\/Sidus-E1-DLS-Im3.jpg\",\"width\":1080,\"height\":798},{\"@type\":\"BreadcrumbList\",\"@id\":\"https:\/\/www.ghostysky.com\/product\/shostysky-e1-drone-light-show-drone\/#breadcrumb\",\"itemListElement\":[{\"@type\":\"ListItem\",\"position\":1,\"name\":\"Home\",\"item\":\"https:\/\/www.ghostysky.com\/\"},{\"@type\":\"ListItem\",\"position\":2,\"name\":\"Shop\",\"item\":\"https:\/\/www.ghostysky.com\/shop\/\"},{\"@type\":\"ListItem\",\"position\":3,\"name\":\"Sidus E1 &#8211; Drone Light Show drone\"}]},{\"@type\":\"WebSite\",\"@id\":\"https:\/\/www.ghostysky.com\/#website\",\"url\":\"https:\/\/www.ghostysky.com\/\",\"name\":\"Ghostysky\",\"description\":\"Delivering professional drones and services\",\"publisher\":{\"@id\":\"https:\/\/www.ghostysky.com\/#organization\"},\"potentialAction\":[{\"@type\":\"SearchAction\",\"target\":{\"@type\":\"EntryPoint\",\"urlTemplate\":\"https:\/\/www.ghostysky.com\/?s={search_term_string}\"},\"query-input\":{\"@type\":\"PropertyValueSpecification\",\"valueRequired\":true,\"valueName\":\"search_term_string\"}}],\"inLanguage\":\"pt-PT\"},{\"@type\":\"Organization\",\"@id\":\"https:\/\/www.ghostysky.com\/#organization\",\"name\":\"Ghostysky\",\"url\":\"https:\/\/www.ghostysky.com\/\",\"logo\":{\"@type\":\"ImageObject\",\"inLanguage\":\"pt-PT\",\"@id\":\"https:\/\/www.ghostysky.com\/#\/schema\/logo\/image\/\",\"url\":\"https:\/\/www.ghostysky.com\/wp-content\/uploads\/2020\/06\/cropped-ghostyskylogo_text_white2.png\",\"contentUrl\":\"https:\/\/www.ghostysky.com\/wp-content\/uploads\/2020\/06\/cropped-ghostyskylogo_text_white2.png\",\"width\":169,\"height\":56,\"caption\":\"Ghostysky\"},\"image\":{\"@id\":\"https:\/\/www.ghostysky.com\/#\/schema\/logo\/image\/\"},\"sameAs\":[\"https:\/\/www.facebook.com\/people\/Ghostysky\/100057676170234\/\",\"https:\/\/x.com\/Gh0stysky\",\"https:\/\/www.linkedin.com\/company\/34739653\",\"https:\/\/www.instagram.com\/gh0stysky\"]}]}<\/script>\n<!-- \/ Yoast SEO plugin. -->","yoast_head_json":{"title":"Sidus E1 - Drone Show de Luzes -","description":"GhostySky E1 \u00e9 um drone de fuselagem compacto, dur\u00e1vel, leve e \u00e0 prova de chuva (IP53). Com um belo design, o Ghsotysky E1 \u00e9 um drone de c\u00f3digo aberto (Pixhawk V5) compat\u00edvel com quase todos os softwares Drone Light Show, como o software Drone Light Show.","robots":{"index":"index","follow":"follow","max-snippet":"max-snippet:-1","max-image-preview":"max-image-preview:large","max-video-preview":"max-video-preview:-1"},"canonical":"https:\/\/www.ghostysky.com\/pt\/produto-2\/shostysky-e1-drone-light-show-drone\/","og_locale":"pt_PT","og_type":"article","og_title":"Sidus E1 - Drone Light Show drone -","og_description":"GhostySky E1 is a Compact, durable, light-weight and rainproof (IP53) airframe drone. With a beautiful design, Ghsotysky E1 is an open source drone (Pixhawk V5) compatible with allmost all Drone Light Show softwares like Drone Light Show software.","og_url":"https:\/\/www.ghostysky.com\/pt\/produto-2\/shostysky-e1-drone-light-show-drone\/","og_site_name":"Ghostysky","article_publisher":"https:\/\/www.facebook.com\/people\/Ghostysky\/100057676170234\/","article_modified_time":"2024-11-16T02:59:18+00:00","og_image":[{"width":1080,"height":798,"url":"https:\/\/www.ghostysky.com\/wp-content\/uploads\/2022\/07\/Sidus-E1-DLS-Im3.jpg","type":"image\/jpeg"}],"twitter_card":"summary_large_image","twitter_site":"@Gh0stysky","twitter_misc":{"Tempo estimado de leitura":"1 minuto"},"schema":{"@context":"https:\/\/schema.org","@graph":[{"@type":"WebPage","@id":"https:\/\/www.ghostysky.com\/product\/shostysky-e1-drone-light-show-drone\/","url":"https:\/\/www.ghostysky.com\/product\/shostysky-e1-drone-light-show-drone\/","name":"Sidus E1 - Drone Show de Luzes -","isPartOf":{"@id":"https:\/\/www.ghostysky.com\/#website"},"primaryImageOfPage":{"@id":"https:\/\/www.ghostysky.com\/product\/shostysky-e1-drone-light-show-drone\/#primaryimage"},"image":{"@id":"https:\/\/www.ghostysky.com\/product\/shostysky-e1-drone-light-show-drone\/#primaryimage"},"thumbnailUrl":"https:\/\/www.ghostysky.com\/wp-content\/uploads\/2022\/07\/Sidus-E1-DLS-Im3.jpg","datePublished":"2022-07-10T11:36:49+00:00","dateModified":"2024-11-16T02:59:18+00:00","description":"GhostySky E1 \u00e9 um drone de fuselagem compacto, dur\u00e1vel, leve e \u00e0 prova de chuva (IP53). Com um belo design, o Ghsotysky E1 \u00e9 um drone de c\u00f3digo aberto (Pixhawk V5) compat\u00edvel com quase todos os softwares Drone Light Show, como o software Drone Light Show.","breadcrumb":{"@id":"https:\/\/www.ghostysky.com\/product\/shostysky-e1-drone-light-show-drone\/#breadcrumb"},"inLanguage":"pt-PT","potentialAction":[{"@type":"ReadAction","target":["https:\/\/www.ghostysky.com\/product\/shostysky-e1-drone-light-show-drone\/"]}]},{"@type":"ImageObject","inLanguage":"pt-PT","@id":"https:\/\/www.ghostysky.com\/product\/shostysky-e1-drone-light-show-drone\/#primaryimage","url":"https:\/\/www.ghostysky.com\/wp-content\/uploads\/2022\/07\/Sidus-E1-DLS-Im3.jpg","contentUrl":"https:\/\/www.ghostysky.com\/wp-content\/uploads\/2022\/07\/Sidus-E1-DLS-Im3.jpg","width":1080,"height":798},{"@type":"BreadcrumbList","@id":"https:\/\/www.ghostysky.com\/product\/shostysky-e1-drone-light-show-drone\/#breadcrumb","itemListElement":[{"@type":"ListItem","position":1,"name":"Home","item":"https:\/\/www.ghostysky.com\/"},{"@type":"ListItem","position":2,"name":"Shop","item":"https:\/\/www.ghostysky.com\/shop\/"},{"@type":"ListItem","position":3,"name":"Sidus E1 &#8211; Drone Light Show drone"}]},{"@type":"WebSite","@id":"https:\/\/www.ghostysky.com\/#website","url":"https:\/\/www.ghostysky.com\/","name":"Ghostysky","description":"Fornecendo drones e servi\u00e7os profissionais","publisher":{"@id":"https:\/\/www.ghostysky.com\/#organization"},"potentialAction":[{"@type":"SearchAction","target":{"@type":"EntryPoint","urlTemplate":"https:\/\/www.ghostysky.com\/?s={search_term_string}"},"query-input":{"@type":"PropertyValueSpecification","valueRequired":true,"valueName":"search_term_string"}}],"inLanguage":"pt-PT"},{"@type":"Organization","@id":"https:\/\/www.ghostysky.com\/#organization","name":"Ghostysky","url":"https:\/\/www.ghostysky.com\/","logo":{"@type":"ImageObject","inLanguage":"pt-PT","@id":"https:\/\/www.ghostysky.com\/#\/schema\/logo\/image\/","url":"https:\/\/www.ghostysky.com\/wp-content\/uploads\/2020\/06\/cropped-ghostyskylogo_text_white2.png","contentUrl":"https:\/\/www.ghostysky.com\/wp-content\/uploads\/2020\/06\/cropped-ghostyskylogo_text_white2.png","width":169,"height":56,"caption":"Ghostysky"},"image":{"@id":"https:\/\/www.ghostysky.com\/#\/schema\/logo\/image\/"},"sameAs":["https:\/\/www.facebook.com\/people\/Ghostysky\/100057676170234\/","https:\/\/x.com\/Gh0stysky","https:\/\/www.linkedin.com\/company\/34739653","https:\/\/www.instagram.com\/gh0stysky"]}]}},"_links":{"self":[{"href":"https:\/\/www.ghostysky.com\/pt\/wp-json\/wp\/v2\/product\/2493","targetHints":{"allow":["GET"]}}],"collection":[{"href":"https:\/\/www.ghostysky.com\/pt\/wp-json\/wp\/v2\/product"}],"about":[{"href":"https:\/\/www.ghostysky.com\/pt\/wp-json\/wp\/v2\/types\/product"}],"replies":[{"embeddable":true,"href":"https:\/\/www.ghostysky.com\/pt\/wp-json\/wp\/v2\/comments?post=2493"}],"wp:featuredmedia":[{"embeddable":true,"href":"https:\/\/www.ghostysky.com\/pt\/wp-json\/wp\/v2\/media\/8756"}],"wp:attachment":[{"href":"https:\/\/www.ghostysky.com\/pt\/wp-json\/wp\/v2\/media?parent=2493"}],"wp:term":[{"taxonomy":"product_brand","embeddable":true,"href":"https:\/\/www.ghostysky.com\/pt\/wp-json\/wp\/v2\/product_brand?post=2493"},{"taxonomy":"product_cat","embeddable":true,"href":"https:\/\/www.ghostysky.com\/pt\/wp-json\/wp\/v2\/product_cat?post=2493"},{"taxonomy":"product_tag","embeddable":true,"href":"https:\/\/www.ghostysky.com\/pt\/wp-json\/wp\/v2\/product_tag?post=2493"}],"curies":[{"name":"wp","href":"https:\/\/api.w.org\/{rel}","templated":true}]}}