{"id":24935,"date":"2026-04-05T08:49:45","date_gmt":"2026-04-05T08:49:45","guid":{"rendered":"https:\/\/www.ghostysky.com\/?post_type=product&#038;p=24935"},"modified":"2026-04-06T07:03:20","modified_gmt":"2026-04-06T07:03:20","slug":"noetix-bumi-edu-pro-humanoid-robot","status":"publish","type":"product","link":"https:\/\/www.ghostysky.com\/pt\/product\/noetix-bumi-edu-pro-humanoid-robot\/","title":{"rendered":"Rob\u00f4 human\u00f3ide Noetix BUMI EDU-Pro"},"content":{"rendered":"<p id=\"p-rc_efc3ffba0919d251-57\" data-path-to-node=\"3\"><span class=\"citation-144 citation-end-144\">A vers\u00e3o EDU-Pro \u00e9 um humanoide do tamanho de uma crian\u00e7a, projetado para estabilidade, intera\u00e7\u00e3o e programa\u00e7\u00e3o aberta.<\/span> <span class=\"citation-143\">Ao contr\u00e1rio dos rob\u00f4s industriais, ele prioriza <\/span><b data-path-to-node=\"3\" data-index-in-node=\"154\"><span class=\"citation-143\">agilidade e utilidade educacional<\/span><\/b><span class=\"citation-143 citation-end-143\">, utilizando uma estrutura composta leve e um sofisticado sistema de controle de movimento desenvolvido internamente para executar tarefas que variam desde caminhadas est\u00e1veis at\u00e9 dan\u00e7as coreografadas.<\/span><\/p>\n<p>&nbsp;<\/p>\n<h3 data-path-to-node=\"5\"><b data-path-to-node=\"5\" data-index-in-node=\"0\">Especifica\u00e7\u00f5es principais<\/b><\/h3>\n<table width=\"713\">\n<tbody>\n<tr>\n<td width=\"326\"><strong>Altura<\/strong><\/td>\n<td width=\"387\">98 cm<\/td>\n<\/tr>\n<tr>\n<td><strong>Dimens\u00f5es<\/strong><\/td>\n<td width=\"387\">34,5*19*98cm<\/td>\n<\/tr>\n<tr>\n<td><strong>Peso<\/strong><\/td>\n<td width=\"387\">aproximadamente 17 kg<\/td>\n<\/tr>\n<tr>\n<td><strong>Bateria<\/strong><\/td>\n<td width=\"387\">Tens\u00e3o 48V, Capacidade \u2265 3,5Ah<\/td>\n<\/tr>\n<tr>\n<td><strong>Autonomia da bateria<\/strong><\/td>\n<td width=\"387\">1-2 horas<\/td>\n<\/tr>\n<tr>\n<td><strong>Graus de liberdade<\/strong><\/td>\n<td width=\"387\">v\u226521<\/td>\n<\/tr>\n<tr>\n<td><strong>Material<\/strong><\/td>\n<td width=\"387\">Pl\u00e1stico de alta resist\u00eancia, liga de alum\u00ednio<\/td>\n<\/tr>\n<tr>\n<td><strong>CPU\u00a0<\/strong><\/td>\n<td width=\"387\">Rockchip RK3576 + Nvidia Orin Nano Super<\/td>\n<\/tr>\n<tr>\n<td><strong>SDK\u00a0<\/strong><\/td>\n<td width=\"387\">desenvolvimento secund\u00e1rio em grande escala<\/td>\n<\/tr>\n<tr>\n<td><strong>Intera\u00e7\u00e3o por voz\u00a0<\/strong><\/td>\n<td width=\"387\">Pode ser integrado ao curso principal de mestrado em direito (LLM).<\/td>\n<\/tr>\n<\/tbody>\n<\/table>\n<h3 data-path-to-node=\"8\"><\/h3>\n<h3 data-path-to-node=\"8\"><b data-path-to-node=\"8\" data-index-in-node=\"0\">Principais funcionalidades para educadores e desenvolvedores<\/b><\/h3>\n<ul data-path-to-node=\"9\">\n<li>\n<p id=\"p-rc_efc3ffba0919d251-58\" data-path-to-node=\"9,0,0\"><b data-path-to-node=\"9,0,0\" data-index-in-node=\"0\">SDK aberto e programa\u00e7\u00e3o:<\/b> O EDU-Pro \u00e9 compat\u00edvel com diversos n\u00edveis de habilidade. <span class=\"citation-142\">Iniciantes podem usar <\/span><b data-path-to-node=\"9,0,0\" data-index-in-node=\"90\"><span class=\"citation-142\">programa\u00e7\u00e3o gr\u00e1fica de arrastar e soltar<\/span><\/b><span class=\"citation-142\"> (Estilo Blockly), enquanto usu\u00e1rios avan\u00e7ados podem acessar o <\/span><b data-path-to-node=\"9,0,0\" data-index-in-node=\"179\"><span class=\"citation-142\">SDK Python\/C++<\/span><\/b><span class=\"citation-142 citation-end-142\"> Para experimentar com aprendizagem por refor\u00e7o e controle da marcha.<\/span><\/p>\n<\/li>\n<li>\n<p id=\"p-rc_efc3ffba0919d251-59\" data-path-to-node=\"9,1,0\"><b data-path-to-node=\"9,1,0\" data-index-in-node=\"0\"><span class=\"citation-141\">Integra\u00e7\u00e3o de IA incorporada:<\/span><\/b><span class=\"citation-141 citation-end-141\"> Possui vis\u00e3o computacional e reconhecimento de voz integrados, permitindo identificar rostos, rastrear objetos e responder a comandos verbais.<\/span><\/p>\n<\/li>\n<li>\n<p id=\"p-rc_efc3ffba0919d251-60\" data-path-to-node=\"9,2,0\"><b data-path-to-node=\"9,2,0\" data-index-in-node=\"0\"><span class=\"citation-140\">Locomo\u00e7\u00e3o din\u00e2mica:<\/span><\/b><span class=\"citation-140 citation-end-140\"> Alimentado por um controlador de dom\u00ednio desenvolvido internamente pela Noetix, ele usa aprendizado por imita\u00e7\u00e3o para manter o equil\u00edbrio em superf\u00edcies internas irregulares e se recuperar de pequenas perturba\u00e7\u00f5es.<\/span><\/p>\n<\/li>\n<li>\n<p id=\"p-rc_efc3ffba0919d251-61\" data-path-to-node=\"9,3,0\"><b data-path-to-node=\"9,3,0\" data-index-in-node=\"0\"><span class=\"citation-139\">Manuten\u00e7\u00e3o modular:<\/span><\/b><span class=\"citation-139 citation-end-139\"> Projetado para a &quot;falta de jeito&quot; de um ambiente de aprendizagem, o rob\u00f4 possui pe\u00e7as modulares que podem ser facilmente trocadas caso uma junta seja danificada durante a experimenta\u00e7\u00e3o.<\/span><\/p>\n<\/li>\n<\/ul>\n<p>&nbsp;<\/p>\n<h3 data-path-to-node=\"10\"><b data-path-to-node=\"10\" data-index-in-node=\"0\">Principais casos de uso<\/b><\/h3>\n<ul data-path-to-node=\"11\">\n<li>\n<p id=\"p-rc_efc3ffba0919d251-62\" data-path-to-node=\"11,0,0\"><b data-path-to-node=\"11,0,0\" data-index-in-node=\"0\"><span class=\"citation-138\">Salas de aula STEM:<\/span><\/b><span class=\"citation-138 citation-end-138\"> Ensino da f\u00edsica do equil\u00edbrio b\u00edpede, cinem\u00e1tica e programa\u00e7\u00e3o b\u00e1sica.<\/span><\/p>\n<\/li>\n<li>\n<p id=\"p-rc_efc3ffba0919d251-63\" data-path-to-node=\"11,1,0\"><b data-path-to-node=\"11,1,0\" data-index-in-node=\"0\"><span class=\"citation-137\">Pesquisa em IA:<\/span><\/b><span class=\"citation-137 citation-end-137\"> Uma plataforma de testes &quot;simula\u00e7\u00e3o para realidade&quot; de baixo custo para que os desenvolvedores possam testar algoritmos antes de implant\u00e1-los em plataformas caras como o Unitree G1 ou o Tesla Optimus.<\/span><\/p>\n<\/li>\n<li>\n<p data-path-to-node=\"11,2,0\"><b data-path-to-node=\"11,2,0\" data-index-in-node=\"0\">Companheirismo de Alta Tecnologia:<\/b> Utilize como um assistente dom\u00e9stico program\u00e1vel ou rob\u00f4 de entretenimento capaz de aprender rotinas personalizadas.<\/p>\n<\/li>\n<\/ul>\n<blockquote data-path-to-node=\"12\">\n<p id=\"p-rc_efc3ffba0919d251-64\" data-path-to-node=\"12,0\"><b data-path-to-node=\"12,0\" data-index-in-node=\"0\"><span class=\"citation-136\">Nota para compradores:<\/span><\/b><span class=\"citation-136 citation-end-136\"> Embora a Bumi EDU-Pro seja altamente capaz para o seu pre\u00e7o, n\u00e3o \u00e9 uma m\u00e1quina industrial.<\/span> <span class=\"citation-135 citation-end-135\">Possui capacidade de carga limitada (n\u00e3o foi projetado para transportar objetos pesados) e destina-se principalmente ao uso interno em superf\u00edcies planas ou ligeiramente irregulares.<\/span><\/p>\n<\/blockquote>","protected":false},"excerpt":{"rendered":"<p data-path-to-node=\"0\"><span class=\"citation-146\">O <\/span><b data-path-to-node=\"0\" data-index-in-node=\"4\"><span class=\"citation-146\">Noetix Bumi EDU-Pro<\/span><\/b><span class=\"citation-146 citation-end-146\"> (frequentemente referido como \u201cBumi\u201d ou \u201cBumi EDU\u201d) \u00e9 um rob\u00f4 humanoide inovador, de n\u00edvel consumidor, projetado para preencher a lacuna entre a rob\u00f3tica de pesquisa de ponta e a educa\u00e7\u00e3o STEM acess\u00edvel.<\/span><\/p>\n<p id=\"p-rc_efc3ffba0919d251-56\" data-path-to-node=\"1\"><span class=\"citation-145\">Divulgado por uma empresa sediada em Pequim. <\/span><b data-path-to-node=\"1\" data-index-in-node=\"26\"><span class=\"citation-145\">Rob\u00f3tica Noetix<\/span><\/b><span class=\"citation-145 citation-end-145\">, \u00c9 celebrado por ser um dos primeiros humanoides b\u00edpedes totalmente acess\u00edveis, o que o torna um favorito em salas de aula, entre entusiastas e desenvolvedores de IA.<\/span><\/p>","protected":false},"featured_media":24938,"comment_status":"open","ping_status":"closed","template":"","meta":[],"product_brand":[1421],"product_cat":[1038,1418,1419,1037],"product_tag":[1425,1423,1422,1424],"class_list":{"0":"post-24935","1":"product","2":"type-product","3":"status-publish","4":"has-post-thumbnail","6":"product_brand-noetix","7":"product_cat-humanoid","8":"product_cat-noetix","9":"product_cat-noetix-robot","10":"product_cat-robotics","11":"product_tag-bumi-humanoid","12":"product_tag-humanoid-robot","13":"product_tag-noetix","14":"product_tag-noetix-humanoid","16":"first","17":"onbackorder","18":"taxable","19":"shipping-taxable","20":"purchasable","21":"product-type-simple"},"yoast_head":"<!-- This site is optimized with the Yoast SEO plugin v27.1.1 - https:\/\/yoast.com\/product\/yoast-seo-wordpress\/ -->\n<title>Noetix BUMI EDU-Pro Humanoid Robot - Ghostysky<\/title>\n<meta name=\"description\" content=\"The Noetix Bumi EDU-Pro (often referred to as the &quot;Bumi&quot; or &quot;Bumi EDU&quot;) is a breakthrough consumer-grade humanoid robot designed to bridge the gap between high-end research robotics and accessible STEM education.Released by Beijing-based Noetix Robotics, it is celebrated for being one of the first fully affordable bipedal humanoids, making it a favorite for classrooms, hobbyists, and AI developers.\" \/>\n<meta name=\"robots\" content=\"index, follow, max-snippet:-1, max-image-preview:large, max-video-preview:-1\" \/>\n<link rel=\"canonical\" href=\"https:\/\/www.ghostysky.com\/pt\/produto-2\/noetix-bumi-edu-pro-humanoid-robot\/\" \/>\n<meta property=\"og:locale\" content=\"pt_PT\" \/>\n<meta property=\"og:type\" content=\"article\" \/>\n<meta property=\"og:title\" content=\"Noetix BUMI EDU-Pro Humanoid Robot - Ghostysky\" \/>\n<meta property=\"og:description\" content=\"The Noetix Bumi EDU-Pro (often referred to as the &quot;Bumi&quot; or &quot;Bumi EDU&quot;) is a breakthrough consumer-grade humanoid robot designed to bridge the gap between high-end research robotics and accessible STEM education.Released by Beijing-based Noetix Robotics, it is celebrated for being one of the first fully affordable bipedal humanoids, making it a favorite for classrooms, hobbyists, and AI developers.\" \/>\n<meta property=\"og:url\" content=\"https:\/\/www.ghostysky.com\/pt\/produto-2\/noetix-bumi-edu-pro-humanoid-robot\/\" \/>\n<meta property=\"og:site_name\" content=\"Ghostysky\" \/>\n<meta property=\"article:publisher\" content=\"https:\/\/www.facebook.com\/people\/Ghostysky\/100057676170234\/\" \/>\n<meta property=\"article:modified_time\" content=\"2026-04-06T07:03:20+00:00\" \/>\n<meta property=\"og:image\" content=\"https:\/\/www.ghostysky.com\/wp-content\/uploads\/2026\/04\/GH_Noetix_Pro_1.jpg\" \/>\n\t<meta property=\"og:image:width\" content=\"1080\" \/>\n\t<meta property=\"og:image:height\" content=\"1080\" \/>\n\t<meta property=\"og:image:type\" content=\"image\/jpeg\" \/>\n<meta name=\"twitter:card\" content=\"summary_large_image\" \/>\n<meta name=\"twitter:site\" content=\"@Gh0stysky\" \/>\n<meta name=\"twitter:label1\" content=\"Tempo estimado de leitura\" \/>\n\t<meta name=\"twitter:data1\" content=\"2 minutos\" \/>\n<script type=\"application\/ld+json\" class=\"yoast-schema-graph\">{\"@context\":\"https:\/\/schema.org\",\"@graph\":[{\"@type\":\"WebPage\",\"@id\":\"https:\/\/www.ghostysky.com\/product\/noetix-bumi-edu-pro-humanoid-robot\/\",\"url\":\"https:\/\/www.ghostysky.com\/product\/noetix-bumi-edu-pro-humanoid-robot\/\",\"name\":\"Noetix BUMI EDU-Pro Humanoid Robot - Ghostysky\",\"isPartOf\":{\"@id\":\"https:\/\/www.ghostysky.com\/#website\"},\"primaryImageOfPage\":{\"@id\":\"https:\/\/www.ghostysky.com\/product\/noetix-bumi-edu-pro-humanoid-robot\/#primaryimage\"},\"image\":{\"@id\":\"https:\/\/www.ghostysky.com\/product\/noetix-bumi-edu-pro-humanoid-robot\/#primaryimage\"},\"thumbnailUrl\":\"https:\/\/www.ghostysky.com\/wp-content\/uploads\/2026\/04\/GH_Noetix_Pro_1.jpg\",\"datePublished\":\"2026-04-05T08:49:45+00:00\",\"dateModified\":\"2026-04-06T07:03:20+00:00\",\"description\":\"The Noetix Bumi EDU-Pro (often referred to as the \\\"Bumi\\\" or \\\"Bumi EDU\\\") is a breakthrough consumer-grade humanoid robot designed to bridge the gap between high-end research robotics and accessible STEM education.Released by Beijing-based Noetix Robotics, it is celebrated for being one of the first fully affordable bipedal humanoids, making it a favorite for classrooms, hobbyists, and AI developers.\",\"breadcrumb\":{\"@id\":\"https:\/\/www.ghostysky.com\/product\/noetix-bumi-edu-pro-humanoid-robot\/#breadcrumb\"},\"inLanguage\":\"pt-PT\",\"potentialAction\":[{\"@type\":\"ReadAction\",\"target\":[\"https:\/\/www.ghostysky.com\/product\/noetix-bumi-edu-pro-humanoid-robot\/\"]}]},{\"@type\":\"ImageObject\",\"inLanguage\":\"pt-PT\",\"@id\":\"https:\/\/www.ghostysky.com\/product\/noetix-bumi-edu-pro-humanoid-robot\/#primaryimage\",\"url\":\"https:\/\/www.ghostysky.com\/wp-content\/uploads\/2026\/04\/GH_Noetix_Pro_1.jpg\",\"contentUrl\":\"https:\/\/www.ghostysky.com\/wp-content\/uploads\/2026\/04\/GH_Noetix_Pro_1.jpg\",\"width\":1080,\"height\":1080},{\"@type\":\"BreadcrumbList\",\"@id\":\"https:\/\/www.ghostysky.com\/product\/noetix-bumi-edu-pro-humanoid-robot\/#breadcrumb\",\"itemListElement\":[{\"@type\":\"ListItem\",\"position\":1,\"name\":\"Home\",\"item\":\"https:\/\/www.ghostysky.com\/\"},{\"@type\":\"ListItem\",\"position\":2,\"name\":\"Shop\",\"item\":\"https:\/\/www.ghostysky.com\/shop\/\"},{\"@type\":\"ListItem\",\"position\":3,\"name\":\"Noetix BUMI EDU-Pro Humanoid Robot\"}]},{\"@type\":\"WebSite\",\"@id\":\"https:\/\/www.ghostysky.com\/#website\",\"url\":\"https:\/\/www.ghostysky.com\/\",\"name\":\"Ghostysky\",\"description\":\"Delivering professional drones and services\",\"publisher\":{\"@id\":\"https:\/\/www.ghostysky.com\/#organization\"},\"potentialAction\":[{\"@type\":\"SearchAction\",\"target\":{\"@type\":\"EntryPoint\",\"urlTemplate\":\"https:\/\/www.ghostysky.com\/?s={search_term_string}\"},\"query-input\":{\"@type\":\"PropertyValueSpecification\",\"valueRequired\":true,\"valueName\":\"search_term_string\"}}],\"inLanguage\":\"pt-PT\"},{\"@type\":\"Organization\",\"@id\":\"https:\/\/www.ghostysky.com\/#organization\",\"name\":\"Ghostysky\",\"url\":\"https:\/\/www.ghostysky.com\/\",\"logo\":{\"@type\":\"ImageObject\",\"inLanguage\":\"pt-PT\",\"@id\":\"https:\/\/www.ghostysky.com\/#\/schema\/logo\/image\/\",\"url\":\"https:\/\/www.ghostysky.com\/wp-content\/uploads\/2020\/06\/cropped-ghostyskylogo_text_white2.png\",\"contentUrl\":\"https:\/\/www.ghostysky.com\/wp-content\/uploads\/2020\/06\/cropped-ghostyskylogo_text_white2.png\",\"width\":169,\"height\":56,\"caption\":\"Ghostysky\"},\"image\":{\"@id\":\"https:\/\/www.ghostysky.com\/#\/schema\/logo\/image\/\"},\"sameAs\":[\"https:\/\/www.facebook.com\/people\/Ghostysky\/100057676170234\/\",\"https:\/\/x.com\/Gh0stysky\",\"https:\/\/www.linkedin.com\/company\/34739653\",\"https:\/\/www.instagram.com\/gh0stysky\"]}]}<\/script>\n<!-- \/ Yoast SEO plugin. -->","yoast_head_json":{"title":"Rob\u00f4 human\u00f3ide Noetix BUMI EDU-Pro - Ghostysky","description":"O Noetix Bumi EDU-Pro (frequentemente chamado de &quot;Bumi&quot; ou &quot;Bumi EDU&quot;) \u00e9 um rob\u00f4 humanoide inovador, de n\u00edvel consumidor, projetado para preencher a lacuna entre a rob\u00f3tica de pesquisa de ponta e a educa\u00e7\u00e3o STEM acess\u00edvel. Lan\u00e7ado pela Noetix Robotics, com sede em Pequim, ele \u00e9 celebrado por ser um dos primeiros humanoides b\u00edpedes totalmente acess\u00edveis, tornando-se um favorito em salas de aula, entre entusiastas e desenvolvedores de IA.","robots":{"index":"index","follow":"follow","max-snippet":"max-snippet:-1","max-image-preview":"max-image-preview:large","max-video-preview":"max-video-preview:-1"},"canonical":"https:\/\/www.ghostysky.com\/pt\/produto-2\/noetix-bumi-edu-pro-humanoid-robot\/","og_locale":"pt_PT","og_type":"article","og_title":"Noetix BUMI EDU-Pro Humanoid Robot - Ghostysky","og_description":"The Noetix Bumi EDU-Pro (often referred to as the \"Bumi\" or \"Bumi EDU\") is a breakthrough consumer-grade humanoid robot designed to bridge the gap between high-end research robotics and accessible STEM education.Released by Beijing-based Noetix Robotics, it is celebrated for being one of the first fully affordable bipedal humanoids, making it a favorite for classrooms, hobbyists, and AI developers.","og_url":"https:\/\/www.ghostysky.com\/pt\/produto-2\/noetix-bumi-edu-pro-humanoid-robot\/","og_site_name":"Ghostysky","article_publisher":"https:\/\/www.facebook.com\/people\/Ghostysky\/100057676170234\/","article_modified_time":"2026-04-06T07:03:20+00:00","og_image":[{"width":1080,"height":1080,"url":"https:\/\/www.ghostysky.com\/wp-content\/uploads\/2026\/04\/GH_Noetix_Pro_1.jpg","type":"image\/jpeg"}],"twitter_card":"summary_large_image","twitter_site":"@Gh0stysky","twitter_misc":{"Tempo estimado de leitura":"2 minutos"},"schema":{"@context":"https:\/\/schema.org","@graph":[{"@type":"WebPage","@id":"https:\/\/www.ghostysky.com\/product\/noetix-bumi-edu-pro-humanoid-robot\/","url":"https:\/\/www.ghostysky.com\/product\/noetix-bumi-edu-pro-humanoid-robot\/","name":"Rob\u00f4 human\u00f3ide Noetix BUMI EDU-Pro - Ghostysky","isPartOf":{"@id":"https:\/\/www.ghostysky.com\/#website"},"primaryImageOfPage":{"@id":"https:\/\/www.ghostysky.com\/product\/noetix-bumi-edu-pro-humanoid-robot\/#primaryimage"},"image":{"@id":"https:\/\/www.ghostysky.com\/product\/noetix-bumi-edu-pro-humanoid-robot\/#primaryimage"},"thumbnailUrl":"https:\/\/www.ghostysky.com\/wp-content\/uploads\/2026\/04\/GH_Noetix_Pro_1.jpg","datePublished":"2026-04-05T08:49:45+00:00","dateModified":"2026-04-06T07:03:20+00:00","description":"O Noetix Bumi EDU-Pro (frequentemente chamado de &quot;Bumi&quot; ou &quot;Bumi EDU&quot;) \u00e9 um rob\u00f4 humanoide inovador, de n\u00edvel consumidor, projetado para preencher a lacuna entre a rob\u00f3tica de pesquisa de ponta e a educa\u00e7\u00e3o STEM acess\u00edvel. Lan\u00e7ado pela Noetix Robotics, com sede em Pequim, ele \u00e9 celebrado por ser um dos primeiros humanoides b\u00edpedes totalmente acess\u00edveis, tornando-se um favorito em salas de aula, entre entusiastas e desenvolvedores de IA.","breadcrumb":{"@id":"https:\/\/www.ghostysky.com\/product\/noetix-bumi-edu-pro-humanoid-robot\/#breadcrumb"},"inLanguage":"pt-PT","potentialAction":[{"@type":"ReadAction","target":["https:\/\/www.ghostysky.com\/product\/noetix-bumi-edu-pro-humanoid-robot\/"]}]},{"@type":"ImageObject","inLanguage":"pt-PT","@id":"https:\/\/www.ghostysky.com\/product\/noetix-bumi-edu-pro-humanoid-robot\/#primaryimage","url":"https:\/\/www.ghostysky.com\/wp-content\/uploads\/2026\/04\/GH_Noetix_Pro_1.jpg","contentUrl":"https:\/\/www.ghostysky.com\/wp-content\/uploads\/2026\/04\/GH_Noetix_Pro_1.jpg","width":1080,"height":1080},{"@type":"BreadcrumbList","@id":"https:\/\/www.ghostysky.com\/product\/noetix-bumi-edu-pro-humanoid-robot\/#breadcrumb","itemListElement":[{"@type":"ListItem","position":1,"name":"Home","item":"https:\/\/www.ghostysky.com\/"},{"@type":"ListItem","position":2,"name":"Shop","item":"https:\/\/www.ghostysky.com\/shop\/"},{"@type":"ListItem","position":3,"name":"Noetix BUMI EDU-Pro Humanoid Robot"}]},{"@type":"WebSite","@id":"https:\/\/www.ghostysky.com\/#website","url":"https:\/\/www.ghostysky.com\/","name":"Ghostysky","description":"Fornecendo drones e servi\u00e7os profissionais","publisher":{"@id":"https:\/\/www.ghostysky.com\/#organization"},"potentialAction":[{"@type":"SearchAction","target":{"@type":"EntryPoint","urlTemplate":"https:\/\/www.ghostysky.com\/?s={search_term_string}"},"query-input":{"@type":"PropertyValueSpecification","valueRequired":true,"valueName":"search_term_string"}}],"inLanguage":"pt-PT"},{"@type":"Organization","@id":"https:\/\/www.ghostysky.com\/#organization","name":"Ghostysky","url":"https:\/\/www.ghostysky.com\/","logo":{"@type":"ImageObject","inLanguage":"pt-PT","@id":"https:\/\/www.ghostysky.com\/#\/schema\/logo\/image\/","url":"https:\/\/www.ghostysky.com\/wp-content\/uploads\/2020\/06\/cropped-ghostyskylogo_text_white2.png","contentUrl":"https:\/\/www.ghostysky.com\/wp-content\/uploads\/2020\/06\/cropped-ghostyskylogo_text_white2.png","width":169,"height":56,"caption":"Ghostysky"},"image":{"@id":"https:\/\/www.ghostysky.com\/#\/schema\/logo\/image\/"},"sameAs":["https:\/\/www.facebook.com\/people\/Ghostysky\/100057676170234\/","https:\/\/x.com\/Gh0stysky","https:\/\/www.linkedin.com\/company\/34739653","https:\/\/www.instagram.com\/gh0stysky"]}]}},"_links":{"self":[{"href":"https:\/\/www.ghostysky.com\/pt\/wp-json\/wp\/v2\/product\/24935","targetHints":{"allow":["GET"]}}],"collection":[{"href":"https:\/\/www.ghostysky.com\/pt\/wp-json\/wp\/v2\/product"}],"about":[{"href":"https:\/\/www.ghostysky.com\/pt\/wp-json\/wp\/v2\/types\/product"}],"replies":[{"embeddable":true,"href":"https:\/\/www.ghostysky.com\/pt\/wp-json\/wp\/v2\/comments?post=24935"}],"wp:featuredmedia":[{"embeddable":true,"href":"https:\/\/www.ghostysky.com\/pt\/wp-json\/wp\/v2\/media\/24938"}],"wp:attachment":[{"href":"https:\/\/www.ghostysky.com\/pt\/wp-json\/wp\/v2\/media?parent=24935"}],"wp:term":[{"taxonomy":"product_brand","embeddable":true,"href":"https:\/\/www.ghostysky.com\/pt\/wp-json\/wp\/v2\/product_brand?post=24935"},{"taxonomy":"product_cat","embeddable":true,"href":"https:\/\/www.ghostysky.com\/pt\/wp-json\/wp\/v2\/product_cat?post=24935"},{"taxonomy":"product_tag","embeddable":true,"href":"https:\/\/www.ghostysky.com\/pt\/wp-json\/wp\/v2\/product_tag?post=24935"}],"curies":[{"name":"wp","href":"https:\/\/api.w.org\/{rel}","templated":true}]}}