{"id":24966,"date":"2026-04-06T07:33:59","date_gmt":"2026-04-06T07:33:59","guid":{"rendered":"https:\/\/www.ghostysky.com\/?post_type=product&#038;p=24966"},"modified":"2026-04-06T07:57:36","modified_gmt":"2026-04-06T07:57:36","slug":"dji-avata-360-fly-more-combo-dji-rc-2","status":"publish","type":"product","link":"https:\/\/www.ghostysky.com\/pt\/product\/dji-avata-360-fly-more-combo-dji-rc-2\/","title":{"rendered":"DJI Avata 360 Fly More Combo (DJI RC 2)"},"content":{"rendered":"<h3 data-path-to-node=\"1\">Caracter\u00edsticas principais<\/h3>\n<ul data-path-to-node=\"2\">\n<li>\n<p data-path-to-node=\"2,0,0\"><b data-path-to-node=\"2,0,0\" data-index-in-node=\"0\">Imagem 8K 360\u00b0 com lente dupla:<\/b> Equipada com dois sensores equivalentes a 1 polegada, a Avata 360 captura v\u00eddeos HDR de 360\u00b0 em 8K\/60fps. Isso permite que voc\u00ea &quot;filme primeiro e aponte depois&quot;, garantindo que voc\u00ea nunca perca um momento da a\u00e7\u00e3o.<\/p>\n<\/li>\n<li>\n<p data-path-to-node=\"2,1,0\"><b data-path-to-node=\"2,1,0\" data-index-in-node=\"0\">Modo de lente \u00fanica selecion\u00e1vel:<\/b> N\u00e3o apenas para 360\u00b0, voc\u00ea pode alternar facilmente para um modo tradicional de lente \u00fanica para filmagens FPV cl\u00e1ssicas em grande angular 4K\/60fps, utilizando o poder de imagem da c\u00e2mera principal para tomadas cinematogr\u00e1ficas tradicionais.<\/p>\n<\/li>\n<li>\n<p data-path-to-node=\"2,2,0\"><b data-path-to-node=\"2,2,0\" data-index-in-node=\"0\">Detec\u00e7\u00e3o de obst\u00e1culos omnidirecional:<\/b> A seguran\u00e7a \u00e9 primordial, com um conjunto abrangente de sensores que oferece cobertura de 360\u00b0. Isso permite um voo confiante em ambientes complexos, com o aux\u00edlio do &quot;Vision Assist&quot;, que proporciona uma visualiza\u00e7\u00e3o em tempo real em 1080p do entorno.<\/p>\n<\/li>\n<li>\n<p data-path-to-node=\"2,3,0\"><b data-path-to-node=\"2,3,0\" data-index-in-node=\"0\">Integra\u00e7\u00e3o com DJI RC 2:<\/b> Embora compat\u00edvel com \u00f3culos FPV para uma experi\u00eancia completa de &quot;cockpit&quot;, este combo inclui o <b data-path-to-node=\"2,3,0\" data-index-in-node=\"115\">DJI RC 2<\/b> Controlador inteligente. Sua tela integrada de 5,5 polegadas com resolu\u00e7\u00e3o 1080p e alto brilho o torna a ferramenta perfeita para opera\u00e7\u00e3o padr\u00e3o de drones com c\u00e2mera e enquadramento preciso.<\/p>\n<\/li>\n<li>\n<p data-path-to-node=\"2,4,0\"><b data-path-to-node=\"2,4,0\" data-index-in-node=\"0\">Transmiss\u00e3o de v\u00eddeo O4+:<\/b> Desfrute de transmiss\u00f5es de v\u00eddeo HD ultrassuaves e com baixa lat\u00eancia a at\u00e9 20 km (FCC) de dist\u00e2ncia, garantindo uma conex\u00e3o extremamente est\u00e1vel mesmo em \u00e1reas com muita interfer\u00eancia.<\/p>\n<\/li>\n<li>\n<p data-path-to-node=\"2,5,0\"><b data-path-to-node=\"2,5,0\" data-index-in-node=\"0\">Efeito de drone invis\u00edvel:<\/b> Os algoritmos avan\u00e7ados de jun\u00e7\u00e3o de imagens removem automaticamente o drone das suas filmagens em 360\u00b0, criando um efeito de &quot;c\u00e2mera flutuante&quot; que antes s\u00f3 era poss\u00edvel com equipamentos complexos feitos em casa.<\/p>\n<\/li>\n<\/ul>\n<p>&nbsp;<\/p>\n<h3 data-path-to-node=\"4\">Na caixa: Fly More Combo (DJI RC 2)<\/h3>\n<p data-path-to-node=\"5\">Este pacote completo foi desenvolvido para que voc\u00ea possa permanecer no ar por mais tempo e para fornecer todas as ferramentas necess\u00e1rias para o trabalho de campo profissional.<\/p>\n<ul data-path-to-node=\"6\">\n<li>\n<p data-path-to-node=\"6,0,0\"><b data-path-to-node=\"6,0,0\" data-index-in-node=\"0\">Aeronave DJI Avata 360<\/b> \u00d7 1<\/p>\n<\/li>\n<li>\n<p data-path-to-node=\"6,1,0\"><b data-path-to-node=\"6,1,0\" data-index-in-node=\"0\">Controle Remoto DJI RC 2<\/b> \u00d7 1<\/p>\n<\/li>\n<li>\n<p data-path-to-node=\"6,2,0\"><b data-path-to-node=\"6,2,0\" data-index-in-node=\"0\">Bateria de voo inteligente<\/b> \u00d7 3 (1 pr\u00e9-instalado + 2 extras)<\/p>\n<\/li>\n<li>\n<p data-path-to-node=\"6,3,0\"><b data-path-to-node=\"6,3,0\" data-index-in-node=\"0\">Hub de carregamento bidirecional<\/b> \u00d7 1<\/p>\n<\/li>\n<li>\n<p data-path-to-node=\"6,4,0\"><b data-path-to-node=\"6,4,0\" data-index-in-node=\"0\">Bolsa transversal DJI<\/b> \u00d7 1<\/p>\n<\/li>\n<li>\n<p data-path-to-node=\"6,5,0\"><b data-path-to-node=\"6,5,0\" data-index-in-node=\"0\">H\u00e9lices (Par)<\/b> \u00d7 4<\/p>\n<\/li>\n<li>\n<p data-path-to-node=\"6,6,0\"><b data-path-to-node=\"6,6,0\" data-index-in-node=\"0\">Protetor de cardan<\/b> \u00d7 1<\/p>\n<\/li>\n<li>\n<p data-path-to-node=\"6,7,0\"><b data-path-to-node=\"6,7,0\" data-index-in-node=\"0\">Cabo PD Tipo C para Tipo C<\/b> \u00d7 1<\/p>\n<\/li>\n<li>\n<p data-path-to-node=\"6,8,0\"><b data-path-to-node=\"6,8,0\" data-index-in-node=\"0\">Cabo USB-C OTG<\/b> \u00d7 1<\/p>\n<\/li>\n<li>\n<p data-path-to-node=\"6,9,0\"><b data-path-to-node=\"6,9,0\" data-index-in-node=\"0\">Parafusos e chave de fenda sobressalentes<\/b> \u00d7 1 conjunto<\/p>\n<\/li>\n<\/ul>\n<blockquote data-path-to-node=\"7\">\n<p data-path-to-node=\"7,0\"><b data-path-to-node=\"7,0\" data-index-in-node=\"0\">Observa\u00e7\u00e3o:<\/b> Embora o RC 2 proporcione uma experi\u00eancia de voo tradicional, o Avata 360 tamb\u00e9m \u00e9 compat\u00edvel com os DJI Goggles N3 e o Motion Controller 3 (vendidos separadamente) para aqueles que buscam uma experi\u00eancia FPV totalmente imersiva.<\/p>\n<\/blockquote>","protected":false},"excerpt":{"rendered":"<p>O <b data-path-to-node=\"0\" data-index-in-node=\"4\">DJI Avata 360<\/b> representa um salto gigantesco na categoria FPV &quot;Cinewhoop&quot;, combinando o voo imersivo e \u00e1gil da s\u00e9rie Avata com imagens de 360\u00b0 de n\u00edvel profissional. Este Fly More Combo, combinado com o <b data-path-to-node=\"0\" data-index-in-node=\"208\">DJI RC 2<\/b>, foi projetado para criadores que desejam o melhor dos dois mundos: a capacidade de voar como um p\u00e1ssaro e a liberdade de p\u00f3s-produ\u00e7\u00e3o para reenquadrar as cenas em todas as dire\u00e7\u00f5es.<\/p>","protected":false},"featured_media":24964,"comment_status":"open","ping_status":"closed","template":"","meta":[],"product_brand":[1031],"product_cat":[752,1403,1404,37],"product_tag":[1408,1406,1407],"class_list":{"0":"post-24966","1":"product","2":"type-product","3":"status-publish","4":"has-post-thumbnail","6":"product_brand-dji","7":"product_cat-aerial-photography","8":"product_cat-avata-360","9":"product_cat-avata-360-drones","10":"product_cat-dji","11":"product_tag-avata-360-drones","12":"product_tag-dji-avata-360","13":"product_tag-fvp","15":"first","16":"onbackorder","17":"taxable","18":"shipping-taxable","19":"purchasable","20":"product-type-simple"},"yoast_head":"<!-- This site is optimized with the Yoast SEO plugin v27.1.1 - https:\/\/yoast.com\/product\/yoast-seo-wordpress\/ -->\n<title>DJI Avata 360 Fly More Combo (DJI RC 2) - Ghostysky<\/title>\n<meta name=\"description\" content=\"The DJI Avata 360 represents a massive leap in the &quot;Cinewhoop&quot; FPV category, merging the immersive, agile flight of the Avata series with professional-grade 360\u00b0 imaging. This Fly More Combo, paired with the DJI RC 2, is designed for creators who want the best of both worlds: the ability to fly like a bird and the post-production freedom to reframe shots in every direction.\" \/>\n<meta name=\"robots\" content=\"index, follow, max-snippet:-1, max-image-preview:large, max-video-preview:-1\" \/>\n<link rel=\"canonical\" href=\"https:\/\/www.ghostysky.com\/pt\/produto-2\/dji-avata-360-fly-more-combo-dji-rc-2\/\" \/>\n<meta property=\"og:locale\" content=\"pt_PT\" \/>\n<meta property=\"og:type\" content=\"article\" \/>\n<meta property=\"og:title\" content=\"DJI Avata 360 Fly More Combo (DJI RC 2) - Ghostysky\" \/>\n<meta property=\"og:description\" content=\"The DJI Avata 360 represents a massive leap in the &quot;Cinewhoop&quot; FPV category, merging the immersive, agile flight of the Avata series with professional-grade 360\u00b0 imaging. This Fly More Combo, paired with the DJI RC 2, is designed for creators who want the best of both worlds: the ability to fly like a bird and the post-production freedom to reframe shots in every direction.\" \/>\n<meta property=\"og:url\" content=\"https:\/\/www.ghostysky.com\/pt\/produto-2\/dji-avata-360-fly-more-combo-dji-rc-2\/\" \/>\n<meta property=\"og:site_name\" content=\"Ghostysky\" \/>\n<meta property=\"article:publisher\" content=\"https:\/\/www.facebook.com\/people\/Ghostysky\/100057676170234\/\" \/>\n<meta property=\"article:modified_time\" content=\"2026-04-06T07:57:36+00:00\" \/>\n<meta property=\"og:image\" content=\"https:\/\/www.ghostysky.com\/wp-content\/uploads\/2026\/03\/GH_DJIAvata360_1.jpeg\" \/>\n\t<meta property=\"og:image:width\" content=\"1308\" \/>\n\t<meta property=\"og:image:height\" content=\"1308\" \/>\n\t<meta property=\"og:image:type\" content=\"image\/jpeg\" \/>\n<meta name=\"twitter:card\" content=\"summary_large_image\" \/>\n<meta name=\"twitter:site\" content=\"@Gh0stysky\" \/>\n<meta name=\"twitter:label1\" content=\"Tempo estimado de leitura\" \/>\n\t<meta name=\"twitter:data1\" content=\"2 minutos\" \/>\n<script type=\"application\/ld+json\" class=\"yoast-schema-graph\">{\"@context\":\"https:\/\/schema.org\",\"@graph\":[{\"@type\":\"WebPage\",\"@id\":\"https:\/\/www.ghostysky.com\/product\/dji-avata-360-fly-more-combo-dji-rc-2\/\",\"url\":\"https:\/\/www.ghostysky.com\/product\/dji-avata-360-fly-more-combo-dji-rc-2\/\",\"name\":\"DJI Avata 360 Fly More Combo (DJI RC 2) - Ghostysky\",\"isPartOf\":{\"@id\":\"https:\/\/www.ghostysky.com\/#website\"},\"primaryImageOfPage\":{\"@id\":\"https:\/\/www.ghostysky.com\/product\/dji-avata-360-fly-more-combo-dji-rc-2\/#primaryimage\"},\"image\":{\"@id\":\"https:\/\/www.ghostysky.com\/product\/dji-avata-360-fly-more-combo-dji-rc-2\/#primaryimage\"},\"thumbnailUrl\":\"https:\/\/www.ghostysky.com\/wp-content\/uploads\/2026\/03\/GH_DJIAvata360_1.jpeg\",\"datePublished\":\"2026-04-06T07:33:59+00:00\",\"dateModified\":\"2026-04-06T07:57:36+00:00\",\"description\":\"The DJI Avata 360 represents a massive leap in the \\\"Cinewhoop\\\" FPV category, merging the immersive, agile flight of the Avata series with professional-grade 360\u00b0 imaging. This Fly More Combo, paired with the DJI RC 2, is designed for creators who want the best of both worlds: the ability to fly like a bird and the post-production freedom to reframe shots in every direction.\",\"breadcrumb\":{\"@id\":\"https:\/\/www.ghostysky.com\/product\/dji-avata-360-fly-more-combo-dji-rc-2\/#breadcrumb\"},\"inLanguage\":\"pt-PT\",\"potentialAction\":[{\"@type\":\"ReadAction\",\"target\":[\"https:\/\/www.ghostysky.com\/product\/dji-avata-360-fly-more-combo-dji-rc-2\/\"]}]},{\"@type\":\"ImageObject\",\"inLanguage\":\"pt-PT\",\"@id\":\"https:\/\/www.ghostysky.com\/product\/dji-avata-360-fly-more-combo-dji-rc-2\/#primaryimage\",\"url\":\"https:\/\/www.ghostysky.com\/wp-content\/uploads\/2026\/03\/GH_DJIAvata360_1.jpeg\",\"contentUrl\":\"https:\/\/www.ghostysky.com\/wp-content\/uploads\/2026\/03\/GH_DJIAvata360_1.jpeg\",\"width\":1308,\"height\":1308},{\"@type\":\"BreadcrumbList\",\"@id\":\"https:\/\/www.ghostysky.com\/product\/dji-avata-360-fly-more-combo-dji-rc-2\/#breadcrumb\",\"itemListElement\":[{\"@type\":\"ListItem\",\"position\":1,\"name\":\"Home\",\"item\":\"https:\/\/www.ghostysky.com\/\"},{\"@type\":\"ListItem\",\"position\":2,\"name\":\"Shop\",\"item\":\"https:\/\/www.ghostysky.com\/shop\/\"},{\"@type\":\"ListItem\",\"position\":3,\"name\":\"DJI Avata 360 Fly More Combo (DJI RC 2)\"}]},{\"@type\":\"WebSite\",\"@id\":\"https:\/\/www.ghostysky.com\/#website\",\"url\":\"https:\/\/www.ghostysky.com\/\",\"name\":\"Ghostysky\",\"description\":\"Delivering professional drones and services\",\"publisher\":{\"@id\":\"https:\/\/www.ghostysky.com\/#organization\"},\"potentialAction\":[{\"@type\":\"SearchAction\",\"target\":{\"@type\":\"EntryPoint\",\"urlTemplate\":\"https:\/\/www.ghostysky.com\/?s={search_term_string}\"},\"query-input\":{\"@type\":\"PropertyValueSpecification\",\"valueRequired\":true,\"valueName\":\"search_term_string\"}}],\"inLanguage\":\"pt-PT\"},{\"@type\":\"Organization\",\"@id\":\"https:\/\/www.ghostysky.com\/#organization\",\"name\":\"Ghostysky\",\"url\":\"https:\/\/www.ghostysky.com\/\",\"logo\":{\"@type\":\"ImageObject\",\"inLanguage\":\"pt-PT\",\"@id\":\"https:\/\/www.ghostysky.com\/#\/schema\/logo\/image\/\",\"url\":\"https:\/\/www.ghostysky.com\/wp-content\/uploads\/2020\/06\/cropped-ghostyskylogo_text_white2.png\",\"contentUrl\":\"https:\/\/www.ghostysky.com\/wp-content\/uploads\/2020\/06\/cropped-ghostyskylogo_text_white2.png\",\"width\":169,\"height\":56,\"caption\":\"Ghostysky\"},\"image\":{\"@id\":\"https:\/\/www.ghostysky.com\/#\/schema\/logo\/image\/\"},\"sameAs\":[\"https:\/\/www.facebook.com\/people\/Ghostysky\/100057676170234\/\",\"https:\/\/x.com\/Gh0stysky\",\"https:\/\/www.linkedin.com\/company\/34739653\",\"https:\/\/www.instagram.com\/gh0stysky\"]}]}<\/script>\n<!-- \/ Yoast SEO plugin. -->","yoast_head_json":{"title":"DJI Avata 360 Fly More Combo (DJI RC 2) - Ghostysky","description":"O DJI Avata 360 representa um grande salto na categoria de drones FPV &quot;Cinewhoop&quot;, combinando o voo imersivo e \u00e1gil da s\u00e9rie Avata com imagens de 360\u00b0 de n\u00edvel profissional. Este pacote Fly More Combo, em conjunto com o DJI RC 2, foi projetado para criadores que desejam o melhor dos dois mundos: a capacidade de voar como um p\u00e1ssaro e a liberdade na p\u00f3s-produ\u00e7\u00e3o para reenquadrar as cenas em todas as dire\u00e7\u00f5es.","robots":{"index":"index","follow":"follow","max-snippet":"max-snippet:-1","max-image-preview":"max-image-preview:large","max-video-preview":"max-video-preview:-1"},"canonical":"https:\/\/www.ghostysky.com\/pt\/produto-2\/dji-avata-360-fly-more-combo-dji-rc-2\/","og_locale":"pt_PT","og_type":"article","og_title":"DJI Avata 360 Fly More Combo (DJI RC 2) - Ghostysky","og_description":"The DJI Avata 360 represents a massive leap in the \"Cinewhoop\" FPV category, merging the immersive, agile flight of the Avata series with professional-grade 360\u00b0 imaging. This Fly More Combo, paired with the DJI RC 2, is designed for creators who want the best of both worlds: the ability to fly like a bird and the post-production freedom to reframe shots in every direction.","og_url":"https:\/\/www.ghostysky.com\/pt\/produto-2\/dji-avata-360-fly-more-combo-dji-rc-2\/","og_site_name":"Ghostysky","article_publisher":"https:\/\/www.facebook.com\/people\/Ghostysky\/100057676170234\/","article_modified_time":"2026-04-06T07:57:36+00:00","og_image":[{"width":1308,"height":1308,"url":"https:\/\/www.ghostysky.com\/wp-content\/uploads\/2026\/03\/GH_DJIAvata360_1.jpeg","type":"image\/jpeg"}],"twitter_card":"summary_large_image","twitter_site":"@Gh0stysky","twitter_misc":{"Tempo estimado de leitura":"2 minutos"},"schema":{"@context":"https:\/\/schema.org","@graph":[{"@type":"WebPage","@id":"https:\/\/www.ghostysky.com\/product\/dji-avata-360-fly-more-combo-dji-rc-2\/","url":"https:\/\/www.ghostysky.com\/product\/dji-avata-360-fly-more-combo-dji-rc-2\/","name":"DJI Avata 360 Fly More Combo (DJI RC 2) - Ghostysky","isPartOf":{"@id":"https:\/\/www.ghostysky.com\/#website"},"primaryImageOfPage":{"@id":"https:\/\/www.ghostysky.com\/product\/dji-avata-360-fly-more-combo-dji-rc-2\/#primaryimage"},"image":{"@id":"https:\/\/www.ghostysky.com\/product\/dji-avata-360-fly-more-combo-dji-rc-2\/#primaryimage"},"thumbnailUrl":"https:\/\/www.ghostysky.com\/wp-content\/uploads\/2026\/03\/GH_DJIAvata360_1.jpeg","datePublished":"2026-04-06T07:33:59+00:00","dateModified":"2026-04-06T07:57:36+00:00","description":"O DJI Avata 360 representa um grande salto na categoria de drones FPV &quot;Cinewhoop&quot;, combinando o voo imersivo e \u00e1gil da s\u00e9rie Avata com imagens de 360\u00b0 de n\u00edvel profissional. Este pacote Fly More Combo, em conjunto com o DJI RC 2, foi projetado para criadores que desejam o melhor dos dois mundos: a capacidade de voar como um p\u00e1ssaro e a liberdade na p\u00f3s-produ\u00e7\u00e3o para reenquadrar as cenas em todas as dire\u00e7\u00f5es.","breadcrumb":{"@id":"https:\/\/www.ghostysky.com\/product\/dji-avata-360-fly-more-combo-dji-rc-2\/#breadcrumb"},"inLanguage":"pt-PT","potentialAction":[{"@type":"ReadAction","target":["https:\/\/www.ghostysky.com\/product\/dji-avata-360-fly-more-combo-dji-rc-2\/"]}]},{"@type":"ImageObject","inLanguage":"pt-PT","@id":"https:\/\/www.ghostysky.com\/product\/dji-avata-360-fly-more-combo-dji-rc-2\/#primaryimage","url":"https:\/\/www.ghostysky.com\/wp-content\/uploads\/2026\/03\/GH_DJIAvata360_1.jpeg","contentUrl":"https:\/\/www.ghostysky.com\/wp-content\/uploads\/2026\/03\/GH_DJIAvata360_1.jpeg","width":1308,"height":1308},{"@type":"BreadcrumbList","@id":"https:\/\/www.ghostysky.com\/product\/dji-avata-360-fly-more-combo-dji-rc-2\/#breadcrumb","itemListElement":[{"@type":"ListItem","position":1,"name":"Home","item":"https:\/\/www.ghostysky.com\/"},{"@type":"ListItem","position":2,"name":"Shop","item":"https:\/\/www.ghostysky.com\/shop\/"},{"@type":"ListItem","position":3,"name":"DJI Avata 360 Fly More Combo (DJI RC 2)"}]},{"@type":"WebSite","@id":"https:\/\/www.ghostysky.com\/#website","url":"https:\/\/www.ghostysky.com\/","name":"Ghostysky","description":"Fornecendo drones e servi\u00e7os profissionais","publisher":{"@id":"https:\/\/www.ghostysky.com\/#organization"},"potentialAction":[{"@type":"SearchAction","target":{"@type":"EntryPoint","urlTemplate":"https:\/\/www.ghostysky.com\/?s={search_term_string}"},"query-input":{"@type":"PropertyValueSpecification","valueRequired":true,"valueName":"search_term_string"}}],"inLanguage":"pt-PT"},{"@type":"Organization","@id":"https:\/\/www.ghostysky.com\/#organization","name":"Ghostysky","url":"https:\/\/www.ghostysky.com\/","logo":{"@type":"ImageObject","inLanguage":"pt-PT","@id":"https:\/\/www.ghostysky.com\/#\/schema\/logo\/image\/","url":"https:\/\/www.ghostysky.com\/wp-content\/uploads\/2020\/06\/cropped-ghostyskylogo_text_white2.png","contentUrl":"https:\/\/www.ghostysky.com\/wp-content\/uploads\/2020\/06\/cropped-ghostyskylogo_text_white2.png","width":169,"height":56,"caption":"Ghostysky"},"image":{"@id":"https:\/\/www.ghostysky.com\/#\/schema\/logo\/image\/"},"sameAs":["https:\/\/www.facebook.com\/people\/Ghostysky\/100057676170234\/","https:\/\/x.com\/Gh0stysky","https:\/\/www.linkedin.com\/company\/34739653","https:\/\/www.instagram.com\/gh0stysky"]}]}},"_links":{"self":[{"href":"https:\/\/www.ghostysky.com\/pt\/wp-json\/wp\/v2\/product\/24966","targetHints":{"allow":["GET"]}}],"collection":[{"href":"https:\/\/www.ghostysky.com\/pt\/wp-json\/wp\/v2\/product"}],"about":[{"href":"https:\/\/www.ghostysky.com\/pt\/wp-json\/wp\/v2\/types\/product"}],"replies":[{"embeddable":true,"href":"https:\/\/www.ghostysky.com\/pt\/wp-json\/wp\/v2\/comments?post=24966"}],"wp:featuredmedia":[{"embeddable":true,"href":"https:\/\/www.ghostysky.com\/pt\/wp-json\/wp\/v2\/media\/24964"}],"wp:attachment":[{"href":"https:\/\/www.ghostysky.com\/pt\/wp-json\/wp\/v2\/media?parent=24966"}],"wp:term":[{"taxonomy":"product_brand","embeddable":true,"href":"https:\/\/www.ghostysky.com\/pt\/wp-json\/wp\/v2\/product_brand?post=24966"},{"taxonomy":"product_cat","embeddable":true,"href":"https:\/\/www.ghostysky.com\/pt\/wp-json\/wp\/v2\/product_cat?post=24966"},{"taxonomy":"product_tag","embeddable":true,"href":"https:\/\/www.ghostysky.com\/pt\/wp-json\/wp\/v2\/product_tag?post=24966"}],"curies":[{"name":"wp","href":"https:\/\/api.w.org\/{rel}","templated":true}]}}