{"id":24975,"date":"2026-04-06T08:00:20","date_gmt":"2026-04-06T08:00:20","guid":{"rendered":"https:\/\/www.ghostysky.com\/?post_type=product&#038;p=24975"},"modified":"2026-04-06T08:08:41","modified_gmt":"2026-04-06T08:08:41","slug":"dji-avata-360-two-way-charging-hub","status":"publish","type":"product","link":"https:\/\/www.ghostysky.com\/pt\/product\/dji-avata-360-two-way-charging-hub\/","title":{"rendered":"Hub de carregamento bidirecional DJI Avata 360"},"content":{"rendered":"<h3 data-path-to-node=\"3\">Caracter\u00edsticas principais<\/h3>\n<ul data-path-to-node=\"4\">\n<li>\n<p id=\"p-rc_e451a23252bf7e73-117\" data-path-to-node=\"4,0,0\"><b data-path-to-node=\"4,0,0\" data-index-in-node=\"0\">Carregamento inteligente de tr\u00eas canais:<\/b><span class=\"citation-303\"> O hub pode armazenar e carregar at\u00e9 <\/span><b data-path-to-node=\"4,0,0\" data-index-in-node=\"70\"><span class=\"citation-303\">tr\u00eas<\/span><\/b><span class=\"citation-303 citation-end-303\"> Baterias de voo inteligentes DJI Avata 360.<\/span><\/p>\n<\/li>\n<li>\n<p data-path-to-node=\"4,1,0\"><b data-path-to-node=\"4,1,0\" data-index-in-node=\"0\">Carregamento em modo duplo:<\/b><\/p>\n<ul data-path-to-node=\"4,1,1\">\n<li>\n<p id=\"p-rc_e451a23252bf7e73-118\" data-path-to-node=\"4,1,1,0,0\"><b data-path-to-node=\"4,1,1,0,0\" data-index-in-node=\"0\"><span class=\"citation-302\">Carregamento em paralelo:<\/span><\/b><span class=\"citation-302\"> Ao usar um carregador de <\/span><b data-path-to-node=\"4,1,1,0,0\" data-index-in-node=\"43\"><span class=\"citation-302\">65 W ou superior<\/span><\/b><span class=\"citation-302 citation-end-302\"> (como o carregador port\u00e1til DJI de 65 W ou o adaptador USB-C de 100 W), o hub carrega todas as tr\u00eas baterias simultaneamente.<\/span><\/p>\n<\/li>\n<li>\n<p id=\"p-rc_e451a23252bf7e73-119\" data-path-to-node=\"4,1,1,1,0\"><b data-path-to-node=\"4,1,1,1,0\" data-index-in-node=\"0\">Carregamento sequencial:<\/b><span class=\"citation-301 citation-end-301\"> Se a fonte de alimenta\u00e7\u00e3o estiver abaixo de 65 W, o hub prioriza de forma inteligente a bateria com a maior carga restante para que voc\u00ea possa voltar a voar o mais r\u00e1pido poss\u00edvel.<\/span><\/p>\n<\/li>\n<\/ul>\n<\/li>\n<li>\n<p id=\"p-rc_e451a23252bf7e73-120\" data-path-to-node=\"4,2,0\"><b data-path-to-node=\"4,2,0\" data-index-in-node=\"0\">Fun\u00e7\u00e3o de bateria externa bidirecional:<\/b> Ap\u00f3s o voo, voc\u00ea pode usar as baterias armazenadas para carregar dispositivos externos. <span class=\"citation-300 citation-end-300\">Conectando um cabo USB-C, voc\u00ea pode recarregar seus DJI Goggles, smartphone ou tablet.<\/span><\/p>\n<\/li>\n<li>\n<p id=\"p-rc_e451a23252bf7e73-121\" data-path-to-node=\"4,3,0\"><b data-path-to-node=\"4,3,0\" data-index-in-node=\"0\"><span class=\"citation-299\">Acumula\u00e7\u00e3o de energia:<\/span><\/b><span class=\"citation-299 citation-end-299\"> Uma funcionalidade especializada que permite ao hub transferir a energia restante de v\u00e1rias baterias para a bateria com o n\u00edvel de carga mais alto, concentrando a energia restante em uma \u00fanica bateria pronta para o voo.<\/span><\/p>\n<p>&nbsp;<\/li>\n<\/ul>\n<h3 data-path-to-node=\"6\">Especifica\u00e7\u00f5es t\u00e9cnicas<\/h3>\n<table data-path-to-node=\"7\">\n<thead>\n<tr>\n<td><strong>Recurso<\/strong><\/td>\n<td><strong>Especifica\u00e7\u00f5es<\/strong><\/td>\n<\/tr>\n<\/thead>\n<tbody>\n<tr>\n<td><span data-path-to-node=\"7,1,0,0\"><b data-path-to-node=\"7,1,0,0\" data-index-in-node=\"0\">Compatibilidade<\/b><\/span><\/td>\n<td><span data-path-to-node=\"7,1,1,0\">Bateria de voo inteligente DJI Avata 360<\/span><\/td>\n<\/tr>\n<tr>\n<td><span data-path-to-node=\"7,2,0,0\"><b data-path-to-node=\"7,2,0,0\" data-index-in-node=\"0\">Entrada<\/b><\/span><\/td>\n<td><span data-path-to-node=\"7,2,1,0\">5-20 V, m\u00e1x. 5 A<\/span><\/td>\n<\/tr>\n<tr>\n<td><span data-path-to-node=\"7,3,0,0\"><b data-path-to-node=\"7,3,0,0\" data-index-in-node=\"0\">Sa\u00edda m\u00e1xima de carregamento<\/b><\/span><\/td>\n<td><span data-path-to-node=\"7,3,1,0\">17,2 V<\/span><\/td>\n<\/tr>\n<tr>\n<td><span data-path-to-node=\"7,4,0,0\"><b data-path-to-node=\"7,4,0,0\" data-index-in-node=\"0\">Acumula\u00e7\u00e3o m\u00e1xima de pot\u00eancia<\/b><\/span><\/td>\n<td><span data-path-to-node=\"7,4,1,0\">60 W<\/span><\/td>\n<\/tr>\n<tr>\n<td><span data-path-to-node=\"7,5,0,0\"><b data-path-to-node=\"7,5,0,0\" data-index-in-node=\"0\">Sa\u00edda USB<\/b><\/span><\/td>\n<td><span data-path-to-node=\"7,5,1,0\">30 W<\/span><\/td>\n<\/tr>\n<tr>\n<td><span data-path-to-node=\"7,6,0,0\"><b data-path-to-node=\"7,6,0,0\" data-index-in-node=\"0\">Temperatura de opera\u00e7\u00e3o<\/b><\/span><\/td>\n<td><span data-path-to-node=\"7,6,1,0\">5\u00b0 a 40\u00b0 C (41\u00b0 a 104\u00b0 F)<\/span><\/td>\n<\/tr>\n<\/tbody>\n<\/table>\n<h3 data-path-to-node=\"9\">Dica profissional<\/h3>\n<p id=\"p-rc_e451a23252bf7e73-122\" data-path-to-node=\"10\"><span class=\"citation-298\">Para atingir as velocidades de carregamento paralelo anunciadas, \u00e9 altamente recomend\u00e1vel emparelhar este hub com o <\/span><b data-path-to-node=\"10\" data-index-in-node=\"103\"><span class=\"citation-298\">Carregador port\u00e1til DJI de 65 W<\/span><\/b><span class=\"citation-298\"> ou um <\/span><b data-path-to-node=\"10\" data-index-in-node=\"133\"><span class=\"citation-298\">Adaptador de energia USB-C de 100 W<\/span><\/b><span class=\"citation-298 citation-end-298\">.<\/span> <span class=\"citation-297 citation-end-297\">Observe que o hub de carregamento n\u00e3o inclui um carregador de parede ou um cabo USB-C na caixa.<\/span><\/p>\n<div class=\"source-inline-chip-container ng-star-inserted\"><\/div>\n<p>&nbsp;<\/p>","protected":false},"excerpt":{"rendered":"<p data-path-to-node=\"0\"><span class=\"citation-305\">O <\/span><b data-path-to-node=\"0\" data-index-in-node=\"4\"><span class=\"citation-305\">Hub de carregamento bidirecional DJI Avata 360<\/span><\/b><span class=\"citation-305 citation-end-305\"> \u00c9 um acess\u00f3rio de gerenciamento de energia de alto desempenho projetado especificamente para o ecossistema Avata 360.<\/span> Ele oferece tr\u00eas fun\u00e7\u00f5es principais: armazenamento organizado de baterias, carregamento r\u00e1pido de m\u00faltiplas baterias e funciona como um carregador port\u00e1til para seus dispositivos m\u00f3veis.<\/p>\n<p id=\"p-rc_e451a23252bf7e73-116\" data-path-to-node=\"1\"><span class=\"citation-304\">Ao contr\u00e1rio dos carregadores sequenciais padr\u00e3o, este hub suporta <\/span><b data-path-to-node=\"1\" data-index-in-node=\"55\"><span class=\"citation-304\">carregamento paralelo<\/span><\/b><span class=\"citation-304 citation-end-304\"> Quando combinado com um adaptador suficientemente potente, garante que voc\u00ea passe menos tempo na tomada e mais tempo no ar.<\/span><\/p>","protected":false},"featured_media":24980,"comment_status":"open","ping_status":"closed","template":"","meta":[],"product_brand":[1031],"product_cat":[752,1403,1405,37],"product_tag":[1412,1428],"class_list":{"0":"post-24975","1":"product","2":"type-product","3":"status-publish","4":"has-post-thumbnail","6":"product_brand-dji","7":"product_cat-aerial-photography","8":"product_cat-avata-360","9":"product_cat-avata-360-accessories","10":"product_cat-dji","11":"product_tag-avata-360-accessories","12":"product_tag-charging-hub","14":"first","15":"onbackorder","16":"taxable","17":"shipping-taxable","18":"purchasable","19":"product-type-simple"},"yoast_head":"<!-- This site is optimized with the Yoast SEO plugin v27.1.1 - https:\/\/yoast.com\/product\/yoast-seo-wordpress\/ -->\n<title>DJI Avata 360 Two-Way Charging Hub - Ghostysky<\/title>\n<meta name=\"description\" content=\"The DJI Avata 360 Two-Way Charging Hub is a high-performance power management accessory designed specifically for the Avata 360 ecosystem. It serves three primary functions: organized battery storage, high-speed multi-battery charging, and an on-the-go power bank for your mobile devices.Unlike standard sequential chargers, this hub supports parallel charging when paired with a sufficiently powerful adapter, ensuring you spend less time at the outlet and more time in the air.\" \/>\n<meta name=\"robots\" content=\"index, follow, max-snippet:-1, max-image-preview:large, max-video-preview:-1\" \/>\n<link rel=\"canonical\" href=\"https:\/\/www.ghostysky.com\/pt\/produto-2\/dji-avata-360-two-way-charging-hub\/\" \/>\n<meta property=\"og:locale\" content=\"pt_PT\" \/>\n<meta property=\"og:type\" content=\"article\" \/>\n<meta property=\"og:title\" content=\"DJI Avata 360 Two-Way Charging Hub - Ghostysky\" \/>\n<meta property=\"og:description\" content=\"The DJI Avata 360 Two-Way Charging Hub is a high-performance power management accessory designed specifically for the Avata 360 ecosystem. It serves three primary functions: organized battery storage, high-speed multi-battery charging, and an on-the-go power bank for your mobile devices.Unlike standard sequential chargers, this hub supports parallel charging when paired with a sufficiently powerful adapter, ensuring you spend less time at the outlet and more time in the air.\" \/>\n<meta property=\"og:url\" content=\"https:\/\/www.ghostysky.com\/pt\/produto-2\/dji-avata-360-two-way-charging-hub\/\" \/>\n<meta property=\"og:site_name\" content=\"Ghostysky\" \/>\n<meta property=\"article:publisher\" content=\"https:\/\/www.facebook.com\/people\/Ghostysky\/100057676170234\/\" \/>\n<meta property=\"article:modified_time\" content=\"2026-04-06T08:08:41+00:00\" \/>\n<meta property=\"og:image\" content=\"https:\/\/www.ghostysky.com\/wp-content\/uploads\/2026\/04\/GH_DJI-Avata-360-Two-Way-Charging-Hub_1.jpeg\" \/>\n\t<meta property=\"og:image:width\" content=\"1308\" \/>\n\t<meta property=\"og:image:height\" content=\"1308\" \/>\n\t<meta property=\"og:image:type\" content=\"image\/jpeg\" \/>\n<meta name=\"twitter:card\" content=\"summary_large_image\" \/>\n<meta name=\"twitter:site\" content=\"@Gh0stysky\" \/>\n<meta name=\"twitter:label1\" content=\"Tempo estimado de leitura\" \/>\n\t<meta name=\"twitter:data1\" content=\"2 minutos\" \/>\n<script type=\"application\/ld+json\" class=\"yoast-schema-graph\">{\"@context\":\"https:\/\/schema.org\",\"@graph\":[{\"@type\":\"WebPage\",\"@id\":\"https:\/\/www.ghostysky.com\/product\/dji-avata-360-two-way-charging-hub\/\",\"url\":\"https:\/\/www.ghostysky.com\/product\/dji-avata-360-two-way-charging-hub\/\",\"name\":\"DJI Avata 360 Two-Way Charging Hub - Ghostysky\",\"isPartOf\":{\"@id\":\"https:\/\/www.ghostysky.com\/#website\"},\"primaryImageOfPage\":{\"@id\":\"https:\/\/www.ghostysky.com\/product\/dji-avata-360-two-way-charging-hub\/#primaryimage\"},\"image\":{\"@id\":\"https:\/\/www.ghostysky.com\/product\/dji-avata-360-two-way-charging-hub\/#primaryimage\"},\"thumbnailUrl\":\"https:\/\/www.ghostysky.com\/wp-content\/uploads\/2026\/04\/GH_DJI-Avata-360-Two-Way-Charging-Hub_1.jpeg\",\"datePublished\":\"2026-04-06T08:00:20+00:00\",\"dateModified\":\"2026-04-06T08:08:41+00:00\",\"description\":\"The DJI Avata 360 Two-Way Charging Hub is a high-performance power management accessory designed specifically for the Avata 360 ecosystem. It serves three primary functions: organized battery storage, high-speed multi-battery charging, and an on-the-go power bank for your mobile devices.Unlike standard sequential chargers, this hub supports parallel charging when paired with a sufficiently powerful adapter, ensuring you spend less time at the outlet and more time in the air.\",\"breadcrumb\":{\"@id\":\"https:\/\/www.ghostysky.com\/product\/dji-avata-360-two-way-charging-hub\/#breadcrumb\"},\"inLanguage\":\"pt-PT\",\"potentialAction\":[{\"@type\":\"ReadAction\",\"target\":[\"https:\/\/www.ghostysky.com\/product\/dji-avata-360-two-way-charging-hub\/\"]}]},{\"@type\":\"ImageObject\",\"inLanguage\":\"pt-PT\",\"@id\":\"https:\/\/www.ghostysky.com\/product\/dji-avata-360-two-way-charging-hub\/#primaryimage\",\"url\":\"https:\/\/www.ghostysky.com\/wp-content\/uploads\/2026\/04\/GH_DJI-Avata-360-Two-Way-Charging-Hub_1.jpeg\",\"contentUrl\":\"https:\/\/www.ghostysky.com\/wp-content\/uploads\/2026\/04\/GH_DJI-Avata-360-Two-Way-Charging-Hub_1.jpeg\",\"width\":1308,\"height\":1308},{\"@type\":\"BreadcrumbList\",\"@id\":\"https:\/\/www.ghostysky.com\/product\/dji-avata-360-two-way-charging-hub\/#breadcrumb\",\"itemListElement\":[{\"@type\":\"ListItem\",\"position\":1,\"name\":\"Home\",\"item\":\"https:\/\/www.ghostysky.com\/\"},{\"@type\":\"ListItem\",\"position\":2,\"name\":\"Shop\",\"item\":\"https:\/\/www.ghostysky.com\/shop\/\"},{\"@type\":\"ListItem\",\"position\":3,\"name\":\"DJI Avata 360 Two-Way Charging Hub\"}]},{\"@type\":\"WebSite\",\"@id\":\"https:\/\/www.ghostysky.com\/#website\",\"url\":\"https:\/\/www.ghostysky.com\/\",\"name\":\"Ghostysky\",\"description\":\"Delivering professional drones and services\",\"publisher\":{\"@id\":\"https:\/\/www.ghostysky.com\/#organization\"},\"potentialAction\":[{\"@type\":\"SearchAction\",\"target\":{\"@type\":\"EntryPoint\",\"urlTemplate\":\"https:\/\/www.ghostysky.com\/?s={search_term_string}\"},\"query-input\":{\"@type\":\"PropertyValueSpecification\",\"valueRequired\":true,\"valueName\":\"search_term_string\"}}],\"inLanguage\":\"pt-PT\"},{\"@type\":\"Organization\",\"@id\":\"https:\/\/www.ghostysky.com\/#organization\",\"name\":\"Ghostysky\",\"url\":\"https:\/\/www.ghostysky.com\/\",\"logo\":{\"@type\":\"ImageObject\",\"inLanguage\":\"pt-PT\",\"@id\":\"https:\/\/www.ghostysky.com\/#\/schema\/logo\/image\/\",\"url\":\"https:\/\/www.ghostysky.com\/wp-content\/uploads\/2020\/06\/cropped-ghostyskylogo_text_white2.png\",\"contentUrl\":\"https:\/\/www.ghostysky.com\/wp-content\/uploads\/2020\/06\/cropped-ghostyskylogo_text_white2.png\",\"width\":169,\"height\":56,\"caption\":\"Ghostysky\"},\"image\":{\"@id\":\"https:\/\/www.ghostysky.com\/#\/schema\/logo\/image\/\"},\"sameAs\":[\"https:\/\/www.facebook.com\/people\/Ghostysky\/100057676170234\/\",\"https:\/\/x.com\/Gh0stysky\",\"https:\/\/www.linkedin.com\/company\/34739653\",\"https:\/\/www.instagram.com\/gh0stysky\"]}]}<\/script>\n<!-- \/ Yoast SEO plugin. -->","yoast_head_json":{"title":"Hub de carregamento bidirecional DJI Avata 360 - Ghostysky","description":"O Hub de Carregamento Bidirecional DJI Avata 360 \u00e9 um acess\u00f3rio de gerenciamento de energia de alto desempenho projetado especificamente para o ecossistema Avata 360. Ele oferece tr\u00eas fun\u00e7\u00f5es principais: armazenamento organizado de baterias, carregamento r\u00e1pido de m\u00faltiplas baterias e um carregador port\u00e1til para seus dispositivos m\u00f3veis. Ao contr\u00e1rio dos carregadores sequenciais padr\u00e3o, este hub suporta carregamento paralelo quando emparelhado com um adaptador suficientemente potente, garantindo que voc\u00ea passe menos tempo na tomada e mais tempo no ar.","robots":{"index":"index","follow":"follow","max-snippet":"max-snippet:-1","max-image-preview":"max-image-preview:large","max-video-preview":"max-video-preview:-1"},"canonical":"https:\/\/www.ghostysky.com\/pt\/produto-2\/dji-avata-360-two-way-charging-hub\/","og_locale":"pt_PT","og_type":"article","og_title":"DJI Avata 360 Two-Way Charging Hub - Ghostysky","og_description":"The DJI Avata 360 Two-Way Charging Hub is a high-performance power management accessory designed specifically for the Avata 360 ecosystem. It serves three primary functions: organized battery storage, high-speed multi-battery charging, and an on-the-go power bank for your mobile devices.Unlike standard sequential chargers, this hub supports parallel charging when paired with a sufficiently powerful adapter, ensuring you spend less time at the outlet and more time in the air.","og_url":"https:\/\/www.ghostysky.com\/pt\/produto-2\/dji-avata-360-two-way-charging-hub\/","og_site_name":"Ghostysky","article_publisher":"https:\/\/www.facebook.com\/people\/Ghostysky\/100057676170234\/","article_modified_time":"2026-04-06T08:08:41+00:00","og_image":[{"width":1308,"height":1308,"url":"https:\/\/www.ghostysky.com\/wp-content\/uploads\/2026\/04\/GH_DJI-Avata-360-Two-Way-Charging-Hub_1.jpeg","type":"image\/jpeg"}],"twitter_card":"summary_large_image","twitter_site":"@Gh0stysky","twitter_misc":{"Tempo estimado de leitura":"2 minutos"},"schema":{"@context":"https:\/\/schema.org","@graph":[{"@type":"WebPage","@id":"https:\/\/www.ghostysky.com\/product\/dji-avata-360-two-way-charging-hub\/","url":"https:\/\/www.ghostysky.com\/product\/dji-avata-360-two-way-charging-hub\/","name":"Hub de carregamento bidirecional DJI Avata 360 - Ghostysky","isPartOf":{"@id":"https:\/\/www.ghostysky.com\/#website"},"primaryImageOfPage":{"@id":"https:\/\/www.ghostysky.com\/product\/dji-avata-360-two-way-charging-hub\/#primaryimage"},"image":{"@id":"https:\/\/www.ghostysky.com\/product\/dji-avata-360-two-way-charging-hub\/#primaryimage"},"thumbnailUrl":"https:\/\/www.ghostysky.com\/wp-content\/uploads\/2026\/04\/GH_DJI-Avata-360-Two-Way-Charging-Hub_1.jpeg","datePublished":"2026-04-06T08:00:20+00:00","dateModified":"2026-04-06T08:08:41+00:00","description":"O Hub de Carregamento Bidirecional DJI Avata 360 \u00e9 um acess\u00f3rio de gerenciamento de energia de alto desempenho projetado especificamente para o ecossistema Avata 360. Ele oferece tr\u00eas fun\u00e7\u00f5es principais: armazenamento organizado de baterias, carregamento r\u00e1pido de m\u00faltiplas baterias e um carregador port\u00e1til para seus dispositivos m\u00f3veis. Ao contr\u00e1rio dos carregadores sequenciais padr\u00e3o, este hub suporta carregamento paralelo quando emparelhado com um adaptador suficientemente potente, garantindo que voc\u00ea passe menos tempo na tomada e mais tempo no ar.","breadcrumb":{"@id":"https:\/\/www.ghostysky.com\/product\/dji-avata-360-two-way-charging-hub\/#breadcrumb"},"inLanguage":"pt-PT","potentialAction":[{"@type":"ReadAction","target":["https:\/\/www.ghostysky.com\/product\/dji-avata-360-two-way-charging-hub\/"]}]},{"@type":"ImageObject","inLanguage":"pt-PT","@id":"https:\/\/www.ghostysky.com\/product\/dji-avata-360-two-way-charging-hub\/#primaryimage","url":"https:\/\/www.ghostysky.com\/wp-content\/uploads\/2026\/04\/GH_DJI-Avata-360-Two-Way-Charging-Hub_1.jpeg","contentUrl":"https:\/\/www.ghostysky.com\/wp-content\/uploads\/2026\/04\/GH_DJI-Avata-360-Two-Way-Charging-Hub_1.jpeg","width":1308,"height":1308},{"@type":"BreadcrumbList","@id":"https:\/\/www.ghostysky.com\/product\/dji-avata-360-two-way-charging-hub\/#breadcrumb","itemListElement":[{"@type":"ListItem","position":1,"name":"Home","item":"https:\/\/www.ghostysky.com\/"},{"@type":"ListItem","position":2,"name":"Shop","item":"https:\/\/www.ghostysky.com\/shop\/"},{"@type":"ListItem","position":3,"name":"DJI Avata 360 Two-Way Charging Hub"}]},{"@type":"WebSite","@id":"https:\/\/www.ghostysky.com\/#website","url":"https:\/\/www.ghostysky.com\/","name":"Ghostysky","description":"Fornecendo drones e servi\u00e7os profissionais","publisher":{"@id":"https:\/\/www.ghostysky.com\/#organization"},"potentialAction":[{"@type":"SearchAction","target":{"@type":"EntryPoint","urlTemplate":"https:\/\/www.ghostysky.com\/?s={search_term_string}"},"query-input":{"@type":"PropertyValueSpecification","valueRequired":true,"valueName":"search_term_string"}}],"inLanguage":"pt-PT"},{"@type":"Organization","@id":"https:\/\/www.ghostysky.com\/#organization","name":"Ghostysky","url":"https:\/\/www.ghostysky.com\/","logo":{"@type":"ImageObject","inLanguage":"pt-PT","@id":"https:\/\/www.ghostysky.com\/#\/schema\/logo\/image\/","url":"https:\/\/www.ghostysky.com\/wp-content\/uploads\/2020\/06\/cropped-ghostyskylogo_text_white2.png","contentUrl":"https:\/\/www.ghostysky.com\/wp-content\/uploads\/2020\/06\/cropped-ghostyskylogo_text_white2.png","width":169,"height":56,"caption":"Ghostysky"},"image":{"@id":"https:\/\/www.ghostysky.com\/#\/schema\/logo\/image\/"},"sameAs":["https:\/\/www.facebook.com\/people\/Ghostysky\/100057676170234\/","https:\/\/x.com\/Gh0stysky","https:\/\/www.linkedin.com\/company\/34739653","https:\/\/www.instagram.com\/gh0stysky"]}]}},"_links":{"self":[{"href":"https:\/\/www.ghostysky.com\/pt\/wp-json\/wp\/v2\/product\/24975","targetHints":{"allow":["GET"]}}],"collection":[{"href":"https:\/\/www.ghostysky.com\/pt\/wp-json\/wp\/v2\/product"}],"about":[{"href":"https:\/\/www.ghostysky.com\/pt\/wp-json\/wp\/v2\/types\/product"}],"replies":[{"embeddable":true,"href":"https:\/\/www.ghostysky.com\/pt\/wp-json\/wp\/v2\/comments?post=24975"}],"wp:featuredmedia":[{"embeddable":true,"href":"https:\/\/www.ghostysky.com\/pt\/wp-json\/wp\/v2\/media\/24980"}],"wp:attachment":[{"href":"https:\/\/www.ghostysky.com\/pt\/wp-json\/wp\/v2\/media?parent=24975"}],"wp:term":[{"taxonomy":"product_brand","embeddable":true,"href":"https:\/\/www.ghostysky.com\/pt\/wp-json\/wp\/v2\/product_brand?post=24975"},{"taxonomy":"product_cat","embeddable":true,"href":"https:\/\/www.ghostysky.com\/pt\/wp-json\/wp\/v2\/product_cat?post=24975"},{"taxonomy":"product_tag","embeddable":true,"href":"https:\/\/www.ghostysky.com\/pt\/wp-json\/wp\/v2\/product_tag?post=24975"}],"curies":[{"name":"wp","href":"https:\/\/api.w.org\/{rel}","templated":true}]}}