{"id":25063,"date":"2026-04-08T07:59:22","date_gmt":"2026-04-08T07:59:22","guid":{"rendered":"https:\/\/www.ghostysky.com\/?post_type=product&#038;p=25063"},"modified":"2026-04-08T08:09:33","modified_gmt":"2026-04-08T08:09:33","slug":"agibot-d1-maxpro","status":"publish","type":"product","link":"https:\/\/www.ghostysky.com\/pt\/product\/agibot-d1-maxpro\/","title":{"rendered":"AgiBot D1 MaxPro"},"content":{"rendered":"<div class=\"container\">\n<div id=\"model-response-message-contentr_60ea0ffe44cd0278\" class=\"markdown markdown-main-panel stronger enable-updated-hr-color\" dir=\"ltr\" aria-live=\"polite\" aria-busy=\"false\">\n<h3 data-path-to-node=\"3\">Principais recursos e desempenho<\/h3>\n<ul data-path-to-node=\"4\">\n<li>\n<p data-path-to-node=\"4,0,0\"><b data-path-to-node=\"4,0,0\" data-index-in-node=\"0\">Carga \u00fatil excepcional:<\/b><span class=\"citation-24 citation-end-24\"> Ao contr\u00e1rio de suas contrapartes mais leves &quot;Edu&quot; ou &quot;Pro&quot;, a MaxPro \u00e9 uma verdadeira m\u00e1quina de trabalho.<\/span> <span class=\"citation-23\">Ele lida com um <\/span><b data-path-to-node=\"4,0,0\" data-index-in-node=\"115\"><span class=\"citation-23\">Carga \u00fatil de trabalho est\u00e1vel de 50 kg<\/span><\/b><span class=\"citation-23\"> e pode suportar uma carga m\u00e1xima de at\u00e9 <\/span><b data-path-to-node=\"4,0,0\" data-index-in-node=\"184\"><span class=\"citation-23\">100 kg<\/span><\/b><span class=\"citation-23 citation-end-23\">, tornando-o ideal para transportar conjuntos de sensores pesados, suprimentos log\u00edsticos ou equipamentos de emerg\u00eancia.<\/span><\/p>\n<\/li>\n<li>\n<p data-path-to-node=\"4,1,0\"><b data-path-to-node=\"4,1,0\" data-index-in-node=\"0\">Resist\u00eancia l\u00edder do setor:<\/b> Equipado com uma bateria de alta capacidade de 2160Wh, oferece at\u00e9 <b data-path-to-node=\"4,1,0\" data-index-in-node=\"90\">5,5 horas de tempo de execu\u00e7\u00e3o<\/b> (descarregado). <span class=\"citation-22\">Mesmo em plena capacidade operacional, mant\u00e9m uma janela de opera\u00e7\u00e3o de 2,5 horas, apoiada por um <\/span><b data-path-to-node=\"4,1,0\" data-index-in-node=\"213\"><span class=\"citation-22\">bateria substitu\u00edvel a quente<\/span><\/b><span class=\"citation-22 citation-end-22\"> Sistema para funcionamento ininterrupto 24 horas por dia, 7 dias por semana.<\/span><\/p>\n<\/li>\n<li>\n<p data-path-to-node=\"4,2,0\"><b data-path-to-node=\"4,2,0\" data-index-in-node=\"0\"><span class=\"citation-21\">Locomo\u00e7\u00e3o por RL (Regress\u00e3o por Aprendizado):<\/span><\/b><span class=\"citation-21\"> Alimentado por tecnologia avan\u00e7ada <\/span><b data-path-to-node=\"4,2,0\" data-index-in-node=\"42\"><span class=\"citation-21\">Aprendizagem por Refor\u00e7o (AR)<\/span><\/b><span class=\"citation-21 citation-end-21\"> Gra\u00e7as aos algoritmos, o MaxPro adapta sua marcha em tempo real.<\/span> <span class=\"citation-20\">Ele pode subir escadas cont\u00ednuas at\u00e9 <\/span><b data-path-to-node=\"4,2,0\" data-index-in-node=\"160\"><span class=\"citation-20\">30 cm<\/span><\/b><span class=\"citation-20 citation-end-20\">, navegar em declives de 45\u00b0 e recuperar instantaneamente de escorreg\u00f5es ou impactos externos.<\/span><\/p>\n<\/li>\n<li>\n<p data-path-to-node=\"4,3,0\"><b data-path-to-node=\"4,3,0\" data-index-in-node=\"0\"><span class=\"citation-19\">Confiabilidade robusta:<\/span><\/b><span class=\"citation-19\"> Com um <\/span><b data-path-to-node=\"4,3,0\" data-index-in-node=\"28\"><span class=\"citation-19\">Classifica\u00e7\u00e3o de prote\u00e7\u00e3o IP67<\/span><\/b><span class=\"citation-19 citation-end-19\">, O rob\u00f4 \u00e9 totalmente \u00e0 prova de poeira e pode suportar imers\u00e3o em \u00e1gua.<\/span> Sua faixa de temperatura operacional \u00e9 <b data-path-to-node=\"4,3,0\" data-index-in-node=\"157\">-20\u00b0C a 55\u00b0C<\/b> Garante desempenho em todas as situa\u00e7\u00f5es, desde condi\u00e7\u00f5es \u00e1rticas at\u00e9 zonas industriais de alta temperatura.<\/p>\n<div class=\"source-inline-chip-container ng-star-inserted\"><\/div>\n<\/li>\n<\/ul>\n<h3 data-path-to-node=\"6\">Especifica\u00e7\u00f5es t\u00e9cnicas<\/h3>\n<div class=\"horizontal-scroll-wrapper\">\n<div class=\"table-block-component\">\n<div class=\"table-block has-export-button new-table-style is-at-scroll-start is-at-scroll-end\">\n<div class=\"table-content not-end-of-paragraph\" data-hveid=\"0\" data-ved=\"0CAAQ3ecQahcKEwi6v5n9492TAxUAAAAAHQAAAAAQRQ\">\n<table data-path-to-node=\"7\">\n<thead>\n<tr>\n<th><span data-path-to-node=\"7,0,0,0\">Recurso<\/span><\/th>\n<th><span data-path-to-node=\"7,0,1,0\">Especifica\u00e7\u00f5es<\/span><\/th>\n<\/tr>\n<\/thead>\n<tbody>\n<tr>\n<td><span data-path-to-node=\"7,1,0,0\"><b data-path-to-node=\"7,1,0,0\" data-index-in-node=\"0\">Peso (incluindo a bateria)<\/b><\/span><\/td>\n<td><span data-path-to-node=\"7,1,1,0\">64 kg<\/span><\/td>\n<\/tr>\n<tr>\n<td><span data-path-to-node=\"7,2,0,0\"><b data-path-to-node=\"7,2,0,0\" data-index-in-node=\"0\">Velocidade m\u00e1xima<\/b><\/span><\/td>\n<td><span data-path-to-node=\"7,2,1,0\">3,5 m\/s<\/span><\/td>\n<\/tr>\n<tr>\n<td><span data-path-to-node=\"7,3,0,0\"><b data-path-to-node=\"7,3,0,0\" data-index-in-node=\"0\">Carga \u00fatil m\u00e1xima<\/b><\/span><\/td>\n<td><span data-path-to-node=\"7,3,1,0\">100 kg (capacidade nominal de 50 kg)<\/span><\/td>\n<\/tr>\n<tr>\n<td><span data-path-to-node=\"7,4,0,0\"><b data-path-to-node=\"7,4,0,0\" data-index-in-node=\"0\">Dura\u00e7\u00e3o da bateria<\/b><\/span><\/td>\n<td><span data-path-to-node=\"7,4,1,0\">2,5h (carregado) a 5,5h (descarregado)<\/span><\/td>\n<\/tr>\n<tr>\n<td><span data-path-to-node=\"7,5,0,0\"><b data-path-to-node=\"7,5,0,0\" data-index-in-node=\"0\">Remo\u00e7\u00e3o de Obst\u00e1culos<\/b><\/span><\/td>\n<td><span data-path-to-node=\"7,5,1,0\">30 cm (escadas)<\/span><\/td>\n<\/tr>\n<tr>\n<td><span data-path-to-node=\"7,6,0,0\"><b data-path-to-node=\"7,6,0,0\" data-index-in-node=\"0\">Sensores<\/b><\/span><\/td>\n<td><span data-path-to-node=\"7,6,1,0\">LiDAR de 96 linhas (360\u00b0), duas c\u00e2meras grande-angulares de 2 MP<\/span><\/td>\n<\/tr>\n<tr>\n<td><span data-path-to-node=\"7,7,0,0\"><b data-path-to-node=\"7,7,0,0\" data-index-in-node=\"0\">Interfaces<\/b><\/span><\/td>\n<td><span data-path-to-node=\"7,7,1,0\">Ethernet Gigabit, USB 3.0, 4G, alimenta\u00e7\u00e3o de 12V\/24V\/48V<\/span><\/td>\n<\/tr>\n<\/tbody>\n<\/table>\n<h3>Por que escolher o MaxPro?<\/h3>\n<\/div>\n<\/div>\n<\/div>\n<\/div>\n<p data-path-to-node=\"10\"><span class=\"citation-18\">Embora o D1 Pro padr\u00e3o seja perfeito para laborat\u00f3rios e o D1 Ultra seja projetado para inspe\u00e7\u00f5es compactas, o <\/span><b data-path-to-node=\"10\" data-index-in-node=\"101\"><span class=\"citation-18\">MaxPro<\/span><\/b><span class=\"citation-18 citation-end-18\"> Foi projetado para usu\u00e1rios que precisam de um &quot;caminh\u00e3o&quot; no corpo de um rob\u00f4.<\/span><\/p>\n<ol start=\"1\" data-path-to-node=\"11\">\n<li>\n<p data-path-to-node=\"11,0,0\"><b data-path-to-node=\"11,0,0\" data-index-in-node=\"0\"><span class=\"citation-17\">Inspe\u00e7\u00e3o Industrial:<\/span><\/b><span class=\"citation-17 citation-end-17\"> Transporte c\u00e2meras t\u00e9rmicas, detectores de g\u00e1s e LiDAR simultaneamente para automatizar patrulhas de rotina em \u00e1reas perigosas.<\/span><\/p>\n<\/li>\n<li>\n<p data-path-to-node=\"11,1,0\"><b data-path-to-node=\"11,1,0\" data-index-in-node=\"0\"><span class=\"citation-16\">Resposta a emerg\u00eancias:<\/span><\/b><span class=\"citation-16 citation-end-16\"> Desdobrar em zonas de desastre para entregar repetidores de comunica\u00e7\u00e3o ou suprimentos m\u00e9dicos onde rodas e esteiras falham.<\/span><\/p>\n<\/li>\n<li>\n<p data-path-to-node=\"11,2,0\"><b data-path-to-node=\"11,2,0\" data-index-in-node=\"0\"><span class=\"citation-15\">Log\u00edstica Aut\u00f4noma:<\/span><\/b><span class=\"citation-15 citation-end-15\"> Movimentar ferramentas ou pe\u00e7as pesadas em ambientes fabris desorganizados ou em canteiros de obras ao ar livre com m\u00ednima interven\u00e7\u00e3o humana.<\/span><\/p>\n<div class=\"source-inline-chip-container ng-star-inserted\"><\/div>\n<\/li>\n<\/ol>\n<blockquote data-path-to-node=\"12\">\n<p data-path-to-node=\"12,0\"><b data-path-to-node=\"12,0\" data-index-in-node=\"0\"><span class=\"citation-14\">Dica de especialista:<\/span><\/b><span class=\"citation-14\"> Se o seu projeto exigir patrulhamento urbano de alta velocidade em superf\u00edcies planas, considere o <\/span><b data-path-to-node=\"12,0\" data-index-in-node=\"96\"><span class=\"citation-14\">AgiBot D1 Max<\/span><\/b><span class=\"citation-14 citation-end-14\"> (o h\u00edbrido de pernas e rodas).<\/span> <span class=\"citation-13\">No entanto, se a sua miss\u00e3o envolver escadas, detritos e terrenos externos imprevis\u00edveis, o <\/span><b data-path-to-node=\"12,0\" data-index-in-node=\"228\"><span class=\"citation-13\">MaxPro<\/span><\/b><span class=\"citation-13 citation-end-13\"> \u00c9 a escolha superior em termos de estabilidade e pot\u00eancia bruta.<\/span><\/p>\n<\/blockquote>\n<\/div>\n<\/div>","protected":false},"excerpt":{"rendered":"<p><span class=\"citation-25\">O <\/span><b data-path-to-node=\"1\" data-index-in-node=\"4\"><span class=\"citation-25\">AgiBot D1 MaxPro<\/span><\/b><span class=\"citation-25 citation-end-25\"> \u00c9 um rob\u00f4 quadr\u00fapede robusto, de n\u00edvel industrial, projetado para preencher a lacuna entre plataformas de pesquisa \u00e1geis e m\u00e1quinas de campo resistentes.<\/span> Projetado para ambientes de alto risco, como usinas de energia, canteiros de obras e zonas de resposta a emerg\u00eancias, o MaxPro prioriza <b data-path-to-node=\"1\" data-index-in-node=\"292\">capacidade de carga \u00fatil<\/b> e <b data-path-to-node=\"1\" data-index-in-node=\"313\">resist\u00eancia de longo alcance<\/b> sem sacrificar a mobilidade em todos os tipos de terreno que define a s\u00e9rie AgiBot D1.<\/p>","protected":false},"featured_media":25066,"comment_status":"open","ping_status":"closed","template":"","meta":[],"product_brand":[1345],"product_cat":[1355,1039,1037],"product_tag":[1357],"class_list":{"0":"post-25063","1":"product","2":"type-product","3":"status-publish","4":"has-post-thumbnail","6":"product_brand-agibot","7":"product_cat-agibot-quad","8":"product_cat-quadruped","9":"product_cat-robotics","10":"product_tag-agibot-d1-series","12":"first","13":"outofstock","14":"taxable","15":"shipping-taxable","16":"product-type-simple"},"yoast_head":"<!-- This site is optimized with the Yoast SEO plugin v27.1.1 - https:\/\/yoast.com\/product\/yoast-seo-wordpress\/ -->\n<title>AgiBot D1 MaxPro - Ghostysky<\/title>\n<meta name=\"description\" content=\"The AgiBot D1 MaxPro is a heavy-duty, industrial-grade quadruped robot designed to bridge the gap between agile research platforms and rugged field machinery. Engineered for high-stakes environments like energy plants, construction sites, and emergency response zones, the MaxPro prioritizes payload capacity and long-range endurance without sacrificing the all-terrain mobility that defines the AgiBot D1 series.\" \/>\n<meta name=\"robots\" content=\"index, follow, max-snippet:-1, max-image-preview:large, max-video-preview:-1\" \/>\n<link rel=\"canonical\" href=\"https:\/\/www.ghostysky.com\/pt\/produto-2\/agibot-d1-maxpro\/\" \/>\n<meta property=\"og:locale\" content=\"pt_PT\" \/>\n<meta property=\"og:type\" content=\"article\" \/>\n<meta property=\"og:title\" content=\"AgiBot D1 MaxPro - Ghostysky\" \/>\n<meta property=\"og:description\" content=\"The AgiBot D1 MaxPro is a heavy-duty, industrial-grade quadruped robot designed to bridge the gap between agile research platforms and rugged field machinery. Engineered for high-stakes environments like energy plants, construction sites, and emergency response zones, the MaxPro prioritizes payload capacity and long-range endurance without sacrificing the all-terrain mobility that defines the AgiBot D1 series.\" \/>\n<meta property=\"og:url\" content=\"https:\/\/www.ghostysky.com\/pt\/produto-2\/agibot-d1-maxpro\/\" \/>\n<meta property=\"og:site_name\" content=\"Ghostysky\" \/>\n<meta property=\"article:publisher\" content=\"https:\/\/www.facebook.com\/people\/Ghostysky\/100057676170234\/\" \/>\n<meta property=\"article:modified_time\" content=\"2026-04-08T08:09:33+00:00\" \/>\n<meta property=\"og:image\" content=\"https:\/\/www.ghostysky.com\/wp-content\/uploads\/2026\/04\/GH_AgibotD1Maxpro_1.jpg\" \/>\n\t<meta property=\"og:image:width\" content=\"700\" \/>\n\t<meta property=\"og:image:height\" content=\"700\" \/>\n\t<meta property=\"og:image:type\" content=\"image\/jpeg\" \/>\n<meta name=\"twitter:card\" content=\"summary_large_image\" \/>\n<meta name=\"twitter:site\" content=\"@Gh0stysky\" \/>\n<meta name=\"twitter:label1\" content=\"Tempo estimado de leitura\" \/>\n\t<meta name=\"twitter:data1\" content=\"2 minutos\" \/>\n<script type=\"application\/ld+json\" class=\"yoast-schema-graph\">{\"@context\":\"https:\/\/schema.org\",\"@graph\":[{\"@type\":\"WebPage\",\"@id\":\"https:\/\/www.ghostysky.com\/product\/agibot-d1-maxpro\/\",\"url\":\"https:\/\/www.ghostysky.com\/product\/agibot-d1-maxpro\/\",\"name\":\"AgiBot D1 MaxPro - Ghostysky\",\"isPartOf\":{\"@id\":\"https:\/\/www.ghostysky.com\/#website\"},\"primaryImageOfPage\":{\"@id\":\"https:\/\/www.ghostysky.com\/product\/agibot-d1-maxpro\/#primaryimage\"},\"image\":{\"@id\":\"https:\/\/www.ghostysky.com\/product\/agibot-d1-maxpro\/#primaryimage\"},\"thumbnailUrl\":\"https:\/\/www.ghostysky.com\/wp-content\/uploads\/2026\/04\/GH_AgibotD1Maxpro_1.jpg\",\"datePublished\":\"2026-04-08T07:59:22+00:00\",\"dateModified\":\"2026-04-08T08:09:33+00:00\",\"description\":\"The AgiBot D1 MaxPro is a heavy-duty, industrial-grade quadruped robot designed to bridge the gap between agile research platforms and rugged field machinery. Engineered for high-stakes environments like energy plants, construction sites, and emergency response zones, the MaxPro prioritizes payload capacity and long-range endurance without sacrificing the all-terrain mobility that defines the AgiBot D1 series.\",\"breadcrumb\":{\"@id\":\"https:\/\/www.ghostysky.com\/product\/agibot-d1-maxpro\/#breadcrumb\"},\"inLanguage\":\"pt-PT\",\"potentialAction\":[{\"@type\":\"ReadAction\",\"target\":[\"https:\/\/www.ghostysky.com\/product\/agibot-d1-maxpro\/\"]}]},{\"@type\":\"ImageObject\",\"inLanguage\":\"pt-PT\",\"@id\":\"https:\/\/www.ghostysky.com\/product\/agibot-d1-maxpro\/#primaryimage\",\"url\":\"https:\/\/www.ghostysky.com\/wp-content\/uploads\/2026\/04\/GH_AgibotD1Maxpro_1.jpg\",\"contentUrl\":\"https:\/\/www.ghostysky.com\/wp-content\/uploads\/2026\/04\/GH_AgibotD1Maxpro_1.jpg\",\"width\":700,\"height\":700},{\"@type\":\"BreadcrumbList\",\"@id\":\"https:\/\/www.ghostysky.com\/product\/agibot-d1-maxpro\/#breadcrumb\",\"itemListElement\":[{\"@type\":\"ListItem\",\"position\":1,\"name\":\"Home\",\"item\":\"https:\/\/www.ghostysky.com\/\"},{\"@type\":\"ListItem\",\"position\":2,\"name\":\"Shop\",\"item\":\"https:\/\/www.ghostysky.com\/shop\/\"},{\"@type\":\"ListItem\",\"position\":3,\"name\":\"AgiBot D1 MaxPro\"}]},{\"@type\":\"WebSite\",\"@id\":\"https:\/\/www.ghostysky.com\/#website\",\"url\":\"https:\/\/www.ghostysky.com\/\",\"name\":\"Ghostysky\",\"description\":\"Delivering professional drones and services\",\"publisher\":{\"@id\":\"https:\/\/www.ghostysky.com\/#organization\"},\"potentialAction\":[{\"@type\":\"SearchAction\",\"target\":{\"@type\":\"EntryPoint\",\"urlTemplate\":\"https:\/\/www.ghostysky.com\/?s={search_term_string}\"},\"query-input\":{\"@type\":\"PropertyValueSpecification\",\"valueRequired\":true,\"valueName\":\"search_term_string\"}}],\"inLanguage\":\"pt-PT\"},{\"@type\":\"Organization\",\"@id\":\"https:\/\/www.ghostysky.com\/#organization\",\"name\":\"Ghostysky\",\"url\":\"https:\/\/www.ghostysky.com\/\",\"logo\":{\"@type\":\"ImageObject\",\"inLanguage\":\"pt-PT\",\"@id\":\"https:\/\/www.ghostysky.com\/#\/schema\/logo\/image\/\",\"url\":\"https:\/\/www.ghostysky.com\/wp-content\/uploads\/2020\/06\/cropped-ghostyskylogo_text_white2.png\",\"contentUrl\":\"https:\/\/www.ghostysky.com\/wp-content\/uploads\/2020\/06\/cropped-ghostyskylogo_text_white2.png\",\"width\":169,\"height\":56,\"caption\":\"Ghostysky\"},\"image\":{\"@id\":\"https:\/\/www.ghostysky.com\/#\/schema\/logo\/image\/\"},\"sameAs\":[\"https:\/\/www.facebook.com\/people\/Ghostysky\/100057676170234\/\",\"https:\/\/x.com\/Gh0stysky\",\"https:\/\/www.linkedin.com\/company\/34739653\",\"https:\/\/www.instagram.com\/gh0stysky\"]}]}<\/script>\n<!-- \/ Yoast SEO plugin. -->","yoast_head_json":{"title":"AgiBot D1 MaxPro - Ghostysky","description":"O AgiBot D1 MaxPro \u00e9 um rob\u00f4 quadr\u00fapede robusto, de n\u00edvel industrial, projetado para preencher a lacuna entre plataformas de pesquisa \u00e1geis e m\u00e1quinas de campo resistentes. Desenvolvido para ambientes de alto risco, como usinas de energia, canteiros de obras e zonas de resposta a emerg\u00eancias, o MaxPro prioriza a capacidade de carga e a autonomia de longo alcance sem sacrificar a mobilidade em todos os terrenos que define a s\u00e9rie AgiBot D1.","robots":{"index":"index","follow":"follow","max-snippet":"max-snippet:-1","max-image-preview":"max-image-preview:large","max-video-preview":"max-video-preview:-1"},"canonical":"https:\/\/www.ghostysky.com\/pt\/produto-2\/agibot-d1-maxpro\/","og_locale":"pt_PT","og_type":"article","og_title":"AgiBot D1 MaxPro - Ghostysky","og_description":"The AgiBot D1 MaxPro is a heavy-duty, industrial-grade quadruped robot designed to bridge the gap between agile research platforms and rugged field machinery. Engineered for high-stakes environments like energy plants, construction sites, and emergency response zones, the MaxPro prioritizes payload capacity and long-range endurance without sacrificing the all-terrain mobility that defines the AgiBot D1 series.","og_url":"https:\/\/www.ghostysky.com\/pt\/produto-2\/agibot-d1-maxpro\/","og_site_name":"Ghostysky","article_publisher":"https:\/\/www.facebook.com\/people\/Ghostysky\/100057676170234\/","article_modified_time":"2026-04-08T08:09:33+00:00","og_image":[{"width":700,"height":700,"url":"https:\/\/www.ghostysky.com\/wp-content\/uploads\/2026\/04\/GH_AgibotD1Maxpro_1.jpg","type":"image\/jpeg"}],"twitter_card":"summary_large_image","twitter_site":"@Gh0stysky","twitter_misc":{"Tempo estimado de leitura":"2 minutos"},"schema":{"@context":"https:\/\/schema.org","@graph":[{"@type":"WebPage","@id":"https:\/\/www.ghostysky.com\/product\/agibot-d1-maxpro\/","url":"https:\/\/www.ghostysky.com\/product\/agibot-d1-maxpro\/","name":"AgiBot D1 MaxPro - Ghostysky","isPartOf":{"@id":"https:\/\/www.ghostysky.com\/#website"},"primaryImageOfPage":{"@id":"https:\/\/www.ghostysky.com\/product\/agibot-d1-maxpro\/#primaryimage"},"image":{"@id":"https:\/\/www.ghostysky.com\/product\/agibot-d1-maxpro\/#primaryimage"},"thumbnailUrl":"https:\/\/www.ghostysky.com\/wp-content\/uploads\/2026\/04\/GH_AgibotD1Maxpro_1.jpg","datePublished":"2026-04-08T07:59:22+00:00","dateModified":"2026-04-08T08:09:33+00:00","description":"O AgiBot D1 MaxPro \u00e9 um rob\u00f4 quadr\u00fapede robusto, de n\u00edvel industrial, projetado para preencher a lacuna entre plataformas de pesquisa \u00e1geis e m\u00e1quinas de campo resistentes. Desenvolvido para ambientes de alto risco, como usinas de energia, canteiros de obras e zonas de resposta a emerg\u00eancias, o MaxPro prioriza a capacidade de carga e a autonomia de longo alcance sem sacrificar a mobilidade em todos os terrenos que define a s\u00e9rie AgiBot D1.","breadcrumb":{"@id":"https:\/\/www.ghostysky.com\/product\/agibot-d1-maxpro\/#breadcrumb"},"inLanguage":"pt-PT","potentialAction":[{"@type":"ReadAction","target":["https:\/\/www.ghostysky.com\/product\/agibot-d1-maxpro\/"]}]},{"@type":"ImageObject","inLanguage":"pt-PT","@id":"https:\/\/www.ghostysky.com\/product\/agibot-d1-maxpro\/#primaryimage","url":"https:\/\/www.ghostysky.com\/wp-content\/uploads\/2026\/04\/GH_AgibotD1Maxpro_1.jpg","contentUrl":"https:\/\/www.ghostysky.com\/wp-content\/uploads\/2026\/04\/GH_AgibotD1Maxpro_1.jpg","width":700,"height":700},{"@type":"BreadcrumbList","@id":"https:\/\/www.ghostysky.com\/product\/agibot-d1-maxpro\/#breadcrumb","itemListElement":[{"@type":"ListItem","position":1,"name":"Home","item":"https:\/\/www.ghostysky.com\/"},{"@type":"ListItem","position":2,"name":"Shop","item":"https:\/\/www.ghostysky.com\/shop\/"},{"@type":"ListItem","position":3,"name":"AgiBot D1 MaxPro"}]},{"@type":"WebSite","@id":"https:\/\/www.ghostysky.com\/#website","url":"https:\/\/www.ghostysky.com\/","name":"Ghostysky","description":"Fornecendo drones e servi\u00e7os profissionais","publisher":{"@id":"https:\/\/www.ghostysky.com\/#organization"},"potentialAction":[{"@type":"SearchAction","target":{"@type":"EntryPoint","urlTemplate":"https:\/\/www.ghostysky.com\/?s={search_term_string}"},"query-input":{"@type":"PropertyValueSpecification","valueRequired":true,"valueName":"search_term_string"}}],"inLanguage":"pt-PT"},{"@type":"Organization","@id":"https:\/\/www.ghostysky.com\/#organization","name":"Ghostysky","url":"https:\/\/www.ghostysky.com\/","logo":{"@type":"ImageObject","inLanguage":"pt-PT","@id":"https:\/\/www.ghostysky.com\/#\/schema\/logo\/image\/","url":"https:\/\/www.ghostysky.com\/wp-content\/uploads\/2020\/06\/cropped-ghostyskylogo_text_white2.png","contentUrl":"https:\/\/www.ghostysky.com\/wp-content\/uploads\/2020\/06\/cropped-ghostyskylogo_text_white2.png","width":169,"height":56,"caption":"Ghostysky"},"image":{"@id":"https:\/\/www.ghostysky.com\/#\/schema\/logo\/image\/"},"sameAs":["https:\/\/www.facebook.com\/people\/Ghostysky\/100057676170234\/","https:\/\/x.com\/Gh0stysky","https:\/\/www.linkedin.com\/company\/34739653","https:\/\/www.instagram.com\/gh0stysky"]}]}},"_links":{"self":[{"href":"https:\/\/www.ghostysky.com\/pt\/wp-json\/wp\/v2\/product\/25063","targetHints":{"allow":["GET"]}}],"collection":[{"href":"https:\/\/www.ghostysky.com\/pt\/wp-json\/wp\/v2\/product"}],"about":[{"href":"https:\/\/www.ghostysky.com\/pt\/wp-json\/wp\/v2\/types\/product"}],"replies":[{"embeddable":true,"href":"https:\/\/www.ghostysky.com\/pt\/wp-json\/wp\/v2\/comments?post=25063"}],"wp:featuredmedia":[{"embeddable":true,"href":"https:\/\/www.ghostysky.com\/pt\/wp-json\/wp\/v2\/media\/25066"}],"wp:attachment":[{"href":"https:\/\/www.ghostysky.com\/pt\/wp-json\/wp\/v2\/media?parent=25063"}],"wp:term":[{"taxonomy":"product_brand","embeddable":true,"href":"https:\/\/www.ghostysky.com\/pt\/wp-json\/wp\/v2\/product_brand?post=25063"},{"taxonomy":"product_cat","embeddable":true,"href":"https:\/\/www.ghostysky.com\/pt\/wp-json\/wp\/v2\/product_cat?post=25063"},{"taxonomy":"product_tag","embeddable":true,"href":"https:\/\/www.ghostysky.com\/pt\/wp-json\/wp\/v2\/product_tag?post=25063"}],"curies":[{"name":"wp","href":"https:\/\/api.w.org\/{rel}","templated":true}]}}