{"id":25121,"date":"2026-04-08T14:25:03","date_gmt":"2026-04-08T14:25:03","guid":{"rendered":"https:\/\/www.ghostysky.com\/?post_type=product&#038;p=25121"},"modified":"2026-04-08T15:40:52","modified_gmt":"2026-04-08T15:40:52","slug":"rayneo-air-3s-ar-glasses","status":"publish","type":"product","link":"https:\/\/www.ghostysky.com\/pt\/product\/rayneo-air-3s-ar-glasses\/","title":{"rendered":"\u00d3culos de Realidade Aumentada RayNeo Air 3s"},"content":{"rendered":"<h3 data-path-to-node=\"3\">Desempenho visual: Seu cinema de 201 polegadas<\/h3>\n<p id=\"p-rc_464658f7a34a3944-20\" data-path-to-node=\"4\"><span class=\"citation-39\">Os Air 3s n\u00e3o s\u00e3o apenas um par de \u00f3culos; s\u00e3o um monitor vest\u00edvel que simula uma tela enorme. <\/span><b data-path-to-node=\"4\" data-index-in-node=\"90\"><span class=\"citation-39\">Tela de 201 polegadas<\/span><\/b><span class=\"citation-39 citation-end-39\"> (Vista a 6 metros de dist\u00e2ncia).<\/span><\/p>\n<ul data-path-to-node=\"5\">\n<li>\n<p id=\"p-rc_464658f7a34a3944-21\" data-path-to-node=\"5,0,0\"><b data-path-to-node=\"5,0,0\" data-index-in-node=\"0\">Tecnologia de exibi\u00e7\u00e3o:<\/b><span class=\"citation-38\"> Utiliza dois <\/span><b data-path-to-node=\"5,0,0\" data-index-in-node=\"24\"><span class=\"citation-38\">Micro-OLED<\/span><\/b><span class=\"citation-38 citation-end-38\"> pain\u00e9is (1920 x 1080 por olho).<\/span><\/p>\n<\/li>\n<li>\n<p id=\"p-rc_464658f7a34a3944-22\" data-path-to-node=\"5,1,0\"><b data-path-to-node=\"5,1,0\" data-index-in-node=\"0\"><span class=\"citation-37\">Brilho:<\/span><\/b><span class=\"citation-37\"> O Air 3 padr\u00e3o atinge um n\u00edvel respeit\u00e1vel. <\/span><b data-path-to-node=\"5,1,0\" data-index-in-node=\"51\"><span class=\"citation-37\">650 nits<\/span><\/b><span class=\"citation-37\">, enquanto o <\/span><b data-path-to-node=\"5,1,0\" data-index-in-node=\"71\"><span class=\"citation-37\">Vers\u00e3o Pro<\/span><\/b><span class=\"citation-37\"> salta para a lideran\u00e7a da classe <\/span><b data-path-to-node=\"5,1,0\" data-index-in-node=\"108\"><span class=\"citation-37\">1.200 nits<\/span><\/b><span class=\"citation-37 citation-end-37\">, tornando-o vis\u00edvel mesmo em salas bem iluminadas ou perto de janelas de avi\u00f5es.<\/span><\/p>\n<\/li>\n<li>\n<p id=\"p-rc_464658f7a34a3944-23\" data-path-to-node=\"5,2,0\"><b data-path-to-node=\"5,2,0\" data-index-in-node=\"0\"><span class=\"citation-36\">Taxa de atualiza\u00e7\u00e3o:<\/span><\/b><span class=\"citation-36\"> Um nativo <\/span><b data-path-to-node=\"5,2,0\" data-index-in-node=\"23\"><span class=\"citation-36\">Taxa de atualiza\u00e7\u00e3o de 120Hz<\/span><\/b><span class=\"citation-36 citation-end-36\"> Garante movimentos extremamente suaves, o que \u00e9 crucial para jogos AAA e filmes de a\u00e7\u00e3o.<\/span><\/p>\n<\/li>\n<li>\n<p id=\"p-rc_464658f7a34a3944-24\" data-path-to-node=\"5,3,0\"><b data-path-to-node=\"5,3,0\" data-index-in-node=\"0\"><span class=\"citation-35\">Precis\u00e3o de cores:<\/span><\/b><span class=\"citation-35\"> Cor de n\u00edvel profissional com <\/span><b data-path-to-node=\"5,3,0\" data-index-in-node=\"46\"><span class=\"citation-35\">98% DCI-P3<\/span><\/b><span class=\"citation-35 citation-end-35\"> cobertura e um <\/span><span class=\"math-inline\" data-math=\"\\Delta E &lt; 2\" data-index-in-node=\"72\">$\\Delta E &lt; 2$<\/span><span class=\"citation-34 citation-end-34\">, Ou seja, o que voc\u00ea v\u00ea \u00e9 fiel \u00e0 vis\u00e3o do diretor.<\/span><\/p>\n<\/li>\n<\/ul>\n<h3 data-path-to-node=\"6\">Design e conforto: Feito para maratonas de s\u00e9ries<\/h3>\n<p data-path-to-node=\"7\">A RayNeo concentrou-se bastante em fazer com que estas pe\u00e7as fossem leves o suficiente para serem usadas durante uma maratona completa de filmes da Marvel.<\/p>\n<ul data-path-to-node=\"8\">\n<li>\n<p id=\"p-rc_464658f7a34a3944-25\" data-path-to-node=\"8,0,0\"><b data-path-to-node=\"8,0,0\" data-index-in-node=\"0\"><span class=\"citation-33\">Peso-pena:<\/span><\/b><span class=\"citation-33\"> Pesando apenas <\/span><b data-path-to-node=\"8,0,0\" data-index-in-node=\"29\"><span class=\"citation-33\">76g<\/span><\/b><span class=\"citation-33 citation-end-33\">, Elas s\u00e3o pouco mais pesadas do que um par padr\u00e3o de \u00f3culos de sol de alta qualidade.<\/span><\/p>\n<\/li>\n<li>\n<p id=\"p-rc_464658f7a34a3944-26\" data-path-to-node=\"8,1,0\"><b data-path-to-node=\"8,1,0\" data-index-in-node=\"0\"><span class=\"citation-32\">Distribui\u00e7\u00e3o de peso:<\/span><\/b><span class=\"citation-32\"> Um equil\u00edbrio <\/span><b data-path-to-node=\"8,1,0\" data-index-in-node=\"32\"><span class=\"citation-32\">46.7% : 53.3%<\/span><\/b><span class=\"citation-32 citation-end-32\"> A propor\u00e7\u00e3o entre a frente e a parte de tr\u00e1s impede que os \u00f3culos deslizem pelo nariz.<\/span><\/p>\n<\/li>\n<li>\n<p id=\"p-rc_464658f7a34a3944-27\" data-path-to-node=\"8,2,0\"><b data-path-to-node=\"8,2,0\" data-index-in-node=\"0\">Ajuste personalizado:<\/b><span class=\"citation-31 citation-end-31\"> Possui hastes ajust\u00e1veis em 9 n\u00edveis e plaquetas nasais em 3 n\u00edveis para se adaptarem a praticamente qualquer formato de rosto.<\/span><\/p>\n<\/li>\n<li>\n<p id=\"p-rc_464658f7a34a3944-28\" data-path-to-node=\"8,3,0\"><b data-path-to-node=\"8,3,0\" data-index-in-node=\"0\">Cuidados com os olhos:<\/b><span class=\"citation-30\"> Certificado pela T\u00dcV S\u00dcD para <\/span><b data-path-to-node=\"8,3,0\" data-index-in-node=\"35\"><span class=\"citation-30\">Luz azul baixa<\/span><\/b><span class=\"citation-30\"> e <\/span><b data-path-to-node=\"8,3,0\" data-index-in-node=\"54\"><span class=\"citation-30\">Sem cintila\u00e7\u00e3o<\/span><\/b><span class=\"citation-30 citation-end-30\"> visualiza\u00e7\u00e3o, utilizando escurecimento PWM de alta frequ\u00eancia de 3.840 Hz para reduzir o cansa\u00e7o visual.<\/span><\/p>\n<\/li>\n<\/ul>\n<h3 data-path-to-node=\"9\">\u00c1udio: Privado e Imersivo<\/h3>\n<p id=\"p-rc_464658f7a34a3944-29\" data-path-to-node=\"10\"><span class=\"citation-29\">O Air 3s apresenta um design exclusivo. <\/span><b data-path-to-node=\"10\" data-index-in-node=\"29\"><span class=\"citation-29\">sistema de quatro alto-falantes<\/span><\/b><span class=\"citation-29 citation-end-29\"> integrados aos templos.<\/span><\/p>\n<ul data-path-to-node=\"11\">\n<li>\n<p id=\"p-rc_464658f7a34a3944-30\" data-path-to-node=\"11,0,0\"><b data-path-to-node=\"11,0,0\" data-index-in-node=\"0\"><span class=\"citation-28\">Modo Sussurro\u2122:<\/span><\/b><span class=\"citation-28 citation-end-28\"> A tecnologia avan\u00e7ada de cancelamento de fase ac\u00fastica mant\u00e9m seu \u00e1udio privado, garantindo que a pessoa sentada ao seu lado em um \u00f4nibus ou avi\u00e3o n\u00e3o consiga ouvir o que voc\u00ea est\u00e1 assistindo.<\/span><\/p>\n<\/li>\n<li>\n<p id=\"p-rc_464658f7a34a3944-31\" data-path-to-node=\"11,1,0\"><b data-path-to-node=\"11,1,0\" data-index-in-node=\"0\">Som surround 3D:<\/b><span class=\"citation-27 citation-end-27\"> Algoritmos desenvolvidos internamente proporcionam um campo sonoro mais amplo para uma experi\u00eancia de jogo mais imersiva.<\/span><\/p>\n<\/li>\n<\/ul>\n<h3 data-path-to-node=\"12\">Conectividade e compatibilidade<\/h3>\n<p id=\"p-rc_464658f7a34a3944-32\" data-path-to-node=\"13\"><span class=\"citation-26\">Os \u00f3culos s\u00e3o &quot;plug-and-play&quot; e compat\u00edveis com qualquer dispositivo que suporte essa tecnologia. <\/span><b data-path-to-node=\"13\" data-index-in-node=\"62\"><span class=\"citation-26\">DisplayPort (DP) sobre USB-C<\/span><\/b><span class=\"citation-26 citation-end-26\">:<\/span><\/p>\n<ul data-path-to-node=\"14\">\n<li>\n<p id=\"p-rc_464658f7a34a3944-33\" data-path-to-node=\"14,0,0\"><b data-path-to-node=\"14,0,0\" data-index-in-node=\"0\">Jogos:<\/b><span class=\"citation-25 citation-end-25\"> Compatibilidade nativa com Steam Deck, ROG Ally, PS5 e Nintendo Switch (com adaptador).<\/span><\/p>\n<\/li>\n<li>\n<p id=\"p-rc_464658f7a34a3944-34\" data-path-to-node=\"14,1,0\"><b data-path-to-node=\"14,1,0\" data-index-in-node=\"0\"><span class=\"citation-24\">M\u00f3vel:<\/span><\/b><span class=\"citation-24 citation-end-24\"> Conex\u00e3o direta para iPhone 15\/16\/17 e a maioria dos smartphones Android mais recentes.<\/span><\/p>\n<\/li>\n<li>\n<p id=\"p-rc_464658f7a34a3944-35\" data-path-to-node=\"14,2,0\"><b data-path-to-node=\"14,2,0\" data-index-in-node=\"0\"><span class=\"citation-23\">Computadores port\u00e1teis:<\/span><\/b><span class=\"citation-23 citation-end-23\"> Funciona como um segundo monitor (ou monitor principal) privado para MacBooks e PCs com Windows.<\/span><\/p>\n<p>&nbsp;<\/li>\n<\/ul>\n<h3 data-path-to-node=\"16\">Compara\u00e7\u00e3o r\u00e1pida de especifica\u00e7\u00f5es<\/h3>\n<table data-path-to-node=\"17\">\n<thead>\n<tr>\n<td><strong>Recurso<\/strong><\/td>\n<td><strong>RayNeo Air 3s<\/strong><\/td>\n<td><strong>RayNeo Air 3s Pro<\/strong><\/td>\n<\/tr>\n<\/thead>\n<tbody>\n<tr>\n<td><span data-path-to-node=\"17,1,0,0\"><b data-path-to-node=\"17,1,0,0\" data-index-in-node=\"0\">Brilho m\u00e1ximo<\/b><\/span><\/td>\n<td><span data-path-to-node=\"17,1,1,0\">650 nits<\/span><\/td>\n<td><span data-path-to-node=\"17,1,2,0\">1.200 nits<\/span><\/td>\n<\/tr>\n<tr>\n<td><span data-path-to-node=\"17,2,0,0\"><b data-path-to-node=\"17,2,0,0\" data-index-in-node=\"0\">Taxa de atualiza\u00e7\u00e3o<\/b><\/span><\/td>\n<td><span data-path-to-node=\"17,2,1,0\">120Hz<\/span><\/td>\n<td><span data-path-to-node=\"17,2,2,0\">120Hz<\/span><\/td>\n<\/tr>\n<tr>\n<td><span data-path-to-node=\"17,3,0,0\"><b data-path-to-node=\"17,3,0,0\" data-index-in-node=\"0\">Peso<\/b><\/span><\/td>\n<td><span data-path-to-node=\"17,3,1,0\">76g<\/span><\/td>\n<td><span data-path-to-node=\"17,3,2,0\">76g<\/span><\/td>\n<\/tr>\n<tr>\n<td><span data-path-to-node=\"17,4,0,0\"><b data-path-to-node=\"17,4,0,0\" data-index-in-node=\"0\">Rela\u00e7\u00e3o de contraste<\/b><\/span><\/td>\n<td><span data-path-to-node=\"17,4,1,0\">200,000:1<\/span><\/td>\n<td><span data-path-to-node=\"17,4,2,0\">200,000:1<\/span><\/td>\n<\/tr>\n<tr>\n<td><span data-path-to-node=\"17,5,0,0\"><b data-path-to-node=\"17,5,0,0\" data-index-in-node=\"0\">Pre\u00e7o (Aproximado)<\/b><\/span><\/td>\n<td><span data-path-to-node=\"17,5,1,0\">Contate o departamento de vendas.<\/span><\/td>\n<td><span data-path-to-node=\"17,5,1,0\">Contate o departamento de vendas.<\/span><\/td>\n<\/tr>\n<\/tbody>\n<\/table>\n<blockquote data-path-to-node=\"18\">\n<p id=\"p-rc_464658f7a34a3944-36\" data-path-to-node=\"18,0\"><b data-path-to-node=\"18,0\" data-index-in-node=\"0\"><span class=\"citation-22\">Dica profissional:<\/span><\/b><span class=\"citation-22 citation-end-22\"> Se voc\u00ea usa \u00f3culos de grau, precisar\u00e1 encomendar lentes com inser\u00e7\u00f5es magn\u00e9ticas.<\/span> <span class=\"citation-21 citation-end-21\">Diferentemente de alguns modelos mais volumosos, o Air 3s n\u00e3o possui ajustes de dioptria integrados, mantendo a arma\u00e7\u00e3o fina e elegante.<\/span><\/p>\n<\/blockquote>","protected":false},"excerpt":{"rendered":"<p><span class=\"citation-41\">O <\/span><b data-path-to-node=\"0\" data-index-in-node=\"4\"><span class=\"citation-41\">RayNeo Air 3s<\/span><\/b><span class=\"citation-41\"> (e sua vers\u00e3o ligeiramente melhorada, a <\/span><b data-path-to-node=\"0\" data-index-in-node=\"58\"><span class=\"citation-41\">Air 3s Pro<\/span><\/b><span class=\"citation-41 citation-end-41\">) s\u00e3o amplamente considerados o &quot;ponto ideal&quot; para \u00f3culos port\u00e1teis de XR (Realidade Estendida).<\/span> <span class=\"citation-40 citation-end-40\">Com lan\u00e7amento previsto para meados de 2025, eles priorizam uma experi\u00eancia cinematogr\u00e1fica de alta qualidade e desempenho excepcional em jogos, mantendo-se significativamente mais acess\u00edveis do que os concorrentes.<\/span><\/p>","protected":false},"featured_media":25122,"comment_status":"open","ping_status":"closed","template":"","meta":[],"product_brand":[1414],"product_cat":[1341,1413],"product_tag":[1415,1416],"class_list":{"0":"post-25121","1":"product","2":"type-product","3":"status-publish","4":"has-post-thumbnail","6":"product_brand-rayneo","7":"product_cat-ar-vr","8":"product_cat-rayneo","9":"product_tag-ar-glasses","10":"product_tag-rayneo","12":"first","13":"onbackorder","14":"taxable","15":"shipping-taxable","16":"product-type-simple"},"yoast_head":"<!-- This site is optimized with the Yoast SEO plugin v27.4 - https:\/\/yoast.com\/product\/yoast-seo-wordpress\/ -->\n<title>RayNeo Air 3s AR Glasses - Ghostysky<\/title>\n<meta name=\"description\" content=\"The RayNeo Air 3s (and its slightly upgraded sibling, the Air 3s Pro) are widely considered the &quot;sweet spot&quot; for portable XR (Extended Reality) glasses. Launched in mid-2025, they prioritize a high-end cinematic experience and gaming performance while remaining significantly more affordable than competitors.\" \/>\n<meta name=\"robots\" content=\"index, follow, max-snippet:-1, max-image-preview:large, max-video-preview:-1\" \/>\n<link rel=\"canonical\" href=\"https:\/\/www.ghostysky.com\/pt\/produto-2\/rayneo-air-3s-ar-glasses\/\" \/>\n<meta property=\"og:locale\" content=\"pt_PT\" \/>\n<meta property=\"og:type\" content=\"article\" \/>\n<meta property=\"og:title\" content=\"RayNeo Air 3s AR Glasses - Ghostysky\" \/>\n<meta property=\"og:description\" content=\"The RayNeo Air 3s (and its slightly upgraded sibling, the Air 3s Pro) are widely considered the &quot;sweet spot&quot; for portable XR (Extended Reality) glasses. Launched in mid-2025, they prioritize a high-end cinematic experience and gaming performance while remaining significantly more affordable than competitors.\" \/>\n<meta property=\"og:url\" content=\"https:\/\/www.ghostysky.com\/pt\/produto-2\/rayneo-air-3s-ar-glasses\/\" \/>\n<meta property=\"og:site_name\" content=\"Ghostysky\" \/>\n<meta property=\"article:publisher\" content=\"https:\/\/www.facebook.com\/people\/Ghostysky\/100057676170234\/\" \/>\n<meta property=\"article:modified_time\" content=\"2026-04-08T15:40:52+00:00\" \/>\n<meta property=\"og:image\" content=\"https:\/\/www.ghostysky.com\/wp-content\/uploads\/2026\/04\/GH_Air-3s-AR-Glasses_1.webp\" \/>\n\t<meta property=\"og:image:width\" content=\"1600\" \/>\n\t<meta property=\"og:image:height\" content=\"1600\" \/>\n\t<meta property=\"og:image:type\" content=\"image\/webp\" \/>\n<meta name=\"twitter:card\" content=\"summary_large_image\" \/>\n<meta name=\"twitter:site\" content=\"@Gh0stysky\" \/>\n<meta name=\"twitter:label1\" content=\"Tempo estimado de leitura\" \/>\n\t<meta name=\"twitter:data1\" content=\"2 minutos\" \/>\n<script type=\"application\/ld+json\" class=\"yoast-schema-graph\">{\"@context\":\"https:\\\/\\\/schema.org\",\"@graph\":[{\"@type\":\"WebPage\",\"@id\":\"https:\\\/\\\/www.ghostysky.com\\\/product\\\/rayneo-air-3s-ar-glasses\\\/\",\"url\":\"https:\\\/\\\/www.ghostysky.com\\\/product\\\/rayneo-air-3s-ar-glasses\\\/\",\"name\":\"RayNeo Air 3s AR Glasses - Ghostysky\",\"isPartOf\":{\"@id\":\"https:\\\/\\\/www.ghostysky.com\\\/#website\"},\"primaryImageOfPage\":{\"@id\":\"https:\\\/\\\/www.ghostysky.com\\\/product\\\/rayneo-air-3s-ar-glasses\\\/#primaryimage\"},\"image\":{\"@id\":\"https:\\\/\\\/www.ghostysky.com\\\/product\\\/rayneo-air-3s-ar-glasses\\\/#primaryimage\"},\"thumbnailUrl\":\"https:\\\/\\\/www.ghostysky.com\\\/wp-content\\\/uploads\\\/2026\\\/04\\\/GH_Air-3s-AR-Glasses_1.webp\",\"datePublished\":\"2026-04-08T14:25:03+00:00\",\"dateModified\":\"2026-04-08T15:40:52+00:00\",\"description\":\"The RayNeo Air 3s (and its slightly upgraded sibling, the Air 3s Pro) are widely considered the \\\"sweet spot\\\" for portable XR (Extended Reality) glasses. Launched in mid-2025, they prioritize a high-end cinematic experience and gaming performance while remaining significantly more affordable than competitors.\",\"breadcrumb\":{\"@id\":\"https:\\\/\\\/www.ghostysky.com\\\/product\\\/rayneo-air-3s-ar-glasses\\\/#breadcrumb\"},\"inLanguage\":\"pt-PT\",\"potentialAction\":[{\"@type\":\"ReadAction\",\"target\":[\"https:\\\/\\\/www.ghostysky.com\\\/product\\\/rayneo-air-3s-ar-glasses\\\/\"]}]},{\"@type\":\"ImageObject\",\"inLanguage\":\"pt-PT\",\"@id\":\"https:\\\/\\\/www.ghostysky.com\\\/product\\\/rayneo-air-3s-ar-glasses\\\/#primaryimage\",\"url\":\"https:\\\/\\\/www.ghostysky.com\\\/wp-content\\\/uploads\\\/2026\\\/04\\\/GH_Air-3s-AR-Glasses_1.webp\",\"contentUrl\":\"https:\\\/\\\/www.ghostysky.com\\\/wp-content\\\/uploads\\\/2026\\\/04\\\/GH_Air-3s-AR-Glasses_1.webp\",\"width\":1600,\"height\":1600},{\"@type\":\"BreadcrumbList\",\"@id\":\"https:\\\/\\\/www.ghostysky.com\\\/product\\\/rayneo-air-3s-ar-glasses\\\/#breadcrumb\",\"itemListElement\":[{\"@type\":\"ListItem\",\"position\":1,\"name\":\"Home\",\"item\":\"https:\\\/\\\/www.ghostysky.com\\\/\"},{\"@type\":\"ListItem\",\"position\":2,\"name\":\"Shop\",\"item\":\"https:\\\/\\\/www.ghostysky.com\\\/shop\\\/\"},{\"@type\":\"ListItem\",\"position\":3,\"name\":\"RayNeo Air 3s AR Glasses\"}]},{\"@type\":\"WebSite\",\"@id\":\"https:\\\/\\\/www.ghostysky.com\\\/#website\",\"url\":\"https:\\\/\\\/www.ghostysky.com\\\/\",\"name\":\"Ghostysky\",\"description\":\"Delivering professional drones and services\",\"publisher\":{\"@id\":\"https:\\\/\\\/www.ghostysky.com\\\/#organization\"},\"potentialAction\":[{\"@type\":\"SearchAction\",\"target\":{\"@type\":\"EntryPoint\",\"urlTemplate\":\"https:\\\/\\\/www.ghostysky.com\\\/?s={search_term_string}\"},\"query-input\":{\"@type\":\"PropertyValueSpecification\",\"valueRequired\":true,\"valueName\":\"search_term_string\"}}],\"inLanguage\":\"pt-PT\"},{\"@type\":\"Organization\",\"@id\":\"https:\\\/\\\/www.ghostysky.com\\\/#organization\",\"name\":\"Ghostysky\",\"url\":\"https:\\\/\\\/www.ghostysky.com\\\/\",\"logo\":{\"@type\":\"ImageObject\",\"inLanguage\":\"pt-PT\",\"@id\":\"https:\\\/\\\/www.ghostysky.com\\\/#\\\/schema\\\/logo\\\/image\\\/\",\"url\":\"https:\\\/\\\/www.ghostysky.com\\\/wp-content\\\/uploads\\\/2020\\\/06\\\/cropped-ghostyskylogo_text_white2.png\",\"contentUrl\":\"https:\\\/\\\/www.ghostysky.com\\\/wp-content\\\/uploads\\\/2020\\\/06\\\/cropped-ghostyskylogo_text_white2.png\",\"width\":169,\"height\":56,\"caption\":\"Ghostysky\"},\"image\":{\"@id\":\"https:\\\/\\\/www.ghostysky.com\\\/#\\\/schema\\\/logo\\\/image\\\/\"},\"sameAs\":[\"https:\\\/\\\/www.facebook.com\\\/people\\\/Ghostysky\\\/100057676170234\\\/\",\"https:\\\/\\\/x.com\\\/Gh0stysky\",\"https:\\\/\\\/www.linkedin.com\\\/company\\\/34739653\",\"https:\\\/\\\/www.instagram.com\\\/gh0stysky\"]}]}<\/script>\n<!-- \/ Yoast SEO plugin. -->","yoast_head_json":{"title":"\u00d3culos AR RayNeo Air 3s - Ghostysky","description":"Os RayNeo Air 3s (e sua vers\u00e3o ligeiramente aprimorada, o Air 3s Pro) s\u00e3o amplamente considerados o ponto ideal para \u00f3culos de XR (Realidade Estendida) port\u00e1teis. Lan\u00e7ados em meados de 2025, eles priorizam uma experi\u00eancia cinematogr\u00e1fica de alta qualidade e desempenho excepcional em jogos, mantendo-se significativamente mais acess\u00edveis do que os concorrentes.","robots":{"index":"index","follow":"follow","max-snippet":"max-snippet:-1","max-image-preview":"max-image-preview:large","max-video-preview":"max-video-preview:-1"},"canonical":"https:\/\/www.ghostysky.com\/pt\/produto-2\/rayneo-air-3s-ar-glasses\/","og_locale":"pt_PT","og_type":"article","og_title":"RayNeo Air 3s AR Glasses - Ghostysky","og_description":"The RayNeo Air 3s (and its slightly upgraded sibling, the Air 3s Pro) are widely considered the \"sweet spot\" for portable XR (Extended Reality) glasses. Launched in mid-2025, they prioritize a high-end cinematic experience and gaming performance while remaining significantly more affordable than competitors.","og_url":"https:\/\/www.ghostysky.com\/pt\/produto-2\/rayneo-air-3s-ar-glasses\/","og_site_name":"Ghostysky","article_publisher":"https:\/\/www.facebook.com\/people\/Ghostysky\/100057676170234\/","article_modified_time":"2026-04-08T15:40:52+00:00","og_image":[{"width":1600,"height":1600,"url":"https:\/\/www.ghostysky.com\/wp-content\/uploads\/2026\/04\/GH_Air-3s-AR-Glasses_1.webp","type":"image\/webp"}],"twitter_card":"summary_large_image","twitter_site":"@Gh0stysky","twitter_misc":{"Tempo estimado de leitura":"2 minutos"},"schema":{"@context":"https:\/\/schema.org","@graph":[{"@type":"WebPage","@id":"https:\/\/www.ghostysky.com\/product\/rayneo-air-3s-ar-glasses\/","url":"https:\/\/www.ghostysky.com\/product\/rayneo-air-3s-ar-glasses\/","name":"\u00d3culos AR RayNeo Air 3s - Ghostysky","isPartOf":{"@id":"https:\/\/www.ghostysky.com\/#website"},"primaryImageOfPage":{"@id":"https:\/\/www.ghostysky.com\/product\/rayneo-air-3s-ar-glasses\/#primaryimage"},"image":{"@id":"https:\/\/www.ghostysky.com\/product\/rayneo-air-3s-ar-glasses\/#primaryimage"},"thumbnailUrl":"https:\/\/www.ghostysky.com\/wp-content\/uploads\/2026\/04\/GH_Air-3s-AR-Glasses_1.webp","datePublished":"2026-04-08T14:25:03+00:00","dateModified":"2026-04-08T15:40:52+00:00","description":"Os RayNeo Air 3s (e sua vers\u00e3o ligeiramente aprimorada, o Air 3s Pro) s\u00e3o amplamente considerados o ponto ideal para \u00f3culos de XR (Realidade Estendida) port\u00e1teis. Lan\u00e7ados em meados de 2025, eles priorizam uma experi\u00eancia cinematogr\u00e1fica de alta qualidade e desempenho excepcional em jogos, mantendo-se significativamente mais acess\u00edveis do que os concorrentes.","breadcrumb":{"@id":"https:\/\/www.ghostysky.com\/product\/rayneo-air-3s-ar-glasses\/#breadcrumb"},"inLanguage":"pt-PT","potentialAction":[{"@type":"ReadAction","target":["https:\/\/www.ghostysky.com\/product\/rayneo-air-3s-ar-glasses\/"]}]},{"@type":"ImageObject","inLanguage":"pt-PT","@id":"https:\/\/www.ghostysky.com\/product\/rayneo-air-3s-ar-glasses\/#primaryimage","url":"https:\/\/www.ghostysky.com\/wp-content\/uploads\/2026\/04\/GH_Air-3s-AR-Glasses_1.webp","contentUrl":"https:\/\/www.ghostysky.com\/wp-content\/uploads\/2026\/04\/GH_Air-3s-AR-Glasses_1.webp","width":1600,"height":1600},{"@type":"BreadcrumbList","@id":"https:\/\/www.ghostysky.com\/product\/rayneo-air-3s-ar-glasses\/#breadcrumb","itemListElement":[{"@type":"ListItem","position":1,"name":"Home","item":"https:\/\/www.ghostysky.com\/"},{"@type":"ListItem","position":2,"name":"Shop","item":"https:\/\/www.ghostysky.com\/shop\/"},{"@type":"ListItem","position":3,"name":"RayNeo Air 3s AR Glasses"}]},{"@type":"WebSite","@id":"https:\/\/www.ghostysky.com\/#website","url":"https:\/\/www.ghostysky.com\/","name":"Ghostysky","description":"Fornecendo drones e servi\u00e7os profissionais","publisher":{"@id":"https:\/\/www.ghostysky.com\/#organization"},"potentialAction":[{"@type":"SearchAction","target":{"@type":"EntryPoint","urlTemplate":"https:\/\/www.ghostysky.com\/?s={search_term_string}"},"query-input":{"@type":"PropertyValueSpecification","valueRequired":true,"valueName":"search_term_string"}}],"inLanguage":"pt-PT"},{"@type":"Organization","@id":"https:\/\/www.ghostysky.com\/#organization","name":"Ghostysky","url":"https:\/\/www.ghostysky.com\/","logo":{"@type":"ImageObject","inLanguage":"pt-PT","@id":"https:\/\/www.ghostysky.com\/#\/schema\/logo\/image\/","url":"https:\/\/www.ghostysky.com\/wp-content\/uploads\/2020\/06\/cropped-ghostyskylogo_text_white2.png","contentUrl":"https:\/\/www.ghostysky.com\/wp-content\/uploads\/2020\/06\/cropped-ghostyskylogo_text_white2.png","width":169,"height":56,"caption":"Ghostysky"},"image":{"@id":"https:\/\/www.ghostysky.com\/#\/schema\/logo\/image\/"},"sameAs":["https:\/\/www.facebook.com\/people\/Ghostysky\/100057676170234\/","https:\/\/x.com\/Gh0stysky","https:\/\/www.linkedin.com\/company\/34739653","https:\/\/www.instagram.com\/gh0stysky"]}]}},"_links":{"self":[{"href":"https:\/\/www.ghostysky.com\/pt\/wp-json\/wp\/v2\/product\/25121","targetHints":{"allow":["GET"]}}],"collection":[{"href":"https:\/\/www.ghostysky.com\/pt\/wp-json\/wp\/v2\/product"}],"about":[{"href":"https:\/\/www.ghostysky.com\/pt\/wp-json\/wp\/v2\/types\/product"}],"replies":[{"embeddable":true,"href":"https:\/\/www.ghostysky.com\/pt\/wp-json\/wp\/v2\/comments?post=25121"}],"version-history":[{"count":1,"href":"https:\/\/www.ghostysky.com\/pt\/wp-json\/wp\/v2\/product\/25121\/revisions"}],"predecessor-version":[{"id":25127,"href":"https:\/\/www.ghostysky.com\/pt\/wp-json\/wp\/v2\/product\/25121\/revisions\/25127"}],"wp:featuredmedia":[{"embeddable":true,"href":"https:\/\/www.ghostysky.com\/pt\/wp-json\/wp\/v2\/media\/25122"}],"wp:attachment":[{"href":"https:\/\/www.ghostysky.com\/pt\/wp-json\/wp\/v2\/media?parent=25121"}],"wp:term":[{"taxonomy":"product_brand","embeddable":true,"href":"https:\/\/www.ghostysky.com\/pt\/wp-json\/wp\/v2\/product_brand?post=25121"},{"taxonomy":"product_cat","embeddable":true,"href":"https:\/\/www.ghostysky.com\/pt\/wp-json\/wp\/v2\/product_cat?post=25121"},{"taxonomy":"product_tag","embeddable":true,"href":"https:\/\/www.ghostysky.com\/pt\/wp-json\/wp\/v2\/product_tag?post=25121"}],"curies":[{"name":"wp","href":"https:\/\/api.w.org\/{rel}","templated":true}]}}