{"id":25126,"date":"2026-04-08T14:36:57","date_gmt":"2026-04-08T14:36:57","guid":{"rendered":"https:\/\/www.ghostysky.com\/?post_type=product&#038;p=25126"},"modified":"2026-04-08T15:51:36","modified_gmt":"2026-04-08T15:51:36","slug":"rayneo-air-2s-ar-glasses","status":"publish","type":"product","link":"https:\/\/www.ghostysky.com\/pt\/product\/rayneo-air-2s-ar-glasses\/","title":{"rendered":"\u00d3culos de Realidade Aumentada RayNeo Air 2s"},"content":{"rendered":"<h3 data-path-to-node=\"2\">Especifica\u00e7\u00f5es principais<\/h3>\n<table data-path-to-node=\"3\">\n<thead>\n<tr>\n<td><strong>Recurso<\/strong><\/td>\n<td><strong>Especifica\u00e7\u00f5es<\/strong><\/td>\n<\/tr>\n<\/thead>\n<tbody>\n<tr>\n<td><span data-path-to-node=\"3,1,0,0\"><b data-path-to-node=\"3,1,0,0\" data-index-in-node=\"0\">Mostrar<\/b><\/span><\/td>\n<td><span data-path-to-node=\"3,1,1,0\">Dual Sony Micro OLED<\/span><\/td>\n<\/tr>\n<tr>\n<td><span data-path-to-node=\"3,2,0,0\"><b data-path-to-node=\"3,2,0,0\" data-index-in-node=\"0\">Resolu\u00e7\u00e3o<\/b><\/span><\/td>\n<td><span data-path-to-node=\"3,2,1,0\">1920 x 1080 por olho (3840 x 1080 no modo 3D)<\/span><\/td>\n<\/tr>\n<tr>\n<td><span data-path-to-node=\"3,3,0,0\"><b data-path-to-node=\"3,3,0,0\" data-index-in-node=\"0\">Tela virtual<\/b><\/span><\/td>\n<td><span data-path-to-node=\"3,3,1,0\">Equivalente a 201 polegadas (percebido a 6 metros)<\/span><\/td>\n<\/tr>\n<tr>\n<td><span data-path-to-node=\"3,4,0,0\"><b data-path-to-node=\"3,4,0,0\" data-index-in-node=\"0\">Taxa de atualiza\u00e7\u00e3o<\/b><\/span><\/td>\n<td><span data-path-to-node=\"3,4,1,0\">120Hz (Modo Jogo) \/ 60Hz (Padr\u00e3o)<\/span><\/td>\n<\/tr>\n<tr>\n<td><span data-path-to-node=\"3,5,0,0\"><b data-path-to-node=\"3,5,0,0\" data-index-in-node=\"0\">Brilho m\u00e1ximo<\/b><\/span><\/td>\n<td><span data-path-to-node=\"3,5,1,0\">600 nits (ajuste de 10 n\u00edveis)<\/span><\/td>\n<\/tr>\n<tr>\n<td><span data-path-to-node=\"3,6,0,0\"><b data-path-to-node=\"3,6,0,0\" data-index-in-node=\"0\">Peso<\/b><\/span><\/td>\n<td><span data-path-to-node=\"3,6,1,0\">aproximadamente 78 gramas<\/span><\/td>\n<\/tr>\n<tr>\n<td><span data-path-to-node=\"3,7,0,0\"><b data-path-to-node=\"3,7,0,0\" data-index-in-node=\"0\">Campo de vis\u00e3o<\/b><\/span><\/td>\n<td><span data-path-to-node=\"3,7,1,0\">46\u00b0<\/span><\/td>\n<\/tr>\n<tr>\n<td><span data-path-to-node=\"3,8,0,0\"><b data-path-to-node=\"3,8,0,0\" data-index-in-node=\"0\">PPD<\/b><\/span><\/td>\n<td><span data-path-to-node=\"3,8,1,0\">49 pixels por grau<\/span><\/td>\n<\/tr>\n<\/tbody>\n<\/table>\n<p>&nbsp;<\/p>\n<h3 data-path-to-node=\"5\">Principais destaques<\/h3>\n<h4 data-path-to-node=\"6\">1. Tela virtual gigantesca de 201 polegadas<\/h4>\n<p id=\"p-rc_fc3382045d936fe3-66\" data-path-to-node=\"7\"><span class=\"citation-179 citation-end-179\">Os Air 2s utilizam a tecnologia Micro OLED da Sony para projetar uma tela virtual enorme que d\u00e1 a sensa\u00e7\u00e3o de estar sentado em uma sala de cinema.<\/span> <span class=\"citation-178 citation-end-178\">Com uma alta taxa de contraste (100.000:1) e gama de cores sRGB de 108%, as imagens s\u00e3o v\u00edvidas, n\u00edtidas e oferecem pretos profundos que as telas LCD padr\u00e3o n\u00e3o conseguem igualar.<\/span><\/p>\n<h4 data-path-to-node=\"8\">2. <span class=\"citation-177 citation-end-177\">Jogos ultrassuaves a 120Hz<\/span><\/h4>\n<p id=\"p-rc_fc3382045d936fe3-67\" data-path-to-node=\"9\"><span class=\"citation-176\">Ao contr\u00e1rio de muitos \u00f3culos de RA de n\u00edvel b\u00e1sico, o Air 2s suporta um <\/span><b data-path-to-node=\"9\" data-index-in-node=\"58\"><span class=\"citation-176\">Taxa de atualiza\u00e7\u00e3o de 120Hz<\/span><\/b><span class=\"citation-176 citation-end-176\">.<\/span> <span class=\"citation-175\">Isso o torna um companheiro ideal para consoles port\u00e1teis como o <\/span><b data-path-to-node=\"9\" data-index-in-node=\"142\"><span class=\"citation-175\">Steam Deck, ROG Ally e Nintendo Switch<\/span><\/b><span class=\"citation-175\">, ou para conectar-se a um <\/span><b data-path-to-node=\"9\" data-index-in-node=\"208\"><span class=\"citation-175\">PS5\/Xbox<\/span><\/b><span class=\"citation-175 citation-end-175\"> Para uma jogabilidade fluida e sem atrasos.<\/span><\/p>\n<h4 data-path-to-node=\"10\">3. <span class=\"citation-174 citation-end-174\">Sistema de \u00e1udio aprimorado com quatro alto-falantes<\/span><\/h4>\n<p id=\"p-rc_fc3382045d936fe3-68\" data-path-to-node=\"11\"><span class=\"citation-173\">Uma das melhorias mais not\u00e1veis em rela\u00e7\u00e3o ao RayNeo Air 2 original \u00e9 o <\/span><b data-path-to-node=\"11\" data-index-in-node=\"71\"><span class=\"citation-173\">sistema sim\u00e9trico de quatro alto-falantes<\/span><\/b><span class=\"citation-173 citation-end-173\">.<\/span> <span class=\"citation-172 citation-end-172\">Proporciona um aumento na faixa din\u00e2mica (400%), oferecendo um som est\u00e9reo surpreendentemente rico.<\/span> Para privacidade, o <b data-path-to-node=\"11\" data-index-in-node=\"207\">Modo Sussurro 2.0<\/b> Utiliza tecnologia de cancelamento de fase para garantir que somente voc\u00ea ou\u00e7a o \u00e1udio, mesmo em ambientes silenciosos.<\/p>\n<h4 data-path-to-node=\"12\">4. <span class=\"citation-171 citation-end-171\">Design ergon\u00f4mico \u201cFlexiFit\u201d<\/span><\/h4>\n<p id=\"p-rc_fc3382045d936fe3-69\" data-path-to-node=\"13\"><span class=\"citation-170 citation-end-170\">Pesando apenas 78g (aproximadamente o peso de dois pares de \u00f3culos de sol padr\u00e3o), os \u00f3culos s\u00e3o projetados para conforto prolongado.<\/span><\/p>\n<ul data-path-to-node=\"14\">\n<li>\n<p id=\"p-rc_fc3382045d936fe3-70\" data-path-to-node=\"14,0,0\"><b data-path-to-node=\"14,0,0\" data-index-in-node=\"0\"><span class=\"citation-169\">FlexiFit de 9 pontos:<\/span><\/b><span class=\"citation-169 citation-end-169\"> As hastes e as almofadas nasais ajust\u00e1veis permitem inclinar as telas para obter o \u00e2ngulo de vis\u00e3o perfeito.<\/span><\/p>\n<\/li>\n<li>\n<p id=\"p-rc_fc3382045d936fe3-71\" data-path-to-node=\"14,1,0\"><b data-path-to-node=\"14,1,0\" data-index-in-node=\"0\">Certificado pela T\u00dcV Rheinland:<\/b><span class=\"citation-168 citation-end-168\"> Possui certifica\u00e7\u00f5es de baixa emiss\u00e3o de luz azul e aus\u00eancia de cintila\u00e7\u00e3o para reduzir o cansa\u00e7o visual durante maratonas de s\u00e9ries.<\/span><\/p>\n<\/li>\n<\/ul>\n<h4 data-path-to-node=\"15\">5. Conectividade Plug-and-Play<\/h4>\n<p id=\"p-rc_fc3382045d936fe3-72\" data-path-to-node=\"16\"><span class=\"citation-167\">Os \u00f3culos se conectam por meio de um \u00fanico <\/span><b data-path-to-node=\"16\" data-index-in-node=\"33\"><span class=\"citation-167\">USB-C (Modo Alternativo DisplayPort)<\/span><\/b><span class=\"citation-167 citation-end-167\"> cabo.<\/span><\/p>\n<ul data-path-to-node=\"17\">\n<li>\n<p id=\"p-rc_fc3382045d936fe3-73\" data-path-to-node=\"17,0,0\"><b data-path-to-node=\"17,0,0\" data-index-in-node=\"0\"><span class=\"citation-166\">Compat\u00edvel com:<\/span><\/b><span class=\"citation-166 citation-end-166\"> S\u00e9rie iPhone 15\/16, smartphones Android topo de linha, MacBooks, iPads e laptops Windows.<\/span><\/p>\n<\/li>\n<li>\n<p id=\"p-rc_fc3382045d936fe3-74\" data-path-to-node=\"17,1,0\"><b data-path-to-node=\"17,1,0\" data-index-in-node=\"0\">Observa\u00e7\u00e3o:<\/b><span class=\"citation-165 citation-end-165\"> iPhones mais antigos ou consoles que possuem apenas entrada HDMI (como a base original do Nintendo Switch) exigem o RayNeo MiraScreen ou um adaptador espec\u00edfico.<\/span><\/p>\n<p>&nbsp;<\/li>\n<\/ul>\n<h3 data-path-to-node=\"19\">Coisas a considerar<\/h3>\n<ul data-path-to-node=\"20\">\n<li>\n<p id=\"p-rc_fc3382045d936fe3-75\" data-path-to-node=\"20,0,0\"><b data-path-to-node=\"20,0,0\" data-index-in-node=\"0\"><span class=\"citation-164 citation-end-164\">Sem bateria integrada:<\/span><\/b><span class=\"citation-163 citation-end-163\"> Os \u00f3culos obt\u00eam energia diretamente do dispositivo conectado.<\/span><\/p>\n<\/li>\n<li>\n<p id=\"p-rc_fc3382045d936fe3-76\" data-path-to-node=\"20,1,0\"><b data-path-to-node=\"20,1,0\" data-index-in-node=\"0\">Vazamento de luz:<\/b> Diferentemente dos headsets de realidade virtual, estes s\u00e3o abertos nas laterais. <span class=\"citation-162 citation-end-162\">Embora sejam escuras, elas n\u00e3o oferecem uma prote\u00e7\u00e3o total contra a luz, portanto, ambientes claros podem distorcer ligeiramente a imagem, a menos que voc\u00ea use uma cobertura de terceiros.<\/span><\/p>\n<\/li>\n<li>\n<p id=\"p-rc_fc3382045d936fe3-77\" data-path-to-node=\"20,2,0\"><b data-path-to-node=\"20,2,0\" data-index-in-node=\"0\"><span class=\"citation-161 interactive-span-hovered\">Necessidade de prescri\u00e7\u00e3o m\u00e9dica:<\/span><\/b><span class=\"citation-161 citation-end-161 interactive-span-hovered\"> Se voc\u00ea usa \u00f3culos, os Air 2s n\u00e3o possuem ajuste de dioptria integrado; voc\u00ea precisar\u00e1 usar a arma\u00e7\u00e3o para lentes de grau inclusa para que as lentes sejam feitas em uma \u00f3tica.<\/span><\/p>\n<\/li>\n<\/ul>","protected":false},"excerpt":{"rendered":"<p><span class=\"citation-180 interactive-span-hovered\">O <\/span><b data-path-to-node=\"0\" data-index-in-node=\"4\"><span class=\"citation-180 interactive-span-hovered\">RayNeo Air 2s<\/span><\/b><span class=\"citation-180 citation-end-180 interactive-span-hovered\"> (da TCL) \u00e9 um par de \u00f3culos XR (Realidade Estendida) leves, projetados para funcionar como um monitor port\u00e1til de alta defini\u00e7\u00e3o.<\/span> Com lan\u00e7amento previsto para meados de 2024, eles s\u00e3o posicionados como um &quot;cinema particular&quot; e um monitor de jogos de alto desempenho que cabe no seu bolso.<\/p>","protected":false},"featured_media":25140,"comment_status":"open","ping_status":"closed","template":"","meta":[],"product_brand":[1414],"product_cat":[1341,1413],"product_tag":[1415,1416],"class_list":{"0":"post-25126","1":"product","2":"type-product","3":"status-publish","4":"has-post-thumbnail","6":"product_brand-rayneo","7":"product_cat-ar-vr","8":"product_cat-rayneo","9":"product_tag-ar-glasses","10":"product_tag-rayneo","12":"first","13":"onbackorder","14":"taxable","15":"shipping-taxable","16":"product-type-simple"},"yoast_head":"<!-- This site is optimized with the Yoast SEO plugin v27.1.1 - https:\/\/yoast.com\/product\/yoast-seo-wordpress\/ -->\n<title>RayNeo Air 2s AR Glasses - Ghostysky<\/title>\n<meta name=\"description\" content=\"The RayNeo Air 2s (by TCL) is a pair of lightweight XR (Extended Reality) glasses designed to function as a portable, high-definition wearable monitor. Launched in mid-2024, they are positioned as a &quot;private cinema&quot; and a high-performance gaming display that fits in your pocket.\" \/>\n<meta name=\"robots\" content=\"index, follow, max-snippet:-1, max-image-preview:large, max-video-preview:-1\" \/>\n<link rel=\"canonical\" href=\"https:\/\/www.ghostysky.com\/pt\/produto-2\/rayneo-air-2s-ar-glasses\/\" \/>\n<meta property=\"og:locale\" content=\"pt_PT\" \/>\n<meta property=\"og:type\" content=\"article\" \/>\n<meta property=\"og:title\" content=\"RayNeo Air 2s AR Glasses - Ghostysky\" \/>\n<meta property=\"og:description\" content=\"The RayNeo Air 2s (by TCL) is a pair of lightweight XR (Extended Reality) glasses designed to function as a portable, high-definition wearable monitor. Launched in mid-2024, they are positioned as a &quot;private cinema&quot; and a high-performance gaming display that fits in your pocket.\" \/>\n<meta property=\"og:url\" content=\"https:\/\/www.ghostysky.com\/pt\/produto-2\/rayneo-air-2s-ar-glasses\/\" \/>\n<meta property=\"og:site_name\" content=\"Ghostysky\" \/>\n<meta property=\"article:publisher\" content=\"https:\/\/www.facebook.com\/people\/Ghostysky\/100057676170234\/\" \/>\n<meta property=\"article:modified_time\" content=\"2026-04-08T15:51:36+00:00\" \/>\n<meta property=\"og:image\" content=\"https:\/\/www.ghostysky.com\/wp-content\/uploads\/2026\/04\/GH_RayNeo-Air-2s-AR-Glasses_1.webp\" \/>\n\t<meta property=\"og:image:width\" content=\"1600\" \/>\n\t<meta property=\"og:image:height\" content=\"1600\" \/>\n\t<meta property=\"og:image:type\" content=\"image\/webp\" \/>\n<meta name=\"twitter:card\" content=\"summary_large_image\" \/>\n<meta name=\"twitter:site\" content=\"@Gh0stysky\" \/>\n<meta name=\"twitter:label1\" content=\"Tempo estimado de leitura\" \/>\n\t<meta name=\"twitter:data1\" content=\"2 minutos\" \/>\n<script type=\"application\/ld+json\" class=\"yoast-schema-graph\">{\"@context\":\"https:\/\/schema.org\",\"@graph\":[{\"@type\":\"WebPage\",\"@id\":\"https:\/\/www.ghostysky.com\/product\/rayneo-air-2s-ar-glasses\/\",\"url\":\"https:\/\/www.ghostysky.com\/product\/rayneo-air-2s-ar-glasses\/\",\"name\":\"RayNeo Air 2s AR Glasses - Ghostysky\",\"isPartOf\":{\"@id\":\"https:\/\/www.ghostysky.com\/#website\"},\"primaryImageOfPage\":{\"@id\":\"https:\/\/www.ghostysky.com\/product\/rayneo-air-2s-ar-glasses\/#primaryimage\"},\"image\":{\"@id\":\"https:\/\/www.ghostysky.com\/product\/rayneo-air-2s-ar-glasses\/#primaryimage\"},\"thumbnailUrl\":\"https:\/\/www.ghostysky.com\/wp-content\/uploads\/2026\/04\/GH_RayNeo-Air-2s-AR-Glasses_1.webp\",\"datePublished\":\"2026-04-08T14:36:57+00:00\",\"dateModified\":\"2026-04-08T15:51:36+00:00\",\"description\":\"The RayNeo Air 2s (by TCL) is a pair of lightweight XR (Extended Reality) glasses designed to function as a portable, high-definition wearable monitor. Launched in mid-2024, they are positioned as a \\\"private cinema\\\" and a high-performance gaming display that fits in your pocket.\",\"breadcrumb\":{\"@id\":\"https:\/\/www.ghostysky.com\/product\/rayneo-air-2s-ar-glasses\/#breadcrumb\"},\"inLanguage\":\"pt-PT\",\"potentialAction\":[{\"@type\":\"ReadAction\",\"target\":[\"https:\/\/www.ghostysky.com\/product\/rayneo-air-2s-ar-glasses\/\"]}]},{\"@type\":\"ImageObject\",\"inLanguage\":\"pt-PT\",\"@id\":\"https:\/\/www.ghostysky.com\/product\/rayneo-air-2s-ar-glasses\/#primaryimage\",\"url\":\"https:\/\/www.ghostysky.com\/wp-content\/uploads\/2026\/04\/GH_RayNeo-Air-2s-AR-Glasses_1.webp\",\"contentUrl\":\"https:\/\/www.ghostysky.com\/wp-content\/uploads\/2026\/04\/GH_RayNeo-Air-2s-AR-Glasses_1.webp\",\"width\":1600,\"height\":1600},{\"@type\":\"BreadcrumbList\",\"@id\":\"https:\/\/www.ghostysky.com\/product\/rayneo-air-2s-ar-glasses\/#breadcrumb\",\"itemListElement\":[{\"@type\":\"ListItem\",\"position\":1,\"name\":\"Home\",\"item\":\"https:\/\/www.ghostysky.com\/\"},{\"@type\":\"ListItem\",\"position\":2,\"name\":\"Shop\",\"item\":\"https:\/\/www.ghostysky.com\/shop\/\"},{\"@type\":\"ListItem\",\"position\":3,\"name\":\"RayNeo Air 2s AR Glasses\"}]},{\"@type\":\"WebSite\",\"@id\":\"https:\/\/www.ghostysky.com\/#website\",\"url\":\"https:\/\/www.ghostysky.com\/\",\"name\":\"Ghostysky\",\"description\":\"Delivering professional drones and services\",\"publisher\":{\"@id\":\"https:\/\/www.ghostysky.com\/#organization\"},\"potentialAction\":[{\"@type\":\"SearchAction\",\"target\":{\"@type\":\"EntryPoint\",\"urlTemplate\":\"https:\/\/www.ghostysky.com\/?s={search_term_string}\"},\"query-input\":{\"@type\":\"PropertyValueSpecification\",\"valueRequired\":true,\"valueName\":\"search_term_string\"}}],\"inLanguage\":\"pt-PT\"},{\"@type\":\"Organization\",\"@id\":\"https:\/\/www.ghostysky.com\/#organization\",\"name\":\"Ghostysky\",\"url\":\"https:\/\/www.ghostysky.com\/\",\"logo\":{\"@type\":\"ImageObject\",\"inLanguage\":\"pt-PT\",\"@id\":\"https:\/\/www.ghostysky.com\/#\/schema\/logo\/image\/\",\"url\":\"https:\/\/www.ghostysky.com\/wp-content\/uploads\/2020\/06\/cropped-ghostyskylogo_text_white2.png\",\"contentUrl\":\"https:\/\/www.ghostysky.com\/wp-content\/uploads\/2020\/06\/cropped-ghostyskylogo_text_white2.png\",\"width\":169,\"height\":56,\"caption\":\"Ghostysky\"},\"image\":{\"@id\":\"https:\/\/www.ghostysky.com\/#\/schema\/logo\/image\/\"},\"sameAs\":[\"https:\/\/www.facebook.com\/people\/Ghostysky\/100057676170234\/\",\"https:\/\/x.com\/Gh0stysky\",\"https:\/\/www.linkedin.com\/company\/34739653\",\"https:\/\/www.instagram.com\/gh0stysky\"]}]}<\/script>\n<!-- \/ Yoast SEO plugin. -->","yoast_head_json":{"title":"\u00d3culos de Realidade Aumentada RayNeo Air 2s - Ghostysky","description":"Os RayNeo Air 2s (da TCL) s\u00e3o \u00f3culos de realidade estendida (XR) leves, projetados para funcionar como um monitor port\u00e1til de alta defini\u00e7\u00e3o. Com lan\u00e7amento previsto para meados de 2024, eles s\u00e3o posicionados como um &quot;cinema particular&quot; e um monitor de jogos de alto desempenho que cabe no seu bolso.","robots":{"index":"index","follow":"follow","max-snippet":"max-snippet:-1","max-image-preview":"max-image-preview:large","max-video-preview":"max-video-preview:-1"},"canonical":"https:\/\/www.ghostysky.com\/pt\/produto-2\/rayneo-air-2s-ar-glasses\/","og_locale":"pt_PT","og_type":"article","og_title":"RayNeo Air 2s AR Glasses - Ghostysky","og_description":"The RayNeo Air 2s (by TCL) is a pair of lightweight XR (Extended Reality) glasses designed to function as a portable, high-definition wearable monitor. Launched in mid-2024, they are positioned as a \"private cinema\" and a high-performance gaming display that fits in your pocket.","og_url":"https:\/\/www.ghostysky.com\/pt\/produto-2\/rayneo-air-2s-ar-glasses\/","og_site_name":"Ghostysky","article_publisher":"https:\/\/www.facebook.com\/people\/Ghostysky\/100057676170234\/","article_modified_time":"2026-04-08T15:51:36+00:00","og_image":[{"width":1600,"height":1600,"url":"https:\/\/www.ghostysky.com\/wp-content\/uploads\/2026\/04\/GH_RayNeo-Air-2s-AR-Glasses_1.webp","type":"image\/webp"}],"twitter_card":"summary_large_image","twitter_site":"@Gh0stysky","twitter_misc":{"Tempo estimado de leitura":"2 minutos"},"schema":{"@context":"https:\/\/schema.org","@graph":[{"@type":"WebPage","@id":"https:\/\/www.ghostysky.com\/product\/rayneo-air-2s-ar-glasses\/","url":"https:\/\/www.ghostysky.com\/product\/rayneo-air-2s-ar-glasses\/","name":"\u00d3culos de Realidade Aumentada RayNeo Air 2s - Ghostysky","isPartOf":{"@id":"https:\/\/www.ghostysky.com\/#website"},"primaryImageOfPage":{"@id":"https:\/\/www.ghostysky.com\/product\/rayneo-air-2s-ar-glasses\/#primaryimage"},"image":{"@id":"https:\/\/www.ghostysky.com\/product\/rayneo-air-2s-ar-glasses\/#primaryimage"},"thumbnailUrl":"https:\/\/www.ghostysky.com\/wp-content\/uploads\/2026\/04\/GH_RayNeo-Air-2s-AR-Glasses_1.webp","datePublished":"2026-04-08T14:36:57+00:00","dateModified":"2026-04-08T15:51:36+00:00","description":"Os RayNeo Air 2s (da TCL) s\u00e3o \u00f3culos de realidade estendida (XR) leves, projetados para funcionar como um monitor port\u00e1til de alta defini\u00e7\u00e3o. Com lan\u00e7amento previsto para meados de 2024, eles s\u00e3o posicionados como um &quot;cinema particular&quot; e um monitor de jogos de alto desempenho que cabe no seu bolso.","breadcrumb":{"@id":"https:\/\/www.ghostysky.com\/product\/rayneo-air-2s-ar-glasses\/#breadcrumb"},"inLanguage":"pt-PT","potentialAction":[{"@type":"ReadAction","target":["https:\/\/www.ghostysky.com\/product\/rayneo-air-2s-ar-glasses\/"]}]},{"@type":"ImageObject","inLanguage":"pt-PT","@id":"https:\/\/www.ghostysky.com\/product\/rayneo-air-2s-ar-glasses\/#primaryimage","url":"https:\/\/www.ghostysky.com\/wp-content\/uploads\/2026\/04\/GH_RayNeo-Air-2s-AR-Glasses_1.webp","contentUrl":"https:\/\/www.ghostysky.com\/wp-content\/uploads\/2026\/04\/GH_RayNeo-Air-2s-AR-Glasses_1.webp","width":1600,"height":1600},{"@type":"BreadcrumbList","@id":"https:\/\/www.ghostysky.com\/product\/rayneo-air-2s-ar-glasses\/#breadcrumb","itemListElement":[{"@type":"ListItem","position":1,"name":"Home","item":"https:\/\/www.ghostysky.com\/"},{"@type":"ListItem","position":2,"name":"Shop","item":"https:\/\/www.ghostysky.com\/shop\/"},{"@type":"ListItem","position":3,"name":"RayNeo Air 2s AR Glasses"}]},{"@type":"WebSite","@id":"https:\/\/www.ghostysky.com\/#website","url":"https:\/\/www.ghostysky.com\/","name":"Ghostysky","description":"Fornecendo drones e servi\u00e7os profissionais","publisher":{"@id":"https:\/\/www.ghostysky.com\/#organization"},"potentialAction":[{"@type":"SearchAction","target":{"@type":"EntryPoint","urlTemplate":"https:\/\/www.ghostysky.com\/?s={search_term_string}"},"query-input":{"@type":"PropertyValueSpecification","valueRequired":true,"valueName":"search_term_string"}}],"inLanguage":"pt-PT"},{"@type":"Organization","@id":"https:\/\/www.ghostysky.com\/#organization","name":"Ghostysky","url":"https:\/\/www.ghostysky.com\/","logo":{"@type":"ImageObject","inLanguage":"pt-PT","@id":"https:\/\/www.ghostysky.com\/#\/schema\/logo\/image\/","url":"https:\/\/www.ghostysky.com\/wp-content\/uploads\/2020\/06\/cropped-ghostyskylogo_text_white2.png","contentUrl":"https:\/\/www.ghostysky.com\/wp-content\/uploads\/2020\/06\/cropped-ghostyskylogo_text_white2.png","width":169,"height":56,"caption":"Ghostysky"},"image":{"@id":"https:\/\/www.ghostysky.com\/#\/schema\/logo\/image\/"},"sameAs":["https:\/\/www.facebook.com\/people\/Ghostysky\/100057676170234\/","https:\/\/x.com\/Gh0stysky","https:\/\/www.linkedin.com\/company\/34739653","https:\/\/www.instagram.com\/gh0stysky"]}]}},"_links":{"self":[{"href":"https:\/\/www.ghostysky.com\/pt\/wp-json\/wp\/v2\/product\/25126","targetHints":{"allow":["GET"]}}],"collection":[{"href":"https:\/\/www.ghostysky.com\/pt\/wp-json\/wp\/v2\/product"}],"about":[{"href":"https:\/\/www.ghostysky.com\/pt\/wp-json\/wp\/v2\/types\/product"}],"replies":[{"embeddable":true,"href":"https:\/\/www.ghostysky.com\/pt\/wp-json\/wp\/v2\/comments?post=25126"}],"wp:featuredmedia":[{"embeddable":true,"href":"https:\/\/www.ghostysky.com\/pt\/wp-json\/wp\/v2\/media\/25140"}],"wp:attachment":[{"href":"https:\/\/www.ghostysky.com\/pt\/wp-json\/wp\/v2\/media?parent=25126"}],"wp:term":[{"taxonomy":"product_brand","embeddable":true,"href":"https:\/\/www.ghostysky.com\/pt\/wp-json\/wp\/v2\/product_brand?post=25126"},{"taxonomy":"product_cat","embeddable":true,"href":"https:\/\/www.ghostysky.com\/pt\/wp-json\/wp\/v2\/product_cat?post=25126"},{"taxonomy":"product_tag","embeddable":true,"href":"https:\/\/www.ghostysky.com\/pt\/wp-json\/wp\/v2\/product_tag?post=25126"}],"curies":[{"name":"wp","href":"https:\/\/api.w.org\/{rel}","templated":true}]}}