{"id":25147,"date":"2026-04-08T16:24:54","date_gmt":"2026-04-08T16:24:54","guid":{"rendered":"https:\/\/www.ghostysky.com\/?post_type=product&#038;p=25147"},"modified":"2026-04-11T07:26:35","modified_gmt":"2026-04-11T07:26:35","slug":"rayneo-x3-pro-aiar-smart-glasses","status":"publish","type":"product","link":"https:\/\/www.ghostysky.com\/pt\/product\/rayneo-x3-pro-aiar-smart-glasses\/","title":{"rendered":"\u00d3culos inteligentes RayNeo X3 Pro AI + AR"},"content":{"rendered":"<h3 data-path-to-node=\"3\"><b data-path-to-node=\"3\" data-index-in-node=\"4\">Vis\u00e3o geral do produto<\/b><\/h3>\n<p id=\"p-rc_e2de32b3f0a00cf0-79\" data-path-to-node=\"4\">O RayNeo X3 Pro foi projetado para um &quot;estilo de vida digital ativo&quot;.\u201c <span class=\"citation-231\">Vai al\u00e9m da simples captura de \u00e1udio ou v\u00eddeo para fornecer uma <\/span><b data-path-to-node=\"4\" data-index-in-node=\"125\"><span class=\"citation-231\">Visor Heads-Up (HUD)<\/span><\/b><span class=\"citation-231\"> distribu\u00eddo por <\/span><b data-path-to-node=\"4\" data-index-in-node=\"159\"><span class=\"citation-231\">Google Gemini<\/span><\/b><span class=\"citation-231 citation-end-231\">.<\/span> <span class=\"citation-230 citation-end-230\">Seja para tradu\u00e7\u00e3o em tempo real durante uma viagem a T\u00f3quio ou para navega\u00e7\u00e3o passo a passo enquanto explora uma cidade desconhecida, esses \u00f3culos sobrep\u00f5em as informa\u00e7\u00f5es diretamente ao seu campo de vis\u00e3o.<\/span><\/p>\n<p>&nbsp;<\/p>\n<h3 data-path-to-node=\"6\"><b data-path-to-node=\"6\" data-index-in-node=\"3\">Caracter\u00edsticas principais<\/b><\/h3>\n<h4 data-path-to-node=\"7\"><b data-path-to-node=\"7\" data-index-in-node=\"0\">1. Assistente de IA multimodal (com tecnologia Gemini)<\/b><\/h4>\n<p id=\"p-rc_e2de32b3f0a00cf0-80\" data-path-to-node=\"8\"><span class=\"citation-229\">A caracter\u00edstica mais marcante \u00e9 a integra\u00e7\u00e3o de <\/span><b data-path-to-node=\"8\" data-index-in-node=\"43\"><span class=\"citation-229\">Gemini Live<\/span><\/b><span class=\"citation-229 citation-end-229\">.<\/span><\/p>\n<ul data-path-to-node=\"9\">\n<li>\n<p id=\"p-rc_e2de32b3f0a00cf0-81\" data-path-to-node=\"9,0,0\"><b data-path-to-node=\"9,0,0\" data-index-in-node=\"0\">Veja o que voc\u00ea v\u00ea:<\/b><span class=\"citation-228 citation-end-228\"> Utilizando a c\u00e2mera integrada, a IA consegue analisar o ambiente ao seu redor.<\/span> <span class=\"citation-227 citation-end-227\">Voc\u00ea pode perguntar: &quot;Que tipo de planta \u00e9 essa?&quot; ou &quot;Como conserto essa torneira que est\u00e1 pingando?&quot; e receber orienta\u00e7\u00f5es de \u00e1udio em tempo real.<\/span><\/p>\n<\/li>\n<li>\n<p id=\"p-rc_e2de32b3f0a00cf0-82\" data-path-to-node=\"9,1,0\"><b data-path-to-node=\"9,1,0\" data-index-in-node=\"0\">Secret\u00e1rio de IA:<\/b><span class=\"citation-226 citation-end-226\"> Ele gerencia suas tarefas, lembretes e agenda por meio de comandos de voz, funcionando essencialmente como um assistente pessoal com as m\u00e3os livres.<\/span><\/p>\n<\/li>\n<\/ul>\n<h4 data-path-to-node=\"10\"><b data-path-to-node=\"10\" data-index-in-node=\"0\">2. Tecnologia \u00d3ptica de Ponta<\/b><\/h4>\n<ul data-path-to-node=\"11\">\n<li>\n<p id=\"p-rc_e2de32b3f0a00cf0-83\" data-path-to-node=\"11,0,0\"><b data-path-to-node=\"11,0,0\" data-index-in-node=\"0\"><span class=\"citation-225\">MicroLED em cores plenas:<\/span><\/b><span class=\"citation-225\"> A maioria dos \u00f3culos de RA tem problemas com o brilho, mas o X3 Pro atinge um n\u00edvel de brilho excepcional. <\/span><b data-path-to-node=\"11,0,0\" data-index-in-node=\"88\"><span class=\"citation-225\">Brilho m\u00e1ximo de 6.000 nits<\/span><\/b><span class=\"citation-225 citation-end-225\">.<\/span> Isso garante que a tela permane\u00e7a n\u00edtida mesmo sob luz solar direta.<\/p>\n<\/li>\n<li>\n<p id=\"p-rc_e2de32b3f0a00cf0-84\" data-path-to-node=\"11,1,0\"><b data-path-to-node=\"11,1,0\" data-index-in-node=\"0\">Guia de ondas binocular:<\/b><span class=\"citation-224 citation-end-224\"> Diferentemente dos \u00f3culos &quot;monoculares&quot; (como o antigo Google Glass), estes projetam imagens para ambos os olhos, reduzindo o cansa\u00e7o visual e proporcionando uma sobreposi\u00e7\u00e3o de dados mais natural.<\/span><\/p>\n<\/li>\n<\/ul>\n<h4 data-path-to-node=\"12\"><b data-path-to-node=\"12\" data-index-in-node=\"0\">3. Tradu\u00e7\u00e3o em tempo real e teleprompter<\/b><\/h4>\n<ul data-path-to-node=\"13\">\n<li>\n<p id=\"p-rc_e2de32b3f0a00cf0-85\" data-path-to-node=\"13,0,0\"><b data-path-to-node=\"13,0,0\" data-index-in-node=\"0\"><span class=\"citation-223\">Tradu\u00e7\u00e3o global:<\/span><\/b><span class=\"citation-223\"> Capaz de tradu\u00e7\u00e3o em tempo real atrav\u00e9s de <\/span><b data-path-to-node=\"13,0,0\" data-index-in-node=\"60\"><span class=\"citation-223\">Mais de 14 idiomas<\/span><\/b><span class=\"citation-223 citation-end-223\">.<\/span> <span class=\"citation-222 citation-end-222\">Ele pode exibir o texto traduzido como legendas no seu campo de vis\u00e3o ou reproduzi-lo pelos alto-falantes.<\/span><\/p>\n<\/li>\n<li>\n<p id=\"p-rc_e2de32b3f0a00cf0-86\" data-path-to-node=\"13,1,0\"><b data-path-to-node=\"13,1,0\" data-index-in-node=\"0\"><span class=\"citation-221\">Modo Teleprompter:<\/span><\/b><span class=\"citation-221 citation-end-221\"> Ideal para criadores ou oradores, permitindo que voc\u00ea leia roteiros ou anota\u00e7\u00f5es enquanto mant\u00e9m contato visual com seu p\u00fablico ou c\u00e2mera.<\/span><\/p>\n<\/li>\n<\/ul>\n<h4 data-path-to-node=\"14\"><b data-path-to-node=\"14\" data-index-in-node=\"0\">4. Captura e Conectividade<\/b><\/h4>\n<ul data-path-to-node=\"15\">\n<li>\n<p id=\"p-rc_e2de32b3f0a00cf0-87\" data-path-to-node=\"15,0,0\"><b data-path-to-node=\"15,0,0\" data-index-in-node=\"0\"><span class=\"citation-220\">C\u00e2mera de 12MP:<\/span><\/b><span class=\"citation-220 citation-end-220\"> Otimizado para fotos e v\u00eddeos em primeira pessoa.<\/span><\/p>\n<\/li>\n<li>\n<p id=\"p-rc_e2de32b3f0a00cf0-88\" data-path-to-node=\"15,1,0\"><b data-path-to-node=\"15,1,0\" data-index-in-node=\"0\"><span class=\"citation-219\">Liberdade sem amarras:<\/span><\/b><span class=\"citation-219\"> Embora funcione com o seu telefone, o X3 Pro apresenta <\/span><b data-path-to-node=\"15,1,0\" data-index-in-node=\"72\"><span class=\"citation-219\">Wi-Fi 6<\/span><\/b><span class=\"citation-219\"> e um alto desempenho <\/span><b data-path-to-node=\"15,1,0\" data-index-in-node=\"103\"><span class=\"citation-219\">Snapdragon AR1 Gen 1<\/span><\/b><span class=\"citation-219 citation-end-219\"> chip, permitindo que muitos aplicativos sejam executados diretamente nos \u00f3culos.<\/span><\/p>\n<p>&nbsp;<\/li>\n<\/ul>\n<h3 data-path-to-node=\"17\"><b data-path-to-node=\"17\" data-index-in-node=\"3\">Especifica\u00e7\u00f5es t\u00e9cnicas<\/b><\/h3>\n<table data-path-to-node=\"18\">\n<thead>\n<tr>\n<td><strong>Recurso<\/strong><\/td>\n<td><strong>Especifica\u00e7\u00f5es<\/strong><\/td>\n<\/tr>\n<\/thead>\n<tbody>\n<tr>\n<td><span data-path-to-node=\"18,1,0,0\"><b data-path-to-node=\"18,1,0,0\" data-index-in-node=\"0\">Mostrar<\/b><\/span><\/td>\n<td><span data-path-to-node=\"18,1,1,0\">MicroLED duplo em cores plenas (guia de ondas \u00f3ptico)<\/span><\/td>\n<\/tr>\n<tr>\n<td><span data-path-to-node=\"18,2,0,0\"><b data-path-to-node=\"18,2,0,0\" data-index-in-node=\"0\">Brilho<\/b><\/span><\/td>\n<td><span data-path-to-node=\"18,2,1,0\">3.500 nits (m\u00e9dia) \/ 6.000 nits (pico)<\/span><\/td>\n<\/tr>\n<tr>\n<td><span data-path-to-node=\"18,3,0,0\"><b data-path-to-node=\"18,3,0,0\" data-index-in-node=\"0\">Resolu\u00e7\u00e3o<\/b><\/span><\/td>\n<td><span data-path-to-node=\"18,3,1,0\">640 x 480 por olho<\/span><\/td>\n<\/tr>\n<tr>\n<td><span data-path-to-node=\"18,4,0,0\"><b data-path-to-node=\"18,4,0,0\" data-index-in-node=\"0\">Processador<\/b><\/span><\/td>\n<td><span data-path-to-node=\"18,4,1,0\">Qualcomm Snapdragon AR1 Gen 1<\/span><\/td>\n<\/tr>\n<tr>\n<td><span data-path-to-node=\"18,5,0,0\"><b data-path-to-node=\"18,5,0,0\" data-index-in-node=\"0\">C\u00e2mera<\/b><\/span><\/td>\n<td><span data-path-to-node=\"18,5,1,0\">12MP (Sony IMX681)<\/span><\/td>\n<\/tr>\n<tr>\n<td><span data-path-to-node=\"18,6,0,0\"><b data-path-to-node=\"18,6,0,0\" data-index-in-node=\"0\">\u00c1udio<\/b><\/span><\/td>\n<td><span data-path-to-node=\"18,6,1,0\">Forma\u00e7\u00e3o de feixe com tr\u00eas microfones + alto-falantes est\u00e9reo de ouvido aberto<\/span><\/td>\n<\/tr>\n<tr>\n<td><span data-path-to-node=\"18,7,0,0\"><b data-path-to-node=\"18,7,0,0\" data-index-in-node=\"0\">Peso<\/b><\/span><\/td>\n<td><span data-path-to-node=\"18,7,1,0\">76g (Estrutura leve em alum\u00ednio\/tit\u00e2nio)<\/span><\/td>\n<\/tr>\n<tr>\n<td><span data-path-to-node=\"18,8,0,0\"><b data-path-to-node=\"18,8,0,0\" data-index-in-node=\"0\">Bateria<\/b><\/span><\/td>\n<td><span data-path-to-node=\"18,8,1,0\">245 mAh (Suporta carregamento r\u00e1pido de 40 minutos)<\/span><\/td>\n<\/tr>\n<tr>\n<td><span data-path-to-node=\"18,9,0,0\"><b data-path-to-node=\"18,9,0,0\" data-index-in-node=\"0\">SO<\/b><\/span><\/td>\n<td><span data-path-to-node=\"18,9,1,0\">RayNeo AIOS (baseado em Android)<\/span><\/td>\n<\/tr>\n<\/tbody>\n<\/table>\n<p>&nbsp;<\/p>\n<h3 data-path-to-node=\"20\"><b data-path-to-node=\"20\" data-index-in-node=\"3\">para quem \u00e9 isso?<\/b><\/h3>\n<ul data-path-to-node=\"21\">\n<li>\n<p data-path-to-node=\"21,0,0\"><b data-path-to-node=\"21,0,0\" data-index-in-node=\"0\">Adotantes iniciais:<\/b> Para aqueles que desejam experimentar o futuro da computa\u00e7\u00e3o espacial antes que ela se torne totalmente popular.<\/p>\n<\/li>\n<li>\n<p id=\"p-rc_e2de32b3f0a00cf0-89\" data-path-to-node=\"21,1,0\"><b data-path-to-node=\"21,1,0\" data-index-in-node=\"0\"><span class=\"citation-218\">Viajantes:<\/span><\/b><span class=\"citation-218 citation-end-218\"> Pela &quot;m\u00e1gica&quot; da tradu\u00e7\u00e3o de sinaliza\u00e7\u00e3o em tempo real e mapas interativos.<\/span><\/p>\n<\/li>\n<li>\n<p data-path-to-node=\"21,2,0\"><b data-path-to-node=\"21,2,0\" data-index-in-node=\"0\">Criadores de conte\u00fado:<\/b> Para grava\u00e7\u00e3o POV e leitura de roteiro sem esfor\u00e7o em qualquer lugar.<\/p>\n<\/li>\n<\/ul>\n<blockquote data-path-to-node=\"22\">\n<p id=\"p-rc_e2de32b3f0a00cf0-90\" data-path-to-node=\"22,0\"><b data-path-to-node=\"22,0\" data-index-in-node=\"0\">Nota sobre a bateria:<\/b><span class=\"citation-217 citation-end-217\"> Gra\u00e7as \u00e0 combina\u00e7\u00e3o de um processador potente e telas brilhantes em uma arma\u00e7\u00e3o fina de 76g, a dura\u00e7\u00e3o da bateria \u00e9 relativamente curta (aproximadamente 30 a 45 minutos de uso ativo de realidade aumentada).<\/span> Eles s\u00e3o projetados para tarefas &quot;pontuais&quot;, e n\u00e3o para uso cont\u00ednuo em frente \u00e0 tela durante todo o dia.<\/p>\n<\/blockquote>","protected":false},"excerpt":{"rendered":"<p><span class=\"citation-232\">O <\/span><b data-path-to-node=\"0\" data-index-in-node=\"4\"><span class=\"citation-232\">\u00d3culos inteligentes RayNeo X3 Pro AI + AR<\/span><\/b><span class=\"citation-232 citation-end-232\"> representam um salto para a era \u201cp\u00f3s-smartphone\u201d, combinando uma estrutura elegante (embora repleta de tecnologia) com um poderoso mecanismo de IA multimodal.<\/span> Diferentemente dos \u00f3culos com c\u00e2mera b\u00e1sicos, estes possuem um sistema de exibi\u00e7\u00e3o binocular em cores, tornando-os verdadeiros dispositivos vest\u00edveis de realidade aumentada (RA).<\/p>","protected":false},"featured_media":25155,"comment_status":"open","ping_status":"closed","template":"","meta":[],"product_brand":[1414],"product_cat":[1341,1413],"product_tag":[1415,1416],"class_list":{"0":"post-25147","1":"product","2":"type-product","3":"status-publish","4":"has-post-thumbnail","6":"product_brand-rayneo","7":"product_cat-ar-vr","8":"product_cat-rayneo","9":"product_tag-ar-glasses","10":"product_tag-rayneo","12":"first","13":"onbackorder","14":"taxable","15":"shipping-taxable","16":"purchasable","17":"product-type-simple"},"yoast_head":"<!-- This site is optimized with the Yoast SEO plugin v27.4 - https:\/\/yoast.com\/product\/yoast-seo-wordpress\/ -->\n<title>RayNeo X3 Pro AI+AR Smart Glasses - Ghostysky<\/title>\n<meta name=\"description\" content=\"The RayNeo X3 Pro AI+AR Smart Glasses represent a leap into the &quot;post-smartphone&quot; era, combining a stylish (albeit tech-heavy) frame with a powerful multimodal AI engine. Unlike basic camera glasses, these feature a full-color binocular display system, making them a true augmented reality (AR) wearable.\" \/>\n<meta name=\"robots\" content=\"index, follow, max-snippet:-1, max-image-preview:large, max-video-preview:-1\" \/>\n<link rel=\"canonical\" href=\"https:\/\/www.ghostysky.com\/pt\/produto-2\/rayneo-x3-pro-aiar-smart-glasses\/\" \/>\n<meta property=\"og:locale\" content=\"pt_PT\" \/>\n<meta property=\"og:type\" content=\"article\" \/>\n<meta property=\"og:title\" content=\"RayNeo X3 Pro AI+AR Smart Glasses - Ghostysky\" \/>\n<meta property=\"og:description\" content=\"The RayNeo X3 Pro AI+AR Smart Glasses represent a leap into the &quot;post-smartphone&quot; era, combining a stylish (albeit tech-heavy) frame with a powerful multimodal AI engine. Unlike basic camera glasses, these feature a full-color binocular display system, making them a true augmented reality (AR) wearable.\" \/>\n<meta property=\"og:url\" content=\"https:\/\/www.ghostysky.com\/pt\/produto-2\/rayneo-x3-pro-aiar-smart-glasses\/\" \/>\n<meta property=\"og:site_name\" content=\"Ghostysky\" \/>\n<meta property=\"article:publisher\" content=\"https:\/\/www.facebook.com\/people\/Ghostysky\/100057676170234\/\" \/>\n<meta property=\"article:modified_time\" content=\"2026-04-11T07:26:35+00:00\" \/>\n<meta property=\"og:image\" content=\"https:\/\/www.ghostysky.com\/wp-content\/uploads\/2026\/04\/GH_RayNeo-X3-Pro-AIAR-Smart-Glasses_1.webp\" \/>\n\t<meta property=\"og:image:width\" content=\"728\" \/>\n\t<meta property=\"og:image:height\" content=\"728\" \/>\n\t<meta property=\"og:image:type\" content=\"image\/webp\" \/>\n<meta name=\"twitter:card\" content=\"summary_large_image\" \/>\n<meta name=\"twitter:site\" content=\"@Gh0stysky\" \/>\n<meta name=\"twitter:label1\" content=\"Tempo estimado de leitura\" \/>\n\t<meta name=\"twitter:data1\" content=\"2 minutos\" \/>\n<script type=\"application\/ld+json\" class=\"yoast-schema-graph\">{\"@context\":\"https:\\\/\\\/schema.org\",\"@graph\":[{\"@type\":\"WebPage\",\"@id\":\"https:\\\/\\\/www.ghostysky.com\\\/product\\\/rayneo-x3-pro-aiar-smart-glasses\\\/\",\"url\":\"https:\\\/\\\/www.ghostysky.com\\\/product\\\/rayneo-x3-pro-aiar-smart-glasses\\\/\",\"name\":\"RayNeo X3 Pro AI+AR Smart Glasses - Ghostysky\",\"isPartOf\":{\"@id\":\"https:\\\/\\\/www.ghostysky.com\\\/#website\"},\"primaryImageOfPage\":{\"@id\":\"https:\\\/\\\/www.ghostysky.com\\\/product\\\/rayneo-x3-pro-aiar-smart-glasses\\\/#primaryimage\"},\"image\":{\"@id\":\"https:\\\/\\\/www.ghostysky.com\\\/product\\\/rayneo-x3-pro-aiar-smart-glasses\\\/#primaryimage\"},\"thumbnailUrl\":\"https:\\\/\\\/www.ghostysky.com\\\/wp-content\\\/uploads\\\/2026\\\/04\\\/GH_RayNeo-X3-Pro-AIAR-Smart-Glasses_1.webp\",\"datePublished\":\"2026-04-08T16:24:54+00:00\",\"dateModified\":\"2026-04-11T07:26:35+00:00\",\"description\":\"The RayNeo X3 Pro AI+AR Smart Glasses represent a leap into the \\\"post-smartphone\\\" era, combining a stylish (albeit tech-heavy) frame with a powerful multimodal AI engine. Unlike basic camera glasses, these feature a full-color binocular display system, making them a true augmented reality (AR) wearable.\",\"breadcrumb\":{\"@id\":\"https:\\\/\\\/www.ghostysky.com\\\/product\\\/rayneo-x3-pro-aiar-smart-glasses\\\/#breadcrumb\"},\"inLanguage\":\"pt-PT\",\"potentialAction\":[{\"@type\":\"ReadAction\",\"target\":[\"https:\\\/\\\/www.ghostysky.com\\\/product\\\/rayneo-x3-pro-aiar-smart-glasses\\\/\"]}]},{\"@type\":\"ImageObject\",\"inLanguage\":\"pt-PT\",\"@id\":\"https:\\\/\\\/www.ghostysky.com\\\/product\\\/rayneo-x3-pro-aiar-smart-glasses\\\/#primaryimage\",\"url\":\"https:\\\/\\\/www.ghostysky.com\\\/wp-content\\\/uploads\\\/2026\\\/04\\\/GH_RayNeo-X3-Pro-AIAR-Smart-Glasses_1.webp\",\"contentUrl\":\"https:\\\/\\\/www.ghostysky.com\\\/wp-content\\\/uploads\\\/2026\\\/04\\\/GH_RayNeo-X3-Pro-AIAR-Smart-Glasses_1.webp\",\"width\":728,\"height\":728},{\"@type\":\"BreadcrumbList\",\"@id\":\"https:\\\/\\\/www.ghostysky.com\\\/product\\\/rayneo-x3-pro-aiar-smart-glasses\\\/#breadcrumb\",\"itemListElement\":[{\"@type\":\"ListItem\",\"position\":1,\"name\":\"Home\",\"item\":\"https:\\\/\\\/www.ghostysky.com\\\/\"},{\"@type\":\"ListItem\",\"position\":2,\"name\":\"Shop\",\"item\":\"https:\\\/\\\/www.ghostysky.com\\\/shop\\\/\"},{\"@type\":\"ListItem\",\"position\":3,\"name\":\"RayNeo X3 Pro AI+AR Smart Glasses\"}]},{\"@type\":\"WebSite\",\"@id\":\"https:\\\/\\\/www.ghostysky.com\\\/#website\",\"url\":\"https:\\\/\\\/www.ghostysky.com\\\/\",\"name\":\"Ghostysky\",\"description\":\"Delivering professional drones and services\",\"publisher\":{\"@id\":\"https:\\\/\\\/www.ghostysky.com\\\/#organization\"},\"potentialAction\":[{\"@type\":\"SearchAction\",\"target\":{\"@type\":\"EntryPoint\",\"urlTemplate\":\"https:\\\/\\\/www.ghostysky.com\\\/?s={search_term_string}\"},\"query-input\":{\"@type\":\"PropertyValueSpecification\",\"valueRequired\":true,\"valueName\":\"search_term_string\"}}],\"inLanguage\":\"pt-PT\"},{\"@type\":\"Organization\",\"@id\":\"https:\\\/\\\/www.ghostysky.com\\\/#organization\",\"name\":\"Ghostysky\",\"url\":\"https:\\\/\\\/www.ghostysky.com\\\/\",\"logo\":{\"@type\":\"ImageObject\",\"inLanguage\":\"pt-PT\",\"@id\":\"https:\\\/\\\/www.ghostysky.com\\\/#\\\/schema\\\/logo\\\/image\\\/\",\"url\":\"https:\\\/\\\/www.ghostysky.com\\\/wp-content\\\/uploads\\\/2020\\\/06\\\/cropped-ghostyskylogo_text_white2.png\",\"contentUrl\":\"https:\\\/\\\/www.ghostysky.com\\\/wp-content\\\/uploads\\\/2020\\\/06\\\/cropped-ghostyskylogo_text_white2.png\",\"width\":169,\"height\":56,\"caption\":\"Ghostysky\"},\"image\":{\"@id\":\"https:\\\/\\\/www.ghostysky.com\\\/#\\\/schema\\\/logo\\\/image\\\/\"},\"sameAs\":[\"https:\\\/\\\/www.facebook.com\\\/people\\\/Ghostysky\\\/100057676170234\\\/\",\"https:\\\/\\\/x.com\\\/Gh0stysky\",\"https:\\\/\\\/www.linkedin.com\\\/company\\\/34739653\",\"https:\\\/\\\/www.instagram.com\\\/gh0stysky\"]}]}<\/script>\n<!-- \/ Yoast SEO plugin. -->","yoast_head_json":{"title":"\u00d3culos inteligentes RayNeo X3 Pro AI+AR - Ghostysky","description":"Os \u00f3culos inteligentes RayNeo X3 Pro AI+AR representam um salto para a era &quot;p\u00f3s-smartphone&quot;, combinando uma arma\u00e7\u00e3o elegante (embora repleta de tecnologia) com um poderoso mecanismo de IA multimodal. Ao contr\u00e1rio dos \u00f3culos com c\u00e2mera b\u00e1sicos, estes possuem um sistema de exibi\u00e7\u00e3o binocular em cores, tornando-os um verdadeiro dispositivo vest\u00edvel de realidade aumentada (RA).","robots":{"index":"index","follow":"follow","max-snippet":"max-snippet:-1","max-image-preview":"max-image-preview:large","max-video-preview":"max-video-preview:-1"},"canonical":"https:\/\/www.ghostysky.com\/pt\/produto-2\/rayneo-x3-pro-aiar-smart-glasses\/","og_locale":"pt_PT","og_type":"article","og_title":"RayNeo X3 Pro AI+AR Smart Glasses - Ghostysky","og_description":"The RayNeo X3 Pro AI+AR Smart Glasses represent a leap into the \"post-smartphone\" era, combining a stylish (albeit tech-heavy) frame with a powerful multimodal AI engine. Unlike basic camera glasses, these feature a full-color binocular display system, making them a true augmented reality (AR) wearable.","og_url":"https:\/\/www.ghostysky.com\/pt\/produto-2\/rayneo-x3-pro-aiar-smart-glasses\/","og_site_name":"Ghostysky","article_publisher":"https:\/\/www.facebook.com\/people\/Ghostysky\/100057676170234\/","article_modified_time":"2026-04-11T07:26:35+00:00","og_image":[{"width":728,"height":728,"url":"https:\/\/www.ghostysky.com\/wp-content\/uploads\/2026\/04\/GH_RayNeo-X3-Pro-AIAR-Smart-Glasses_1.webp","type":"image\/webp"}],"twitter_card":"summary_large_image","twitter_site":"@Gh0stysky","twitter_misc":{"Tempo estimado de leitura":"2 minutos"},"schema":{"@context":"https:\/\/schema.org","@graph":[{"@type":"WebPage","@id":"https:\/\/www.ghostysky.com\/product\/rayneo-x3-pro-aiar-smart-glasses\/","url":"https:\/\/www.ghostysky.com\/product\/rayneo-x3-pro-aiar-smart-glasses\/","name":"\u00d3culos inteligentes RayNeo X3 Pro AI+AR - Ghostysky","isPartOf":{"@id":"https:\/\/www.ghostysky.com\/#website"},"primaryImageOfPage":{"@id":"https:\/\/www.ghostysky.com\/product\/rayneo-x3-pro-aiar-smart-glasses\/#primaryimage"},"image":{"@id":"https:\/\/www.ghostysky.com\/product\/rayneo-x3-pro-aiar-smart-glasses\/#primaryimage"},"thumbnailUrl":"https:\/\/www.ghostysky.com\/wp-content\/uploads\/2026\/04\/GH_RayNeo-X3-Pro-AIAR-Smart-Glasses_1.webp","datePublished":"2026-04-08T16:24:54+00:00","dateModified":"2026-04-11T07:26:35+00:00","description":"Os \u00f3culos inteligentes RayNeo X3 Pro AI+AR representam um salto para a era &quot;p\u00f3s-smartphone&quot;, combinando uma arma\u00e7\u00e3o elegante (embora repleta de tecnologia) com um poderoso mecanismo de IA multimodal. Ao contr\u00e1rio dos \u00f3culos com c\u00e2mera b\u00e1sicos, estes possuem um sistema de exibi\u00e7\u00e3o binocular em cores, tornando-os um verdadeiro dispositivo vest\u00edvel de realidade aumentada (RA).","breadcrumb":{"@id":"https:\/\/www.ghostysky.com\/product\/rayneo-x3-pro-aiar-smart-glasses\/#breadcrumb"},"inLanguage":"pt-PT","potentialAction":[{"@type":"ReadAction","target":["https:\/\/www.ghostysky.com\/product\/rayneo-x3-pro-aiar-smart-glasses\/"]}]},{"@type":"ImageObject","inLanguage":"pt-PT","@id":"https:\/\/www.ghostysky.com\/product\/rayneo-x3-pro-aiar-smart-glasses\/#primaryimage","url":"https:\/\/www.ghostysky.com\/wp-content\/uploads\/2026\/04\/GH_RayNeo-X3-Pro-AIAR-Smart-Glasses_1.webp","contentUrl":"https:\/\/www.ghostysky.com\/wp-content\/uploads\/2026\/04\/GH_RayNeo-X3-Pro-AIAR-Smart-Glasses_1.webp","width":728,"height":728},{"@type":"BreadcrumbList","@id":"https:\/\/www.ghostysky.com\/product\/rayneo-x3-pro-aiar-smart-glasses\/#breadcrumb","itemListElement":[{"@type":"ListItem","position":1,"name":"Home","item":"https:\/\/www.ghostysky.com\/"},{"@type":"ListItem","position":2,"name":"Shop","item":"https:\/\/www.ghostysky.com\/shop\/"},{"@type":"ListItem","position":3,"name":"RayNeo X3 Pro AI+AR Smart Glasses"}]},{"@type":"WebSite","@id":"https:\/\/www.ghostysky.com\/#website","url":"https:\/\/www.ghostysky.com\/","name":"Ghostysky","description":"Fornecendo drones e servi\u00e7os profissionais","publisher":{"@id":"https:\/\/www.ghostysky.com\/#organization"},"potentialAction":[{"@type":"SearchAction","target":{"@type":"EntryPoint","urlTemplate":"https:\/\/www.ghostysky.com\/?s={search_term_string}"},"query-input":{"@type":"PropertyValueSpecification","valueRequired":true,"valueName":"search_term_string"}}],"inLanguage":"pt-PT"},{"@type":"Organization","@id":"https:\/\/www.ghostysky.com\/#organization","name":"Ghostysky","url":"https:\/\/www.ghostysky.com\/","logo":{"@type":"ImageObject","inLanguage":"pt-PT","@id":"https:\/\/www.ghostysky.com\/#\/schema\/logo\/image\/","url":"https:\/\/www.ghostysky.com\/wp-content\/uploads\/2020\/06\/cropped-ghostyskylogo_text_white2.png","contentUrl":"https:\/\/www.ghostysky.com\/wp-content\/uploads\/2020\/06\/cropped-ghostyskylogo_text_white2.png","width":169,"height":56,"caption":"Ghostysky"},"image":{"@id":"https:\/\/www.ghostysky.com\/#\/schema\/logo\/image\/"},"sameAs":["https:\/\/www.facebook.com\/people\/Ghostysky\/100057676170234\/","https:\/\/x.com\/Gh0stysky","https:\/\/www.linkedin.com\/company\/34739653","https:\/\/www.instagram.com\/gh0stysky"]}]}},"_links":{"self":[{"href":"https:\/\/www.ghostysky.com\/pt\/wp-json\/wp\/v2\/product\/25147","targetHints":{"allow":["GET"]}}],"collection":[{"href":"https:\/\/www.ghostysky.com\/pt\/wp-json\/wp\/v2\/product"}],"about":[{"href":"https:\/\/www.ghostysky.com\/pt\/wp-json\/wp\/v2\/types\/product"}],"replies":[{"embeddable":true,"href":"https:\/\/www.ghostysky.com\/pt\/wp-json\/wp\/v2\/comments?post=25147"}],"version-history":[{"count":0,"href":"https:\/\/www.ghostysky.com\/pt\/wp-json\/wp\/v2\/product\/25147\/revisions"}],"wp:featuredmedia":[{"embeddable":true,"href":"https:\/\/www.ghostysky.com\/pt\/wp-json\/wp\/v2\/media\/25155"}],"wp:attachment":[{"href":"https:\/\/www.ghostysky.com\/pt\/wp-json\/wp\/v2\/media?parent=25147"}],"wp:term":[{"taxonomy":"product_brand","embeddable":true,"href":"https:\/\/www.ghostysky.com\/pt\/wp-json\/wp\/v2\/product_brand?post=25147"},{"taxonomy":"product_cat","embeddable":true,"href":"https:\/\/www.ghostysky.com\/pt\/wp-json\/wp\/v2\/product_cat?post=25147"},{"taxonomy":"product_tag","embeddable":true,"href":"https:\/\/www.ghostysky.com\/pt\/wp-json\/wp\/v2\/product_tag?post=25147"}],"curies":[{"name":"wp","href":"https:\/\/api.w.org\/{rel}","templated":true}]}}