{"id":25174,"date":"2026-04-11T08:00:09","date_gmt":"2026-04-11T08:00:09","guid":{"rendered":"https:\/\/www.ghostysky.com\/?post_type=product&#038;p=25174"},"modified":"2026-04-11T08:31:19","modified_gmt":"2026-04-11T08:31:19","slug":"rayneo-hdmi-to-usb-c-charging-adapter","status":"publish","type":"product","link":"https:\/\/www.ghostysky.com\/pt\/product\/rayneo-hdmi-to-usb-c-charging-adapter\/","title":{"rendered":"Adaptador RayNeo HDMI para USB-C com carregamento"},"content":{"rendered":"<h3 data-path-to-node=\"2\"><b data-path-to-node=\"2\" data-index-in-node=\"0\">Caracter\u00edsticas principais<\/b><\/h3>\n<ul data-path-to-node=\"3\">\n<li>\n<p id=\"p-rc_21d0dd5eefc2186d-27\" data-path-to-node=\"3,0,0\"><b data-path-to-node=\"3,0,0\" data-index-in-node=\"0\"><span class=\"citation-34\">Conectividade Universal:<\/span><\/b><span class=\"citation-34 citation-end-34\"> Converte sinais HDMI de consoles, PCs e laptops em um sinal USB-C compat\u00edvel com os \u00f3culos RayNeo Air 2, Air 2s e Air 3s.<\/span><\/p>\n<\/li>\n<li>\n<p id=\"p-rc_21d0dd5eefc2186d-28\" data-path-to-node=\"3,1,0\"><b data-path-to-node=\"3,1,0\" data-index-in-node=\"0\">Fidelidade visual 4K:<\/b><span class=\"citation-33\"> Suporta resolu\u00e7\u00f5es de at\u00e9 <\/span><b data-path-to-node=\"3,1,0\" data-index-in-node=\"47\"><span class=\"citation-33\">4K a 60Hz<\/span><\/b><span class=\"citation-33\"> (e at\u00e9 <\/span><b data-path-to-node=\"3,1,0\" data-index-in-node=\"68\"><span class=\"citation-33\">1080p a 120Hz<\/span><\/b><span class=\"citation-33 citation-end-33\"> (em modelos compat\u00edveis), garantindo que sua tela virtual permane\u00e7a n\u00edtida e fluida, sem atrasos.<\/span><\/p>\n<\/li>\n<li>\n<p id=\"p-rc_21d0dd5eefc2186d-29\" data-path-to-node=\"3,2,0\"><b data-path-to-node=\"3,2,0\" data-index-in-node=\"0\">Carregamento simult\u00e2neo:<\/b><span class=\"citation-32 citation-end-32\"> Possui uma porta de entrada de energia dedicada (USB-C PD) que fornece energia aos seus \u00f3culos e ao dispositivo de origem, evitando as interrup\u00e7\u00f5es por &quot;bateria fraca&quot; comuns durante filmes longos ou maratonas de jogos.<\/span><\/p>\n<\/li>\n<li>\n<p id=\"p-rc_21d0dd5eefc2186d-30\" data-path-to-node=\"3,3,0\"><b data-path-to-node=\"3,3,0\" data-index-in-node=\"0\">Plug-and-Play:<\/b><span class=\"citation-31 citation-end-31\"> N\u00e3o s\u00e3o necess\u00e1rios drivers ou softwares complexos.<\/span> Basta conectar a fonte HDMI, ligar o cabo de alimenta\u00e7\u00e3o e colocar os \u00f3culos para come\u00e7ar sua experi\u00eancia imersiva.<\/p>\n<\/li>\n<li>\n<p id=\"p-rc_21d0dd5eefc2186d-31\" data-path-to-node=\"3,4,0\"><b data-path-to-node=\"3,4,0\" data-index-in-node=\"0\">Compacto e port\u00e1til:<\/b><span class=\"citation-30 citation-end-30\"> A constru\u00e7\u00e3o leve em liga de alum\u00ednio torna-o o companheiro de viagem perfeito para transformar qualquer quarto de hotel ou assento de avi\u00e3o em um cinema particular.<\/span><\/p>\n<p>&nbsp;<\/li>\n<\/ul>\n<h3 data-path-to-node=\"5\"><b data-path-to-node=\"5\" data-index-in-node=\"0\">Especifica\u00e7\u00f5es t\u00e9cnicas<\/b><\/h3>\n<table data-path-to-node=\"6\">\n<thead>\n<tr>\n<td><strong>Recurso<\/strong><\/td>\n<td><strong>Detalhes<\/strong><\/td>\n<\/tr>\n<\/thead>\n<tbody>\n<tr>\n<td><span data-path-to-node=\"6,1,0,0\"><b data-path-to-node=\"6,1,0,0\" data-index-in-node=\"0\">Porta de entrada<\/b><\/span><\/td>\n<td><span data-path-to-node=\"6,1,1,0\">1x HDMI (Macho)<\/span><\/td>\n<\/tr>\n<tr>\n<td><span data-path-to-node=\"6,2,0,0\"><b data-path-to-node=\"6,2,0,0\" data-index-in-node=\"0\">Porta de sa\u00edda<\/b><\/span><\/td>\n<td><span data-path-to-node=\"6,2,1,0\">1x USB-C (F\u00eamea, para \u00f3culos de RA)<\/span><\/td>\n<\/tr>\n<tr>\n<td><span data-path-to-node=\"6,3,0,0\"><b data-path-to-node=\"6,3,0,0\" data-index-in-node=\"0\">Porta de alimenta\u00e7\u00e3o<\/b><\/span><\/td>\n<td><span data-path-to-node=\"6,3,1,0\">1x USB-C (entrada Power Delivery)<\/span><\/td>\n<\/tr>\n<tr>\n<td><span data-path-to-node=\"6,4,0,0\"><b data-path-to-node=\"6,4,0,0\" data-index-in-node=\"0\">Resolu\u00e7\u00e3o m\u00e1xima<\/b><\/span><\/td>\n<td><span data-path-to-node=\"6,4,1,0\">4K a 60Hz \/ 1080p a 120Hz<\/span><\/td>\n<\/tr>\n<tr>\n<td><span data-path-to-node=\"6,5,0,0\"><b data-path-to-node=\"6,5,0,0\" data-index-in-node=\"0\">Material<\/b><\/span><\/td>\n<td><span data-path-to-node=\"6,5,1,0\">Liga de alum\u00ednio premium para dissipa\u00e7\u00e3o de calor<\/span><\/td>\n<\/tr>\n<tr>\n<td><span data-path-to-node=\"6,6,0,0\"><b data-path-to-node=\"6,6,0,0\" data-index-in-node=\"0\">Compatibilidade<\/b><\/span><\/td>\n<td><span data-path-to-node=\"6,6,1,0\">\u00d3culos das s\u00e9ries RayNeo Air, XREAL, Rokid e Viture.<\/span><\/td>\n<\/tr>\n<\/tbody>\n<\/table>\n<p>&nbsp;<\/p>\n<h3 data-path-to-node=\"8\"><b data-path-to-node=\"8\" data-index-in-node=\"0\">Cen\u00e1rios de uso<\/b><\/h3>\n<ul data-path-to-node=\"9\">\n<li>\n<p data-path-to-node=\"9,0,0\"><b data-path-to-node=\"9,0,0\" data-index-in-node=\"0\">Jogos:<\/b> Conecte seu <b data-path-to-node=\"9,0,0\" data-index-in-node=\"21\">Nintendo Switch<\/b> ou <b data-path-to-node=\"9,0,0\" data-index-in-node=\"40\">Conv\u00e9s de vapor<\/b> Para desfrutar de uma tela virtual de 201 polegadas enquanto mant\u00e9m o dispositivo port\u00e1til carregado.<\/p>\n<\/li>\n<li>\n<p data-path-to-node=\"9,1,0\"><b data-path-to-node=\"9,1,0\" data-index-in-node=\"0\">Viagens Cinematogr\u00e1ficas:<\/b> Conecte um Fire TV Stick ou Apple TV para assistir a filmes em alta defini\u00e7\u00e3o onde quer que esteja.<\/p>\n<\/li>\n<li>\n<p data-path-to-node=\"9,2,0\"><b data-path-to-node=\"9,2,0\" data-index-in-node=\"0\">Dispositivos legados:<\/b> Use-o com laptops ou PCs mais antigos que n\u00e3o possuem uma sa\u00edda nativa &quot;DisplayPort sobre USB-C&quot;, mas t\u00eam uma porta HDMI padr\u00e3o.<\/p>\n<\/li>\n<\/ul>\n<blockquote data-path-to-node=\"10\">\n<p data-path-to-node=\"10,0\"><b data-path-to-node=\"10,0\" data-index-in-node=\"0\">Observa\u00e7\u00e3o:<\/b> Para obter o melhor desempenho, recomenda-se o uso de um carregador PD de alta pot\u00eancia (pelo menos 30W-45W) para garantir que tanto o adaptador quanto os \u00f3culos conectados recebam energia est\u00e1vel.<\/p>\n<\/blockquote>","protected":false},"excerpt":{"rendered":"<p>Aprimore sua experi\u00eancia de RA com o <b data-path-to-node=\"0\" data-index-in-node=\"36\">Adaptador RayNeo HDMI para USB-C com carregamento<\/b>. <span class=\"citation-35 citation-end-35\">Esta ponte essencial permite conectar seus \u00f3culos de realidade aumentada a praticamente qualquer dispositivo com entrada HDMI \u2014 incluindo consoles de jogos (PS5, Xbox, Switch), laptops e dispositivos de streaming \u2014 mantendo seus \u00f3culos carregados durante sess\u00f5es prolongadas.<\/span><\/p>","protected":false},"featured_media":25178,"comment_status":"open","ping_status":"closed","template":"","meta":[],"product_brand":[1414],"product_cat":[1341,1413],"product_tag":[1416,1417],"class_list":{"0":"post-25174","1":"product","2":"type-product","3":"status-publish","4":"has-post-thumbnail","6":"product_brand-rayneo","7":"product_cat-ar-vr","8":"product_cat-rayneo","9":"product_tag-rayneo","10":"product_tag-rayneo-glasses-accessories","12":"first","13":"onbackorder","14":"taxable","15":"shipping-taxable","16":"purchasable","17":"product-type-simple"},"yoast_head":"<!-- This site is optimized with the Yoast SEO plugin v27.1.1 - https:\/\/yoast.com\/product\/yoast-seo-wordpress\/ -->\n<title>RayNeo HDMI to USB-C Charging Adapter - Ghostysky<\/title>\n<meta name=\"description\" content=\"Elevate your AR experience with the RayNeo HDMI to USB-C Charging Adapter. This essential bridge allows you to connect your AR glasses to almost any HDMI-enabled device\u2014including gaming consoles (PS5, Xbox, Switch), laptops, and streaming sticks\u2014while keeping your glasses powered for extended sessions.\" \/>\n<meta name=\"robots\" content=\"index, follow, max-snippet:-1, max-image-preview:large, max-video-preview:-1\" \/>\n<link rel=\"canonical\" href=\"https:\/\/www.ghostysky.com\/pt\/produto-2\/rayneo-hdmi-to-usb-c-charging-adapter\/\" \/>\n<meta property=\"og:locale\" content=\"pt_PT\" \/>\n<meta property=\"og:type\" content=\"article\" \/>\n<meta property=\"og:title\" content=\"RayNeo HDMI to USB-C Charging Adapter - Ghostysky\" \/>\n<meta property=\"og:description\" content=\"Elevate your AR experience with the RayNeo HDMI to USB-C Charging Adapter. This essential bridge allows you to connect your AR glasses to almost any HDMI-enabled device\u2014including gaming consoles (PS5, Xbox, Switch), laptops, and streaming sticks\u2014while keeping your glasses powered for extended sessions.\" \/>\n<meta property=\"og:url\" content=\"https:\/\/www.ghostysky.com\/pt\/produto-2\/rayneo-hdmi-to-usb-c-charging-adapter\/\" \/>\n<meta property=\"og:site_name\" content=\"Ghostysky\" \/>\n<meta property=\"article:publisher\" content=\"https:\/\/www.facebook.com\/people\/Ghostysky\/100057676170234\/\" \/>\n<meta property=\"article:modified_time\" content=\"2026-04-11T08:31:19+00:00\" \/>\n<meta property=\"og:image\" content=\"https:\/\/www.ghostysky.com\/wp-content\/uploads\/2026\/04\/GH_RayNeo-HDMI-to-USB-C-Charging-Adapter_1.webp\" \/>\n\t<meta property=\"og:image:width\" content=\"600\" \/>\n\t<meta property=\"og:image:height\" content=\"600\" \/>\n\t<meta property=\"og:image:type\" content=\"image\/webp\" \/>\n<meta name=\"twitter:card\" content=\"summary_large_image\" \/>\n<meta name=\"twitter:site\" content=\"@Gh0stysky\" \/>\n<meta name=\"twitter:label1\" content=\"Tempo estimado de leitura\" \/>\n\t<meta name=\"twitter:data1\" content=\"2 minutos\" \/>\n<script type=\"application\/ld+json\" class=\"yoast-schema-graph\">{\"@context\":\"https:\/\/schema.org\",\"@graph\":[{\"@type\":\"WebPage\",\"@id\":\"https:\/\/www.ghostysky.com\/product\/rayneo-hdmi-to-usb-c-charging-adapter\/\",\"url\":\"https:\/\/www.ghostysky.com\/product\/rayneo-hdmi-to-usb-c-charging-adapter\/\",\"name\":\"RayNeo HDMI to USB-C Charging Adapter - Ghostysky\",\"isPartOf\":{\"@id\":\"https:\/\/www.ghostysky.com\/#website\"},\"primaryImageOfPage\":{\"@id\":\"https:\/\/www.ghostysky.com\/product\/rayneo-hdmi-to-usb-c-charging-adapter\/#primaryimage\"},\"image\":{\"@id\":\"https:\/\/www.ghostysky.com\/product\/rayneo-hdmi-to-usb-c-charging-adapter\/#primaryimage\"},\"thumbnailUrl\":\"https:\/\/www.ghostysky.com\/wp-content\/uploads\/2026\/04\/GH_RayNeo-HDMI-to-USB-C-Charging-Adapter_1.webp\",\"datePublished\":\"2026-04-11T08:00:09+00:00\",\"dateModified\":\"2026-04-11T08:31:19+00:00\",\"description\":\"Elevate your AR experience with the RayNeo HDMI to USB-C Charging Adapter. This essential bridge allows you to connect your AR glasses to almost any HDMI-enabled device\u2014including gaming consoles (PS5, Xbox, Switch), laptops, and streaming sticks\u2014while keeping your glasses powered for extended sessions.\",\"breadcrumb\":{\"@id\":\"https:\/\/www.ghostysky.com\/product\/rayneo-hdmi-to-usb-c-charging-adapter\/#breadcrumb\"},\"inLanguage\":\"pt-PT\",\"potentialAction\":[{\"@type\":\"ReadAction\",\"target\":[\"https:\/\/www.ghostysky.com\/product\/rayneo-hdmi-to-usb-c-charging-adapter\/\"]}]},{\"@type\":\"ImageObject\",\"inLanguage\":\"pt-PT\",\"@id\":\"https:\/\/www.ghostysky.com\/product\/rayneo-hdmi-to-usb-c-charging-adapter\/#primaryimage\",\"url\":\"https:\/\/www.ghostysky.com\/wp-content\/uploads\/2026\/04\/GH_RayNeo-HDMI-to-USB-C-Charging-Adapter_1.webp\",\"contentUrl\":\"https:\/\/www.ghostysky.com\/wp-content\/uploads\/2026\/04\/GH_RayNeo-HDMI-to-USB-C-Charging-Adapter_1.webp\",\"width\":600,\"height\":600},{\"@type\":\"BreadcrumbList\",\"@id\":\"https:\/\/www.ghostysky.com\/product\/rayneo-hdmi-to-usb-c-charging-adapter\/#breadcrumb\",\"itemListElement\":[{\"@type\":\"ListItem\",\"position\":1,\"name\":\"Home\",\"item\":\"https:\/\/www.ghostysky.com\/\"},{\"@type\":\"ListItem\",\"position\":2,\"name\":\"Shop\",\"item\":\"https:\/\/www.ghostysky.com\/shop\/\"},{\"@type\":\"ListItem\",\"position\":3,\"name\":\"RayNeo HDMI to USB-C Charging Adapter\"}]},{\"@type\":\"WebSite\",\"@id\":\"https:\/\/www.ghostysky.com\/#website\",\"url\":\"https:\/\/www.ghostysky.com\/\",\"name\":\"Ghostysky\",\"description\":\"Delivering professional drones and services\",\"publisher\":{\"@id\":\"https:\/\/www.ghostysky.com\/#organization\"},\"potentialAction\":[{\"@type\":\"SearchAction\",\"target\":{\"@type\":\"EntryPoint\",\"urlTemplate\":\"https:\/\/www.ghostysky.com\/?s={search_term_string}\"},\"query-input\":{\"@type\":\"PropertyValueSpecification\",\"valueRequired\":true,\"valueName\":\"search_term_string\"}}],\"inLanguage\":\"pt-PT\"},{\"@type\":\"Organization\",\"@id\":\"https:\/\/www.ghostysky.com\/#organization\",\"name\":\"Ghostysky\",\"url\":\"https:\/\/www.ghostysky.com\/\",\"logo\":{\"@type\":\"ImageObject\",\"inLanguage\":\"pt-PT\",\"@id\":\"https:\/\/www.ghostysky.com\/#\/schema\/logo\/image\/\",\"url\":\"https:\/\/www.ghostysky.com\/wp-content\/uploads\/2020\/06\/cropped-ghostyskylogo_text_white2.png\",\"contentUrl\":\"https:\/\/www.ghostysky.com\/wp-content\/uploads\/2020\/06\/cropped-ghostyskylogo_text_white2.png\",\"width\":169,\"height\":56,\"caption\":\"Ghostysky\"},\"image\":{\"@id\":\"https:\/\/www.ghostysky.com\/#\/schema\/logo\/image\/\"},\"sameAs\":[\"https:\/\/www.facebook.com\/people\/Ghostysky\/100057676170234\/\",\"https:\/\/x.com\/Gh0stysky\",\"https:\/\/www.linkedin.com\/company\/34739653\",\"https:\/\/www.instagram.com\/gh0stysky\"]}]}<\/script>\n<!-- \/ Yoast SEO plugin. -->","yoast_head_json":{"title":"Adaptador RayNeo HDMI para USB-C com carregamento - Ghostysky","description":"Aprimore sua experi\u00eancia de RA com o Adaptador de Carregamento HDMI para USB-C da RayNeo. Esta ponte essencial permite conectar seus \u00f3culos de RA a praticamente qualquer dispositivo com entrada HDMI \u2014 incluindo consoles de jogos (PS5, Xbox, Switch), laptops e dispositivos de streaming \u2014 mantendo seus \u00f3culos carregados por longos per\u00edodos.","robots":{"index":"index","follow":"follow","max-snippet":"max-snippet:-1","max-image-preview":"max-image-preview:large","max-video-preview":"max-video-preview:-1"},"canonical":"https:\/\/www.ghostysky.com\/pt\/produto-2\/rayneo-hdmi-to-usb-c-charging-adapter\/","og_locale":"pt_PT","og_type":"article","og_title":"RayNeo HDMI to USB-C Charging Adapter - Ghostysky","og_description":"Elevate your AR experience with the RayNeo HDMI to USB-C Charging Adapter. This essential bridge allows you to connect your AR glasses to almost any HDMI-enabled device\u2014including gaming consoles (PS5, Xbox, Switch), laptops, and streaming sticks\u2014while keeping your glasses powered for extended sessions.","og_url":"https:\/\/www.ghostysky.com\/pt\/produto-2\/rayneo-hdmi-to-usb-c-charging-adapter\/","og_site_name":"Ghostysky","article_publisher":"https:\/\/www.facebook.com\/people\/Ghostysky\/100057676170234\/","article_modified_time":"2026-04-11T08:31:19+00:00","og_image":[{"width":600,"height":600,"url":"https:\/\/www.ghostysky.com\/wp-content\/uploads\/2026\/04\/GH_RayNeo-HDMI-to-USB-C-Charging-Adapter_1.webp","type":"image\/webp"}],"twitter_card":"summary_large_image","twitter_site":"@Gh0stysky","twitter_misc":{"Tempo estimado de leitura":"2 minutos"},"schema":{"@context":"https:\/\/schema.org","@graph":[{"@type":"WebPage","@id":"https:\/\/www.ghostysky.com\/product\/rayneo-hdmi-to-usb-c-charging-adapter\/","url":"https:\/\/www.ghostysky.com\/product\/rayneo-hdmi-to-usb-c-charging-adapter\/","name":"Adaptador RayNeo HDMI para USB-C com carregamento - Ghostysky","isPartOf":{"@id":"https:\/\/www.ghostysky.com\/#website"},"primaryImageOfPage":{"@id":"https:\/\/www.ghostysky.com\/product\/rayneo-hdmi-to-usb-c-charging-adapter\/#primaryimage"},"image":{"@id":"https:\/\/www.ghostysky.com\/product\/rayneo-hdmi-to-usb-c-charging-adapter\/#primaryimage"},"thumbnailUrl":"https:\/\/www.ghostysky.com\/wp-content\/uploads\/2026\/04\/GH_RayNeo-HDMI-to-USB-C-Charging-Adapter_1.webp","datePublished":"2026-04-11T08:00:09+00:00","dateModified":"2026-04-11T08:31:19+00:00","description":"Aprimore sua experi\u00eancia de RA com o Adaptador de Carregamento HDMI para USB-C da RayNeo. Esta ponte essencial permite conectar seus \u00f3culos de RA a praticamente qualquer dispositivo com entrada HDMI \u2014 incluindo consoles de jogos (PS5, Xbox, Switch), laptops e dispositivos de streaming \u2014 mantendo seus \u00f3culos carregados por longos per\u00edodos.","breadcrumb":{"@id":"https:\/\/www.ghostysky.com\/product\/rayneo-hdmi-to-usb-c-charging-adapter\/#breadcrumb"},"inLanguage":"pt-PT","potentialAction":[{"@type":"ReadAction","target":["https:\/\/www.ghostysky.com\/product\/rayneo-hdmi-to-usb-c-charging-adapter\/"]}]},{"@type":"ImageObject","inLanguage":"pt-PT","@id":"https:\/\/www.ghostysky.com\/product\/rayneo-hdmi-to-usb-c-charging-adapter\/#primaryimage","url":"https:\/\/www.ghostysky.com\/wp-content\/uploads\/2026\/04\/GH_RayNeo-HDMI-to-USB-C-Charging-Adapter_1.webp","contentUrl":"https:\/\/www.ghostysky.com\/wp-content\/uploads\/2026\/04\/GH_RayNeo-HDMI-to-USB-C-Charging-Adapter_1.webp","width":600,"height":600},{"@type":"BreadcrumbList","@id":"https:\/\/www.ghostysky.com\/product\/rayneo-hdmi-to-usb-c-charging-adapter\/#breadcrumb","itemListElement":[{"@type":"ListItem","position":1,"name":"Home","item":"https:\/\/www.ghostysky.com\/"},{"@type":"ListItem","position":2,"name":"Shop","item":"https:\/\/www.ghostysky.com\/shop\/"},{"@type":"ListItem","position":3,"name":"RayNeo HDMI to USB-C Charging Adapter"}]},{"@type":"WebSite","@id":"https:\/\/www.ghostysky.com\/#website","url":"https:\/\/www.ghostysky.com\/","name":"Ghostysky","description":"Fornecendo drones e servi\u00e7os profissionais","publisher":{"@id":"https:\/\/www.ghostysky.com\/#organization"},"potentialAction":[{"@type":"SearchAction","target":{"@type":"EntryPoint","urlTemplate":"https:\/\/www.ghostysky.com\/?s={search_term_string}"},"query-input":{"@type":"PropertyValueSpecification","valueRequired":true,"valueName":"search_term_string"}}],"inLanguage":"pt-PT"},{"@type":"Organization","@id":"https:\/\/www.ghostysky.com\/#organization","name":"Ghostysky","url":"https:\/\/www.ghostysky.com\/","logo":{"@type":"ImageObject","inLanguage":"pt-PT","@id":"https:\/\/www.ghostysky.com\/#\/schema\/logo\/image\/","url":"https:\/\/www.ghostysky.com\/wp-content\/uploads\/2020\/06\/cropped-ghostyskylogo_text_white2.png","contentUrl":"https:\/\/www.ghostysky.com\/wp-content\/uploads\/2020\/06\/cropped-ghostyskylogo_text_white2.png","width":169,"height":56,"caption":"Ghostysky"},"image":{"@id":"https:\/\/www.ghostysky.com\/#\/schema\/logo\/image\/"},"sameAs":["https:\/\/www.facebook.com\/people\/Ghostysky\/100057676170234\/","https:\/\/x.com\/Gh0stysky","https:\/\/www.linkedin.com\/company\/34739653","https:\/\/www.instagram.com\/gh0stysky"]}]}},"_links":{"self":[{"href":"https:\/\/www.ghostysky.com\/pt\/wp-json\/wp\/v2\/product\/25174","targetHints":{"allow":["GET"]}}],"collection":[{"href":"https:\/\/www.ghostysky.com\/pt\/wp-json\/wp\/v2\/product"}],"about":[{"href":"https:\/\/www.ghostysky.com\/pt\/wp-json\/wp\/v2\/types\/product"}],"replies":[{"embeddable":true,"href":"https:\/\/www.ghostysky.com\/pt\/wp-json\/wp\/v2\/comments?post=25174"}],"wp:featuredmedia":[{"embeddable":true,"href":"https:\/\/www.ghostysky.com\/pt\/wp-json\/wp\/v2\/media\/25178"}],"wp:attachment":[{"href":"https:\/\/www.ghostysky.com\/pt\/wp-json\/wp\/v2\/media?parent=25174"}],"wp:term":[{"taxonomy":"product_brand","embeddable":true,"href":"https:\/\/www.ghostysky.com\/pt\/wp-json\/wp\/v2\/product_brand?post=25174"},{"taxonomy":"product_cat","embeddable":true,"href":"https:\/\/www.ghostysky.com\/pt\/wp-json\/wp\/v2\/product_cat?post=25174"},{"taxonomy":"product_tag","embeddable":true,"href":"https:\/\/www.ghostysky.com\/pt\/wp-json\/wp\/v2\/product_tag?post=25174"}],"curies":[{"name":"wp","href":"https:\/\/api.w.org\/{rel}","templated":true}]}}