{"id":25242,"date":"2026-04-12T08:03:59","date_gmt":"2026-04-12T08:03:59","guid":{"rendered":"https:\/\/www.ghostysky.com\/?post_type=product&#038;p=25242"},"modified":"2026-04-12T08:11:07","modified_gmt":"2026-04-12T08:11:07","slug":"yuhesen-fr-max-70ah","status":"publish","type":"product","link":"https:\/\/www.ghostysky.com\/pt\/product\/yuhesen-fr-max-70ah\/","title":{"rendered":"Yuhesen FR-Max (70AH)"},"content":{"rendered":"<h3 data-path-to-node=\"2\"><b data-path-to-node=\"2\" data-index-in-node=\"0\">Caracter\u00edsticas principais<\/b><\/h3>\n<ul data-path-to-node=\"3\">\n<li>\n<p id=\"p-rc_30410776a2c5e758-25\" data-path-to-node=\"3,0,0\"><b data-path-to-node=\"3,0,0\" data-index-in-node=\"0\"><span class=\"citation-23\">Mobilidade omnidirecional:<\/span><\/b><span class=\"citation-23 citation-end-23\"> Equipado com um sistema de tra\u00e7\u00e3o e dire\u00e7\u00e3o independentes nas quatro rodas (4WD\/4WS), o FR-max suporta manobras complexas, incluindo dire\u00e7\u00e3o com piv\u00f4, deslocamento lateral (movimento de caranguejo) e movimento obl\u00edquo.<\/span><\/p>\n<\/li>\n<li>\n<p id=\"p-rc_30410776a2c5e758-26\" data-path-to-node=\"3,1,0\"><b data-path-to-node=\"3,1,0\" data-index-in-node=\"0\">Desempenho robusto:<\/b><span class=\"citation-22 citation-end-22\"> Constru\u00eddo com uma estrutura integrada de alta resist\u00eancia, foi projetado para transportar cargas \u00fateis substanciais em superf\u00edcies irregulares.<\/span><\/p>\n<\/li>\n<li>\n<p id=\"p-rc_30410776a2c5e758-27\" data-path-to-node=\"3,2,0\"><b data-path-to-node=\"3,2,0\" data-index-in-node=\"0\"><span class=\"citation-21\">Suspens\u00e3o avan\u00e7ada:<\/span><\/b><span class=\"citation-21\"> Equipado com um sistema de suspens\u00e3o independente e uma altura livre do solo de aproximadamente <\/span><b data-path-to-node=\"3,2,0\" data-index-in-node=\"108\"><span class=\"citation-21\">100 mm<\/span><\/b><span class=\"citation-21 citation-end-21\">, permitindo-lhe ultrapassar obst\u00e1culos e navegar em ambientes acidentados.<\/span><\/p>\n<\/li>\n<li>\n<p data-path-to-node=\"3,3,0\"><b data-path-to-node=\"3,3,0\" data-index-in-node=\"0\">Prote\u00e7\u00e3o de n\u00edvel industrial:<\/b> Normalmente avaliado em <b data-path-to-node=\"3,3,0\" data-index-in-node=\"48\">IP44<\/b>, tornando-o resistente a respingos e adequado para uso industrial tanto em ambientes internos quanto externos.<\/p>\n<\/li>\n<li>\n<p id=\"p-rc_30410776a2c5e758-28\" data-path-to-node=\"3,4,0\"><b data-path-to-node=\"3,4,0\" data-index-in-node=\"0\">Controle Inteligente:<\/b><span class=\"citation-20 citation-end-20\"> Suporta comunica\u00e7\u00e3o CAN2.0B e \u00e9 compat\u00edvel com pacotes de driver ROS padr\u00e3o (SDK), tornando-se um dos favoritos entre pesquisadores e desenvolvedores.<\/span><\/p>\n<p>&nbsp;<\/li>\n<\/ul>\n<h3 data-path-to-node=\"5\"><b data-path-to-node=\"5\" data-index-in-node=\"0\">Especifica\u00e7\u00f5es t\u00e9cnicas (configura\u00e7\u00e3o de 70Ah)<\/b><\/h3>\n<table data-path-to-node=\"6\">\n<thead>\n<tr>\n<td><strong>Recurso<\/strong><\/td>\n<td><strong>Especifica\u00e7\u00f5es<\/strong><\/td>\n<\/tr>\n<\/thead>\n<tbody>\n<tr>\n<td><span data-path-to-node=\"6,1,0,0\"><b data-path-to-node=\"6,1,0,0\" data-index-in-node=\"0\">Capacidade da bateria<\/b><\/span><\/td>\n<td><span data-path-to-node=\"6,1,1,0\">48V \/ 70Ah (L\u00edtio de Alta Resist\u00eancia)<\/span><\/td>\n<\/tr>\n<tr>\n<td><span data-path-to-node=\"6,2,0,0\"><b data-path-to-node=\"6,2,0,0\" data-index-in-node=\"0\">Carga \u00fatil m\u00e1xima<\/b><\/span><\/td>\n<td><span data-path-to-node=\"6,2,1,0\">250 kg \u2013 300 kg (dependendo do modelo)<\/span><\/td>\n<\/tr>\n<tr>\n<td><span data-path-to-node=\"6,3,0,0\"><b data-path-to-node=\"6,3,0,0\" data-index-in-node=\"0\">Velocidade m\u00e1xima<\/b><\/span><\/td>\n<td><span data-path-to-node=\"6,3,1,0\">~7,2 km\/h<\/span><\/td>\n<\/tr>\n<tr>\n<td><span data-path-to-node=\"6,4,0,0\"><b data-path-to-node=\"6,4,0,0\" data-index-in-node=\"0\">Autonomia (70Ah)<\/b><\/span><\/td>\n<td><span data-path-to-node=\"6,4,1,0\">At\u00e9 <b data-path-to-node=\"6,4,1,0\" data-index-in-node=\"6\">120 km<\/b> (sem carga) \/ <b data-path-to-node=\"6,4,1,0\" data-index-in-node=\"24\">55 km<\/b> (carregado)<\/span><\/td>\n<\/tr>\n<tr>\n<td><span data-path-to-node=\"6,5,0,0\"><b data-path-to-node=\"6,5,0,0\" data-index-in-node=\"0\">Habilidade de escalada<\/b><\/span><\/td>\n<td><span data-path-to-node=\"6,5,1,0\">20\u00b0 (sem carga) \/ 10\u00b0 (com carga)<\/span><\/td>\n<\/tr>\n<tr>\n<td><span data-path-to-node=\"6,6,0,0\"><b data-path-to-node=\"6,6,0,0\" data-index-in-node=\"0\">Tempo de carregamento<\/b><\/span><\/td>\n<td><span data-path-to-node=\"6,6,1,0\">4 a 5 horas (com adaptador de 10A)<\/span><\/td>\n<\/tr>\n<tr>\n<td><span data-path-to-node=\"6,7,0,0\"><b data-path-to-node=\"6,7,0,0\" data-index-in-node=\"0\">Motores de acionamento<\/b><\/span><\/td>\n<td><span data-path-to-node=\"6,7,1,0\">4 motores de cubo de 600 W<\/span><\/td>\n<\/tr>\n<tr>\n<td><span data-path-to-node=\"6,8,0,0\"><b data-path-to-node=\"6,8,0,0\" data-index-in-node=\"0\">Temperatura de opera\u00e7\u00e3o<\/b><\/span><\/td>\n<td><span data-path-to-node=\"6,8,1,0\">-20\u00b0C a 50\u00b0C<\/span><\/td>\n<\/tr>\n<\/tbody>\n<\/table>\n<p>&nbsp;<\/p>\n<h3 data-path-to-node=\"8\"><b data-path-to-node=\"8\" data-index-in-node=\"0\">Melhores casos de uso<\/b><\/h3>\n<ul data-path-to-node=\"9\">\n<li>\n<p data-path-to-node=\"9,0,0\"><b data-path-to-node=\"9,0,0\" data-index-in-node=\"0\">Log\u00edstica Industrial:<\/b> Movimenta\u00e7\u00e3o de materiais pesados em corredores estreitos de armaz\u00e9ns utilizando recursos de deslocamento lateral.<\/p>\n<\/li>\n<li>\n<p data-path-to-node=\"9,1,0\"><b data-path-to-node=\"9,1,0\" data-index-in-node=\"0\">Inspe\u00e7\u00e3o Aut\u00f4noma:<\/b> Seguran\u00e7a perimetral de longo alcance ou monitoramento de instala\u00e7\u00f5es onde o alcance estendido da bateria de 70Ah \u00e9 crucial.<\/p>\n<\/li>\n<li>\n<p data-path-to-node=\"9,2,0\"><b data-path-to-node=\"9,2,0\" data-index-in-node=\"0\">Pesquisa e Desenvolvimento:<\/b> Uma plataforma robusta para testar algoritmos SLAM, navega\u00e7\u00e3o por IA e fus\u00e3o de sensores em condi\u00e7\u00f5es do mundo real.<\/p>\n<\/li>\n<li>\n<p data-path-to-node=\"9,3,0\"><b data-path-to-node=\"9,3,0\" data-index-in-node=\"0\">Explora\u00e7\u00e3o ao ar livre:<\/b> Navegando por cascalho, grama e pequenas inclina\u00e7\u00f5es que impediriam rob\u00f4s convencionais com rodas.<\/p>\n<\/li>\n<\/ul>\n<blockquote data-path-to-node=\"10\">\n<p data-path-to-node=\"10,0\"><b data-path-to-node=\"10,0\" data-index-in-node=\"0\">Observa\u00e7\u00e3o:<\/b> Como a Yuhesen atualiza seu hardware com frequ\u00eancia, \u00e9 sempre recomend\u00e1vel verificar a carga \u00fatil exata e a classifica\u00e7\u00e3o IP do seu lote de produ\u00e7\u00e3o espec\u00edfico, pois podem ocorrer pequenos ajustes de design entre as vers\u00f5es \u201cFR-max\u201d e \u201cFR-max Pro\u201d.<\/p>\n<\/blockquote>\n<h3 data-path-to-node=\"9\"><b data-path-to-node=\"9\" data-index-in-node=\"0\">Especifica\u00e7\u00f5es t\u00e9cnicas (detalhadas)<\/b><\/h3>\n<p><a href=\"https:\/\/www.ghostysky.com\/wp-content\/uploads\/2026\/04\/GH_Yuhesen_FR-max\uff0840AH\uff09_Descp_1-scaled.png\"><img fetchpriority=\"high\" decoding=\"async\" class=\"alignnone wp-image-25241 size-full lazyload\" src=\"data:image\/gif;base64,R0lGODlhAQABAAAAACH5BAEKAAEALAAAAAABAAEAAAICTAEAOw==\" alt=\"\" width=\"1088\" height=\"2438\" sizes=\"(max-width: 1088px) 100vw, 1088px\" data-src=\"https:\/\/www.ghostysky.com\/wp-content\/uploads\/2026\/04\/GH_Yuhesen_FR-max\uff0840AH\uff09_Descp_1-scaled-e1775980545407.png\" data-srcset=\"https:\/\/www.ghostysky.com\/wp-content\/uploads\/2026\/04\/GH_Yuhesen_FR-max\uff0840AH\uff09_Descp_1-scaled-e1775980545407.png 1088w, https:\/\/www.ghostysky.com\/wp-content\/uploads\/2026\/04\/GH_Yuhesen_FR-max\uff0840AH\uff09_Descp_1-scaled-e1775980545407-134x300.png 134w, https:\/\/www.ghostysky.com\/wp-content\/uploads\/2026\/04\/GH_Yuhesen_FR-max\uff0840AH\uff09_Descp_1-scaled-e1775980545407-457x1024.png 457w, https:\/\/www.ghostysky.com\/wp-content\/uploads\/2026\/04\/GH_Yuhesen_FR-max\uff0840AH\uff09_Descp_1-scaled-e1775980545407-768x1721.png 768w, https:\/\/www.ghostysky.com\/wp-content\/uploads\/2026\/04\/GH_Yuhesen_FR-max\uff0840AH\uff09_Descp_1-scaled-e1775980545407-685x1536.png 685w, https:\/\/www.ghostysky.com\/wp-content\/uploads\/2026\/04\/GH_Yuhesen_FR-max\uff0840AH\uff09_Descp_1-scaled-e1775980545407-914x2048.png 914w, https:\/\/www.ghostysky.com\/wp-content\/uploads\/2026\/04\/GH_Yuhesen_FR-max\uff0840AH\uff09_Descp_1-scaled-e1775980545407-5x12.png 5w, https:\/\/www.ghostysky.com\/wp-content\/uploads\/2026\/04\/GH_Yuhesen_FR-max\uff0840AH\uff09_Descp_1-scaled-e1775980545407-720x1613.png 720w, https:\/\/www.ghostysky.com\/wp-content\/uploads\/2026\/04\/GH_Yuhesen_FR-max\uff0840AH\uff09_Descp_1-scaled-e1775980545407-600x1344.png 600w\"><\/a><\/p>","protected":false},"excerpt":{"rendered":"<p data-path-to-node=\"0\"><span class=\"citation-24 interactive-span-hovered\">O <\/span><b data-path-to-node=\"0\" data-index-in-node=\"4\"><span class=\"citation-24 interactive-span-hovered\">Yuhesen FR-max (70Ah)<\/span><\/b><span class=\"citation-24 citation-end-24 interactive-span-hovered\"> \u00c9 um chassi de rob\u00f4 m\u00f3vel omnidirecional de alta resist\u00eancia, projetado para aplica\u00e7\u00f5es industriais e terrenos complexos.<\/span> Embora venha de s\u00e9rie com uma bateria de 40Ah, <b data-path-to-node=\"0\" data-index-in-node=\"187\">Atualiza\u00e7\u00e3o para 70Ah<\/b> Foi projetado especificamente para miss\u00f5es de alta resist\u00eancia, aumentando significativamente a autonomia e o tempo de opera\u00e7\u00e3o do rob\u00f4.<\/p>","protected":false},"featured_media":25240,"comment_status":"open","ping_status":"closed","template":"","meta":[],"product_brand":[1389],"product_cat":[1042,1037,1384,1385],"product_tag":[1432,1395,1387,1390],"class_list":{"0":"post-25242","1":"product","2":"type-product","3":"status-publish","4":"has-post-thumbnail","6":"product_brand-yuhesen","7":"product_cat-chassis","8":"product_cat-robotics","9":"product_cat-yuhesen","10":"product_cat-yuhesen-ugv-chassis","11":"product_tag-ackermann-steering-ugv","12":"product_tag-mik-mid","13":"product_tag-ugv","14":"product_tag-yuhesen-ugv-chassis","16":"first","17":"onbackorder","18":"taxable","19":"shipping-taxable","20":"purchasable","21":"product-type-simple"},"yoast_head":"<!-- This site is optimized with the Yoast SEO plugin v27.4 - https:\/\/yoast.com\/product\/yoast-seo-wordpress\/ -->\n<title>Yuhesen FR-Max (70AH) - Ghostysky<\/title>\n<meta name=\"description\" content=\"The Yuhesen FR-max (70Ah) is a heavy-duty, omnidirectional mobile robot chassis designed for industrial applications and complex terrain. While it comes standard with a 40Ah battery, the 70Ah upgrade is specifically engineered for high-endurance missions, significantly extending the robot&#039;s operational mileage and runtime.\" \/>\n<meta name=\"robots\" content=\"index, follow, max-snippet:-1, max-image-preview:large, max-video-preview:-1\" \/>\n<link rel=\"canonical\" href=\"https:\/\/www.ghostysky.com\/pt\/produto-2\/yuhesen-fr-max-70ah\/\" \/>\n<meta property=\"og:locale\" content=\"pt_PT\" \/>\n<meta property=\"og:type\" content=\"article\" \/>\n<meta property=\"og:title\" content=\"Yuhesen FR-Max (70AH) - Ghostysky\" \/>\n<meta property=\"og:description\" content=\"The Yuhesen FR-max (70Ah) is a heavy-duty, omnidirectional mobile robot chassis designed for industrial applications and complex terrain. While it comes standard with a 40Ah battery, the 70Ah upgrade is specifically engineered for high-endurance missions, significantly extending the robot&#039;s operational mileage and runtime.\" \/>\n<meta property=\"og:url\" content=\"https:\/\/www.ghostysky.com\/pt\/produto-2\/yuhesen-fr-max-70ah\/\" \/>\n<meta property=\"og:site_name\" content=\"Ghostysky\" \/>\n<meta property=\"article:publisher\" content=\"https:\/\/www.facebook.com\/people\/Ghostysky\/100057676170234\/\" \/>\n<meta property=\"article:modified_time\" content=\"2026-04-12T08:11:07+00:00\" \/>\n<meta property=\"og:image\" content=\"https:\/\/www.ghostysky.com\/wp-content\/uploads\/2026\/04\/GH_FR-max\uff0840AH\uff09_1.png\" \/>\n\t<meta property=\"og:image:width\" content=\"300\" \/>\n\t<meta property=\"og:image:height\" content=\"240\" \/>\n\t<meta property=\"og:image:type\" content=\"image\/png\" \/>\n<meta name=\"twitter:card\" content=\"summary_large_image\" \/>\n<meta name=\"twitter:site\" content=\"@Gh0stysky\" \/>\n<meta name=\"twitter:label1\" content=\"Tempo estimado de leitura\" \/>\n\t<meta name=\"twitter:data1\" content=\"2 minutos\" \/>\n<script type=\"application\/ld+json\" class=\"yoast-schema-graph\">{\"@context\":\"https:\\\/\\\/schema.org\",\"@graph\":[{\"@type\":\"WebPage\",\"@id\":\"https:\\\/\\\/www.ghostysky.com\\\/product\\\/yuhesen-fr-max-70ah\\\/\",\"url\":\"https:\\\/\\\/www.ghostysky.com\\\/product\\\/yuhesen-fr-max-70ah\\\/\",\"name\":\"Yuhesen FR-Max (70AH) - Ghostysky\",\"isPartOf\":{\"@id\":\"https:\\\/\\\/www.ghostysky.com\\\/#website\"},\"primaryImageOfPage\":{\"@id\":\"https:\\\/\\\/www.ghostysky.com\\\/product\\\/yuhesen-fr-max-70ah\\\/#primaryimage\"},\"image\":{\"@id\":\"https:\\\/\\\/www.ghostysky.com\\\/product\\\/yuhesen-fr-max-70ah\\\/#primaryimage\"},\"thumbnailUrl\":\"https:\\\/\\\/www.ghostysky.com\\\/wp-content\\\/uploads\\\/2026\\\/04\\\/GH_FR-max\uff0840AH\uff09_1.png\",\"datePublished\":\"2026-04-12T08:03:59+00:00\",\"dateModified\":\"2026-04-12T08:11:07+00:00\",\"description\":\"The Yuhesen FR-max (70Ah) is a heavy-duty, omnidirectional mobile robot chassis designed for industrial applications and complex terrain. While it comes standard with a 40Ah battery, the 70Ah upgrade is specifically engineered for high-endurance missions, significantly extending the robot's operational mileage and runtime.\",\"breadcrumb\":{\"@id\":\"https:\\\/\\\/www.ghostysky.com\\\/product\\\/yuhesen-fr-max-70ah\\\/#breadcrumb\"},\"inLanguage\":\"pt-PT\",\"potentialAction\":[{\"@type\":\"ReadAction\",\"target\":[\"https:\\\/\\\/www.ghostysky.com\\\/product\\\/yuhesen-fr-max-70ah\\\/\"]}]},{\"@type\":\"ImageObject\",\"inLanguage\":\"pt-PT\",\"@id\":\"https:\\\/\\\/www.ghostysky.com\\\/product\\\/yuhesen-fr-max-70ah\\\/#primaryimage\",\"url\":\"https:\\\/\\\/www.ghostysky.com\\\/wp-content\\\/uploads\\\/2026\\\/04\\\/GH_FR-max\uff0840AH\uff09_1.png\",\"contentUrl\":\"https:\\\/\\\/www.ghostysky.com\\\/wp-content\\\/uploads\\\/2026\\\/04\\\/GH_FR-max\uff0840AH\uff09_1.png\",\"width\":300,\"height\":240},{\"@type\":\"BreadcrumbList\",\"@id\":\"https:\\\/\\\/www.ghostysky.com\\\/product\\\/yuhesen-fr-max-70ah\\\/#breadcrumb\",\"itemListElement\":[{\"@type\":\"ListItem\",\"position\":1,\"name\":\"Home\",\"item\":\"https:\\\/\\\/www.ghostysky.com\\\/\"},{\"@type\":\"ListItem\",\"position\":2,\"name\":\"Shop\",\"item\":\"https:\\\/\\\/www.ghostysky.com\\\/shop\\\/\"},{\"@type\":\"ListItem\",\"position\":3,\"name\":\"Yuhesen FR-Max (70AH)\"}]},{\"@type\":\"WebSite\",\"@id\":\"https:\\\/\\\/www.ghostysky.com\\\/#website\",\"url\":\"https:\\\/\\\/www.ghostysky.com\\\/\",\"name\":\"Ghostysky\",\"description\":\"Delivering professional drones and services\",\"publisher\":{\"@id\":\"https:\\\/\\\/www.ghostysky.com\\\/#organization\"},\"potentialAction\":[{\"@type\":\"SearchAction\",\"target\":{\"@type\":\"EntryPoint\",\"urlTemplate\":\"https:\\\/\\\/www.ghostysky.com\\\/?s={search_term_string}\"},\"query-input\":{\"@type\":\"PropertyValueSpecification\",\"valueRequired\":true,\"valueName\":\"search_term_string\"}}],\"inLanguage\":\"pt-PT\"},{\"@type\":\"Organization\",\"@id\":\"https:\\\/\\\/www.ghostysky.com\\\/#organization\",\"name\":\"Ghostysky\",\"url\":\"https:\\\/\\\/www.ghostysky.com\\\/\",\"logo\":{\"@type\":\"ImageObject\",\"inLanguage\":\"pt-PT\",\"@id\":\"https:\\\/\\\/www.ghostysky.com\\\/#\\\/schema\\\/logo\\\/image\\\/\",\"url\":\"https:\\\/\\\/www.ghostysky.com\\\/wp-content\\\/uploads\\\/2020\\\/06\\\/cropped-ghostyskylogo_text_white2.png\",\"contentUrl\":\"https:\\\/\\\/www.ghostysky.com\\\/wp-content\\\/uploads\\\/2020\\\/06\\\/cropped-ghostyskylogo_text_white2.png\",\"width\":169,\"height\":56,\"caption\":\"Ghostysky\"},\"image\":{\"@id\":\"https:\\\/\\\/www.ghostysky.com\\\/#\\\/schema\\\/logo\\\/image\\\/\"},\"sameAs\":[\"https:\\\/\\\/www.facebook.com\\\/people\\\/Ghostysky\\\/100057676170234\\\/\",\"https:\\\/\\\/x.com\\\/Gh0stysky\",\"https:\\\/\\\/www.linkedin.com\\\/company\\\/34739653\",\"https:\\\/\\\/www.instagram.com\\\/gh0stysky\"]}]}<\/script>\n<!-- \/ Yoast SEO plugin. -->","yoast_head_json":{"title":"Yuhesen FR-Max (70AH) - Ghostysky","description":"O Yuhesen FR-max (70Ah) \u00e9 um chassi de rob\u00f4 m\u00f3vel omnidirecional de alta resist\u00eancia, projetado para aplica\u00e7\u00f5es industriais e terrenos complexos. Embora venha de f\u00e1brica com uma bateria de 40Ah, a atualiza\u00e7\u00e3o para 70Ah foi especificamente desenvolvida para miss\u00f5es de alta dura\u00e7\u00e3o, aumentando significativamente a autonomia e o tempo de opera\u00e7\u00e3o do rob\u00f4.","robots":{"index":"index","follow":"follow","max-snippet":"max-snippet:-1","max-image-preview":"max-image-preview:large","max-video-preview":"max-video-preview:-1"},"canonical":"https:\/\/www.ghostysky.com\/pt\/produto-2\/yuhesen-fr-max-70ah\/","og_locale":"pt_PT","og_type":"article","og_title":"Yuhesen FR-Max (70AH) - Ghostysky","og_description":"The Yuhesen FR-max (70Ah) is a heavy-duty, omnidirectional mobile robot chassis designed for industrial applications and complex terrain. While it comes standard with a 40Ah battery, the 70Ah upgrade is specifically engineered for high-endurance missions, significantly extending the robot's operational mileage and runtime.","og_url":"https:\/\/www.ghostysky.com\/pt\/produto-2\/yuhesen-fr-max-70ah\/","og_site_name":"Ghostysky","article_publisher":"https:\/\/www.facebook.com\/people\/Ghostysky\/100057676170234\/","article_modified_time":"2026-04-12T08:11:07+00:00","og_image":[{"width":300,"height":240,"url":"https:\/\/www.ghostysky.com\/wp-content\/uploads\/2026\/04\/GH_FR-max\uff0840AH\uff09_1.png","type":"image\/png"}],"twitter_card":"summary_large_image","twitter_site":"@Gh0stysky","twitter_misc":{"Tempo estimado de leitura":"2 minutos"},"schema":{"@context":"https:\/\/schema.org","@graph":[{"@type":"WebPage","@id":"https:\/\/www.ghostysky.com\/product\/yuhesen-fr-max-70ah\/","url":"https:\/\/www.ghostysky.com\/product\/yuhesen-fr-max-70ah\/","name":"Yuhesen FR-Max (70AH) - Ghostysky","isPartOf":{"@id":"https:\/\/www.ghostysky.com\/#website"},"primaryImageOfPage":{"@id":"https:\/\/www.ghostysky.com\/product\/yuhesen-fr-max-70ah\/#primaryimage"},"image":{"@id":"https:\/\/www.ghostysky.com\/product\/yuhesen-fr-max-70ah\/#primaryimage"},"thumbnailUrl":"https:\/\/www.ghostysky.com\/wp-content\/uploads\/2026\/04\/GH_FR-max\uff0840AH\uff09_1.png","datePublished":"2026-04-12T08:03:59+00:00","dateModified":"2026-04-12T08:11:07+00:00","description":"O Yuhesen FR-max (70Ah) \u00e9 um chassi de rob\u00f4 m\u00f3vel omnidirecional de alta resist\u00eancia, projetado para aplica\u00e7\u00f5es industriais e terrenos complexos. Embora venha de f\u00e1brica com uma bateria de 40Ah, a atualiza\u00e7\u00e3o para 70Ah foi especificamente desenvolvida para miss\u00f5es de alta dura\u00e7\u00e3o, aumentando significativamente a autonomia e o tempo de opera\u00e7\u00e3o do rob\u00f4.","breadcrumb":{"@id":"https:\/\/www.ghostysky.com\/product\/yuhesen-fr-max-70ah\/#breadcrumb"},"inLanguage":"pt-PT","potentialAction":[{"@type":"ReadAction","target":["https:\/\/www.ghostysky.com\/product\/yuhesen-fr-max-70ah\/"]}]},{"@type":"ImageObject","inLanguage":"pt-PT","@id":"https:\/\/www.ghostysky.com\/product\/yuhesen-fr-max-70ah\/#primaryimage","url":"https:\/\/www.ghostysky.com\/wp-content\/uploads\/2026\/04\/GH_FR-max\uff0840AH\uff09_1.png","contentUrl":"https:\/\/www.ghostysky.com\/wp-content\/uploads\/2026\/04\/GH_FR-max\uff0840AH\uff09_1.png","width":300,"height":240},{"@type":"BreadcrumbList","@id":"https:\/\/www.ghostysky.com\/product\/yuhesen-fr-max-70ah\/#breadcrumb","itemListElement":[{"@type":"ListItem","position":1,"name":"Home","item":"https:\/\/www.ghostysky.com\/"},{"@type":"ListItem","position":2,"name":"Shop","item":"https:\/\/www.ghostysky.com\/shop\/"},{"@type":"ListItem","position":3,"name":"Yuhesen FR-Max (70AH)"}]},{"@type":"WebSite","@id":"https:\/\/www.ghostysky.com\/#website","url":"https:\/\/www.ghostysky.com\/","name":"Ghostysky","description":"Fornecendo drones e servi\u00e7os profissionais","publisher":{"@id":"https:\/\/www.ghostysky.com\/#organization"},"potentialAction":[{"@type":"SearchAction","target":{"@type":"EntryPoint","urlTemplate":"https:\/\/www.ghostysky.com\/?s={search_term_string}"},"query-input":{"@type":"PropertyValueSpecification","valueRequired":true,"valueName":"search_term_string"}}],"inLanguage":"pt-PT"},{"@type":"Organization","@id":"https:\/\/www.ghostysky.com\/#organization","name":"Ghostysky","url":"https:\/\/www.ghostysky.com\/","logo":{"@type":"ImageObject","inLanguage":"pt-PT","@id":"https:\/\/www.ghostysky.com\/#\/schema\/logo\/image\/","url":"https:\/\/www.ghostysky.com\/wp-content\/uploads\/2020\/06\/cropped-ghostyskylogo_text_white2.png","contentUrl":"https:\/\/www.ghostysky.com\/wp-content\/uploads\/2020\/06\/cropped-ghostyskylogo_text_white2.png","width":169,"height":56,"caption":"Ghostysky"},"image":{"@id":"https:\/\/www.ghostysky.com\/#\/schema\/logo\/image\/"},"sameAs":["https:\/\/www.facebook.com\/people\/Ghostysky\/100057676170234\/","https:\/\/x.com\/Gh0stysky","https:\/\/www.linkedin.com\/company\/34739653","https:\/\/www.instagram.com\/gh0stysky"]}]}},"_links":{"self":[{"href":"https:\/\/www.ghostysky.com\/pt\/wp-json\/wp\/v2\/product\/25242","targetHints":{"allow":["GET"]}}],"collection":[{"href":"https:\/\/www.ghostysky.com\/pt\/wp-json\/wp\/v2\/product"}],"about":[{"href":"https:\/\/www.ghostysky.com\/pt\/wp-json\/wp\/v2\/types\/product"}],"replies":[{"embeddable":true,"href":"https:\/\/www.ghostysky.com\/pt\/wp-json\/wp\/v2\/comments?post=25242"}],"wp:featuredmedia":[{"embeddable":true,"href":"https:\/\/www.ghostysky.com\/pt\/wp-json\/wp\/v2\/media\/25240"}],"wp:attachment":[{"href":"https:\/\/www.ghostysky.com\/pt\/wp-json\/wp\/v2\/media?parent=25242"}],"wp:term":[{"taxonomy":"product_brand","embeddable":true,"href":"https:\/\/www.ghostysky.com\/pt\/wp-json\/wp\/v2\/product_brand?post=25242"},{"taxonomy":"product_cat","embeddable":true,"href":"https:\/\/www.ghostysky.com\/pt\/wp-json\/wp\/v2\/product_cat?post=25242"},{"taxonomy":"product_tag","embeddable":true,"href":"https:\/\/www.ghostysky.com\/pt\/wp-json\/wp\/v2\/product_tag?post=25242"}],"curies":[{"name":"wp","href":"https:\/\/api.w.org\/{rel}","templated":true}]}}