{"id":25781,"date":"2026-04-24T16:00:13","date_gmt":"2026-04-24T16:00:13","guid":{"rendered":"https:\/\/www.ghostysky.com\/?post_type=product&#038;p=25781"},"modified":"2026-04-24T16:13:16","modified_gmt":"2026-04-24T16:13:16","slug":"dji-lito-x1-fly-more-combo-plus-dji-rc-2","status":"publish","type":"product","link":"https:\/\/www.ghostysky.com\/pt\/product\/dji-lito-x1-fly-more-combo-plus-dji-rc-2\/","title":{"rendered":"DJI Lito X1 Fly More Combo Plus (DJI RC 2)"},"content":{"rendered":"<h3 data-path-to-node=\"1\"><b data-path-to-node=\"1\" data-index-in-node=\"0\">Principais destaques do produto<\/b><\/h3>\n<ul data-path-to-node=\"2\">\n<li>\n<p id=\"p-rc_76c1ca511b65a9a1-122\" data-path-to-node=\"2,0,0\"><b data-path-to-node=\"2,0,0\" data-index-in-node=\"0\"><span class=\"citation-337\">Ultraleve e em conformidade com as normas:<\/span><\/b><span class=\"citation-337\"> Pesando em <\/span><b data-path-to-node=\"2,0,0\" data-index-in-node=\"49\"><span class=\"citation-337\">menos de 249g<\/span><\/b><span class=\"citation-337 citation-end-337\"> (Com a bateria padr\u00e3o), dispensa a necessidade de exames de piloto ou registro em muitas regi\u00f5es, tornando-o perfeitamente port\u00e1til para viagens.<\/span><\/p>\n<\/li>\n<li>\n<p id=\"p-rc_76c1ca511b65a9a1-123\" data-path-to-node=\"2,1,0\"><b data-path-to-node=\"2,1,0\" data-index-in-node=\"0\">Imagens de n\u00edvel profissional:<\/b><span class=\"citation-336\"> Apresenta um <\/span><b data-path-to-node=\"2,1,0\" data-index-in-node=\"30\"><span class=\"citation-336\">Sensor CMOS de 1\/1,3 polegadas<\/span><\/b><span class=\"citation-336\"> com um <\/span><b data-path-to-node=\"2,1,0\" data-index-in-node=\"61\"><span class=\"citation-336\">abertura f\/1.7<\/span><\/b><span class=\"citation-336\">, capaz de capturar <\/span><b data-path-to-node=\"2,1,0\" data-index-in-node=\"98\"><span class=\"citation-336\">4K\/60fps HDR<\/span><\/b><span class=\"citation-336\"> v\u00eddeo e impressionante <\/span><b data-path-to-node=\"2,1,0\" data-index-in-node=\"130\"><span class=\"citation-336\">48 MP<\/span><\/b><span class=\"citation-336 citation-end-336\"> fotos.<\/span><\/p>\n<\/li>\n<li>\n<p id=\"p-rc_76c1ca511b65a9a1-124\" data-path-to-node=\"2,2,0\"><b data-path-to-node=\"2,2,0\" data-index-in-node=\"0\"><span class=\"citation-335\">Voo destemido com LiDAR:<\/span><\/b><span class=\"citation-335\"> Pela primeira vez nesta classe, o X1 inclui <\/span><b data-path-to-node=\"2,2,0\" data-index-in-node=\"71\"><span class=\"citation-335\">Detec\u00e7\u00e3o omnidirecional de obst\u00e1culos<\/span><\/b><span class=\"citation-335\"> complementado por <\/span><b data-path-to-node=\"2,2,0\" data-index-in-node=\"120\"><span class=\"citation-335\">LiDAR frontal<\/span><\/b><span class=\"citation-335 citation-end-335\">, proporcionando uma precis\u00e3o sem precedentes para evitar obst\u00e1culos como galhos finos e fios.<\/span><\/p>\n<\/li>\n<li>\n<p id=\"p-rc_76c1ca511b65a9a1-125\" data-path-to-node=\"2,3,0\"><b data-path-to-node=\"2,3,0\" data-index-in-node=\"0\">\u201cSiga-me\u201d cinematogr\u00e1fico:<\/b><span class=\"citation-334\"> Equipado com <\/span><b data-path-to-node=\"2,3,0\" data-index-in-node=\"37\"><span class=\"citation-334\">Trilha Ativa<\/span><\/b><span class=\"citation-334\"> e <\/span><b data-path-to-node=\"2,3,0\" data-index-in-node=\"53\"><span class=\"citation-334\">MasterShots<\/span><\/b><span class=\"citation-334\">, O drone pode seguir objetos automaticamente a velocidades de at\u00e9 <\/span><b data-path-to-node=\"2,3,0\" data-index-in-node=\"126\"><span class=\"citation-334\">12 m\/s<\/span><\/b><span class=\"citation-334 citation-end-334\"> ao realizar manobras complexas com a c\u00e2mera.<\/span><\/p>\n<\/li>\n<li>\n<p id=\"p-rc_76c1ca511b65a9a1-126\" data-path-to-node=\"2,4,0\"><b data-path-to-node=\"2,4,0\" data-index-in-node=\"0\">Controle DJI RC 2:<\/b><span class=\"citation-333\"> Inclui o controle remoto com um bot\u00e3o integrado. <\/span><b data-path-to-node=\"2,4,0\" data-index-in-node=\"57\"><span class=\"citation-333\">Tela FHD de 5,5 polegadas<\/span><\/b><span class=\"citation-333 citation-end-333\">, eliminando a necessidade de conectar um smartphone e garantindo uma vis\u00e3o n\u00edtida e brilhante mesmo sob luz solar direta.<\/span><\/p>\n<div class=\"source-inline-chip-container ng-star-inserted\"><\/div>\n<p>&nbsp;<\/li>\n<\/ul>\n<h3 data-path-to-node=\"4\"><b data-path-to-node=\"4\" data-index-in-node=\"0\">Especifica\u00e7\u00f5es t\u00e9cnicas<\/b><\/h3>\n<table data-path-to-node=\"5\">\n<thead>\n<tr>\n<td><strong>Recurso<\/strong><\/td>\n<td><strong>Especifica\u00e7\u00f5es<\/strong><\/td>\n<\/tr>\n<\/thead>\n<tbody>\n<tr>\n<td><span data-path-to-node=\"5,1,0,0\"><b data-path-to-node=\"5,1,0,0\" data-index-in-node=\"0\">Tempo m\u00e1ximo de voo<\/b><\/span><\/td>\n<td><span data-path-to-node=\"5,1,1,0\"><b data-path-to-node=\"5,1,1,0\" data-index-in-node=\"0\">52 minutos<\/b> (com bateria de voo inteligente Plus)<\/span><\/td>\n<\/tr>\n<tr>\n<td><span data-path-to-node=\"5,2,0,0\"><b data-path-to-node=\"5,2,0,0\" data-index-in-node=\"0\">Transmiss\u00e3o de v\u00eddeo<\/b><\/span><\/td>\n<td><span data-path-to-node=\"5,2,1,0\">Sistema DJI O4 (at\u00e9 <b data-path-to-node=\"5,2,1,0\" data-index-in-node=\"21\">15 km<\/b> alcance em 1080p\/60fps)<\/span><\/td>\n<\/tr>\n<tr>\n<td><span data-path-to-node=\"5,3,0,0\"><b data-path-to-node=\"5,3,0,0\" data-index-in-node=\"0\">Armazenamento interno<\/b><\/span><\/td>\n<td><span data-path-to-node=\"5,3,1,0\"><b data-path-to-node=\"5,3,1,0\" data-index-in-node=\"0\">42 GB<\/b> (Suficiente para fotos improvisadas sem cart\u00e3o SD)<\/span><\/td>\n<\/tr>\n<tr>\n<td><span data-path-to-node=\"5,4,0,0\"><b data-path-to-node=\"5,4,0,0\" data-index-in-node=\"0\">Perfis de cores<\/b><\/span><\/td>\n<td><span data-path-to-node=\"5,4,1,0\"><b data-path-to-node=\"5,4,1,0\" data-index-in-node=\"0\">D-Log M de 10 bits<\/b> para grada\u00e7\u00e3o profissional de p\u00f3s-produ\u00e7\u00e3o<\/span><\/td>\n<\/tr>\n<tr>\n<td><span data-path-to-node=\"5,5,0,0\"><b data-path-to-node=\"5,5,0,0\" data-index-in-node=\"0\">C\u00e2mera lenta<\/b><\/span><\/td>\n<td><span data-path-to-node=\"5,5,1,0\"><b data-path-to-node=\"5,5,1,0\" data-index-in-node=\"0\">4K\/100 fps<\/b> e FHD\/200fps<\/span><\/td>\n<\/tr>\n<tr>\n<td><span data-path-to-node=\"5,6,0,0\"><b data-path-to-node=\"5,6,0,0\" data-index-in-node=\"0\">Tiro vertical<\/b><\/span><\/td>\n<td><span data-path-to-node=\"5,6,1,0\">Nativo <b data-path-to-node=\"5,6,1,0\" data-index-in-node=\"7\">Grava\u00e7\u00e3o vertical em 2.7K<\/b> para m\u00eddias sociais<\/span><\/td>\n<\/tr>\n<tr>\n<td><span data-path-to-node=\"5,7,0,0\"><b data-path-to-node=\"5,7,0,0\" data-index-in-node=\"0\">Resist\u00eancia ao Vento<\/b><\/span><\/td>\n<td><span data-path-to-node=\"5,7,1,0\">At\u00e9 <b data-path-to-node=\"5,7,1,0\" data-index-in-node=\"6\">10,7 m\/s<\/b> (N\u00edvel 5)<\/span><\/td>\n<\/tr>\n<\/tbody>\n<\/table>\n<p>&nbsp;<\/p>\n<p>&nbsp;<\/p>\n<h3 data-path-to-node=\"7\"><b data-path-to-node=\"7\" data-index-in-node=\"0\">O que vem na caixa \u201cFly More Combo Plus\u201d?<\/b><\/h3>\n<p data-path-to-node=\"8\">Este pacote espec\u00edfico \u00e9 a vers\u00e3o mais completa dispon\u00edvel, com foco em m\u00e1xima resist\u00eancia e praticidade:<\/p>\n<ol start=\"1\" data-path-to-node=\"9\">\n<li>\n<p data-path-to-node=\"9,0,0\"><b data-path-to-node=\"9,0,0\" data-index-in-node=\"0\">Aeronave DJI Lito X1<\/b> \u00d7 1<\/p>\n<\/li>\n<li>\n<p id=\"p-rc_76c1ca511b65a9a1-127\" data-path-to-node=\"9,1,0\"><b data-path-to-node=\"9,1,0\" data-index-in-node=\"0\"><span class=\"citation-332\">Controle Remoto DJI RC 2<\/span><\/b><span class=\"citation-332 citation-end-332\"> \u00d7 1 (Tela Integrada)<\/span><\/p>\n<\/li>\n<li>\n<p id=\"p-rc_76c1ca511b65a9a1-128\" data-path-to-node=\"9,2,0\"><b data-path-to-node=\"9,2,0\" data-index-in-node=\"0\"><span class=\"citation-331\">Bateria de voo inteligente Plus<\/span><\/b><span class=\"citation-331 citation-end-331\"> \u00d7 3 (Proporcionando um total de at\u00e9 156 minutos de voo)<\/span><\/p>\n<\/li>\n<li>\n<p id=\"p-rc_76c1ca511b65a9a1-129\" data-path-to-node=\"9,3,0\"><b data-path-to-node=\"9,3,0\" data-index-in-node=\"0\"><span class=\"citation-330\">Hub de carregamento bidirecional<\/span><\/b><span class=\"citation-330 citation-end-330\"> \u00d7 1 (Carrega tr\u00eas baterias em sequ\u00eancia)<\/span><\/p>\n<\/li>\n<li>\n<p data-path-to-node=\"9,4,0\"><b data-path-to-node=\"9,4,0\" data-index-in-node=\"0\">Bolsa de ombro<\/b> \u00d7 1<\/p>\n<\/li>\n<li>\n<p id=\"p-rc_76c1ca511b65a9a1-130\" data-path-to-node=\"9,5,0\"><b data-path-to-node=\"9,5,0\" data-index-in-node=\"0\"><span class=\"citation-329\">H\u00e9lices Sobressalentes<\/span><\/b><span class=\"citation-329 citation-end-329\"> \u00d7 3 pares<\/span><\/p>\n<\/li>\n<li>\n<p id=\"p-rc_76c1ca511b65a9a1-131\" data-path-to-node=\"9,6,0\"><b data-path-to-node=\"9,6,0\" data-index-in-node=\"0\"><span class=\"citation-328\">Protetor de cardan<\/span><\/b><span class=\"citation-328 citation-end-328\"> \u00d7 1<\/span><\/p>\n<\/li>\n<li>\n<p data-path-to-node=\"9,7,0\"><b data-path-to-node=\"9,7,0\" data-index-in-node=\"0\">Cabos USB-C e chave de fenda<\/b><\/p>\n<\/li>\n<\/ol>","protected":false},"excerpt":{"rendered":"<p id=\"p-rc_820ccf255cea4fbf-109\" data-path-to-node=\"0\"><span class=\"citation-338\">O <\/span><b data-path-to-node=\"0\" data-index-in-node=\"4\"><span class=\"citation-338\">DJI Lito X1 Fly More Combo Plus (DJI RC 2)<\/span><\/b><span class=\"citation-338 citation-end-338\"> \u00c9 o modelo premium de refer\u00eancia da nova s\u00e9rie Lito da DJI, lan\u00e7ada em abril de 2026.<\/span> Projetado para preencher a lacuna entre a acessibilidade de n\u00edvel b\u00e1sico e o desempenho de n\u00edvel profissional, este drone \u00e9 o pacote &quot;pronto para voar&quot; definitivo para criadores que exigem recursos de seguran\u00e7a de ponta e tempo de voo prolongado.<\/p>","protected":false},"featured_media":25755,"comment_status":"open","ping_status":"closed","template":"","meta":[],"product_brand":[1031],"product_cat":[752,37,1436,1437],"product_tag":[1438,1439],"class_list":{"0":"post-25781","1":"product","2":"type-product","3":"status-publish","4":"has-post-thumbnail","6":"product_brand-dji","7":"product_cat-aerial-photography","8":"product_cat-dji","9":"product_cat-dji-lito","10":"product_cat-lito-drones","11":"product_tag-dji-lito-1","12":"product_tag-dji-lito-drones","14":"first","15":"onbackorder","16":"taxable","17":"shipping-taxable","18":"purchasable","19":"product-type-simple"},"yoast_head":"<!-- This site is optimized with the Yoast SEO plugin v27.4 - https:\/\/yoast.com\/product\/yoast-seo-wordpress\/ -->\n<title>DJI Lito X1 Fly More Combo Plus (DJI RC 2) - Ghostysky<\/title>\n<meta name=\"description\" content=\"The DJI Lito X1 Fly More Combo Plus (DJI RC 2) is the premium flagship of DJI&#039;s new Lito series, launched in April 2026. Designed to bridge the gap between entry-level accessibility and professional-grade performance, this drone is the ultimate &quot;ready-to-fly&quot; package for creators who demand high-end safety features and extended airtime.\" \/>\n<meta name=\"robots\" content=\"index, follow, max-snippet:-1, max-image-preview:large, max-video-preview:-1\" \/>\n<link rel=\"canonical\" href=\"https:\/\/www.ghostysky.com\/pt\/produto-2\/dji-lito-x1-fly-more-combo-plus-dji-rc-2\/\" \/>\n<meta property=\"og:locale\" content=\"pt_PT\" \/>\n<meta property=\"og:type\" content=\"article\" \/>\n<meta property=\"og:title\" content=\"DJI Lito X1 Fly More Combo Plus (DJI RC 2) - Ghostysky\" \/>\n<meta property=\"og:description\" content=\"The DJI Lito X1 Fly More Combo Plus (DJI RC 2) is the premium flagship of DJI&#039;s new Lito series, launched in April 2026. Designed to bridge the gap between entry-level accessibility and professional-grade performance, this drone is the ultimate &quot;ready-to-fly&quot; package for creators who demand high-end safety features and extended airtime.\" \/>\n<meta property=\"og:url\" content=\"https:\/\/www.ghostysky.com\/pt\/produto-2\/dji-lito-x1-fly-more-combo-plus-dji-rc-2\/\" \/>\n<meta property=\"og:site_name\" content=\"Ghostysky\" \/>\n<meta property=\"article:publisher\" content=\"https:\/\/www.facebook.com\/people\/Ghostysky\/100057676170234\/\" \/>\n<meta property=\"article:modified_time\" content=\"2026-04-24T16:13:16+00:00\" \/>\n<meta property=\"og:image\" content=\"https:\/\/www.ghostysky.com\/wp-content\/uploads\/2026\/04\/GH_DJI_Lito_1.jpg\" \/>\n\t<meta property=\"og:image:width\" content=\"1308\" \/>\n\t<meta property=\"og:image:height\" content=\"1308\" \/>\n\t<meta property=\"og:image:type\" content=\"image\/jpeg\" \/>\n<meta name=\"twitter:card\" content=\"summary_large_image\" \/>\n<meta name=\"twitter:site\" content=\"@Gh0stysky\" \/>\n<meta name=\"twitter:label1\" content=\"Tempo estimado de leitura\" \/>\n\t<meta name=\"twitter:data1\" content=\"2 minutos\" \/>\n<script type=\"application\/ld+json\" class=\"yoast-schema-graph\">{\"@context\":\"https:\\\/\\\/schema.org\",\"@graph\":[{\"@type\":\"WebPage\",\"@id\":\"https:\\\/\\\/www.ghostysky.com\\\/product\\\/dji-lito-x1-fly-more-combo-plus-dji-rc-2\\\/\",\"url\":\"https:\\\/\\\/www.ghostysky.com\\\/product\\\/dji-lito-x1-fly-more-combo-plus-dji-rc-2\\\/\",\"name\":\"DJI Lito X1 Fly More Combo Plus (DJI RC 2) - Ghostysky\",\"isPartOf\":{\"@id\":\"https:\\\/\\\/www.ghostysky.com\\\/#website\"},\"primaryImageOfPage\":{\"@id\":\"https:\\\/\\\/www.ghostysky.com\\\/product\\\/dji-lito-x1-fly-more-combo-plus-dji-rc-2\\\/#primaryimage\"},\"image\":{\"@id\":\"https:\\\/\\\/www.ghostysky.com\\\/product\\\/dji-lito-x1-fly-more-combo-plus-dji-rc-2\\\/#primaryimage\"},\"thumbnailUrl\":\"https:\\\/\\\/www.ghostysky.com\\\/wp-content\\\/uploads\\\/2026\\\/04\\\/GH_DJI_Lito_1.jpg\",\"datePublished\":\"2026-04-24T16:00:13+00:00\",\"dateModified\":\"2026-04-24T16:13:16+00:00\",\"description\":\"The DJI Lito X1 Fly More Combo Plus (DJI RC 2) is the premium flagship of DJI's new Lito series, launched in April 2026. Designed to bridge the gap between entry-level accessibility and professional-grade performance, this drone is the ultimate \\\"ready-to-fly\\\" package for creators who demand high-end safety features and extended airtime.\",\"breadcrumb\":{\"@id\":\"https:\\\/\\\/www.ghostysky.com\\\/product\\\/dji-lito-x1-fly-more-combo-plus-dji-rc-2\\\/#breadcrumb\"},\"inLanguage\":\"pt-PT\",\"potentialAction\":[{\"@type\":\"ReadAction\",\"target\":[\"https:\\\/\\\/www.ghostysky.com\\\/product\\\/dji-lito-x1-fly-more-combo-plus-dji-rc-2\\\/\"]}]},{\"@type\":\"ImageObject\",\"inLanguage\":\"pt-PT\",\"@id\":\"https:\\\/\\\/www.ghostysky.com\\\/product\\\/dji-lito-x1-fly-more-combo-plus-dji-rc-2\\\/#primaryimage\",\"url\":\"https:\\\/\\\/www.ghostysky.com\\\/wp-content\\\/uploads\\\/2026\\\/04\\\/GH_DJI_Lito_1.jpg\",\"contentUrl\":\"https:\\\/\\\/www.ghostysky.com\\\/wp-content\\\/uploads\\\/2026\\\/04\\\/GH_DJI_Lito_1.jpg\",\"width\":1308,\"height\":1308},{\"@type\":\"BreadcrumbList\",\"@id\":\"https:\\\/\\\/www.ghostysky.com\\\/product\\\/dji-lito-x1-fly-more-combo-plus-dji-rc-2\\\/#breadcrumb\",\"itemListElement\":[{\"@type\":\"ListItem\",\"position\":1,\"name\":\"Home\",\"item\":\"https:\\\/\\\/www.ghostysky.com\\\/\"},{\"@type\":\"ListItem\",\"position\":2,\"name\":\"Shop\",\"item\":\"https:\\\/\\\/www.ghostysky.com\\\/shop\\\/\"},{\"@type\":\"ListItem\",\"position\":3,\"name\":\"DJI Lito X1 Fly More Combo Plus (DJI RC 2)\"}]},{\"@type\":\"WebSite\",\"@id\":\"https:\\\/\\\/www.ghostysky.com\\\/#website\",\"url\":\"https:\\\/\\\/www.ghostysky.com\\\/\",\"name\":\"Ghostysky\",\"description\":\"Delivering professional drones and robotics solutions\",\"publisher\":{\"@id\":\"https:\\\/\\\/www.ghostysky.com\\\/#organization\"},\"potentialAction\":[{\"@type\":\"SearchAction\",\"target\":{\"@type\":\"EntryPoint\",\"urlTemplate\":\"https:\\\/\\\/www.ghostysky.com\\\/?s={search_term_string}\"},\"query-input\":{\"@type\":\"PropertyValueSpecification\",\"valueRequired\":true,\"valueName\":\"search_term_string\"}}],\"inLanguage\":\"pt-PT\"},{\"@type\":\"Organization\",\"@id\":\"https:\\\/\\\/www.ghostysky.com\\\/#organization\",\"name\":\"Ghostysky\",\"url\":\"https:\\\/\\\/www.ghostysky.com\\\/\",\"logo\":{\"@type\":\"ImageObject\",\"inLanguage\":\"pt-PT\",\"@id\":\"https:\\\/\\\/www.ghostysky.com\\\/#\\\/schema\\\/logo\\\/image\\\/\",\"url\":\"https:\\\/\\\/www.ghostysky.com\\\/wp-content\\\/uploads\\\/2020\\\/06\\\/cropped-ghostyskylogo_text_white2.png\",\"contentUrl\":\"https:\\\/\\\/www.ghostysky.com\\\/wp-content\\\/uploads\\\/2020\\\/06\\\/cropped-ghostyskylogo_text_white2.png\",\"width\":169,\"height\":56,\"caption\":\"Ghostysky\"},\"image\":{\"@id\":\"https:\\\/\\\/www.ghostysky.com\\\/#\\\/schema\\\/logo\\\/image\\\/\"},\"sameAs\":[\"https:\\\/\\\/www.facebook.com\\\/people\\\/Ghostysky\\\/100057676170234\\\/\",\"https:\\\/\\\/x.com\\\/Gh0stysky\",\"https:\\\/\\\/www.linkedin.com\\\/company\\\/34739653\",\"https:\\\/\\\/www.instagram.com\\\/gh0stysky\"]}]}<\/script>\n<!-- \/ Yoast SEO plugin. -->","yoast_head_json":{"title":"DJI Lito X1 Fly More Combo Plus (DJI RC 2) - Ghostysky","description":"O DJI Lito X1 Fly More Combo Plus (DJI RC 2) \u00e9 o modelo premium da nova s\u00e9rie Lito da DJI, lan\u00e7ado em abril de 2026. Projetado para preencher a lacuna entre a acessibilidade para iniciantes e o desempenho de n\u00edvel profissional, este drone \u00e9 o pacote &quot;pronto para voar&quot; definitivo para criadores que exigem recursos de seguran\u00e7a de ponta e maior tempo de voo.","robots":{"index":"index","follow":"follow","max-snippet":"max-snippet:-1","max-image-preview":"max-image-preview:large","max-video-preview":"max-video-preview:-1"},"canonical":"https:\/\/www.ghostysky.com\/pt\/produto-2\/dji-lito-x1-fly-more-combo-plus-dji-rc-2\/","og_locale":"pt_PT","og_type":"article","og_title":"DJI Lito X1 Fly More Combo Plus (DJI RC 2) - Ghostysky","og_description":"The DJI Lito X1 Fly More Combo Plus (DJI RC 2) is the premium flagship of DJI's new Lito series, launched in April 2026. Designed to bridge the gap between entry-level accessibility and professional-grade performance, this drone is the ultimate \"ready-to-fly\" package for creators who demand high-end safety features and extended airtime.","og_url":"https:\/\/www.ghostysky.com\/pt\/produto-2\/dji-lito-x1-fly-more-combo-plus-dji-rc-2\/","og_site_name":"Ghostysky","article_publisher":"https:\/\/www.facebook.com\/people\/Ghostysky\/100057676170234\/","article_modified_time":"2026-04-24T16:13:16+00:00","og_image":[{"width":1308,"height":1308,"url":"https:\/\/www.ghostysky.com\/wp-content\/uploads\/2026\/04\/GH_DJI_Lito_1.jpg","type":"image\/jpeg"}],"twitter_card":"summary_large_image","twitter_site":"@Gh0stysky","twitter_misc":{"Tempo estimado de leitura":"2 minutos"},"schema":{"@context":"https:\/\/schema.org","@graph":[{"@type":"WebPage","@id":"https:\/\/www.ghostysky.com\/product\/dji-lito-x1-fly-more-combo-plus-dji-rc-2\/","url":"https:\/\/www.ghostysky.com\/product\/dji-lito-x1-fly-more-combo-plus-dji-rc-2\/","name":"DJI Lito X1 Fly More Combo Plus (DJI RC 2) - Ghostysky","isPartOf":{"@id":"https:\/\/www.ghostysky.com\/#website"},"primaryImageOfPage":{"@id":"https:\/\/www.ghostysky.com\/product\/dji-lito-x1-fly-more-combo-plus-dji-rc-2\/#primaryimage"},"image":{"@id":"https:\/\/www.ghostysky.com\/product\/dji-lito-x1-fly-more-combo-plus-dji-rc-2\/#primaryimage"},"thumbnailUrl":"https:\/\/www.ghostysky.com\/wp-content\/uploads\/2026\/04\/GH_DJI_Lito_1.jpg","datePublished":"2026-04-24T16:00:13+00:00","dateModified":"2026-04-24T16:13:16+00:00","description":"O DJI Lito X1 Fly More Combo Plus (DJI RC 2) \u00e9 o modelo premium da nova s\u00e9rie Lito da DJI, lan\u00e7ado em abril de 2026. Projetado para preencher a lacuna entre a acessibilidade para iniciantes e o desempenho de n\u00edvel profissional, este drone \u00e9 o pacote &quot;pronto para voar&quot; definitivo para criadores que exigem recursos de seguran\u00e7a de ponta e maior tempo de voo.","breadcrumb":{"@id":"https:\/\/www.ghostysky.com\/product\/dji-lito-x1-fly-more-combo-plus-dji-rc-2\/#breadcrumb"},"inLanguage":"pt-PT","potentialAction":[{"@type":"ReadAction","target":["https:\/\/www.ghostysky.com\/product\/dji-lito-x1-fly-more-combo-plus-dji-rc-2\/"]}]},{"@type":"ImageObject","inLanguage":"pt-PT","@id":"https:\/\/www.ghostysky.com\/product\/dji-lito-x1-fly-more-combo-plus-dji-rc-2\/#primaryimage","url":"https:\/\/www.ghostysky.com\/wp-content\/uploads\/2026\/04\/GH_DJI_Lito_1.jpg","contentUrl":"https:\/\/www.ghostysky.com\/wp-content\/uploads\/2026\/04\/GH_DJI_Lito_1.jpg","width":1308,"height":1308},{"@type":"BreadcrumbList","@id":"https:\/\/www.ghostysky.com\/product\/dji-lito-x1-fly-more-combo-plus-dji-rc-2\/#breadcrumb","itemListElement":[{"@type":"ListItem","position":1,"name":"Home","item":"https:\/\/www.ghostysky.com\/"},{"@type":"ListItem","position":2,"name":"Shop","item":"https:\/\/www.ghostysky.com\/shop\/"},{"@type":"ListItem","position":3,"name":"DJI Lito X1 Fly More Combo Plus (DJI RC 2)"}]},{"@type":"WebSite","@id":"https:\/\/www.ghostysky.com\/#website","url":"https:\/\/www.ghostysky.com\/","name":"Ghostysky","description":"Fornecendo solu\u00e7\u00f5es profissionais em drones e rob\u00f3tica.","publisher":{"@id":"https:\/\/www.ghostysky.com\/#organization"},"potentialAction":[{"@type":"SearchAction","target":{"@type":"EntryPoint","urlTemplate":"https:\/\/www.ghostysky.com\/?s={search_term_string}"},"query-input":{"@type":"PropertyValueSpecification","valueRequired":true,"valueName":"search_term_string"}}],"inLanguage":"pt-PT"},{"@type":"Organization","@id":"https:\/\/www.ghostysky.com\/#organization","name":"Ghostysky","url":"https:\/\/www.ghostysky.com\/","logo":{"@type":"ImageObject","inLanguage":"pt-PT","@id":"https:\/\/www.ghostysky.com\/#\/schema\/logo\/image\/","url":"https:\/\/www.ghostysky.com\/wp-content\/uploads\/2020\/06\/cropped-ghostyskylogo_text_white2.png","contentUrl":"https:\/\/www.ghostysky.com\/wp-content\/uploads\/2020\/06\/cropped-ghostyskylogo_text_white2.png","width":169,"height":56,"caption":"Ghostysky"},"image":{"@id":"https:\/\/www.ghostysky.com\/#\/schema\/logo\/image\/"},"sameAs":["https:\/\/www.facebook.com\/people\/Ghostysky\/100057676170234\/","https:\/\/x.com\/Gh0stysky","https:\/\/www.linkedin.com\/company\/34739653","https:\/\/www.instagram.com\/gh0stysky"]}]}},"_links":{"self":[{"href":"https:\/\/www.ghostysky.com\/pt\/wp-json\/wp\/v2\/product\/25781","targetHints":{"allow":["GET"]}}],"collection":[{"href":"https:\/\/www.ghostysky.com\/pt\/wp-json\/wp\/v2\/product"}],"about":[{"href":"https:\/\/www.ghostysky.com\/pt\/wp-json\/wp\/v2\/types\/product"}],"replies":[{"embeddable":true,"href":"https:\/\/www.ghostysky.com\/pt\/wp-json\/wp\/v2\/comments?post=25781"}],"version-history":[{"count":1,"href":"https:\/\/www.ghostysky.com\/pt\/wp-json\/wp\/v2\/product\/25781\/revisions"}],"predecessor-version":[{"id":25786,"href":"https:\/\/www.ghostysky.com\/pt\/wp-json\/wp\/v2\/product\/25781\/revisions\/25786"}],"wp:featuredmedia":[{"embeddable":true,"href":"https:\/\/www.ghostysky.com\/pt\/wp-json\/wp\/v2\/media\/25755"}],"wp:attachment":[{"href":"https:\/\/www.ghostysky.com\/pt\/wp-json\/wp\/v2\/media?parent=25781"}],"wp:term":[{"taxonomy":"product_brand","embeddable":true,"href":"https:\/\/www.ghostysky.com\/pt\/wp-json\/wp\/v2\/product_brand?post=25781"},{"taxonomy":"product_cat","embeddable":true,"href":"https:\/\/www.ghostysky.com\/pt\/wp-json\/wp\/v2\/product_cat?post=25781"},{"taxonomy":"product_tag","embeddable":true,"href":"https:\/\/www.ghostysky.com\/pt\/wp-json\/wp\/v2\/product_tag?post=25781"}],"curies":[{"name":"wp","href":"https:\/\/api.w.org\/{rel}","templated":true}]}}