{"id":25994,"date":"2026-05-03T08:31:39","date_gmt":"2026-05-03T08:31:39","guid":{"rendered":"https:\/\/www.ghostysky.com\/?post_type=product&#038;p=25994"},"modified":"2026-05-08T16:06:42","modified_gmt":"2026-05-08T16:06:42","slug":"geosun-gs-2000r","status":"publish","type":"product","link":"https:\/\/www.ghostysky.com\/pt\/product\/geosun-gs-2000r\/","title":{"rendered":"Geosun GS-2000R"},"content":{"rendered":"<h3 data-path-to-node=\"3\">Principais recursos e desempenho<\/h3>\n<ul data-path-to-node=\"4\">\n<li>\n<p id=\"p-rc_f7b00e2edd2842cd-31\" data-path-to-node=\"4,0,0\"><b data-path-to-node=\"4,0,0\" data-index-in-node=\"0\"><span class=\"citation-20\">Precis\u00e3o de n\u00edvel topogr\u00e1fico:<\/span><\/b><span class=\"citation-20\"> Alimentado por um <\/span><b data-path-to-node=\"4,0,0\" data-index-in-node=\"37\"><span class=\"citation-20\">RIEGL VUX-1LR<\/span><\/b><span class=\"citation-20\"> (ou sensor similar de alta qualidade), oferece uma precis\u00e3o de alcance de <\/span><b data-path-to-node=\"4,0,0\" data-index-in-node=\"111\"><span class=\"citation-20\">15 mm<\/span><\/b><span class=\"citation-20 citation-end-20\">, garantindo que at\u00e9 os menores detalhes topogr\u00e1ficos sejam capturados.<\/span><\/p>\n<\/li>\n<li>\n<p id=\"p-rc_f7b00e2edd2842cd-32\" data-path-to-node=\"4,1,0\"><b data-path-to-node=\"4,1,0\" data-index-in-node=\"0\"><span class=\"citation-19\">Alcance extremamente longo:<\/span><\/b><span class=\"citation-19\"> Com uma faixa de medi\u00e7\u00e3o de at\u00e9 <\/span><b data-path-to-node=\"4,1,0\" data-index-in-node=\"52\"><span class=\"citation-19\">1.845 metros<\/span><\/b><span class=\"citation-19 citation-end-19\">, Este sistema permite voos em grandes altitudes, o que aumenta a seguran\u00e7a em terrenos montanhosos e permite cobrir uma \u00e1rea maior por voo.<\/span><\/p>\n<\/li>\n<li>\n<p id=\"p-rc_f7b00e2edd2842cd-33\" data-path-to-node=\"4,2,0\"><b data-path-to-node=\"4,2,0\" data-index-in-node=\"0\"><span class=\"citation-18\">Penetra\u00e7\u00e3o superior:<\/span><\/b><span class=\"citation-18 citation-end-18\"> Utilizando a capacidade de m\u00faltiplos alvos (digitaliza\u00e7\u00e3o de eco), ele consegue penetrar vegeta\u00e7\u00e3o densa para fornecer Modelos Digitais de Eleva\u00e7\u00e3o (MDEs) terrestres precisos.<\/span><\/p>\n<\/li>\n<li>\n<p id=\"p-rc_f7b00e2edd2842cd-34\" data-path-to-node=\"4,3,0\"><b data-path-to-node=\"4,3,0\" data-index-in-node=\"0\">Imagens Integradas:<\/b><span class=\"citation-17\"> Vem equipado com um sistema integrado <\/span><b data-path-to-node=\"4,3,0\" data-index-in-node=\"51\"><span class=\"citation-17\">C\u00e2mera full-frame de 45 MP<\/span><\/b><span class=\"citation-17 citation-end-17\">, permitindo a gera\u00e7\u00e3o de nuvens de pontos 3D de alta resolu\u00e7\u00e3o e cores reais.<\/span><\/p>\n<\/li>\n<li>\n<p id=\"p-rc_f7b00e2edd2842cd-35\" data-path-to-node=\"4,4,0\"><b data-path-to-node=\"4,4,0\" data-index-in-node=\"0\"><span class=\"citation-16\">Sistema POS Industrial:<\/span><\/b><span class=\"citation-16\"> Possui uma IMU de alta precis\u00e3o (<\/span><b data-path-to-node=\"4,4,0\" data-index-in-node=\"54\"><span class=\"citation-16\">gSpin 410<\/span><\/b><span class=\"citation-16\">) e unidade GNSS, fornecendo dados est\u00e1veis de atitude e posicionamento com uma precis\u00e3o horizontal de <\/span><b data-path-to-node=\"4,4,0\" data-index-in-node=\"157\"><span class=\"citation-16\">0,02 m<\/span><\/b><span class=\"citation-16 citation-end-16\">.<\/span><\/p>\n<div class=\"source-inline-chip-container ng-star-inserted\"><\/div>\n<p>&nbsp;<\/li>\n<\/ul>\n<h3 data-path-to-node=\"6\">Especifica\u00e7\u00f5es t\u00e9cnicas<\/h3>\n<table data-path-to-node=\"7\">\n<thead>\n<tr>\n<td><strong>Recurso<\/strong><\/td>\n<td><strong>Especifica\u00e7\u00f5es<\/strong><\/td>\n<\/tr>\n<\/thead>\n<tbody>\n<tr>\n<td><span data-path-to-node=\"7,1,0,0\"><b data-path-to-node=\"7,1,0,0\" data-index-in-node=\"0\">Sensor a laser<\/b><\/span><\/td>\n<td><span data-path-to-node=\"7,1,1,0\">Sensor a laser RIEGL<\/span><\/td>\n<\/tr>\n<tr>\n<td><span data-path-to-node=\"7,2,0,0\"><b data-path-to-node=\"7,2,0,0\" data-index-in-node=\"0\">Faixa de medi\u00e7\u00e3o<\/b><\/span><\/td>\n<td><span data-path-to-node=\"7,2,1,0\">At\u00e9 1.845 m<\/span><\/td>\n<\/tr>\n<tr>\n<td><span data-path-to-node=\"7,3,0,0\"><b data-path-to-node=\"7,3,0,0\" data-index-in-node=\"0\">Precis\u00e3o de alcance<\/b><\/span><\/td>\n<td><span data-path-to-node=\"7,3,1,0\">15 mm<\/span><\/td>\n<\/tr>\n<tr>\n<td><span data-path-to-node=\"7,4,0,0\"><b data-path-to-node=\"7,4,0,0\" data-index-in-node=\"0\">Frequ\u00eancia de varredura<\/b><\/span><\/td>\n<td><span data-path-to-node=\"7,4,1,0\">10 Hz \u2013 200 Hz<\/span><\/td>\n<\/tr>\n<tr>\n<td><span data-path-to-node=\"7,5,0,0\"><b data-path-to-node=\"7,5,0,0\" data-index-in-node=\"0\">Campo de vis\u00e3o (FOV)<\/b><\/span><\/td>\n<td><span data-path-to-node=\"7,5,1,0\">360\u00b0<\/span><\/td>\n<\/tr>\n<tr>\n<td><span data-path-to-node=\"7,6,0,0\"><b data-path-to-node=\"7,6,0,0\" data-index-in-node=\"0\">Resolu\u00e7\u00e3o da c\u00e2mera<\/b><\/span><\/td>\n<td><span data-path-to-node=\"7,6,1,0\">45 megapixels (quadro completo)<\/span><\/td>\n<\/tr>\n<tr>\n<td><span data-path-to-node=\"7,7,0,0\"><b data-path-to-node=\"7,7,0,0\" data-index-in-node=\"0\">Peso do sistema<\/b><\/span><\/td>\n<td><span data-path-to-node=\"7,7,1,0\">4,5 kg<\/span><\/td>\n<\/tr>\n<tr>\n<td><span data-path-to-node=\"7,8,0,0\"><b data-path-to-node=\"7,8,0,0\" data-index-in-node=\"0\">Armazenamento<\/b><\/span><\/td>\n<td><span data-path-to-node=\"7,8,1,0\">SSD interno de 512 GB<\/span><\/td>\n<\/tr>\n<tr>\n<td><span data-path-to-node=\"7,9,0,0\"><b data-path-to-node=\"7,9,0,0\" data-index-in-node=\"0\">Consumo de energia<\/b><\/span><\/td>\n<td><span data-path-to-node=\"7,9,1,0\">75 W<\/span><\/td>\n<\/tr>\n<tr>\n<td><span data-path-to-node=\"7,10,0,0\"><b data-path-to-node=\"7,10,0,0\" data-index-in-node=\"0\">Plataformas suportadas<\/b><\/span><\/td>\n<td><span data-path-to-node=\"7,10,1,0\">DJI M300\/M350, VTOL Asa Fixa, Ve\u00edculos<\/span><\/td>\n<\/tr>\n<\/tbody>\n<\/table>\n<p>&nbsp;<\/p>\n<p>&nbsp;<\/p>\n<h3 data-path-to-node=\"9\">Aplica\u00e7\u00f5es<\/h3>\n<ul data-path-to-node=\"10\">\n<li>\n<p id=\"p-rc_f7b00e2edd2842cd-36\" data-path-to-node=\"10,0,0\"><b data-path-to-node=\"10,0,0\" data-index-in-node=\"0\"><span class=\"citation-15\">Inspe\u00e7\u00e3o da linha de energia:<\/span><\/b><span class=\"citation-15 citation-end-15\"> Mapeamento detalhado da flecha dos cabos e das estruturas dos postes com alta densidade de pontos.<\/span><\/p>\n<\/li>\n<li>\n<p id=\"p-rc_f7b00e2edd2842cd-37\" data-path-to-node=\"10,1,0\"><b data-path-to-node=\"10,1,0\" data-index-in-node=\"0\"><span class=\"citation-14\">Gest\u00e3o Florestal:<\/span><\/b><span class=\"citation-14 citation-end-14\"> Medi\u00e7\u00e3o da altura da copa das \u00e1rvores e do terreno subjacente atrav\u00e9s da densa folhagem.<\/span><\/p>\n<\/li>\n<li>\n<p id=\"p-rc_f7b00e2edd2842cd-38\" data-path-to-node=\"10,2,0\"><b data-path-to-node=\"10,2,0\" data-index-in-node=\"0\">Levantamento topogr\u00e1fico de minas:<\/b><span class=\"citation-13 citation-end-13\"> C\u00e1lculos r\u00e1pidos de volume e monitoramento de seguran\u00e7a em minas a c\u00e9u aberto.<\/span><\/p>\n<\/li>\n<li>\n<p data-path-to-node=\"10,3,0\"><b data-path-to-node=\"10,3,0\" data-index-in-node=\"0\">Mapeamento Topogr\u00e1fico:<\/b> Mapeamento em grande escala, nas escalas 1:500 ou 1:1000, para planejamento urbano e constru\u00e7\u00e3o.<\/p>\n<\/li>\n<\/ul>\n<p>&nbsp;<\/p>\n<p>&nbsp;<\/p>\n<h3 data-path-to-node=\"12\">Ecossistema de Software<\/h3>\n<p data-path-to-node=\"13\">O sistema inclui <b data-path-to-node=\"13\" data-index-in-node=\"20\">gAirHawk 5.0<\/b> (ou a vers\u00e3o mais recente) para pr\u00e9-processamento. Este software simplifica o fluxo de trabalho ao:<\/p>\n<ol start=\"1\" data-path-to-node=\"14\">\n<li>\n<p id=\"p-rc_f7b00e2edd2842cd-39\" data-path-to-node=\"14,0,0\"><span class=\"citation-12 citation-end-12\">Integra\u00e7\u00e3o de dados GNSS e IMU para calcular trajet\u00f3rias.<\/span><\/p>\n<\/li>\n<li>\n<p data-path-to-node=\"14,1,0\">Combina\u00e7\u00e3o de dados de trajet\u00f3ria com varreduras brutas de LiDAR.<\/p>\n<\/li>\n<li>\n<p data-path-to-node=\"14,2,0\">Aplicar a coloriza\u00e7\u00e3o RGB da c\u00e2mera interna \u00e0 nuvem de pontos para obter um resultado de &quot;g\u00eameo digital&quot;.<\/p>\n<\/li>\n<\/ol>","protected":false},"excerpt":{"rendered":"<p id=\"p-rc_f7b00e2edd2842cd-29\" data-path-to-node=\"0\"><span class=\"citation-23\">O <\/span><b data-path-to-node=\"0\" data-index-in-node=\"4\"><span class=\"citation-23\">Geosun gAirHawk GS-2000R<\/span><\/b><span class=\"citation-23 citation-end-23\"> \u00c9 um sistema de escaneamento LiDAR de alto desempenho e longo alcance, projetado para levantamentos a\u00e9reos de n\u00edvel profissional.<\/span> <span class=\"citation-22\">\u00c9 o motor principal da s\u00e9rie gAirHawk, integrando um <\/span><b data-path-to-node=\"0\" data-index-in-node=\"194\"><span class=\"citation-22\">sensor laser RIEGL<\/span><\/b><span class=\"citation-22 citation-end-22\"> Para oferecer precis\u00e3o de n\u00edvel topogr\u00e1fico mesmo em grandes altitudes e velocidades.<\/span><\/p>\n<p id=\"p-rc_f7b00e2edd2842cd-30\" data-path-to-node=\"1\"><span class=\"citation-21 citation-end-21\">Seja para mapear florestas densas, linhas de energia complexas ou infraestrutura urbana extensa, o GS-2000R foi projetado para lidar com projetos de grande escala que exigem precis\u00e3o e efici\u00eancia.<\/span><\/p>","protected":false},"featured_media":26059,"comment_status":"open","ping_status":"closed","template":"","meta":[],"product_brand":[],"product_cat":[650,705],"product_tag":[651,1451,401],"class_list":{"0":"post-25994","1":"product","2":"type-product","3":"status-publish","4":"has-post-thumbnail","6":"product_cat-geosun","7":"product_cat-sensors","8":"product_tag-geosun","9":"product_tag-gs-2000r","10":"product_tag-lidar","12":"first","13":"onbackorder","14":"taxable","15":"shipping-taxable","16":"product-type-simple"},"yoast_head":"<!-- This site is optimized with the Yoast SEO plugin v27.4 - https:\/\/yoast.com\/product\/yoast-seo-wordpress\/ -->\n<title>Geosun GS-2000R - Ghostysky<\/title>\n<meta name=\"description\" content=\"The Geosun gAirHawk GS-2000R is a high-performance, long-range LiDAR scanning system designed for professional-grade aerial surveying. It is the powerhouse of the gAirHawk series, integrating a RIEGL laser sensor to deliver survey-grade accuracy even at high altitudes and speeds.Whether you are mapping dense forestry, complex power lines, or expansive urban infrastructure, the GS-2000R is built to handle large-scale projects that demand both precision and efficiency.\" \/>\n<meta name=\"robots\" content=\"index, follow, max-snippet:-1, max-image-preview:large, max-video-preview:-1\" \/>\n<link rel=\"canonical\" href=\"https:\/\/www.ghostysky.com\/pt\/produto-2\/geosun-gs-2000r\/\" \/>\n<meta property=\"og:locale\" content=\"pt_PT\" \/>\n<meta property=\"og:type\" content=\"article\" \/>\n<meta property=\"og:title\" content=\"Geosun GS-2000R - Ghostysky\" \/>\n<meta property=\"og:description\" content=\"The Geosun gAirHawk GS-2000R is a high-performance, long-range LiDAR scanning system designed for professional-grade aerial surveying. It is the powerhouse of the gAirHawk series, integrating a RIEGL laser sensor to deliver survey-grade accuracy even at high altitudes and speeds.Whether you are mapping dense forestry, complex power lines, or expansive urban infrastructure, the GS-2000R is built to handle large-scale projects that demand both precision and efficiency.\" \/>\n<meta property=\"og:url\" content=\"https:\/\/www.ghostysky.com\/pt\/produto-2\/geosun-gs-2000r\/\" \/>\n<meta property=\"og:site_name\" content=\"Ghostysky\" \/>\n<meta property=\"article:publisher\" content=\"https:\/\/www.facebook.com\/people\/Ghostysky\/100057676170234\/\" \/>\n<meta property=\"article:modified_time\" content=\"2026-05-08T16:06:42+00:00\" \/>\n<meta property=\"og:image\" content=\"https:\/\/www.ghostysky.com\/wp-content\/uploads\/2026\/05\/GH_Geosun-GS-2000R.png\" \/>\n\t<meta property=\"og:image:width\" content=\"1200\" \/>\n\t<meta property=\"og:image:height\" content=\"844\" \/>\n\t<meta property=\"og:image:type\" content=\"image\/png\" \/>\n<meta name=\"twitter:card\" content=\"summary_large_image\" \/>\n<meta name=\"twitter:site\" content=\"@Gh0stysky\" \/>\n<meta name=\"twitter:label1\" content=\"Tempo estimado de leitura\" \/>\n\t<meta name=\"twitter:data1\" content=\"2 minutos\" \/>\n<script type=\"application\/ld+json\" class=\"yoast-schema-graph\">{\"@context\":\"https:\\\/\\\/schema.org\",\"@graph\":[{\"@type\":\"WebPage\",\"@id\":\"https:\\\/\\\/www.ghostysky.com\\\/product\\\/geosun-gs-2000r\\\/\",\"url\":\"https:\\\/\\\/www.ghostysky.com\\\/product\\\/geosun-gs-2000r\\\/\",\"name\":\"Geosun GS-2000R - Ghostysky\",\"isPartOf\":{\"@id\":\"https:\\\/\\\/www.ghostysky.com\\\/#website\"},\"primaryImageOfPage\":{\"@id\":\"https:\\\/\\\/www.ghostysky.com\\\/product\\\/geosun-gs-2000r\\\/#primaryimage\"},\"image\":{\"@id\":\"https:\\\/\\\/www.ghostysky.com\\\/product\\\/geosun-gs-2000r\\\/#primaryimage\"},\"thumbnailUrl\":\"https:\\\/\\\/www.ghostysky.com\\\/wp-content\\\/uploads\\\/2026\\\/05\\\/GH_Geosun-GS-2000R.png\",\"datePublished\":\"2026-05-03T08:31:39+00:00\",\"dateModified\":\"2026-05-08T16:06:42+00:00\",\"description\":\"The Geosun gAirHawk GS-2000R is a high-performance, long-range LiDAR scanning system designed for professional-grade aerial surveying. It is the powerhouse of the gAirHawk series, integrating a RIEGL laser sensor to deliver survey-grade accuracy even at high altitudes and speeds.Whether you are mapping dense forestry, complex power lines, or expansive urban infrastructure, the GS-2000R is built to handle large-scale projects that demand both precision and efficiency.\",\"breadcrumb\":{\"@id\":\"https:\\\/\\\/www.ghostysky.com\\\/product\\\/geosun-gs-2000r\\\/#breadcrumb\"},\"inLanguage\":\"pt-PT\",\"potentialAction\":[{\"@type\":\"ReadAction\",\"target\":[\"https:\\\/\\\/www.ghostysky.com\\\/product\\\/geosun-gs-2000r\\\/\"]}]},{\"@type\":\"ImageObject\",\"inLanguage\":\"pt-PT\",\"@id\":\"https:\\\/\\\/www.ghostysky.com\\\/product\\\/geosun-gs-2000r\\\/#primaryimage\",\"url\":\"https:\\\/\\\/www.ghostysky.com\\\/wp-content\\\/uploads\\\/2026\\\/05\\\/GH_Geosun-GS-2000R.png\",\"contentUrl\":\"https:\\\/\\\/www.ghostysky.com\\\/wp-content\\\/uploads\\\/2026\\\/05\\\/GH_Geosun-GS-2000R.png\",\"width\":1200,\"height\":844},{\"@type\":\"BreadcrumbList\",\"@id\":\"https:\\\/\\\/www.ghostysky.com\\\/product\\\/geosun-gs-2000r\\\/#breadcrumb\",\"itemListElement\":[{\"@type\":\"ListItem\",\"position\":1,\"name\":\"Home\",\"item\":\"https:\\\/\\\/www.ghostysky.com\\\/\"},{\"@type\":\"ListItem\",\"position\":2,\"name\":\"Shop\",\"item\":\"https:\\\/\\\/www.ghostysky.com\\\/shop\\\/\"},{\"@type\":\"ListItem\",\"position\":3,\"name\":\"Geosun GS-2000R\"}]},{\"@type\":\"WebSite\",\"@id\":\"https:\\\/\\\/www.ghostysky.com\\\/#website\",\"url\":\"https:\\\/\\\/www.ghostysky.com\\\/\",\"name\":\"Ghostysky\",\"description\":\"Delivering professional drones and robotics solutions\",\"publisher\":{\"@id\":\"https:\\\/\\\/www.ghostysky.com\\\/#organization\"},\"potentialAction\":[{\"@type\":\"SearchAction\",\"target\":{\"@type\":\"EntryPoint\",\"urlTemplate\":\"https:\\\/\\\/www.ghostysky.com\\\/?s={search_term_string}\"},\"query-input\":{\"@type\":\"PropertyValueSpecification\",\"valueRequired\":true,\"valueName\":\"search_term_string\"}}],\"inLanguage\":\"pt-PT\"},{\"@type\":\"Organization\",\"@id\":\"https:\\\/\\\/www.ghostysky.com\\\/#organization\",\"name\":\"Ghostysky\",\"url\":\"https:\\\/\\\/www.ghostysky.com\\\/\",\"logo\":{\"@type\":\"ImageObject\",\"inLanguage\":\"pt-PT\",\"@id\":\"https:\\\/\\\/www.ghostysky.com\\\/#\\\/schema\\\/logo\\\/image\\\/\",\"url\":\"https:\\\/\\\/www.ghostysky.com\\\/wp-content\\\/uploads\\\/2020\\\/06\\\/cropped-ghostyskylogo_text_white2.png\",\"contentUrl\":\"https:\\\/\\\/www.ghostysky.com\\\/wp-content\\\/uploads\\\/2020\\\/06\\\/cropped-ghostyskylogo_text_white2.png\",\"width\":169,\"height\":56,\"caption\":\"Ghostysky\"},\"image\":{\"@id\":\"https:\\\/\\\/www.ghostysky.com\\\/#\\\/schema\\\/logo\\\/image\\\/\"},\"sameAs\":[\"https:\\\/\\\/www.facebook.com\\\/people\\\/Ghostysky\\\/100057676170234\\\/\",\"https:\\\/\\\/x.com\\\/Gh0stysky\",\"https:\\\/\\\/www.linkedin.com\\\/company\\\/34739653\",\"https:\\\/\\\/www.instagram.com\\\/gh0stysky\"]}]}<\/script>\n<!-- \/ Yoast SEO plugin. -->","yoast_head_json":{"title":"Geosun GS-2000R - Ghostysky","description":"O Geosun gAirHawk GS-2000R \u00e9 um sistema de escaneamento LiDAR de alto desempenho e longo alcance, projetado para levantamentos a\u00e9reos profissionais. \u00c9 o carro-chefe da s\u00e9rie gAirHawk, integrando um sensor laser RIEGL para oferecer precis\u00e3o de n\u00edvel topogr\u00e1fico mesmo em grandes altitudes e velocidades. Seja para mapear florestas densas, linhas de transmiss\u00e3o de energia complexas ou infraestrutura urbana extensa, o GS-2000R foi constru\u00eddo para lidar com projetos de grande escala que exigem precis\u00e3o e efici\u00eancia.","robots":{"index":"index","follow":"follow","max-snippet":"max-snippet:-1","max-image-preview":"max-image-preview:large","max-video-preview":"max-video-preview:-1"},"canonical":"https:\/\/www.ghostysky.com\/pt\/produto-2\/geosun-gs-2000r\/","og_locale":"pt_PT","og_type":"article","og_title":"Geosun GS-2000R - Ghostysky","og_description":"The Geosun gAirHawk GS-2000R is a high-performance, long-range LiDAR scanning system designed for professional-grade aerial surveying. It is the powerhouse of the gAirHawk series, integrating a RIEGL laser sensor to deliver survey-grade accuracy even at high altitudes and speeds.Whether you are mapping dense forestry, complex power lines, or expansive urban infrastructure, the GS-2000R is built to handle large-scale projects that demand both precision and efficiency.","og_url":"https:\/\/www.ghostysky.com\/pt\/produto-2\/geosun-gs-2000r\/","og_site_name":"Ghostysky","article_publisher":"https:\/\/www.facebook.com\/people\/Ghostysky\/100057676170234\/","article_modified_time":"2026-05-08T16:06:42+00:00","og_image":[{"width":1200,"height":844,"url":"https:\/\/www.ghostysky.com\/wp-content\/uploads\/2026\/05\/GH_Geosun-GS-2000R.png","type":"image\/png"}],"twitter_card":"summary_large_image","twitter_site":"@Gh0stysky","twitter_misc":{"Tempo estimado de leitura":"2 minutos"},"schema":{"@context":"https:\/\/schema.org","@graph":[{"@type":"WebPage","@id":"https:\/\/www.ghostysky.com\/product\/geosun-gs-2000r\/","url":"https:\/\/www.ghostysky.com\/product\/geosun-gs-2000r\/","name":"Geosun GS-2000R - Ghostysky","isPartOf":{"@id":"https:\/\/www.ghostysky.com\/#website"},"primaryImageOfPage":{"@id":"https:\/\/www.ghostysky.com\/product\/geosun-gs-2000r\/#primaryimage"},"image":{"@id":"https:\/\/www.ghostysky.com\/product\/geosun-gs-2000r\/#primaryimage"},"thumbnailUrl":"https:\/\/www.ghostysky.com\/wp-content\/uploads\/2026\/05\/GH_Geosun-GS-2000R.png","datePublished":"2026-05-03T08:31:39+00:00","dateModified":"2026-05-08T16:06:42+00:00","description":"O Geosun gAirHawk GS-2000R \u00e9 um sistema de escaneamento LiDAR de alto desempenho e longo alcance, projetado para levantamentos a\u00e9reos profissionais. \u00c9 o carro-chefe da s\u00e9rie gAirHawk, integrando um sensor laser RIEGL para oferecer precis\u00e3o de n\u00edvel topogr\u00e1fico mesmo em grandes altitudes e velocidades. Seja para mapear florestas densas, linhas de transmiss\u00e3o de energia complexas ou infraestrutura urbana extensa, o GS-2000R foi constru\u00eddo para lidar com projetos de grande escala que exigem precis\u00e3o e efici\u00eancia.","breadcrumb":{"@id":"https:\/\/www.ghostysky.com\/product\/geosun-gs-2000r\/#breadcrumb"},"inLanguage":"pt-PT","potentialAction":[{"@type":"ReadAction","target":["https:\/\/www.ghostysky.com\/product\/geosun-gs-2000r\/"]}]},{"@type":"ImageObject","inLanguage":"pt-PT","@id":"https:\/\/www.ghostysky.com\/product\/geosun-gs-2000r\/#primaryimage","url":"https:\/\/www.ghostysky.com\/wp-content\/uploads\/2026\/05\/GH_Geosun-GS-2000R.png","contentUrl":"https:\/\/www.ghostysky.com\/wp-content\/uploads\/2026\/05\/GH_Geosun-GS-2000R.png","width":1200,"height":844},{"@type":"BreadcrumbList","@id":"https:\/\/www.ghostysky.com\/product\/geosun-gs-2000r\/#breadcrumb","itemListElement":[{"@type":"ListItem","position":1,"name":"Home","item":"https:\/\/www.ghostysky.com\/"},{"@type":"ListItem","position":2,"name":"Shop","item":"https:\/\/www.ghostysky.com\/shop\/"},{"@type":"ListItem","position":3,"name":"Geosun GS-2000R"}]},{"@type":"WebSite","@id":"https:\/\/www.ghostysky.com\/#website","url":"https:\/\/www.ghostysky.com\/","name":"Ghostysky","description":"Fornecendo solu\u00e7\u00f5es profissionais em drones e rob\u00f3tica.","publisher":{"@id":"https:\/\/www.ghostysky.com\/#organization"},"potentialAction":[{"@type":"SearchAction","target":{"@type":"EntryPoint","urlTemplate":"https:\/\/www.ghostysky.com\/?s={search_term_string}"},"query-input":{"@type":"PropertyValueSpecification","valueRequired":true,"valueName":"search_term_string"}}],"inLanguage":"pt-PT"},{"@type":"Organization","@id":"https:\/\/www.ghostysky.com\/#organization","name":"Ghostysky","url":"https:\/\/www.ghostysky.com\/","logo":{"@type":"ImageObject","inLanguage":"pt-PT","@id":"https:\/\/www.ghostysky.com\/#\/schema\/logo\/image\/","url":"https:\/\/www.ghostysky.com\/wp-content\/uploads\/2020\/06\/cropped-ghostyskylogo_text_white2.png","contentUrl":"https:\/\/www.ghostysky.com\/wp-content\/uploads\/2020\/06\/cropped-ghostyskylogo_text_white2.png","width":169,"height":56,"caption":"Ghostysky"},"image":{"@id":"https:\/\/www.ghostysky.com\/#\/schema\/logo\/image\/"},"sameAs":["https:\/\/www.facebook.com\/people\/Ghostysky\/100057676170234\/","https:\/\/x.com\/Gh0stysky","https:\/\/www.linkedin.com\/company\/34739653","https:\/\/www.instagram.com\/gh0stysky"]}]}},"_links":{"self":[{"href":"https:\/\/www.ghostysky.com\/pt\/wp-json\/wp\/v2\/product\/25994","targetHints":{"allow":["GET"]}}],"collection":[{"href":"https:\/\/www.ghostysky.com\/pt\/wp-json\/wp\/v2\/product"}],"about":[{"href":"https:\/\/www.ghostysky.com\/pt\/wp-json\/wp\/v2\/types\/product"}],"replies":[{"embeddable":true,"href":"https:\/\/www.ghostysky.com\/pt\/wp-json\/wp\/v2\/comments?post=25994"}],"version-history":[{"count":1,"href":"https:\/\/www.ghostysky.com\/pt\/wp-json\/wp\/v2\/product\/25994\/revisions"}],"predecessor-version":[{"id":26060,"href":"https:\/\/www.ghostysky.com\/pt\/wp-json\/wp\/v2\/product\/25994\/revisions\/26060"}],"wp:featuredmedia":[{"embeddable":true,"href":"https:\/\/www.ghostysky.com\/pt\/wp-json\/wp\/v2\/media\/26059"}],"wp:attachment":[{"href":"https:\/\/www.ghostysky.com\/pt\/wp-json\/wp\/v2\/media?parent=25994"}],"wp:term":[{"taxonomy":"product_brand","embeddable":true,"href":"https:\/\/www.ghostysky.com\/pt\/wp-json\/wp\/v2\/product_brand?post=25994"},{"taxonomy":"product_cat","embeddable":true,"href":"https:\/\/www.ghostysky.com\/pt\/wp-json\/wp\/v2\/product_cat?post=25994"},{"taxonomy":"product_tag","embeddable":true,"href":"https:\/\/www.ghostysky.com\/pt\/wp-json\/wp\/v2\/product_tag?post=25994"}],"curies":[{"name":"wp","href":"https:\/\/api.w.org\/{rel}","templated":true}]}}