{"id":26061,"date":"2026-05-08T16:11:01","date_gmt":"2026-05-08T16:11:01","guid":{"rendered":"https:\/\/www.ghostysky.com\/?post_type=product&#038;p=26061"},"modified":"2026-05-08T17:23:16","modified_gmt":"2026-05-08T17:23:16","slug":"geosun-gcollector-m302","status":"publish","type":"product","link":"https:\/\/www.ghostysky.com\/pt\/product\/geosun-gcollector-m302\/","title":{"rendered":"Geosun gCollector-M302"},"content":{"rendered":"<h3 data-path-to-node=\"3\">Principais caracter\u00edsticas e benef\u00edcios<\/h3>\n<ul data-path-to-node=\"4\">\n<li>\n<p data-path-to-node=\"4,0,0\"><b data-path-to-node=\"4,0,0\" data-index-in-node=\"0\">Versatilidade multiplataforma:<\/b> Seja montado em um <b data-path-to-node=\"4,0,0\" data-index-in-node=\"49\">UAV (Drone)<\/b>, uma <b data-path-to-node=\"4,0,0\" data-index-in-node=\"64\">ve\u00edculo<\/b>, ou usado como um <b data-path-to-node=\"4,0,0\" data-index-in-node=\"86\">port\u00e1til\/mochila<\/b> A unidade M302 adapta-se ao terreno e \u00e0 escala do seu projeto.<\/p>\n<\/li>\n<li>\n<p data-path-to-node=\"4,1,0\"><b data-path-to-node=\"4,1,0\" data-index-in-node=\"0\">Posicionamento de alta precis\u00e3o:<\/b> Equipado com um sistema de n\u00edvel t\u00e1tico <b data-path-to-node=\"4,1,0\" data-index-in-node=\"58\">IMU<\/b> e um de alta qualidade <b data-path-to-node=\"4,1,0\" data-index-in-node=\"77\">GNSS<\/b> receptor, garantindo precis\u00e3o em n\u00edvel de cent\u00edmetro mesmo em ambientes complexos.<\/p>\n<\/li>\n<li>\n<p data-path-to-node=\"4,2,0\"><b data-path-to-node=\"4,2,0\" data-index-in-node=\"0\">Tecnologia de triplo retorno:<\/b> Possui excelente capacidade de penetra\u00e7\u00e3o em vegeta\u00e7\u00e3o densa, sendo ideal para silvicultura, levantamentos topogr\u00e1ficos e inspe\u00e7\u00f5es de linhas de energia.<\/p>\n<\/li>\n<li>\n<p data-path-to-node=\"4,3,0\"><b data-path-to-node=\"4,3,0\" data-index-in-node=\"0\">Visualiza\u00e7\u00e3o de dados em tempo real:<\/b> Compat\u00edvel com o pacote de software propriet\u00e1rio da Geosun, permitindo que os operadores monitorem a qualidade e a cobertura da nuvem de pontos durante a miss\u00e3o.<\/p>\n<\/li>\n<li>\n<p data-path-to-node=\"4,4,0\"><b data-path-to-node=\"4,4,0\" data-index-in-node=\"0\">Imagens Integradas:<\/b> Suporta a integra\u00e7\u00e3o de c\u00e2meras externas para produzir nuvens de pontos 3D em cores reais, adicionando uma camada de contexto visual aos seus g\u00eameos digitais.<\/p>\n<\/li>\n<\/ul>\n<p>&nbsp;<\/p>\n<h3 data-path-to-node=\"6\"><\/h3>\n<h3 data-path-to-node=\"6\">Especifica\u00e7\u00f5es t\u00e9cnicas<\/h3>\n<table class=\"pd-spec-table\">\n<tbody>\n<tr>\n<th>Componente<\/th>\n<th>Especifica\u00e7\u00f5es<\/th>\n<\/tr>\n<tr>\n<td><strong>Par\u00e2metros do gCollector<\/strong><\/td>\n<td><\/td>\n<\/tr>\n<tr>\n<td>CPU\/RAM<\/td>\n<td>13\u00aa gera\u00e7\u00e3o Intel i9 \/ 96 GB DDR5<\/td>\n<\/tr>\n<tr>\n<td>Unidade de Processamento<\/td>\n<td>Suporte m\u00e1ximo para Nvidia RTX 4090<\/td>\n<\/tr>\n<tr>\n<td>Interface da c\u00e2mera<\/td>\n<td>Suporte m\u00e1ximo para GMSL de 16 * 8MP<\/td>\n<\/tr>\n<tr>\n<td>Interface LiDAR<\/td>\n<td>M\u00e1ximo 10 conex\u00f5es de 1000 Mbps<\/td>\n<\/tr>\n<tr>\n<td>Porta serial<\/td>\n<td>RS232\/422\/485 bidirecional<\/td>\n<\/tr>\n<tr>\n<td>CAN\/CANfd<\/td>\n<td>8 vias 8 Mbps<\/td>\n<\/tr>\n<tr>\n<td>USB<\/td>\n<td>USB 3.2 de 6 vias<\/td>\n<\/tr>\n<tr>\n<td><strong>Unidade LiDAR<\/strong><\/td>\n<td><\/td>\n<\/tr>\n<tr>\n<td>Faixa de medi\u00e7\u00e3o<\/td>\n<td>Alcance m\u00e1ximo de detec\u00e7\u00e3o de 300 m<\/td>\n<\/tr>\n<tr>\n<td>Precis\u00e3o de alcance<\/td>\n<td>1 cm<\/td>\n<\/tr>\n<tr>\n<td>Classe Laser<\/td>\n<td>950nm Classe 1 (IEC 60825-1:2014)<\/td>\n<\/tr>\n<tr>\n<td>Retornar<\/td>\n<td>3 Ecos<\/td>\n<\/tr>\n<tr>\n<td>Taxa de dados<\/td>\n<td>1.920.000,00 pts\/s<\/td>\n<\/tr>\n<tr>\n<td>FOV<\/td>\n<td>360\u00b0\/40,3\u00b0<\/td>\n<\/tr>\n<tr>\n<td><strong>Unidade POS<\/strong><\/td>\n<td><\/td>\n<\/tr>\n<tr>\n<td>Frequ\u00eancia de atualiza\u00e7\u00e3o<\/td>\n<td>200 Hz<\/td>\n<\/tr>\n<tr>\n<td>Precis\u00e3o de dire\u00e7\u00e3o<\/td>\n<td>0,008\u00b0<\/td>\n<\/tr>\n<tr>\n<td>Precis\u00e3o de tom<\/td>\n<td>0,003\u00b0<\/td>\n<\/tr>\n<tr>\n<td>Precis\u00e3o de rolamento<\/td>\n<td>0,003\u00b0<\/td>\n<\/tr>\n<tr>\n<td>Precis\u00e3o de posi\u00e7\u00e3o<\/td>\n<td>Horizontal: 0,02m, Vertical: 0,03m<\/td>\n<\/tr>\n<tr>\n<td>Tipo de sinal GNSS<\/td>\n<td>GPS L1\/L2\/L5, GLONASS L1\/L2, BDS B1\/B2\/B3, GAL E1\/E5a\/E5b<\/td>\n<\/tr>\n<tr>\n<td>Modelo<\/td>\n<td>gSpin 510<\/td>\n<\/tr>\n<tr>\n<td><strong>C\u00e2mera<\/strong><\/td>\n<td><\/td>\n<\/tr>\n<tr>\n<td>Pixel efetivo<\/td>\n<td>7* 5 Megapixels<\/td>\n<\/tr>\n<tr>\n<td>Per\u00edodo de exposi\u00e7\u00e3o<\/td>\n<td>25 \u03bcs ~ 2,5 segundos<\/td>\n<\/tr>\n<tr>\n<td>Taxa de quadros m\u00e1xima<\/td>\n<td>30 fps<\/td>\n<\/tr>\n<\/tbody>\n<\/table>\n<p>&nbsp;<\/p>\n<h3 data-path-to-node=\"9\"><\/h3>\n<h3 data-path-to-node=\"9\">Aplica\u00e7\u00f5es prim\u00e1rias<\/h3>\n<blockquote data-path-to-node=\"10\">\n<p data-path-to-node=\"10,0\"><b data-path-to-node=\"10,0\" data-index-in-node=\"0\">\u201cO gCollector-M302 transforma horas de levantamento topogr\u00e1fico tradicional em minutos de captura digital.\u201d<\/b><\/p>\n<\/blockquote>\n<ol start=\"1\" data-path-to-node=\"11\">\n<li>\n<p data-path-to-node=\"11,0,0\"><b data-path-to-node=\"11,0,0\" data-index-in-node=\"0\">Mapeamento Topogr\u00e1fico:<\/b> Gere rapidamente Modelos Digitais de Eleva\u00e7\u00e3o (MDE) e Modelos Digitais de Superf\u00edcie (MDS).<\/p>\n<\/li>\n<li>\n<p data-path-to-node=\"11,1,0\"><b data-path-to-node=\"11,1,0\" data-index-in-node=\"0\">Inspe\u00e7\u00e3o de Infraestrutura:<\/b> Modelagem 3D detalhada de pontes, rodovias e t\u00faneis para manuten\u00e7\u00e3o e fluxos de trabalho BIM.<\/p>\n<\/li>\n<li>\n<p data-path-to-node=\"11,2,0\"><b data-path-to-node=\"11,2,0\" data-index-in-node=\"0\">Inspe\u00e7\u00e3o de linhas de energia:<\/b> Extra\u00e7\u00e3o autom\u00e1tica de fios de linhas de energia e an\u00e1lise de dist\u00e2ncia.<\/p>\n<\/li>\n<li>\n<p data-path-to-node=\"11,3,0\"><b data-path-to-node=\"11,3,0\" data-index-in-node=\"0\">Gest\u00e3o Florestal:<\/b> Me\u00e7a a altura das \u00e1rvores, a densidade da copa e a biomassa com pulsos de laser de alta penetra\u00e7\u00e3o.<\/p>\n<\/li>\n<li>\n<p data-path-to-node=\"11,4,0\"><b data-path-to-node=\"11,4,0\" data-index-in-node=\"0\">Planejamento urbano:<\/b> Capture rapidamente dados &quot;como constru\u00eddo&quot; para iniciativas de Cidades Inteligentes e mapeamento de ruas.<\/p>\n<\/li>\n<\/ol>\n<p>&nbsp;<\/p>\n<h3 data-path-to-node=\"13\"><\/h3>\n<h3 data-path-to-node=\"13\">Por que escolher o M302?<\/h3>\n<p data-path-to-node=\"14\">O <b data-path-to-node=\"14\" data-index-in-node=\"4\">Geosun gCollector-M302<\/b> destaca-se por sua <b data-path-to-node=\"14\" data-index-in-node=\"46\">equil\u00edbrio de peso e amplitude<\/b>. Enquanto muitos scanners leves sacrificam a dist\u00e2ncia, o M302 mant\u00e9m uma capacidade de longo alcance que permite altitudes de voo mais elevadas (aumentando a seguran\u00e7a e a \u00e1rea de cobertura) sem comprometer a densidade da nuvem de pontos. \u00c9 uma verdadeira ferramenta essencial para top\u00f3grafos que precisam de um equipamento confi\u00e1vel e completo para enfrentar diversos desafios ambientais.<\/p>","protected":false},"excerpt":{"rendered":"<p>O <b data-path-to-node=\"1\" data-index-in-node=\"4\">Geosun gCollector-M302<\/b> O M302 \u00e9 um sistema de escaneamento LiDAR m\u00f3vel multiplataforma de n\u00edvel profissional, projetado para aquisi\u00e7\u00e3o de dados geoespaciais de alta efici\u00eancia. Desenvolvido para unir portabilidade e pot\u00eancia, o M302 integra escaneamento a laser de alta resolu\u00e7\u00e3o, posicionamento preciso e recursos de imagem em uma \u00fanica unidade compacta.<\/p>","protected":false},"featured_media":26062,"comment_status":"open","ping_status":"closed","template":"","meta":[],"product_brand":[],"product_cat":[650,705],"product_tag":[651,1451,401],"class_list":{"0":"post-26061","1":"product","2":"type-product","3":"status-publish","4":"has-post-thumbnail","6":"product_cat-geosun","7":"product_cat-sensors","8":"product_tag-geosun","9":"product_tag-gs-2000r","10":"product_tag-lidar","12":"first","13":"onbackorder","14":"taxable","15":"shipping-taxable","16":"product-type-simple"},"yoast_head":"<!-- This site is optimized with the Yoast SEO plugin v27.4 - https:\/\/yoast.com\/product\/yoast-seo-wordpress\/ -->\n<title>Geosun gCollector-M302 - Ghostysky<\/title>\n<meta name=\"description\" content=\"The Geosun gCollector-M302 is a professional-grade, multi-platform mobile LiDAR scanning system designed for high-efficiency geospatial data acquisition. Engineered to bridge the gap between portability and power, the M302 integrates high-resolution laser scanning, precise positioning, and imaging capabilities into a single, compact unit.\" \/>\n<meta name=\"robots\" content=\"index, follow, max-snippet:-1, max-image-preview:large, max-video-preview:-1\" \/>\n<link rel=\"canonical\" href=\"https:\/\/www.ghostysky.com\/pt\/produto-2\/geosun-gcollector-m302\/\" \/>\n<meta property=\"og:locale\" content=\"pt_PT\" \/>\n<meta property=\"og:type\" content=\"article\" \/>\n<meta property=\"og:title\" content=\"Geosun gCollector-M302 - Ghostysky\" \/>\n<meta property=\"og:description\" content=\"The Geosun gCollector-M302 is a professional-grade, multi-platform mobile LiDAR scanning system designed for high-efficiency geospatial data acquisition. Engineered to bridge the gap between portability and power, the M302 integrates high-resolution laser scanning, precise positioning, and imaging capabilities into a single, compact unit.\" \/>\n<meta property=\"og:url\" content=\"https:\/\/www.ghostysky.com\/pt\/produto-2\/geosun-gcollector-m302\/\" \/>\n<meta property=\"og:site_name\" content=\"Ghostysky\" \/>\n<meta property=\"article:publisher\" content=\"https:\/\/www.facebook.com\/people\/Ghostysky\/100057676170234\/\" \/>\n<meta property=\"article:modified_time\" content=\"2026-05-08T17:23:16+00:00\" \/>\n<meta property=\"og:image\" content=\"https:\/\/www.ghostysky.com\/wp-content\/uploads\/2026\/05\/GH_Geosun_gCollector-M302.webp\" \/>\n\t<meta property=\"og:image:width\" content=\"400\" \/>\n\t<meta property=\"og:image:height\" content=\"400\" \/>\n\t<meta property=\"og:image:type\" content=\"image\/webp\" \/>\n<meta name=\"twitter:card\" content=\"summary_large_image\" \/>\n<meta name=\"twitter:site\" content=\"@Gh0stysky\" \/>\n<meta name=\"twitter:label1\" content=\"Tempo estimado de leitura\" \/>\n\t<meta name=\"twitter:data1\" content=\"2 minutos\" \/>\n<script type=\"application\/ld+json\" class=\"yoast-schema-graph\">{\"@context\":\"https:\\\/\\\/schema.org\",\"@graph\":[{\"@type\":\"WebPage\",\"@id\":\"https:\\\/\\\/www.ghostysky.com\\\/product\\\/geosun-gcollector-m302\\\/\",\"url\":\"https:\\\/\\\/www.ghostysky.com\\\/product\\\/geosun-gcollector-m302\\\/\",\"name\":\"Geosun gCollector-M302 - Ghostysky\",\"isPartOf\":{\"@id\":\"https:\\\/\\\/www.ghostysky.com\\\/#website\"},\"primaryImageOfPage\":{\"@id\":\"https:\\\/\\\/www.ghostysky.com\\\/product\\\/geosun-gcollector-m302\\\/#primaryimage\"},\"image\":{\"@id\":\"https:\\\/\\\/www.ghostysky.com\\\/product\\\/geosun-gcollector-m302\\\/#primaryimage\"},\"thumbnailUrl\":\"https:\\\/\\\/www.ghostysky.com\\\/wp-content\\\/uploads\\\/2026\\\/05\\\/GH_Geosun_gCollector-M302.webp\",\"datePublished\":\"2026-05-08T16:11:01+00:00\",\"dateModified\":\"2026-05-08T17:23:16+00:00\",\"description\":\"The Geosun gCollector-M302 is a professional-grade, multi-platform mobile LiDAR scanning system designed for high-efficiency geospatial data acquisition. Engineered to bridge the gap between portability and power, the M302 integrates high-resolution laser scanning, precise positioning, and imaging capabilities into a single, compact unit.\",\"breadcrumb\":{\"@id\":\"https:\\\/\\\/www.ghostysky.com\\\/product\\\/geosun-gcollector-m302\\\/#breadcrumb\"},\"inLanguage\":\"pt-PT\",\"potentialAction\":[{\"@type\":\"ReadAction\",\"target\":[\"https:\\\/\\\/www.ghostysky.com\\\/product\\\/geosun-gcollector-m302\\\/\"]}]},{\"@type\":\"ImageObject\",\"inLanguage\":\"pt-PT\",\"@id\":\"https:\\\/\\\/www.ghostysky.com\\\/product\\\/geosun-gcollector-m302\\\/#primaryimage\",\"url\":\"https:\\\/\\\/www.ghostysky.com\\\/wp-content\\\/uploads\\\/2026\\\/05\\\/GH_Geosun_gCollector-M302.webp\",\"contentUrl\":\"https:\\\/\\\/www.ghostysky.com\\\/wp-content\\\/uploads\\\/2026\\\/05\\\/GH_Geosun_gCollector-M302.webp\",\"width\":400,\"height\":400},{\"@type\":\"BreadcrumbList\",\"@id\":\"https:\\\/\\\/www.ghostysky.com\\\/product\\\/geosun-gcollector-m302\\\/#breadcrumb\",\"itemListElement\":[{\"@type\":\"ListItem\",\"position\":1,\"name\":\"Home\",\"item\":\"https:\\\/\\\/www.ghostysky.com\\\/\"},{\"@type\":\"ListItem\",\"position\":2,\"name\":\"Shop\",\"item\":\"https:\\\/\\\/www.ghostysky.com\\\/shop\\\/\"},{\"@type\":\"ListItem\",\"position\":3,\"name\":\"Geosun gCollector-M302\"}]},{\"@type\":\"WebSite\",\"@id\":\"https:\\\/\\\/www.ghostysky.com\\\/#website\",\"url\":\"https:\\\/\\\/www.ghostysky.com\\\/\",\"name\":\"Ghostysky\",\"description\":\"Delivering professional drones and robotics solutions\",\"publisher\":{\"@id\":\"https:\\\/\\\/www.ghostysky.com\\\/#organization\"},\"potentialAction\":[{\"@type\":\"SearchAction\",\"target\":{\"@type\":\"EntryPoint\",\"urlTemplate\":\"https:\\\/\\\/www.ghostysky.com\\\/?s={search_term_string}\"},\"query-input\":{\"@type\":\"PropertyValueSpecification\",\"valueRequired\":true,\"valueName\":\"search_term_string\"}}],\"inLanguage\":\"pt-PT\"},{\"@type\":\"Organization\",\"@id\":\"https:\\\/\\\/www.ghostysky.com\\\/#organization\",\"name\":\"Ghostysky\",\"url\":\"https:\\\/\\\/www.ghostysky.com\\\/\",\"logo\":{\"@type\":\"ImageObject\",\"inLanguage\":\"pt-PT\",\"@id\":\"https:\\\/\\\/www.ghostysky.com\\\/#\\\/schema\\\/logo\\\/image\\\/\",\"url\":\"https:\\\/\\\/www.ghostysky.com\\\/wp-content\\\/uploads\\\/2020\\\/06\\\/cropped-ghostyskylogo_text_white2.png\",\"contentUrl\":\"https:\\\/\\\/www.ghostysky.com\\\/wp-content\\\/uploads\\\/2020\\\/06\\\/cropped-ghostyskylogo_text_white2.png\",\"width\":169,\"height\":56,\"caption\":\"Ghostysky\"},\"image\":{\"@id\":\"https:\\\/\\\/www.ghostysky.com\\\/#\\\/schema\\\/logo\\\/image\\\/\"},\"sameAs\":[\"https:\\\/\\\/www.facebook.com\\\/people\\\/Ghostysky\\\/100057676170234\\\/\",\"https:\\\/\\\/x.com\\\/Gh0stysky\",\"https:\\\/\\\/www.linkedin.com\\\/company\\\/34739653\",\"https:\\\/\\\/www.instagram.com\\\/gh0stysky\"]}]}<\/script>\n<!-- \/ Yoast SEO plugin. -->","yoast_head_json":{"title":"Geosun gCollector-M302 - Ghostysky","description":"O Geosun gCollector-M302 \u00e9 um sistema de escaneamento LiDAR m\u00f3vel multiplataforma de n\u00edvel profissional, projetado para aquisi\u00e7\u00e3o de dados geoespaciais de alta efici\u00eancia. Desenvolvido para unir portabilidade e pot\u00eancia, o M302 integra escaneamento a laser de alta resolu\u00e7\u00e3o, posicionamento preciso e recursos de imagem em uma \u00fanica unidade compacta.","robots":{"index":"index","follow":"follow","max-snippet":"max-snippet:-1","max-image-preview":"max-image-preview:large","max-video-preview":"max-video-preview:-1"},"canonical":"https:\/\/www.ghostysky.com\/pt\/produto-2\/geosun-gcollector-m302\/","og_locale":"pt_PT","og_type":"article","og_title":"Geosun gCollector-M302 - Ghostysky","og_description":"The Geosun gCollector-M302 is a professional-grade, multi-platform mobile LiDAR scanning system designed for high-efficiency geospatial data acquisition. Engineered to bridge the gap between portability and power, the M302 integrates high-resolution laser scanning, precise positioning, and imaging capabilities into a single, compact unit.","og_url":"https:\/\/www.ghostysky.com\/pt\/produto-2\/geosun-gcollector-m302\/","og_site_name":"Ghostysky","article_publisher":"https:\/\/www.facebook.com\/people\/Ghostysky\/100057676170234\/","article_modified_time":"2026-05-08T17:23:16+00:00","og_image":[{"width":400,"height":400,"url":"https:\/\/www.ghostysky.com\/wp-content\/uploads\/2026\/05\/GH_Geosun_gCollector-M302.webp","type":"image\/webp"}],"twitter_card":"summary_large_image","twitter_site":"@Gh0stysky","twitter_misc":{"Tempo estimado de leitura":"2 minutos"},"schema":{"@context":"https:\/\/schema.org","@graph":[{"@type":"WebPage","@id":"https:\/\/www.ghostysky.com\/product\/geosun-gcollector-m302\/","url":"https:\/\/www.ghostysky.com\/product\/geosun-gcollector-m302\/","name":"Geosun gCollector-M302 - Ghostysky","isPartOf":{"@id":"https:\/\/www.ghostysky.com\/#website"},"primaryImageOfPage":{"@id":"https:\/\/www.ghostysky.com\/product\/geosun-gcollector-m302\/#primaryimage"},"image":{"@id":"https:\/\/www.ghostysky.com\/product\/geosun-gcollector-m302\/#primaryimage"},"thumbnailUrl":"https:\/\/www.ghostysky.com\/wp-content\/uploads\/2026\/05\/GH_Geosun_gCollector-M302.webp","datePublished":"2026-05-08T16:11:01+00:00","dateModified":"2026-05-08T17:23:16+00:00","description":"O Geosun gCollector-M302 \u00e9 um sistema de escaneamento LiDAR m\u00f3vel multiplataforma de n\u00edvel profissional, projetado para aquisi\u00e7\u00e3o de dados geoespaciais de alta efici\u00eancia. Desenvolvido para unir portabilidade e pot\u00eancia, o M302 integra escaneamento a laser de alta resolu\u00e7\u00e3o, posicionamento preciso e recursos de imagem em uma \u00fanica unidade compacta.","breadcrumb":{"@id":"https:\/\/www.ghostysky.com\/product\/geosun-gcollector-m302\/#breadcrumb"},"inLanguage":"pt-PT","potentialAction":[{"@type":"ReadAction","target":["https:\/\/www.ghostysky.com\/product\/geosun-gcollector-m302\/"]}]},{"@type":"ImageObject","inLanguage":"pt-PT","@id":"https:\/\/www.ghostysky.com\/product\/geosun-gcollector-m302\/#primaryimage","url":"https:\/\/www.ghostysky.com\/wp-content\/uploads\/2026\/05\/GH_Geosun_gCollector-M302.webp","contentUrl":"https:\/\/www.ghostysky.com\/wp-content\/uploads\/2026\/05\/GH_Geosun_gCollector-M302.webp","width":400,"height":400},{"@type":"BreadcrumbList","@id":"https:\/\/www.ghostysky.com\/product\/geosun-gcollector-m302\/#breadcrumb","itemListElement":[{"@type":"ListItem","position":1,"name":"Home","item":"https:\/\/www.ghostysky.com\/"},{"@type":"ListItem","position":2,"name":"Shop","item":"https:\/\/www.ghostysky.com\/shop\/"},{"@type":"ListItem","position":3,"name":"Geosun gCollector-M302"}]},{"@type":"WebSite","@id":"https:\/\/www.ghostysky.com\/#website","url":"https:\/\/www.ghostysky.com\/","name":"Ghostysky","description":"Fornecendo solu\u00e7\u00f5es profissionais em drones e rob\u00f3tica.","publisher":{"@id":"https:\/\/www.ghostysky.com\/#organization"},"potentialAction":[{"@type":"SearchAction","target":{"@type":"EntryPoint","urlTemplate":"https:\/\/www.ghostysky.com\/?s={search_term_string}"},"query-input":{"@type":"PropertyValueSpecification","valueRequired":true,"valueName":"search_term_string"}}],"inLanguage":"pt-PT"},{"@type":"Organization","@id":"https:\/\/www.ghostysky.com\/#organization","name":"Ghostysky","url":"https:\/\/www.ghostysky.com\/","logo":{"@type":"ImageObject","inLanguage":"pt-PT","@id":"https:\/\/www.ghostysky.com\/#\/schema\/logo\/image\/","url":"https:\/\/www.ghostysky.com\/wp-content\/uploads\/2020\/06\/cropped-ghostyskylogo_text_white2.png","contentUrl":"https:\/\/www.ghostysky.com\/wp-content\/uploads\/2020\/06\/cropped-ghostyskylogo_text_white2.png","width":169,"height":56,"caption":"Ghostysky"},"image":{"@id":"https:\/\/www.ghostysky.com\/#\/schema\/logo\/image\/"},"sameAs":["https:\/\/www.facebook.com\/people\/Ghostysky\/100057676170234\/","https:\/\/x.com\/Gh0stysky","https:\/\/www.linkedin.com\/company\/34739653","https:\/\/www.instagram.com\/gh0stysky"]}]}},"_links":{"self":[{"href":"https:\/\/www.ghostysky.com\/pt\/wp-json\/wp\/v2\/product\/26061","targetHints":{"allow":["GET"]}}],"collection":[{"href":"https:\/\/www.ghostysky.com\/pt\/wp-json\/wp\/v2\/product"}],"about":[{"href":"https:\/\/www.ghostysky.com\/pt\/wp-json\/wp\/v2\/types\/product"}],"replies":[{"embeddable":true,"href":"https:\/\/www.ghostysky.com\/pt\/wp-json\/wp\/v2\/comments?post=26061"}],"version-history":[{"count":2,"href":"https:\/\/www.ghostysky.com\/pt\/wp-json\/wp\/v2\/product\/26061\/revisions"}],"predecessor-version":[{"id":26065,"href":"https:\/\/www.ghostysky.com\/pt\/wp-json\/wp\/v2\/product\/26061\/revisions\/26065"}],"wp:featuredmedia":[{"embeddable":true,"href":"https:\/\/www.ghostysky.com\/pt\/wp-json\/wp\/v2\/media\/26062"}],"wp:attachment":[{"href":"https:\/\/www.ghostysky.com\/pt\/wp-json\/wp\/v2\/media?parent=26061"}],"wp:term":[{"taxonomy":"product_brand","embeddable":true,"href":"https:\/\/www.ghostysky.com\/pt\/wp-json\/wp\/v2\/product_brand?post=26061"},{"taxonomy":"product_cat","embeddable":true,"href":"https:\/\/www.ghostysky.com\/pt\/wp-json\/wp\/v2\/product_cat?post=26061"},{"taxonomy":"product_tag","embeddable":true,"href":"https:\/\/www.ghostysky.com\/pt\/wp-json\/wp\/v2\/product_tag?post=26061"}],"curies":[{"name":"wp","href":"https:\/\/api.w.org\/{rel}","templated":true}]}}