{"id":26063,"date":"2026-05-08T17:23:06","date_gmt":"2026-05-08T17:23:06","guid":{"rendered":"https:\/\/www.ghostysky.com\/?post_type=product&#038;p=26063"},"modified":"2026-05-08T17:30:12","modified_gmt":"2026-05-08T17:30:12","slug":"geosun-gcollector-m502","status":"publish","type":"product","link":"https:\/\/www.ghostysky.com\/pt\/product\/geosun-gcollector-m502\/","title":{"rendered":"Geosun gCollector-M502"},"content":{"rendered":"<h3 data-path-to-node=\"3\">Compet\u00eancias Essenciais<\/h3>\n<ul data-path-to-node=\"4\">\n<li>\n<p id=\"p-rc_a2ba315b96ab76cb-55\" data-path-to-node=\"4,0,0\"><b data-path-to-node=\"4,0,0\" data-index-in-node=\"0\"><span class=\"citation-61\">Precis\u00e3o em n\u00edvel de cent\u00edmetro:<\/span><\/b><span class=\"citation-61\"> Ao combinar GNSS, IMU e sensores de roda (od\u00f4metros), o sistema mant\u00e9m a precis\u00e3o horizontal de <\/span><b data-path-to-node=\"4,0,0\" data-index-in-node=\"127\"><span class=\"citation-61\">0,02m<\/span><\/b><span class=\"citation-61\"> e precis\u00e3o vertical de <\/span><b data-path-to-node=\"4,0,0\" data-index-in-node=\"158\"><span class=\"citation-61\">0,03m<\/span><\/b><span class=\"citation-61 citation-end-61\">, mesmo em &quot;c\u00e2nions&quot; urbanos desafiadores.\u201c<\/span><\/p>\n<\/li>\n<li>\n<p id=\"p-rc_a2ba315b96ab76cb-56\" data-path-to-node=\"4,1,0\"><b data-path-to-node=\"4,1,0\" data-index-in-node=\"0\">Vis\u00e3o e digitaliza\u00e7\u00e3o de 360\u00b0:<\/b><span class=\"citation-60 citation-end-60\"> Possui um sistema de c\u00e2meras panor\u00e2micas de n\u00edvel topogr\u00e1fico (normalmente 7\u00d75 MP) e uma unidade LiDAR com campo de vis\u00e3o horizontal de 360\u00b0, garantindo que n\u00e3o haja pontos cegos durante a coleta de dados.<\/span><\/p>\n<\/li>\n<li>\n<p id=\"p-rc_a2ba315b96ab76cb-57\" data-path-to-node=\"4,2,0\"><b data-path-to-node=\"4,2,0\" data-index-in-node=\"0\">Desempenho negado pelo GNSS:<\/b><span class=\"citation-59\"> Ele utiliza <\/span><b data-path-to-node=\"4,2,0\" data-index-in-node=\"37\"><span class=\"citation-59\">SLAM (Localiza\u00e7\u00e3o e Mapeamento Simult\u00e2neos)<\/span><\/b><span class=\"citation-59 citation-end-59\"> Tecnologia e algoritmos inteligentes para continuar a coleta precisa de dados em t\u00faneis, garagens subterr\u00e2neas ou sob densa cobertura de \u00e1rvores.<\/span><\/p>\n<\/li>\n<li>\n<p id=\"p-rc_a2ba315b96ab76cb-58\" data-path-to-node=\"4,3,0\"><b data-path-to-node=\"4,3,0\" data-index-in-node=\"0\">Poder de processamento de ponta:<\/b><span class=\"citation-58\"> Ao contr\u00e1rio de muitas unidades b\u00e1sicas, ele possui um sistema integrado de \u00e1udio. <\/span><b data-path-to-node=\"4,3,0\" data-index-in-node=\"80\"><span class=\"citation-58\">Intel i9 de 13\u00aa gera\u00e7\u00e3o<\/span><\/b><span class=\"citation-58\"> processador e suporta GPUs de \u00faltima gera\u00e7\u00e3o (como o <\/span><b data-path-to-node=\"4,3,0\" data-index-in-node=\"145\"><span class=\"citation-58\">RTX 4090<\/span><\/b><span class=\"citation-58 citation-end-58\">) para processamento de dados em tempo real.<\/span><\/p>\n<div class=\"source-inline-chip-container ng-star-inserted\"><\/div>\n<p>&nbsp;<\/li>\n<\/ul>\n<h3 data-path-to-node=\"6\">Especifica\u00e7\u00f5es t\u00e9cnicas<\/h3>\n<table class=\"pd-spec-table\">\n<tbody>\n<tr>\n<th>Componente<\/th>\n<th>Especifica\u00e7\u00f5es<\/th>\n<\/tr>\n<tr>\n<td><strong>Par\u00e2metros do gCollector<\/strong><\/td>\n<td><\/td>\n<\/tr>\n<tr>\n<td>CPU\/RAM<\/td>\n<td>13\u00aa gera\u00e7\u00e3o Intel i9 \/ 96 GB DDR5<\/td>\n<\/tr>\n<tr>\n<td>Unidade de Processamento<\/td>\n<td>Suporte m\u00e1ximo para Nvidia RTX 4090<\/td>\n<\/tr>\n<tr>\n<td>Interface da c\u00e2mera<\/td>\n<td>Suporte m\u00e1ximo para GMSL de 16 * 8MP<\/td>\n<\/tr>\n<tr>\n<td>Interface LiDAR<\/td>\n<td>M\u00e1ximo 10 conex\u00f5es de 1000 Mbps<\/td>\n<\/tr>\n<tr>\n<td>Porta serial<\/td>\n<td>RS232\/422\/485 bidirecional<\/td>\n<\/tr>\n<tr>\n<td>CAN\/CANfd<\/td>\n<td>8 vias 8 Mbps<\/td>\n<\/tr>\n<tr>\n<td>USB<\/td>\n<td>USB 3.2 de 6 vias<\/td>\n<\/tr>\n<tr>\n<td><strong>Unidade LiDAR<\/strong><\/td>\n<td><\/td>\n<\/tr>\n<tr>\n<td>Faixa de medi\u00e7\u00e3o<\/td>\n<td>Alcance m\u00e1ximo de detec\u00e7\u00e3o de 300 m<\/td>\n<\/tr>\n<tr>\n<td>Precis\u00e3o de alcance<\/td>\n<td>1 cm<\/td>\n<\/tr>\n<tr>\n<td>Classe Laser<\/td>\n<td>950nm Classe 1 (IEC 60825-1:2014)<\/td>\n<\/tr>\n<tr>\n<td>Retornar<\/td>\n<td>3 Ecos<\/td>\n<\/tr>\n<tr>\n<td>Taxa de dados<\/td>\n<td>1.920.000,00 pts\/s<\/td>\n<\/tr>\n<tr>\n<td>FOV<\/td>\n<td>360\u00b0\/40,3\u00b0<\/td>\n<\/tr>\n<tr>\n<td><strong>Unidade POS<\/strong><\/td>\n<td><\/td>\n<\/tr>\n<tr>\n<td>Frequ\u00eancia de atualiza\u00e7\u00e3o<\/td>\n<td>200 Hz<\/td>\n<\/tr>\n<tr>\n<td>Precis\u00e3o de dire\u00e7\u00e3o<\/td>\n<td>0,008\u00b0<\/td>\n<\/tr>\n<tr>\n<td>Precis\u00e3o de tom<\/td>\n<td>0,003\u00b0<\/td>\n<\/tr>\n<tr>\n<td>Precis\u00e3o de rolamento<\/td>\n<td>0,003\u00b0<\/td>\n<\/tr>\n<tr>\n<td>Precis\u00e3o de posi\u00e7\u00e3o<\/td>\n<td>Horizontal: 0,02m, Vertical: 0,03m<\/td>\n<\/tr>\n<tr>\n<td>Tipo de sinal GNSS<\/td>\n<td>GPS L1\/L2\/L5, GLONASS L1\/L2, BDS B1\/B2\/B3, GAL E1\/E5a\/E5b<\/td>\n<\/tr>\n<tr>\n<td>Modelo<\/td>\n<td>gSpin 510<\/td>\n<\/tr>\n<tr>\n<td><strong>C\u00e2mera<\/strong><\/td>\n<td><\/td>\n<\/tr>\n<tr>\n<td>Pixel efetivo<\/td>\n<td>7* 5 Megapixels<\/td>\n<\/tr>\n<tr>\n<td>Per\u00edodo de exposi\u00e7\u00e3o<\/td>\n<td>25 \u03bcs ~ 2,5 segundos<\/td>\n<\/tr>\n<tr>\n<td>Taxa de quadros m\u00e1xima<\/td>\n<td>30 fps<\/td>\n<\/tr>\n<\/tbody>\n<\/table>\n<p>&nbsp;<\/p>\n<p>&nbsp;<\/p>\n<h3 data-path-to-node=\"9\">Aplica\u00e7\u00f5es t\u00edpicas<\/h3>\n<p data-path-to-node=\"10\">O M502 foi projetado para projetos de escala industrial onde velocidade e precis\u00e3o s\u00e3o imprescind\u00edveis:<\/p>\n<ol start=\"1\" data-path-to-node=\"11\">\n<li>\n<p data-path-to-node=\"11,0,0\"><b data-path-to-node=\"11,0,0\" data-index-in-node=\"0\">Modelagem urbana em 3D:<\/b> Cria\u00e7\u00e3o de r\u00e9plicas digitais de alta fidelidade de quarteir\u00f5es inteiros.<\/p>\n<\/li>\n<li>\n<p id=\"p-rc_a2ba315b96ab76cb-59\" data-path-to-node=\"11,1,0\"><b data-path-to-node=\"11,1,0\" data-index-in-node=\"0\"><span class=\"citation-57\">Censo de ativos rodovi\u00e1rios:<\/span><\/b><span class=\"citation-57 citation-end-57\"> Identifica\u00e7\u00e3o e mapeamento autom\u00e1ticos de placas de sinaliza\u00e7\u00e3o, postes de ilumina\u00e7\u00e3o e tampas de bueiro.<\/span><\/p>\n<\/li>\n<li>\n<p id=\"p-rc_a2ba315b96ab76cb-60\" data-path-to-node=\"11,2,0\"><b data-path-to-node=\"11,2,0\" data-index-in-node=\"0\"><span class=\"citation-56\">Inspe\u00e7\u00e3o de rodovias e ferrovias:<\/span><\/b><span class=\"citation-56 citation-end-56\"> Monitorar as condi\u00e7\u00f5es da pista\/estrada e detectar deforma\u00e7\u00f5es ou necessidades de manuten\u00e7\u00e3o.<\/span><\/p>\n<\/li>\n<li>\n<p data-path-to-node=\"11,3,0\"><b data-path-to-node=\"11,3,0\" data-index-in-node=\"0\">Avalia\u00e7\u00e3o da infraestrutura:<\/b> Levantamentos de alta velocidade de pontes, t\u00faneis e grandes instala\u00e7\u00f5es de servi\u00e7os p\u00fablicos.<\/p>\n<\/li>\n<\/ol>\n<p>&nbsp;<\/p>\n<h3 data-path-to-node=\"12\">Fluxo de trabalho de software<\/h3>\n<p data-path-to-node=\"13\">O sistema vem acompanhado do pacote de software propriet\u00e1rio da Geosun:<\/p>\n<ul data-path-to-node=\"14\">\n<li>\n<p id=\"p-rc_a2ba315b96ab76cb-61\" data-path-to-node=\"14,0,0\"><b data-path-to-node=\"14,0,0\" data-index-in-node=\"0\">Software POS:<\/b><span class=\"citation-55 citation-end-55\"> Para calcular trajet\u00f3rias e atitudes precisas.<\/span><\/p>\n<\/li>\n<li>\n<p id=\"p-rc_a2ba315b96ab76cb-62\" data-path-to-node=\"14,1,0\"><b data-path-to-node=\"14,1,0\" data-index-in-node=\"0\">Criador de nuvem de pontos:<\/b><span class=\"citation-54\"> Para gerar e colorir as nuvens de pontos brutas (com suporte a formatos padr\u00e3o como <\/span><b data-path-to-node=\"14,1,0\" data-index-in-node=\"104\"><span class=\"citation-54\">.LAS<\/span><\/b><span class=\"citation-54 citation-end-54\">).<\/span><\/p>\n<\/li>\n<\/ul>","protected":false},"excerpt":{"rendered":"<p><span class=\"citation-63\">O <\/span><b data-path-to-node=\"0\" data-index-in-node=\"4\"><span class=\"citation-63\">Geosun gCollector-M502<\/span><\/b><span class=\"citation-63 citation-end-63\"> \u00c9 um sistema de captura da realidade m\u00f3vel de n\u00edvel profissional, projetado para mapeamento urbano e de estradas de alta precis\u00e3o.<\/span> <span class=\"citation-62 citation-end-62\">Trata-se de um sistema potente &quot;instalado no topo do carro&quot; que integra LiDAR de alta qualidade, imagens panor\u00e2micas e sensores de posicionamento avan\u00e7ados em uma \u00fanica unidade montada no ve\u00edculo.<\/span><\/p>","protected":false},"featured_media":26066,"comment_status":"open","ping_status":"closed","template":"","meta":[],"product_brand":[],"product_cat":[650,705],"product_tag":[651,1451,401],"class_list":{"0":"post-26063","1":"product","2":"type-product","3":"status-publish","4":"has-post-thumbnail","6":"product_cat-geosun","7":"product_cat-sensors","8":"product_tag-geosun","9":"product_tag-gs-2000r","10":"product_tag-lidar","12":"first","13":"onbackorder","14":"taxable","15":"shipping-taxable","16":"product-type-simple"},"yoast_head":"<!-- This site is optimized with the Yoast SEO plugin v27.4 - https:\/\/yoast.com\/product\/yoast-seo-wordpress\/ -->\n<title>Geosun gCollector-M502 - Ghostysky<\/title>\n<meta name=\"description\" content=\"The Geosun gCollector-M502 is a professional-grade, mobile reality capture system designed for high-precision road and urban mapping. It is a &quot;top-of-car&quot; powerhouse that integrates high-end LiDAR, panoramic imaging, and advanced positioning sensors into a single, vehicle-mounted unit.\" \/>\n<meta name=\"robots\" content=\"index, follow, max-snippet:-1, max-image-preview:large, max-video-preview:-1\" \/>\n<link rel=\"canonical\" href=\"https:\/\/www.ghostysky.com\/pt\/produto-2\/geosun-gcollector-m502\/\" \/>\n<meta property=\"og:locale\" content=\"pt_PT\" \/>\n<meta property=\"og:type\" content=\"article\" \/>\n<meta property=\"og:title\" content=\"Geosun gCollector-M502 - Ghostysky\" \/>\n<meta property=\"og:description\" content=\"The Geosun gCollector-M502 is a professional-grade, mobile reality capture system designed for high-precision road and urban mapping. It is a &quot;top-of-car&quot; powerhouse that integrates high-end LiDAR, panoramic imaging, and advanced positioning sensors into a single, vehicle-mounted unit.\" \/>\n<meta property=\"og:url\" content=\"https:\/\/www.ghostysky.com\/pt\/produto-2\/geosun-gcollector-m502\/\" \/>\n<meta property=\"og:site_name\" content=\"Ghostysky\" \/>\n<meta property=\"article:publisher\" content=\"https:\/\/www.facebook.com\/people\/Ghostysky\/100057676170234\/\" \/>\n<meta property=\"article:modified_time\" content=\"2026-05-08T17:30:12+00:00\" \/>\n<meta property=\"og:image\" content=\"https:\/\/www.ghostysky.com\/wp-content\/uploads\/2026\/05\/GH_Geosun_gCollector-M502.webp\" \/>\n\t<meta property=\"og:image:width\" content=\"400\" \/>\n\t<meta property=\"og:image:height\" content=\"400\" \/>\n\t<meta property=\"og:image:type\" content=\"image\/webp\" \/>\n<meta name=\"twitter:card\" content=\"summary_large_image\" \/>\n<meta name=\"twitter:site\" content=\"@Gh0stysky\" \/>\n<meta name=\"twitter:label1\" content=\"Tempo estimado de leitura\" \/>\n\t<meta name=\"twitter:data1\" content=\"2 minutos\" \/>\n<script type=\"application\/ld+json\" class=\"yoast-schema-graph\">{\"@context\":\"https:\\\/\\\/schema.org\",\"@graph\":[{\"@type\":\"WebPage\",\"@id\":\"https:\\\/\\\/www.ghostysky.com\\\/product\\\/geosun-gcollector-m502\\\/\",\"url\":\"https:\\\/\\\/www.ghostysky.com\\\/product\\\/geosun-gcollector-m502\\\/\",\"name\":\"Geosun gCollector-M502 - Ghostysky\",\"isPartOf\":{\"@id\":\"https:\\\/\\\/www.ghostysky.com\\\/#website\"},\"primaryImageOfPage\":{\"@id\":\"https:\\\/\\\/www.ghostysky.com\\\/product\\\/geosun-gcollector-m502\\\/#primaryimage\"},\"image\":{\"@id\":\"https:\\\/\\\/www.ghostysky.com\\\/product\\\/geosun-gcollector-m502\\\/#primaryimage\"},\"thumbnailUrl\":\"https:\\\/\\\/www.ghostysky.com\\\/wp-content\\\/uploads\\\/2026\\\/05\\\/GH_Geosun_gCollector-M502.webp\",\"datePublished\":\"2026-05-08T17:23:06+00:00\",\"dateModified\":\"2026-05-08T17:30:12+00:00\",\"description\":\"The Geosun gCollector-M502 is a professional-grade, mobile reality capture system designed for high-precision road and urban mapping. It is a \\\"top-of-car\\\" powerhouse that integrates high-end LiDAR, panoramic imaging, and advanced positioning sensors into a single, vehicle-mounted unit.\",\"breadcrumb\":{\"@id\":\"https:\\\/\\\/www.ghostysky.com\\\/product\\\/geosun-gcollector-m502\\\/#breadcrumb\"},\"inLanguage\":\"pt-PT\",\"potentialAction\":[{\"@type\":\"ReadAction\",\"target\":[\"https:\\\/\\\/www.ghostysky.com\\\/product\\\/geosun-gcollector-m502\\\/\"]}]},{\"@type\":\"ImageObject\",\"inLanguage\":\"pt-PT\",\"@id\":\"https:\\\/\\\/www.ghostysky.com\\\/product\\\/geosun-gcollector-m502\\\/#primaryimage\",\"url\":\"https:\\\/\\\/www.ghostysky.com\\\/wp-content\\\/uploads\\\/2026\\\/05\\\/GH_Geosun_gCollector-M502.webp\",\"contentUrl\":\"https:\\\/\\\/www.ghostysky.com\\\/wp-content\\\/uploads\\\/2026\\\/05\\\/GH_Geosun_gCollector-M502.webp\",\"width\":400,\"height\":400},{\"@type\":\"BreadcrumbList\",\"@id\":\"https:\\\/\\\/www.ghostysky.com\\\/product\\\/geosun-gcollector-m502\\\/#breadcrumb\",\"itemListElement\":[{\"@type\":\"ListItem\",\"position\":1,\"name\":\"Home\",\"item\":\"https:\\\/\\\/www.ghostysky.com\\\/\"},{\"@type\":\"ListItem\",\"position\":2,\"name\":\"Shop\",\"item\":\"https:\\\/\\\/www.ghostysky.com\\\/shop\\\/\"},{\"@type\":\"ListItem\",\"position\":3,\"name\":\"Geosun gCollector-M502\"}]},{\"@type\":\"WebSite\",\"@id\":\"https:\\\/\\\/www.ghostysky.com\\\/#website\",\"url\":\"https:\\\/\\\/www.ghostysky.com\\\/\",\"name\":\"Ghostysky\",\"description\":\"Delivering professional drones and robotics solutions\",\"publisher\":{\"@id\":\"https:\\\/\\\/www.ghostysky.com\\\/#organization\"},\"potentialAction\":[{\"@type\":\"SearchAction\",\"target\":{\"@type\":\"EntryPoint\",\"urlTemplate\":\"https:\\\/\\\/www.ghostysky.com\\\/?s={search_term_string}\"},\"query-input\":{\"@type\":\"PropertyValueSpecification\",\"valueRequired\":true,\"valueName\":\"search_term_string\"}}],\"inLanguage\":\"pt-PT\"},{\"@type\":\"Organization\",\"@id\":\"https:\\\/\\\/www.ghostysky.com\\\/#organization\",\"name\":\"Ghostysky\",\"url\":\"https:\\\/\\\/www.ghostysky.com\\\/\",\"logo\":{\"@type\":\"ImageObject\",\"inLanguage\":\"pt-PT\",\"@id\":\"https:\\\/\\\/www.ghostysky.com\\\/#\\\/schema\\\/logo\\\/image\\\/\",\"url\":\"https:\\\/\\\/www.ghostysky.com\\\/wp-content\\\/uploads\\\/2020\\\/06\\\/cropped-ghostyskylogo_text_white2.png\",\"contentUrl\":\"https:\\\/\\\/www.ghostysky.com\\\/wp-content\\\/uploads\\\/2020\\\/06\\\/cropped-ghostyskylogo_text_white2.png\",\"width\":169,\"height\":56,\"caption\":\"Ghostysky\"},\"image\":{\"@id\":\"https:\\\/\\\/www.ghostysky.com\\\/#\\\/schema\\\/logo\\\/image\\\/\"},\"sameAs\":[\"https:\\\/\\\/www.facebook.com\\\/people\\\/Ghostysky\\\/100057676170234\\\/\",\"https:\\\/\\\/x.com\\\/Gh0stysky\",\"https:\\\/\\\/www.linkedin.com\\\/company\\\/34739653\",\"https:\\\/\\\/www.instagram.com\\\/gh0stysky\"]}]}<\/script>\n<!-- \/ Yoast SEO plugin. -->","yoast_head_json":{"title":"Geosun gCollector-M502 - Ghostysky","description":"O Geosun gCollector-M502 \u00e9 um sistema m\u00f3vel de captura da realidade de n\u00edvel profissional, projetado para mapeamento urbano e de estradas de alta precis\u00e3o. Trata-se de um dispositivo potente, instalado no teto do ve\u00edculo, que integra LiDAR de \u00faltima gera\u00e7\u00e3o, imagens panor\u00e2micas e sensores de posicionamento avan\u00e7ados em uma \u00fanica unidade.","robots":{"index":"index","follow":"follow","max-snippet":"max-snippet:-1","max-image-preview":"max-image-preview:large","max-video-preview":"max-video-preview:-1"},"canonical":"https:\/\/www.ghostysky.com\/pt\/produto-2\/geosun-gcollector-m502\/","og_locale":"pt_PT","og_type":"article","og_title":"Geosun gCollector-M502 - Ghostysky","og_description":"The Geosun gCollector-M502 is a professional-grade, mobile reality capture system designed for high-precision road and urban mapping. It is a \"top-of-car\" powerhouse that integrates high-end LiDAR, panoramic imaging, and advanced positioning sensors into a single, vehicle-mounted unit.","og_url":"https:\/\/www.ghostysky.com\/pt\/produto-2\/geosun-gcollector-m502\/","og_site_name":"Ghostysky","article_publisher":"https:\/\/www.facebook.com\/people\/Ghostysky\/100057676170234\/","article_modified_time":"2026-05-08T17:30:12+00:00","og_image":[{"width":400,"height":400,"url":"https:\/\/www.ghostysky.com\/wp-content\/uploads\/2026\/05\/GH_Geosun_gCollector-M502.webp","type":"image\/webp"}],"twitter_card":"summary_large_image","twitter_site":"@Gh0stysky","twitter_misc":{"Tempo estimado de leitura":"2 minutos"},"schema":{"@context":"https:\/\/schema.org","@graph":[{"@type":"WebPage","@id":"https:\/\/www.ghostysky.com\/product\/geosun-gcollector-m502\/","url":"https:\/\/www.ghostysky.com\/product\/geosun-gcollector-m502\/","name":"Geosun gCollector-M502 - Ghostysky","isPartOf":{"@id":"https:\/\/www.ghostysky.com\/#website"},"primaryImageOfPage":{"@id":"https:\/\/www.ghostysky.com\/product\/geosun-gcollector-m502\/#primaryimage"},"image":{"@id":"https:\/\/www.ghostysky.com\/product\/geosun-gcollector-m502\/#primaryimage"},"thumbnailUrl":"https:\/\/www.ghostysky.com\/wp-content\/uploads\/2026\/05\/GH_Geosun_gCollector-M502.webp","datePublished":"2026-05-08T17:23:06+00:00","dateModified":"2026-05-08T17:30:12+00:00","description":"O Geosun gCollector-M502 \u00e9 um sistema m\u00f3vel de captura da realidade de n\u00edvel profissional, projetado para mapeamento urbano e de estradas de alta precis\u00e3o. Trata-se de um dispositivo potente, instalado no teto do ve\u00edculo, que integra LiDAR de \u00faltima gera\u00e7\u00e3o, imagens panor\u00e2micas e sensores de posicionamento avan\u00e7ados em uma \u00fanica unidade.","breadcrumb":{"@id":"https:\/\/www.ghostysky.com\/product\/geosun-gcollector-m502\/#breadcrumb"},"inLanguage":"pt-PT","potentialAction":[{"@type":"ReadAction","target":["https:\/\/www.ghostysky.com\/product\/geosun-gcollector-m502\/"]}]},{"@type":"ImageObject","inLanguage":"pt-PT","@id":"https:\/\/www.ghostysky.com\/product\/geosun-gcollector-m502\/#primaryimage","url":"https:\/\/www.ghostysky.com\/wp-content\/uploads\/2026\/05\/GH_Geosun_gCollector-M502.webp","contentUrl":"https:\/\/www.ghostysky.com\/wp-content\/uploads\/2026\/05\/GH_Geosun_gCollector-M502.webp","width":400,"height":400},{"@type":"BreadcrumbList","@id":"https:\/\/www.ghostysky.com\/product\/geosun-gcollector-m502\/#breadcrumb","itemListElement":[{"@type":"ListItem","position":1,"name":"Home","item":"https:\/\/www.ghostysky.com\/"},{"@type":"ListItem","position":2,"name":"Shop","item":"https:\/\/www.ghostysky.com\/shop\/"},{"@type":"ListItem","position":3,"name":"Geosun gCollector-M502"}]},{"@type":"WebSite","@id":"https:\/\/www.ghostysky.com\/#website","url":"https:\/\/www.ghostysky.com\/","name":"Ghostysky","description":"Fornecendo solu\u00e7\u00f5es profissionais em drones e rob\u00f3tica.","publisher":{"@id":"https:\/\/www.ghostysky.com\/#organization"},"potentialAction":[{"@type":"SearchAction","target":{"@type":"EntryPoint","urlTemplate":"https:\/\/www.ghostysky.com\/?s={search_term_string}"},"query-input":{"@type":"PropertyValueSpecification","valueRequired":true,"valueName":"search_term_string"}}],"inLanguage":"pt-PT"},{"@type":"Organization","@id":"https:\/\/www.ghostysky.com\/#organization","name":"Ghostysky","url":"https:\/\/www.ghostysky.com\/","logo":{"@type":"ImageObject","inLanguage":"pt-PT","@id":"https:\/\/www.ghostysky.com\/#\/schema\/logo\/image\/","url":"https:\/\/www.ghostysky.com\/wp-content\/uploads\/2020\/06\/cropped-ghostyskylogo_text_white2.png","contentUrl":"https:\/\/www.ghostysky.com\/wp-content\/uploads\/2020\/06\/cropped-ghostyskylogo_text_white2.png","width":169,"height":56,"caption":"Ghostysky"},"image":{"@id":"https:\/\/www.ghostysky.com\/#\/schema\/logo\/image\/"},"sameAs":["https:\/\/www.facebook.com\/people\/Ghostysky\/100057676170234\/","https:\/\/x.com\/Gh0stysky","https:\/\/www.linkedin.com\/company\/34739653","https:\/\/www.instagram.com\/gh0stysky"]}]}},"_links":{"self":[{"href":"https:\/\/www.ghostysky.com\/pt\/wp-json\/wp\/v2\/product\/26063","targetHints":{"allow":["GET"]}}],"collection":[{"href":"https:\/\/www.ghostysky.com\/pt\/wp-json\/wp\/v2\/product"}],"about":[{"href":"https:\/\/www.ghostysky.com\/pt\/wp-json\/wp\/v2\/types\/product"}],"replies":[{"embeddable":true,"href":"https:\/\/www.ghostysky.com\/pt\/wp-json\/wp\/v2\/comments?post=26063"}],"version-history":[{"count":1,"href":"https:\/\/www.ghostysky.com\/pt\/wp-json\/wp\/v2\/product\/26063\/revisions"}],"predecessor-version":[{"id":26067,"href":"https:\/\/www.ghostysky.com\/pt\/wp-json\/wp\/v2\/product\/26063\/revisions\/26067"}],"wp:featuredmedia":[{"embeddable":true,"href":"https:\/\/www.ghostysky.com\/pt\/wp-json\/wp\/v2\/media\/26066"}],"wp:attachment":[{"href":"https:\/\/www.ghostysky.com\/pt\/wp-json\/wp\/v2\/media?parent=26063"}],"wp:term":[{"taxonomy":"product_brand","embeddable":true,"href":"https:\/\/www.ghostysky.com\/pt\/wp-json\/wp\/v2\/product_brand?post=26063"},{"taxonomy":"product_cat","embeddable":true,"href":"https:\/\/www.ghostysky.com\/pt\/wp-json\/wp\/v2\/product_cat?post=26063"},{"taxonomy":"product_tag","embeddable":true,"href":"https:\/\/www.ghostysky.com\/pt\/wp-json\/wp\/v2\/product_tag?post=26063"}],"curies":[{"name":"wp","href":"https:\/\/api.w.org\/{rel}","templated":true}]}}