{"id":26086,"date":"2026-05-08T17:57:16","date_gmt":"2026-05-08T17:57:16","guid":{"rendered":"https:\/\/www.ghostysky.com\/?post_type=product&#038;p=26086"},"modified":"2026-05-08T18:06:00","modified_gmt":"2026-05-08T18:06:00","slug":"brainco-revo-2-touch-biomimetic-dexterous-left-hand-2","status":"publish","type":"product","link":"https:\/\/www.ghostysky.com\/pt\/product\/brainco-revo-2-touch-biomimetic-dexterous-left-hand-2\/","title":{"rendered":"M\u00e3o rob\u00f3tica b\u00e1sica BrainCo Revo 3"},"content":{"rendered":"<h3 data-path-to-node=\"3\">Principais recursos e especifica\u00e7\u00f5es<\/h3>\n<h3 data-path-to-node=\"4\">1. Destreza equivalente \u00e0 humana<\/h3>\n<p data-path-to-node=\"5\">Com <b data-path-to-node=\"5\" data-index-in-node=\"5\">21 graus de liberdade<\/b>, O Revo 3 consegue replicar praticamente todos os movimentos de uma m\u00e3o humana. Isso permite a realiza\u00e7\u00e3o de tarefas complexas de manipula\u00e7\u00e3o que antes eram dif\u00edceis para m\u00e3os rob\u00f3ticas, como:<\/p>\n<ul data-path-to-node=\"6\">\n<li>\n<p id=\"p-rc_3ea036b0c8ce928a-70\" data-path-to-node=\"6,0,0\"><span class=\"citation-83 citation-end-83\">Resolvendo um Cubo de Rubik.<\/span><\/p>\n<\/li>\n<li>\n<p id=\"p-rc_3ea036b0c8ce928a-71\" data-path-to-node=\"6,1,0\"><span class=\"citation-82 citation-end-82\">Executar truques complexos com cordas e n\u00f3s.<\/span><\/p>\n<\/li>\n<li>\n<p id=\"p-rc_3ea036b0c8ce928a-72\" data-path-to-node=\"6,2,0\"><span class=\"citation-81 citation-end-81\">Manuseio delicado de ferramentas (ex.: uso de tesoura ou pipeta).<\/span><\/p>\n<\/li>\n<\/ul>\n<h3 data-path-to-node=\"7\">2. Alto desempenho e durabilidade<\/h3>\n<ul data-path-to-node=\"8\">\n<li>\n<p data-path-to-node=\"8,0,0\"><b data-path-to-node=\"8,0,0\" data-index-in-node=\"0\">Capacidade de carga:<\/b> Capaz de um <b data-path-to-node=\"8,0,0\" data-index-in-node=\"28\">carga est\u00e1tica de 30 kg<\/b> e uma for\u00e7a de preens\u00e3o com toda a m\u00e3o de aproximadamente <b data-path-to-node=\"8,0,0\" data-index-in-node=\"98\">50N<\/b>.<\/p>\n<\/li>\n<li>\n<p data-path-to-node=\"8,1,0\"><b data-path-to-node=\"8,1,0\" data-index-in-node=\"0\">Precis\u00e3o:<\/b> Apresenta uma precis\u00e3o de repetibilidade de <b data-path-to-node=\"8,1,0\" data-index-in-node=\"48\">0,1 mm<\/b>, tornando-o adequado para montagem de componentes eletr\u00f4nicos leves.<\/p>\n<\/li>\n<li>\n<p id=\"p-rc_3ea036b0c8ce928a-73\" data-path-to-node=\"8,2,0\"><b data-path-to-node=\"8,2,0\" data-index-in-node=\"0\">Velocidade:<\/b><span class=\"citation-80\"> Um tempo de abertura\/fechamento r\u00e1pido de aproximadamente <\/span><b data-path-to-node=\"8,2,0\" data-index-in-node=\"42\"><span class=\"citation-80\">0,8 segundos<\/span><\/b><span class=\"citation-80 citation-end-80\">, permitindo a preens\u00e3o reativa.<\/span><\/p>\n<\/li>\n<\/ul>\n<h3 data-path-to-node=\"9\">3. Constru\u00e7\u00e3o e Ferragens<\/h3>\n<ul data-path-to-node=\"10\">\n<li>\n<p data-path-to-node=\"10,0,0\"><b data-path-to-node=\"10,0,0\" data-index-in-node=\"0\">Materiais:<\/b> Constru\u00eddo usando <b data-path-to-node=\"10,0,0\" data-index-in-node=\"23\">Liga de alum\u00ednio de grau aeroespacial<\/b> para a estrutura interna e <b data-path-to-node=\"10,0,0\" data-index-in-node=\"85\">Pl\u00e1stico pr\u00f3prio para contato com alimentos<\/b> para o revestimento externo.<\/p>\n<\/li>\n<li>\n<p data-path-to-node=\"10,1,0\"><b data-path-to-node=\"10,1,0\" data-index-in-node=\"0\">Sistema de acionamento:<\/b> Utiliza micromotores de alta precis\u00e3o com acionamento direto ou transmiss\u00e3o otimizada para manter um perfil leve (aprox. <b data-path-to-node=\"10,1,0\" data-index-in-node=\"138\">540g<\/b>).<\/p>\n<\/li>\n<li>\n<p data-path-to-node=\"10,2,0\"><b data-path-to-node=\"10,2,0\" data-index-in-node=\"0\">Comunica\u00e7\u00e3o:<\/b> Suportes <b data-path-to-node=\"10,2,0\" data-index-in-node=\"24\">RS485<\/b> e <b data-path-to-node=\"10,2,0\" data-index-in-node=\"34\">CAN\/CANfd<\/b> protocolos como padr\u00e3o, garantindo compatibilidade com os principais controladores de rob\u00f4s e o <b data-path-to-node=\"10,2,0\" data-index-in-node=\"127\">Unitree G1\/H1<\/b> plataformas humanoides.<\/p>\n<\/li>\n<\/ul>\n<p>&nbsp;<\/p>\n<p>&nbsp;<\/p>\n<h3 data-path-to-node=\"12\">Tabela T\u00e9cnica<\/h3>\n<table data-path-to-node=\"13\">\n<thead>\n<tr>\n<td><strong>Recurso<\/strong><\/td>\n<td><strong>Especifica\u00e7\u00e3o (Revo 3 B\u00e1sico)<\/strong><\/td>\n<\/tr>\n<\/thead>\n<tbody>\n<tr>\n<td><span data-path-to-node=\"13,1,0,0\"><b data-path-to-node=\"13,1,0,0\" data-index-in-node=\"0\">Graus de Liberdade<\/b><\/span><\/td>\n<td><span data-path-to-node=\"13,1,1,0\">21 Graus de Liberdade (Sistema de Articula\u00e7\u00e3o Bi\u00f4nica)<\/span><\/td>\n<\/tr>\n<tr>\n<td><span data-path-to-node=\"13,2,0,0\"><b data-path-to-node=\"13,2,0,0\" data-index-in-node=\"0\">Peso<\/b><\/span><\/td>\n<td><span data-path-to-node=\"13,2,1,0\">~540g<\/span><\/td>\n<\/tr>\n<tr>\n<td><span data-path-to-node=\"13,3,0,0\"><b data-path-to-node=\"13,3,0,0\" data-index-in-node=\"0\">For\u00e7a de Compreens\u00e3o (Poder)<\/b><\/span><\/td>\n<td><span data-path-to-node=\"13,3,1,0\">50N<\/span><\/td>\n<\/tr>\n<tr>\n<td><span data-path-to-node=\"13,4,0,0\"><b data-path-to-node=\"13,4,0,0\" data-index-in-node=\"0\">Carga de um dedo<\/b><\/span><\/td>\n<td><span data-path-to-node=\"13,4,1,0\">At\u00e9 8 kg<\/span><\/td>\n<\/tr>\n<tr>\n<td><span data-path-to-node=\"13,5,0,0\"><b data-path-to-node=\"13,5,0,0\" data-index-in-node=\"0\">Alcance de voltagem<\/b><\/span><\/td>\n<td><span data-path-to-node=\"13,5,1,0\">9,5 V \u2013 28 V<\/span><\/td>\n<\/tr>\n<tr>\n<td><span data-path-to-node=\"13,6,0,0\"><b data-path-to-node=\"13,6,0,0\" data-index-in-node=\"0\">Comunica\u00e7\u00e3o<\/b><\/span><\/td>\n<td><span data-path-to-node=\"13,6,1,0\">RS485, CAN, CANfd<\/span><\/td>\n<\/tr>\n<tr>\n<td><span data-path-to-node=\"13,7,0,0\"><b data-path-to-node=\"13,7,0,0\" data-index-in-node=\"0\">Modos de controle<\/b><\/span><\/td>\n<td><span data-path-to-node=\"13,7,1,0\">Controle de posi\u00e7\u00e3o, velocidade e corrente<\/span><\/td>\n<\/tr>\n<tr>\n<td><span data-path-to-node=\"13,8,0,0\"><b data-path-to-node=\"13,8,0,0\" data-index-in-node=\"0\">Suporte de software<\/b><\/span><\/td>\n<td><span data-path-to-node=\"13,8,1,0\">SDK (Python\/C++), ROS 2, Isaac Sim\/MuJoCo<\/span><\/td>\n<\/tr>\n<\/tbody>\n<\/table>\n<p>&nbsp;<\/p>\n<p>&nbsp;<\/p>\n<h3 data-path-to-node=\"15\">Melhores casos de uso<\/h3>\n<p data-path-to-node=\"16\">O <b data-path-to-node=\"16\" data-index-in-node=\"4\">Revo 3 21 B\u00e1sico<\/b> est\u00e1 especificamente posicionado para:<\/p>\n<ul data-path-to-node=\"17\">\n<li>\n<p data-path-to-node=\"17,0,0\"><b data-path-to-node=\"17,0,0\" data-index-in-node=\"0\">Pesquisa em IA Incorporada:<\/b> Treinamento de modelos de aprendizado por refor\u00e7o que exigem espa\u00e7os de a\u00e7\u00e3o com muitos graus de liberdade.<\/p>\n<\/li>\n<li>\n<p data-path-to-node=\"17,1,0\"><b data-path-to-node=\"17,1,0\" data-index-in-node=\"0\">Desenvolvimento humanoide:<\/b> Servindo como atuador final para humanoides de n\u00edvel de pesquisa.<\/p>\n<\/li>\n<li>\n<p data-path-to-node=\"17,2,0\"><b data-path-to-node=\"17,2,0\" data-index-in-node=\"0\">Educa\u00e7\u00e3o:<\/b> Uma plataforma robusta para que as universidades explorem o controle bi\u00f4nico e a cinem\u00e1tica sem os custos adicionais de sistemas de sensores t\u00e1teis.<\/p>\n<\/li>\n<\/ul>\n<blockquote data-path-to-node=\"18\">\n<p data-path-to-node=\"18,0\"><b data-path-to-node=\"18,0\" data-index-in-node=\"0\">Observa\u00e7\u00e3o:<\/b> Embora o Revo 3 Basic inclua sensores de posi\u00e7\u00e3o e corrente para prote\u00e7\u00e3o antiesmagamento e antiqueda, ele n\u00e3o possui a capacidade do modelo &quot;Touch&quot; de detectar textura, fric\u00e7\u00e3o e dire\u00e7\u00e3o da for\u00e7a.<\/p>\n<\/blockquote>","protected":false},"excerpt":{"rendered":"<p data-path-to-node=\"0\"><span class=\"citation-84\">O <\/span><b data-path-to-node=\"0\" data-index-in-node=\"4\"><span class=\"citation-84\">BrainCo Revo 3 B\u00e1sico<\/span><\/b><span class=\"citation-84 citation-end-84\"> \u00c9 uma m\u00e3o bi\u00f4nica de \u00faltima gera\u00e7\u00e3o, com alta destreza, projetada para rob\u00f3tica humanoide, pesquisa e automa\u00e7\u00e3o avan\u00e7ada.<\/span> Lan\u00e7ado no in\u00edcio de 2026, o &quot;21&quot; em seu nome se refere ao seu <b data-path-to-node=\"0\" data-index-in-node=\"197\">21 graus de liberdade (DoF)<\/b>, representando um salto significativo em complexidade mec\u00e2nica e movimentos semelhantes aos humanos em compara\u00e7\u00e3o com a s\u00e9rie Revo 2 de 11 graus de liberdade.<\/p>\n<p data-path-to-node=\"1\">O <b data-path-to-node=\"1\" data-index-in-node=\"4\">B\u00e1sico<\/b> Essa variante serve como ponto de entrada para a linha Revo 3, oferecendo toda a gama mec\u00e2nica do sistema de 21 graus de liberdade (21-DoF) sem as caras capas de sensores t\u00e1teis multimodais encontradas nos modelos &quot;Touch&quot; ou &quot;Pro&quot;.<\/p>","protected":false},"featured_media":26092,"comment_status":"open","ping_status":"closed","template":"","meta":[],"product_brand":[1383],"product_cat":[1041,1382,1381,1037],"product_tag":[],"class_list":{"0":"post-26086","1":"product","2":"type-product","3":"status-publish","4":"has-post-thumbnail","6":"product_brand-brainco","7":"product_cat-arms-grippers","8":"product_cat-bionic-dexterous-hands","9":"product_cat-brainco","10":"product_cat-robotics","12":"first","13":"onbackorder","14":"taxable","15":"shipping-taxable","16":"product-type-simple"},"yoast_head":"<!-- This site is optimized with the Yoast SEO plugin v27.4 - https:\/\/yoast.com\/product\/yoast-seo-wordpress\/ -->\n<title>BrainCo Revo 3 Basic Robot Hand - Ghostysky<\/title>\n<meta name=\"description\" content=\"The BrainCo Revo 3 21 Basic is a next-generation bionic dexterous hand designed for humanoid robotics, research, and advanced automation. Released in early 2026, the &quot;21&quot; in its name refers to its 21 Degrees of Freedom (DoF), marking a significant leap in mechanical complexity and human-like movement compared to the 11-DoF Revo 2 series. The Basic variant serves as the entry-point for the Revo 3 lineup, offering the full mechanical range of the 21-DoF system without the high-cost multi-modal tactile sensor skins found on the &quot;Touch&quot; or &quot;Pro&quot; models.\" \/>\n<meta name=\"robots\" content=\"index, follow, max-snippet:-1, max-image-preview:large, max-video-preview:-1\" \/>\n<link rel=\"canonical\" href=\"https:\/\/www.ghostysky.com\/pt\/produto-2\/brainco-revo-2-touch-biomimetic-dexterous-left-hand-2\/\" \/>\n<meta property=\"og:locale\" content=\"pt_PT\" \/>\n<meta property=\"og:type\" content=\"article\" \/>\n<meta property=\"og:title\" content=\"BrainCo Revo 3 Basic Robot Hand - Ghostysky\" \/>\n<meta property=\"og:description\" content=\"The BrainCo Revo 3 21 Basic is a next-generation bionic dexterous hand designed for humanoid robotics, research, and advanced automation. Released in early 2026, the &quot;21&quot; in its name refers to its 21 Degrees of Freedom (DoF), marking a significant leap in mechanical complexity and human-like movement compared to the 11-DoF Revo 2 series. The Basic variant serves as the entry-point for the Revo 3 lineup, offering the full mechanical range of the 21-DoF system without the high-cost multi-modal tactile sensor skins found on the &quot;Touch&quot; or &quot;Pro&quot; models.\" \/>\n<meta property=\"og:url\" content=\"https:\/\/www.ghostysky.com\/pt\/produto-2\/brainco-revo-2-touch-biomimetic-dexterous-left-hand-2\/\" \/>\n<meta property=\"og:site_name\" content=\"Ghostysky\" \/>\n<meta property=\"article:publisher\" content=\"https:\/\/www.facebook.com\/people\/Ghostysky\/100057676170234\/\" \/>\n<meta property=\"article:modified_time\" content=\"2026-05-08T18:06:00+00:00\" \/>\n<meta property=\"og:image\" content=\"https:\/\/www.ghostysky.com\/wp-content\/uploads\/2026\/05\/GH_brainco-revo-3-21-basic-robot-hand-right.jpg\" \/>\n\t<meta property=\"og:image:width\" content=\"700\" \/>\n\t<meta property=\"og:image:height\" content=\"700\" \/>\n\t<meta property=\"og:image:type\" content=\"image\/jpeg\" \/>\n<meta name=\"twitter:card\" content=\"summary_large_image\" \/>\n<meta name=\"twitter:site\" content=\"@Gh0stysky\" \/>\n<meta name=\"twitter:label1\" content=\"Tempo estimado de leitura\" \/>\n\t<meta name=\"twitter:data1\" content=\"2 minutos\" \/>\n<script type=\"application\/ld+json\" class=\"yoast-schema-graph\">{\"@context\":\"https:\\\/\\\/schema.org\",\"@graph\":[{\"@type\":\"WebPage\",\"@id\":\"https:\\\/\\\/www.ghostysky.com\\\/product\\\/brainco-revo-2-touch-biomimetic-dexterous-left-hand-2\\\/\",\"url\":\"https:\\\/\\\/www.ghostysky.com\\\/product\\\/brainco-revo-2-touch-biomimetic-dexterous-left-hand-2\\\/\",\"name\":\"BrainCo Revo 3 Basic Robot Hand - Ghostysky\",\"isPartOf\":{\"@id\":\"https:\\\/\\\/www.ghostysky.com\\\/#website\"},\"primaryImageOfPage\":{\"@id\":\"https:\\\/\\\/www.ghostysky.com\\\/product\\\/brainco-revo-2-touch-biomimetic-dexterous-left-hand-2\\\/#primaryimage\"},\"image\":{\"@id\":\"https:\\\/\\\/www.ghostysky.com\\\/product\\\/brainco-revo-2-touch-biomimetic-dexterous-left-hand-2\\\/#primaryimage\"},\"thumbnailUrl\":\"https:\\\/\\\/www.ghostysky.com\\\/wp-content\\\/uploads\\\/2026\\\/05\\\/GH_brainco-revo-3-21-basic-robot-hand-right.jpg\",\"datePublished\":\"2026-05-08T17:57:16+00:00\",\"dateModified\":\"2026-05-08T18:06:00+00:00\",\"description\":\"The BrainCo Revo 3 21 Basic is a next-generation bionic dexterous hand designed for humanoid robotics, research, and advanced automation. Released in early 2026, the \\\"21\\\" in its name refers to its 21 Degrees of Freedom (DoF), marking a significant leap in mechanical complexity and human-like movement compared to the 11-DoF Revo 2 series. The Basic variant serves as the entry-point for the Revo 3 lineup, offering the full mechanical range of the 21-DoF system without the high-cost multi-modal tactile sensor skins found on the \\\"Touch\\\" or \\\"Pro\\\" models.\",\"breadcrumb\":{\"@id\":\"https:\\\/\\\/www.ghostysky.com\\\/product\\\/brainco-revo-2-touch-biomimetic-dexterous-left-hand-2\\\/#breadcrumb\"},\"inLanguage\":\"pt-PT\",\"potentialAction\":[{\"@type\":\"ReadAction\",\"target\":[\"https:\\\/\\\/www.ghostysky.com\\\/product\\\/brainco-revo-2-touch-biomimetic-dexterous-left-hand-2\\\/\"]}]},{\"@type\":\"ImageObject\",\"inLanguage\":\"pt-PT\",\"@id\":\"https:\\\/\\\/www.ghostysky.com\\\/product\\\/brainco-revo-2-touch-biomimetic-dexterous-left-hand-2\\\/#primaryimage\",\"url\":\"https:\\\/\\\/www.ghostysky.com\\\/wp-content\\\/uploads\\\/2026\\\/05\\\/GH_brainco-revo-3-21-basic-robot-hand-right.jpg\",\"contentUrl\":\"https:\\\/\\\/www.ghostysky.com\\\/wp-content\\\/uploads\\\/2026\\\/05\\\/GH_brainco-revo-3-21-basic-robot-hand-right.jpg\",\"width\":700,\"height\":700},{\"@type\":\"BreadcrumbList\",\"@id\":\"https:\\\/\\\/www.ghostysky.com\\\/product\\\/brainco-revo-2-touch-biomimetic-dexterous-left-hand-2\\\/#breadcrumb\",\"itemListElement\":[{\"@type\":\"ListItem\",\"position\":1,\"name\":\"Home\",\"item\":\"https:\\\/\\\/www.ghostysky.com\\\/\"},{\"@type\":\"ListItem\",\"position\":2,\"name\":\"Shop\",\"item\":\"https:\\\/\\\/www.ghostysky.com\\\/shop\\\/\"},{\"@type\":\"ListItem\",\"position\":3,\"name\":\"BrainCo Revo 3 Basic Robot Hand\"}]},{\"@type\":\"WebSite\",\"@id\":\"https:\\\/\\\/www.ghostysky.com\\\/#website\",\"url\":\"https:\\\/\\\/www.ghostysky.com\\\/\",\"name\":\"Ghostysky\",\"description\":\"Delivering professional drones and robotics solutions\",\"publisher\":{\"@id\":\"https:\\\/\\\/www.ghostysky.com\\\/#organization\"},\"potentialAction\":[{\"@type\":\"SearchAction\",\"target\":{\"@type\":\"EntryPoint\",\"urlTemplate\":\"https:\\\/\\\/www.ghostysky.com\\\/?s={search_term_string}\"},\"query-input\":{\"@type\":\"PropertyValueSpecification\",\"valueRequired\":true,\"valueName\":\"search_term_string\"}}],\"inLanguage\":\"pt-PT\"},{\"@type\":\"Organization\",\"@id\":\"https:\\\/\\\/www.ghostysky.com\\\/#organization\",\"name\":\"Ghostysky\",\"url\":\"https:\\\/\\\/www.ghostysky.com\\\/\",\"logo\":{\"@type\":\"ImageObject\",\"inLanguage\":\"pt-PT\",\"@id\":\"https:\\\/\\\/www.ghostysky.com\\\/#\\\/schema\\\/logo\\\/image\\\/\",\"url\":\"https:\\\/\\\/www.ghostysky.com\\\/wp-content\\\/uploads\\\/2020\\\/06\\\/cropped-ghostyskylogo_text_white2.png\",\"contentUrl\":\"https:\\\/\\\/www.ghostysky.com\\\/wp-content\\\/uploads\\\/2020\\\/06\\\/cropped-ghostyskylogo_text_white2.png\",\"width\":169,\"height\":56,\"caption\":\"Ghostysky\"},\"image\":{\"@id\":\"https:\\\/\\\/www.ghostysky.com\\\/#\\\/schema\\\/logo\\\/image\\\/\"},\"sameAs\":[\"https:\\\/\\\/www.facebook.com\\\/people\\\/Ghostysky\\\/100057676170234\\\/\",\"https:\\\/\\\/x.com\\\/Gh0stysky\",\"https:\\\/\\\/www.linkedin.com\\\/company\\\/34739653\",\"https:\\\/\\\/www.instagram.com\\\/gh0stysky\"]}]}<\/script>\n<!-- \/ Yoast SEO plugin. -->","yoast_head_json":{"title":"M\u00e3o rob\u00f3tica b\u00e1sica BrainCo Revo 3 - Ghostysky","description":"A BrainCo Revo 3 21 Basic \u00e9 uma m\u00e3o bi\u00f4nica de \u00faltima gera\u00e7\u00e3o, projetada para rob\u00f3tica humanoide, pesquisa e automa\u00e7\u00e3o avan\u00e7ada. Com lan\u00e7amento previsto para o in\u00edcio de 2026, o &quot;21&quot; em seu nome refere-se aos seus 21 Graus de Liberdade (DoF), representando um salto significativo em complexidade mec\u00e2nica e movimentos semelhantes aos humanos, em compara\u00e7\u00e3o com a s\u00e9rie Revo 2 de 11 DoF. A variante Basic serve como ponto de entrada para a linha Revo 3, oferecendo toda a gama mec\u00e2nica do sistema de 21 DoF sem as caras capas com sensores t\u00e1teis multimodais encontradas nos modelos &quot;Touch&quot; ou &quot;Pro&quot;.","robots":{"index":"index","follow":"follow","max-snippet":"max-snippet:-1","max-image-preview":"max-image-preview:large","max-video-preview":"max-video-preview:-1"},"canonical":"https:\/\/www.ghostysky.com\/pt\/produto-2\/brainco-revo-2-touch-biomimetic-dexterous-left-hand-2\/","og_locale":"pt_PT","og_type":"article","og_title":"BrainCo Revo 3 Basic Robot Hand - Ghostysky","og_description":"The BrainCo Revo 3 21 Basic is a next-generation bionic dexterous hand designed for humanoid robotics, research, and advanced automation. Released in early 2026, the \"21\" in its name refers to its 21 Degrees of Freedom (DoF), marking a significant leap in mechanical complexity and human-like movement compared to the 11-DoF Revo 2 series. The Basic variant serves as the entry-point for the Revo 3 lineup, offering the full mechanical range of the 21-DoF system without the high-cost multi-modal tactile sensor skins found on the \"Touch\" or \"Pro\" models.","og_url":"https:\/\/www.ghostysky.com\/pt\/produto-2\/brainco-revo-2-touch-biomimetic-dexterous-left-hand-2\/","og_site_name":"Ghostysky","article_publisher":"https:\/\/www.facebook.com\/people\/Ghostysky\/100057676170234\/","article_modified_time":"2026-05-08T18:06:00+00:00","og_image":[{"width":700,"height":700,"url":"https:\/\/www.ghostysky.com\/wp-content\/uploads\/2026\/05\/GH_brainco-revo-3-21-basic-robot-hand-right.jpg","type":"image\/jpeg"}],"twitter_card":"summary_large_image","twitter_site":"@Gh0stysky","twitter_misc":{"Tempo estimado de leitura":"2 minutos"},"schema":{"@context":"https:\/\/schema.org","@graph":[{"@type":"WebPage","@id":"https:\/\/www.ghostysky.com\/product\/brainco-revo-2-touch-biomimetic-dexterous-left-hand-2\/","url":"https:\/\/www.ghostysky.com\/product\/brainco-revo-2-touch-biomimetic-dexterous-left-hand-2\/","name":"M\u00e3o rob\u00f3tica b\u00e1sica BrainCo Revo 3 - Ghostysky","isPartOf":{"@id":"https:\/\/www.ghostysky.com\/#website"},"primaryImageOfPage":{"@id":"https:\/\/www.ghostysky.com\/product\/brainco-revo-2-touch-biomimetic-dexterous-left-hand-2\/#primaryimage"},"image":{"@id":"https:\/\/www.ghostysky.com\/product\/brainco-revo-2-touch-biomimetic-dexterous-left-hand-2\/#primaryimage"},"thumbnailUrl":"https:\/\/www.ghostysky.com\/wp-content\/uploads\/2026\/05\/GH_brainco-revo-3-21-basic-robot-hand-right.jpg","datePublished":"2026-05-08T17:57:16+00:00","dateModified":"2026-05-08T18:06:00+00:00","description":"A BrainCo Revo 3 21 Basic \u00e9 uma m\u00e3o bi\u00f4nica de \u00faltima gera\u00e7\u00e3o, projetada para rob\u00f3tica humanoide, pesquisa e automa\u00e7\u00e3o avan\u00e7ada. Com lan\u00e7amento previsto para o in\u00edcio de 2026, o &quot;21&quot; em seu nome refere-se aos seus 21 Graus de Liberdade (DoF), representando um salto significativo em complexidade mec\u00e2nica e movimentos semelhantes aos humanos, em compara\u00e7\u00e3o com a s\u00e9rie Revo 2 de 11 DoF. A variante Basic serve como ponto de entrada para a linha Revo 3, oferecendo toda a gama mec\u00e2nica do sistema de 21 DoF sem as caras capas com sensores t\u00e1teis multimodais encontradas nos modelos &quot;Touch&quot; ou &quot;Pro&quot;.","breadcrumb":{"@id":"https:\/\/www.ghostysky.com\/product\/brainco-revo-2-touch-biomimetic-dexterous-left-hand-2\/#breadcrumb"},"inLanguage":"pt-PT","potentialAction":[{"@type":"ReadAction","target":["https:\/\/www.ghostysky.com\/product\/brainco-revo-2-touch-biomimetic-dexterous-left-hand-2\/"]}]},{"@type":"ImageObject","inLanguage":"pt-PT","@id":"https:\/\/www.ghostysky.com\/product\/brainco-revo-2-touch-biomimetic-dexterous-left-hand-2\/#primaryimage","url":"https:\/\/www.ghostysky.com\/wp-content\/uploads\/2026\/05\/GH_brainco-revo-3-21-basic-robot-hand-right.jpg","contentUrl":"https:\/\/www.ghostysky.com\/wp-content\/uploads\/2026\/05\/GH_brainco-revo-3-21-basic-robot-hand-right.jpg","width":700,"height":700},{"@type":"BreadcrumbList","@id":"https:\/\/www.ghostysky.com\/product\/brainco-revo-2-touch-biomimetic-dexterous-left-hand-2\/#breadcrumb","itemListElement":[{"@type":"ListItem","position":1,"name":"Home","item":"https:\/\/www.ghostysky.com\/"},{"@type":"ListItem","position":2,"name":"Shop","item":"https:\/\/www.ghostysky.com\/shop\/"},{"@type":"ListItem","position":3,"name":"BrainCo Revo 3 Basic Robot Hand"}]},{"@type":"WebSite","@id":"https:\/\/www.ghostysky.com\/#website","url":"https:\/\/www.ghostysky.com\/","name":"Ghostysky","description":"Fornecendo solu\u00e7\u00f5es profissionais em drones e rob\u00f3tica.","publisher":{"@id":"https:\/\/www.ghostysky.com\/#organization"},"potentialAction":[{"@type":"SearchAction","target":{"@type":"EntryPoint","urlTemplate":"https:\/\/www.ghostysky.com\/?s={search_term_string}"},"query-input":{"@type":"PropertyValueSpecification","valueRequired":true,"valueName":"search_term_string"}}],"inLanguage":"pt-PT"},{"@type":"Organization","@id":"https:\/\/www.ghostysky.com\/#organization","name":"Ghostysky","url":"https:\/\/www.ghostysky.com\/","logo":{"@type":"ImageObject","inLanguage":"pt-PT","@id":"https:\/\/www.ghostysky.com\/#\/schema\/logo\/image\/","url":"https:\/\/www.ghostysky.com\/wp-content\/uploads\/2020\/06\/cropped-ghostyskylogo_text_white2.png","contentUrl":"https:\/\/www.ghostysky.com\/wp-content\/uploads\/2020\/06\/cropped-ghostyskylogo_text_white2.png","width":169,"height":56,"caption":"Ghostysky"},"image":{"@id":"https:\/\/www.ghostysky.com\/#\/schema\/logo\/image\/"},"sameAs":["https:\/\/www.facebook.com\/people\/Ghostysky\/100057676170234\/","https:\/\/x.com\/Gh0stysky","https:\/\/www.linkedin.com\/company\/34739653","https:\/\/www.instagram.com\/gh0stysky"]}]}},"_links":{"self":[{"href":"https:\/\/www.ghostysky.com\/pt\/wp-json\/wp\/v2\/product\/26086","targetHints":{"allow":["GET"]}}],"collection":[{"href":"https:\/\/www.ghostysky.com\/pt\/wp-json\/wp\/v2\/product"}],"about":[{"href":"https:\/\/www.ghostysky.com\/pt\/wp-json\/wp\/v2\/types\/product"}],"replies":[{"embeddable":true,"href":"https:\/\/www.ghostysky.com\/pt\/wp-json\/wp\/v2\/comments?post=26086"}],"version-history":[{"count":3,"href":"https:\/\/www.ghostysky.com\/pt\/wp-json\/wp\/v2\/product\/26086\/revisions"}],"predecessor-version":[{"id":26093,"href":"https:\/\/www.ghostysky.com\/pt\/wp-json\/wp\/v2\/product\/26086\/revisions\/26093"}],"wp:featuredmedia":[{"embeddable":true,"href":"https:\/\/www.ghostysky.com\/pt\/wp-json\/wp\/v2\/media\/26092"}],"wp:attachment":[{"href":"https:\/\/www.ghostysky.com\/pt\/wp-json\/wp\/v2\/media?parent=26086"}],"wp:term":[{"taxonomy":"product_brand","embeddable":true,"href":"https:\/\/www.ghostysky.com\/pt\/wp-json\/wp\/v2\/product_brand?post=26086"},{"taxonomy":"product_cat","embeddable":true,"href":"https:\/\/www.ghostysky.com\/pt\/wp-json\/wp\/v2\/product_cat?post=26086"},{"taxonomy":"product_tag","embeddable":true,"href":"https:\/\/www.ghostysky.com\/pt\/wp-json\/wp\/v2\/product_tag?post=26086"}],"curies":[{"name":"wp","href":"https:\/\/api.w.org\/{rel}","templated":true}]}}