{"id":26094,"date":"2026-05-08T18:07:12","date_gmt":"2026-05-08T18:07:12","guid":{"rendered":"https:\/\/www.ghostysky.com\/?post_type=product&#038;p=26094"},"modified":"2026-05-08T18:11:55","modified_gmt":"2026-05-08T18:11:55","slug":"brainco-revo-3-touch-robot-hand","status":"publish","type":"product","link":"https:\/\/www.ghostysky.com\/pt\/product\/brainco-revo-3-touch-robot-hand\/","title":{"rendered":"M\u00e3o rob\u00f3tica BrainCo Revo 3 Touch"},"content":{"rendered":"<h3 data-path-to-node=\"3\">Principais caracter\u00edsticas e inova\u00e7\u00f5es<\/h3>\n<ul data-path-to-node=\"4\">\n<li>\n<p id=\"p-rc_cd3263de480c67f7-81\" data-path-to-node=\"4,0,0\"><b data-path-to-node=\"4,0,0\" data-index-in-node=\"0\"><span class=\"citation-105\">Integra\u00e7\u00e3o multimodal &quot;Ver e Sentir&quot;:<\/span><\/b><span class=\"citation-105\"> O Revo 3 Touch \u00e9 pioneiro na combina\u00e7\u00e3o de... <\/span><b data-path-to-node=\"4,0,0\" data-index-in-node=\"78\"><span class=\"citation-105\">sensores visuais na ponta dos dedos<\/span><\/b><span class=\"citation-105\"> com <\/span><b data-path-to-node=\"4,0,0\" data-index-in-node=\"108\"><span class=\"citation-105\">feedback t\u00e1til de palma inteira<\/span><\/b><span class=\"citation-105 citation-end-105\">.<\/span> <span class=\"citation-104 citation-end-104\">Isso permite que a m\u00e3o identifique objetos visualmente antes do contato e ajuste sua for\u00e7a de preens\u00e3o dinamicamente com base na textura e no atrito ap\u00f3s o toque.<\/span><\/p>\n<\/li>\n<li>\n<p id=\"p-rc_cd3263de480c67f7-82\" data-path-to-node=\"4,1,0\"><b data-path-to-node=\"4,1,0\" data-index-in-node=\"0\">Hiperdestreza:<\/b><span class=\"citation-103\"> Possui uma amplitude de movimento que realmente <\/span><i data-path-to-node=\"4,1,0\" data-index-in-node=\"59\"><span class=\"citation-103\">supera<\/span><\/i><span class=\"citation-103 citation-end-103\"> a m\u00e3o humana em certos vetores.<\/span> <span class=\"citation-102 citation-end-102\">\u00c9 capaz de realizar tarefas de alta complexidade, como resolver cubos de Rubik, executar truques intrincados com corda e enfiar agulhas.<\/span><\/p>\n<\/li>\n<li>\n<p data-path-to-node=\"4,2,0\"><b data-path-to-node=\"4,2,0\" data-index-in-node=\"0\">Controle de For\u00e7a Avan\u00e7ado:<\/b> Equipada com microatuadores de alta precis\u00e3o e juntas sens\u00edveis \u00e0 for\u00e7a, a m\u00e3o pode manusear itens delicados (como um morango ou uma l\u00e2mpada) sem esmag\u00e1-los, mantendo ao mesmo tempo uma alta capacidade de carga est\u00e1tica para levantamento de objetos pesados.<\/p>\n<\/li>\n<li>\n<p id=\"p-rc_cd3263de480c67f7-83\" data-path-to-node=\"4,3,0\"><b data-path-to-node=\"4,3,0\" data-index-in-node=\"0\">Design modular e leve:<\/b> Constru\u00eddo com alum\u00ednio de grau aeroespacial e pol\u00edmeros de alta resist\u00eancia, mant\u00e9m uma baixa rela\u00e7\u00e3o peso\/resist\u00eancia. <span class=\"citation-101 citation-end-101\">Sua arquitetura modular permite diversas configura\u00e7\u00f5es de dedos para atender a necessidades espec\u00edficas de pesquisa ou industriais.<\/span><\/p>\n<div class=\"source-inline-chip-container ng-star-inserted\"><\/div>\n<p>&nbsp;<\/li>\n<\/ul>\n<h3 data-path-to-node=\"6\">Especifica\u00e7\u00f5es t\u00e9cnicas (compara\u00e7\u00e3o)<\/h3>\n<table data-path-to-node=\"7\">\n<thead>\n<tr>\n<td><strong>Recurso<\/strong><\/td>\n<td><strong>Revo 2 Touch (Antecessor)<\/strong><\/td>\n<td><strong>Revo 3 Touch<\/strong><\/td>\n<\/tr>\n<\/thead>\n<tbody>\n<tr>\n<td><span data-path-to-node=\"7,1,0,0\"><b data-path-to-node=\"7,1,0,0\" data-index-in-node=\"0\">Peso<\/b><\/span><\/td>\n<td><span data-path-to-node=\"7,1,1,0\">~383g<\/span><\/td>\n<td><span data-path-to-node=\"7,1,2,0\">Perfil leve otimizado<\/span><\/td>\n<\/tr>\n<tr>\n<td><span data-path-to-node=\"7,2,0,0\"><b data-path-to-node=\"7,2,0,0\" data-index-in-node=\"0\">Sensa\u00e7\u00e3o<\/b><\/span><\/td>\n<td><span data-path-to-node=\"7,2,1,0\">T\u00e1til\/Press\u00e3o<\/span><\/td>\n<td><span data-path-to-node=\"7,2,2,0\"><b data-path-to-node=\"7,2,2,0\" data-index-in-node=\"0\">Visual + T\u00e1til + Proximidade<\/b><\/span><\/td>\n<\/tr>\n<tr>\n<td><span data-path-to-node=\"7,3,0,0\"><b data-path-to-node=\"7,3,0,0\" data-index-in-node=\"0\">Interface de controle<\/b><\/span><\/td>\n<td><span data-path-to-node=\"7,3,1,0\">485, CANfd, EtherCAT<\/span><\/td>\n<td><span data-path-to-node=\"7,3,2,0\">EtherCAT de alta velocidade \/ Link AI de baixa lat\u00eancia<\/span><\/td>\n<\/tr>\n<tr>\n<td><span data-path-to-node=\"7,4,0,0\"><b data-path-to-node=\"7,4,0,0\" data-index-in-node=\"0\">Precis\u00e3o<\/b><\/span><\/td>\n<td><span data-path-to-node=\"7,4,1,0\">Repetibilidade de 0,1\u00b0<\/span><\/td>\n<td><span data-path-to-node=\"7,4,2,0\">Precis\u00e3o submilim\u00e9trica aprimorada<\/span><\/td>\n<\/tr>\n<tr>\n<td><span data-path-to-node=\"7,5,0,0\"><b data-path-to-node=\"7,5,0,0\" data-index-in-node=\"0\">Capacidades<\/b><\/span><\/td>\n<td><span data-path-to-node=\"7,5,1,0\">Tarefas b\u00e1sicas que exigem destreza<\/span><\/td>\n<td><span data-path-to-node=\"7,5,2,0\">Manipula\u00e7\u00e3o complexa (truques com corda, quebra-cabe\u00e7as)<\/span><\/td>\n<\/tr>\n<\/tbody>\n<\/table>\n<p>&nbsp;<\/p>\n<p>&nbsp;<\/p>\n<h3 data-path-to-node=\"9\">Aplica\u00e7\u00f5es direcionadas<\/h3>\n<ol start=\"1\" data-path-to-node=\"10\">\n<li>\n<p data-path-to-node=\"10,0,0\"><b data-path-to-node=\"10,0,0\" data-index-in-node=\"0\">Rob\u00f3tica Humanoide:<\/b> O principal atuador final para rob\u00f4s humanoides de alta tecnologia que requerem intera\u00e7\u00e3o semelhante \u00e0 humana.<\/p>\n<\/li>\n<li>\n<p data-path-to-node=\"10,1,0\"><b data-path-to-node=\"10,1,0\" data-index-in-node=\"0\">Pesquisa em IA Incorporada:<\/b> Uma plataforma para laborat\u00f3rios que treinam redes neurais em habilidades motoras finas e percep\u00e7\u00e3o t\u00e1til.<\/p>\n<\/li>\n<li>\n<p id=\"p-rc_cd3263de480c67f7-84\" data-path-to-node=\"10,2,0\"><b data-path-to-node=\"10,2,0\" data-index-in-node=\"0\"><span class=\"citation-100\">Automa\u00e7\u00e3o Industrial:<\/span><\/b><span class=\"citation-100 citation-end-100\"> Manuseio de itens n\u00e3o padronizados, fr\u00e1geis ou complexos na montagem de componentes eletr\u00f4nicos leves.<\/span><\/p>\n<\/li>\n<li>\n<p data-path-to-node=\"10,3,0\"><b data-path-to-node=\"10,3,0\" data-index-in-node=\"0\">Pr\u00f3teses Avan\u00e7adas:<\/b> Embora o Revo 3 seja fortemente comercializado para rob\u00f3tica\/humanoides, sua tecnologia principal serve de base para os membros bi\u00f4nicos neurocontrolados da BrainCo, que atendem aos padr\u00f5es da FDA.<\/p>\n<\/li>\n<\/ol>\n<p>&nbsp;<\/p>\n<h3 data-path-to-node=\"12\"><\/h3>\n<h3 data-path-to-node=\"12\">Por que isso importa<\/h3>\n<p id=\"p-rc_cd3263de480c67f7-85\" data-path-to-node=\"13\">O Revo 3 Touch representa uma mudan\u00e7a das m\u00e3os rob\u00f3ticas &quot;cegas&quot; para <b data-path-to-node=\"13\" data-index-in-node=\"66\">efetores finais perceptivos<\/b>. <span class=\"citation-99 citation-end-99\">Ao integrar a vis\u00e3o diretamente nas pontas dos dedos e sensores t\u00e1teis por toda a palma da m\u00e3o, a BrainCo resolveu um dos problemas mais dif\u00edceis da rob\u00f3tica: o \u201c\u00faltimo cent\u00edmetro\u201d da intera\u00e7\u00e3o, onde a maioria dos rob\u00f4s falha devido \u00e0 falta de dados sensoriais.<\/span><\/p>","protected":false},"excerpt":{"rendered":"<p data-path-to-node=\"0\"><span class=\"citation-107\">O <\/span><b data-path-to-node=\"0\" data-index-in-node=\"4\"><span class=\"citation-107\">BrainCo Revo 3 Touch<\/span><\/b><span class=\"citation-107 citation-end-107\"> \u00c9 uma m\u00e3o inteligente e h\u00e1bil de \u00faltima gera\u00e7\u00e3o, projetada para rob\u00f3tica humanoide, pesquisa e automa\u00e7\u00e3o avan\u00e7ada.<\/span> <span class=\"citation-106 citation-end-106\">Lan\u00e7ado como uma evolu\u00e7\u00e3o significativa da s\u00e9rie Revo, ele vai al\u00e9m da simples preens\u00e3o mec\u00e2nica para atingir um n\u00edvel de &quot;consci\u00eancia&quot; sensorial que espelha de perto a capacidade humana.<\/span><\/p>\n<p data-path-to-node=\"1\">Ao contr\u00e1rio de seus antecessores, o Revo 3 Touch foi projetado n\u00e3o apenas para se mover, mas para <b data-path-to-node=\"1\" data-index-in-node=\"79\">perceber<\/b>, tornando-a uma escolha de primeira linha para rob\u00f3tica incorporada orientada por IA.<\/p>","protected":false},"featured_media":26092,"comment_status":"open","ping_status":"closed","template":"","meta":[],"product_brand":[1383],"product_cat":[1041,1382,1381,1037],"product_tag":[],"class_list":{"0":"post-26094","1":"product","2":"type-product","3":"status-publish","4":"has-post-thumbnail","6":"product_brand-brainco","7":"product_cat-arms-grippers","8":"product_cat-bionic-dexterous-hands","9":"product_cat-brainco","10":"product_cat-robotics","12":"first","13":"onbackorder","14":"taxable","15":"shipping-taxable","16":"product-type-simple"},"yoast_head":"<!-- This site is optimized with the Yoast SEO plugin v27.4 - https:\/\/yoast.com\/product\/yoast-seo-wordpress\/ -->\n<title>BrainCo Revo 3 Touch Robot Hand - Ghostysky<\/title>\n<meta name=\"description\" content=\"The BrainCo Revo 3 Touch is a next-generation intelligent dexterous hand designed for humanoid robotics, research, and advanced automation. Launched as a significant evolution of the Revo series, it moves beyond simple mechanical grasping to achieve a level of sensory &quot;awareness&quot; that closely mirrors human capability. Unlike its predecessors, the Revo 3 Touch is designed not just to move, but to perceive, making it a top-tier choice for AI-driven embodied robotics.\" \/>\n<meta name=\"robots\" content=\"index, follow, max-snippet:-1, max-image-preview:large, max-video-preview:-1\" \/>\n<link rel=\"canonical\" href=\"https:\/\/www.ghostysky.com\/pt\/produto-2\/brainco-revo-3-touch-robot-hand\/\" \/>\n<meta property=\"og:locale\" content=\"pt_PT\" \/>\n<meta property=\"og:type\" content=\"article\" \/>\n<meta property=\"og:title\" content=\"BrainCo Revo 3 Touch Robot Hand - Ghostysky\" \/>\n<meta property=\"og:description\" content=\"The BrainCo Revo 3 Touch is a next-generation intelligent dexterous hand designed for humanoid robotics, research, and advanced automation. Launched as a significant evolution of the Revo series, it moves beyond simple mechanical grasping to achieve a level of sensory &quot;awareness&quot; that closely mirrors human capability. Unlike its predecessors, the Revo 3 Touch is designed not just to move, but to perceive, making it a top-tier choice for AI-driven embodied robotics.\" \/>\n<meta property=\"og:url\" content=\"https:\/\/www.ghostysky.com\/pt\/produto-2\/brainco-revo-3-touch-robot-hand\/\" \/>\n<meta property=\"og:site_name\" content=\"Ghostysky\" \/>\n<meta property=\"article:publisher\" content=\"https:\/\/www.facebook.com\/people\/Ghostysky\/100057676170234\/\" \/>\n<meta property=\"article:modified_time\" content=\"2026-05-08T18:11:55+00:00\" \/>\n<meta property=\"og:image\" content=\"https:\/\/www.ghostysky.com\/wp-content\/uploads\/2026\/05\/GH_brainco-revo-3-21-basic-robot-hand-right.jpg\" \/>\n\t<meta property=\"og:image:width\" content=\"700\" \/>\n\t<meta property=\"og:image:height\" content=\"700\" \/>\n\t<meta property=\"og:image:type\" content=\"image\/jpeg\" \/>\n<meta name=\"twitter:card\" content=\"summary_large_image\" \/>\n<meta name=\"twitter:site\" content=\"@Gh0stysky\" \/>\n<meta name=\"twitter:label1\" content=\"Tempo estimado de leitura\" \/>\n\t<meta name=\"twitter:data1\" content=\"2 minutos\" \/>\n<script type=\"application\/ld+json\" class=\"yoast-schema-graph\">{\"@context\":\"https:\\\/\\\/schema.org\",\"@graph\":[{\"@type\":\"WebPage\",\"@id\":\"https:\\\/\\\/www.ghostysky.com\\\/product\\\/brainco-revo-3-touch-robot-hand\\\/\",\"url\":\"https:\\\/\\\/www.ghostysky.com\\\/product\\\/brainco-revo-3-touch-robot-hand\\\/\",\"name\":\"BrainCo Revo 3 Touch Robot Hand - Ghostysky\",\"isPartOf\":{\"@id\":\"https:\\\/\\\/www.ghostysky.com\\\/#website\"},\"primaryImageOfPage\":{\"@id\":\"https:\\\/\\\/www.ghostysky.com\\\/product\\\/brainco-revo-3-touch-robot-hand\\\/#primaryimage\"},\"image\":{\"@id\":\"https:\\\/\\\/www.ghostysky.com\\\/product\\\/brainco-revo-3-touch-robot-hand\\\/#primaryimage\"},\"thumbnailUrl\":\"https:\\\/\\\/www.ghostysky.com\\\/wp-content\\\/uploads\\\/2026\\\/05\\\/GH_brainco-revo-3-21-basic-robot-hand-right.jpg\",\"datePublished\":\"2026-05-08T18:07:12+00:00\",\"dateModified\":\"2026-05-08T18:11:55+00:00\",\"description\":\"The BrainCo Revo 3 Touch is a next-generation intelligent dexterous hand designed for humanoid robotics, research, and advanced automation. Launched as a significant evolution of the Revo series, it moves beyond simple mechanical grasping to achieve a level of sensory \\\"awareness\\\" that closely mirrors human capability. Unlike its predecessors, the Revo 3 Touch is designed not just to move, but to perceive, making it a top-tier choice for AI-driven embodied robotics.\",\"breadcrumb\":{\"@id\":\"https:\\\/\\\/www.ghostysky.com\\\/product\\\/brainco-revo-3-touch-robot-hand\\\/#breadcrumb\"},\"inLanguage\":\"pt-PT\",\"potentialAction\":[{\"@type\":\"ReadAction\",\"target\":[\"https:\\\/\\\/www.ghostysky.com\\\/product\\\/brainco-revo-3-touch-robot-hand\\\/\"]}]},{\"@type\":\"ImageObject\",\"inLanguage\":\"pt-PT\",\"@id\":\"https:\\\/\\\/www.ghostysky.com\\\/product\\\/brainco-revo-3-touch-robot-hand\\\/#primaryimage\",\"url\":\"https:\\\/\\\/www.ghostysky.com\\\/wp-content\\\/uploads\\\/2026\\\/05\\\/GH_brainco-revo-3-21-basic-robot-hand-right.jpg\",\"contentUrl\":\"https:\\\/\\\/www.ghostysky.com\\\/wp-content\\\/uploads\\\/2026\\\/05\\\/GH_brainco-revo-3-21-basic-robot-hand-right.jpg\",\"width\":700,\"height\":700},{\"@type\":\"BreadcrumbList\",\"@id\":\"https:\\\/\\\/www.ghostysky.com\\\/product\\\/brainco-revo-3-touch-robot-hand\\\/#breadcrumb\",\"itemListElement\":[{\"@type\":\"ListItem\",\"position\":1,\"name\":\"Home\",\"item\":\"https:\\\/\\\/www.ghostysky.com\\\/\"},{\"@type\":\"ListItem\",\"position\":2,\"name\":\"Shop\",\"item\":\"https:\\\/\\\/www.ghostysky.com\\\/shop\\\/\"},{\"@type\":\"ListItem\",\"position\":3,\"name\":\"BrainCo Revo 3 Touch Robot Hand\"}]},{\"@type\":\"WebSite\",\"@id\":\"https:\\\/\\\/www.ghostysky.com\\\/#website\",\"url\":\"https:\\\/\\\/www.ghostysky.com\\\/\",\"name\":\"Ghostysky\",\"description\":\"Delivering professional drones and robotics solutions\",\"publisher\":{\"@id\":\"https:\\\/\\\/www.ghostysky.com\\\/#organization\"},\"potentialAction\":[{\"@type\":\"SearchAction\",\"target\":{\"@type\":\"EntryPoint\",\"urlTemplate\":\"https:\\\/\\\/www.ghostysky.com\\\/?s={search_term_string}\"},\"query-input\":{\"@type\":\"PropertyValueSpecification\",\"valueRequired\":true,\"valueName\":\"search_term_string\"}}],\"inLanguage\":\"pt-PT\"},{\"@type\":\"Organization\",\"@id\":\"https:\\\/\\\/www.ghostysky.com\\\/#organization\",\"name\":\"Ghostysky\",\"url\":\"https:\\\/\\\/www.ghostysky.com\\\/\",\"logo\":{\"@type\":\"ImageObject\",\"inLanguage\":\"pt-PT\",\"@id\":\"https:\\\/\\\/www.ghostysky.com\\\/#\\\/schema\\\/logo\\\/image\\\/\",\"url\":\"https:\\\/\\\/www.ghostysky.com\\\/wp-content\\\/uploads\\\/2020\\\/06\\\/cropped-ghostyskylogo_text_white2.png\",\"contentUrl\":\"https:\\\/\\\/www.ghostysky.com\\\/wp-content\\\/uploads\\\/2020\\\/06\\\/cropped-ghostyskylogo_text_white2.png\",\"width\":169,\"height\":56,\"caption\":\"Ghostysky\"},\"image\":{\"@id\":\"https:\\\/\\\/www.ghostysky.com\\\/#\\\/schema\\\/logo\\\/image\\\/\"},\"sameAs\":[\"https:\\\/\\\/www.facebook.com\\\/people\\\/Ghostysky\\\/100057676170234\\\/\",\"https:\\\/\\\/x.com\\\/Gh0stysky\",\"https:\\\/\\\/www.linkedin.com\\\/company\\\/34739653\",\"https:\\\/\\\/www.instagram.com\\\/gh0stysky\"]}]}<\/script>\n<!-- \/ Yoast SEO plugin. -->","yoast_head_json":{"title":"M\u00e3o rob\u00f3tica BrainCo Revo 3 Touch - Ghostysky","description":"A BrainCo Revo 3 Touch \u00e9 uma m\u00e3o inteligente de \u00faltima gera\u00e7\u00e3o, projetada para rob\u00f3tica humanoide, pesquisa e automa\u00e7\u00e3o avan\u00e7ada. Lan\u00e7ada como uma evolu\u00e7\u00e3o significativa da s\u00e9rie Revo, ela vai al\u00e9m da simples preens\u00e3o mec\u00e2nica para alcan\u00e7ar um n\u00edvel de &quot;consci\u00eancia&quot; sensorial que espelha de perto a capacidade humana. Diferentemente de seus antecessores, a Revo 3 Touch foi projetada n\u00e3o apenas para se mover, mas para perceber, tornando-a uma escolha de ponta para rob\u00f3tica incorporada orientada por IA.","robots":{"index":"index","follow":"follow","max-snippet":"max-snippet:-1","max-image-preview":"max-image-preview:large","max-video-preview":"max-video-preview:-1"},"canonical":"https:\/\/www.ghostysky.com\/pt\/produto-2\/brainco-revo-3-touch-robot-hand\/","og_locale":"pt_PT","og_type":"article","og_title":"BrainCo Revo 3 Touch Robot Hand - Ghostysky","og_description":"The BrainCo Revo 3 Touch is a next-generation intelligent dexterous hand designed for humanoid robotics, research, and advanced automation. Launched as a significant evolution of the Revo series, it moves beyond simple mechanical grasping to achieve a level of sensory \"awareness\" that closely mirrors human capability. Unlike its predecessors, the Revo 3 Touch is designed not just to move, but to perceive, making it a top-tier choice for AI-driven embodied robotics.","og_url":"https:\/\/www.ghostysky.com\/pt\/produto-2\/brainco-revo-3-touch-robot-hand\/","og_site_name":"Ghostysky","article_publisher":"https:\/\/www.facebook.com\/people\/Ghostysky\/100057676170234\/","article_modified_time":"2026-05-08T18:11:55+00:00","og_image":[{"width":700,"height":700,"url":"https:\/\/www.ghostysky.com\/wp-content\/uploads\/2026\/05\/GH_brainco-revo-3-21-basic-robot-hand-right.jpg","type":"image\/jpeg"}],"twitter_card":"summary_large_image","twitter_site":"@Gh0stysky","twitter_misc":{"Tempo estimado de leitura":"2 minutos"},"schema":{"@context":"https:\/\/schema.org","@graph":[{"@type":"WebPage","@id":"https:\/\/www.ghostysky.com\/product\/brainco-revo-3-touch-robot-hand\/","url":"https:\/\/www.ghostysky.com\/product\/brainco-revo-3-touch-robot-hand\/","name":"M\u00e3o rob\u00f3tica BrainCo Revo 3 Touch - Ghostysky","isPartOf":{"@id":"https:\/\/www.ghostysky.com\/#website"},"primaryImageOfPage":{"@id":"https:\/\/www.ghostysky.com\/product\/brainco-revo-3-touch-robot-hand\/#primaryimage"},"image":{"@id":"https:\/\/www.ghostysky.com\/product\/brainco-revo-3-touch-robot-hand\/#primaryimage"},"thumbnailUrl":"https:\/\/www.ghostysky.com\/wp-content\/uploads\/2026\/05\/GH_brainco-revo-3-21-basic-robot-hand-right.jpg","datePublished":"2026-05-08T18:07:12+00:00","dateModified":"2026-05-08T18:11:55+00:00","description":"A BrainCo Revo 3 Touch \u00e9 uma m\u00e3o inteligente de \u00faltima gera\u00e7\u00e3o, projetada para rob\u00f3tica humanoide, pesquisa e automa\u00e7\u00e3o avan\u00e7ada. Lan\u00e7ada como uma evolu\u00e7\u00e3o significativa da s\u00e9rie Revo, ela vai al\u00e9m da simples preens\u00e3o mec\u00e2nica para alcan\u00e7ar um n\u00edvel de &quot;consci\u00eancia&quot; sensorial que espelha de perto a capacidade humana. Diferentemente de seus antecessores, a Revo 3 Touch foi projetada n\u00e3o apenas para se mover, mas para perceber, tornando-a uma escolha de ponta para rob\u00f3tica incorporada orientada por IA.","breadcrumb":{"@id":"https:\/\/www.ghostysky.com\/product\/brainco-revo-3-touch-robot-hand\/#breadcrumb"},"inLanguage":"pt-PT","potentialAction":[{"@type":"ReadAction","target":["https:\/\/www.ghostysky.com\/product\/brainco-revo-3-touch-robot-hand\/"]}]},{"@type":"ImageObject","inLanguage":"pt-PT","@id":"https:\/\/www.ghostysky.com\/product\/brainco-revo-3-touch-robot-hand\/#primaryimage","url":"https:\/\/www.ghostysky.com\/wp-content\/uploads\/2026\/05\/GH_brainco-revo-3-21-basic-robot-hand-right.jpg","contentUrl":"https:\/\/www.ghostysky.com\/wp-content\/uploads\/2026\/05\/GH_brainco-revo-3-21-basic-robot-hand-right.jpg","width":700,"height":700},{"@type":"BreadcrumbList","@id":"https:\/\/www.ghostysky.com\/product\/brainco-revo-3-touch-robot-hand\/#breadcrumb","itemListElement":[{"@type":"ListItem","position":1,"name":"Home","item":"https:\/\/www.ghostysky.com\/"},{"@type":"ListItem","position":2,"name":"Shop","item":"https:\/\/www.ghostysky.com\/shop\/"},{"@type":"ListItem","position":3,"name":"BrainCo Revo 3 Touch Robot Hand"}]},{"@type":"WebSite","@id":"https:\/\/www.ghostysky.com\/#website","url":"https:\/\/www.ghostysky.com\/","name":"Ghostysky","description":"Fornecendo solu\u00e7\u00f5es profissionais em drones e rob\u00f3tica.","publisher":{"@id":"https:\/\/www.ghostysky.com\/#organization"},"potentialAction":[{"@type":"SearchAction","target":{"@type":"EntryPoint","urlTemplate":"https:\/\/www.ghostysky.com\/?s={search_term_string}"},"query-input":{"@type":"PropertyValueSpecification","valueRequired":true,"valueName":"search_term_string"}}],"inLanguage":"pt-PT"},{"@type":"Organization","@id":"https:\/\/www.ghostysky.com\/#organization","name":"Ghostysky","url":"https:\/\/www.ghostysky.com\/","logo":{"@type":"ImageObject","inLanguage":"pt-PT","@id":"https:\/\/www.ghostysky.com\/#\/schema\/logo\/image\/","url":"https:\/\/www.ghostysky.com\/wp-content\/uploads\/2020\/06\/cropped-ghostyskylogo_text_white2.png","contentUrl":"https:\/\/www.ghostysky.com\/wp-content\/uploads\/2020\/06\/cropped-ghostyskylogo_text_white2.png","width":169,"height":56,"caption":"Ghostysky"},"image":{"@id":"https:\/\/www.ghostysky.com\/#\/schema\/logo\/image\/"},"sameAs":["https:\/\/www.facebook.com\/people\/Ghostysky\/100057676170234\/","https:\/\/x.com\/Gh0stysky","https:\/\/www.linkedin.com\/company\/34739653","https:\/\/www.instagram.com\/gh0stysky"]}]}},"_links":{"self":[{"href":"https:\/\/www.ghostysky.com\/pt\/wp-json\/wp\/v2\/product\/26094","targetHints":{"allow":["GET"]}}],"collection":[{"href":"https:\/\/www.ghostysky.com\/pt\/wp-json\/wp\/v2\/product"}],"about":[{"href":"https:\/\/www.ghostysky.com\/pt\/wp-json\/wp\/v2\/types\/product"}],"replies":[{"embeddable":true,"href":"https:\/\/www.ghostysky.com\/pt\/wp-json\/wp\/v2\/comments?post=26094"}],"version-history":[{"count":1,"href":"https:\/\/www.ghostysky.com\/pt\/wp-json\/wp\/v2\/product\/26094\/revisions"}],"predecessor-version":[{"id":26096,"href":"https:\/\/www.ghostysky.com\/pt\/wp-json\/wp\/v2\/product\/26094\/revisions\/26096"}],"wp:featuredmedia":[{"embeddable":true,"href":"https:\/\/www.ghostysky.com\/pt\/wp-json\/wp\/v2\/media\/26092"}],"wp:attachment":[{"href":"https:\/\/www.ghostysky.com\/pt\/wp-json\/wp\/v2\/media?parent=26094"}],"wp:term":[{"taxonomy":"product_brand","embeddable":true,"href":"https:\/\/www.ghostysky.com\/pt\/wp-json\/wp\/v2\/product_brand?post=26094"},{"taxonomy":"product_cat","embeddable":true,"href":"https:\/\/www.ghostysky.com\/pt\/wp-json\/wp\/v2\/product_cat?post=26094"},{"taxonomy":"product_tag","embeddable":true,"href":"https:\/\/www.ghostysky.com\/pt\/wp-json\/wp\/v2\/product_tag?post=26094"}],"curies":[{"name":"wp","href":"https:\/\/api.w.org\/{rel}","templated":true}]}}