{"id":26095,"date":"2026-05-08T18:11:44","date_gmt":"2026-05-08T18:11:44","guid":{"rendered":"https:\/\/www.ghostysky.com\/?post_type=product&#038;p=26095"},"modified":"2026-05-08T18:15:08","modified_gmt":"2026-05-08T18:15:08","slug":"brainco-revo-3-v-touch-robot-hand","status":"publish","type":"product","link":"https:\/\/www.ghostysky.com\/pt\/product\/brainco-revo-3-v-touch-robot-hand\/","title":{"rendered":"M\u00e3o rob\u00f3tica BrainCo Revo 3 V-Touch"},"content":{"rendered":"<h3 data-path-to-node=\"2\">Vis\u00e3o geral do produto<\/h3>\n<p id=\"p-rc_6da3d4d5b9bee08d-94\" data-path-to-node=\"3\">O Revo 3 representa um salto significativo em &quot;intelig\u00eancia incorporada&quot;.\u201c <span class=\"citation-131 citation-end-131\">Ele foi projetado para imitar a amplitude de movimento e a sensibilidade da m\u00e3o humana, tornando-o capaz de realizar tarefas antes consideradas imposs\u00edveis para dispositivos n\u00e3o humanoides \u2014 como resolver um cubo de Rubik, fazer truques com corda ou executar cortes delicados com tesoura.<\/span><\/p>\n<h3 data-path-to-node=\"4\">Principais especifica\u00e7\u00f5es e recursos<\/h3>\n<ul data-path-to-node=\"5\">\n<li>\n<p id=\"p-rc_6da3d4d5b9bee08d-95\" data-path-to-node=\"5,0,0\"><b data-path-to-node=\"5,0,0\" data-index-in-node=\"0\"><span class=\"citation-130\">Sistema sensorial V-Touch:<\/span><\/b><span class=\"citation-130\"> A designa\u00e7\u00e3o \u201cV-Touch\u201d refere-se \u00e0 tecnologia integrada <\/span><b data-path-to-node=\"5,0,0\" data-index-in-node=\"75\"><span class=\"citation-130\">feedback t\u00e1til e visual<\/span><\/b><span class=\"citation-130 citation-end-130\"> sistema.<\/span> <span class=\"citation-129 citation-end-129\">Ele utiliza sensores em toda a palma da m\u00e3o e na ponta dos dedos que percebem dureza, textura e dire\u00e7\u00e3o da for\u00e7a.<\/span><\/p>\n<\/li>\n<li>\n<p id=\"p-rc_6da3d4d5b9bee08d-96\" data-path-to-node=\"5,1,0\"><b data-path-to-node=\"5,1,0\" data-index-in-node=\"0\"><span class=\"citation-128\">Destreza em Alta Velocidade:<\/span><\/b><span class=\"citation-128\"> Apresenta uma resposta de alta frequ\u00eancia (at\u00e9 <\/span><b data-path-to-node=\"5,1,0\" data-index-in-node=\"64\"><span class=\"citation-128\">Velocidade de 3Hz<\/span><\/b><span class=\"citation-128 citation-end-128\"> (para gestos complexos), permitindo movimentos fluidos e realistas.<\/span><\/p>\n<\/li>\n<li>\n<p data-path-to-node=\"5,2,0\"><b data-path-to-node=\"5,2,0\" data-index-in-node=\"0\">Constru\u00e7\u00e3o ultraleve:<\/b> Mantendo o design leve caracter\u00edstico da BrainCo, ele minimiza o &quot;arrasto no bra\u00e7o&quot; para usu\u00e1rios de pr\u00f3teses, ao mesmo tempo que maximiza a rela\u00e7\u00e3o carga \u00fatil\/peso para os roboticistas.<\/p>\n<\/li>\n<li>\n<p id=\"p-rc_6da3d4d5b9bee08d-97\" data-path-to-node=\"5,3,0\"><b data-path-to-node=\"5,3,0\" data-index-in-node=\"0\"><span class=\"citation-127\">Controle multimodal:<\/span><\/b><span class=\"citation-127\"> Compat\u00edvel com o m\u00e9todo n\u00e3o invasivo da BrainCo. <\/span><b data-path-to-node=\"5,3,0\" data-index-in-node=\"60\"><span class=\"citation-127\">Interface C\u00e9rebro-Computador (ICC)<\/span><\/b><span class=\"citation-127 citation-end-127\">, que l\u00ea sinais neurais atrav\u00e9s da pele para permitir a independ\u00eancia dos dedos &quot;controlada pelo pensamento&quot;.<\/span><\/p>\n<p>&nbsp;<\/li>\n<\/ul>\n<h3 data-path-to-node=\"7\">Capacidades t\u00e9cnicas<\/h3>\n<table data-path-to-node=\"8\">\n<thead>\n<tr>\n<td><strong>Recurso<\/strong><\/td>\n<td><strong>Descri\u00e7\u00e3o<\/strong><\/td>\n<\/tr>\n<\/thead>\n<tbody>\n<tr>\n<td><span data-path-to-node=\"8,1,0,0\"><b data-path-to-node=\"8,1,0,0\" data-index-in-node=\"0\">Graus de Liberdade (DoF)<\/b><\/span><\/td>\n<td><span data-path-to-node=\"8,1,1,0\">At\u00e9 11 graus de liberdade ativos para preens\u00e3o equivalente \u00e0 humana.<\/span><\/td>\n<\/tr>\n<tr>\n<td><span data-path-to-node=\"8,2,0,0\"><b data-path-to-node=\"8,2,0,0\" data-index-in-node=\"0\">Precis\u00e3o t\u00e1til<\/b><\/span><\/td>\n<td><span data-path-to-node=\"8,2,1,0\">Sensor t\u00e1til 3D capaz de detectar fric\u00e7\u00e3o e proximidade.<\/span><\/td>\n<\/tr>\n<tr>\n<td><span data-path-to-node=\"8,3,0,0\"><b data-path-to-node=\"8,3,0,0\" data-index-in-node=\"0\">Durabilidade<\/b><\/span><\/td>\n<td><span data-path-to-node=\"8,3,1,0\">Fabricado com alum\u00ednio de qualidade aeroespacial e pol\u00edmeros refor\u00e7ados.<\/span><\/td>\n<\/tr>\n<tr>\n<td><span data-path-to-node=\"8,4,0,0\"><b data-path-to-node=\"8,4,0,0\" data-index-in-node=\"0\">Opera\u00e7\u00e3o silenciosa<\/b><\/span><\/td>\n<td><span data-path-to-node=\"8,4,1,0\">O n\u00edvel de ru\u00eddo operacional \u00e9 mantido abaixo de <b data-path-to-node=\"8,4,1,0\" data-index-in-node=\"30\">50 dB<\/b>, tornando-o adequado para ambientes de escrit\u00f3rio ou dom\u00e9sticos.<\/span><\/td>\n<\/tr>\n<tr>\n<td><span data-path-to-node=\"8,5,0,0\"><b data-path-to-node=\"8,5,0,0\" data-index-in-node=\"0\">Conectividade<\/b><\/span><\/td>\n<td><span data-path-to-node=\"8,5,1,0\">Suporta EtherCAT e recursos de ampla faixa de tens\u00e3o atrav\u00e9s de um SDK dedicado para desenvolvedores.<\/span><\/td>\n<\/tr>\n<\/tbody>\n<\/table>\n<p>&nbsp;<\/p>\n<h3 data-path-to-node=\"10\">Casos de Uso<\/h3>\n<ol start=\"1\" data-path-to-node=\"11\">\n<li>\n<p id=\"p-rc_6da3d4d5b9bee08d-98\" data-path-to-node=\"11,0,0\"><b data-path-to-node=\"11,0,0\" data-index-in-node=\"0\"><span class=\"citation-126\">Pr\u00f3teses de \u00faltima gera\u00e7\u00e3o:<\/span><\/b><span class=\"citation-126 citation-end-126\"> Permite que amputados recuperem habilidades motoras finas, incluindo tocar instrumentos musicais ou escrever caligrafia, sem cirurgia invasiva.<\/span><\/p>\n<\/li>\n<li>\n<p data-path-to-node=\"11,1,0\"><b data-path-to-node=\"11,1,0\" data-index-in-node=\"0\">Pesquisa sobre humanoides:<\/b> Serve como as &quot;m\u00e3os&quot; para modelos avan\u00e7ados de IA, fornecendo o hardware necess\u00e1rio para que os rob\u00f4s aprendam a manipular objetos de forma semelhante \u00e0 humana.<\/p>\n<\/li>\n<li>\n<p id=\"p-rc_6da3d4d5b9bee08d-99\" data-path-to-node=\"11,2,0\"><b data-path-to-node=\"11,2,0\" data-index-in-node=\"0\"><span class=\"citation-125\">Automa\u00e7\u00e3o Industrial:<\/span><\/b><span class=\"citation-125 citation-end-125\"> Ideal para linhas de montagem delicadas, onde as garras tradicionais s\u00e3o muito desajeitadas para pequenos componentes eletr\u00f4nicos.<\/span><\/p>\n<\/li>\n<\/ol>","protected":false},"excerpt":{"rendered":"<p><span class=\"citation-132\">O <\/span><b data-path-to-node=\"0\" data-index-in-node=\"4\"><span class=\"citation-132\">BrainCo Revo 3 V-Touch<\/span><\/b><span class=\"citation-132 citation-end-132\"> \u00c9 a mais recente evolu\u00e7\u00e3o em hardware rob\u00f3tico de alta precis\u00e3o, combinando rob\u00f3tica de alto desempenho com feedback sensorial avan\u00e7ado.<\/span> Baseado no sucesso do Revo 2, o Revo 3 foi projetado tanto para pr\u00f3teses avan\u00e7adas quanto para manipula\u00e7\u00e3o de rob\u00f4s humanoides de alta fidelidade.<\/p>","protected":false},"featured_media":26092,"comment_status":"open","ping_status":"closed","template":"","meta":[],"product_brand":[1383],"product_cat":[1041,1382,1381,1037],"product_tag":[],"class_list":{"0":"post-26095","1":"product","2":"type-product","3":"status-publish","4":"has-post-thumbnail","6":"product_brand-brainco","7":"product_cat-arms-grippers","8":"product_cat-bionic-dexterous-hands","9":"product_cat-brainco","10":"product_cat-robotics","12":"first","13":"onbackorder","14":"taxable","15":"shipping-taxable","16":"product-type-simple"},"yoast_head":"<!-- This site is optimized with the Yoast SEO plugin v27.4 - https:\/\/yoast.com\/product\/yoast-seo-wordpress\/ -->\n<title>BrainCo Revo 3 V-Touch Robot Hand - Ghostysky<\/title>\n<meta name=\"description\" content=\"The BrainCo Revo 3 V-Touch is the latest evolution in dexterous robotic hardware, merging high-performance robotics with advanced sensory feedback. Building on the success of the Revo 2, the Revo 3 is designed for both advanced prosthetics and high-fidelity humanoid robot manipulation.\" \/>\n<meta name=\"robots\" content=\"index, follow, max-snippet:-1, max-image-preview:large, max-video-preview:-1\" \/>\n<link rel=\"canonical\" href=\"https:\/\/www.ghostysky.com\/pt\/produto-2\/brainco-revo-3-v-touch-robot-hand\/\" \/>\n<meta property=\"og:locale\" content=\"pt_PT\" \/>\n<meta property=\"og:type\" content=\"article\" \/>\n<meta property=\"og:title\" content=\"BrainCo Revo 3 V-Touch Robot Hand - Ghostysky\" \/>\n<meta property=\"og:description\" content=\"The BrainCo Revo 3 V-Touch is the latest evolution in dexterous robotic hardware, merging high-performance robotics with advanced sensory feedback. Building on the success of the Revo 2, the Revo 3 is designed for both advanced prosthetics and high-fidelity humanoid robot manipulation.\" \/>\n<meta property=\"og:url\" content=\"https:\/\/www.ghostysky.com\/pt\/produto-2\/brainco-revo-3-v-touch-robot-hand\/\" \/>\n<meta property=\"og:site_name\" content=\"Ghostysky\" \/>\n<meta property=\"article:publisher\" content=\"https:\/\/www.facebook.com\/people\/Ghostysky\/100057676170234\/\" \/>\n<meta property=\"article:modified_time\" content=\"2026-05-08T18:15:08+00:00\" \/>\n<meta property=\"og:image\" content=\"https:\/\/www.ghostysky.com\/wp-content\/uploads\/2026\/05\/GH_brainco-revo-3-21-basic-robot-hand-right.jpg\" \/>\n\t<meta property=\"og:image:width\" content=\"700\" \/>\n\t<meta property=\"og:image:height\" content=\"700\" \/>\n\t<meta property=\"og:image:type\" content=\"image\/jpeg\" \/>\n<meta name=\"twitter:card\" content=\"summary_large_image\" \/>\n<meta name=\"twitter:site\" content=\"@Gh0stysky\" \/>\n<meta name=\"twitter:label1\" content=\"Tempo estimado de leitura\" \/>\n\t<meta name=\"twitter:data1\" content=\"2 minutos\" \/>\n<script type=\"application\/ld+json\" class=\"yoast-schema-graph\">{\"@context\":\"https:\\\/\\\/schema.org\",\"@graph\":[{\"@type\":\"WebPage\",\"@id\":\"https:\\\/\\\/www.ghostysky.com\\\/product\\\/brainco-revo-3-v-touch-robot-hand\\\/\",\"url\":\"https:\\\/\\\/www.ghostysky.com\\\/product\\\/brainco-revo-3-v-touch-robot-hand\\\/\",\"name\":\"BrainCo Revo 3 V-Touch Robot Hand - Ghostysky\",\"isPartOf\":{\"@id\":\"https:\\\/\\\/www.ghostysky.com\\\/#website\"},\"primaryImageOfPage\":{\"@id\":\"https:\\\/\\\/www.ghostysky.com\\\/product\\\/brainco-revo-3-v-touch-robot-hand\\\/#primaryimage\"},\"image\":{\"@id\":\"https:\\\/\\\/www.ghostysky.com\\\/product\\\/brainco-revo-3-v-touch-robot-hand\\\/#primaryimage\"},\"thumbnailUrl\":\"https:\\\/\\\/www.ghostysky.com\\\/wp-content\\\/uploads\\\/2026\\\/05\\\/GH_brainco-revo-3-21-basic-robot-hand-right.jpg\",\"datePublished\":\"2026-05-08T18:11:44+00:00\",\"dateModified\":\"2026-05-08T18:15:08+00:00\",\"description\":\"The BrainCo Revo 3 V-Touch is the latest evolution in dexterous robotic hardware, merging high-performance robotics with advanced sensory feedback. Building on the success of the Revo 2, the Revo 3 is designed for both advanced prosthetics and high-fidelity humanoid robot manipulation.\",\"breadcrumb\":{\"@id\":\"https:\\\/\\\/www.ghostysky.com\\\/product\\\/brainco-revo-3-v-touch-robot-hand\\\/#breadcrumb\"},\"inLanguage\":\"pt-PT\",\"potentialAction\":[{\"@type\":\"ReadAction\",\"target\":[\"https:\\\/\\\/www.ghostysky.com\\\/product\\\/brainco-revo-3-v-touch-robot-hand\\\/\"]}]},{\"@type\":\"ImageObject\",\"inLanguage\":\"pt-PT\",\"@id\":\"https:\\\/\\\/www.ghostysky.com\\\/product\\\/brainco-revo-3-v-touch-robot-hand\\\/#primaryimage\",\"url\":\"https:\\\/\\\/www.ghostysky.com\\\/wp-content\\\/uploads\\\/2026\\\/05\\\/GH_brainco-revo-3-21-basic-robot-hand-right.jpg\",\"contentUrl\":\"https:\\\/\\\/www.ghostysky.com\\\/wp-content\\\/uploads\\\/2026\\\/05\\\/GH_brainco-revo-3-21-basic-robot-hand-right.jpg\",\"width\":700,\"height\":700},{\"@type\":\"BreadcrumbList\",\"@id\":\"https:\\\/\\\/www.ghostysky.com\\\/product\\\/brainco-revo-3-v-touch-robot-hand\\\/#breadcrumb\",\"itemListElement\":[{\"@type\":\"ListItem\",\"position\":1,\"name\":\"Home\",\"item\":\"https:\\\/\\\/www.ghostysky.com\\\/\"},{\"@type\":\"ListItem\",\"position\":2,\"name\":\"Shop\",\"item\":\"https:\\\/\\\/www.ghostysky.com\\\/shop\\\/\"},{\"@type\":\"ListItem\",\"position\":3,\"name\":\"BrainCo Revo 3 V-Touch Robot Hand\"}]},{\"@type\":\"WebSite\",\"@id\":\"https:\\\/\\\/www.ghostysky.com\\\/#website\",\"url\":\"https:\\\/\\\/www.ghostysky.com\\\/\",\"name\":\"Ghostysky\",\"description\":\"Delivering professional drones and robotics solutions\",\"publisher\":{\"@id\":\"https:\\\/\\\/www.ghostysky.com\\\/#organization\"},\"potentialAction\":[{\"@type\":\"SearchAction\",\"target\":{\"@type\":\"EntryPoint\",\"urlTemplate\":\"https:\\\/\\\/www.ghostysky.com\\\/?s={search_term_string}\"},\"query-input\":{\"@type\":\"PropertyValueSpecification\",\"valueRequired\":true,\"valueName\":\"search_term_string\"}}],\"inLanguage\":\"pt-PT\"},{\"@type\":\"Organization\",\"@id\":\"https:\\\/\\\/www.ghostysky.com\\\/#organization\",\"name\":\"Ghostysky\",\"url\":\"https:\\\/\\\/www.ghostysky.com\\\/\",\"logo\":{\"@type\":\"ImageObject\",\"inLanguage\":\"pt-PT\",\"@id\":\"https:\\\/\\\/www.ghostysky.com\\\/#\\\/schema\\\/logo\\\/image\\\/\",\"url\":\"https:\\\/\\\/www.ghostysky.com\\\/wp-content\\\/uploads\\\/2020\\\/06\\\/cropped-ghostyskylogo_text_white2.png\",\"contentUrl\":\"https:\\\/\\\/www.ghostysky.com\\\/wp-content\\\/uploads\\\/2020\\\/06\\\/cropped-ghostyskylogo_text_white2.png\",\"width\":169,\"height\":56,\"caption\":\"Ghostysky\"},\"image\":{\"@id\":\"https:\\\/\\\/www.ghostysky.com\\\/#\\\/schema\\\/logo\\\/image\\\/\"},\"sameAs\":[\"https:\\\/\\\/www.facebook.com\\\/people\\\/Ghostysky\\\/100057676170234\\\/\",\"https:\\\/\\\/x.com\\\/Gh0stysky\",\"https:\\\/\\\/www.linkedin.com\\\/company\\\/34739653\",\"https:\\\/\\\/www.instagram.com\\\/gh0stysky\"]}]}<\/script>\n<!-- \/ Yoast SEO plugin. -->","yoast_head_json":{"title":"M\u00e3o rob\u00f3tica BrainCo Revo 3 V-Touch - Ghostysky","description":"O BrainCo Revo 3 V-Touch \u00e9 a mais recente evolu\u00e7\u00e3o em hardware rob\u00f3tico de alta precis\u00e3o, combinando rob\u00f3tica de alto desempenho com feedback sensorial avan\u00e7ado. Baseado no sucesso do Revo 2, o Revo 3 foi projetado tanto para pr\u00f3teses avan\u00e7adas quanto para manipula\u00e7\u00e3o de rob\u00f4s humanoides de alta fidelidade.","robots":{"index":"index","follow":"follow","max-snippet":"max-snippet:-1","max-image-preview":"max-image-preview:large","max-video-preview":"max-video-preview:-1"},"canonical":"https:\/\/www.ghostysky.com\/pt\/produto-2\/brainco-revo-3-v-touch-robot-hand\/","og_locale":"pt_PT","og_type":"article","og_title":"BrainCo Revo 3 V-Touch Robot Hand - Ghostysky","og_description":"The BrainCo Revo 3 V-Touch is the latest evolution in dexterous robotic hardware, merging high-performance robotics with advanced sensory feedback. Building on the success of the Revo 2, the Revo 3 is designed for both advanced prosthetics and high-fidelity humanoid robot manipulation.","og_url":"https:\/\/www.ghostysky.com\/pt\/produto-2\/brainco-revo-3-v-touch-robot-hand\/","og_site_name":"Ghostysky","article_publisher":"https:\/\/www.facebook.com\/people\/Ghostysky\/100057676170234\/","article_modified_time":"2026-05-08T18:15:08+00:00","og_image":[{"width":700,"height":700,"url":"https:\/\/www.ghostysky.com\/wp-content\/uploads\/2026\/05\/GH_brainco-revo-3-21-basic-robot-hand-right.jpg","type":"image\/jpeg"}],"twitter_card":"summary_large_image","twitter_site":"@Gh0stysky","twitter_misc":{"Tempo estimado de leitura":"2 minutos"},"schema":{"@context":"https:\/\/schema.org","@graph":[{"@type":"WebPage","@id":"https:\/\/www.ghostysky.com\/product\/brainco-revo-3-v-touch-robot-hand\/","url":"https:\/\/www.ghostysky.com\/product\/brainco-revo-3-v-touch-robot-hand\/","name":"M\u00e3o rob\u00f3tica BrainCo Revo 3 V-Touch - Ghostysky","isPartOf":{"@id":"https:\/\/www.ghostysky.com\/#website"},"primaryImageOfPage":{"@id":"https:\/\/www.ghostysky.com\/product\/brainco-revo-3-v-touch-robot-hand\/#primaryimage"},"image":{"@id":"https:\/\/www.ghostysky.com\/product\/brainco-revo-3-v-touch-robot-hand\/#primaryimage"},"thumbnailUrl":"https:\/\/www.ghostysky.com\/wp-content\/uploads\/2026\/05\/GH_brainco-revo-3-21-basic-robot-hand-right.jpg","datePublished":"2026-05-08T18:11:44+00:00","dateModified":"2026-05-08T18:15:08+00:00","description":"O BrainCo Revo 3 V-Touch \u00e9 a mais recente evolu\u00e7\u00e3o em hardware rob\u00f3tico de alta precis\u00e3o, combinando rob\u00f3tica de alto desempenho com feedback sensorial avan\u00e7ado. Baseado no sucesso do Revo 2, o Revo 3 foi projetado tanto para pr\u00f3teses avan\u00e7adas quanto para manipula\u00e7\u00e3o de rob\u00f4s humanoides de alta fidelidade.","breadcrumb":{"@id":"https:\/\/www.ghostysky.com\/product\/brainco-revo-3-v-touch-robot-hand\/#breadcrumb"},"inLanguage":"pt-PT","potentialAction":[{"@type":"ReadAction","target":["https:\/\/www.ghostysky.com\/product\/brainco-revo-3-v-touch-robot-hand\/"]}]},{"@type":"ImageObject","inLanguage":"pt-PT","@id":"https:\/\/www.ghostysky.com\/product\/brainco-revo-3-v-touch-robot-hand\/#primaryimage","url":"https:\/\/www.ghostysky.com\/wp-content\/uploads\/2026\/05\/GH_brainco-revo-3-21-basic-robot-hand-right.jpg","contentUrl":"https:\/\/www.ghostysky.com\/wp-content\/uploads\/2026\/05\/GH_brainco-revo-3-21-basic-robot-hand-right.jpg","width":700,"height":700},{"@type":"BreadcrumbList","@id":"https:\/\/www.ghostysky.com\/product\/brainco-revo-3-v-touch-robot-hand\/#breadcrumb","itemListElement":[{"@type":"ListItem","position":1,"name":"Home","item":"https:\/\/www.ghostysky.com\/"},{"@type":"ListItem","position":2,"name":"Shop","item":"https:\/\/www.ghostysky.com\/shop\/"},{"@type":"ListItem","position":3,"name":"BrainCo Revo 3 V-Touch Robot Hand"}]},{"@type":"WebSite","@id":"https:\/\/www.ghostysky.com\/#website","url":"https:\/\/www.ghostysky.com\/","name":"Ghostysky","description":"Fornecendo solu\u00e7\u00f5es profissionais em drones e rob\u00f3tica.","publisher":{"@id":"https:\/\/www.ghostysky.com\/#organization"},"potentialAction":[{"@type":"SearchAction","target":{"@type":"EntryPoint","urlTemplate":"https:\/\/www.ghostysky.com\/?s={search_term_string}"},"query-input":{"@type":"PropertyValueSpecification","valueRequired":true,"valueName":"search_term_string"}}],"inLanguage":"pt-PT"},{"@type":"Organization","@id":"https:\/\/www.ghostysky.com\/#organization","name":"Ghostysky","url":"https:\/\/www.ghostysky.com\/","logo":{"@type":"ImageObject","inLanguage":"pt-PT","@id":"https:\/\/www.ghostysky.com\/#\/schema\/logo\/image\/","url":"https:\/\/www.ghostysky.com\/wp-content\/uploads\/2020\/06\/cropped-ghostyskylogo_text_white2.png","contentUrl":"https:\/\/www.ghostysky.com\/wp-content\/uploads\/2020\/06\/cropped-ghostyskylogo_text_white2.png","width":169,"height":56,"caption":"Ghostysky"},"image":{"@id":"https:\/\/www.ghostysky.com\/#\/schema\/logo\/image\/"},"sameAs":["https:\/\/www.facebook.com\/people\/Ghostysky\/100057676170234\/","https:\/\/x.com\/Gh0stysky","https:\/\/www.linkedin.com\/company\/34739653","https:\/\/www.instagram.com\/gh0stysky"]}]}},"_links":{"self":[{"href":"https:\/\/www.ghostysky.com\/pt\/wp-json\/wp\/v2\/product\/26095","targetHints":{"allow":["GET"]}}],"collection":[{"href":"https:\/\/www.ghostysky.com\/pt\/wp-json\/wp\/v2\/product"}],"about":[{"href":"https:\/\/www.ghostysky.com\/pt\/wp-json\/wp\/v2\/types\/product"}],"replies":[{"embeddable":true,"href":"https:\/\/www.ghostysky.com\/pt\/wp-json\/wp\/v2\/comments?post=26095"}],"version-history":[{"count":1,"href":"https:\/\/www.ghostysky.com\/pt\/wp-json\/wp\/v2\/product\/26095\/revisions"}],"predecessor-version":[{"id":26097,"href":"https:\/\/www.ghostysky.com\/pt\/wp-json\/wp\/v2\/product\/26095\/revisions\/26097"}],"wp:featuredmedia":[{"embeddable":true,"href":"https:\/\/www.ghostysky.com\/pt\/wp-json\/wp\/v2\/media\/26092"}],"wp:attachment":[{"href":"https:\/\/www.ghostysky.com\/pt\/wp-json\/wp\/v2\/media?parent=26095"}],"wp:term":[{"taxonomy":"product_brand","embeddable":true,"href":"https:\/\/www.ghostysky.com\/pt\/wp-json\/wp\/v2\/product_brand?post=26095"},{"taxonomy":"product_cat","embeddable":true,"href":"https:\/\/www.ghostysky.com\/pt\/wp-json\/wp\/v2\/product_cat?post=26095"},{"taxonomy":"product_tag","embeddable":true,"href":"https:\/\/www.ghostysky.com\/pt\/wp-json\/wp\/v2\/product_tag?post=26095"}],"curies":[{"name":"wp","href":"https:\/\/api.w.org\/{rel}","templated":true}]}}