{"id":26104,"date":"2026-05-08T18:30:27","date_gmt":"2026-05-08T18:30:27","guid":{"rendered":"https:\/\/www.ghostysky.com\/?post_type=product&#038;p=26104"},"modified":"2026-05-08T18:31:02","modified_gmt":"2026-05-08T18:31:02","slug":"dji-rs5","status":"publish","type":"product","link":"https:\/\/www.ghostysky.com\/pt\/product\/dji-rs5\/","title":{"rendered":"DJI RS5"},"content":{"rendered":"<h3 data-path-to-node=\"2\"><b data-path-to-node=\"2\" data-index-in-node=\"0\">Principais funcionalidades em resumo<\/b><\/h3>\n<ul data-path-to-node=\"3\">\n<li>\n<p id=\"p-rc_e0d7de5dd55127ca-110\" data-path-to-node=\"3,0,0\"><b data-path-to-node=\"3,0,0\" data-index-in-node=\"0\"><span class=\"citation-162\">Algoritmo de estabiliza\u00e7\u00e3o de 5\u00aa gera\u00e7\u00e3o:<\/span><\/b><span class=\"citation-162 citation-end-162\"> Apresenta um aumento de 50% no torque m\u00e1ximo do motor em compara\u00e7\u00e3o com o RS 4.<\/span> <span class=\"citation-161 citation-end-161\">Este novo sistema utiliza IA preditiva para distinguir entre movimentos intencionais (como caminhar ou correr) e tremores acidentais, proporcionando imagens mais suaves em cen\u00e1rios de muita a\u00e7\u00e3o.<\/span><\/p>\n<\/li>\n<li>\n<p id=\"p-rc_e0d7de5dd55127ca-111\" data-path-to-node=\"3,1,0\"><b data-path-to-node=\"3,1,0\" data-index-in-node=\"0\">M\u00f3dulo de rastreamento inteligente aprimorado:<\/b><span class=\"citation-160 citation-end-160\"> Este novo acess\u00f3rio magn\u00e9tico permite a sele\u00e7\u00e3o de objetos por meio de tela sens\u00edvel ao toque.<\/span> <span class=\"citation-159 citation-end-159\">Ele oferece suporte ao ActiveTrack para pessoas, ve\u00edculos e animais de estima\u00e7\u00e3o diretamente da interface do gimbal, sem a necessidade de um telefone.<\/span><\/p>\n<\/li>\n<li>\n<p id=\"p-rc_e0d7de5dd55127ca-112\" data-path-to-node=\"3,2,0\"><b data-path-to-node=\"3,2,0\" data-index-in-node=\"0\">Filmagem vertical nativa:<\/b><span class=\"citation-158 citation-end-158\"> O RS 5, otimizado para TikTok e Reels, permite uma transi\u00e7\u00e3o perfeita para o modo vertical sem a necessidade de acess\u00f3rios de montagem adicionais.<\/span><\/p>\n<\/li>\n<li>\n<p id=\"p-rc_e0d7de5dd55127ca-113\" data-path-to-node=\"3,3,0\"><b data-path-to-node=\"3,3,0\" data-index-in-node=\"0\">Balanceamento de n\u00edvel profissional:<\/b><span class=\"citation-157\"> Inclui bot\u00f5es de ajuste fino em todos os eixos e um novo <\/span><b data-path-to-node=\"3,3,0\" data-index-in-node=\"72\"><span class=\"citation-157\">Indicador do eixo Z<\/span><\/b><span class=\"citation-157 citation-end-157\"> Para fornecer feedback em tempo real sobre o movimento vertical, ajudando voc\u00ea a alcan\u00e7ar um equil\u00edbrio perfeito mais rapidamente.<\/span><\/p>\n<p>&nbsp;<\/li>\n<\/ul>\n<h3 data-path-to-node=\"5\"><b data-path-to-node=\"5\" data-index-in-node=\"0\">Especifica\u00e7\u00f5es t\u00e9cnicas<\/b><\/h3>\n<table data-path-to-node=\"6\">\n<thead>\n<tr>\n<td><strong>Recurso<\/strong><\/td>\n<td><strong>Especifica\u00e7\u00f5es<\/strong><\/td>\n<\/tr>\n<\/thead>\n<tbody>\n<tr>\n<td><span data-path-to-node=\"6,1,0,0\"><b data-path-to-node=\"6,1,0,0\" data-index-in-node=\"0\">Carga \u00fatil testada<\/b><\/span><\/td>\n<td><span data-path-to-node=\"6,1,1,0\">3,0 kg (6,6 libras)<\/span><\/td>\n<\/tr>\n<tr>\n<td><span data-path-to-node=\"6,2,0,0\"><b data-path-to-node=\"6,2,0,0\" data-index-in-node=\"0\">Peso do gimbal<\/b><\/span><\/td>\n<td><span data-path-to-node=\"6,2,1,0\">Aproximadamente 1,2 kg (somente o gimbal)<\/span><\/td>\n<\/tr>\n<tr>\n<td><span data-path-to-node=\"6,3,0,0\"><b data-path-to-node=\"6,3,0,0\" data-index-in-node=\"0\">Dura\u00e7\u00e3o da bateria<\/b><\/span><\/td>\n<td><span data-path-to-node=\"6,3,1,0\">At\u00e9 14 horas (padr\u00e3o) \/ At\u00e9 30 horas (com o punho BG70)<\/span><\/td>\n<\/tr>\n<tr>\n<td><span data-path-to-node=\"6,4,0,0\"><b data-path-to-node=\"6,4,0,0\" data-index-in-node=\"0\">Tempo de carregamento<\/b><\/span><\/td>\n<td><span data-path-to-node=\"6,4,1,0\">1 hora (0-100% via carregamento r\u00e1pido PD de 45 W)<\/span><\/td>\n<\/tr>\n<tr>\n<td><span data-path-to-node=\"6,5,0,0\"><b data-path-to-node=\"6,5,0,0\" data-index-in-node=\"0\">Conectividade<\/b><\/span><\/td>\n<td><span data-path-to-node=\"6,5,1,0\">Bluetooth 5.0, USB-C (Controle\/Multifuncional), Portas NATO<\/span><\/td>\n<\/tr>\n<tr>\n<td><span data-path-to-node=\"6,6,0,0\"><b data-path-to-node=\"6,6,0,0\" data-index-in-node=\"0\">Temperatura de opera\u00e7\u00e3o<\/b><\/span><\/td>\n<td><span data-path-to-node=\"6,6,1,0\">-20\u00b0 a 45\u00b0C (-4\u00b0 a 113\u00b0F)<\/span><\/td>\n<\/tr>\n<\/tbody>\n<\/table>\n<p>&nbsp;<\/p>\n<h3 data-path-to-node=\"8\"><b data-path-to-node=\"8\" data-index-in-node=\"0\">Novas melhorias na qualidade de vida<\/b><\/h3>\n<ul data-path-to-node=\"9\">\n<li>\n<p id=\"p-rc_e0d7de5dd55127ca-114\" data-path-to-node=\"9,0,0\"><b data-path-to-node=\"9,0,0\" data-index-in-node=\"0\"><span class=\"citation-156\">Travas de eixo automatizadas de 2\u00aa gera\u00e7\u00e3o:<\/span><\/b><span class=\"citation-156 citation-end-156\"> O gimbal se desdobra e trava\/destrava automaticamente ao ser ligado ou desligado, reduzindo significativamente o tempo de configura\u00e7\u00e3o entre locais.<\/span><\/p>\n<\/li>\n<li>\n<p id=\"p-rc_e0d7de5dd55127ca-115\" data-path-to-node=\"9,1,0\"><b data-path-to-node=\"9,1,0\" data-index-in-node=\"0\">Al\u00e7a eletr\u00f4nica para pasta:<\/b><span class=\"citation-155 citation-end-155\"> A al\u00e7a atualizada agora inclui um joystick integrado, bot\u00f5es e uma pequena tela, proporcionando controle total do gimbal ao filmar em \u00e2ngulos baixos.<\/span><\/p>\n<\/li>\n<li>\n<p id=\"p-rc_e0d7de5dd55127ca-116\" data-path-to-node=\"9,2,0\"><b data-path-to-node=\"9,2,0\" data-index-in-node=\"0\"><span class=\"citation-154\">Bra\u00e7os revestidos com Teflon\u2122:<\/span><\/b><span class=\"citation-154 citation-end-154\"> Os bra\u00e7os possuem um revestimento de baixo atrito que torna o deslizamento dos eixos para balanceamento muito mais suave e preciso.<\/span><\/p>\n<\/li>\n<\/ul>\n<h3 data-path-to-node=\"10\"><b data-path-to-node=\"10\" data-index-in-node=\"0\">O veredicto<\/b><\/h3>\n<p data-path-to-node=\"11\">O DJI RS 5 \u00e9 a escolha &quot;inteligente&quot; para 2026. Ele une a facilidade de uso para o consumidor \u00e0 estabilidade profissional. Se voc\u00ea filma com uma c\u00e2mera mirrorless (como uma Sony A7S III ou Canon R6 II) e prioriza mobilidade e rastreamento assistido por IA, esta \u00e9 a ferramenta mais eficiente da linha Ronin.<\/p>\n<blockquote data-path-to-node=\"12\">\n<p id=\"p-rc_e0d7de5dd55127ca-117\" data-path-to-node=\"12,0\"><b data-path-to-node=\"12,0\" data-index-in-node=\"0\"><span class=\"citation-153\">Nota para usu\u00e1rios Pro:<\/span><\/b><span class=\"citation-153 citation-end-153\"> Embora o RS 5 seja mais inteligente e r\u00e1pido que o antigo RS 4 Pro, ele tem um limite de carga \u00fatil menor (3 kg contra 4,5 kg).<\/span> Se voc\u00ea utiliza equipamentos cinematogr\u00e1ficos pesados ou requer autofoco LiDAR, talvez seja melhor aguardar o lan\u00e7amento do novo modelo. <b data-path-to-node=\"12,0\" data-index-in-node=\"221\">RS 5 Pro<\/b> Ou fique com o RS 4 Pro.<\/p>\n<\/blockquote>","protected":false},"excerpt":{"rendered":"<p><span class=\"citation-164\">O <\/span><b data-path-to-node=\"0\" data-index-in-node=\"4\"><span class=\"citation-164\">DJI RS 5<\/span><\/b><span class=\"citation-164 citation-end-164\">, O [nome do produto], com lan\u00e7amento previsto para janeiro de 2026, \u00e9 um gimbal leve de \u00faltima gera\u00e7\u00e3o, projetado especificamente para criadores de conte\u00fado individuais e videomakers de m\u00eddias sociais.<\/span> <span class=\"citation-163 citation-end-163\">Embora mantenha o formato compacto de seus antecessores, ele apresenta um salto significativo na pot\u00eancia do motor e na estabiliza\u00e7\u00e3o impulsionada por intelig\u00eancia artificial.<\/span><\/p>","protected":false},"featured_media":26106,"comment_status":"open","ping_status":"closed","template":"","meta":[],"product_brand":[1031],"product_cat":[1301,1452],"product_tag":[42,1454],"class_list":{"0":"post-26104","1":"product","2":"type-product","3":"status-publish","4":"has-post-thumbnail","6":"product_brand-dji","7":"product_cat-dji-handled","8":"product_cat-rs5","9":"product_tag-dji","10":"product_tag-dji-rs5","12":"first","13":"outofstock","14":"taxable","15":"shipping-taxable","16":"purchasable","17":"product-type-simple"},"yoast_head":"<!-- This site is optimized with the Yoast SEO plugin v27.4 - https:\/\/yoast.com\/product\/yoast-seo-wordpress\/ -->\n<title>DJI RS5 - Ghostysky<\/title>\n<meta name=\"description\" content=\"The DJI RS 5, released in January 2026, is a next-generation lightweight gimbal designed specifically for solo content creators and social media videographers. While it retains the compact form factor of its predecessors, it introduces a significant leap in motor power and AI-driven stabilization.\" \/>\n<meta name=\"robots\" content=\"index, follow, max-snippet:-1, max-image-preview:large, max-video-preview:-1\" \/>\n<link rel=\"canonical\" href=\"https:\/\/www.ghostysky.com\/pt\/produto-2\/dji-rs5\/\" \/>\n<meta property=\"og:locale\" content=\"pt_PT\" \/>\n<meta property=\"og:type\" content=\"article\" \/>\n<meta property=\"og:title\" content=\"DJI RS5 - Ghostysky\" \/>\n<meta property=\"og:description\" content=\"The DJI RS 5, released in January 2026, is a next-generation lightweight gimbal designed specifically for solo content creators and social media videographers. While it retains the compact form factor of its predecessors, it introduces a significant leap in motor power and AI-driven stabilization.\" \/>\n<meta property=\"og:url\" content=\"https:\/\/www.ghostysky.com\/pt\/produto-2\/dji-rs5\/\" \/>\n<meta property=\"og:site_name\" content=\"Ghostysky\" \/>\n<meta property=\"article:publisher\" content=\"https:\/\/www.facebook.com\/people\/Ghostysky\/100057676170234\/\" \/>\n<meta property=\"article:modified_time\" content=\"2026-05-08T18:31:02+00:00\" \/>\n<meta property=\"og:image\" content=\"https:\/\/www.ghostysky.com\/wp-content\/uploads\/2026\/05\/GH_DJI_RS5_1.jpg\" \/>\n\t<meta property=\"og:image:width\" content=\"1308\" \/>\n\t<meta property=\"og:image:height\" content=\"1308\" \/>\n\t<meta property=\"og:image:type\" content=\"image\/jpeg\" \/>\n<meta name=\"twitter:card\" content=\"summary_large_image\" \/>\n<meta name=\"twitter:site\" content=\"@Gh0stysky\" \/>\n<meta name=\"twitter:label1\" content=\"Tempo estimado de leitura\" \/>\n\t<meta name=\"twitter:data1\" content=\"2 minutos\" \/>\n<script type=\"application\/ld+json\" class=\"yoast-schema-graph\">{\"@context\":\"https:\\\/\\\/schema.org\",\"@graph\":[{\"@type\":\"WebPage\",\"@id\":\"https:\\\/\\\/www.ghostysky.com\\\/product\\\/dji-rs5\\\/\",\"url\":\"https:\\\/\\\/www.ghostysky.com\\\/product\\\/dji-rs5\\\/\",\"name\":\"DJI RS5 - Ghostysky\",\"isPartOf\":{\"@id\":\"https:\\\/\\\/www.ghostysky.com\\\/#website\"},\"primaryImageOfPage\":{\"@id\":\"https:\\\/\\\/www.ghostysky.com\\\/product\\\/dji-rs5\\\/#primaryimage\"},\"image\":{\"@id\":\"https:\\\/\\\/www.ghostysky.com\\\/product\\\/dji-rs5\\\/#primaryimage\"},\"thumbnailUrl\":\"https:\\\/\\\/www.ghostysky.com\\\/wp-content\\\/uploads\\\/2026\\\/05\\\/GH_DJI_RS5_1.jpg\",\"datePublished\":\"2026-05-08T18:30:27+00:00\",\"dateModified\":\"2026-05-08T18:31:02+00:00\",\"description\":\"The DJI RS 5, released in January 2026, is a next-generation lightweight gimbal designed specifically for solo content creators and social media videographers. While it retains the compact form factor of its predecessors, it introduces a significant leap in motor power and AI-driven stabilization.\",\"breadcrumb\":{\"@id\":\"https:\\\/\\\/www.ghostysky.com\\\/product\\\/dji-rs5\\\/#breadcrumb\"},\"inLanguage\":\"pt-PT\",\"potentialAction\":[{\"@type\":\"ReadAction\",\"target\":[\"https:\\\/\\\/www.ghostysky.com\\\/product\\\/dji-rs5\\\/\"]}]},{\"@type\":\"ImageObject\",\"inLanguage\":\"pt-PT\",\"@id\":\"https:\\\/\\\/www.ghostysky.com\\\/product\\\/dji-rs5\\\/#primaryimage\",\"url\":\"https:\\\/\\\/www.ghostysky.com\\\/wp-content\\\/uploads\\\/2026\\\/05\\\/GH_DJI_RS5_1.jpg\",\"contentUrl\":\"https:\\\/\\\/www.ghostysky.com\\\/wp-content\\\/uploads\\\/2026\\\/05\\\/GH_DJI_RS5_1.jpg\",\"width\":1308,\"height\":1308},{\"@type\":\"BreadcrumbList\",\"@id\":\"https:\\\/\\\/www.ghostysky.com\\\/product\\\/dji-rs5\\\/#breadcrumb\",\"itemListElement\":[{\"@type\":\"ListItem\",\"position\":1,\"name\":\"Home\",\"item\":\"https:\\\/\\\/www.ghostysky.com\\\/\"},{\"@type\":\"ListItem\",\"position\":2,\"name\":\"Shop\",\"item\":\"https:\\\/\\\/www.ghostysky.com\\\/shop\\\/\"},{\"@type\":\"ListItem\",\"position\":3,\"name\":\"DJI RS5\"}]},{\"@type\":\"WebSite\",\"@id\":\"https:\\\/\\\/www.ghostysky.com\\\/#website\",\"url\":\"https:\\\/\\\/www.ghostysky.com\\\/\",\"name\":\"Ghostysky\",\"description\":\"Delivering professional drones and robotics solutions\",\"publisher\":{\"@id\":\"https:\\\/\\\/www.ghostysky.com\\\/#organization\"},\"potentialAction\":[{\"@type\":\"SearchAction\",\"target\":{\"@type\":\"EntryPoint\",\"urlTemplate\":\"https:\\\/\\\/www.ghostysky.com\\\/?s={search_term_string}\"},\"query-input\":{\"@type\":\"PropertyValueSpecification\",\"valueRequired\":true,\"valueName\":\"search_term_string\"}}],\"inLanguage\":\"pt-PT\"},{\"@type\":\"Organization\",\"@id\":\"https:\\\/\\\/www.ghostysky.com\\\/#organization\",\"name\":\"Ghostysky\",\"url\":\"https:\\\/\\\/www.ghostysky.com\\\/\",\"logo\":{\"@type\":\"ImageObject\",\"inLanguage\":\"pt-PT\",\"@id\":\"https:\\\/\\\/www.ghostysky.com\\\/#\\\/schema\\\/logo\\\/image\\\/\",\"url\":\"https:\\\/\\\/www.ghostysky.com\\\/wp-content\\\/uploads\\\/2020\\\/06\\\/cropped-ghostyskylogo_text_white2.png\",\"contentUrl\":\"https:\\\/\\\/www.ghostysky.com\\\/wp-content\\\/uploads\\\/2020\\\/06\\\/cropped-ghostyskylogo_text_white2.png\",\"width\":169,\"height\":56,\"caption\":\"Ghostysky\"},\"image\":{\"@id\":\"https:\\\/\\\/www.ghostysky.com\\\/#\\\/schema\\\/logo\\\/image\\\/\"},\"sameAs\":[\"https:\\\/\\\/www.facebook.com\\\/people\\\/Ghostysky\\\/100057676170234\\\/\",\"https:\\\/\\\/x.com\\\/Gh0stysky\",\"https:\\\/\\\/www.linkedin.com\\\/company\\\/34739653\",\"https:\\\/\\\/www.instagram.com\\\/gh0stysky\"]}]}<\/script>\n<!-- \/ Yoast SEO plugin. -->","yoast_head_json":{"title":"DJI RS5 - Ghostysky","description":"O DJI RS 5, lan\u00e7ado em janeiro de 2026, \u00e9 um gimbal leve de \u00faltima gera\u00e7\u00e3o projetado especificamente para criadores de conte\u00fado solo e videomakers de m\u00eddias sociais. Embora mantenha o formato compacto de seus antecessores, ele apresenta um salto significativo na pot\u00eancia do motor e na estabiliza\u00e7\u00e3o com intelig\u00eancia artificial.","robots":{"index":"index","follow":"follow","max-snippet":"max-snippet:-1","max-image-preview":"max-image-preview:large","max-video-preview":"max-video-preview:-1"},"canonical":"https:\/\/www.ghostysky.com\/pt\/produto-2\/dji-rs5\/","og_locale":"pt_PT","og_type":"article","og_title":"DJI RS5 - Ghostysky","og_description":"The DJI RS 5, released in January 2026, is a next-generation lightweight gimbal designed specifically for solo content creators and social media videographers. While it retains the compact form factor of its predecessors, it introduces a significant leap in motor power and AI-driven stabilization.","og_url":"https:\/\/www.ghostysky.com\/pt\/produto-2\/dji-rs5\/","og_site_name":"Ghostysky","article_publisher":"https:\/\/www.facebook.com\/people\/Ghostysky\/100057676170234\/","article_modified_time":"2026-05-08T18:31:02+00:00","og_image":[{"width":1308,"height":1308,"url":"https:\/\/www.ghostysky.com\/wp-content\/uploads\/2026\/05\/GH_DJI_RS5_1.jpg","type":"image\/jpeg"}],"twitter_card":"summary_large_image","twitter_site":"@Gh0stysky","twitter_misc":{"Tempo estimado de leitura":"2 minutos"},"schema":{"@context":"https:\/\/schema.org","@graph":[{"@type":"WebPage","@id":"https:\/\/www.ghostysky.com\/product\/dji-rs5\/","url":"https:\/\/www.ghostysky.com\/product\/dji-rs5\/","name":"DJI RS5 - Ghostysky","isPartOf":{"@id":"https:\/\/www.ghostysky.com\/#website"},"primaryImageOfPage":{"@id":"https:\/\/www.ghostysky.com\/product\/dji-rs5\/#primaryimage"},"image":{"@id":"https:\/\/www.ghostysky.com\/product\/dji-rs5\/#primaryimage"},"thumbnailUrl":"https:\/\/www.ghostysky.com\/wp-content\/uploads\/2026\/05\/GH_DJI_RS5_1.jpg","datePublished":"2026-05-08T18:30:27+00:00","dateModified":"2026-05-08T18:31:02+00:00","description":"O DJI RS 5, lan\u00e7ado em janeiro de 2026, \u00e9 um gimbal leve de \u00faltima gera\u00e7\u00e3o projetado especificamente para criadores de conte\u00fado solo e videomakers de m\u00eddias sociais. Embora mantenha o formato compacto de seus antecessores, ele apresenta um salto significativo na pot\u00eancia do motor e na estabiliza\u00e7\u00e3o com intelig\u00eancia artificial.","breadcrumb":{"@id":"https:\/\/www.ghostysky.com\/product\/dji-rs5\/#breadcrumb"},"inLanguage":"pt-PT","potentialAction":[{"@type":"ReadAction","target":["https:\/\/www.ghostysky.com\/product\/dji-rs5\/"]}]},{"@type":"ImageObject","inLanguage":"pt-PT","@id":"https:\/\/www.ghostysky.com\/product\/dji-rs5\/#primaryimage","url":"https:\/\/www.ghostysky.com\/wp-content\/uploads\/2026\/05\/GH_DJI_RS5_1.jpg","contentUrl":"https:\/\/www.ghostysky.com\/wp-content\/uploads\/2026\/05\/GH_DJI_RS5_1.jpg","width":1308,"height":1308},{"@type":"BreadcrumbList","@id":"https:\/\/www.ghostysky.com\/product\/dji-rs5\/#breadcrumb","itemListElement":[{"@type":"ListItem","position":1,"name":"Home","item":"https:\/\/www.ghostysky.com\/"},{"@type":"ListItem","position":2,"name":"Shop","item":"https:\/\/www.ghostysky.com\/shop\/"},{"@type":"ListItem","position":3,"name":"DJI RS5"}]},{"@type":"WebSite","@id":"https:\/\/www.ghostysky.com\/#website","url":"https:\/\/www.ghostysky.com\/","name":"Ghostysky","description":"Fornecendo solu\u00e7\u00f5es profissionais em drones e rob\u00f3tica.","publisher":{"@id":"https:\/\/www.ghostysky.com\/#organization"},"potentialAction":[{"@type":"SearchAction","target":{"@type":"EntryPoint","urlTemplate":"https:\/\/www.ghostysky.com\/?s={search_term_string}"},"query-input":{"@type":"PropertyValueSpecification","valueRequired":true,"valueName":"search_term_string"}}],"inLanguage":"pt-PT"},{"@type":"Organization","@id":"https:\/\/www.ghostysky.com\/#organization","name":"Ghostysky","url":"https:\/\/www.ghostysky.com\/","logo":{"@type":"ImageObject","inLanguage":"pt-PT","@id":"https:\/\/www.ghostysky.com\/#\/schema\/logo\/image\/","url":"https:\/\/www.ghostysky.com\/wp-content\/uploads\/2020\/06\/cropped-ghostyskylogo_text_white2.png","contentUrl":"https:\/\/www.ghostysky.com\/wp-content\/uploads\/2020\/06\/cropped-ghostyskylogo_text_white2.png","width":169,"height":56,"caption":"Ghostysky"},"image":{"@id":"https:\/\/www.ghostysky.com\/#\/schema\/logo\/image\/"},"sameAs":["https:\/\/www.facebook.com\/people\/Ghostysky\/100057676170234\/","https:\/\/x.com\/Gh0stysky","https:\/\/www.linkedin.com\/company\/34739653","https:\/\/www.instagram.com\/gh0stysky"]}]}},"_links":{"self":[{"href":"https:\/\/www.ghostysky.com\/pt\/wp-json\/wp\/v2\/product\/26104","targetHints":{"allow":["GET"]}}],"collection":[{"href":"https:\/\/www.ghostysky.com\/pt\/wp-json\/wp\/v2\/product"}],"about":[{"href":"https:\/\/www.ghostysky.com\/pt\/wp-json\/wp\/v2\/types\/product"}],"replies":[{"embeddable":true,"href":"https:\/\/www.ghostysky.com\/pt\/wp-json\/wp\/v2\/comments?post=26104"}],"version-history":[{"count":1,"href":"https:\/\/www.ghostysky.com\/pt\/wp-json\/wp\/v2\/product\/26104\/revisions"}],"predecessor-version":[{"id":26107,"href":"https:\/\/www.ghostysky.com\/pt\/wp-json\/wp\/v2\/product\/26104\/revisions\/26107"}],"wp:featuredmedia":[{"embeddable":true,"href":"https:\/\/www.ghostysky.com\/pt\/wp-json\/wp\/v2\/media\/26106"}],"wp:attachment":[{"href":"https:\/\/www.ghostysky.com\/pt\/wp-json\/wp\/v2\/media?parent=26104"}],"wp:term":[{"taxonomy":"product_brand","embeddable":true,"href":"https:\/\/www.ghostysky.com\/pt\/wp-json\/wp\/v2\/product_brand?post=26104"},{"taxonomy":"product_cat","embeddable":true,"href":"https:\/\/www.ghostysky.com\/pt\/wp-json\/wp\/v2\/product_cat?post=26104"},{"taxonomy":"product_tag","embeddable":true,"href":"https:\/\/www.ghostysky.com\/pt\/wp-json\/wp\/v2\/product_tag?post=26104"}],"curies":[{"name":"wp","href":"https:\/\/api.w.org\/{rel}","templated":true}]}}