{"id":26109,"date":"2026-05-08T18:33:30","date_gmt":"2026-05-08T18:33:30","guid":{"rendered":"https:\/\/www.ghostysky.com\/?post_type=product&#038;p=26109"},"modified":"2026-05-08T18:39:13","modified_gmt":"2026-05-08T18:39:13","slug":"dji-rs-5-combo","status":"publish","type":"product","link":"https:\/\/www.ghostysky.com\/pt\/product\/dji-rs-5-combo\/","title":{"rendered":"DJI RS 5 Combo"},"content":{"rendered":"<h3 data-path-to-node=\"2\"><b data-path-to-node=\"2\" data-index-in-node=\"0\">Vis\u00e3o geral: Efici\u00eancia aliada \u00e0 intelig\u00eancia<\/b><\/h3>\n<p id=\"p-rc_50e25a9004559d12-132\" data-path-to-node=\"3\"><span class=\"citation-208\">O RS 5 representa um salto significativo em rela\u00e7\u00e3o ao RS 4, apresentando um <\/span><b data-path-to-node=\"3\" data-index-in-node=\"61\"><span class=\"citation-208\">50% aumento no torque m\u00e1ximo do motor<\/span><\/b><span class=\"citation-208\"> e a estreia do <\/span><b data-path-to-node=\"3\" data-index-in-node=\"116\"><span class=\"citation-208\">Algoritmo de estabiliza\u00e7\u00e3o RS de 5\u00aa gera\u00e7\u00e3o<\/span><\/b><span class=\"citation-208 citation-end-208\">.<\/span> <span class=\"citation-207\">O Combo eleva este hardware com o <\/span><b data-path-to-node=\"3\" data-index-in-node=\"194\"><span class=\"citation-207\">M\u00f3dulo de rastreamento inteligente aprimorado<\/span><\/b><span class=\"citation-207 citation-end-207\">, permitindo selecionar e rastrear objetos diretamente da tela sens\u00edvel ao toque integrada do gimbal, sem a necessidade de um monitor externo.<\/span><\/p>\n<h3 data-path-to-node=\"4\"><b data-path-to-node=\"4\" data-index-in-node=\"0\">Caracter\u00edsticas principais<\/b><\/h3>\n<ul data-path-to-node=\"5\">\n<li>\n<p id=\"p-rc_50e25a9004559d12-133\" data-path-to-node=\"5,0,0\"><b data-path-to-node=\"5,0,0\" data-index-in-node=\"0\"><span class=\"citation-206 citation-end-206\">Capacidade de carga: 3,0 kg (6,6 lbs)<\/span><\/b><span class=\"citation-205\"> Transporta facilmente configura\u00e7\u00f5es convencionais de c\u00e2meras sem espelho (por exemplo, Sony A7S III + 24-70mm f\/2.8), apesar de pesar apenas <\/span><b data-path-to-node=\"5,0,0\" data-index-in-node=\"129\"><span class=\"citation-205\">1,46 kg<\/span><\/b><span class=\"citation-205 citation-end-205\">.<\/span><\/p>\n<\/li>\n<li>\n<p id=\"p-rc_50e25a9004559d12-134\" data-path-to-node=\"5,1,0\"><b data-path-to-node=\"5,1,0\" data-index-in-node=\"0\"><span class=\"citation-204\">Rastreamento Inteligente Aprimorado:<\/span><\/b><span class=\"citation-204 citation-end-204\"> M\u00f3dulo de IA magn\u00e9tico que rastreia pessoas, ve\u00edculos e animais de estima\u00e7\u00e3o a dist\u00e2ncias de at\u00e9 10 metros.<\/span><\/p>\n<\/li>\n<li>\n<p id=\"p-rc_50e25a9004559d12-135\" data-path-to-node=\"5,2,0\"><b data-path-to-node=\"5,2,0\" data-index-in-node=\"0\"><span class=\"citation-203\">Travas de eixo automatizadas de 2\u00aa gera\u00e7\u00e3o:<\/span><\/b><span class=\"citation-203 citation-end-203\"> O gimbal se desdobra\/dobra e trava automaticamente ao ser ligado ou desligado, tornando as transi\u00e7\u00f5es praticamente instant\u00e2neas.<\/span><\/p>\n<\/li>\n<li>\n<p id=\"p-rc_50e25a9004559d12-136\" data-path-to-node=\"5,3,0\"><b data-path-to-node=\"5,3,0\" data-index-in-node=\"0\">Captura vertical nativa de 3\u00aa gera\u00e7\u00e3o:<\/b><span class=\"citation-202 citation-end-202\"> Alterne para o modo vertical para TikTok ou Reels em segundos, simplesmente remontando a placa horizontal \u2014 sem necessidade de acess\u00f3rios adicionais.<\/span><\/p>\n<\/li>\n<li>\n<p id=\"p-rc_50e25a9004559d12-137\" data-path-to-node=\"5,4,0\"><b data-path-to-node=\"5,4,0\" data-index-in-node=\"0\"><span class=\"citation-201\">Indicador do eixo Z:<\/span><\/b><span class=\"citation-201 citation-end-201\"> Um novo sistema de feedback visual na tela que ajuda voc\u00ea a ajustar sua marcha para eliminar o &quot;quique&quot; ao caminhar em suas filmagens.<\/span><\/p>\n<p>&nbsp;<\/li>\n<\/ul>\n<h3 data-path-to-node=\"7\"><b data-path-to-node=\"7\" data-index-in-node=\"0\">O que tem dentro do &quot;Combo&quot;?<\/b><\/h3>\n<p data-path-to-node=\"8\">Embora o RS 5 padr\u00e3o inclua o b\u00e1sico, o <b data-path-to-node=\"8\" data-index-in-node=\"49\">Combo<\/b> \u00c9 a vers\u00e3o \u201cpronta para produ\u00e7\u00e3o\u201d. Ela inclui diversos acess\u00f3rios essenciais:<\/p>\n<table data-path-to-node=\"9\">\n<thead>\n<tr>\n<td><strong>Acess\u00f3rio<\/strong><\/td>\n<td><strong>Prop\u00f3sito<\/strong><\/td>\n<\/tr>\n<\/thead>\n<tbody>\n<tr>\n<td><span data-path-to-node=\"9,1,0,0\"><b data-path-to-node=\"9,1,0,0\" data-index-in-node=\"0\">M\u00f3dulo de rastreamento inteligente aprimorado<\/b><\/span><\/td>\n<td><span data-path-to-node=\"9,1,1,0\">Permite a sele\u00e7\u00e3o e o rastreamento de objetos por IA diretamente na tela do gimbal.<\/span><\/td>\n<\/tr>\n<tr>\n<td><span data-path-to-node=\"9,2,0,0\"><b data-path-to-node=\"9,2,0,0\" data-index-in-node=\"0\">Al\u00e7a eletr\u00f4nica para maleta<\/b><\/span><\/td>\n<td><span data-path-to-node=\"9,2,1,0\">Oferece ergonomia para \u00e2ngulos baixos e controle remoto do gimbal\/c\u00e2mera por meio de um joystick integrado.<\/span><\/td>\n<\/tr>\n<tr>\n<td><span data-path-to-node=\"9,3,0,0\"><b data-path-to-node=\"9,3,0,0\" data-index-in-node=\"0\">Motor Focus Pro (Compatibilidade)<\/b><\/span><\/td>\n<td><span data-path-to-node=\"9,3,1,0\">Suporta configura\u00e7\u00f5es de motor duplo para controle simult\u00e2neo de zoom e foco.<\/span><\/td>\n<\/tr>\n<tr>\n<td><span data-path-to-node=\"9,4,0,0\"><b data-path-to-node=\"9,4,0,0\" data-index-in-node=\"0\">Estojo de transporte<\/b><\/span><\/td>\n<td><span data-path-to-node=\"9,4,1,0\">Uma capa acolchoada espec\u00edfica para o gimbal e todos os acess\u00f3rios inclu\u00eddos.<\/span><\/td>\n<\/tr>\n<tr>\n<td><span data-path-to-node=\"9,5,0,0\"><b data-path-to-node=\"9,5,0,0\" data-index-in-node=\"0\">Cabo de controle multic\u00e2mera em formato de L<\/b><\/span><\/td>\n<td><span data-path-to-node=\"9,5,1,0\">Otimizado para uma gest\u00e3o de cabos mais organizada.<\/span><\/td>\n<\/tr>\n<\/tbody>\n<\/table>\n<p>&nbsp;<\/p>\n<h3 data-path-to-node=\"11\"><b data-path-to-node=\"11\" data-index-in-node=\"0\">Bateria e energia<\/b><\/h3>\n<p id=\"p-rc_50e25a9004559d12-138\" data-path-to-node=\"12\"><span class=\"citation-200 citation-end-200\">O RS 5 apresenta um sistema de energia refinado que prioriza respostas r\u00e1pidas:<\/span><\/p>\n<ul data-path-to-node=\"13\">\n<li>\n<p id=\"p-rc_50e25a9004559d12-139\" data-path-to-node=\"13,0,0\"><b data-path-to-node=\"13,0,0\" data-index-in-node=\"0\"><span class=\"citation-199\">Dura\u00e7\u00e3o de 14 horas:<\/span><\/b><span class=\"citation-199 citation-end-199\"> Fornecido pelo punho de bateria padr\u00e3o BG33.<\/span><\/p>\n<\/li>\n<li>\n<p id=\"p-rc_50e25a9004559d12-140\" data-path-to-node=\"13,1,0\"><b data-path-to-node=\"13,1,0\" data-index-in-node=\"0\">Carregamento r\u00e1pido:<\/b><span class=\"citation-198\"> Atinge um <\/span><b data-path-to-node=\"13,1,0\" data-index-in-node=\"25\"><span class=\"citation-198\">Carregue o modelo 100% em apenas 1 hora.<\/span><\/b><span class=\"citation-198 citation-end-198\"> (uma melhoria 60% em rela\u00e7\u00e3o \u00e0 gera\u00e7\u00e3o anterior).<\/span><\/p>\n<\/li>\n<li>\n<p id=\"p-rc_50e25a9004559d12-141\" data-path-to-node=\"13,2,0\"><b data-path-to-node=\"13,2,0\" data-index-in-node=\"0\"><span class=\"citation-197\">Op\u00e7\u00e3o de alta capacidade:<\/span><\/b><span class=\"citation-197\"> Compat\u00edvel com o punho RS BG70, que estende o tempo de funcionamento para um m\u00e1ximo de... <\/span><b data-path-to-node=\"13,2,0\" data-index-in-node=\"91\"><span class=\"citation-197\">30 horas<\/span><\/b><span class=\"citation-197 citation-end-197\">.<\/span><\/p>\n<p>&nbsp;<\/li>\n<\/ul>\n<h3 data-path-to-node=\"15\"><b data-path-to-node=\"15\" data-index-in-node=\"0\">Suporte ampliado ao ecossistema<\/b><\/h3>\n<p id=\"p-rc_50e25a9004559d12-142\" data-path-to-node=\"16\">O RS 5 Combo funciona como um hub para todo o seu sistema de som. <span class=\"citation-196\">Agora apresenta <\/span><b data-path-to-node=\"16\" data-index-in-node=\"66\"><span class=\"citation-196\">Suporte para obturador Bluetooth<\/span><\/b><span class=\"citation-196\"> para mais marcas, incluindo <\/span><b data-path-to-node=\"16\" data-index-in-node=\"119\"><span class=\"citation-196\">Panasonic e Fujifilm<\/span><\/b><span class=\"citation-196 citation-end-196\">, juntamente com Sony, Canon e Nikon.<\/span> <span class=\"citation-195\">Ele tamb\u00e9m se integra nativamente com o <\/span><b data-path-to-node=\"16\" data-index-in-node=\"214\"><span class=\"citation-195\">Transmiss\u00e3o SDR da DJI<\/span><\/b><span class=\"citation-195 citation-end-195\"> Sistema para monitoramento ao vivo em alta defini\u00e7\u00e3o e controle remoto de gimbal.<\/span><\/p>","protected":false},"excerpt":{"rendered":"<p><span class=\"citation-210\">O <\/span><b data-path-to-node=\"0\" data-index-in-node=\"4\"><span class=\"citation-210\">DJI RS 5 Combo<\/span><\/b><span class=\"citation-210 citation-end-210\"> \u00c9 a vers\u00e3o profissional do estabilizador comercial leve da DJI, com lan\u00e7amento previsto para o in\u00edcio de 2026.<\/span> <span class=\"citation-209 citation-end-209\">Este kit foi projetado especificamente para criadores independentes e cinegrafistas h\u00edbridos que precisam de mais do que apenas estabiliza\u00e7\u00e3o \u2014 ele adiciona rastreamento avan\u00e7ado por IA e ferramentas de controle ergon\u00f4mico que n\u00e3o est\u00e3o inclu\u00eddas na vers\u00e3o independente.<\/span><\/p>","protected":false},"featured_media":26110,"comment_status":"open","ping_status":"closed","template":"","meta":[],"product_brand":[1031],"product_cat":[1301,1452],"product_tag":[42,1454],"class_list":{"0":"post-26109","1":"product","2":"type-product","3":"status-publish","4":"has-post-thumbnail","6":"product_brand-dji","7":"product_cat-dji-handled","8":"product_cat-rs5","9":"product_tag-dji","10":"product_tag-dji-rs5","12":"first","13":"outofstock","14":"taxable","15":"shipping-taxable","16":"purchasable","17":"product-type-simple"},"yoast_head":"<!-- This site is optimized with the Yoast SEO plugin v27.4 - https:\/\/yoast.com\/product\/yoast-seo-wordpress\/ -->\n<title>DJI RS 5 Combo - Ghostysky<\/title>\n<meta name=\"description\" content=\"The DJI RS 5 Combo is the professional expansion of DJI\u2019s lightweight commercial stabilizer, released in early 2026. This kit is specifically designed for solo creators and hybrid shooters who need more than just stabilization\u2014it adds advanced AI tracking and ergonomic control tools that aren&#039;t included in the standalone version.\" \/>\n<meta name=\"robots\" content=\"index, follow, max-snippet:-1, max-image-preview:large, max-video-preview:-1\" \/>\n<link rel=\"canonical\" href=\"https:\/\/www.ghostysky.com\/pt\/produto-2\/dji-rs-5-combo\/\" \/>\n<meta property=\"og:locale\" content=\"pt_PT\" \/>\n<meta property=\"og:type\" content=\"article\" \/>\n<meta property=\"og:title\" content=\"DJI RS 5 Combo - Ghostysky\" \/>\n<meta property=\"og:description\" content=\"The DJI RS 5 Combo is the professional expansion of DJI\u2019s lightweight commercial stabilizer, released in early 2026. This kit is specifically designed for solo creators and hybrid shooters who need more than just stabilization\u2014it adds advanced AI tracking and ergonomic control tools that aren&#039;t included in the standalone version.\" \/>\n<meta property=\"og:url\" content=\"https:\/\/www.ghostysky.com\/pt\/produto-2\/dji-rs-5-combo\/\" \/>\n<meta property=\"og:site_name\" content=\"Ghostysky\" \/>\n<meta property=\"article:publisher\" content=\"https:\/\/www.facebook.com\/people\/Ghostysky\/100057676170234\/\" \/>\n<meta property=\"article:modified_time\" content=\"2026-05-08T18:39:13+00:00\" \/>\n<meta property=\"og:image\" content=\"https:\/\/www.ghostysky.com\/wp-content\/uploads\/2026\/05\/GH_DJI_RS5_Combo_1.jpg\" \/>\n\t<meta property=\"og:image:width\" content=\"1308\" \/>\n\t<meta property=\"og:image:height\" content=\"1308\" \/>\n\t<meta property=\"og:image:type\" content=\"image\/jpeg\" \/>\n<meta name=\"twitter:card\" content=\"summary_large_image\" \/>\n<meta name=\"twitter:site\" content=\"@Gh0stysky\" \/>\n<meta name=\"twitter:label1\" content=\"Tempo estimado de leitura\" \/>\n\t<meta name=\"twitter:data1\" content=\"2 minutos\" \/>\n<script type=\"application\/ld+json\" class=\"yoast-schema-graph\">{\"@context\":\"https:\\\/\\\/schema.org\",\"@graph\":[{\"@type\":\"WebPage\",\"@id\":\"https:\\\/\\\/www.ghostysky.com\\\/product\\\/dji-rs-5-combo\\\/\",\"url\":\"https:\\\/\\\/www.ghostysky.com\\\/product\\\/dji-rs-5-combo\\\/\",\"name\":\"DJI RS 5 Combo - Ghostysky\",\"isPartOf\":{\"@id\":\"https:\\\/\\\/www.ghostysky.com\\\/#website\"},\"primaryImageOfPage\":{\"@id\":\"https:\\\/\\\/www.ghostysky.com\\\/product\\\/dji-rs-5-combo\\\/#primaryimage\"},\"image\":{\"@id\":\"https:\\\/\\\/www.ghostysky.com\\\/product\\\/dji-rs-5-combo\\\/#primaryimage\"},\"thumbnailUrl\":\"https:\\\/\\\/www.ghostysky.com\\\/wp-content\\\/uploads\\\/2026\\\/05\\\/GH_DJI_RS5_Combo_1.jpg\",\"datePublished\":\"2026-05-08T18:33:30+00:00\",\"dateModified\":\"2026-05-08T18:39:13+00:00\",\"description\":\"The DJI RS 5 Combo is the professional expansion of DJI\u2019s lightweight commercial stabilizer, released in early 2026. This kit is specifically designed for solo creators and hybrid shooters who need more than just stabilization\u2014it adds advanced AI tracking and ergonomic control tools that aren't included in the standalone version.\",\"breadcrumb\":{\"@id\":\"https:\\\/\\\/www.ghostysky.com\\\/product\\\/dji-rs-5-combo\\\/#breadcrumb\"},\"inLanguage\":\"pt-PT\",\"potentialAction\":[{\"@type\":\"ReadAction\",\"target\":[\"https:\\\/\\\/www.ghostysky.com\\\/product\\\/dji-rs-5-combo\\\/\"]}]},{\"@type\":\"ImageObject\",\"inLanguage\":\"pt-PT\",\"@id\":\"https:\\\/\\\/www.ghostysky.com\\\/product\\\/dji-rs-5-combo\\\/#primaryimage\",\"url\":\"https:\\\/\\\/www.ghostysky.com\\\/wp-content\\\/uploads\\\/2026\\\/05\\\/GH_DJI_RS5_Combo_1.jpg\",\"contentUrl\":\"https:\\\/\\\/www.ghostysky.com\\\/wp-content\\\/uploads\\\/2026\\\/05\\\/GH_DJI_RS5_Combo_1.jpg\",\"width\":1308,\"height\":1308},{\"@type\":\"BreadcrumbList\",\"@id\":\"https:\\\/\\\/www.ghostysky.com\\\/product\\\/dji-rs-5-combo\\\/#breadcrumb\",\"itemListElement\":[{\"@type\":\"ListItem\",\"position\":1,\"name\":\"Home\",\"item\":\"https:\\\/\\\/www.ghostysky.com\\\/\"},{\"@type\":\"ListItem\",\"position\":2,\"name\":\"Shop\",\"item\":\"https:\\\/\\\/www.ghostysky.com\\\/shop\\\/\"},{\"@type\":\"ListItem\",\"position\":3,\"name\":\"DJI RS 5 Combo\"}]},{\"@type\":\"WebSite\",\"@id\":\"https:\\\/\\\/www.ghostysky.com\\\/#website\",\"url\":\"https:\\\/\\\/www.ghostysky.com\\\/\",\"name\":\"Ghostysky\",\"description\":\"Delivering professional drones and robotics solutions\",\"publisher\":{\"@id\":\"https:\\\/\\\/www.ghostysky.com\\\/#organization\"},\"potentialAction\":[{\"@type\":\"SearchAction\",\"target\":{\"@type\":\"EntryPoint\",\"urlTemplate\":\"https:\\\/\\\/www.ghostysky.com\\\/?s={search_term_string}\"},\"query-input\":{\"@type\":\"PropertyValueSpecification\",\"valueRequired\":true,\"valueName\":\"search_term_string\"}}],\"inLanguage\":\"pt-PT\"},{\"@type\":\"Organization\",\"@id\":\"https:\\\/\\\/www.ghostysky.com\\\/#organization\",\"name\":\"Ghostysky\",\"url\":\"https:\\\/\\\/www.ghostysky.com\\\/\",\"logo\":{\"@type\":\"ImageObject\",\"inLanguage\":\"pt-PT\",\"@id\":\"https:\\\/\\\/www.ghostysky.com\\\/#\\\/schema\\\/logo\\\/image\\\/\",\"url\":\"https:\\\/\\\/www.ghostysky.com\\\/wp-content\\\/uploads\\\/2020\\\/06\\\/cropped-ghostyskylogo_text_white2.png\",\"contentUrl\":\"https:\\\/\\\/www.ghostysky.com\\\/wp-content\\\/uploads\\\/2020\\\/06\\\/cropped-ghostyskylogo_text_white2.png\",\"width\":169,\"height\":56,\"caption\":\"Ghostysky\"},\"image\":{\"@id\":\"https:\\\/\\\/www.ghostysky.com\\\/#\\\/schema\\\/logo\\\/image\\\/\"},\"sameAs\":[\"https:\\\/\\\/www.facebook.com\\\/people\\\/Ghostysky\\\/100057676170234\\\/\",\"https:\\\/\\\/x.com\\\/Gh0stysky\",\"https:\\\/\\\/www.linkedin.com\\\/company\\\/34739653\",\"https:\\\/\\\/www.instagram.com\\\/gh0stysky\"]}]}<\/script>\n<!-- \/ Yoast SEO plugin. -->","yoast_head_json":{"title":"DJI RS 5 Combo - Ghostysky","description":"O DJI RS 5 Combo \u00e9 a vers\u00e3o profissional do estabilizador comercial leve da DJI, lan\u00e7ado no in\u00edcio de 2026. Este kit foi projetado especificamente para criadores de conte\u00fado independentes e cinegrafistas h\u00edbridos que precisam de mais do que apenas estabiliza\u00e7\u00e3o \u2014 ele adiciona rastreamento avan\u00e7ado por IA e ferramentas de controle ergon\u00f4micas que n\u00e3o est\u00e3o inclu\u00eddas na vers\u00e3o independente.","robots":{"index":"index","follow":"follow","max-snippet":"max-snippet:-1","max-image-preview":"max-image-preview:large","max-video-preview":"max-video-preview:-1"},"canonical":"https:\/\/www.ghostysky.com\/pt\/produto-2\/dji-rs-5-combo\/","og_locale":"pt_PT","og_type":"article","og_title":"DJI RS 5 Combo - Ghostysky","og_description":"The DJI RS 5 Combo is the professional expansion of DJI\u2019s lightweight commercial stabilizer, released in early 2026. This kit is specifically designed for solo creators and hybrid shooters who need more than just stabilization\u2014it adds advanced AI tracking and ergonomic control tools that aren't included in the standalone version.","og_url":"https:\/\/www.ghostysky.com\/pt\/produto-2\/dji-rs-5-combo\/","og_site_name":"Ghostysky","article_publisher":"https:\/\/www.facebook.com\/people\/Ghostysky\/100057676170234\/","article_modified_time":"2026-05-08T18:39:13+00:00","og_image":[{"width":1308,"height":1308,"url":"https:\/\/www.ghostysky.com\/wp-content\/uploads\/2026\/05\/GH_DJI_RS5_Combo_1.jpg","type":"image\/jpeg"}],"twitter_card":"summary_large_image","twitter_site":"@Gh0stysky","twitter_misc":{"Tempo estimado de leitura":"2 minutos"},"schema":{"@context":"https:\/\/schema.org","@graph":[{"@type":"WebPage","@id":"https:\/\/www.ghostysky.com\/product\/dji-rs-5-combo\/","url":"https:\/\/www.ghostysky.com\/product\/dji-rs-5-combo\/","name":"DJI RS 5 Combo - Ghostysky","isPartOf":{"@id":"https:\/\/www.ghostysky.com\/#website"},"primaryImageOfPage":{"@id":"https:\/\/www.ghostysky.com\/product\/dji-rs-5-combo\/#primaryimage"},"image":{"@id":"https:\/\/www.ghostysky.com\/product\/dji-rs-5-combo\/#primaryimage"},"thumbnailUrl":"https:\/\/www.ghostysky.com\/wp-content\/uploads\/2026\/05\/GH_DJI_RS5_Combo_1.jpg","datePublished":"2026-05-08T18:33:30+00:00","dateModified":"2026-05-08T18:39:13+00:00","description":"O DJI RS 5 Combo \u00e9 a vers\u00e3o profissional do estabilizador comercial leve da DJI, lan\u00e7ado no in\u00edcio de 2026. Este kit foi projetado especificamente para criadores de conte\u00fado independentes e cinegrafistas h\u00edbridos que precisam de mais do que apenas estabiliza\u00e7\u00e3o \u2014 ele adiciona rastreamento avan\u00e7ado por IA e ferramentas de controle ergon\u00f4micas que n\u00e3o est\u00e3o inclu\u00eddas na vers\u00e3o independente.","breadcrumb":{"@id":"https:\/\/www.ghostysky.com\/product\/dji-rs-5-combo\/#breadcrumb"},"inLanguage":"pt-PT","potentialAction":[{"@type":"ReadAction","target":["https:\/\/www.ghostysky.com\/product\/dji-rs-5-combo\/"]}]},{"@type":"ImageObject","inLanguage":"pt-PT","@id":"https:\/\/www.ghostysky.com\/product\/dji-rs-5-combo\/#primaryimage","url":"https:\/\/www.ghostysky.com\/wp-content\/uploads\/2026\/05\/GH_DJI_RS5_Combo_1.jpg","contentUrl":"https:\/\/www.ghostysky.com\/wp-content\/uploads\/2026\/05\/GH_DJI_RS5_Combo_1.jpg","width":1308,"height":1308},{"@type":"BreadcrumbList","@id":"https:\/\/www.ghostysky.com\/product\/dji-rs-5-combo\/#breadcrumb","itemListElement":[{"@type":"ListItem","position":1,"name":"Home","item":"https:\/\/www.ghostysky.com\/"},{"@type":"ListItem","position":2,"name":"Shop","item":"https:\/\/www.ghostysky.com\/shop\/"},{"@type":"ListItem","position":3,"name":"DJI RS 5 Combo"}]},{"@type":"WebSite","@id":"https:\/\/www.ghostysky.com\/#website","url":"https:\/\/www.ghostysky.com\/","name":"Ghostysky","description":"Fornecendo solu\u00e7\u00f5es profissionais em drones e rob\u00f3tica.","publisher":{"@id":"https:\/\/www.ghostysky.com\/#organization"},"potentialAction":[{"@type":"SearchAction","target":{"@type":"EntryPoint","urlTemplate":"https:\/\/www.ghostysky.com\/?s={search_term_string}"},"query-input":{"@type":"PropertyValueSpecification","valueRequired":true,"valueName":"search_term_string"}}],"inLanguage":"pt-PT"},{"@type":"Organization","@id":"https:\/\/www.ghostysky.com\/#organization","name":"Ghostysky","url":"https:\/\/www.ghostysky.com\/","logo":{"@type":"ImageObject","inLanguage":"pt-PT","@id":"https:\/\/www.ghostysky.com\/#\/schema\/logo\/image\/","url":"https:\/\/www.ghostysky.com\/wp-content\/uploads\/2020\/06\/cropped-ghostyskylogo_text_white2.png","contentUrl":"https:\/\/www.ghostysky.com\/wp-content\/uploads\/2020\/06\/cropped-ghostyskylogo_text_white2.png","width":169,"height":56,"caption":"Ghostysky"},"image":{"@id":"https:\/\/www.ghostysky.com\/#\/schema\/logo\/image\/"},"sameAs":["https:\/\/www.facebook.com\/people\/Ghostysky\/100057676170234\/","https:\/\/x.com\/Gh0stysky","https:\/\/www.linkedin.com\/company\/34739653","https:\/\/www.instagram.com\/gh0stysky"]}]}},"_links":{"self":[{"href":"https:\/\/www.ghostysky.com\/pt\/wp-json\/wp\/v2\/product\/26109","targetHints":{"allow":["GET"]}}],"collection":[{"href":"https:\/\/www.ghostysky.com\/pt\/wp-json\/wp\/v2\/product"}],"about":[{"href":"https:\/\/www.ghostysky.com\/pt\/wp-json\/wp\/v2\/types\/product"}],"replies":[{"embeddable":true,"href":"https:\/\/www.ghostysky.com\/pt\/wp-json\/wp\/v2\/comments?post=26109"}],"version-history":[{"count":1,"href":"https:\/\/www.ghostysky.com\/pt\/wp-json\/wp\/v2\/product\/26109\/revisions"}],"predecessor-version":[{"id":26112,"href":"https:\/\/www.ghostysky.com\/pt\/wp-json\/wp\/v2\/product\/26109\/revisions\/26112"}],"wp:featuredmedia":[{"embeddable":true,"href":"https:\/\/www.ghostysky.com\/pt\/wp-json\/wp\/v2\/media\/26110"}],"wp:attachment":[{"href":"https:\/\/www.ghostysky.com\/pt\/wp-json\/wp\/v2\/media?parent=26109"}],"wp:term":[{"taxonomy":"product_brand","embeddable":true,"href":"https:\/\/www.ghostysky.com\/pt\/wp-json\/wp\/v2\/product_brand?post=26109"},{"taxonomy":"product_cat","embeddable":true,"href":"https:\/\/www.ghostysky.com\/pt\/wp-json\/wp\/v2\/product_cat?post=26109"},{"taxonomy":"product_tag","embeddable":true,"href":"https:\/\/www.ghostysky.com\/pt\/wp-json\/wp\/v2\/product_tag?post=26109"}],"curies":[{"name":"wp","href":"https:\/\/api.w.org\/{rel}","templated":true}]}}