{"id":26114,"date":"2026-05-08T18:43:43","date_gmt":"2026-05-08T18:43:43","guid":{"rendered":"https:\/\/www.ghostysky.com\/?post_type=product&#038;p=26114"},"modified":"2026-05-08T18:48:48","modified_gmt":"2026-05-08T18:48:48","slug":"dji-rs-bg33-battery-grip","status":"publish","type":"product","link":"https:\/\/www.ghostysky.com\/pt\/product\/dji-rs-bg33-battery-grip\/","title":{"rendered":"Punho de bateria DJI RS BG33"},"content":{"rendered":"<h3 data-path-to-node=\"2\"><b data-path-to-node=\"2\" data-index-in-node=\"0\">Caracter\u00edsticas principais<\/b><\/h3>\n<ul data-path-to-node=\"3\">\n<li>\n<p id=\"p-rc_e5731d622d420add-156\" data-path-to-node=\"3,0,0\"><b data-path-to-node=\"3,0,0\" data-index-in-node=\"0\"><span class=\"citation-251\">Autonomia estendida de 14 horas:<\/span><\/b><span class=\"citation-251\"> Entrega at\u00e9 <\/span><b data-path-to-node=\"3,0,0\" data-index-in-node=\"41\"><span class=\"citation-251\">14 horas<\/span><\/b><span class=\"citation-251 citation-end-251\"> Com um tempo de espera de [inserir tempo em modo de espera aqui] (testado com um gimbal equilibrado e estacion\u00e1rio), \u00e9 ideal para casamentos de dia inteiro, document\u00e1rios ou filmagens comerciais.<\/span><\/p>\n<\/li>\n<li>\n<p id=\"p-rc_e5731d622d420add-157\" data-path-to-node=\"3,1,0\"><b data-path-to-node=\"3,1,0\" data-index-in-node=\"0\">Carregamento r\u00e1pido PD:<\/b><span class=\"citation-250 citation-end-250\"> Suporta fornecimento de energia em alta velocidade.<\/span> <span class=\"citation-249\">Ao usar um <\/span><b data-path-to-node=\"3,1,0\" data-index-in-node=\"73\"><span class=\"citation-249\">Carregador PD de 65 W<\/span><\/b><span class=\"citation-249\">, a ader\u00eancia pode ser totalmente reposta em apenas <\/span><b data-path-to-node=\"3,1,0\" data-index-in-node=\"131\"><span class=\"citation-249\">1 hora<\/span><\/b><span class=\"citation-249 citation-end-249\">, permitindo que voc\u00ea volte ao trabalho mais rapidamente.<\/span><\/p>\n<\/li>\n<li>\n<p id=\"p-rc_e5731d622d420add-158\" data-path-to-node=\"3,2,0\"><b data-path-to-node=\"3,2,0\" data-index-in-node=\"0\"><span class=\"citation-248\">Design Integrado:<\/span><\/b><span class=\"citation-248 citation-end-248\"> Combina as c\u00e9lulas da bateria e a empunhadura em uma \u00fanica unidade elegante que desliza facilmente na porta de montagem do gimbal.<\/span><\/p>\n<\/li>\n<li>\n<p id=\"p-rc_e5731d622d420add-159\" data-path-to-node=\"3,3,0\"><b data-path-to-node=\"3,3,0\" data-index-in-node=\"0\">Carregamento vers\u00e1til:<\/b><span class=\"citation-247 citation-end-247\"> Possui uma porta USB-C dedicada, permitindo carregar o grip independentemente do gimbal.<\/span><\/p>\n<p>&nbsp;<\/li>\n<\/ul>\n<h3 data-path-to-node=\"5\"><b data-path-to-node=\"5\" data-index-in-node=\"0\">Especifica\u00e7\u00f5es t\u00e9cnicas<\/b><\/h3>\n<table data-path-to-node=\"6\">\n<thead>\n<tr>\n<td><strong>Recurso<\/strong><\/td>\n<td><strong>Especifica\u00e7\u00f5es<\/strong><\/td>\n<\/tr>\n<\/thead>\n<tbody>\n<tr>\n<td><span data-path-to-node=\"6,1,0,0\"><b data-path-to-node=\"6,1,0,0\" data-index-in-node=\"0\">Capacidade<\/b><\/span><\/td>\n<td><span data-path-to-node=\"6,1,1,0\">2150 mAh<\/span><\/td>\n<\/tr>\n<tr>\n<td><span data-path-to-node=\"6,2,0,0\"><b data-path-to-node=\"6,2,0,0\" data-index-in-node=\"0\">Setor da Energia<\/b><\/span><\/td>\n<td><span data-path-to-node=\"6,2,1,0\">33,29 Wh<\/span><\/td>\n<\/tr>\n<tr>\n<td><span data-path-to-node=\"6,3,0,0\"><b data-path-to-node=\"6,3,0,0\" data-index-in-node=\"0\">Alcance de voltagem<\/b><\/span><\/td>\n<td><span data-path-to-node=\"6,3,1,0\">11,2 V a 17,8 V<\/span><\/td>\n<\/tr>\n<tr>\n<td><span data-path-to-node=\"6,4,0,0\"><b data-path-to-node=\"6,4,0,0\" data-index-in-node=\"0\">Entrada de carregamento<\/b><\/span><\/td>\n<td><span data-path-to-node=\"6,4,1,0\">USB-C (5V\/3A, 9V\/3A, 12V\/3A, 15V\/3A, 20V\/3A)<\/span><\/td>\n<\/tr>\n<tr>\n<td><span data-path-to-node=\"6,5,0,0\"><b data-path-to-node=\"6,5,0,0\" data-index-in-node=\"0\">Tempo de carga completa<\/b><\/span><\/td>\n<td><span data-path-to-node=\"6,5,1,0\">Aproximadamente 1 hora (com carregador PD de 65 W)<\/span><\/td>\n<\/tr>\n<tr>\n<td><span data-path-to-node=\"6,6,0,0\"><b data-path-to-node=\"6,6,0,0\" data-index-in-node=\"0\">Peso<\/b><\/span><\/td>\n<td><span data-path-to-node=\"6,6,1,0\">Aproximadamente. 310g<\/span><\/td>\n<\/tr>\n<\/tbody>\n<\/table>\n<p>&nbsp;<\/p>\n<h3 data-path-to-node=\"8\"><b data-path-to-node=\"8\" data-index-in-node=\"0\">Compatibilidade<\/b><\/h3>\n<p id=\"p-rc_e5731d622d420add-160\" data-path-to-node=\"9\"><span class=\"citation-246\">Embora tenha sido lan\u00e7ado principalmente junto com o <\/span><b data-path-to-node=\"9\" data-index-in-node=\"39\"><span class=\"citation-246\">DJI RS 5<\/span><\/b><span class=\"citation-246 citation-end-246\">, O BG33 mant\u00e9m um alto n\u00edvel de compatibilidade cruzada dentro do ecossistema Ronin.<\/span> \u00c9 oficialmente compat\u00edvel com:<\/p>\n<ul data-path-to-node=\"10\">\n<li>\n<p data-path-to-node=\"10,0,0\"><b data-path-to-node=\"10,0,0\" data-index-in-node=\"0\">DJI RS 5<\/b><\/p>\n<\/li>\n<li>\n<p id=\"p-rc_e5731d622d420add-161\" data-path-to-node=\"10,1,0\"><b data-path-to-node=\"10,1,0\" data-index-in-node=\"0\"><span class=\"citation-245 citation-end-245\">DJI RS 4 Pro<\/span><\/b><\/p>\n<\/li>\n<li>\n<p id=\"p-rc_e5731d622d420add-162\" data-path-to-node=\"10,2,0\"><b data-path-to-node=\"10,2,0\" data-index-in-node=\"0\"><span class=\"citation-244 citation-end-244\">DJI RS 4<\/span><\/b><\/p>\n<\/li>\n<li>\n<p data-path-to-node=\"10,3,0\"><b data-path-to-node=\"10,3,0\" data-index-in-node=\"0\">DJI RS 3 Pro<\/b><\/p>\n<\/li>\n<li>\n<p id=\"p-rc_e5731d622d420add-163\" data-path-to-node=\"10,4,0\"><b data-path-to-node=\"10,4,0\" data-index-in-node=\"0\"><span class=\"citation-243 citation-end-243 interactive-span-hovered\">DJI RS 3<\/span><\/b><\/p>\n<\/li>\n<li>\n<p id=\"p-rc_e5731d622d420add-164\" data-path-to-node=\"10,5,0\"><b data-path-to-node=\"10,5,0\" data-index-in-node=\"0\"><span class=\"citation-242 citation-end-242 interactive-span-hovered\">DJI RS 2<\/span><\/b><\/p>\n<\/li>\n<\/ul>\n<blockquote data-path-to-node=\"11\">\n<p id=\"p-rc_e5731d622d420add-165\" data-path-to-node=\"11,0\"><b data-path-to-node=\"11,0\" data-index-in-node=\"0\">Observa\u00e7\u00e3o:<\/b><span class=\"citation-241 citation-end-241\"> O tempo de espera varia dependendo do peso do seu equipamento de c\u00e2mera e do equil\u00edbrio do gimbal.<\/span> Para obter o melhor desempenho, certifique-se sempre de que as travas dos eixos estejam devidamente ajustadas.<\/p>\n<\/blockquote>","protected":false},"excerpt":{"rendered":"<p><span class=\"citation-253\">O <\/span><b data-path-to-node=\"0\" data-index-in-node=\"4\"><span class=\"citation-253\">Punho de bateria DJI RS BG33<\/span><\/b><span class=\"citation-253 citation-end-253\"> \u00c9 uma solu\u00e7\u00e3o de energia de alto desempenho projetada para manter seu ritmo criativo em alta.<\/span> <span class=\"citation-252 citation-end-252\">Otimizado especificamente para a \u00faltima gera\u00e7\u00e3o de estabilizadores DJI, este punho serve tanto como fonte de alimenta\u00e7\u00e3o principal quanto como al\u00e7a ergon\u00f4mica, garantindo que voc\u00ea possa filmar o dia todo sem se preocupar com a bateria fraca.<\/span><\/p>","protected":false},"featured_media":26118,"comment_status":"open","ping_status":"closed","template":"","meta":[],"product_brand":[1031],"product_cat":[1301,1453],"product_tag":[1454,1455],"class_list":{"0":"post-26114","1":"product","2":"type-product","3":"status-publish","4":"has-post-thumbnail","6":"product_brand-dji","7":"product_cat-dji-handled","8":"product_cat-dji-rs5-accessories","9":"product_tag-dji-rs5","10":"product_tag-rs5-accessories","12":"first","13":"outofstock","14":"taxable","15":"shipping-taxable","16":"purchasable","17":"product-type-simple"},"yoast_head":"<!-- This site is optimized with the Yoast SEO plugin v27.4 - https:\/\/yoast.com\/product\/yoast-seo-wordpress\/ -->\n<title>DJI RS BG33 Battery Grip - Ghostysky<\/title>\n<meta name=\"description\" content=\"The DJI RS BG33 Battery Grip is a high-performance power solution designed to keep your creative momentum going. Specifically optimized for the latest generation of DJI stabilizers, this grip serves as both a primary power source and an ergonomic handle, ensuring you can shoot all day without the &quot;low battery&quot; anxiety.\" \/>\n<meta name=\"robots\" content=\"index, follow, max-snippet:-1, max-image-preview:large, max-video-preview:-1\" \/>\n<link rel=\"canonical\" href=\"https:\/\/www.ghostysky.com\/pt\/produto-2\/dji-rs-bg33-battery-grip\/\" \/>\n<meta property=\"og:locale\" content=\"pt_PT\" \/>\n<meta property=\"og:type\" content=\"article\" \/>\n<meta property=\"og:title\" content=\"DJI RS BG33 Battery Grip - Ghostysky\" \/>\n<meta property=\"og:description\" content=\"The DJI RS BG33 Battery Grip is a high-performance power solution designed to keep your creative momentum going. Specifically optimized for the latest generation of DJI stabilizers, this grip serves as both a primary power source and an ergonomic handle, ensuring you can shoot all day without the &quot;low battery&quot; anxiety.\" \/>\n<meta property=\"og:url\" content=\"https:\/\/www.ghostysky.com\/pt\/produto-2\/dji-rs-bg33-battery-grip\/\" \/>\n<meta property=\"og:site_name\" content=\"Ghostysky\" \/>\n<meta property=\"article:publisher\" content=\"https:\/\/www.facebook.com\/people\/Ghostysky\/100057676170234\/\" \/>\n<meta property=\"article:modified_time\" content=\"2026-05-08T18:48:48+00:00\" \/>\n<meta property=\"og:image\" content=\"https:\/\/www.ghostysky.com\/wp-content\/uploads\/2026\/05\/GH_DJI-RS-BG33-Battery-Grip_1.jpg\" \/>\n\t<meta property=\"og:image:width\" content=\"1308\" \/>\n\t<meta property=\"og:image:height\" content=\"1308\" \/>\n\t<meta property=\"og:image:type\" content=\"image\/jpeg\" \/>\n<meta name=\"twitter:card\" content=\"summary_large_image\" \/>\n<meta name=\"twitter:site\" content=\"@Gh0stysky\" \/>\n<meta name=\"twitter:label1\" content=\"Tempo estimado de leitura\" \/>\n\t<meta name=\"twitter:data1\" content=\"1 minuto\" \/>\n<script type=\"application\/ld+json\" class=\"yoast-schema-graph\">{\"@context\":\"https:\\\/\\\/schema.org\",\"@graph\":[{\"@type\":\"WebPage\",\"@id\":\"https:\\\/\\\/www.ghostysky.com\\\/product\\\/dji-rs-bg33-battery-grip\\\/\",\"url\":\"https:\\\/\\\/www.ghostysky.com\\\/product\\\/dji-rs-bg33-battery-grip\\\/\",\"name\":\"DJI RS BG33 Battery Grip - Ghostysky\",\"isPartOf\":{\"@id\":\"https:\\\/\\\/www.ghostysky.com\\\/#website\"},\"primaryImageOfPage\":{\"@id\":\"https:\\\/\\\/www.ghostysky.com\\\/product\\\/dji-rs-bg33-battery-grip\\\/#primaryimage\"},\"image\":{\"@id\":\"https:\\\/\\\/www.ghostysky.com\\\/product\\\/dji-rs-bg33-battery-grip\\\/#primaryimage\"},\"thumbnailUrl\":\"https:\\\/\\\/www.ghostysky.com\\\/wp-content\\\/uploads\\\/2026\\\/05\\\/GH_DJI-RS-BG33-Battery-Grip_1.jpg\",\"datePublished\":\"2026-05-08T18:43:43+00:00\",\"dateModified\":\"2026-05-08T18:48:48+00:00\",\"description\":\"The DJI RS BG33 Battery Grip is a high-performance power solution designed to keep your creative momentum going. Specifically optimized for the latest generation of DJI stabilizers, this grip serves as both a primary power source and an ergonomic handle, ensuring you can shoot all day without the \\\"low battery\\\" anxiety.\",\"breadcrumb\":{\"@id\":\"https:\\\/\\\/www.ghostysky.com\\\/product\\\/dji-rs-bg33-battery-grip\\\/#breadcrumb\"},\"inLanguage\":\"pt-PT\",\"potentialAction\":[{\"@type\":\"ReadAction\",\"target\":[\"https:\\\/\\\/www.ghostysky.com\\\/product\\\/dji-rs-bg33-battery-grip\\\/\"]}]},{\"@type\":\"ImageObject\",\"inLanguage\":\"pt-PT\",\"@id\":\"https:\\\/\\\/www.ghostysky.com\\\/product\\\/dji-rs-bg33-battery-grip\\\/#primaryimage\",\"url\":\"https:\\\/\\\/www.ghostysky.com\\\/wp-content\\\/uploads\\\/2026\\\/05\\\/GH_DJI-RS-BG33-Battery-Grip_1.jpg\",\"contentUrl\":\"https:\\\/\\\/www.ghostysky.com\\\/wp-content\\\/uploads\\\/2026\\\/05\\\/GH_DJI-RS-BG33-Battery-Grip_1.jpg\",\"width\":1308,\"height\":1308},{\"@type\":\"BreadcrumbList\",\"@id\":\"https:\\\/\\\/www.ghostysky.com\\\/product\\\/dji-rs-bg33-battery-grip\\\/#breadcrumb\",\"itemListElement\":[{\"@type\":\"ListItem\",\"position\":1,\"name\":\"Home\",\"item\":\"https:\\\/\\\/www.ghostysky.com\\\/\"},{\"@type\":\"ListItem\",\"position\":2,\"name\":\"Shop\",\"item\":\"https:\\\/\\\/www.ghostysky.com\\\/shop\\\/\"},{\"@type\":\"ListItem\",\"position\":3,\"name\":\"DJI RS BG33 Battery Grip\"}]},{\"@type\":\"WebSite\",\"@id\":\"https:\\\/\\\/www.ghostysky.com\\\/#website\",\"url\":\"https:\\\/\\\/www.ghostysky.com\\\/\",\"name\":\"Ghostysky\",\"description\":\"Delivering professional drones and robotics solutions\",\"publisher\":{\"@id\":\"https:\\\/\\\/www.ghostysky.com\\\/#organization\"},\"potentialAction\":[{\"@type\":\"SearchAction\",\"target\":{\"@type\":\"EntryPoint\",\"urlTemplate\":\"https:\\\/\\\/www.ghostysky.com\\\/?s={search_term_string}\"},\"query-input\":{\"@type\":\"PropertyValueSpecification\",\"valueRequired\":true,\"valueName\":\"search_term_string\"}}],\"inLanguage\":\"pt-PT\"},{\"@type\":\"Organization\",\"@id\":\"https:\\\/\\\/www.ghostysky.com\\\/#organization\",\"name\":\"Ghostysky\",\"url\":\"https:\\\/\\\/www.ghostysky.com\\\/\",\"logo\":{\"@type\":\"ImageObject\",\"inLanguage\":\"pt-PT\",\"@id\":\"https:\\\/\\\/www.ghostysky.com\\\/#\\\/schema\\\/logo\\\/image\\\/\",\"url\":\"https:\\\/\\\/www.ghostysky.com\\\/wp-content\\\/uploads\\\/2020\\\/06\\\/cropped-ghostyskylogo_text_white2.png\",\"contentUrl\":\"https:\\\/\\\/www.ghostysky.com\\\/wp-content\\\/uploads\\\/2020\\\/06\\\/cropped-ghostyskylogo_text_white2.png\",\"width\":169,\"height\":56,\"caption\":\"Ghostysky\"},\"image\":{\"@id\":\"https:\\\/\\\/www.ghostysky.com\\\/#\\\/schema\\\/logo\\\/image\\\/\"},\"sameAs\":[\"https:\\\/\\\/www.facebook.com\\\/people\\\/Ghostysky\\\/100057676170234\\\/\",\"https:\\\/\\\/x.com\\\/Gh0stysky\",\"https:\\\/\\\/www.linkedin.com\\\/company\\\/34739653\",\"https:\\\/\\\/www.instagram.com\\\/gh0stysky\"]}]}<\/script>\n<!-- \/ Yoast SEO plugin. -->","yoast_head_json":{"title":"Punho de bateria DJI RS BG33 - Ghostysky","description":"O punho de bateria DJI RS BG33 \u00e9 uma solu\u00e7\u00e3o de energia de alto desempenho projetada para manter seu ritmo criativo. Otimizado especificamente para a \u00faltima gera\u00e7\u00e3o de estabilizadores DJI, este punho serve como fonte de energia principal e como uma al\u00e7a ergon\u00f4mica, garantindo que voc\u00ea possa filmar o dia todo sem se preocupar com a bateria fraca.","robots":{"index":"index","follow":"follow","max-snippet":"max-snippet:-1","max-image-preview":"max-image-preview:large","max-video-preview":"max-video-preview:-1"},"canonical":"https:\/\/www.ghostysky.com\/pt\/produto-2\/dji-rs-bg33-battery-grip\/","og_locale":"pt_PT","og_type":"article","og_title":"DJI RS BG33 Battery Grip - Ghostysky","og_description":"The DJI RS BG33 Battery Grip is a high-performance power solution designed to keep your creative momentum going. Specifically optimized for the latest generation of DJI stabilizers, this grip serves as both a primary power source and an ergonomic handle, ensuring you can shoot all day without the \"low battery\" anxiety.","og_url":"https:\/\/www.ghostysky.com\/pt\/produto-2\/dji-rs-bg33-battery-grip\/","og_site_name":"Ghostysky","article_publisher":"https:\/\/www.facebook.com\/people\/Ghostysky\/100057676170234\/","article_modified_time":"2026-05-08T18:48:48+00:00","og_image":[{"width":1308,"height":1308,"url":"https:\/\/www.ghostysky.com\/wp-content\/uploads\/2026\/05\/GH_DJI-RS-BG33-Battery-Grip_1.jpg","type":"image\/jpeg"}],"twitter_card":"summary_large_image","twitter_site":"@Gh0stysky","twitter_misc":{"Tempo estimado de leitura":"1 minuto"},"schema":{"@context":"https:\/\/schema.org","@graph":[{"@type":"WebPage","@id":"https:\/\/www.ghostysky.com\/product\/dji-rs-bg33-battery-grip\/","url":"https:\/\/www.ghostysky.com\/product\/dji-rs-bg33-battery-grip\/","name":"Punho de bateria DJI RS BG33 - Ghostysky","isPartOf":{"@id":"https:\/\/www.ghostysky.com\/#website"},"primaryImageOfPage":{"@id":"https:\/\/www.ghostysky.com\/product\/dji-rs-bg33-battery-grip\/#primaryimage"},"image":{"@id":"https:\/\/www.ghostysky.com\/product\/dji-rs-bg33-battery-grip\/#primaryimage"},"thumbnailUrl":"https:\/\/www.ghostysky.com\/wp-content\/uploads\/2026\/05\/GH_DJI-RS-BG33-Battery-Grip_1.jpg","datePublished":"2026-05-08T18:43:43+00:00","dateModified":"2026-05-08T18:48:48+00:00","description":"O punho de bateria DJI RS BG33 \u00e9 uma solu\u00e7\u00e3o de energia de alto desempenho projetada para manter seu ritmo criativo. Otimizado especificamente para a \u00faltima gera\u00e7\u00e3o de estabilizadores DJI, este punho serve como fonte de energia principal e como uma al\u00e7a ergon\u00f4mica, garantindo que voc\u00ea possa filmar o dia todo sem se preocupar com a bateria fraca.","breadcrumb":{"@id":"https:\/\/www.ghostysky.com\/product\/dji-rs-bg33-battery-grip\/#breadcrumb"},"inLanguage":"pt-PT","potentialAction":[{"@type":"ReadAction","target":["https:\/\/www.ghostysky.com\/product\/dji-rs-bg33-battery-grip\/"]}]},{"@type":"ImageObject","inLanguage":"pt-PT","@id":"https:\/\/www.ghostysky.com\/product\/dji-rs-bg33-battery-grip\/#primaryimage","url":"https:\/\/www.ghostysky.com\/wp-content\/uploads\/2026\/05\/GH_DJI-RS-BG33-Battery-Grip_1.jpg","contentUrl":"https:\/\/www.ghostysky.com\/wp-content\/uploads\/2026\/05\/GH_DJI-RS-BG33-Battery-Grip_1.jpg","width":1308,"height":1308},{"@type":"BreadcrumbList","@id":"https:\/\/www.ghostysky.com\/product\/dji-rs-bg33-battery-grip\/#breadcrumb","itemListElement":[{"@type":"ListItem","position":1,"name":"Home","item":"https:\/\/www.ghostysky.com\/"},{"@type":"ListItem","position":2,"name":"Shop","item":"https:\/\/www.ghostysky.com\/shop\/"},{"@type":"ListItem","position":3,"name":"DJI RS BG33 Battery Grip"}]},{"@type":"WebSite","@id":"https:\/\/www.ghostysky.com\/#website","url":"https:\/\/www.ghostysky.com\/","name":"Ghostysky","description":"Fornecendo solu\u00e7\u00f5es profissionais em drones e rob\u00f3tica.","publisher":{"@id":"https:\/\/www.ghostysky.com\/#organization"},"potentialAction":[{"@type":"SearchAction","target":{"@type":"EntryPoint","urlTemplate":"https:\/\/www.ghostysky.com\/?s={search_term_string}"},"query-input":{"@type":"PropertyValueSpecification","valueRequired":true,"valueName":"search_term_string"}}],"inLanguage":"pt-PT"},{"@type":"Organization","@id":"https:\/\/www.ghostysky.com\/#organization","name":"Ghostysky","url":"https:\/\/www.ghostysky.com\/","logo":{"@type":"ImageObject","inLanguage":"pt-PT","@id":"https:\/\/www.ghostysky.com\/#\/schema\/logo\/image\/","url":"https:\/\/www.ghostysky.com\/wp-content\/uploads\/2020\/06\/cropped-ghostyskylogo_text_white2.png","contentUrl":"https:\/\/www.ghostysky.com\/wp-content\/uploads\/2020\/06\/cropped-ghostyskylogo_text_white2.png","width":169,"height":56,"caption":"Ghostysky"},"image":{"@id":"https:\/\/www.ghostysky.com\/#\/schema\/logo\/image\/"},"sameAs":["https:\/\/www.facebook.com\/people\/Ghostysky\/100057676170234\/","https:\/\/x.com\/Gh0stysky","https:\/\/www.linkedin.com\/company\/34739653","https:\/\/www.instagram.com\/gh0stysky"]}]}},"_links":{"self":[{"href":"https:\/\/www.ghostysky.com\/pt\/wp-json\/wp\/v2\/product\/26114","targetHints":{"allow":["GET"]}}],"collection":[{"href":"https:\/\/www.ghostysky.com\/pt\/wp-json\/wp\/v2\/product"}],"about":[{"href":"https:\/\/www.ghostysky.com\/pt\/wp-json\/wp\/v2\/types\/product"}],"replies":[{"embeddable":true,"href":"https:\/\/www.ghostysky.com\/pt\/wp-json\/wp\/v2\/comments?post=26114"}],"version-history":[{"count":2,"href":"https:\/\/www.ghostysky.com\/pt\/wp-json\/wp\/v2\/product\/26114\/revisions"}],"predecessor-version":[{"id":26130,"href":"https:\/\/www.ghostysky.com\/pt\/wp-json\/wp\/v2\/product\/26114\/revisions\/26130"}],"wp:featuredmedia":[{"embeddable":true,"href":"https:\/\/www.ghostysky.com\/pt\/wp-json\/wp\/v2\/media\/26118"}],"wp:attachment":[{"href":"https:\/\/www.ghostysky.com\/pt\/wp-json\/wp\/v2\/media?parent=26114"}],"wp:term":[{"taxonomy":"product_brand","embeddable":true,"href":"https:\/\/www.ghostysky.com\/pt\/wp-json\/wp\/v2\/product_brand?post=26114"},{"taxonomy":"product_cat","embeddable":true,"href":"https:\/\/www.ghostysky.com\/pt\/wp-json\/wp\/v2\/product_cat?post=26114"},{"taxonomy":"product_tag","embeddable":true,"href":"https:\/\/www.ghostysky.com\/pt\/wp-json\/wp\/v2\/product_tag?post=26114"}],"curies":[{"name":"wp","href":"https:\/\/api.w.org\/{rel}","templated":true}]}}