{"id":3082,"date":"2022-01-12T11:09:44","date_gmt":"2022-01-12T11:09:44","guid":{"rendered":"https:\/\/www.ghostysky.com\/?post_type=product&#038;p=3082"},"modified":"2023-04-01T20:22:03","modified_gmt":"2023-04-01T20:22:03","slug":"autel-evo-ii-pro-v2-6k","status":"publish","type":"product","link":"https:\/\/www.ghostysky.com\/pt\/product\/autel-evo-ii-pro-v2-6k\/","title":{"rendered":"Autel EVO II PRO V2 6K"},"content":{"rendered":"<div class=\"evo2-banner-box autel-iframe-media-box\">\n<div class=\"evo2-banner-content center-content evo2-pro-detail-content2 slide-in-2\">\n<div class=\"evo2-banner-p\">\n<p><strong>Primeiro drone 6K da Autel Robotics<\/strong><\/p>\n<\/div>\n<div class=\"pc-img\">\n<div class=\"autel-video-link-box\"><span class=\"autel-video-link open-media-button\">\u00a0<\/span><\/div>\n<\/div>\n<\/div>\n<\/div>\n<div class=\"evo2-banner-box\">\n<p><img decoding=\"async\" class=\"pc-img lazyload\" src=\"data:image\/gif;base64,R0lGODlhAQABAAAAACH5BAEKAAEALAAAAAABAAEAAAICTAEAOw==\" border=\"0\" data-src=\"https:\/\/cdn.shopify.com\/s\/files\/1\/1538\/0803\/files\/6K-01.jpg?v=1596199404\"><\/p>\n<div class=\"evo2-banner-content center-content evo2-pro-detail-content\">\n<div class=\"page-width\">\n<h2>Qualidade de imagem superior mesme em baixa e limitada condi\u00e7\u00f5es de ilumina\u00e7\u00e3o<\/h2>\n<div>\n<p>Com suporte de resolu\u00e7\u00f5es de v\u00eddeo de at\u00e9 6K, com uma maior faixa din\u00e2mica e redu\u00e7\u00e3o de ru\u00eddo, o EVO II Pro inclui a \u00faltima gera\u00e7\u00e3o de sensor CMOS supersens\u00edvel da Sony permitindo obter fotografias impressionantes mesmo em ambientes com pouca luz.<\/p>\n<\/div>\n<\/div>\n<\/div>\n<\/div>\n<div class=\"evo2-banner-box\">\n<p><img decoding=\"async\" class=\"pc-img lazyload\" src=\"data:image\/gif;base64,R0lGODlhAQABAAAAACH5BAEKAAEALAAAAAABAAEAAAICTAEAOw==\" border=\"0\" data-src=\"https:\/\/cdn.shopify.com\/s\/files\/1\/1538\/0803\/files\/6K-02.jpg?v=1596199404\"><\/p>\n<div class=\"evo2-banner-content left-content\">\n<div class=\"page-width\">\n<h2 class=\"left-text\">Versatilidade e adapta\u00e7\u00e3o a todos os tipos de ilumina\u00e7\u00e3o<\/h2>\n<div>\n<p class=\"left-text\">As configura\u00e7\u00f5es avan\u00e7adas da c\u00e2mera do EVO II Pro incluem uma faixa de abertura ajust\u00e1vel de f2.8 a f11 e um ISO m\u00e1ximo de 12.800, permitindo que o fot\u00f3grafo produza imagens de precis\u00e3o e nitidez excepcionais.<\/p>\n<\/div>\n<\/div>\n<\/div>\n<\/div>\n<div class=\"text-and-image-box page-width\">\n<div class=\"text-and-image\">\n<div class=\"text-and-image-header\">\n<h2>Flexibilidade de p\u00f3s-produ\u00e7\u00e3o<\/h2>\n<p>Com 10 bits, o EVO II Pro permite que se grave at\u00e9 1 bilh\u00e3o de cores. Permite a captura de detalhes ricos em sombras e realces dando maior flexibilidade na p\u00f3s-produ\u00e7\u00e3o.<\/p>\n<\/div>\n<p><img decoding=\"async\" src=\"data:image\/gif;base64,R0lGODlhAQABAAAAACH5BAEKAAEALAAAAAABAAEAAAICTAEAOw==\" alt=\"\" border=\"0\" class=\"lazyload\" data-src=\"https:\/\/cdn.shopify.com\/s\/files\/1\/1538\/0803\/files\/1594107757_1.jpg?v=1594108048\">\u00a0<img decoding=\"async\" class=\"pc-img lazyload\" src=\"data:image\/gif;base64,R0lGODlhAQABAAAAACH5BAEKAAEALAAAAAABAAEAAAICTAEAOw==\" border=\"0\" data-src=\"https:\/\/cdn.shopify.com\/s\/files\/1\/1538\/0803\/files\/340704aca61e33e140b2425566d1545.jpg?v=1594116011\"><\/p>\n<\/div>\n<div class=\"text-and-image\">\n<div class=\"text-and-image-header\">\n<h2>4K HDR<\/h2>\n<p>O EVO II suporta grava\u00e7\u00e3o 4K HDR para melhor contraste de cores.<\/p>\n<\/div>\n<p><img decoding=\"async\" class=\"pc-img lazyload\" src=\"data:image\/gif;base64,R0lGODlhAQABAAAAACH5BAEKAAEALAAAAAABAAEAAAICTAEAOw==\" border=\"0\" data-src=\"https:\/\/cdn.shopify.com\/s\/files\/1\/1538\/0803\/files\/22.jpg?v=1591866536\"><\/p>\n<\/div>\n<\/div>\n<div class=\"page-width-1020 grid-section-box\">\n<div class=\"grid-section-item\">\n<div class=\"grid-long-item\"><img decoding=\"async\" class=\"pc-img lazyload\" src=\"data:image\/gif;base64,R0lGODlhAQABAAAAACH5BAEKAAEALAAAAAABAAEAAAICTAEAOw==\" width=\"1279\" border=\"0\" data-src=\"https:\/\/cdn.shopify.com\/s\/files\/1\/1538\/0803\/files\/26.jpg?v=1591866536\"><\/div>\n<div class=\"grid-short-item gray-bg-box hei420\">\n<h2>Capture o<br \/>\nmundo noturno<\/h2>\n<p>Recurso de hiperluz, com redu\u00e7\u00e3o de ru\u00eddo 2D e 3D, foi projectado para fotografar em condi\u00e7\u00f5es de pouca luz, suavizando o desfoque de movimento e reduzindo o ru\u00eddo.<\/p>\n<\/div>\n<\/div>\n<div class=\"grid-section-item\">\n<div class=\"grid-short-item\"><\/div>\n<div class=\"grid-long-item\"><img fetchpriority=\"high\" decoding=\"async\" class=\"pc-img lazyload\" src=\"data:image\/gif;base64,R0lGODlhAQABAAAAACH5BAEKAAEALAAAAAABAAEAAAICTAEAOw==\" width=\"1280\" height=\"1020\" border=\"0\" data-src=\"https:\/\/cdn.shopify.com\/s\/files\/1\/1538\/0803\/files\/16.png?v=1591866542\"><\/div>\n<\/div>\n<div class=\"pc-img grid-section-item text-section-item\">\n<div class=\"grid-short-item\">\n<h2>LiveDeck: transmita em qualquer lugar<\/h2>\n<\/div>\n<div class=\"grid-long-item\">\n<h2>A Autel \u00e9 a \u00fanica a oferecer fotografia Hyper-lapse em 6K<\/h2>\n<\/div>\n<\/div>\n<div class=\"pc-img grid-section-item text-section-item\">\n<div class=\"grid-short-item\">\n<p>O EVO II suporta sa\u00edda HDMI em tempo real para mutliplas portas, afim de atingir os requisitos de monitoriza\u00e7\u00e3o e transmiss\u00f5es ao vivo de todo o tipo de projectos.<\/p>\n<\/div>\n<div class=\"grid-long-item\">\n<p>Poder\u00e1 em qualquer altura desfrutar de seus momentos favoritos, sem necessidade de p\u00f3s-processamento de timelapse de 8K, o v\u00eddeo pode ser exportado logo ap\u00f3s a grava\u00e7\u00e3o. O formato JPEG\/RAW tamb\u00e9m \u00e9 suportado.<\/p>\n<\/div>\n<\/div>\n<\/div>\n<div class=\"full-banner-box\">\n<div class=\"full-banner-item autel-iframe-media-box\">\n<p><img decoding=\"async\" class=\"pc-img lazyload\" src=\"data:image\/gif;base64,R0lGODlhAQABAAAAACH5BAEKAAEALAAAAAABAAEAAAICTAEAOw==\" border=\"0\" data-src=\"https:\/\/cdn.shopify.com\/s\/files\/1\/1538\/0803\/files\/evo1.png?v=1591865401\"><\/p>\n<div class=\"full-banner-content first-banner-content\">\n<div class=\"first-banner-content-up\">\n<h2>Preven\u00e7\u00e3o de Obst\u00e1culos 360\u00b0<\/h2>\n<div class=\"autel-video-link-box\"><span class=\"autel-video-link open-media-button\">Veja ao v\u00eddeo<\/span><\/div>\n<\/div>\n<\/div>\n<\/div>\n<\/div>\n<div class=\"evo2-pro-detail-page specification-toggle\">\n<div class=\"full-banner-box\">\n<div class=\"full-banner-item autel-iframe-media-box\">\n<div class=\"full-banner-content first-banner-content\">\n<div class=\"first-banner-content-up\">\n<div class=\"autel-video-link-box\"><\/div>\n<\/div>\n<div class=\"first-banner-content-down\">\n<p>Equipado com 19 grupos de sensores, incluindo 12 sensores visuais, a c\u00e2mera principal, ultrassom, IMUs assim como outros sensores, \u00e9 poss\u00edvel a reconstru\u00e7\u00e3o de mapas tridimensionais e planeamento de caminhos em tempo real.<\/p>\n<\/div>\n<\/div>\n<\/div>\n<div class=\"full-banner-item\">\n<p><img decoding=\"async\" class=\"pc-img lazyload\" src=\"data:image\/gif;base64,R0lGODlhAQABAAAAACH5BAEKAAEALAAAAAABAAEAAAICTAEAOw==\" border=\"0\" data-src=\"https:\/\/cdn.shopify.com\/s\/files\/1\/1538\/0803\/files\/evo7.jpg?v=1591865399\"><\/p>\n<div class=\"full-banner-content second-banner-content\">\n<h3>Dynamic Track 2.0<\/h3>\n<p>O EVO II pode modelar a localiza\u00e7\u00e3o e a velocidade dos alvos em simult\u00e2neo, prever a sua trajet\u00f3ria com precis\u00e3o e acompanh\u00e1-los continuamente, enquanto identifica at\u00e9 64 objetos ao mesmo tempo.<\/p>\n<\/div>\n<\/div>\n<div class=\"full-banner-item\">\n<p><img decoding=\"async\" id=\"vtpPicture\" class=\"pc-img lazyload\" src=\"data:image\/gif;base64,R0lGODlhAQABAAAAACH5BAEKAAEALAAAAAABAAEAAAICTAEAOw==\" border=\"0\" data-src=\"https:\/\/cdn.shopify.com\/s\/files\/1\/1538\/0803\/files\/EVO_II_PRO_2bd7bd8d-9217-4392-b25c-c5ad3e3b853c.jpg?v=1596199984\"><\/p>\n<div class=\"full-banner-content thirdly-banner-content\">\n<h2>Performance m\u00e1xima<\/h2>\n<ul class=\"thirdly-banner-content-down\">\n<li>Tempo de voo \u2013 40 minutos\n<ul class=\"thirdly-banner-content-down\">\n<li>A s\u00e9rie EVO II permite uma autonomia de at\u00e9 40 minutos.<\/li>\n<\/ul>\n<\/li>\n<li>Alcance de Transmiss\u00e3o \u2013 8,8 Km\n<ul class=\"thirdly-banner-content-down\">\n<li>Voe at\u00e9 cerca de 9km de dist\u00e2ncia da localiza\u00e7\u00e3o do piloto de forma segura, incluindao na transmiss\u00e3o de v\u00eddeo e na conex\u00e3o de telemetria.<\/li>\n<\/ul>\n<\/li>\n<li>Resist\u00eancia ao Vento \u2013 61,2km\/h (17m\/s)\n<ul class=\"thirdly-banner-content-down\">\n<li>Voe com qualquer tipo de condi\u00e7\u00f5es de vento (urbano ou rural) de forma segura, garantindo uma miss\u00e3o bem-sucedida.<\/li>\n<\/ul>\n<\/li>\n<li>Velocidade de voo \u2013 72 km\/h (20m\/s)\n<ul class=\"thirdly-banner-content-down\">\n<li>Com velocidades de at\u00e9 72 km\/h (20m\/s), o EvoII permite voos de forma r\u00e1pida e eficiente.<\/li>\n<\/ul>\n<\/li>\n<\/ul>\n<\/div>\n<\/div>\n<\/div>\n<div class=\"accessories-box\">\n<div>\n<h3>Acess\u00f3rios<\/h3>\n<p class=\"autel-video-link-box\">EVO II Pro<\/p>\n<\/div>\n<p><img decoding=\"async\" class=\"pc-img lazyload\" src=\"data:image\/gif;base64,R0lGODlhAQABAAAAACH5BAEKAAEALAAAAAABAAEAAAICTAEAOw==\" border=\"0\" data-src=\"https:\/\/cdn.shopify.com\/s\/files\/1\/1538\/0803\/files\/1_1f587be0-3047-4fff-9b8c-05e2cf81d611.jpg?v=1596190186\"><\/p>\n<\/div>\n<\/div>\n<div id=\"shopify-section-autel-footer\" class=\"shopify-section\">\n<footer class=\"site-footer autel-site-footer\">\n<div class=\"page-width\">\n<div class=\"site-footer__content\">\n<div class=\"site-footer__item site-footer__item--one-quarter\">\n<div class=\"site-footer__item-inner site-footer__item-inner--link_list\">\n<p class=\"h4 nav-title\">\n<\/div>\n<\/div>\n<\/div>\n<\/div>\n<\/footer>\n<\/div>","protected":false},"excerpt":{"rendered":"<p><strong>Autel EVO II PRO V2\u00a0<\/strong><\/p>\n<p>L\u00edder em qualidade de imagem<br \/>\ne intelig\u00eancia de voo<\/p>","protected":false},"featured_media":3083,"comment_status":"open","ping_status":"closed","template":"","meta":[],"product_brand":[],"product_cat":[220,29,294],"product_tag":[228,223,227],"class_list":{"0":"post-3082","1":"product","2":"type-product","3":"status-publish","4":"has-post-thumbnail","6":"product_cat-autel","7":"product_cat-drones","8":"product_cat-drone-autel","9":"product_tag-6k","10":"product_tag-autel","11":"product_tag-autel-evo-ii-pro","13":"first","14":"onbackorder","15":"taxable","16":"shipping-taxable","17":"product-type-simple"},"yoast_head":"<!-- This site is optimized with the Yoast SEO plugin v27.1.1 - https:\/\/yoast.com\/product\/yoast-seo-wordpress\/ -->\n<title>Autel EVO II PRO V2 6K -<\/title>\n<meta name=\"description\" content=\"Autel EVO II PRO V2\u00a0Leader in picture qualityand flight intelligence\" \/>\n<meta name=\"robots\" content=\"index, follow, max-snippet:-1, max-image-preview:large, max-video-preview:-1\" \/>\n<link rel=\"canonical\" href=\"https:\/\/www.ghostysky.com\/pt\/produto-2\/autel-evo-ii-pro-v2-6k\/\" \/>\n<meta property=\"og:locale\" content=\"pt_PT\" \/>\n<meta property=\"og:type\" content=\"article\" \/>\n<meta property=\"og:title\" content=\"Autel EVO II PRO V2 6K -\" \/>\n<meta property=\"og:description\" content=\"Autel EVO II PRO V2\u00a0Leader in picture qualityand flight intelligence\" \/>\n<meta property=\"og:url\" content=\"https:\/\/www.ghostysky.com\/pt\/produto-2\/autel-evo-ii-pro-v2-6k\/\" \/>\n<meta property=\"og:site_name\" content=\"Ghostysky\" \/>\n<meta property=\"article:publisher\" content=\"https:\/\/www.facebook.com\/people\/Ghostysky\/100057676170234\/\" \/>\n<meta property=\"article:modified_time\" content=\"2023-04-01T20:22:03+00:00\" \/>\n<meta property=\"og:image\" content=\"https:\/\/www.ghostysky.com\/wp-content\/uploads\/2022\/01\/eng_pl_Autel-EVO-II-PRO-V2-6K-12735_1.jpg\" \/>\n\t<meta property=\"og:image:width\" content=\"750\" \/>\n\t<meta property=\"og:image:height\" content=\"315\" \/>\n\t<meta property=\"og:image:type\" content=\"image\/jpeg\" \/>\n<meta name=\"twitter:card\" content=\"summary_large_image\" \/>\n<meta name=\"twitter:site\" content=\"@Gh0stysky\" \/>\n<meta name=\"twitter:label1\" content=\"Tempo estimado de leitura\" \/>\n\t<meta name=\"twitter:data1\" content=\"4 minutos\" \/>\n<script type=\"application\/ld+json\" class=\"yoast-schema-graph\">{\"@context\":\"https:\/\/schema.org\",\"@graph\":[{\"@type\":\"WebPage\",\"@id\":\"https:\/\/www.ghostysky.com\/product\/autel-evo-ii-pro-v2-6k\/\",\"url\":\"https:\/\/www.ghostysky.com\/product\/autel-evo-ii-pro-v2-6k\/\",\"name\":\"Autel EVO II PRO V2 6K -\",\"isPartOf\":{\"@id\":\"https:\/\/www.ghostysky.com\/#website\"},\"primaryImageOfPage\":{\"@id\":\"https:\/\/www.ghostysky.com\/product\/autel-evo-ii-pro-v2-6k\/#primaryimage\"},\"image\":{\"@id\":\"https:\/\/www.ghostysky.com\/product\/autel-evo-ii-pro-v2-6k\/#primaryimage\"},\"thumbnailUrl\":\"https:\/\/www.ghostysky.com\/wp-content\/uploads\/2022\/01\/eng_pl_Autel-EVO-II-PRO-V2-6K-12735_1.jpg\",\"datePublished\":\"2022-01-12T11:09:44+00:00\",\"dateModified\":\"2023-04-01T20:22:03+00:00\",\"description\":\"Autel EVO II PRO V2\u00a0Leader in picture qualityand flight intelligence\",\"breadcrumb\":{\"@id\":\"https:\/\/www.ghostysky.com\/product\/autel-evo-ii-pro-v2-6k\/#breadcrumb\"},\"inLanguage\":\"pt-PT\",\"potentialAction\":[{\"@type\":\"ReadAction\",\"target\":[\"https:\/\/www.ghostysky.com\/product\/autel-evo-ii-pro-v2-6k\/\"]}]},{\"@type\":\"ImageObject\",\"inLanguage\":\"pt-PT\",\"@id\":\"https:\/\/www.ghostysky.com\/product\/autel-evo-ii-pro-v2-6k\/#primaryimage\",\"url\":\"https:\/\/www.ghostysky.com\/wp-content\/uploads\/2022\/01\/eng_pl_Autel-EVO-II-PRO-V2-6K-12735_1.jpg\",\"contentUrl\":\"https:\/\/www.ghostysky.com\/wp-content\/uploads\/2022\/01\/eng_pl_Autel-EVO-II-PRO-V2-6K-12735_1.jpg\",\"width\":750,\"height\":315},{\"@type\":\"BreadcrumbList\",\"@id\":\"https:\/\/www.ghostysky.com\/product\/autel-evo-ii-pro-v2-6k\/#breadcrumb\",\"itemListElement\":[{\"@type\":\"ListItem\",\"position\":1,\"name\":\"Home\",\"item\":\"https:\/\/www.ghostysky.com\/\"},{\"@type\":\"ListItem\",\"position\":2,\"name\":\"Shop\",\"item\":\"https:\/\/www.ghostysky.com\/shop\/\"},{\"@type\":\"ListItem\",\"position\":3,\"name\":\"Autel EVO II PRO V2 6K\"}]},{\"@type\":\"WebSite\",\"@id\":\"https:\/\/www.ghostysky.com\/#website\",\"url\":\"https:\/\/www.ghostysky.com\/\",\"name\":\"Ghostysky\",\"description\":\"Delivering professional drones and services\",\"publisher\":{\"@id\":\"https:\/\/www.ghostysky.com\/#organization\"},\"potentialAction\":[{\"@type\":\"SearchAction\",\"target\":{\"@type\":\"EntryPoint\",\"urlTemplate\":\"https:\/\/www.ghostysky.com\/?s={search_term_string}\"},\"query-input\":{\"@type\":\"PropertyValueSpecification\",\"valueRequired\":true,\"valueName\":\"search_term_string\"}}],\"inLanguage\":\"pt-PT\"},{\"@type\":\"Organization\",\"@id\":\"https:\/\/www.ghostysky.com\/#organization\",\"name\":\"Ghostysky\",\"url\":\"https:\/\/www.ghostysky.com\/\",\"logo\":{\"@type\":\"ImageObject\",\"inLanguage\":\"pt-PT\",\"@id\":\"https:\/\/www.ghostysky.com\/#\/schema\/logo\/image\/\",\"url\":\"https:\/\/www.ghostysky.com\/wp-content\/uploads\/2020\/06\/cropped-ghostyskylogo_text_white2.png\",\"contentUrl\":\"https:\/\/www.ghostysky.com\/wp-content\/uploads\/2020\/06\/cropped-ghostyskylogo_text_white2.png\",\"width\":169,\"height\":56,\"caption\":\"Ghostysky\"},\"image\":{\"@id\":\"https:\/\/www.ghostysky.com\/#\/schema\/logo\/image\/\"},\"sameAs\":[\"https:\/\/www.facebook.com\/people\/Ghostysky\/100057676170234\/\",\"https:\/\/x.com\/Gh0stysky\",\"https:\/\/www.linkedin.com\/company\/34739653\",\"https:\/\/www.instagram.com\/gh0stysky\"]}]}<\/script>\n<!-- \/ Yoast SEO plugin. -->","yoast_head_json":{"title":"Autel EVO II PRO V2 6K -","description":"Autel EVO II PRO V2 L\u00edder em qualidade de imagem e intelig\u00eancia de voo","robots":{"index":"index","follow":"follow","max-snippet":"max-snippet:-1","max-image-preview":"max-image-preview:large","max-video-preview":"max-video-preview:-1"},"canonical":"https:\/\/www.ghostysky.com\/pt\/produto-2\/autel-evo-ii-pro-v2-6k\/","og_locale":"pt_PT","og_type":"article","og_title":"Autel EVO II PRO V2 6K -","og_description":"Autel EVO II PRO V2\u00a0Leader in picture qualityand flight intelligence","og_url":"https:\/\/www.ghostysky.com\/pt\/produto-2\/autel-evo-ii-pro-v2-6k\/","og_site_name":"Ghostysky","article_publisher":"https:\/\/www.facebook.com\/people\/Ghostysky\/100057676170234\/","article_modified_time":"2023-04-01T20:22:03+00:00","og_image":[{"width":750,"height":315,"url":"https:\/\/www.ghostysky.com\/wp-content\/uploads\/2022\/01\/eng_pl_Autel-EVO-II-PRO-V2-6K-12735_1.jpg","type":"image\/jpeg"}],"twitter_card":"summary_large_image","twitter_site":"@Gh0stysky","twitter_misc":{"Tempo estimado de leitura":"4 minutos"},"schema":{"@context":"https:\/\/schema.org","@graph":[{"@type":"WebPage","@id":"https:\/\/www.ghostysky.com\/product\/autel-evo-ii-pro-v2-6k\/","url":"https:\/\/www.ghostysky.com\/product\/autel-evo-ii-pro-v2-6k\/","name":"Autel EVO II PRO V2 6K -","isPartOf":{"@id":"https:\/\/www.ghostysky.com\/#website"},"primaryImageOfPage":{"@id":"https:\/\/www.ghostysky.com\/product\/autel-evo-ii-pro-v2-6k\/#primaryimage"},"image":{"@id":"https:\/\/www.ghostysky.com\/product\/autel-evo-ii-pro-v2-6k\/#primaryimage"},"thumbnailUrl":"https:\/\/www.ghostysky.com\/wp-content\/uploads\/2022\/01\/eng_pl_Autel-EVO-II-PRO-V2-6K-12735_1.jpg","datePublished":"2022-01-12T11:09:44+00:00","dateModified":"2023-04-01T20:22:03+00:00","description":"Autel EVO II PRO V2 L\u00edder em qualidade de imagem e intelig\u00eancia de voo","breadcrumb":{"@id":"https:\/\/www.ghostysky.com\/product\/autel-evo-ii-pro-v2-6k\/#breadcrumb"},"inLanguage":"pt-PT","potentialAction":[{"@type":"ReadAction","target":["https:\/\/www.ghostysky.com\/product\/autel-evo-ii-pro-v2-6k\/"]}]},{"@type":"ImageObject","inLanguage":"pt-PT","@id":"https:\/\/www.ghostysky.com\/product\/autel-evo-ii-pro-v2-6k\/#primaryimage","url":"https:\/\/www.ghostysky.com\/wp-content\/uploads\/2022\/01\/eng_pl_Autel-EVO-II-PRO-V2-6K-12735_1.jpg","contentUrl":"https:\/\/www.ghostysky.com\/wp-content\/uploads\/2022\/01\/eng_pl_Autel-EVO-II-PRO-V2-6K-12735_1.jpg","width":750,"height":315},{"@type":"BreadcrumbList","@id":"https:\/\/www.ghostysky.com\/product\/autel-evo-ii-pro-v2-6k\/#breadcrumb","itemListElement":[{"@type":"ListItem","position":1,"name":"Home","item":"https:\/\/www.ghostysky.com\/"},{"@type":"ListItem","position":2,"name":"Shop","item":"https:\/\/www.ghostysky.com\/shop\/"},{"@type":"ListItem","position":3,"name":"Autel EVO II PRO V2 6K"}]},{"@type":"WebSite","@id":"https:\/\/www.ghostysky.com\/#website","url":"https:\/\/www.ghostysky.com\/","name":"Ghostysky","description":"Fornecendo drones e servi\u00e7os profissionais","publisher":{"@id":"https:\/\/www.ghostysky.com\/#organization"},"potentialAction":[{"@type":"SearchAction","target":{"@type":"EntryPoint","urlTemplate":"https:\/\/www.ghostysky.com\/?s={search_term_string}"},"query-input":{"@type":"PropertyValueSpecification","valueRequired":true,"valueName":"search_term_string"}}],"inLanguage":"pt-PT"},{"@type":"Organization","@id":"https:\/\/www.ghostysky.com\/#organization","name":"Ghostysky","url":"https:\/\/www.ghostysky.com\/","logo":{"@type":"ImageObject","inLanguage":"pt-PT","@id":"https:\/\/www.ghostysky.com\/#\/schema\/logo\/image\/","url":"https:\/\/www.ghostysky.com\/wp-content\/uploads\/2020\/06\/cropped-ghostyskylogo_text_white2.png","contentUrl":"https:\/\/www.ghostysky.com\/wp-content\/uploads\/2020\/06\/cropped-ghostyskylogo_text_white2.png","width":169,"height":56,"caption":"Ghostysky"},"image":{"@id":"https:\/\/www.ghostysky.com\/#\/schema\/logo\/image\/"},"sameAs":["https:\/\/www.facebook.com\/people\/Ghostysky\/100057676170234\/","https:\/\/x.com\/Gh0stysky","https:\/\/www.linkedin.com\/company\/34739653","https:\/\/www.instagram.com\/gh0stysky"]}]}},"_links":{"self":[{"href":"https:\/\/www.ghostysky.com\/pt\/wp-json\/wp\/v2\/product\/3082","targetHints":{"allow":["GET"]}}],"collection":[{"href":"https:\/\/www.ghostysky.com\/pt\/wp-json\/wp\/v2\/product"}],"about":[{"href":"https:\/\/www.ghostysky.com\/pt\/wp-json\/wp\/v2\/types\/product"}],"replies":[{"embeddable":true,"href":"https:\/\/www.ghostysky.com\/pt\/wp-json\/wp\/v2\/comments?post=3082"}],"wp:featuredmedia":[{"embeddable":true,"href":"https:\/\/www.ghostysky.com\/pt\/wp-json\/wp\/v2\/media\/3083"}],"wp:attachment":[{"href":"https:\/\/www.ghostysky.com\/pt\/wp-json\/wp\/v2\/media?parent=3082"}],"wp:term":[{"taxonomy":"product_brand","embeddable":true,"href":"https:\/\/www.ghostysky.com\/pt\/wp-json\/wp\/v2\/product_brand?post=3082"},{"taxonomy":"product_cat","embeddable":true,"href":"https:\/\/www.ghostysky.com\/pt\/wp-json\/wp\/v2\/product_cat?post=3082"},{"taxonomy":"product_tag","embeddable":true,"href":"https:\/\/www.ghostysky.com\/pt\/wp-json\/wp\/v2\/product_tag?post=3082"}],"curies":[{"name":"wp","href":"https:\/\/api.w.org\/{rel}","templated":true}]}}