{"id":3107,"date":"2022-01-12T11:28:40","date_gmt":"2022-01-12T11:28:40","guid":{"rendered":"https:\/\/www.ghostysky.com\/?post_type=product&#038;p=3107"},"modified":"2023-08-29T10:27:07","modified_gmt":"2023-08-29T10:27:07","slug":"autel-evo-ii-v2-8k","status":"publish","type":"product","link":"https:\/\/www.ghostysky.com\/pt\/product\/autel-evo-ii-v2-8k\/","title":{"rendered":"Autel EVO II V2 8K"},"content":{"rendered":"<div class=\"text-and-image-box page-width\">\n<div class=\"text-and-image\">\n<div class=\"text-and-image-header\">\n<h2>Vis\u00e3o em 33 milh\u00f5es de pixels<\/h2>\n<p>O Autel EVO II 8k grava em resolu\u00e7\u00f5es de at\u00e9 7680\u00d74320. Com 16 vezes mais pixels em compara\u00e7\u00e3o com HD e 4 vezes mais pixels em compara\u00e7\u00e3o com 4k, o v\u00eddeo de 8k redefine os detalhes da imagem. A alta resolu\u00e7\u00e3o permite obter uma capacidade de zoom profunda, cortar uma imagem ou v\u00eddeo para 4k sem perda de qualidade.<\/p>\n<\/div>\n<p><img decoding=\"async\" id=\"vtpPicture\" src=\"data:image\/gif;base64,R0lGODlhAQABAAAAACH5BAEKAAEALAAAAAABAAEAAAICTAEAOw==\" border=\"0\" class=\"lazyload\" data-src=\"https:\/\/cdn.shopify.com\/s\/files\/1\/1538\/0803\/files\/evo13.png?v=1591865401\"><\/p>\n<\/div>\n<\/div>\n<div class=\"evo2-single-banner-box\">\n<div class=\"evo2-banner-box evo2-detail-content2-box f1-bg\">\n<p><img decoding=\"async\" class=\"pc-img lazyload\" src=\"data:image\/gif;base64,R0lGODlhAQABAAAAACH5BAEKAAEALAAAAAABAAEAAAICTAEAOw==\" border=\"0\" data-src=\"https:\/\/cdn.shopify.com\/s\/files\/1\/1538\/0803\/files\/evo8k_3_1.jpg?v=1591865395\"><\/p>\n<div class=\"evo2-banner-content evo2-detail-content2\">\n<h1>Capture cada detalhe<\/h1>\n<div class=\"evo2-banner-p\">\n<p>Em parceria com a Sony, o sensor de 48 megapixels do Autel EVO II \u00e9 superior a qualquer c\u00e2mera a\u00e9rea, fornecendo imagens mais n\u00edtidas, mais detalhes e cores mais ricas.<\/p>\n<\/div>\n<\/div>\n<\/div>\n<\/div>\n<div class=\"text-and-image-box page-width mb8\">\n<div class=\"text-and-image\">\n<div class=\"text-and-image-header evo2-detail-header\">\n<h2 class=\"pc-img\">4K, HDR de 10 bits<\/h2>\n<p>O v\u00eddeo 4K HDR com controle de 16(EV) combina exposi\u00e7\u00f5es de curto, m\u00e9dio e longo prazo numa \u00fanica frame adicionando a faixa din\u00e2mica. A profundidade de cor de 10 bits captura mais de 1 bilh\u00e3o de cores, fornecendo maior flexibilidade na p\u00f3s-produ\u00e7\u00e3o e mantendo detalhes ricos em sombras.<\/p>\n<\/div>\n<p><img decoding=\"async\" class=\"pc-img lazyload\" src=\"data:image\/gif;base64,R0lGODlhAQABAAAAACH5BAEKAAEALAAAAAABAAEAAAICTAEAOw==\" border=\"0\" data-src=\"https:\/\/cdn.shopify.com\/s\/files\/1\/1538\/0803\/files\/evo10.jpg?v=1591865398\"><\/p>\n<\/div>\n<\/div>\n<div class=\"pc-img page-width-1020 grid-section-box\">\n<div class=\"grid-section-item\">\n<div class=\"grid-long-item\"><img fetchpriority=\"high\" decoding=\"async\" id=\"vtpPicture\" src=\"data:image\/gif;base64,R0lGODlhAQABAAAAACH5BAEKAAEALAAAAAABAAEAAAICTAEAOw==\" width=\"1287\" height=\"966\" border=\"0\" class=\"lazyload\" data-src=\"https:\/\/cdn.shopify.com\/s\/files\/1\/1538\/0803\/files\/evo8k_5_1.jpg?v=1591865395\"><\/div>\n<div class=\"grid-short-item gray-bg-box\">\n<h3>Apenas a Autel oferece fotografia Hyperlapse em 8K<\/h3>\n<p>Com o modo Hyperlapse, n\u00e3o \u00e9 necess\u00e1rio p\u00f3s-processamento. As imagens 8K podem ser capturadas diretamente do drone e partilhadas de forma imediata. Ficheiros JPEG e RAW s\u00e3o gravados em simult\u00e2neo. Crie trajet\u00f3rias de voo perfeitas e obtenha v\u00eddeos em hyperlapse precisos com apenas um clique.<\/p>\n<\/div>\n<\/div>\n<div class=\"grid-section-item\">\n<div class=\"grid-long-item\"><img decoding=\"async\" id=\"vtpPicture\" src=\"data:image\/gif;base64,R0lGODlhAQABAAAAACH5BAEKAAEALAAAAAABAAEAAAICTAEAOw==\" width=\"1287\" height=\"966\" border=\"0\" class=\"lazyload\" data-src=\"https:\/\/cdn.shopify.com\/s\/files\/1\/0261\/1721\/0159\/files\/evo8k_6.jpg?v=1587714100\"><\/div>\n<\/div>\n<div class=\"grid-section-item text-section-item\">\n<div class=\"grid-short-item\">\n<h2>LiveDeck: transmita em qualquer lugar<\/h2>\n<\/div>\n<div class=\"grid-long-item\">\n<h2>Focagem autom\u00e1tica - Auto-Focus<\/h2>\n<\/div>\n<\/div>\n<div class=\"grid-section-item text-section-item\">\n<div class=\"grid-short-item\">\n<p>EVO II com LiveDeck Suporta sa\u00edda em multiportas HDMI em tempo real, afim de corresponder aos requisitos de monitoriza\u00e7\u00e3o e transmiss\u00e3o ao vivo.<\/p>\n<\/div>\n<div class=\"grid-long-item\">\n<p>A detec\u00e7\u00e3o e o foco autom\u00e1tico de precis\u00e3o permitem o acompanhamento de objectos em movimento r\u00e1pido e com precis\u00e3o.<\/p>\n<\/div>\n<\/div>\n<\/div>\n<div class=\"full-banner-box\">\n<div class=\"full-banner-item autel-iframe-media-box\">\n<p><img decoding=\"async\" class=\"pc-img lazyload\" src=\"data:image\/gif;base64,R0lGODlhAQABAAAAACH5BAEKAAEALAAAAAABAAEAAAICTAEAOw==\" border=\"0\" data-src=\"https:\/\/cdn.shopify.com\/s\/files\/1\/1538\/0803\/files\/evo1.png?v=1591865401\"><\/p>\n<div class=\"full-banner-content first-banner-content\">\n<div class=\"first-banner-content-up\">\n<h2>Preven\u00e7\u00e3o de Obst\u00e1culos 360\u00b0<\/h2>\n<div class=\"autel-video-link-box\"><span class=\"autel-video-link open-media-button\">Veja ao v\u00eddeo<\/span><\/div>\n<\/div>\n<\/div>\n<\/div>\n<\/div>\n<div class=\"evo2-detail-page specification-toggle\">\n<div class=\"full-banner-box\">\n<div class=\"full-banner-item autel-iframe-media-box\">\n<div class=\"full-banner-content first-banner-content\">\n<div class=\"first-banner-content-up\">\n<div class=\"autel-video-link-box\"><\/div>\n<\/div>\n<div class=\"first-banner-content-down\">\n<p>Equipado com 19 grupos de sensores, incluindo 12 sensores visuais, a c\u00e2mera principal, ultrassom, IMUs assim como outros sensores, \u00e9 poss\u00edvel a reconstru\u00e7\u00e3o de mapas tridimensionais e planeamento de caminhos em tempo real.<\/p>\n<\/div>\n<\/div>\n<\/div>\n<div class=\"full-banner-item\">\n<p><img decoding=\"async\" class=\"pc-img lazyload\" src=\"data:image\/gif;base64,R0lGODlhAQABAAAAACH5BAEKAAEALAAAAAABAAEAAAICTAEAOw==\" border=\"0\" data-src=\"https:\/\/cdn.shopify.com\/s\/files\/1\/1538\/0803\/files\/evo7.jpg?v=1591865399\"><\/p>\n<div class=\"full-banner-content second-banner-content\">\n<h3>Dynamic Track 2.0<\/h3>\n<p>O EVO II pode modelar a localiza\u00e7\u00e3o e a velocidade dos alvos em simult\u00e2neo, prever a sua trajet\u00f3ria com precis\u00e3o e acompanh\u00e1-los continuamente, enquanto identifica at\u00e9 64 objetos ao mesmo tempo.<\/p>\n<\/div>\n<\/div>\n<div class=\"full-banner-item\">\n<p><img decoding=\"async\" id=\"vtpPicture\" class=\"pc-img lazyload\" src=\"data:image\/gif;base64,R0lGODlhAQABAAAAACH5BAEKAAEALAAAAAABAAEAAAICTAEAOw==\" border=\"0\" data-src=\"https:\/\/cdn.shopify.com\/s\/files\/1\/1538\/0803\/files\/EVO_II_cf6c8b4f-bb00-47ff-b65b-dec387d9f1c3.jpg?v=1596198642\"><\/p>\n<div class=\"full-banner-content thirdly-banner-content\">\n<h2>Desempenho m\u00e1ximo, infinitas possibilidades<\/h2>\n<ul class=\"thirdly-banner-content-down\">\n<li>Tempo de voo \u2013 40 minutos\n<ul class=\"thirdly-banner-content-down\">\n<li>A s\u00e9rie EVO II permite uma autonomia de at\u00e9 40 minutos.<\/li>\n<\/ul>\n<\/li>\n<li>Alcance de transmiss\u00e3o \u2013 8,8 km\n<ul class=\"thirdly-banner-content-down\">\n<li>Voe at\u00e9 8,8 km da dist\u00e2ncia da localiza\u00e7\u00e3o do piloto de forma segura, tanto na transmiss\u00e3o de v\u00eddeo tal como na telemetria.<\/li>\n<\/ul>\n<\/li>\n<li>Resist\u00eancia ao vento \u2013 61km\/h (17m\/s)\n<ul class=\"thirdly-banner-content-down\">\n<li>Voe com qualquer tipo de condi\u00e7\u00f5es de vento (urbano ou rural) de forma segura, garantindo uma miss\u00e3o bem-sucedida.<\/li>\n<\/ul>\n<\/li>\n<li>Velocidade de voo \u2013 72km\/h (20m\/s)\n<ul class=\"thirdly-banner-content-down\">\n<li>Com velocidades de at\u00e9 72km\/h (20m\/s), o EVO II chega de forma r\u00e1pida e eficiente.<\/li>\n<\/ul>\n<\/li>\n<\/ul>\n<\/div>\n<\/div>\n<\/div>\n<div class=\"accessories-box\">\n<div>\n<h3>Acess\u00f3rios<\/h3>\n<\/div>\n<p><img decoding=\"async\" class=\"pc-img lazyload\" src=\"data:image\/gif;base64,R0lGODlhAQABAAAAACH5BAEKAAEALAAAAAABAAEAAAICTAEAOw==\" border=\"0\" data-src=\"https:\/\/cdn.shopify.com\/s\/files\/1\/1538\/0803\/files\/1_1f587be0-3047-4fff-9b8c-05e2cf81d611.jpg?v=1596190186\"><\/p>\n<\/div>\n<\/div>","protected":false},"excerpt":{"rendered":"<p><strong>V\u00e1 al\u00e9m dos limites da fotografia a\u00e9rea<\/strong><\/p>\n<p>O primeiro drone 8k do mundo<\/p>\n<p>&nbsp;<\/p>","protected":false},"featured_media":3108,"comment_status":"open","ping_status":"closed","template":"","meta":[],"product_brand":[],"product_cat":[220,29,294],"product_tag":[229,223,224],"class_list":{"0":"post-3107","1":"product","2":"type-product","3":"status-publish","4":"has-post-thumbnail","6":"product_cat-autel","7":"product_cat-drones","8":"product_cat-drone-autel","9":"product_tag-8k","10":"product_tag-autel","11":"product_tag-autel-evo-ii","13":"first","14":"onbackorder","15":"taxable","16":"shipping-taxable","17":"product-type-simple"},"yoast_head":"<!-- This site is optimized with the Yoast SEO plugin v27.4 - https:\/\/yoast.com\/product\/yoast-seo-wordpress\/ -->\n<title>Autel EVO II V2 8K -<\/title>\n<meta name=\"description\" content=\"Go beyond the boundaries of aerial photographyThe world\u2019s first foldable 8k drone\" \/>\n<meta name=\"robots\" content=\"index, follow, max-snippet:-1, max-image-preview:large, max-video-preview:-1\" \/>\n<link rel=\"canonical\" href=\"https:\/\/www.ghostysky.com\/pt\/produto-2\/autel-evo-ii-v2-8k\/\" \/>\n<meta property=\"og:locale\" content=\"pt_PT\" \/>\n<meta property=\"og:type\" content=\"article\" \/>\n<meta property=\"og:title\" content=\"Autel EVO II V2 8K -\" \/>\n<meta property=\"og:description\" content=\"Go beyond the boundaries of aerial photographyThe world\u2019s first foldable 8k drone\" \/>\n<meta property=\"og:url\" content=\"https:\/\/www.ghostysky.com\/pt\/produto-2\/autel-evo-ii-v2-8k\/\" \/>\n<meta property=\"og:site_name\" content=\"Ghostysky\" \/>\n<meta property=\"article:publisher\" content=\"https:\/\/www.facebook.com\/people\/Ghostysky\/100057676170234\/\" \/>\n<meta property=\"article:modified_time\" content=\"2023-08-29T10:27:07+00:00\" \/>\n<meta property=\"og:image\" content=\"https:\/\/www.ghostysky.com\/wp-content\/uploads\/2022\/01\/eng_pl_Autel-EVO-II-V2-8K-12734_7.jpg\" \/>\n\t<meta property=\"og:image:width\" content=\"600\" \/>\n\t<meta property=\"og:image:height\" content=\"600\" \/>\n\t<meta property=\"og:image:type\" content=\"image\/jpeg\" \/>\n<meta name=\"twitter:card\" content=\"summary_large_image\" \/>\n<meta name=\"twitter:site\" content=\"@Gh0stysky\" \/>\n<meta name=\"twitter:label1\" content=\"Tempo estimado de leitura\" \/>\n\t<meta name=\"twitter:data1\" content=\"4 minutos\" \/>\n<script type=\"application\/ld+json\" class=\"yoast-schema-graph\">{\"@context\":\"https:\\\/\\\/schema.org\",\"@graph\":[{\"@type\":\"WebPage\",\"@id\":\"https:\\\/\\\/www.ghostysky.com\\\/product\\\/autel-evo-ii-v2-8k\\\/\",\"url\":\"https:\\\/\\\/www.ghostysky.com\\\/product\\\/autel-evo-ii-v2-8k\\\/\",\"name\":\"Autel EVO II V2 8K -\",\"isPartOf\":{\"@id\":\"https:\\\/\\\/www.ghostysky.com\\\/#website\"},\"primaryImageOfPage\":{\"@id\":\"https:\\\/\\\/www.ghostysky.com\\\/product\\\/autel-evo-ii-v2-8k\\\/#primaryimage\"},\"image\":{\"@id\":\"https:\\\/\\\/www.ghostysky.com\\\/product\\\/autel-evo-ii-v2-8k\\\/#primaryimage\"},\"thumbnailUrl\":\"https:\\\/\\\/www.ghostysky.com\\\/wp-content\\\/uploads\\\/2022\\\/01\\\/eng_pl_Autel-EVO-II-V2-8K-12734_7.jpg\",\"datePublished\":\"2022-01-12T11:28:40+00:00\",\"dateModified\":\"2023-08-29T10:27:07+00:00\",\"description\":\"Go beyond the boundaries of aerial photographyThe world\u2019s first foldable 8k drone\",\"breadcrumb\":{\"@id\":\"https:\\\/\\\/www.ghostysky.com\\\/product\\\/autel-evo-ii-v2-8k\\\/#breadcrumb\"},\"inLanguage\":\"pt-PT\",\"potentialAction\":[{\"@type\":\"ReadAction\",\"target\":[\"https:\\\/\\\/www.ghostysky.com\\\/product\\\/autel-evo-ii-v2-8k\\\/\"]}]},{\"@type\":\"ImageObject\",\"inLanguage\":\"pt-PT\",\"@id\":\"https:\\\/\\\/www.ghostysky.com\\\/product\\\/autel-evo-ii-v2-8k\\\/#primaryimage\",\"url\":\"https:\\\/\\\/www.ghostysky.com\\\/wp-content\\\/uploads\\\/2022\\\/01\\\/eng_pl_Autel-EVO-II-V2-8K-12734_7.jpg\",\"contentUrl\":\"https:\\\/\\\/www.ghostysky.com\\\/wp-content\\\/uploads\\\/2022\\\/01\\\/eng_pl_Autel-EVO-II-V2-8K-12734_7.jpg\",\"width\":600,\"height\":600},{\"@type\":\"BreadcrumbList\",\"@id\":\"https:\\\/\\\/www.ghostysky.com\\\/product\\\/autel-evo-ii-v2-8k\\\/#breadcrumb\",\"itemListElement\":[{\"@type\":\"ListItem\",\"position\":1,\"name\":\"Home\",\"item\":\"https:\\\/\\\/www.ghostysky.com\\\/\"},{\"@type\":\"ListItem\",\"position\":2,\"name\":\"Shop\",\"item\":\"https:\\\/\\\/www.ghostysky.com\\\/shop\\\/\"},{\"@type\":\"ListItem\",\"position\":3,\"name\":\"Autel EVO II V2 8K\"}]},{\"@type\":\"WebSite\",\"@id\":\"https:\\\/\\\/www.ghostysky.com\\\/#website\",\"url\":\"https:\\\/\\\/www.ghostysky.com\\\/\",\"name\":\"Ghostysky\",\"description\":\"Delivering professional drones and services\",\"publisher\":{\"@id\":\"https:\\\/\\\/www.ghostysky.com\\\/#organization\"},\"potentialAction\":[{\"@type\":\"SearchAction\",\"target\":{\"@type\":\"EntryPoint\",\"urlTemplate\":\"https:\\\/\\\/www.ghostysky.com\\\/?s={search_term_string}\"},\"query-input\":{\"@type\":\"PropertyValueSpecification\",\"valueRequired\":true,\"valueName\":\"search_term_string\"}}],\"inLanguage\":\"pt-PT\"},{\"@type\":\"Organization\",\"@id\":\"https:\\\/\\\/www.ghostysky.com\\\/#organization\",\"name\":\"Ghostysky\",\"url\":\"https:\\\/\\\/www.ghostysky.com\\\/\",\"logo\":{\"@type\":\"ImageObject\",\"inLanguage\":\"pt-PT\",\"@id\":\"https:\\\/\\\/www.ghostysky.com\\\/#\\\/schema\\\/logo\\\/image\\\/\",\"url\":\"https:\\\/\\\/www.ghostysky.com\\\/wp-content\\\/uploads\\\/2020\\\/06\\\/cropped-ghostyskylogo_text_white2.png\",\"contentUrl\":\"https:\\\/\\\/www.ghostysky.com\\\/wp-content\\\/uploads\\\/2020\\\/06\\\/cropped-ghostyskylogo_text_white2.png\",\"width\":169,\"height\":56,\"caption\":\"Ghostysky\"},\"image\":{\"@id\":\"https:\\\/\\\/www.ghostysky.com\\\/#\\\/schema\\\/logo\\\/image\\\/\"},\"sameAs\":[\"https:\\\/\\\/www.facebook.com\\\/people\\\/Ghostysky\\\/100057676170234\\\/\",\"https:\\\/\\\/x.com\\\/Gh0stysky\",\"https:\\\/\\\/www.linkedin.com\\\/company\\\/34739653\",\"https:\\\/\\\/www.instagram.com\\\/gh0stysky\"]}]}<\/script>\n<!-- \/ Yoast SEO plugin. -->","yoast_head_json":{"title":"Autel EVO II V2 8K -","description":"V\u00e1 al\u00e9m dos limites da fotografia a\u00e9reaO primeiro drone 8k dobr\u00e1vel do mundo","robots":{"index":"index","follow":"follow","max-snippet":"max-snippet:-1","max-image-preview":"max-image-preview:large","max-video-preview":"max-video-preview:-1"},"canonical":"https:\/\/www.ghostysky.com\/pt\/produto-2\/autel-evo-ii-v2-8k\/","og_locale":"pt_PT","og_type":"article","og_title":"Autel EVO II V2 8K -","og_description":"Go beyond the boundaries of aerial photographyThe world\u2019s first foldable 8k drone","og_url":"https:\/\/www.ghostysky.com\/pt\/produto-2\/autel-evo-ii-v2-8k\/","og_site_name":"Ghostysky","article_publisher":"https:\/\/www.facebook.com\/people\/Ghostysky\/100057676170234\/","article_modified_time":"2023-08-29T10:27:07+00:00","og_image":[{"width":600,"height":600,"url":"https:\/\/www.ghostysky.com\/wp-content\/uploads\/2022\/01\/eng_pl_Autel-EVO-II-V2-8K-12734_7.jpg","type":"image\/jpeg"}],"twitter_card":"summary_large_image","twitter_site":"@Gh0stysky","twitter_misc":{"Tempo estimado de leitura":"4 minutos"},"schema":{"@context":"https:\/\/schema.org","@graph":[{"@type":"WebPage","@id":"https:\/\/www.ghostysky.com\/product\/autel-evo-ii-v2-8k\/","url":"https:\/\/www.ghostysky.com\/product\/autel-evo-ii-v2-8k\/","name":"Autel EVO II V2 8K -","isPartOf":{"@id":"https:\/\/www.ghostysky.com\/#website"},"primaryImageOfPage":{"@id":"https:\/\/www.ghostysky.com\/product\/autel-evo-ii-v2-8k\/#primaryimage"},"image":{"@id":"https:\/\/www.ghostysky.com\/product\/autel-evo-ii-v2-8k\/#primaryimage"},"thumbnailUrl":"https:\/\/www.ghostysky.com\/wp-content\/uploads\/2022\/01\/eng_pl_Autel-EVO-II-V2-8K-12734_7.jpg","datePublished":"2022-01-12T11:28:40+00:00","dateModified":"2023-08-29T10:27:07+00:00","description":"V\u00e1 al\u00e9m dos limites da fotografia a\u00e9reaO primeiro drone 8k dobr\u00e1vel do mundo","breadcrumb":{"@id":"https:\/\/www.ghostysky.com\/product\/autel-evo-ii-v2-8k\/#breadcrumb"},"inLanguage":"pt-PT","potentialAction":[{"@type":"ReadAction","target":["https:\/\/www.ghostysky.com\/product\/autel-evo-ii-v2-8k\/"]}]},{"@type":"ImageObject","inLanguage":"pt-PT","@id":"https:\/\/www.ghostysky.com\/product\/autel-evo-ii-v2-8k\/#primaryimage","url":"https:\/\/www.ghostysky.com\/wp-content\/uploads\/2022\/01\/eng_pl_Autel-EVO-II-V2-8K-12734_7.jpg","contentUrl":"https:\/\/www.ghostysky.com\/wp-content\/uploads\/2022\/01\/eng_pl_Autel-EVO-II-V2-8K-12734_7.jpg","width":600,"height":600},{"@type":"BreadcrumbList","@id":"https:\/\/www.ghostysky.com\/product\/autel-evo-ii-v2-8k\/#breadcrumb","itemListElement":[{"@type":"ListItem","position":1,"name":"Home","item":"https:\/\/www.ghostysky.com\/"},{"@type":"ListItem","position":2,"name":"Shop","item":"https:\/\/www.ghostysky.com\/shop\/"},{"@type":"ListItem","position":3,"name":"Autel EVO II V2 8K"}]},{"@type":"WebSite","@id":"https:\/\/www.ghostysky.com\/#website","url":"https:\/\/www.ghostysky.com\/","name":"Ghostysky","description":"Fornecendo drones e servi\u00e7os profissionais","publisher":{"@id":"https:\/\/www.ghostysky.com\/#organization"},"potentialAction":[{"@type":"SearchAction","target":{"@type":"EntryPoint","urlTemplate":"https:\/\/www.ghostysky.com\/?s={search_term_string}"},"query-input":{"@type":"PropertyValueSpecification","valueRequired":true,"valueName":"search_term_string"}}],"inLanguage":"pt-PT"},{"@type":"Organization","@id":"https:\/\/www.ghostysky.com\/#organization","name":"Ghostysky","url":"https:\/\/www.ghostysky.com\/","logo":{"@type":"ImageObject","inLanguage":"pt-PT","@id":"https:\/\/www.ghostysky.com\/#\/schema\/logo\/image\/","url":"https:\/\/www.ghostysky.com\/wp-content\/uploads\/2020\/06\/cropped-ghostyskylogo_text_white2.png","contentUrl":"https:\/\/www.ghostysky.com\/wp-content\/uploads\/2020\/06\/cropped-ghostyskylogo_text_white2.png","width":169,"height":56,"caption":"Ghostysky"},"image":{"@id":"https:\/\/www.ghostysky.com\/#\/schema\/logo\/image\/"},"sameAs":["https:\/\/www.facebook.com\/people\/Ghostysky\/100057676170234\/","https:\/\/x.com\/Gh0stysky","https:\/\/www.linkedin.com\/company\/34739653","https:\/\/www.instagram.com\/gh0stysky"]}]}},"_links":{"self":[{"href":"https:\/\/www.ghostysky.com\/pt\/wp-json\/wp\/v2\/product\/3107","targetHints":{"allow":["GET"]}}],"collection":[{"href":"https:\/\/www.ghostysky.com\/pt\/wp-json\/wp\/v2\/product"}],"about":[{"href":"https:\/\/www.ghostysky.com\/pt\/wp-json\/wp\/v2\/types\/product"}],"replies":[{"embeddable":true,"href":"https:\/\/www.ghostysky.com\/pt\/wp-json\/wp\/v2\/comments?post=3107"}],"wp:featuredmedia":[{"embeddable":true,"href":"https:\/\/www.ghostysky.com\/pt\/wp-json\/wp\/v2\/media\/3108"}],"wp:attachment":[{"href":"https:\/\/www.ghostysky.com\/pt\/wp-json\/wp\/v2\/media?parent=3107"}],"wp:term":[{"taxonomy":"product_brand","embeddable":true,"href":"https:\/\/www.ghostysky.com\/pt\/wp-json\/wp\/v2\/product_brand?post=3107"},{"taxonomy":"product_cat","embeddable":true,"href":"https:\/\/www.ghostysky.com\/pt\/wp-json\/wp\/v2\/product_cat?post=3107"},{"taxonomy":"product_tag","embeddable":true,"href":"https:\/\/www.ghostysky.com\/pt\/wp-json\/wp\/v2\/product_tag?post=3107"}],"curies":[{"name":"wp","href":"https:\/\/api.w.org\/{rel}","templated":true}]}}